{"id":26138,"date":"2025-10-20T01:31:18","date_gmt":"2025-10-20T01:31:18","guid":{"rendered":"https:\/\/onderzoekschemicals.com\/?post_type=product&#038;p=26138"},"modified":"2025-10-21T05:55:10","modified_gmt":"2025-10-21T05:55:10","slug":"iboga-capsules","status":"publish","type":"product","link":"https:\/\/onderzoekschemicals.com\/tr\/shop\/iboga-ibogaine\/iboga-capsules\/","title":{"rendered":"Iboga Kaps\u00fclleri"},"content":{"rendered":"<h2>Iboga Kaps\u00fclleri Sat\u0131n Al\u0131n<\/h2>\n<p>\u0130boga, ibogain alkaloidi i\u00e7eren bitkilerden elde edilen psikoaktif bir bile\u015fi\u011fi ifade eder. Sadece Gabon&#039;da bu alkaloidi i\u00e7eren \u00e7ok say\u0131da bitki bulunmaktad\u0131r. Ancak ana kayna\u011f\u0131 Tabernanthe Iboga bitkisidir. Bu bitkiler, Kamerun ve Kongo Cumhuriyeti de dahil olmak \u00fczere Bat\u0131 Orta Afrika&#039;n\u0131n \u00fccra b\u00f6lgelerindeki orman zemininde yeti\u015fir.<a href=\"https:\/\/legalerfuhrerschein.com\/\" target=\"_blank\" rel=\"noopener\">,<\/a> Angola ve tabii ki Gabon, bitkinin fiziksel ve ruhsal yuvas\u0131. \u0130boga kaps\u00fclleri sat\u0131n al\u0131n<\/p>\n<p>Bitkinin k\u00f6k kabu\u011fu, psikoaktif alkaloidler i\u00e7erir. Bu k\u00f6k kabu\u011funu k\u00f6k\u00fcnden keserek taze, yemeye haz\u0131r, g\u00fc\u00e7l\u00fc, kadim ve \u015fifal\u0131 bir bitki elde ederiz. <a href=\"https:\/\/ibogainerehabilitation.com\/\" target=\"_blank\" rel=\"noopener\">iboga<\/a>K\u00f6k kabu\u011funu t\u00fckettikten sonra, denekler r\u00fcya benzeri bir bilin\u00e7 halinin ba\u015flang\u0131c\u0131n\u0131 deneyimlerler. Yolculuk s\u0131ras\u0131nda, varolu\u015fsal ke\u015fifler, kristal berrakl\u0131\u011f\u0131nda vizyonlar, haf\u0131za hat\u0131rlamalar\u0131 ve ba\u011f\u0131ml\u0131l\u0131k, depresyon, cilt hastal\u0131klar\u0131, bedensel zay\u0131flama ve ruhsal uyan\u0131\u015f gibi say\u0131s\u0131z ba\u015fka harika \u015feyle kar\u015f\u0131la\u015f\u0131labilir (veya kar\u015f\u0131la\u015f\u0131lmayabilir).<\/p>","protected":false},"excerpt":{"rendered":"<p>Iboga Kaps\u00fclleri Sat\u0131n Al\u0131n Iboga, ibogain alkaloidi i\u00e7eren bitkilerden elde edilen psikoaktif bir bile\u015fi\u011fi ifade eder. Sadece Gabon&#039;da,<\/p>","protected":false},"featured_media":26151,"comment_status":"closed","ping_status":"closed","template":"","meta":[],"product_brand":[],"product_cat":[908],"product_tag":[],"class_list":{"0":"post-26138","1":"product","2":"type-product","3":"status-publish","4":"has-post-thumbnail","6":"product_cat-iboga-ibogaine","8":"first","9":"instock","10":"taxable","11":"shipping-taxable","12":"purchasable","13":"product-type-variable"},"_links":{"self":[{"href":"https:\/\/onderzoekschemicals.com\/tr\/wp-json\/wp\/v2\/product\/26138","targetHints":{"allow":["GET"]}}],"collection":[{"href":"https:\/\/onderzoekschemicals.com\/tr\/wp-json\/wp\/v2\/product"}],"about":[{"href":"https:\/\/onderzoekschemicals.com\/tr\/wp-json\/wp\/v2\/types\/product"}],"replies":[{"embeddable":true,"href":"https:\/\/onderzoekschemicals.com\/tr\/wp-json\/wp\/v2\/comments?post=26138"}],"version-history":[{"count":1,"href":"https:\/\/onderzoekschemicals.com\/tr\/wp-json\/wp\/v2\/product\/26138\/revisions"}],"predecessor-version":[{"id":26152,"href":"https:\/\/onderzoekschemicals.com\/tr\/wp-json\/wp\/v2\/product\/26138\/revisions\/26152"}],"wp:featuredmedia":[{"embeddable":true,"href":"https:\/\/onderzoekschemicals.com\/tr\/wp-json\/wp\/v2\/media\/26151"}],"wp:attachment":[{"href":"https:\/\/onderzoekschemicals.com\/tr\/wp-json\/wp\/v2\/media?parent=26138"}],"wp:term":[{"taxonomy":"product_brand","embeddable":true,"href":"https:\/\/onderzoekschemicals.com\/tr\/wp-json\/wp\/v2\/product_brand?post=26138"},{"taxonomy":"product_cat","embeddable":true,"href":"https:\/\/onderzoekschemicals.com\/tr\/wp-json\/wp\/v2\/product_cat?post=26138"},{"taxonomy":"product_tag","embeddable":true,"href":"https:\/\/onderzoekschemicals.com\/tr\/wp-json\/wp\/v2\/product_tag?post=26138"}],"curies":[{"name":"wp","href":"https:\/\/api.w.org\/{rel}","templated":true}]}}