{"id":26118,"date":"2025-10-20T01:31:17","date_gmt":"2025-10-20T01:31:17","guid":{"rendered":"https:\/\/onderzoekschemicals.com\/?post_type=product&#038;p=26118"},"modified":"2025-10-21T05:53:14","modified_gmt":"2025-10-21T05:53:14","slug":"iboga-seeds","status":"publish","type":"product","link":"https:\/\/onderzoekschemicals.com\/tr\/shop\/okategoriserad\/iboga-seeds\/","title":{"rendered":"Iboga Tohumlar\u0131"},"content":{"rendered":"<h2>iboga tohumlar\u0131 sat\u0131n al<\/h2>\n<p>Iboga Tohumu Sat\u0131n Al\u0131n. Tabernanthe iboga, Apocynaceae familyas\u0131n\u0131n bir \u00fcyesidir ve ba\u015fta Kongo ve Gabon olmak \u00fczere Bat\u0131-Orta Afrika&#039;n\u0131n nemli tropikal b\u00f6lgelerine \u00f6zg\u00fcd\u00fcr. Yayg\u0131n isimleri Iboga, Eboka ve Eboga&#039;d\u0131r. Tabernanthe, yaln\u0131zca iki t\u00fcrden olu\u015fan k\u00fc\u00e7\u00fck bir cinstir.<a href=\"https:\/\/caluanieoxidizeshop.com\" target=\"_blank\" rel=\"noopener\">.<\/a> iboga ve T. elliptica (bu t\u00fcr\u00fcn Datura t\u00fcrlerine benzer dikenli meyveleri vard\u0131r). \u0130ki t\u00fcr\u00fcn \u00e7apraz tozla\u015farak verimli bir melez \u00fcretebildi\u011fi kaydedilmi\u015ftir (<em>Iboga ve Ibogaine, Nico Dauphin<\/em>). iboga tohumlar\u0131\u200b, tabernanthe iboga tohumlar\u0131\u200b, iboga bitki tohumlar\u0131\u200b, iboga tohumlar\u0131 sat\u0131n al\u200b<\/p>\n<p>Tabernanthe, nemli tropikal orman alt katmanlar\u0131na \u00f6zg\u00fc odunsu bitkilerdir. Tabernanthe \u00e7al\u0131lar\u0131 genellikle yar\u0131m metreden iki metreye kadar b\u00fcy\u00fcr. Dallar \u00e7iftler halinde bulunur ve iki ince, sapl\u0131 \u00e7i\u00e7ek salk\u0131m\u0131, dallanma noktalar\u0131n\u0131n hemen \u00fczerinde \u00e7iftler halinde belirir. Tabernanthe&#039;nin ayr\u0131ca \u00e7anak yaprak benzeri brakteleri ve belirgin yaprak izleri vard\u0131r. Apocynaceae&#039;nin di\u011fer bir\u00e7ok \u00fcyesinde oldu\u011fu gibi.<a href=\"https:\/\/caluanieoxidizeshop.com\/product\/caluanie-muelear-oxidize-for-sale\/\" target=\"_blank\" rel=\"noopener\">,<\/a> Tabernanthe, s\u00fctl\u00fc \u00f6zsuyu ve kabuk, yaprak ve k\u00f6kte \u00e7ok say\u0131da yararl\u0131 alkaloidin bulunmas\u0131yla karakterize edilir (Iboga ve Ibogaine, Nico Dauphin). <a href=\"https:\/\/onderzoekschemicals.com\/tr\/shop\/top-10-research-chemicals\/caluanie-muelear-oxidize\/\">Caluanie Muelear Oksit<\/a><a href=\"https:\/\/onderzoekschemicals.com\/tr\/shop\/weegschalen\/digitale-cs-weegschaal\/\">Dijital CS Terazisi \u2013 100g x 0,01g<\/a><a href=\"https:\/\/onderzoekschemicals.com\/tr\/shop\/top-10-research-chemicals\/pyrazolam-werking\/\">Pirazolam 2,5 MG Peletler<\/a><a href=\"https:\/\/onderzoekschemicals.com\/tr\/shop\/weegschalen\/digitale-tank-mini-weegschaal\/\">Dijital Tank Mini Terazi \u2013 20g x 0,001g<\/a><a href=\"https:\/\/onderzoekschemicals.com\/tr\/shop\/weegschalen\/digitale-bio-mini-weegschaal\/\">Dijital Biyo Mini Terazi \u2013 20g x 0,001g<\/a><\/p>","protected":false},"excerpt":{"rendered":"<p>Meyve Ba\u015f\u0131na $1, Minimum sipari\u015f = 100 Meyve<\/p>","protected":false},"featured_media":26143,"comment_status":"closed","ping_status":"closed","template":"","meta":[],"product_brand":[],"product_cat":[1085],"product_tag":[912,911,909,910],"class_list":{"0":"post-26118","1":"product","2":"type-product","3":"status-publish","4":"has-post-thumbnail","6":"product_cat-okategoriserad","7":"product_tag-buy-iboga-seeds","8":"product_tag-iboga-plant-seeds","9":"product_tag-iboga-seeds","10":"product_tag-tabernanthe-iboga-seeds","12":"first","13":"instock","14":"taxable","15":"shipping-taxable","16":"purchasable","17":"product-type-simple"},"_links":{"self":[{"href":"https:\/\/onderzoekschemicals.com\/tr\/wp-json\/wp\/v2\/product\/26118","targetHints":{"allow":["GET"]}}],"collection":[{"href":"https:\/\/onderzoekschemicals.com\/tr\/wp-json\/wp\/v2\/product"}],"about":[{"href":"https:\/\/onderzoekschemicals.com\/tr\/wp-json\/wp\/v2\/types\/product"}],"replies":[{"embeddable":true,"href":"https:\/\/onderzoekschemicals.com\/tr\/wp-json\/wp\/v2\/comments?post=26118"}],"version-history":[{"count":4,"href":"https:\/\/onderzoekschemicals.com\/tr\/wp-json\/wp\/v2\/product\/26118\/revisions"}],"predecessor-version":[{"id":26155,"href":"https:\/\/onderzoekschemicals.com\/tr\/wp-json\/wp\/v2\/product\/26118\/revisions\/26155"}],"wp:featuredmedia":[{"embeddable":true,"href":"https:\/\/onderzoekschemicals.com\/tr\/wp-json\/wp\/v2\/media\/26143"}],"wp:attachment":[{"href":"https:\/\/onderzoekschemicals.com\/tr\/wp-json\/wp\/v2\/media?parent=26118"}],"wp:term":[{"taxonomy":"product_brand","embeddable":true,"href":"https:\/\/onderzoekschemicals.com\/tr\/wp-json\/wp\/v2\/product_brand?post=26118"},{"taxonomy":"product_cat","embeddable":true,"href":"https:\/\/onderzoekschemicals.com\/tr\/wp-json\/wp\/v2\/product_cat?post=26118"},{"taxonomy":"product_tag","embeddable":true,"href":"https:\/\/onderzoekschemicals.com\/tr\/wp-json\/wp\/v2\/product_tag?post=26118"}],"curies":[{"name":"wp","href":"https:\/\/api.w.org\/{rel}","templated":true}]}}