{"id":24654,"date":"2025-10-20T17:42:28","date_gmt":"2025-10-20T17:42:28","guid":{"rendered":"https:\/\/onderzoekschemicals.com\/?post_type=product&#038;p=24654"},"modified":"2025-10-21T15:56:08","modified_gmt":"2025-10-21T15:56:08","slug":"digitale-cs-weegschaal","status":"publish","type":"product","link":"https:\/\/onderzoekschemicals.com\/tr\/shop\/weegschalen\/digitale-cs-weegschaal\/","title":{"rendered":"Dijital CS Terazisi \u2013 100g x 0,01g"},"content":{"rendered":"<h3 data-start=\"4818\" data-end=\"4837\"><strong data-start=\"4822\" data-end=\"4837\">girii\u015f<\/strong><\/h3>\n<p data-start=\"4838\" data-end=\"5146\">The <strong data-start=\"4841\" data-end=\"4882\">Dijital CS Terazisi \u2013 100g x 0,01g<\/strong> bir <strong data-start=\"4890\" data-end=\"4925\">hoogwaardige precisieweegschaal<\/strong> ontworpen voor gebruikers die nauwkeurigheid en betrouwbaarheid waarderen.<br data-start=\"5000\" data-end=\"5003\" \/>Of het nu in een <strong data-start=\"5020\" data-end=\"5061\">laboratorium, keuken of juwelierszaak<\/strong> is, deze compacte weegschaal levert <strong data-start=\"5098\" data-end=\"5143\">precieze metingen tot op 0.01g nauwkeurig<\/strong>.<\/p>\n<p data-start=\"5148\" data-end=\"5394\">Dankzij het <strong data-start=\"5160\" data-end=\"5188\">roestvrijstalen platform<\/strong> ve <strong data-start=\"5196\" data-end=\"5221\">duidelijke LCD-scherm<\/strong> combineert de Digitale CS weegschaal <strong data-start=\"5259\" data-end=\"5285\">professionele precisie<\/strong> ile ilgili <strong data-start=\"5290\" data-end=\"5307\">gebruiksgemak<\/strong>. Perfect voor het wegen van poeders, kruiden, sieraden of kleine onderzoeksmonsters.<\/p>\n<hr data-start=\"5396\" data-end=\"5399\" \/>\n<h3 data-start=\"5401\" data-end=\"5432\"><strong data-start=\"5405\" data-end=\"5432\">Temel \u00d6zellikler<\/strong><\/h3>\n<ul data-start=\"5433\" data-end=\"6068\">\n<li data-start=\"5433\" data-end=\"5523\">\n<p data-start=\"5435\" data-end=\"5523\"><strong data-start=\"5435\" data-end=\"5466\">Hoge Nauwkeurigheid (0.01g)<\/strong> \u2013 Ideaal voor analytische en laboratoriumtoepassingen.<\/p>\n<\/li>\n<li data-start=\"5524\" data-end=\"5603\">\n<p data-start=\"5526\" data-end=\"5603\"><strong data-start=\"5526\" data-end=\"5549\">Capaciteit van 100g<\/strong> \u2013 Geschikt voor dagelijks en professioneel gebruik.<\/p>\n<\/li>\n<li data-start=\"5604\" data-end=\"5674\">\n<p data-start=\"5606\" data-end=\"5674\"><strong data-start=\"5606\" data-end=\"5630\">Compact en Draagbaar<\/strong> \u2013 Lichtgewicht en eenvoudig mee te nemen.<\/p>\n<\/li>\n<li data-start=\"5675\" data-end=\"5754\">\n<p data-start=\"5677\" data-end=\"5754\"><strong data-start=\"5677\" data-end=\"5718\">LCD-Scherm met Achtergrondverlichting<\/strong> \u2013 Goed leesbaar in elke omgeving.<\/p>\n<\/li>\n<li data-start=\"5755\" data-end=\"5839\">\n<p data-start=\"5757\" data-end=\"5839\"><strong data-start=\"5757\" data-end=\"5773\">Tare-Functie<\/strong> \u2013 Reset de weegschaal naar nul voor het meten in een container.<\/p>\n<\/li>\n<li data-start=\"5840\" data-end=\"5926\">\n<p data-start=\"5842\" data-end=\"5926\"><strong data-start=\"5842\" data-end=\"5866\">Multi-Unit Conversie<\/strong> \u2013 Eenvoudig wisselen tussen gram, ounce, karaat en grain.<\/p>\n<\/li>\n<li data-start=\"5927\" data-end=\"5994\">\n<p data-start=\"5929\" data-end=\"5994\"><strong data-start=\"5929\" data-end=\"5946\">Energiezuinig<\/strong> \u2013 Automatische uitschakeling na inactiviteit.<\/p>\n<\/li>\n<li data-start=\"5995\" data-end=\"6068\">\n<p data-start=\"5997\" data-end=\"6068\"><strong data-start=\"5997\" data-end=\"6025\">Roestvrijstalen Platform<\/strong> \u2013 Duurzaam en eenvoudig schoon te maken.<\/p>\n<\/li>\n<\/ul>\n<hr data-start=\"6070\" data-end=\"6073\" \/>\n<h3 data-start=\"6075\" data-end=\"6092\"><strong data-start=\"6079\" data-end=\"6092\">Avantajlar\u0131<\/strong><\/h3>\n<ul data-start=\"6093\" data-end=\"6471\">\n<li data-start=\"6093\" data-end=\"6169\">\n<p data-start=\"6095\" data-end=\"6169\"><strong data-start=\"6095\" data-end=\"6113\">Altijd Precies<\/strong> \u2013 Zorgt voor constante en betrouwbare meetresultaten.<\/p>\n<\/li>\n<li data-start=\"6170\" data-end=\"6260\">\n<p data-start=\"6172\" data-end=\"6260\"><strong data-start=\"6172\" data-end=\"6194\">Veelzijdig Gebruik<\/strong> \u2013 Perfect voor <strong data-start=\"6210\" data-end=\"6257\">laboratorium, sieraden, keuken of onderwijs<\/strong>.<\/p>\n<\/li>\n<li data-start=\"6261\" data-end=\"6321\">\n<p data-start=\"6263\" data-end=\"6321\"><strong data-start=\"6263\" data-end=\"6282\">Compact Ontwerp<\/strong> \u2013 Past gemakkelijk in uw zak of tas.<\/p>\n<\/li>\n<li data-start=\"6322\" data-end=\"6392\">\n<p data-start=\"6324\" data-end=\"6392\"><strong data-start=\"6324\" data-end=\"6349\">Eenvoudige Kalibratie<\/strong> \u2013 Klaar voor gebruik in enkele seconden.<\/p>\n<\/li>\n<li data-start=\"6393\" data-end=\"6471\">\n<p data-start=\"6395\" data-end=\"6471\"><strong data-start=\"6395\" data-end=\"6418\">Betaalbare Precisie<\/strong> \u2013 Professionele kwaliteit tegen een scherpe prijs.<\/p>\n<\/li>\n<\/ul>\n<hr data-start=\"6473\" data-end=\"6476\" \/>\n<h3 data-start=\"6478\" data-end=\"6493\"><strong data-start=\"6482\" data-end=\"6493\">Kullan\u0131m<\/strong><\/h3>\n<ol data-start=\"6494\" data-end=\"6757\">\n<li data-start=\"6494\" data-end=\"6546\">\n<p data-start=\"6497\" data-end=\"6546\"><strong data-start=\"6497\" data-end=\"6521\">Plaats de weegschaal<\/strong> op een vlak oppervlak.<\/p>\n<\/li>\n<li data-start=\"6547\" data-end=\"6599\">\n<p data-start=\"6550\" data-end=\"6599\"><strong data-start=\"6550\" data-end=\"6564\">Schakel in<\/strong> en wacht tot \u201c0.00g\u201d verschijnt.<\/p>\n<\/li>\n<li data-start=\"6600\" data-end=\"6663\">\n<p data-start=\"6603\" data-end=\"6663\"><strong data-start=\"6603\" data-end=\"6630\">Tara fonksiyonunu kullan\u0131n<\/strong> bij gebruik van een container.<\/p>\n<\/li>\n<li data-start=\"6664\" data-end=\"6707\">\n<p data-start=\"6667\" data-end=\"6707\"><strong data-start=\"6667\" data-end=\"6688\">Plaats het object<\/strong> op het platform.<\/p>\n<\/li>\n<li data-start=\"6708\" data-end=\"6757\">\n<p data-start=\"6711\" data-end=\"6757\"><strong data-start=\"6711\" data-end=\"6733\">Lees het resultaat<\/strong> af op het LCD-scherm.<\/p>\n<\/li>\n<\/ol>\n<hr data-start=\"6759\" data-end=\"6762\" \/>\n<h3 data-start=\"6764\" data-end=\"6785\"><strong data-start=\"6768\" data-end=\"6785\">Specificaties<\/strong><\/h3>\n<div class=\"_tableContainer_1rjym_1\">\n<div class=\"group _tableWrapper_1rjym_13 flex w-fit flex-col-reverse\" tabindex=\"-1\">\n<table class=\"w-fit min-w-(--thread-content-width)\" data-start=\"6787\" data-end=\"7132\">\n<thead data-start=\"6787\" data-end=\"6818\">\n<tr data-start=\"6787\" data-end=\"6818\">\n<th data-start=\"6787\" data-end=\"6804\" data-col-size=\"sm\"><strong data-start=\"6789\" data-end=\"6803\">\u00d6zellik<\/strong><\/th>\n<th data-start=\"6804\" data-end=\"6818\" data-col-size=\"sm\"><strong data-start=\"6806\" data-end=\"6816\">Detay<\/strong><\/th>\n<\/tr>\n<\/thead>\n<tbody data-start=\"6853\" data-end=\"7132\">\n<tr data-start=\"6853\" data-end=\"6874\">\n<td data-start=\"6853\" data-end=\"6866\" data-col-size=\"sm\">Capaciteit<\/td>\n<td data-start=\"6866\" data-end=\"6874\" data-col-size=\"sm\">100 gr<\/td>\n<\/tr>\n<tr data-start=\"6875\" data-end=\"6901\">\n<td data-start=\"6875\" data-end=\"6892\" data-col-size=\"sm\">Kesinlik<\/td>\n<td data-start=\"6892\" data-end=\"6901\" data-col-size=\"sm\">0.01g<\/td>\n<\/tr>\n<tr data-start=\"6902\" data-end=\"6946\">\n<td data-start=\"6902\" data-end=\"6912\" data-col-size=\"sm\">G\u00f6r\u00fcnt\u00fclemek<\/td>\n<td data-start=\"6912\" data-end=\"6946\" data-col-size=\"sm\">LCD met Achtergrondverlichting<\/td>\n<\/tr>\n<tr data-start=\"6947\" data-end=\"6977\">\n<td data-start=\"6947\" data-end=\"6958\" data-col-size=\"sm\">Platform<\/td>\n<td data-start=\"6958\" data-end=\"6977\" data-col-size=\"sm\">Roestvrij staal<\/td>\n<\/tr>\n<tr data-start=\"6978\" data-end=\"7009\">\n<td data-start=\"6978\" data-end=\"6989\" data-col-size=\"sm\">Eenheden<\/td>\n<td data-start=\"6989\" data-end=\"7009\" data-col-size=\"sm\">g \/ oz \/ ct \/ gn<\/td>\n<\/tr>\n<tr data-start=\"7010\" data-end=\"7042\">\n<td data-start=\"7010\" data-end=\"7020\" data-col-size=\"sm\">G\u00fc\u00e7 kayna\u011f\u0131<\/td>\n<td data-start=\"7020\" data-end=\"7042\" data-col-size=\"sm\">2 \u00d7 AAA pil<\/td>\n<\/tr>\n<tr data-start=\"7043\" data-end=\"7095\">\n<td data-start=\"7043\" data-end=\"7072\" data-col-size=\"sm\">Otomatik Kapanma<\/td>\n<td data-start=\"7072\" data-end=\"7095\" data-col-size=\"sm\">Ja (na 60 seconden)<\/td>\n<\/tr>\n<tr data-start=\"7096\" data-end=\"7132\">\n<td data-start=\"7096\" data-end=\"7109\" data-col-size=\"sm\">Afmetingen<\/td>\n<td data-start=\"7109\" data-end=\"7132\" data-col-size=\"sm\">120mm \u00d7 65mm \u00d7 20mm<\/td>\n<\/tr>\n<\/tbody>\n<\/table>\n<\/div>\n<\/div>\n<hr data-start=\"7134\" data-end=\"7137\" \/>\n<h3 data-start=\"7139\" data-end=\"7166\"><strong data-start=\"7143\" data-end=\"7166\">S\u0131k\u00e7a Sorulan Sorular<\/strong><\/h3>\n<p data-start=\"7168\" data-end=\"7323\"><strong data-start=\"7168\" data-end=\"7225\">1. Waarvoor wordt de Digitale CS weegschaal gebruikt?<\/strong><br data-start=\"7225\" data-end=\"7228\" \/>De weegschaal is ideaal voor <strong data-start=\"7257\" data-end=\"7277\">precisiemetingen<\/strong> in laboratoria, keukens en sieradenwinkels.<\/p>\n<p data-start=\"7325\" data-end=\"7479\"><strong data-start=\"7325\" data-end=\"7364\">2. Hoe nauwkeurig is de weegschaal?<\/strong><br data-start=\"7364\" data-end=\"7367\" \/>The <strong data-start=\"7370\" data-end=\"7396\">Dijital CS \u00f6l\u00e7e\u011fi<\/strong> heeft een <strong data-start=\"7407\" data-end=\"7435\">nauwkeurigheid van 0.01g<\/strong>, perfect voor kleine objecten of stoffen.<\/p>\n<p data-start=\"7481\" data-end=\"7644\"><strong data-start=\"7481\" data-end=\"7531\">3. Hoe kan ik de Digitale CS weegschaal kopen?<\/strong><br data-start=\"7531\" data-end=\"7534\" \/>U kunt eenvoudig de <strong data-start=\"7554\" data-end=\"7586\">Digitale CS weegschaal kopen<\/strong> via erkende online winkels of laboratoriumleveranciers.<\/p>\n<h1><strong>Dijital CS Terazisi \u2013 100g x 0,01g<\/strong><\/h1>\n<h3><strong>\u00dcr\u00fcn A\u00e7\u0131klamas\u0131<\/strong><\/h3>\n<p class=\"ds-markdown-paragraph\">The\u00a0<strong>Dijital CS Terazisi (100g x 0,01g)<\/strong>\u00a0bir\u00a0<strong>y\u00fcksek hassasiyetli \u00f6l\u00e7\u00fcm \u00f6l\u00e7e\u011fi<\/strong>\u00a0Laboratuvar, bilimsel ve end\u00fcstriyel kullan\u0131m i\u00e7in tasarlanm\u0131\u015ft\u0131r.\u00a0<strong>0,01 g ile 100 g aras\u0131nda \u00f6l\u00e7\u00fcm aral\u0131\u011f\u0131<\/strong>\u00a0ve bir\u00a0<strong>\u00b10,01 g do\u011fruluk<\/strong>Bu \u00f6l\u00e7ek hassas uygulamalar i\u00e7in g\u00fcvenilir sonu\u00e7lar sa\u011flar.<\/p>\n<p class=\"ds-markdown-paragraph\"><strong>Temel \u00d6zellikler:<\/strong><br \/>\n\u2714\u00a0<strong>Y\u00fcksek kaliteli sens\u00f6r<\/strong>\u00a0\u2013 Do\u011fru\u00a0<strong>0,01 g<\/strong><br \/>\n\u2714\u00a0<strong>Kompakt ve ta\u015f\u0131nabilir<\/strong>\u00a0\u2013 Laboratuvar ve saha \u00e7al\u0131\u015fmalar\u0131 i\u00e7in idealdir<br \/>\n\u2714\u00a0<strong>\u00c7oklu \u00f6l\u00e7\u00fcm birimleri<\/strong>\u00a0\u2013 Gram (g), miligram (mg), ons (oz), troy ons (ozt)<br \/>\n\u2714\u00a0<strong>Otomatik kalibrasyon ve s\u0131f\u0131rlama fonksiyonu<\/strong>\u00a0\u2013 Kullan\u0131m\u0131 kolay<br \/>\n\u2714\u00a0<strong>Sa\u011flam tasar\u0131m<\/strong>\u00a0\u2013 Koruyucu kapak ve kalibrasyon a\u011f\u0131rl\u0131\u011f\u0131 dahildir<\/p>\n<hr \/>\n<h2><strong>Uygulamalar<\/strong><\/h2>\n<p class=\"ds-markdown-paragraph\">\u2705\u00a0<strong>Laboratuvar ara\u015ft\u0131rmas\u0131<\/strong>\u00a0\u2013 Kimyasallar\u0131n ve tozlar\u0131n hassas tart\u0131m\u0131<br \/>\n\u2705\u00a0<strong>M\u00fccevher i\u015fi<\/strong>\u00a0\u2013 De\u011ferli metallerin ve de\u011ferli ta\u015flar\u0131n \u00f6l\u00e7\u00fclmesi<br \/>\n\u2705\u00a0<strong>G\u0131da end\u00fcstrisi<\/strong>\u00a0\u2013 Porsiyon kontrol\u00fc ve malzeme tart\u0131m\u0131<br \/>\n\u2705\u00a0<strong>E\u011fitim ve bilim<\/strong>\u00a0\u2013 Deneyler ve ara\u015ft\u0131rma projeleri<br \/>\n\u2705\u00a0<strong>CBD\/Takviyeler<\/strong>\u00a0- Aktif bile\u015fenlerin do\u011fru dozajlanmas\u0131<\/p>\n<hr \/>\n<h2><strong>Dezavantajlar\u0131 ve S\u0131n\u0131rlamalar\u0131<\/strong><\/h2>\n<p class=\"ds-markdown-paragraph\">\u26a0\u00a0<strong>Titre\u015fimlere duyarl\u0131<\/strong>\u00a0\u2013 Sabit bir y\u00fczeye ihtiya\u00e7 duyar<br \/>\n\u26a0\u00a0<strong>S\u0131v\u0131lar i\u00e7in uygun de\u011fildir<\/strong>\u00a0\u2013 Sadece kuru maddeler i\u00e7in<br \/>\n\u26a0\u00a0<strong>Maksimum kapasite 100g<\/strong>\u00a0\u2013 Daha a\u011f\u0131r nesneler i\u00e7in uygun de\u011fildir<br \/>\n\u26a0\u00a0<strong>Pil ba\u011f\u0131ml\u0131<\/strong>\u00a0\u2013 Piller dahildir, ancak \u015farj edilebilir se\u00e7enek yoktur<\/p>\n<hr \/>\n<h2><strong>Kullan\u0131m talimatlar\u0131<\/strong><\/h2>\n<ol start=\"1\">\n<li>\n<p class=\"ds-markdown-paragraph\"><strong>Teraziyi d\u00fcz ve titre\u015fimsiz bir y\u00fczeye yerle\u015ftirin.<\/strong><\/p>\n<\/li>\n<li>\n<p class=\"ds-markdown-paragraph\"><strong>G\u00fc\u00e7 d\u00fc\u011fmesine bas\u0131n<\/strong>\u00a0ve \u201c0.00\u201d g\u00f6r\u00fcnene kadar bekleyin.<\/p>\n<\/li>\n<li>\n<p class=\"ds-markdown-paragraph\"><strong>Tart\u0131lacak malzemeyi yerle\u015ftirin<\/strong>\u00a0platformun ortas\u0131nda.<\/p>\n<\/li>\n<li>\n<p class=\"ds-markdown-paragraph\"><strong>Tara fonksiyonunu kullan\u0131n<\/strong>\u00a0bo\u015f bir kab\u0131n a\u011f\u0131rl\u0131\u011f\u0131n\u0131 n\u00f6tralize etmek i\u00e7in.<\/p>\n<\/li>\n<li>\n<p class=\"ds-markdown-paragraph\"><strong>\u00d6l\u00e7\u00fcm\u00fc not edin<\/strong>\u00a0ve kullan\u0131mdan sonra kapat\u0131n.<\/p>\n<\/li>\n<\/ol>\n<hr \/>\n<h2><strong>S\u0131k\u00e7a Sorulan Sorular (SSS)<\/strong><\/h2>\n<h3><strong>S: Teraziyi nas\u0131l kalibre edebilirim?<\/strong><\/h3>\n<p class=\"ds-markdown-paragraph\">A: Verilenleri kullan\u0131n\u00a0<strong>100g kalibrasyon a\u011f\u0131rl\u0131\u011f\u0131<\/strong>\u00a0ve kalibrasyon butonuna bas\u0131n.<\/p>\n<h3><strong>S: Teraziyi s\u0131v\u0131lar i\u00e7in kullanabilir miyim?<\/strong><\/h3>\n<p class=\"ds-markdown-paragraph\">A:\u00a0<strong>HAYIR<\/strong>Sadece kuru malzemeler i\u00e7indir. S\u0131v\u0131lar sens\u00f6re zarar verebilir.<\/p>\n<h3><strong>S: D\u00fc\u015f\u00fck a\u011f\u0131rl\u0131klarda do\u011fruluk nedir?<\/strong><\/h3>\n<p class=\"ds-markdown-paragraph\">A:\u00a0<strong>\u00b10,01 g<\/strong>\u00a00,01g ile 10g aras\u0131ndaki a\u011f\u0131rl\u0131klar i\u00e7in,\u00a0<strong>\u00b10,02 g<\/strong>\u00a010g&#039;\u0131n \u00fcst\u00fcnde.<\/p>\n<h3><strong>S: Piller ne kadar s\u00fcre dayan\u0131r?<\/strong><\/h3>\n<p class=\"ds-markdown-paragraph\">A:\u00a0<strong>\u00b150 saat<\/strong>\u00a0Normal kullan\u0131mda. 2 dakika hareketsiz kald\u0131ktan sonra otomatik olarak kapan\u0131r.<\/p>\n<h3><strong>S: Terazi alt\u0131n ve g\u00fcm\u00fc\u015f i\u00e7in uygun mudur?<\/strong><\/h3>\n<p class=\"ds-markdown-paragraph\">A:\u00a0<strong>Evet<\/strong>, kuyumcular i\u00e7in m\u00fckemmel \u00e7\u00fcnk\u00fc\u00a0<strong>troy ons (ozt) fonksiyonu<\/strong>.<\/p>\n<hr \/>\n<h2><strong>\u00d6nerilen Kullan\u0131m \u00d6rnekleri<\/strong><\/h2>\n<p class=\"ds-markdown-paragraph\">\ud83d\udd2c\u00a0<strong>Kimya laboratuvar\u0131<\/strong>\u00a0\u2013 Reaktiflerin hassas tart\u0131m\u0131<br \/>\n\ud83d\udc8a\u00a0<strong>\u0130la\u00e7 ara\u015ft\u0131rmas\u0131<\/strong>\u00a0\u2013 Etkin maddelerin dozaj\u0131<br \/>\n\u2696\u00a0<strong>De\u011ferli metal ticareti<\/strong>\u00a0\u2013 Alt\u0131n, g\u00fcm\u00fc\u015f ve platin yollar\u0131<br \/>\n\ud83e\uddea\u00a0<strong>Hobi ve Kendin Yap<\/strong>\u00a0\u2013 Projeler i\u00e7in hassas \u00f6l\u00e7\u00fcmler<\/p>\n<hr \/>\n<h2><strong>Teknik \u00d6zellikler<\/strong><\/h2>\n<ul>\n<li>\n<p class=\"ds-markdown-paragraph\"><strong>Malzeme:<\/strong>\u00a0Paslanmaz \u00e7elik platform + ABS g\u00f6vde<\/p>\n<\/li>\n<li>\n<p class=\"ds-markdown-paragraph\"><strong>Boyutlar:<\/strong>\u00a0120 mm x 70 mm x 20 mm<\/p>\n<\/li>\n<li>\n<p class=\"ds-markdown-paragraph\"><strong>G\u00fc\u00e7 kayna\u011f\u0131:<\/strong>\u00a02x AAA pil (dahil)<\/p>\n<\/li>\n<li>\n<p class=\"ds-markdown-paragraph\"><strong>A\u011f\u0131rl\u0131k:<\/strong>\u00a0150 gr<\/p>\n<\/li>\n<\/ul>\n<hr \/>\n<h3><strong>Uyar\u0131lar<\/strong><\/h3>\n<ul>\n<li>\n<p class=\"ds-markdown-paragraph\"><strong>Su ge\u00e7irmez de\u011fil<\/strong>\u00a0\u2013 Nem ve tozdan ka\u00e7\u0131n\u0131n<\/p>\n<\/li>\n<li>\n<p class=\"ds-markdown-paragraph\"><strong>End\u00fcstriyel toplu tart\u0131m i\u00e7in uygun de\u011fildir<\/strong><\/p>\n<\/li>\n<li>\n<p class=\"ds-markdown-paragraph\"><strong>\u00c7ocuklar\u0131n eri\u015femeyece\u011fi yerde saklay\u0131n\u0131z. <a href=\"https:\/\/onderzoekschemicals.com\/tr\/shop\/top-10-research-chemicals\/iboga-seeds\/\">iboga tohumlar\u0131<\/a><a href=\"https:\/\/onderzoekschemicals.com\/tr\/shop\/top-10-research-chemicals\/caluanie-muelear-oxidize\/\">caluanie muelear oxidize\u200b<\/a><a href=\"https:\/\/onderzoekschemicals.com\/tr\/shop\/weegschalen\/digitale-tank-mini-weegschaal\/\">Dijital Tank Mini Terazi<\/a><a href=\"https:\/\/onderzoekschemicals.com\/tr\/shop\/weegschalen\/digitale-bio-mini-weegschaal\/\">Dijital Biyo Mini \u00d6l\u00e7ek<\/a><a href=\"https:\/\/onderzoekschemicals.com\/tr\/shop\/top-10-research-chemicals\/3-cmc-hcl\/\">3 cmc<\/a><\/strong><\/p>\n<\/li>\n<\/ul>","protected":false},"excerpt":{"rendered":"<p><strong>\u00d6zellikler:<\/strong><\/p>\n<ul>\n<li>Dijital<\/li>\n<li>0,01 g&#039;dan ba\u015flayan a\u011f\u0131rl\u0131klar<\/li>\n<li>Maksimum 100g a\u011f\u0131rl\u0131\u011f\u0131ndad\u0131r<\/li>\n<li>\u00c7al\u0131\u015f\u0131r: 2x AAA pil<\/li>\n<li>LCD ekran<\/li>\n<li>Renk: siyah<\/li>\n<\/ul>","protected":false},"featured_media":24678,"comment_status":"closed","ping_status":"closed","template":"","meta":[],"product_brand":[],"product_cat":[451],"product_tag":[452,764,767,765,766,768],"class_list":{"0":"post-24654","1":"product","2":"type-product","3":"status-publish","4":"has-post-thumbnail","6":"product_cat-weegschalen","7":"product_tag-de","8":"product_tag-digitale-cs-weegschaal","9":"product_tag-digitale-microweegschaal","10":"product_tag-milligramweegschaal","11":"product_tag-precise-weegschaal-0-001g","12":"product_tag-weegschaal-voor-research-chemicals","14":"first","15":"instock","16":"taxable","17":"shipping-taxable","18":"purchasable","19":"product-type-simple"},"_links":{"self":[{"href":"https:\/\/onderzoekschemicals.com\/tr\/wp-json\/wp\/v2\/product\/24654","targetHints":{"allow":["GET"]}}],"collection":[{"href":"https:\/\/onderzoekschemicals.com\/tr\/wp-json\/wp\/v2\/product"}],"about":[{"href":"https:\/\/onderzoekschemicals.com\/tr\/wp-json\/wp\/v2\/types\/product"}],"replies":[{"embeddable":true,"href":"https:\/\/onderzoekschemicals.com\/tr\/wp-json\/wp\/v2\/comments?post=24654"}],"version-history":[{"count":7,"href":"https:\/\/onderzoekschemicals.com\/tr\/wp-json\/wp\/v2\/product\/24654\/revisions"}],"predecessor-version":[{"id":27752,"href":"https:\/\/onderzoekschemicals.com\/tr\/wp-json\/wp\/v2\/product\/24654\/revisions\/27752"}],"wp:featuredmedia":[{"embeddable":true,"href":"https:\/\/onderzoekschemicals.com\/tr\/wp-json\/wp\/v2\/media\/24678"}],"wp:attachment":[{"href":"https:\/\/onderzoekschemicals.com\/tr\/wp-json\/wp\/v2\/media?parent=24654"}],"wp:term":[{"taxonomy":"product_brand","embeddable":true,"href":"https:\/\/onderzoekschemicals.com\/tr\/wp-json\/wp\/v2\/product_brand?post=24654"},{"taxonomy":"product_cat","embeddable":true,"href":"https:\/\/onderzoekschemicals.com\/tr\/wp-json\/wp\/v2\/product_cat?post=24654"},{"taxonomy":"product_tag","embeddable":true,"href":"https:\/\/onderzoekschemicals.com\/tr\/wp-json\/wp\/v2\/product_tag?post=24654"}],"curies":[{"name":"wp","href":"https:\/\/api.w.org\/{rel}","templated":true}]}}