{"id":24648,"date":"2025-10-20T17:42:27","date_gmt":"2025-10-20T17:42:27","guid":{"rendered":"https:\/\/onderzoekschemicals.com\/?post_type=product&#038;p=24648"},"modified":"2025-11-28T04:33:17","modified_gmt":"2025-11-28T04:33:17","slug":"1p-lsd-kopen","status":"publish","type":"product","link":"https:\/\/onderzoekschemicals.com\/tr\/shop\/lysergamides\/1p-lsd-kopen\/","title":{"rendered":"1P-LSD 20 MCG Blotter&#039;lar"},"content":{"rendered":"<h3 data-start=\"4025\" data-end=\"4046\"><strong data-start=\"4029\" data-end=\"4044\"><span dir=\"auto\" style=\"vertical-align: inherit;\"><span dir=\"auto\" style=\"vertical-align: inherit;\">girii\u015f<\/span><\/span><\/strong><\/h3>\n<p data-start=\"4047\" data-end=\"4520\"><strong data-start=\"4047\" data-end=\"4073\"><span dir=\"auto\" style=\"vertical-align: inherit;\"><span dir=\"auto\" style=\"vertical-align: inherit;\">1P-LSD 20 mcg Em\u00fclgat\u00f6rler<\/span><\/span><\/strong><span dir=\"auto\" style=\"vertical-align: inherit;\"><span dir=\"auto\" style=\"vertical-align: inherit;\"> LSD ile yap\u0131sal olarak ili\u015fkili bir lizergamid bile\u015fi\u011fi olan 1-propionil-liserjik asit dietilamid i\u00e7eren hassas dozlu ara\u015ft\u0131rma materyalleridir. Bu emici ka\u011f\u0131tlar, <\/span><\/span><strong data-start=\"4285\" data-end=\"4329\"><span dir=\"auto\" style=\"vertical-align: inherit;\"><span dir=\"auto\" style=\"vertical-align: inherit;\">analitik ve bilimsel ara\u015ft\u0131rma<\/span><\/span><\/strong><span dir=\"auto\" style=\"vertical-align: inherit;\"><span dir=\"auto\" style=\"vertical-align: inherit;\"> sadece ; insan t\u00fcketimi i\u00e7in de\u011fildir. 1p LSD sat\u0131n al\u0131n. <\/span><\/span><br data-start=\"4363\" data-end=\"4366\" \/><span dir=\"auto\" style=\"vertical-align: inherit;\"><span dir=\"auto\" style=\"vertical-align: inherit;\">Her bir emici ka\u011f\u0131t 20 mikrograml\u0131k homojen bir doz i\u00e7ererek kontroll\u00fc laboratuvar ortamlar\u0131nda g\u00fcvenilir, tekrarlanabilir sonu\u00e7lar sa\u011flar.<\/span><\/span><\/p>\n<p data-start=\"4522\" data-end=\"4682\"><span dir=\"auto\" style=\"vertical-align: inherit;\"><span dir=\"auto\" style=\"vertical-align: inherit;\">Ara\u015ft\u0131rmac\u0131lar i\u00e7in <\/span><\/span><strong data-start=\"4544\" data-end=\"4560\"><span dir=\"auto\" style=\"vertical-align: inherit;\"><span dir=\"auto\" style=\"vertical-align: inherit;\">1P-LSD sat\u0131n alma<\/span><\/span><\/strong><span dir=\"auto\" style=\"vertical-align: inherit;\"><span dir=\"auto\" style=\"vertical-align: inherit;\"> me\u015fru ara\u015ft\u0131rma ama\u00e7lar\u0131 i\u00e7in, bu kurutma ka\u011f\u0131tlar\u0131 garantili safl\u0131k, stabilite ve tutarl\u0131 kalite sunar.<\/span><\/span><\/p>\n<hr data-start=\"4684\" data-end=\"4687\" \/>\n<h3 data-start=\"4689\" data-end=\"4720\"><strong data-start=\"4693\" data-end=\"4720\"><span dir=\"auto\" style=\"vertical-align: inherit;\"><span dir=\"auto\" style=\"vertical-align: inherit;\">Temel \u00d6zellikler<\/span><\/span><\/strong><\/h3>\n<ul data-start=\"4722\" data-end=\"5284\">\n<li data-start=\"4722\" data-end=\"4833\">\n<p data-start=\"4724\" data-end=\"4833\"><strong data-start=\"4724\" data-end=\"4751\"><span dir=\"auto\" style=\"vertical-align: inherit;\"><span dir=\"auto\" style=\"vertical-align: inherit;\">Kesin 20 \u00b5g Dozaj<\/span><\/span><\/strong><span dir=\"auto\" style=\"vertical-align: inherit;\"><span dir=\"auto\" style=\"vertical-align: inherit;\"> \u2013 Her bir blotter, mikro analitik inceleme i\u00e7in tam 20 mikrogram 1P-LSD i\u00e7erir.<\/span><\/span><\/p>\n<\/li>\n<li data-start=\"4834\" data-end=\"4956\">\n<p data-start=\"4836\" data-end=\"4956\"><strong data-start=\"4836\" data-end=\"4870\"><span dir=\"auto\" style=\"vertical-align: inherit;\"><span dir=\"auto\" style=\"vertical-align: inherit;\">Y\u00fcksek Safl\u0131k ve Tekd\u00fczelik<\/span><\/span><\/strong><span dir=\"auto\" style=\"vertical-align: inherit;\"><span dir=\"auto\" style=\"vertical-align: inherit;\"> \u2013 Ara\u015ft\u0131rma standartlar\u0131na uygun olarak \u00fcretilmi\u015ftir, Analiz Sertifikalar\u0131 (COA) mevcuttur.<\/span><\/span><\/p>\n<\/li>\n<li data-start=\"4957\" data-end=\"5080\">\n<p data-start=\"4959\" data-end=\"5080\"><strong data-start=\"4959\" data-end=\"4978\"><span dir=\"auto\" style=\"vertical-align: inherit;\"><span dir=\"auto\" style=\"vertical-align: inherit;\">Kararl\u0131 Format<\/span><\/span><\/strong><span dir=\"auto\" style=\"vertical-align: inherit;\"><span dir=\"auto\" style=\"vertical-align: inherit;\"> \u2013 Ka\u011f\u0131t ortam\u0131 daha uzun raf \u00f6mr\u00fc ve bile\u015fi\u011fin e\u015fit da\u011f\u0131l\u0131m\u0131n\u0131 sa\u011flar.<\/span><\/span><\/p>\n<\/li>\n<li data-start=\"5081\" data-end=\"5195\">\n<p data-start=\"5083\" data-end=\"5195\"><strong data-start=\"5083\" data-end=\"5117\"><span dir=\"auto\" style=\"vertical-align: inherit;\"><span dir=\"auto\" style=\"vertical-align: inherit;\">Sadece Analitik Kullan\u0131m \u0130\u00e7indir<\/span><\/span><\/strong><span dir=\"auto\" style=\"vertical-align: inherit;\"><span dir=\"auto\" style=\"vertical-align: inherit;\"> \u2013 Kromatografi, spektroskopi ve resept\u00f6r ba\u011flanma \u00e7al\u0131\u015fmalar\u0131 i\u00e7in uygundur.<\/span><\/span><\/p>\n<\/li>\n<li data-start=\"5196\" data-end=\"5284\">\n<p data-start=\"5198\" data-end=\"5284\"><strong data-start=\"5198\" data-end=\"5220\"><span dir=\"auto\" style=\"vertical-align: inherit;\"><span dir=\"auto\" style=\"vertical-align: inherit;\">G\u00fcvenli Paketleme<\/span><\/span><\/strong><span dir=\"auto\" style=\"vertical-align: inherit;\"><span dir=\"auto\" style=\"vertical-align: inherit;\"> \u2013 Maksimum sa\u011flaml\u0131k i\u00e7in hafif ve neme dayan\u0131kl\u0131 ambalaj.<\/span><\/span><\/p>\n<\/li>\n<\/ul>\n<hr data-start=\"5286\" data-end=\"5289\" \/>\n<h3 data-start=\"5291\" data-end=\"5308\"><strong data-start=\"5295\" data-end=\"5308\"><span dir=\"auto\" style=\"vertical-align: inherit;\"><span dir=\"auto\" style=\"vertical-align: inherit;\">Avantajlar\u0131<\/span><\/span><\/strong><\/h3>\n<ul data-start=\"5310\" data-end=\"5797\">\n<li data-start=\"5310\" data-end=\"5413\">\n<p data-start=\"5312\" data-end=\"5413\"><strong data-start=\"5312\" data-end=\"5348\"><span dir=\"auto\" style=\"vertical-align: inherit;\"><span dir=\"auto\" style=\"vertical-align: inherit;\">G\u00fcvenilir Ara\u015ft\u0131rma Sonu\u00e7lar\u0131<\/span><\/span><\/strong><span dir=\"auto\" style=\"vertical-align: inherit;\"><span dir=\"auto\" style=\"vertical-align: inherit;\"> \u2013 Standartla\u015ft\u0131r\u0131lm\u0131\u015f dozajlama tekrarlanabilir \u00f6l\u00e7\u00fcmleri garanti eder.<\/span><\/span><\/p>\n<\/li>\n<li data-start=\"5414\" data-end=\"5542\">\n<p data-start=\"5416\" data-end=\"5542\"><strong data-start=\"5416\" data-end=\"5442\"><span dir=\"auto\" style=\"vertical-align: inherit;\"><span dir=\"auto\" style=\"vertical-align: inherit;\">Kar\u015f\u0131la\u015ft\u0131rmal\u0131 Ara\u015ft\u0131rma<\/span><\/span><\/strong><span dir=\"auto\" style=\"vertical-align: inherit;\"><span dir=\"auto\" style=\"vertical-align: inherit;\"> \u2013 Lizergamidlerin yap\u0131sal ve farmakolojik \u00f6zelliklerinin incelenmesine uygundur.<\/span><\/span><\/p>\n<\/li>\n<li data-start=\"5543\" data-end=\"5666\">\n<p data-start=\"5545\" data-end=\"5666\"><strong data-start=\"5545\" data-end=\"5579\"><span dir=\"auto\" style=\"vertical-align: inherit;\"><span dir=\"auto\" style=\"vertical-align: inherit;\">E\u011fitim ve Laboratuvar De\u011feri<\/span><\/span><\/strong><span dir=\"auto\" style=\"vertical-align: inherit;\"><span dir=\"auto\" style=\"vertical-align: inherit;\"> \u2013 Akredite kurumlarda farmakolojik ve n\u00f6rokimyasal ara\u015ft\u0131rmalar\u0131 destekler.<\/span><\/span><\/p>\n<\/li>\n<li data-start=\"5667\" data-end=\"5797\">\n<p data-start=\"5669\" data-end=\"5797\"><strong data-start=\"5669\" data-end=\"5697\"><span dir=\"auto\" style=\"vertical-align: inherit;\"><span dir=\"auto\" style=\"vertical-align: inherit;\">Mikro D\u00fczeyde Hassasiyet<\/span><\/span><\/strong><span dir=\"auto\" style=\"vertical-align: inherit;\"><span dir=\"auto\" style=\"vertical-align: inherit;\"> \u2013 20 mcg g\u00fcc\u00fc, ara\u015ft\u0131rma ekipmanlar\u0131n\u0131n hassas analitik testleri ve kalibrasyonu i\u00e7in idealdir.<\/span><\/span><\/p>\n<\/li>\n<\/ul>\n<hr data-start=\"5799\" data-end=\"5802\" \/>\n<h3 data-start=\"5804\" data-end=\"5845\"><strong data-start=\"5808\" data-end=\"5843\"><span dir=\"auto\" style=\"vertical-align: inherit;\"><span dir=\"auto\" style=\"vertical-align: inherit;\">Kullan\u0131m (Sadece Ara\u015ft\u0131rma Ama\u00e7l\u0131)<\/span><\/span><\/strong><\/h3>\n<blockquote data-start=\"5847\" data-end=\"6001\">\n<p data-start=\"5849\" data-end=\"6001\">\u26a0\ufe0f <strong data-start=\"5852\" data-end=\"5863\"><span dir=\"auto\" style=\"vertical-align: inherit;\"><span dir=\"auto\" style=\"vertical-align: inherit;\">Dikkat:<\/span><\/span><\/strong><span dir=\"auto\" style=\"vertical-align: inherit;\"><span dir=\"auto\" style=\"vertical-align: inherit;\"> 1P-LSD 20 mcg blotter&#039;lar <\/span><\/span><strong data-start=\"5892\" data-end=\"5924\"><span dir=\"auto\" style=\"vertical-align: inherit;\"><span dir=\"auto\" style=\"vertical-align: inherit;\">insan t\u00fcketimi i\u00e7in tasarlanmam\u0131\u015ft\u0131r<\/span><\/span><\/strong><span dir=\"auto\" style=\"vertical-align: inherit;\"><span dir=\"auto\" style=\"vertical-align: inherit;\"> . Sadece laboratuvar ortam\u0131nda, kalifiye personel taraf\u0131ndan kullan\u0131lmal\u0131d\u0131r.<\/span><\/span><\/p>\n<\/blockquote>\n<ol data-start=\"6003\" data-end=\"6485\">\n<li data-start=\"6003\" data-end=\"6102\">\n<p data-start=\"6006\" data-end=\"6102\"><strong data-start=\"6006\" data-end=\"6020\"><span dir=\"auto\" style=\"vertical-align: inherit;\"><span dir=\"auto\" style=\"vertical-align: inherit;\">Ta\u015f\u0131ma \u2013<\/span><\/span><\/strong><span dir=\"auto\" style=\"vertical-align: inherit;\"><span dir=\"auto\" style=\"vertical-align: inherit;\"> Kontaminasyonu \u00f6nlemek i\u00e7in eldiven giyin ve temiz aletler kullan\u0131n.<\/span><\/span><\/p>\n<\/li>\n<li data-start=\"6103\" data-end=\"6185\">\n<p data-start=\"6106\" data-end=\"6185\"><strong data-start=\"6106\" data-end=\"6118\"><span dir=\"auto\" style=\"vertical-align: inherit;\"><span dir=\"auto\" style=\"vertical-align: inherit;\">\u00d6l\u00e7\u00fcmler<\/span><\/span><\/strong><span dir=\"auto\" style=\"vertical-align: inherit;\"><span dir=\"auto\" style=\"vertical-align: inherit;\"> \u2013 Analizden \u00f6nce parti numaras\u0131n\u0131, safl\u0131\u011f\u0131 ve test sonu\u00e7lar\u0131n\u0131 kaydedin.<\/span><\/span><\/p>\n<\/li>\n<li data-start=\"6186\" data-end=\"6295\">\n<p data-start=\"6189\" data-end=\"6295\"><strong data-start=\"6189\" data-end=\"6199\"><span dir=\"auto\" style=\"vertical-align: inherit;\"><span dir=\"auto\" style=\"vertical-align: inherit;\">Depolamak<\/span><\/span><\/strong><span dir=\"auto\" style=\"vertical-align: inherit;\"><span dir=\"auto\" style=\"vertical-align: inherit;\"> \u2013 Kuru, a\u011fz\u0131 kapal\u0131 ve \u0131\u015f\u0131ktan uzakta saklay\u0131n; maksimum stabilite i\u00e7in serin (2\u20138 \u00b0C) s\u0131cakl\u0131kta muhafaza edin.<\/span><\/span><\/p>\n<\/li>\n<li data-start=\"6296\" data-end=\"6402\">\n<p data-start=\"6299\" data-end=\"6402\"><strong data-start=\"6299\" data-end=\"6310\"><span dir=\"auto\" style=\"vertical-align: inherit;\"><span dir=\"auto\" style=\"vertical-align: inherit;\">Analiz<\/span><\/span><\/strong><span dir=\"auto\" style=\"vertical-align: inherit;\"><span dir=\"auto\" style=\"vertical-align: inherit;\"> \u2013 K\u00fctle spektrometrisi, HPLC, UV-Vis spektroskopisi veya resept\u00f6r ba\u011flanma deneyleri i\u00e7in uygundur.<\/span><\/span><\/p>\n<\/li>\n<li data-start=\"6403\" data-end=\"6485\">\n<p data-start=\"6406\" data-end=\"6485\"><strong data-start=\"6406\" data-end=\"6422\"><span dir=\"auto\" style=\"vertical-align: inherit;\"><span dir=\"auto\" style=\"vertical-align: inherit;\">Belgeleme<\/span><\/span><\/strong><span dir=\"auto\" style=\"vertical-align: inherit;\"><span dir=\"auto\" style=\"vertical-align: inherit;\"> \u2013 Uyumluluk ve izlenebilirlik a\u00e7\u0131s\u0131ndan t\u00fcm test verilerini saklay\u0131n.<\/span><\/span><\/p>\n<\/li>\n<\/ol>\n<hr data-start=\"6487\" data-end=\"6490\" \/>\n<h3 data-start=\"6492\" data-end=\"6527\"><strong data-start=\"6496\" data-end=\"6525\"><span dir=\"auto\" style=\"vertical-align: inherit;\"><span dir=\"auto\" style=\"vertical-align: inherit;\">S\u0131k\u00e7a Sorulan Sorular (SSS)<\/span><\/span><\/strong><\/h3>\n<p data-start=\"6529\" data-end=\"6733\"><strong data-start=\"6529\" data-end=\"6550\"><span dir=\"auto\" style=\"vertical-align: inherit;\"><span dir=\"auto\" style=\"vertical-align: inherit;\">1. 1P-LSD nedir?<\/span><\/span><\/strong><br data-start=\"6550\" data-end=\"6553\" \/><span dir=\"auto\" style=\"vertical-align: inherit;\"><span dir=\"auto\" style=\"vertical-align: inherit;\"> 1P-LSD (1-propionil-liserjik asit dietilamid), LSD ile yap\u0131sal olarak ili\u015fkili bir lizergamiddir ve serotonin resept\u00f6rleri \u00fczerine yap\u0131lan bilimsel ara\u015ft\u0131rmalarda kullan\u0131l\u0131r.<\/span><\/span><\/p>\n<p data-start=\"6735\" data-end=\"6954\"><strong data-start=\"6735\" data-end=\"6783\"><span dir=\"auto\" style=\"vertical-align: inherit;\"><span dir=\"auto\" style=\"vertical-align: inherit;\">2. 1P-LSD blotterlar\u0131 ne i\u00e7in kullan\u0131l\u0131r?<\/span><\/span><\/strong><br data-start=\"6783\" data-end=\"6786\" \/><span dir=\"auto\" style=\"vertical-align: inherit;\"><span dir=\"auto\" style=\"vertical-align: inherit;\"> Bu kurutma ka\u011f\u0131tlar\u0131 yaln\u0131zca \u015funlar i\u00e7in tasarlanm\u0131\u015ft\u0131r: <\/span><\/span><strong data-start=\"6830\" data-end=\"6882\"><span dir=\"auto\" style=\"vertical-align: inherit;\"><span dir=\"auto\" style=\"vertical-align: inherit;\">kimyasal, analitik ve farmakolojik \u00e7al\u0131\u015fmalar<\/span><\/span><\/strong><span dir=\"auto\" style=\"vertical-align: inherit;\"><span dir=\"auto\" style=\"vertical-align: inherit;\"> Ba\u011flanma afinitesi, kararl\u0131l\u0131k veya yap\u0131-aktivite ili\u015fkilerinin.<\/span><\/span><\/p>\n<p data-start=\"6956\" data-end=\"7222\"><strong data-start=\"6956\" data-end=\"7013\"><span dir=\"auto\" style=\"vertical-align: inherit;\"><span dir=\"auto\" style=\"vertical-align: inherit;\">3. 1P-LSD sat\u0131n almak yasal m\u0131d\u0131r (\u201c1P-LSD sat\u0131n al\u201d)?<\/span><\/span><\/strong><br data-start=\"7013\" data-end=\"7016\" \/><span dir=\"auto\" style=\"vertical-align: inherit;\"><span dir=\"auto\" style=\"vertical-align: inherit;\"> Yasall\u0131\u011f\u0131 \u00fclkeden \u00fclkeye de\u011fi\u015fir. Baz\u0131 \u00fclkelerde 1P-LSD ara\u015ft\u0131rma kimyasal\u0131 olarak s\u0131n\u0131fland\u0131r\u0131l\u0131rken, baz\u0131 yerlerde Afyon Yasas\u0131 kapsam\u0131na girebilir. Sat\u0131n almadan veya ithal etmeden \u00f6nce mutlaka yerel yasalar\u0131 kontrol edin. <\/span><\/span><a href=\"https:\/\/onderzoekschemicals.com\/tr\/shop\/okategoriserad\/4mmc-kopen\/\"><span dir=\"auto\" style=\"vertical-align: inherit;\"><span dir=\"auto\" style=\"vertical-align: inherit;\">4mmc sat\u0131n al, sat\u0131n al <\/span><\/span><\/a><a href=\"https:\/\/onderzoekschemicals.com\/tr\/shop\/okategoriserad\/benzocaine-powder\/\"><span dir=\"auto\" style=\"vertical-align: inherit;\"><span dir=\"auto\" style=\"vertical-align: inherit;\">benzokain tozu, <\/span><\/span><\/a><a href=\"https:\/\/onderzoekschemicals.com\/tr\/shop\/okategoriserad\/fentanyl-kopen\/\"><span dir=\"auto\" style=\"vertical-align: inherit;\"><span dir=\"auto\" style=\"vertical-align: inherit;\">fentanil sat\u0131n al<\/span><\/span><\/a><\/p>","protected":false},"excerpt":{"rendered":"<h2><span dir=\"auto\" style=\"vertical-align: inherit;\"><span dir=\"auto\" style=\"vertical-align: inherit;\">1P-LSD blotter properties<\/span><\/span><\/h2>\n<p><strong><span dir=\"auto\" style=\"vertical-align: inherit;\"><span dir=\"auto\" style=\"vertical-align: inherit;\">Synonyms<\/span><\/span><\/strong><span dir=\"auto\" style=\"vertical-align: inherit;\"><span dir=\"auto\" style=\"vertical-align: inherit;\"> : N,N-diethyl-7-methyl-4-propanoyl-6,6a,8,9-tetrahydroindolo[4,3-fg]quinoline-9-carboxamide <\/span><\/span><br \/>\n<strong><span dir=\"auto\" style=\"vertical-align: inherit;\"><span dir=\"auto\" style=\"vertical-align: inherit;\">CAS Number<\/span><\/span><\/strong><span dir=\"auto\" style=\"vertical-align: inherit;\"><span dir=\"auto\" style=\"vertical-align: inherit;\"> : 2349358-81-0 <\/span><\/span><br \/>\n<strong><span dir=\"auto\" style=\"vertical-align: inherit;\"><span dir=\"auto\" style=\"vertical-align: inherit;\">Formula<\/span><\/span><\/strong><span dir=\"auto\" style=\"vertical-align: inherit;\"><span dir=\"auto\" style=\"vertical-align: inherit;\"> : C23H29N3O2 <\/span><\/span><br \/>\n<strong><span dir=\"auto\" style=\"vertical-align: inherit;\"><span dir=\"auto\" style=\"vertical-align: inherit;\">Molar mass<\/span><\/span><\/strong><span dir=\"auto\" style=\"vertical-align: inherit;\"><span dir=\"auto\" style=\"vertical-align: inherit;\"> : 379.5 g\/mol <\/span><\/span><br \/>\n<strong><span dir=\"auto\" style=\"vertical-align: inherit;\"><span dir=\"auto\" style=\"vertical-align: inherit;\">Purity<\/span><\/span><\/strong><span dir=\"auto\" style=\"vertical-align: inherit;\"><span dir=\"auto\" style=\"vertical-align: inherit;\"> : \u226599.3%<\/span><\/span><\/p>\n","protected":false},"featured_media":29163,"comment_status":"closed","ping_status":"closed","template":"","meta":[],"product_brand":[82],"product_cat":[358],"product_tag":[926,690,633,634,632,590,326],"class_list":{"0":"post-24648","1":"product","2":"type-product","3":"status-publish","4":"has-post-thumbnail","6":"product_brand-research-chemical","7":"product_cat-lysergamides","8":"product_tag-1p-lsd-kopen","9":"product_tag-blotter","10":"product_tag-blotters","11":"product_tag-lsd","12":"product_tag-lsd-blotter","13":"product_tag-microdose-1p-lsd","14":"product_tag-nl","16":"first","17":"instock","18":"taxable","19":"shipping-taxable","20":"purchasable","21":"product-type-variable"},"_links":{"self":[{"href":"https:\/\/onderzoekschemicals.com\/tr\/wp-json\/wp\/v2\/product\/24648","targetHints":{"allow":["GET"]}}],"collection":[{"href":"https:\/\/onderzoekschemicals.com\/tr\/wp-json\/wp\/v2\/product"}],"about":[{"href":"https:\/\/onderzoekschemicals.com\/tr\/wp-json\/wp\/v2\/types\/product"}],"replies":[{"embeddable":true,"href":"https:\/\/onderzoekschemicals.com\/tr\/wp-json\/wp\/v2\/comments?post=24648"}],"version-history":[{"count":6,"href":"https:\/\/onderzoekschemicals.com\/tr\/wp-json\/wp\/v2\/product\/24648\/revisions"}],"predecessor-version":[{"id":28658,"href":"https:\/\/onderzoekschemicals.com\/tr\/wp-json\/wp\/v2\/product\/24648\/revisions\/28658"}],"wp:featuredmedia":[{"embeddable":true,"href":"https:\/\/onderzoekschemicals.com\/tr\/wp-json\/wp\/v2\/media\/29163"}],"wp:attachment":[{"href":"https:\/\/onderzoekschemicals.com\/tr\/wp-json\/wp\/v2\/media?parent=24648"}],"wp:term":[{"taxonomy":"product_brand","embeddable":true,"href":"https:\/\/onderzoekschemicals.com\/tr\/wp-json\/wp\/v2\/product_brand?post=24648"},{"taxonomy":"product_cat","embeddable":true,"href":"https:\/\/onderzoekschemicals.com\/tr\/wp-json\/wp\/v2\/product_cat?post=24648"},{"taxonomy":"product_tag","embeddable":true,"href":"https:\/\/onderzoekschemicals.com\/tr\/wp-json\/wp\/v2\/product_tag?post=24648"}],"curies":[{"name":"wp","href":"https:\/\/api.w.org\/{rel}","templated":true}]}}