{"id":24610,"date":"2025-10-20T17:42:16","date_gmt":"2025-10-20T17:42:16","guid":{"rendered":"https:\/\/onderzoekschemicals.com\/?post_type=product&#038;p=24610"},"modified":"2025-11-28T04:35:14","modified_gmt":"2025-11-28T04:35:14","slug":"4-mpd-kopen","status":"publish","type":"product","link":"https:\/\/onderzoekschemicals.com\/tr\/shop\/4-mpd\/4-mpd-kopen\/","title":{"rendered":"4-MPD (4-Metilpentedron)"},"content":{"rendered":"<h3 data-start=\"3968\" data-end=\"3989\"><strong data-start=\"3972\" data-end=\"3987\"><span dir=\"auto\" style=\"vertical-align: inherit;\"><span dir=\"auto\" style=\"vertical-align: inherit;\">girii\u015f<\/span><\/span><\/strong><\/h3>\n<p data-start=\"3990\" data-end=\"4309\"><strong data-start=\"3990\" data-end=\"4020\"><span dir=\"auto\" style=\"vertical-align: inherit;\"><span dir=\"auto\" style=\"vertical-align: inherit;\">4-MPD (4-Metilpentedron)<\/span><\/span><\/strong><span dir=\"auto\" style=\"vertical-align: inherit;\"><span dir=\"auto\" style=\"vertical-align: inherit;\"> bir <\/span><\/span><strong data-start=\"4028\" data-end=\"4053\"><span dir=\"auto\" style=\"vertical-align: inherit;\"><span dir=\"auto\" style=\"vertical-align: inherit;\">sentetik katinon<\/span><\/span><\/strong><span dir=\"auto\" style=\"vertical-align: inherit;\"><span dir=\"auto\" style=\"vertical-align: inherit;\"> ve metamfetaminin \u03b2-keto analo\u011fu, ikame edilmi\u015f katinonlar s\u0131n\u0131f\u0131na aittir. Yap\u0131sal olarak 4-MMC (mefedron) ve 4-MEC gibi maddelerle ili\u015fkili olan 4-MPD, <\/span><\/span><strong data-start=\"4227\" data-end=\"4264\"><span dir=\"auto\" style=\"vertical-align: inherit;\"><span dir=\"auto\" style=\"vertical-align: inherit;\">de\u011ferli analitik standart<\/span><\/span><\/strong><span dir=\"auto\" style=\"vertical-align: inherit;\"><span dir=\"auto\" style=\"vertical-align: inherit;\"> Adli ve farmakolojik ara\u015ft\u0131rmalarda 4-MPD sat\u0131n al\u0131n<\/span><\/span><\/p>\n<p data-start=\"4311\" data-end=\"4693\"><span dir=\"auto\" style=\"vertical-align: inherit;\"><span dir=\"auto\" style=\"vertical-align: inherit;\">Ara\u015ft\u0131rma ortamlar\u0131nda, <\/span><\/span><strong data-start=\"4345\" data-end=\"4354\"><span dir=\"auto\" style=\"vertical-align: inherit;\"><span dir=\"auto\" style=\"vertical-align: inherit;\">4-MPD<\/span><\/span><\/strong><span dir=\"auto\" style=\"vertical-align: inherit;\"><span dir=\"auto\" style=\"vertical-align: inherit;\"> \u00e7al\u0131\u015fmak i\u00e7in kullan\u0131l\u0131r <\/span><\/span><strong data-start=\"4367\" data-end=\"4403\"><span dir=\"auto\" style=\"vertical-align: inherit;\"><span dir=\"auto\" style=\"vertical-align: inherit;\">monoamin ta\u015f\u0131y\u0131c\u0131 etkile\u015fimleri<\/span><\/span><\/strong><span dir=\"auto\" style=\"vertical-align: inherit;\"><span dir=\"auto\" style=\"vertical-align: inherit;\"> , <\/span><\/span><strong data-start=\"4405\" data-end=\"4444\"><span dir=\"auto\" style=\"vertical-align: inherit;\"><span dir=\"auto\" style=\"vertical-align: inherit;\">yap\u0131-aktivite ili\u015fkileri (SAR&#039;lar)<\/span><\/span><\/strong><span dir=\"auto\" style=\"vertical-align: inherit;\"><span dir=\"auto\" style=\"vertical-align: inherit;\"> , Ve <\/span><\/span><strong data-start=\"4448\" data-end=\"4478\"><span dir=\"auto\" style=\"vertical-align: inherit;\"><span dir=\"auto\" style=\"vertical-align: inherit;\">metabolik \u00f6zellikler<\/span><\/span><\/strong><span dir=\"auto\" style=\"vertical-align: inherit;\"><span dir=\"auto\" style=\"vertical-align: inherit;\"> veya sentetik uyar\u0131c\u0131lar. Bu \u00fcr\u00fcn bir <\/span><\/span><strong data-start=\"4552\" data-end=\"4582\"><span dir=\"auto\" style=\"vertical-align: inherit;\"><span dir=\"auto\" style=\"vertical-align: inherit;\">y\u00fcksek safl\u0131kta ara\u015ft\u0131rma kimyasal\u0131<\/span><\/span><\/strong><span dir=\"auto\" style=\"vertical-align: inherit;\"><span dir=\"auto\" style=\"vertical-align: inherit;\"> yaln\u0131zca laboratuvar analizi ve kimyasal referans ama\u00e7l\u0131d\u0131r\u2014 <\/span><\/span><strong data-start=\"4655\" data-end=\"4690\"><span dir=\"auto\" style=\"vertical-align: inherit;\"><span dir=\"auto\" style=\"vertical-align: inherit;\">insan t\u00fcketimi i\u00e7in de\u011fil<\/span><\/span><\/strong><span dir=\"auto\" style=\"vertical-align: inherit;\"><span dir=\"auto\" style=\"vertical-align: inherit;\"> .<\/span><\/span><\/p>\n<hr data-start=\"4695\" data-end=\"4698\" \/>\n<h3 data-start=\"4700\" data-end=\"4731\"><strong data-start=\"4704\" data-end=\"4731\"><span dir=\"auto\" style=\"vertical-align: inherit;\"><span dir=\"auto\" style=\"vertical-align: inherit;\">Temel \u00d6zellikler<\/span><\/span><\/strong><\/h3>\n<ul data-start=\"4733\" data-end=\"5135\">\n<li data-start=\"4733\" data-end=\"4775\">\n<p data-start=\"4735\" data-end=\"4775\"><strong data-start=\"4735\" data-end=\"4754\"><span dir=\"auto\" style=\"vertical-align: inherit;\"><span dir=\"auto\" style=\"vertical-align: inherit;\">Kimyasal Ad\u0131:<\/span><\/span><\/strong><span dir=\"auto\" style=\"vertical-align: inherit;\"><span dir=\"auto\" style=\"vertical-align: inherit;\"> 4-Metilpentedron<\/span><\/span><\/p>\n<\/li>\n<li data-start=\"4776\" data-end=\"4840\">\n<p data-start=\"4778\" data-end=\"4840\"><strong data-start=\"4778\" data-end=\"4793\"><span dir=\"auto\" style=\"vertical-align: inherit;\"><span dir=\"auto\" style=\"vertical-align: inherit;\">IUPAC Ad\u0131:<\/span><\/span><\/strong><span dir=\"auto\" style=\"vertical-align: inherit;\"><span dir=\"auto\" style=\"vertical-align: inherit;\"> 2-(metilamino)-1-(4-metilfenil)pentan-1-on<\/span><\/span><\/p>\n<\/li>\n<li data-start=\"4841\" data-end=\"4874\">\n<p data-start=\"4843\" data-end=\"4874\"><strong data-start=\"4843\" data-end=\"4863\"><span dir=\"auto\" style=\"vertical-align: inherit;\"><span dir=\"auto\" style=\"vertical-align: inherit;\">Molek\u00fcler form\u00fcl:<\/span><\/span><\/strong><span dir=\"auto\" style=\"vertical-align: inherit;\"><span dir=\"auto\" style=\"vertical-align: inherit;\"> C\u2081\u2083H\u2081\u2089HAYIR<\/span><\/span><\/p>\n<\/li>\n<li data-start=\"4875\" data-end=\"4912\">\n<p data-start=\"4877\" data-end=\"4912\"><strong data-start=\"4877\" data-end=\"4897\"><span dir=\"auto\" style=\"vertical-align: inherit;\"><span dir=\"auto\" style=\"vertical-align: inherit;\">Molek\u00fcler a\u011f\u0131rl\u0131k:<\/span><\/span><\/strong><span dir=\"auto\" style=\"vertical-align: inherit;\"><span dir=\"auto\" style=\"vertical-align: inherit;\"> 205,29 g\/mol<\/span><\/span><\/p>\n<\/li>\n<li data-start=\"4913\" data-end=\"4950\">\n<p data-start=\"4915\" data-end=\"4950\"><strong data-start=\"4915\" data-end=\"4924\"><span dir=\"auto\" style=\"vertical-align: inherit;\"><span dir=\"auto\" style=\"vertical-align: inherit;\">Bi\u00e7im:<\/span><\/span><\/strong><span dir=\"auto\" style=\"vertical-align: inherit;\"><span dir=\"auto\" style=\"vertical-align: inherit;\"> \u0130nce kristal toz<\/span><\/span><\/p>\n<\/li>\n<li data-start=\"4951\" data-end=\"5003\">\n<p data-start=\"4953\" data-end=\"5003\"><strong data-start=\"4953\" data-end=\"4968\"><span dir=\"auto\" style=\"vertical-align: inherit;\"><span dir=\"auto\" style=\"vertical-align: inherit;\">Safl\u0131k:<\/span><\/span><\/strong><span dir=\"auto\" style=\"vertical-align: inherit;\"><span dir=\"auto\" style=\"vertical-align: inherit;\"> \u2265 98% (GC\/MS, NMR ile do\u011fruland\u0131)<\/span><\/span><\/p>\n<\/li>\n<li data-start=\"5004\" data-end=\"5077\">\n<p data-start=\"5006\" data-end=\"5077\"><strong data-start=\"5006\" data-end=\"5018\"><span dir=\"auto\" style=\"vertical-align: inherit;\"><span dir=\"auto\" style=\"vertical-align: inherit;\">Kullanmak:<\/span><\/span><\/strong><span dir=\"auto\" style=\"vertical-align: inherit;\"><span dir=\"auto\" style=\"vertical-align: inherit;\"> Sadece analitik, adli ve kimyasal inceleme i\u00e7in<\/span><\/span><\/p>\n<\/li>\n<li data-start=\"5078\" data-end=\"5135\">\n<p data-start=\"5080\" data-end=\"5135\"><strong data-start=\"5080\" data-end=\"5095\"><span dir=\"auto\" style=\"vertical-align: inherit;\"><span dir=\"auto\" style=\"vertical-align: inherit;\">E\u015f anlaml\u0131lar:<\/span><\/span><\/strong><span dir=\"auto\" style=\"vertical-align: inherit;\"><span dir=\"auto\" style=\"vertical-align: inherit;\"> 4-MPD, 4-Me-PD, 4-Metil-\u03b1-pentedron<\/span><\/span><\/p>\n<\/li>\n<\/ul>\n<hr data-start=\"5137\" data-end=\"5140\" \/>\n<h3 data-start=\"5142\" data-end=\"5159\"><strong data-start=\"5146\" data-end=\"5159\"><span dir=\"auto\" style=\"vertical-align: inherit;\"><span dir=\"auto\" style=\"vertical-align: inherit;\">Avantajlar\u0131<\/span><\/span><\/strong><\/h3>\n<ul data-start=\"5161\" data-end=\"5729\">\n<li data-start=\"5161\" data-end=\"5274\">\n<p data-start=\"5163\" data-end=\"5274\"><strong data-start=\"5163\" data-end=\"5193\"><span dir=\"auto\" style=\"vertical-align: inherit;\"><span dir=\"auto\" style=\"vertical-align: inherit;\">Analitik Referans Maddesi<\/span><\/span><\/strong><span dir=\"auto\" style=\"vertical-align: inherit;\"><span dir=\"auto\" style=\"vertical-align: inherit;\"> \u2013 Kalibrasyon, kalite kontrol ve toksikolojik kar\u015f\u0131la\u015ft\u0131rma i\u00e7in uygundur.<\/span><\/span><\/p>\n<\/li>\n<li data-start=\"5275\" data-end=\"5397\">\n<p data-start=\"5277\" data-end=\"5397\"><strong data-start=\"5277\" data-end=\"5305\"><span dir=\"auto\" style=\"vertical-align: inherit;\"><span dir=\"auto\" style=\"vertical-align: inherit;\">Farmakolojik Ara\u015ft\u0131rma<\/span><\/span><\/strong><span dir=\"auto\" style=\"vertical-align: inherit;\"><span dir=\"auto\" style=\"vertical-align: inherit;\"> \u2013 Uyar\u0131c\u0131 analoglar\u0131 ve n\u00f6rotransporter aktivitesi ara\u015ft\u0131rmalar\u0131nda kullan\u0131l\u0131r.<\/span><\/span><\/p>\n<\/li>\n<li data-start=\"5398\" data-end=\"5511\">\n<p data-start=\"5400\" data-end=\"5511\"><strong data-start=\"5400\" data-end=\"5425\"><span dir=\"auto\" style=\"vertical-align: inherit;\"><span dir=\"auto\" style=\"vertical-align: inherit;\">Kar\u015f\u0131la\u015ft\u0131rmal\u0131 Analiz<\/span><\/span><\/strong><span dir=\"auto\" style=\"vertical-align: inherit;\"><span dir=\"auto\" style=\"vertical-align: inherit;\"> \u2013 3-MMC, 4-MMC ve 4-MEC gibi ilgili katinonlar aras\u0131ndaki SAR ara\u015ft\u0131rmas\u0131n\u0131 destekler. 4mpd sat\u0131n al\u0131n<\/span><\/span><\/p>\n<\/li>\n<li data-start=\"5512\" data-end=\"5614\">\n<p data-start=\"5514\" data-end=\"5614\"><strong data-start=\"5514\" data-end=\"5534\"><span dir=\"auto\" style=\"vertical-align: inherit;\"><span dir=\"auto\" style=\"vertical-align: inherit;\">Y\u00fcksek Stabilite<\/span><\/span><\/strong><span dir=\"auto\" style=\"vertical-align: inherit;\"><span dir=\"auto\" style=\"vertical-align: inherit;\"> \u2013 Kristal form m\u00fckemmel raf \u00f6mr\u00fc ve tekrarlanabilirlik sunar.<\/span><\/span><\/p>\n<\/li>\n<li data-start=\"5615\" data-end=\"5729\">\n<p data-start=\"5617\" data-end=\"5729\"><strong data-start=\"5617\" data-end=\"5646\"><span dir=\"auto\" style=\"vertical-align: inherit;\"><span dir=\"auto\" style=\"vertical-align: inherit;\">Sertifikal\u0131 Kalite<\/span><\/span><\/strong><span dir=\"auto\" style=\"vertical-align: inherit;\"><span dir=\"auto\" style=\"vertical-align: inherit;\"> \u2013 Kontroll\u00fc laboratuvar ko\u015fullar\u0131nda \u00fcretilmi\u015ftir; COA mevcuttur.<\/span><\/span><\/p>\n<\/li>\n<\/ul>\n<hr data-start=\"5731\" data-end=\"5734\" \/>\n<h3 data-start=\"5736\" data-end=\"5788\"><strong data-start=\"5740\" data-end=\"5786\"><span dir=\"auto\" style=\"vertical-align: inherit;\"><span dir=\"auto\" style=\"vertical-align: inherit;\">Kullan\u0131m (Sadece Ara\u015ft\u0131rma Ama\u00e7l\u0131)<\/span><\/span><\/strong><\/h3>\n<blockquote data-start=\"5790\" data-end=\"5944\">\n<p data-start=\"5792\" data-end=\"5944\">\u26a0\ufe0f <strong data-start=\"5795\" data-end=\"5806\"><span dir=\"auto\" style=\"vertical-align: inherit;\"><span dir=\"auto\" style=\"vertical-align: inherit;\">L\u00fctfen akl\u0131n\u0131zda bulundurun:<\/span><\/span><\/strong><span dir=\"auto\" style=\"vertical-align: inherit;\"><span dir=\"auto\" style=\"vertical-align: inherit;\"> 4-MPD yaln\u0131zca \u015funlar i\u00e7in tasarlanm\u0131\u015ft\u0131r: <\/span><\/span><strong data-start=\"5841\" data-end=\"5882\"><span dir=\"auto\" style=\"vertical-align: inherit;\"><span dir=\"auto\" style=\"vertical-align: inherit;\">laboratuvar ve analitik ara\u015ft\u0131rma<\/span><\/span><\/strong><span dir=\"auto\" style=\"vertical-align: inherit;\"><span dir=\"auto\" style=\"vertical-align: inherit;\"> Ve <\/span><\/span><strong data-start=\"5886\" data-end=\"5943\"><span dir=\"auto\" style=\"vertical-align: inherit;\"><span dir=\"auto\" style=\"vertical-align: inherit;\">insan veya hayvan t\u00fcketimine uygun de\u011fildir<\/span><\/span><\/strong><span dir=\"auto\" style=\"vertical-align: inherit;\"><span dir=\"auto\" style=\"vertical-align: inherit;\"> .<\/span><\/span><\/p>\n<\/blockquote>\n<ol data-start=\"5946\" data-end=\"6422\">\n<li data-start=\"5946\" data-end=\"6069\">\n<p data-start=\"5949\" data-end=\"6069\"><strong data-start=\"5949\" data-end=\"5963\"><span dir=\"auto\" style=\"vertical-align: inherit;\"><span dir=\"auto\" style=\"vertical-align: inherit;\">Ta\u015f\u0131ma \u2013<\/span><\/span><\/strong><span dir=\"auto\" style=\"vertical-align: inherit;\"><span dir=\"auto\" style=\"vertical-align: inherit;\"> Eldiven, koruyucu g\u00f6zl\u00fck ve laboratuvar \u00f6nl\u00fc\u011f\u00fc giyin; davlumbaz alt\u0131nda veya iyi havaland\u0131r\u0131lan bir alanda \u00e7al\u0131\u015f\u0131n.<\/span><\/span><\/p>\n<\/li>\n<li data-start=\"6070\" data-end=\"6145\">\n<p data-start=\"6073\" data-end=\"6145\"><strong data-start=\"6073\" data-end=\"6085\"><span dir=\"auto\" style=\"vertical-align: inherit;\"><span dir=\"auto\" style=\"vertical-align: inherit;\">\u00d6l\u00e7\u00fcmler<\/span><\/span><\/strong><span dir=\"auto\" style=\"vertical-align: inherit;\"><span dir=\"auto\" style=\"vertical-align: inherit;\"> \u2013 Do\u011fru dozajlama i\u00e7in analitik teraziler kullan\u0131n.<\/span><\/span><\/p>\n<\/li>\n<li data-start=\"6146\" data-end=\"6234\">\n<p data-start=\"6149\" data-end=\"6234\"><strong data-start=\"6149\" data-end=\"6159\"><span dir=\"auto\" style=\"vertical-align: inherit;\"><span dir=\"auto\" style=\"vertical-align: inherit;\">Depolamak<\/span><\/span><\/strong><span dir=\"auto\" style=\"vertical-align: inherit;\"><span dir=\"auto\" style=\"vertical-align: inherit;\"> \u2013 Serin, kuru ve karanl\u0131k yerde saklay\u0131n\u0131z; uzun s\u00fcreli saklama i\u00e7in 2\u20138 \u00b0C\u2019de saklanmas\u0131 \u00f6nerilir.<\/span><\/span><\/p>\n<\/li>\n<li data-start=\"6235\" data-end=\"6310\">\n<p data-start=\"6238\" data-end=\"6310\"><strong data-start=\"6238\" data-end=\"6249\"><span dir=\"auto\" style=\"vertical-align: inherit;\"><span dir=\"auto\" style=\"vertical-align: inherit;\">Analiz<\/span><\/span><\/strong><span dir=\"auto\" style=\"vertical-align: inherit;\"><span dir=\"auto\" style=\"vertical-align: inherit;\"> \u2013 GC\/MS, LC-MS, HPLC, FTIR ve NMR ara\u015ft\u0131rmalar\u0131 i\u00e7in uygundur.<\/span><\/span><\/p>\n<\/li>\n<li data-start=\"6311\" data-end=\"6422\">\n<p data-start=\"6314\" data-end=\"6422\"><strong data-start=\"6314\" data-end=\"6330\"><span dir=\"auto\" style=\"vertical-align: inherit;\"><span dir=\"auto\" style=\"vertical-align: inherit;\">Belgeleme<\/span><\/span><\/strong><span dir=\"auto\" style=\"vertical-align: inherit;\"><span dir=\"auto\" style=\"vertical-align: inherit;\"> \u2013 Uygunluk ve izlenebilirlik i\u00e7in parti numaralar\u0131n\u0131, safl\u0131\u011f\u0131 ve test sonu\u00e7lar\u0131n\u0131 kaydedin.<\/span><\/span><\/p>\n<\/li>\n<\/ol>\n<hr data-start=\"6424\" data-end=\"6427\" \/>\n<h3 data-start=\"6429\" data-end=\"6464\"><strong data-start=\"6433\" data-end=\"6462\"><span dir=\"auto\" style=\"vertical-align: inherit;\"><span dir=\"auto\" style=\"vertical-align: inherit;\">S\u0131k\u00e7a Sorulan Sorular (SSS)<\/span><\/span><\/strong><\/h3>\n<p data-start=\"6466\" data-end=\"6693\"><strong data-start=\"6466\" data-end=\"6486\"><span dir=\"auto\" style=\"vertical-align: inherit;\"><span dir=\"auto\" style=\"vertical-align: inherit;\">1. 4-MPD nedir?<\/span><\/span><\/strong><br data-start=\"6486\" data-end=\"6489\" \/><span dir=\"auto\" style=\"vertical-align: inherit;\"><span dir=\"auto\" style=\"vertical-align: inherit;\"> 4-MPD (4-Metilpentedron) sentetik bir ila\u00e7t\u0131r <\/span><\/span><strong data-start=\"6536\" data-end=\"6564\"><span dir=\"auto\" style=\"vertical-align: inherit;\"><span dir=\"auto\" style=\"vertical-align: inherit;\">ikame edilmi\u015f katinon<\/span><\/span><\/strong><span dir=\"auto\" style=\"vertical-align: inherit;\"><span dir=\"auto\" style=\"vertical-align: inherit;\"> Mefedron (4-MMC) ile ayn\u0131 ailedendir. Sadece kimyasal ve adli testlerde kullan\u0131l\u0131r.<\/span><\/span><\/p>\n<p data-start=\"6695\" data-end=\"6941\"><strong data-start=\"6695\" data-end=\"6730\"><span dir=\"auto\" style=\"vertical-align: inherit;\"><span dir=\"auto\" style=\"vertical-align: inherit;\">2. 4-MPD sat\u0131n almak yasal m\u0131?<\/span><\/span><\/strong><br data-start=\"6730\" data-end=\"6733\" \/><span dir=\"auto\" style=\"vertical-align: inherit;\"><span dir=\"auto\" style=\"vertical-align: inherit;\"> The <\/span><\/span><strong data-start=\"6736\" data-end=\"6760\"><span dir=\"auto\" style=\"vertical-align: inherit;\"><span dir=\"auto\" style=\"vertical-align: inherit;\">4-MPD&#039;nin yasall\u0131\u011f\u0131<\/span><\/span><\/strong><span dir=\"auto\" style=\"vertical-align: inherit;\"><span dir=\"auto\" style=\"vertical-align: inherit;\"> \u00dclkeye g\u00f6re de\u011fi\u015fir. Baz\u0131 \u00fclkelerde ara\u015ft\u0131rma kimyasal\u0131, baz\u0131lar\u0131nda ise kontroll\u00fc madde olarak s\u0131n\u0131fland\u0131r\u0131l\u0131r. Sat\u0131n almadan \u00f6nce mutlaka yerel y\u00f6netmelikleri kontrol edin.<\/span><\/span><\/p>\n<p data-start=\"6943\" data-end=\"7138\"><strong data-start=\"6943\" data-end=\"6993\"><span dir=\"auto\" style=\"vertical-align: inherit;\"><span dir=\"auto\" style=\"vertical-align: inherit;\">3. 4-MPD ara\u015ft\u0131rmalarda ne i\u00e7in kullan\u0131l\u0131r?<\/span><\/span><\/strong><br data-start=\"6993\" data-end=\"6996\" \/><span dir=\"auto\" style=\"vertical-align: inherit;\"><span dir=\"auto\" style=\"vertical-align: inherit;\"> Bunun i\u00e7in kullan\u0131l\u0131r <\/span><\/span><strong data-start=\"7020\" data-end=\"7047\"><span dir=\"auto\" style=\"vertical-align: inherit;\"><span dir=\"auto\" style=\"vertical-align: inherit;\">toksikoloji ara\u015ft\u0131rmas\u0131<\/span><\/span><\/strong><span dir=\"auto\" style=\"vertical-align: inherit;\"><span dir=\"auto\" style=\"vertical-align: inherit;\"> , <\/span><\/span><strong data-start=\"7049\" data-end=\"7064\"><span dir=\"auto\" style=\"vertical-align: inherit;\"><span dir=\"auto\" style=\"vertical-align: inherit;\">SAR \u00e7al\u0131\u015fmalar\u0131<\/span><\/span><\/strong><span dir=\"auto\" style=\"vertical-align: inherit;\"><span dir=\"auto\" style=\"vertical-align: inherit;\"> , Ve <\/span><\/span><strong data-start=\"7069\" data-end=\"7106\"><span dir=\"auto\" style=\"vertical-align: inherit;\"><span dir=\"auto\" style=\"vertical-align: inherit;\">uyar\u0131c\u0131 analoglar\u0131n\u0131n analizi<\/span><\/span><\/strong><span dir=\"auto\" style=\"vertical-align: inherit;\"><span dir=\"auto\" style=\"vertical-align: inherit;\"> Adli kimyada. <\/span><\/span><a href=\"https:\/\/onderzoekschemicals.com\/tr\/shop\/okategoriserad\/4mmc-kopen\/\"><span dir=\"auto\" style=\"vertical-align: inherit;\"><span dir=\"auto\" style=\"vertical-align: inherit;\">4mmc sat\u0131n al, sat\u0131n al <\/span><\/span><\/a><a href=\"https:\/\/onderzoekschemicals.com\/tr\/shop\/okategoriserad\/benzocaine-powder\/\"><span dir=\"auto\" style=\"vertical-align: inherit;\"><span dir=\"auto\" style=\"vertical-align: inherit;\">benzokain tozu, <\/span><\/span><\/a><a href=\"https:\/\/onderzoekschemicals.com\/tr\/shop\/okategoriserad\/fentanyl-kopen\/\"><span dir=\"auto\" style=\"vertical-align: inherit;\"><span dir=\"auto\" style=\"vertical-align: inherit;\">fentanil sat\u0131n al.<\/span><\/span><\/a><\/p>","protected":false},"excerpt":{"rendered":"<h2><span dir=\"auto\" style=\"vertical-align: inherit;\"><span dir=\"auto\" style=\"vertical-align: inherit;\"><span dir=\"auto\" style=\"vertical-align: inherit;\"><span dir=\"auto\" style=\"vertical-align: inherit;\">4-MPD \u00f6zellikleri<\/span><\/span><\/span><\/span><\/h2>\n<p><strong><span dir=\"auto\" style=\"vertical-align: inherit;\"><span dir=\"auto\" style=\"vertical-align: inherit;\"><span dir=\"auto\" style=\"vertical-align: inherit;\"><span dir=\"auto\" style=\"vertical-align: inherit;\">E\u015f anlaml\u0131s\u0131:<\/span><\/span><\/span><\/span><\/strong><span dir=\"auto\" style=\"vertical-align: inherit;\"><span dir=\"auto\" style=\"vertical-align: inherit;\"><span dir=\"auto\" style=\"vertical-align: inherit;\"><span dir=\"auto\" style=\"vertical-align: inherit;\"> 4-Metilpentedron <\/span><\/span><\/span><\/span><strong><br \/>\n<span dir=\"auto\" style=\"vertical-align: inherit;\"><span dir=\"auto\" style=\"vertical-align: inherit;\"><span dir=\"auto\" style=\"vertical-align: inherit;\"><span dir=\"auto\" style=\"vertical-align: inherit;\">CAS Numaras\u0131<\/span><\/span><\/span><\/span><\/strong><span dir=\"auto\" style=\"vertical-align: inherit;\"><span dir=\"auto\" style=\"vertical-align: inherit;\"><span dir=\"auto\" style=\"vertical-align: inherit;\"><span dir=\"auto\" style=\"vertical-align: inherit;\"> : 1373918-61-6 <\/span><\/span><\/span><\/span><br \/>\n<strong><span dir=\"auto\" style=\"vertical-align: inherit;\"><span dir=\"auto\" style=\"vertical-align: inherit;\"><span dir=\"auto\" style=\"vertical-align: inherit;\"><span dir=\"auto\" style=\"vertical-align: inherit;\">Form\u00fcl<\/span><\/span><\/span><\/span><\/strong><span dir=\"auto\" style=\"vertical-align: inherit;\"><span dir=\"auto\" style=\"vertical-align: inherit;\"><span dir=\"auto\" style=\"vertical-align: inherit;\"><span dir=\"auto\" style=\"vertical-align: inherit;\"> : <\/span><\/span><\/span><\/span><span title=\"Karbon\"><span dir=\"auto\" style=\"vertical-align: inherit;\"><span dir=\"auto\" style=\"vertical-align: inherit;\"><span dir=\"auto\" style=\"vertical-align: inherit;\"><span dir=\"auto\" style=\"vertical-align: inherit;\">C <\/span><\/span><\/span><\/span><\/span><sub><span dir=\"auto\" style=\"vertical-align: inherit;\"><span dir=\"auto\" style=\"vertical-align: inherit;\"><span dir=\"auto\" style=\"vertical-align: inherit;\"><span dir=\"auto\" style=\"vertical-align: inherit;\">13 <\/span><\/span><\/span><\/span><\/sub><span title=\"Hidrojen\"><span dir=\"auto\" style=\"vertical-align: inherit;\"><span dir=\"auto\" style=\"vertical-align: inherit;\"><span dir=\"auto\" style=\"vertical-align: inherit;\"><span dir=\"auto\" style=\"vertical-align: inherit;\">H <\/span><\/span><\/span><\/span><\/span><sub><span dir=\"auto\" style=\"vertical-align: inherit;\"><span dir=\"auto\" style=\"vertical-align: inherit;\"><span dir=\"auto\" style=\"vertical-align: inherit;\"><span dir=\"auto\" style=\"vertical-align: inherit;\">19 <\/span><\/span><\/span><\/span><\/sub><span title=\"Azot\"><span dir=\"auto\" style=\"vertical-align: inherit;\"><span dir=\"auto\" style=\"vertical-align: inherit;\"><span dir=\"auto\" style=\"vertical-align: inherit;\"><span dir=\"auto\" style=\"vertical-align: inherit;\">N <\/span><\/span><\/span><\/span><\/span><span title=\"Oksijen\"><span dir=\"auto\" style=\"vertical-align: inherit;\"><span dir=\"auto\" style=\"vertical-align: inherit;\"><span dir=\"auto\" style=\"vertical-align: inherit;\"><span dir=\"auto\" style=\"vertical-align: inherit;\">O <\/span><\/span><\/span><\/span><\/span><br \/>\n<strong><span dir=\"auto\" style=\"vertical-align: inherit;\"><span dir=\"auto\" style=\"vertical-align: inherit;\"><span dir=\"auto\" style=\"vertical-align: inherit;\"><span dir=\"auto\" style=\"vertical-align: inherit;\">Mol k\u00fctlesi<\/span><\/span><\/span><\/span><\/strong><span dir=\"auto\" style=\"vertical-align: inherit;\"><span dir=\"auto\" style=\"vertical-align: inherit;\"><span dir=\"auto\" style=\"vertical-align: inherit;\"><span dir=\"auto\" style=\"vertical-align: inherit;\"> : 205.301 <\/span><\/span><\/span><\/span><br \/>\n<strong><span dir=\"auto\" style=\"vertical-align: inherit;\"><span dir=\"auto\" style=\"vertical-align: inherit;\"><span dir=\"auto\" style=\"vertical-align: inherit;\"><span dir=\"auto\" style=\"vertical-align: inherit;\">Safl\u0131k<\/span><\/span><\/span><\/span><\/strong><span dir=\"auto\" style=\"vertical-align: inherit;\"><span dir=\"auto\" style=\"vertical-align: inherit;\"><span dir=\"auto\" style=\"vertical-align: inherit;\"><span dir=\"auto\" style=\"vertical-align: inherit;\"> : \u226598%<\/span><\/span><\/span><\/span><\/p>","protected":false},"featured_media":29268,"comment_status":"closed","ping_status":"closed","template":"","meta":[],"product_brand":[],"product_cat":[374,322,79],"product_tag":[666,630,326],"class_list":{"0":"post-24610","1":"product","2":"type-product","3":"status-publish","4":"has-post-thumbnail","6":"product_cat-4-mpd","7":"product_cat-bijna-verboden","8":"product_cat-cathinonen","9":"product_tag-4-mpd","10":"product_tag-4-mpd-kopen","11":"product_tag-nl","13":"first","14":"instock","15":"taxable","16":"shipping-taxable","17":"purchasable","18":"product-type-variable"},"_links":{"self":[{"href":"https:\/\/onderzoekschemicals.com\/tr\/wp-json\/wp\/v2\/product\/24610","targetHints":{"allow":["GET"]}}],"collection":[{"href":"https:\/\/onderzoekschemicals.com\/tr\/wp-json\/wp\/v2\/product"}],"about":[{"href":"https:\/\/onderzoekschemicals.com\/tr\/wp-json\/wp\/v2\/types\/product"}],"replies":[{"embeddable":true,"href":"https:\/\/onderzoekschemicals.com\/tr\/wp-json\/wp\/v2\/comments?post=24610"}],"version-history":[{"count":6,"href":"https:\/\/onderzoekschemicals.com\/tr\/wp-json\/wp\/v2\/product\/24610\/revisions"}],"predecessor-version":[{"id":28661,"href":"https:\/\/onderzoekschemicals.com\/tr\/wp-json\/wp\/v2\/product\/24610\/revisions\/28661"}],"wp:featuredmedia":[{"embeddable":true,"href":"https:\/\/onderzoekschemicals.com\/tr\/wp-json\/wp\/v2\/media\/29268"}],"wp:attachment":[{"href":"https:\/\/onderzoekschemicals.com\/tr\/wp-json\/wp\/v2\/media?parent=24610"}],"wp:term":[{"taxonomy":"product_brand","embeddable":true,"href":"https:\/\/onderzoekschemicals.com\/tr\/wp-json\/wp\/v2\/product_brand?post=24610"},{"taxonomy":"product_cat","embeddable":true,"href":"https:\/\/onderzoekschemicals.com\/tr\/wp-json\/wp\/v2\/product_cat?post=24610"},{"taxonomy":"product_tag","embeddable":true,"href":"https:\/\/onderzoekschemicals.com\/tr\/wp-json\/wp\/v2\/product_tag?post=24610"}],"curies":[{"name":"wp","href":"https:\/\/api.w.org\/{rel}","templated":true}]}}