{"id":24579,"date":"2025-10-20T17:42:03","date_gmt":"2025-10-20T17:42:03","guid":{"rendered":"https:\/\/onderzoekschemicals.com\/?post_type=product&#038;p=24579"},"modified":"2025-11-28T04:37:48","modified_gmt":"2025-11-28T04:37:48","slug":"3-me-pcpy-hcl","status":"publish","type":"product","link":"https:\/\/onderzoekschemicals.com\/tr\/shop\/3-me-pcpy\/3-me-pcpy-hcl\/","title":{"rendered":"3-Me-PCPy HCl"},"content":{"rendered":"<h3 data-start=\"4144\" data-end=\"4165\"><strong data-start=\"4148\" data-end=\"4163\">girii\u015f<\/strong><\/h3>\n<p data-start=\"4166\" data-end=\"4557\"><strong data-start=\"4166\" data-end=\"4241\">3-Me-PCPy HCl (3-Metil-1-(1-fenilsiklohekzil)pirolidin hidroklor\u00fcr)<\/strong> bir <strong data-start=\"4249\" data-end=\"4296\">sentetik arilsikloheksilamin bile\u015fi\u011fi<\/strong>, yap\u0131sal olarak ili\u015fkili <strong data-start=\"4322\" data-end=\"4330\">PCPy<\/strong> Ve <strong data-start=\"4334\" data-end=\"4341\">PCP<\/strong>. 3-Me-PCPy<br data-start=\"4342\" data-end=\"4345\" \/>Kuma\u015f \u015fu \u015fekilde kullan\u0131l\u0131r: <strong data-start=\"4371\" data-end=\"4409\">n\u00f6rokimyasal ve resept\u00f6r ara\u015ft\u0131rmas\u0131<\/strong>\u00f6zellikle ders \u00e7al\u0131\u015fmak i\u00e7in <strong data-start=\"4444\" data-end=\"4472\">NMDA resept\u00f6r antagonizmas\u0131<\/strong> Ve <strong data-start=\"4476\" data-end=\"4517\">yap\u0131sal aktivite ili\u015fkileri (SAR)<\/strong> Arilsikloheksilamin s\u0131n\u0131f\u0131ndad\u0131r.<\/p>\n<p data-start=\"4559\" data-end=\"4764\"><strong data-start=\"4559\" data-end=\"4576\">3-Me-PCPy HCl<\/strong> olarak gelir <strong data-start=\"4596\" data-end=\"4640\">y\u00fcksek safl\u0131kta kristal hidroklor\u00fcr tuzu<\/strong> ve yaln\u0131zca \u015fu ama\u00e7lar i\u00e7in tasarlanm\u0131\u015ft\u0131r: <strong data-start=\"4672\" data-end=\"4713\">laboratuvar ve analitik ara\u015ft\u0131rma<\/strong>, <strong data-start=\"4715\" data-end=\"4763\">insan veya hayvan t\u00fcketimi i\u00e7in de\u011fil<\/strong>.<\/p>\n<hr data-start=\"4766\" data-end=\"4769\" \/>\n<h3 data-start=\"4771\" data-end=\"4802\"><strong data-start=\"4775\" data-end=\"4802\">Temel \u00d6zellikler<\/strong><\/h3>\n<ul data-start=\"4804\" data-end=\"5219\">\n<li data-start=\"4804\" data-end=\"4883\">\n<p data-start=\"4806\" data-end=\"4883\"><strong data-start=\"4806\" data-end=\"4825\">Kimyasal Ad\u0131:<\/strong> 3-Metil-1-(1-fenilsiklohekzil)pirolidin hidroklor\u00fcr<\/p>\n<\/li>\n<li data-start=\"4884\" data-end=\"4925\">\n<p data-start=\"4886\" data-end=\"4925\"><strong data-start=\"4886\" data-end=\"4909\">Yayg\u0131n Ad\u0131:<\/strong> 3-Me-PCPy HCl<\/p>\n<\/li>\n<li data-start=\"4926\" data-end=\"4960\">\n<p data-start=\"4928\" data-end=\"4960\"><strong data-start=\"4928\" data-end=\"4948\">Molek\u00fcler form\u00fcl:<\/strong> C\u2081\u2088H\u2082\u2088ClN<\/p>\n<\/li>\n<li data-start=\"4961\" data-end=\"4998\">\n<p data-start=\"4963\" data-end=\"4998\"><strong data-start=\"4963\" data-end=\"4983\">Molek\u00fcler a\u011f\u0131rl\u0131k:<\/strong> 293,88 g\/mol<\/p>\n<\/li>\n<li data-start=\"4999\" data-end=\"5060\">\n<p data-start=\"5001\" data-end=\"5060\"><strong data-start=\"5001\" data-end=\"5012\">S\u0131n\u0131f:<\/strong> Arilsikloheksilamin\/NMDA resept\u00f6r antagonisti<\/p>\n<\/li>\n<li data-start=\"5061\" data-end=\"5104\">\n<p data-start=\"5063\" data-end=\"5104\"><strong data-start=\"5063\" data-end=\"5072\">Bi\u00e7im:<\/strong> Kristalin hidroklor\u00fcr tuzu<\/p>\n<\/li>\n<li data-start=\"5105\" data-end=\"5157\">\n<p data-start=\"5107\" data-end=\"5157\"><strong data-start=\"5107\" data-end=\"5122\">Safl\u0131k:<\/strong> \u2265 98 % (GC-MS ve NMR ile test edilmi\u015ftir)<\/p>\n<\/li>\n<li data-start=\"5158\" data-end=\"5219\">\n<p data-start=\"5160\" data-end=\"5219\"><strong data-start=\"5160\" data-end=\"5172\">Kullan\u0131m:<\/strong> Sadece analitik ve kimyasal ara\u015ft\u0131rmalar i\u00e7in<\/p>\n<\/li>\n<\/ul>\n<hr data-start=\"5221\" data-end=\"5224\" \/>\n<h3 data-start=\"5226\" data-end=\"5243\"><strong data-start=\"5230\" data-end=\"5243\">Avantajlar\u0131<\/strong><\/h3>\n<ul data-start=\"5245\" data-end=\"5803\">\n<li data-start=\"5245\" data-end=\"5351\">\n<p data-start=\"5247\" data-end=\"5351\"><strong data-start=\"5247\" data-end=\"5277\">Analitik Referans Maddesi<\/strong> \u2013 GC-MS veya LC-MS toksikoloji testleri ve resept\u00f6r \u00e7al\u0131\u015fmalar\u0131 i\u00e7in uygundur. 3-Me-PCPy<\/p>\n<\/li>\n<li data-start=\"5352\" data-end=\"5472\">\n<p data-start=\"5354\" data-end=\"5472\"><strong data-start=\"5354\" data-end=\"5380\">Kar\u015f\u0131la\u015ft\u0131rmal\u0131 Ara\u015ft\u0131rma<\/strong> \u2013 PCP, 3-MeO-PCP ve 3-Me-PCE gibi PCP benzeri analoglar aras\u0131ndaki SAR \u00e7al\u0131\u015fmalar\u0131 i\u00e7in faydal\u0131d\u0131r.<\/p>\n<\/li>\n<li data-start=\"5473\" data-end=\"5574\">\n<p data-start=\"5475\" data-end=\"5574\"><strong data-start=\"5475\" data-end=\"5501\">\u0130stikrarl\u0131 ve G\u00fcvenilir<\/strong> \u2013 Hidroklor\u00fcr formu iyi \u00e7\u00f6z\u00fcn\u00fcrl\u00fck ve raf \u00f6mr\u00fc sa\u011flar.<\/p>\n<\/li>\n<li data-start=\"5575\" data-end=\"5691\">\n<p data-start=\"5577\" data-end=\"5691\"><strong data-start=\"5577\" data-end=\"5598\">Resept\u00f6r ara\u015ft\u0131rmas\u0131<\/strong> \u2013 NMDA resept\u00f6r ba\u011flanmas\u0131 ve dopaminerjik sistemlerle etkile\u015fimleri \u00fczerine ara\u015ft\u0131rmalar\u0131 destekler.<\/p>\n<\/li>\n<li data-start=\"5692\" data-end=\"5803\">\n<p data-start=\"5694\" data-end=\"5803\"><strong data-start=\"5694\" data-end=\"5719\">Laboratuvar kalitesi<\/strong> \u2013 Parti ba\u015f\u0131na COA mevcut olacak \u015fekilde kontroll\u00fc ko\u015fullar alt\u0131nda \u00fcretilmi\u015ftir.<\/p>\n<\/li>\n<\/ul>\n<hr data-start=\"5805\" data-end=\"5808\" \/>\n<h3 data-start=\"5810\" data-end=\"5862\"><strong data-start=\"5814\" data-end=\"5860\">Kullan\u0131m (Sadece Ara\u015ft\u0131rma Ama\u00e7l\u0131)<\/strong><\/h3>\n<blockquote data-start=\"5864\" data-end=\"6024\">\n<p data-start=\"5866\" data-end=\"6024\">\u26a0\ufe0f <strong data-start=\"5869\" data-end=\"5880\">Not:<\/strong> 3-Me-PCPy HCl yaln\u0131zca \u015fu ama\u00e7lar i\u00e7in tasarlanm\u0131\u015ft\u0131r: <strong data-start=\"5923\" data-end=\"5964\">laboratuvar ve analitik ara\u015ft\u0131rma<\/strong>.<br data-start=\"5965\" data-end=\"5968\" \/>\u0130nsan ve hayvan t\u00fcketimine uygun de\u011fildir.<\/p>\n<\/blockquote>\n<ol data-start=\"6026\" data-end=\"6442\">\n<li data-start=\"6026\" data-end=\"6115\">\n<p data-start=\"6029\" data-end=\"6115\"><strong data-start=\"6029\" data-end=\"6044\">Kullan\u0131m:<\/strong> Eldiven, koruyucu g\u00f6zl\u00fck ve laboratuvar \u00f6nl\u00fc\u011f\u00fc giyin; egzoz havaland\u0131rmas\u0131 alt\u0131nda \u00e7al\u0131\u015f\u0131n.<\/p>\n<\/li>\n<li data-start=\"6116\" data-end=\"6200\">\n<p data-start=\"6119\" data-end=\"6200\"><strong data-start=\"6119\" data-end=\"6132\">\u00d6l\u00e7\u00fcmler:<\/strong> Do\u011fru dozajlama i\u00e7in kalibre edilmi\u015f analitik ekipman kullan\u0131n.<\/p>\n<\/li>\n<li data-start=\"6201\" data-end=\"6287\">\n<p data-start=\"6204\" data-end=\"6287\"><strong data-start=\"6204\" data-end=\"6215\">Depolamak:<\/strong> Kuru, serin (2\u20138 \u00b0C) ve karanl\u0131k bir yerde, a\u011fz\u0131 s\u0131k\u0131ca kapal\u0131 bir kapta saklay\u0131n\u0131z.<\/p>\n<\/li>\n<li data-start=\"6288\" data-end=\"6352\">\n<p data-start=\"6291\" data-end=\"6352\"><strong data-start=\"6291\" data-end=\"6303\">Analiz:<\/strong> GC-MS, LC-MS, FTIR, HPLC ve NMR i\u00e7in uygundur.<\/p>\n<\/li>\n<li data-start=\"6353\" data-end=\"6442\">\n<p data-start=\"6356\" data-end=\"6442\"><strong data-start=\"6356\" data-end=\"6373\">Belgeleme:<\/strong> Uygunluk i\u00e7in parti verilerini, safl\u0131\u011f\u0131 ve saklama ko\u015fullar\u0131n\u0131 kaydedin.<\/p>\n<\/li>\n<\/ol>\n<hr data-start=\"6444\" data-end=\"6447\" \/>\n<h3 data-start=\"6449\" data-end=\"6484\"><strong data-start=\"6453\" data-end=\"6482\">S\u0131k\u00e7a Sorulan Sorular (SSS)<\/strong><\/h3>\n<p data-start=\"6486\" data-end=\"6674\"><strong data-start=\"6486\" data-end=\"6514\">1. 3-Me-PCPy HCl nedir?<\/strong><br data-start=\"6514\" data-end=\"6517\" \/>3-Me-PCPy HCl sentetik bir <strong data-start=\"6551\" data-end=\"6574\">arilsikloheksilamin<\/strong> NMDA resept\u00f6r antagonistleri \u00fczerinde analitik ve n\u00f6rofarmakolojik ara\u015ft\u0131rmalarda kullan\u0131l\u0131r.<\/p>\n<p data-start=\"6676\" data-end=\"6853\"><strong data-start=\"6676\" data-end=\"6711\">2. Ne i\u00e7in kullan\u0131l\u0131r?<\/strong><br data-start=\"6711\" data-end=\"6714\" \/>\u0130\u00e7in <strong data-start=\"6719\" data-end=\"6748\">resept\u00f6r ba\u011flanma ara\u015ft\u0131rmas\u0131<\/strong>, <strong data-start=\"6750\" data-end=\"6784\">yap\u0131sal aktivite \u00e7al\u0131\u015fmalar\u0131<\/strong> ve e\u011fer <strong data-start=\"6792\" data-end=\"6810\">referans madde<\/strong> toksikolojik ve analitik kimyada.<\/p>\n<p data-start=\"6855\" data-end=\"7122\"><strong data-start=\"6855\" data-end=\"6902\">3. 3-Me-PCPy HCl sat\u0131n almak yasal m\u0131d\u0131r?<\/strong><br data-start=\"6902\" data-end=\"6905\" \/>The <strong data-start=\"6908\" data-end=\"6940\">3-Me-PCPy HCl&#039;nin yasall\u0131\u011f\u0131<\/strong> \u00dclkeye g\u00f6re de\u011fi\u015fir. Baz\u0131 b\u00f6lgelerde ara\u015ft\u0131rma kimyasal\u0131 olarak s\u0131n\u0131fland\u0131r\u0131l\u0131rken, baz\u0131 b\u00f6lgelerde Afyon Yasas\u0131 kapsam\u0131na girebilir. Sat\u0131n almadan veya ithal etmeden \u00f6nce mutlaka yerel y\u00f6netmelikleri kontrol edin.<\/p>","protected":false},"excerpt":{"rendered":"<h3><span dir=\"auto\" style=\"vertical-align: inherit;\"><span dir=\"auto\" style=\"vertical-align: inherit;\">3-Me-PCPy \u00f6zellikleri<\/span><\/span><\/h3>\n<p><strong><span dir=\"auto\" style=\"vertical-align: inherit;\"><span dir=\"auto\" style=\"vertical-align: inherit;\">E\u015f anlaml\u0131s\u0131:<\/span><\/span><\/strong><span dir=\"auto\" style=\"vertical-align: inherit;\"><span dir=\"auto\" style=\"vertical-align: inherit;\"> 3-Metil-PCPy <\/span><\/span><br \/>\n<strong><span dir=\"auto\" style=\"vertical-align: inherit;\"><span dir=\"auto\" style=\"vertical-align: inherit;\">CAS Numaras\u0131:<\/span><\/span><\/strong><span dir=\"auto\" style=\"vertical-align: inherit;\"><span dir=\"auto\" style=\"vertical-align: inherit;\"> 1622348-63-3 <\/span><\/span><br \/>\n<strong><span dir=\"auto\" style=\"vertical-align: inherit;\"><span dir=\"auto\" style=\"vertical-align: inherit;\">Form\u00fcl: <\/span><\/span><\/strong> <span title=\"Karbon\"><span dir=\"auto\" style=\"vertical-align: inherit;\"><span dir=\"auto\" style=\"vertical-align: inherit;\">C <\/span><\/span><\/span><sub><span dir=\"auto\" style=\"vertical-align: inherit;\"><span dir=\"auto\" style=\"vertical-align: inherit;\">17 <\/span><\/span><\/sub><span title=\"Hidrojen\"><span dir=\"auto\" style=\"vertical-align: inherit;\"><span dir=\"auto\" style=\"vertical-align: inherit;\">H <\/span><\/span><\/span><sub><span dir=\"auto\" style=\"vertical-align: inherit;\"><span dir=\"auto\" style=\"vertical-align: inherit;\">25 <\/span><\/span><\/sub><span title=\"Azot\"><span dir=\"auto\" style=\"vertical-align: inherit;\"><span dir=\"auto\" style=\"vertical-align: inherit;\">N <\/span><\/span><\/span><br \/>\n<strong><span dir=\"auto\" style=\"vertical-align: inherit;\"><span dir=\"auto\" style=\"vertical-align: inherit;\">Mol k\u00fctlesi:<\/span><\/span><\/strong><span dir=\"auto\" style=\"vertical-align: inherit;\"><span dir=\"auto\" style=\"vertical-align: inherit;\"> 243,394 g\/mol <\/span><\/span><br \/>\n<strong><span dir=\"auto\" style=\"vertical-align: inherit;\"><span dir=\"auto\" style=\"vertical-align: inherit;\">Safl\u0131k:<\/span><\/span><\/strong><span dir=\"auto\" style=\"vertical-align: inherit;\"><span dir=\"auto\" style=\"vertical-align: inherit;\"> &gt;97%<\/span><\/span><\/p>","protected":false},"featured_media":29225,"comment_status":"closed","ping_status":"closed","template":"","meta":[],"product_brand":[82],"product_cat":[456,71],"product_tag":[788,790,789,326],"class_list":{"0":"post-24579","1":"product","2":"type-product","3":"status-publish","4":"has-post-thumbnail","6":"product_brand-research-chemical","7":"product_cat-3-me-pcpy","8":"product_cat-arylcyclohexylamine","9":"product_tag-3-me-pcpy","10":"product_tag-3-me-pcpy-hcl","11":"product_tag-3-me-pcpy-reddit","12":"product_tag-nl","14":"first","15":"instock","16":"taxable","17":"shipping-taxable","18":"purchasable","19":"product-type-variable"},"_links":{"self":[{"href":"https:\/\/onderzoekschemicals.com\/tr\/wp-json\/wp\/v2\/product\/24579","targetHints":{"allow":["GET"]}}],"collection":[{"href":"https:\/\/onderzoekschemicals.com\/tr\/wp-json\/wp\/v2\/product"}],"about":[{"href":"https:\/\/onderzoekschemicals.com\/tr\/wp-json\/wp\/v2\/types\/product"}],"replies":[{"embeddable":true,"href":"https:\/\/onderzoekschemicals.com\/tr\/wp-json\/wp\/v2\/comments?post=24579"}],"version-history":[{"count":6,"href":"https:\/\/onderzoekschemicals.com\/tr\/wp-json\/wp\/v2\/product\/24579\/revisions"}],"predecessor-version":[{"id":25603,"href":"https:\/\/onderzoekschemicals.com\/tr\/wp-json\/wp\/v2\/product\/24579\/revisions\/25603"}],"wp:featuredmedia":[{"embeddable":true,"href":"https:\/\/onderzoekschemicals.com\/tr\/wp-json\/wp\/v2\/media\/29225"}],"wp:attachment":[{"href":"https:\/\/onderzoekschemicals.com\/tr\/wp-json\/wp\/v2\/media?parent=24579"}],"wp:term":[{"taxonomy":"product_brand","embeddable":true,"href":"https:\/\/onderzoekschemicals.com\/tr\/wp-json\/wp\/v2\/product_brand?post=24579"},{"taxonomy":"product_cat","embeddable":true,"href":"https:\/\/onderzoekschemicals.com\/tr\/wp-json\/wp\/v2\/product_cat?post=24579"},{"taxonomy":"product_tag","embeddable":true,"href":"https:\/\/onderzoekschemicals.com\/tr\/wp-json\/wp\/v2\/product_tag?post=24579"}],"curies":[{"name":"wp","href":"https:\/\/api.w.org\/{rel}","templated":true}]}}