{"id":24529,"date":"2025-10-20T17:41:54","date_gmt":"2025-10-20T17:41:54","guid":{"rendered":"https:\/\/onderzoekschemicals.com\/?post_type=product&#038;p=24529"},"modified":"2025-10-21T16:01:25","modified_gmt":"2025-10-21T16:01:25","slug":"2c-b-fly-10-mg-zakje-3-pellets","status":"publish","type":"product","link":"https:\/\/onderzoekschemicals.com\/tr\/shop\/b2b\/2c-b-fly-10-mg-zakje-3-pellets\/","title":{"rendered":"2C-B-FLY 10 MG po\u015fet 3 pelet"},"content":{"rendered":"<h3 data-start=\"3793\" data-end=\"3814\"><strong data-start=\"3797\" data-end=\"3812\">girii\u015f<\/strong><\/h3>\n<p data-start=\"3815\" data-end=\"4074\"><strong data-start=\"3815\" data-end=\"3851\">2C-B-FLY 10 mg Po\u015fet (3 Pelet)<\/strong> i\u00e7erir <strong data-start=\"3858\" data-end=\"3906\">10 mg&#039;l\u0131k \u00fc\u00e7 hassas dozlu pelet<\/strong> <strong data-start=\"3907\" data-end=\"3969\">2C-B-FLY (8-bromo-2,3,6,7-benzodihidro-difuranetilamin)<\/strong> - Bir <strong data-start=\"3976\" data-end=\"4006\">sentetik fenetilamin<\/strong> -den <strong data-start=\"4014\" data-end=\"4028\">2C ailesi<\/strong>taraf\u0131ndan geli\u015ftirildi <strong data-start=\"4046\" data-end=\"4071\">Dr. Alexander Shulgin<\/strong>.<\/p>\n<p data-start=\"4076\" data-end=\"4431\">Benzersiz olmas\u0131 nedeniyle <strong data-start=\"4093\" data-end=\"4119\">benzodifuran yap\u0131s\u0131<\/strong> 2C-B-FLY yayg\u0131n olarak kullan\u0131l\u0131r <strong data-start=\"4152\" data-end=\"4209\">farmakolojik, analitik ve n\u00f6rokimyasal ara\u015ft\u0131rmalar<\/strong> Tats\u0131z <strong data-start=\"4215\" data-end=\"4234\">resept\u00f6r ba\u011flanmas\u0131<\/strong> Ve <strong data-start=\"4238\" data-end=\"4280\">yap\u0131-aktivite ili\u015fkileri (SAR)<\/strong>.<br data-start=\"4281\" data-end=\"4284\" \/>Peletler bir <strong data-start=\"4306\" data-end=\"4343\">\u2265 98 % laboratuvar safl\u0131\u011f\u0131<\/strong> ve bir \u015fekilde teslim edilir <strong data-start=\"4370\" data-end=\"4408\">neme dayan\u0131kl\u0131, tekrar kapat\u0131labilir torba<\/strong> g\u00fcvenli bir \u015fekilde saklanmas\u0131 i\u00e7in.<\/p>\n<blockquote data-start=\"4433\" data-end=\"4580\">\n<p data-start=\"4435\" data-end=\"4580\">\u26a0\ufe0f <strong data-start=\"4438\" data-end=\"4449\">Not:<\/strong> Bu \u00fcr\u00fcn yaln\u0131zca a\u015fa\u011f\u0131daki ama\u00e7lar i\u00e7in tasarlanm\u0131\u015ft\u0131r: <strong data-start=\"4490\" data-end=\"4531\">laboratuvar ve analitik ara\u015ft\u0131rma<\/strong> \u2014 <strong data-start=\"4534\" data-end=\"4577\">insan veya hayvan kullan\u0131m\u0131 i\u00e7in de\u011fil<\/strong>.<\/p>\n<\/blockquote>\n<hr data-start=\"4582\" data-end=\"4585\" \/>\n<h3 data-start=\"4587\" data-end=\"4618\"><strong data-start=\"4591\" data-end=\"4618\">Temel \u00d6zellikler<\/strong><\/h3>\n<div class=\"_tableContainer_1rjym_1\">\n<div class=\"group _tableWrapper_1rjym_13 flex w-fit flex-col-reverse\" tabindex=\"-1\">\n<table class=\"w-fit min-w-(--thread-content-width)\" data-start=\"4620\" data-end=\"5143\">\n<thead data-start=\"4620\" data-end=\"4646\">\n<tr data-start=\"4620\" data-end=\"4646\">\n<th data-start=\"4620\" data-end=\"4630\" data-col-size=\"sm\">\u00d6zellik<\/th>\n<th data-start=\"4630\" data-end=\"4646\" data-col-size=\"md\">Tan\u0131m<\/th>\n<\/tr>\n<\/thead>\n<tbody data-start=\"4675\" data-end=\"5143\">\n<tr data-start=\"4675\" data-end=\"4758\">\n<td data-start=\"4675\" data-end=\"4696\" data-col-size=\"sm\"><strong data-start=\"4677\" data-end=\"4695\">Kimyasal Ad\u0131<\/strong><\/td>\n<td data-start=\"4696\" data-end=\"4758\" data-col-size=\"md\">8-Broomo-2,3,6,7-benzodihidro-difuranetilamin (2C-B-FLY)<\/td>\n<\/tr>\n<tr data-start=\"4759\" data-end=\"4831\">\n<td data-start=\"4759\" data-end=\"4774\" data-col-size=\"sm\"><strong data-start=\"4761\" data-end=\"4773\">Dozaj<\/strong><\/td>\n<td data-start=\"4774\" data-end=\"4831\" data-col-size=\"md\">Pelet ba\u015f\u0131na 10 mg \u2013 toplam 30 mg (torba ba\u015f\u0131na 3 pelet)<\/td>\n<\/tr>\n<tr data-start=\"4832\" data-end=\"4883\">\n<td data-start=\"4832\" data-end=\"4843\" data-col-size=\"sm\"><strong data-start=\"4834\" data-end=\"4842\">Bi\u00e7im<\/strong><\/td>\n<td data-start=\"4843\" data-end=\"4883\" data-col-size=\"md\">Analitik kullan\u0131m i\u00e7in kat\u0131 pelet<\/td>\n<\/tr>\n<tr data-start=\"4884\" data-end=\"4936\">\n<td data-start=\"4884\" data-end=\"4901\" data-col-size=\"sm\"><strong data-start=\"4886\" data-end=\"4900\">Safl\u0131k<\/strong><\/td>\n<td data-start=\"4901\" data-end=\"4936\" data-col-size=\"md\">\u2265 98 % (HPLC ve NMR ile test edilmi\u015ftir)<\/td>\n<\/tr>\n<tr data-start=\"4937\" data-end=\"5016\">\n<td data-start=\"4937\" data-end=\"4960\" data-col-size=\"sm\"><strong data-start=\"4939\" data-end=\"4959\">Kimyasal S\u0131n\u0131f<\/strong><\/td>\n<td data-start=\"4960\" data-end=\"5016\" data-col-size=\"md\">\u0130kame edilmi\u015f fenetilamin\/benzodifuran analo\u011fu<\/td>\n<\/tr>\n<tr data-start=\"5017\" data-end=\"5091\">\n<td data-start=\"5017\" data-end=\"5031\" data-col-size=\"sm\"><strong data-start=\"5019\" data-end=\"5030\">Kullan\u0131m<\/strong><\/td>\n<td data-start=\"5031\" data-end=\"5091\" data-col-size=\"md\">Sadece analitik, adli ve kimyasal ara\u015ft\u0131rmalar i\u00e7in<\/td>\n<\/tr>\n<tr data-start=\"5092\" data-end=\"5143\">\n<td data-start=\"5092\" data-end=\"5109\" data-col-size=\"sm\"><strong data-start=\"5094\" data-end=\"5108\">Ambalajlama<\/strong><\/td>\n<td data-start=\"5109\" data-end=\"5143\" data-col-size=\"md\">Tekrar kapat\u0131labilir laboratuvar \u00e7antas\u0131<\/td>\n<\/tr>\n<\/tbody>\n<\/table>\n<\/div>\n<\/div>\n<hr data-start=\"5145\" data-end=\"5148\" \/>\n<h3 data-start=\"5150\" data-end=\"5167\"><strong data-start=\"5154\" data-end=\"5167\">Avantajlar\u0131<\/strong><\/h3>\n<ul data-start=\"5169\" data-end=\"5575\">\n<li data-start=\"5169\" data-end=\"5245\">\n<p data-start=\"5171\" data-end=\"5245\"><strong data-start=\"5171\" data-end=\"5195\">Do\u011fru Dozaj<\/strong> \u2013 G\u00fcvenilir sonu\u00e7lar i\u00e7in pelet ba\u015f\u0131na 10 mg.<\/p>\n<\/li>\n<li data-start=\"5246\" data-end=\"5315\">\n<p data-start=\"5248\" data-end=\"5315\"><strong data-start=\"5248\" data-end=\"5281\">Y\u00fcksek Safl\u0131k ve Kararl\u0131l\u0131k<\/strong> \u2013 \u2265 98 % laboratuvar kalitesi.<\/p>\n<\/li>\n<li data-start=\"5316\" data-end=\"5412\">\n<p data-start=\"5318\" data-end=\"5412\"><strong data-start=\"5318\" data-end=\"5347\">SAR ara\u015ft\u0131rmalar\u0131 i\u00e7in idealdir<\/strong> \u2013 Yap\u0131sal kar\u015f\u0131la\u015ft\u0131rmalar ve resept\u00f6r \u00e7al\u0131\u015fmalar\u0131 i\u00e7in uygundur.<\/p>\n<\/li>\n<li data-start=\"5413\" data-end=\"5492\">\n<p data-start=\"5415\" data-end=\"5492\"><strong data-start=\"5415\" data-end=\"5446\">Geni\u015f Analitik Uygulanabilir<\/strong> \u2013 GC\/MS, LC-MS, FTIR ve NMR ile uyumludur.<\/p>\n<\/li>\n<li data-start=\"5493\" data-end=\"5575\">\n<p data-start=\"5495\" data-end=\"5575\"><strong data-start=\"5495\" data-end=\"5513\">Kullan\u0131\u015fl\u0131 Boyut<\/strong> \u2013 K\u00fc\u00e7\u00fck \u00f6l\u00e7ekli ara\u015ft\u0131rmalar i\u00e7in ideal, 3&#039;l\u00fc sa\u00e7ma torbas\u0131.<\/p>\n<\/li>\n<\/ul>\n<hr data-start=\"5577\" data-end=\"5580\" \/>\n<h3 data-start=\"5582\" data-end=\"5634\"><strong data-start=\"5586\" data-end=\"5632\">Kullan\u0131m (Sadece Ara\u015ft\u0131rma Ama\u00e7l\u0131)<\/strong><\/h3>\n<ol data-start=\"5636\" data-end=\"6016\">\n<li data-start=\"5636\" data-end=\"5734\">\n<p data-start=\"5639\" data-end=\"5734\"><strong data-start=\"5639\" data-end=\"5654\">Kullan\u0131m:<\/strong> Eldiven ve koruyucu g\u00f6zl\u00fck tak\u0131n; kontroll\u00fc ko\u015fullar alt\u0131nda \u00e7al\u0131\u015f\u0131n.<\/p>\n<\/li>\n<li data-start=\"5735\" data-end=\"5819\">\n<p data-start=\"5738\" data-end=\"5819\"><strong data-start=\"5738\" data-end=\"5751\">\u00d6l\u00e7\u00fcmler:<\/strong> Her bir pellet 10 mg i\u00e7erir \u2013 laboratuvar d\u0131\u015f\u0131nda ayarlama yapmay\u0131n\u0131z.<\/p>\n<\/li>\n<li data-start=\"5820\" data-end=\"5875\">\n<p data-start=\"5823\" data-end=\"5875\"><strong data-start=\"5823\" data-end=\"5834\">Depolamak:<\/strong> Serin (2\u20138 \u00b0C), kuru ve karanl\u0131kta saklay\u0131n\u0131z.<\/p>\n<\/li>\n<li data-start=\"5876\" data-end=\"5940\">\n<p data-start=\"5879\" data-end=\"5940\"><strong data-start=\"5879\" data-end=\"5891\">Analiz:<\/strong> GC\/MS, HPLC, FTIR, LC-MS ve NMR i\u00e7in uygundur.<\/p>\n<\/li>\n<li data-start=\"5941\" data-end=\"6016\">\n<p data-start=\"5944\" data-end=\"6016\"><strong data-start=\"5944\" data-end=\"5961\">Belgeleme:<\/strong> Uygunluk i\u00e7in parti numaralar\u0131n\u0131 ve test sonu\u00e7lar\u0131n\u0131 kaydedin.<\/p>\n<\/li>\n<\/ol>\n<hr data-start=\"6018\" data-end=\"6021\" \/>\n<h3 data-start=\"6023\" data-end=\"6058\"><strong data-start=\"6027\" data-end=\"6056\">S\u0131k\u00e7a Sorulan Sorular (SSS)<\/strong><\/h3>\n<p data-start=\"6060\" data-end=\"6239\"><strong data-start=\"6060\" data-end=\"6083\">1. 2C-B-FLY nedir?<\/strong><br data-start=\"6083\" data-end=\"6086\" \/><strong data-start=\"6086\" data-end=\"6098\">2C-B-FLY<\/strong> bir <strong data-start=\"6106\" data-end=\"6136\">sentetik fenetilamin<\/strong> Resept\u00f6r ba\u011flanma \u00e7al\u0131\u015fmalar\u0131 ve SAR analizleri i\u00e7in kullan\u0131lan benzodifuran yap\u0131s\u0131na sahip.<\/p>\n<p data-start=\"6241\" data-end=\"6399\"><strong data-start=\"6241\" data-end=\"6299\">2. 2C-B-FLY 10 mg Sa\u015fe (3 Pellet) i\u00e7eri\u011finde neler var?<\/strong><br data-start=\"6299\" data-end=\"6302\" \/>\u00c7anta \u015funlar\u0131 i\u00e7erir: <strong data-start=\"6318\" data-end=\"6357\">her biri 10 mg 2C-B-FLY i\u00e7eren \u00fc\u00e7 pelet<\/strong> Analitik kullan\u0131m i\u00e7in (toplam 30 mg).<\/p>\n<p data-start=\"6401\" data-end=\"6605\"><strong data-start=\"6401\" data-end=\"6443\">3. 2C-B-FLY sat\u0131n almak yasal m\u0131?<\/strong><br data-start=\"6443\" data-end=\"6446\" \/>The <strong data-start=\"6449\" data-end=\"6476\">2C-B-FLY&#039;\u0131n yasall\u0131\u011f\u0131<\/strong> \u00dclkeye g\u00f6re de\u011fi\u015fir. Baz\u0131 \u00fclkelerde kontroll\u00fc madde olarak kabul edilir. Sat\u0131n almadan \u00f6nce mutlaka yerel y\u00f6netmelikleri kontrol edin.<\/p>","protected":false},"excerpt":{"rendered":"<h2><strong><span dir=\"auto\" style=\"vertical-align: inherit;\"><span dir=\"auto\" style=\"vertical-align: inherit;\">3 pelet i\u00e7eren 10 MG&#039;lik 2C-B-FLY po\u015feti<\/span><\/span><\/strong><\/h2>\n<ul>\n<li><strong><span dir=\"auto\" style=\"vertical-align: inherit;\"><span dir=\"auto\" style=\"vertical-align: inherit;\">Perakende ambalaj\u0131<\/span><\/span><br \/>\n<\/strong><\/li>\n<li><strong><span dir=\"auto\" style=\"vertical-align: inherit;\"><span dir=\"auto\" style=\"vertical-align: inherit;\">Torba ba\u015f\u0131na pelet say\u0131s\u0131: 3<\/span><\/span><\/strong><\/li>\n<li><strong><span dir=\"auto\" style=\"vertical-align: inherit;\"><span dir=\"auto\" style=\"vertical-align: inherit;\">Fiyatlara 21% KDV dahil de\u011fildir<\/span><\/span><\/strong><\/li>\n<li><strong><span dir=\"auto\" style=\"vertical-align: inherit;\"><span dir=\"auto\" style=\"vertical-align: inherit;\">\u00d6nerilen perakende fiyat\u0131: 25,00 \u20ac KDV dahil<\/span><\/span><\/strong><\/li>\n<\/ul>","protected":false},"featured_media":24545,"comment_status":"closed","ping_status":"closed","template":"","meta":[],"product_brand":[82],"product_cat":[555],"product_tag":[193,194,817,198,197,196,199,200,326],"class_list":{"0":"post-24529","1":"product","2":"type-product","3":"status-publish","4":"has-post-thumbnail","6":"product_brand-research-chemical","7":"product_cat-b2b","8":"product_tag-2c-b-fly","9":"product_tag-2c-b-fly-pellets","10":"product_tag-2c-b-fly-psychonau","11":"product_tag-2cb-dosering","12":"product_tag-2cb-drugs","13":"product_tag-2cb-effecten","14":"product_tag-2cb-fly","15":"product_tag-dosering-2cb","16":"product_tag-nl","18":"first","19":"instock","20":"taxable","21":"shipping-taxable","22":"purchasable","23":"product-type-variable"},"_links":{"self":[{"href":"https:\/\/onderzoekschemicals.com\/tr\/wp-json\/wp\/v2\/product\/24529","targetHints":{"allow":["GET"]}}],"collection":[{"href":"https:\/\/onderzoekschemicals.com\/tr\/wp-json\/wp\/v2\/product"}],"about":[{"href":"https:\/\/onderzoekschemicals.com\/tr\/wp-json\/wp\/v2\/types\/product"}],"replies":[{"embeddable":true,"href":"https:\/\/onderzoekschemicals.com\/tr\/wp-json\/wp\/v2\/comments?post=24529"}],"version-history":[{"count":5,"href":"https:\/\/onderzoekschemicals.com\/tr\/wp-json\/wp\/v2\/product\/24529\/revisions"}],"predecessor-version":[{"id":27773,"href":"https:\/\/onderzoekschemicals.com\/tr\/wp-json\/wp\/v2\/product\/24529\/revisions\/27773"}],"wp:featuredmedia":[{"embeddable":true,"href":"https:\/\/onderzoekschemicals.com\/tr\/wp-json\/wp\/v2\/media\/24545"}],"wp:attachment":[{"href":"https:\/\/onderzoekschemicals.com\/tr\/wp-json\/wp\/v2\/media?parent=24529"}],"wp:term":[{"taxonomy":"product_brand","embeddable":true,"href":"https:\/\/onderzoekschemicals.com\/tr\/wp-json\/wp\/v2\/product_brand?post=24529"},{"taxonomy":"product_cat","embeddable":true,"href":"https:\/\/onderzoekschemicals.com\/tr\/wp-json\/wp\/v2\/product_cat?post=24529"},{"taxonomy":"product_tag","embeddable":true,"href":"https:\/\/onderzoekschemicals.com\/tr\/wp-json\/wp\/v2\/product_tag?post=24529"}],"curies":[{"name":"wp","href":"https:\/\/api.w.org\/{rel}","templated":true}]}}