{"id":24509,"date":"2025-10-20T17:41:53","date_gmt":"2025-10-20T17:41:53","guid":{"rendered":"https:\/\/onderzoekschemicals.com\/?post_type=product&#038;p=24509"},"modified":"2025-11-28T04:43:36","modified_gmt":"2025-11-28T04:43:36","slug":"3fpm-50mg-zakje-3-pellets","status":"publish","type":"product","link":"https:\/\/onderzoekschemicals.com\/tr\/shop\/b2b\/3fpm-50mg-zakje-3-pellets\/","title":{"rendered":"3-FPM 50 mg po\u015fet 3 pelet"},"content":{"rendered":"<h3 data-start=\"4263\" data-end=\"4284\"><strong data-start=\"4267\" data-end=\"4282\">girii\u015f<\/strong><\/h3>\n<p data-start=\"4285\" data-end=\"4709\"><strong data-start=\"4285\" data-end=\"4318\">3-FPM 50 mg Po\u015fet (3 Pelet)<\/strong> i\u00e7erir <strong data-start=\"4325\" data-end=\"4373\">50 mg&#039;l\u0131k \u00fc\u00e7 hassas dozlu pelet<\/strong> <strong data-start=\"4374\" data-end=\"4407\">3-Florofenmetrazin (3-FPM)<\/strong> - Bir <strong data-start=\"4414\" data-end=\"4441\">sentetik bile\u015fik<\/strong> -den <strong data-start=\"4449\" data-end=\"4484\">ikame edilmi\u015f morfolin s\u0131n\u0131f\u0131<\/strong>. 3fpm<br data-start=\"4485\" data-end=\"4488\" \/>Yap\u0131sal olarak ili\u015fkili <strong data-start=\"4512\" data-end=\"4528\">fenmetrazin<\/strong>, 3-FPM kullan\u0131l\u0131r <strong data-start=\"4554\" data-end=\"4607\">adli, analitik ve n\u00f6rokimyasal ara\u015ft\u0131rmalar<\/strong>\u00f6zellikle de bu konudaki \u00e7al\u0131\u015fmalar i\u00e7in <strong data-start=\"4634\" data-end=\"4660\">monoamin ta\u015f\u0131y\u0131c\u0131lar\u0131<\/strong> Ve <strong data-start=\"4664\" data-end=\"4706\">yap\u0131-aktivite ili\u015fkileri (SAR)<\/strong>.<\/p>\n<p data-start=\"4711\" data-end=\"4990\">Peletler \u015fu \u015fekilde \u00fcretilir: <strong data-start=\"4748\" data-end=\"4786\">s\u0131k\u0131 laboratuvar ko\u015fullar\u0131<\/strong> hemen <strong data-start=\"4795\" data-end=\"4819\">\u2265 98% safl\u0131\u011f\u0131<\/strong> G\u00fcvenilir, tekrarlanabilir ara\u015ft\u0131rma sonu\u00e7lar\u0131 i\u00e7in.<br data-start=\"4875\" data-end=\"4878\" \/>Her \u00e7anta \u015funlar\u0131 i\u00e7erir: <strong data-start=\"4894\" data-end=\"4926\">\u00fc\u00e7 pelet (toplam 150 mg)<\/strong> bir <strong data-start=\"4934\" data-end=\"4987\">nem ve statik i\u00e7ermeyen tekrar kapat\u0131labilir ambalaj<\/strong>.<\/p>\n<blockquote data-start=\"4992\" data-end=\"5141\">\n<p data-start=\"4994\" data-end=\"5141\">\u26a0\ufe0f <strong data-start=\"4997\" data-end=\"5008\">Not:<\/strong> 3-FPM yaln\u0131zca \u015funlar i\u00e7in tasarlanm\u0131\u015ft\u0131r: <strong data-start=\"5043\" data-end=\"5078\">ara\u015ft\u0131rma ve analitik kullan\u0131m<\/strong> \u2014 <strong data-start=\"5081\" data-end=\"5138\">insan veya hayvan t\u00fcketimine uygun de\u011fildir<\/strong>.<\/p>\n<\/blockquote>\n<hr data-start=\"5143\" data-end=\"5146\" \/>\n<h3 data-start=\"5148\" data-end=\"5179\"><strong data-start=\"5152\" data-end=\"5179\">Temel \u00d6zellikler<\/strong><\/h3>\n<div class=\"_tableContainer_1rjym_1\">\n<div class=\"group _tableWrapper_1rjym_13 flex w-fit flex-col-reverse\" tabindex=\"-1\">\n<table class=\"w-fit min-w-(--thread-content-width)\" data-start=\"5181\" data-end=\"5706\">\n<thead data-start=\"5181\" data-end=\"5207\">\n<tr data-start=\"5181\" data-end=\"5207\">\n<th data-start=\"5181\" data-end=\"5191\" data-col-size=\"sm\">\u00d6zellik<\/th>\n<th data-start=\"5191\" data-end=\"5207\" data-col-size=\"md\">Tan\u0131m<\/th>\n<\/tr>\n<\/thead>\n<tbody data-start=\"5236\" data-end=\"5706\">\n<tr data-start=\"5236\" data-end=\"5281\">\n<td data-start=\"5236\" data-end=\"5257\" data-col-size=\"sm\"><strong data-start=\"5238\" data-end=\"5256\">Kimyasal Ad\u0131<\/strong><\/td>\n<td data-start=\"5257\" data-end=\"5281\" data-col-size=\"md\">3-Florofenmetrazin<\/td>\n<\/tr>\n<tr data-start=\"5282\" data-end=\"5316\">\n<td data-start=\"5282\" data-end=\"5307\" data-col-size=\"sm\"><strong data-start=\"5284\" data-end=\"5306\">Yayg\u0131n Ad\u0131<\/strong><\/td>\n<td data-start=\"5307\" data-end=\"5316\" data-col-size=\"md\">3-FPM<\/td>\n<\/tr>\n<tr data-start=\"5317\" data-end=\"5390\">\n<td data-start=\"5317\" data-end=\"5332\" data-col-size=\"sm\"><strong data-start=\"5319\" data-end=\"5331\">Dozaj<\/strong><\/td>\n<td data-start=\"5332\" data-end=\"5390\" data-col-size=\"md\">Pelet ba\u015f\u0131na 50 mg \u2013 toplam 150 mg (torba ba\u015f\u0131na 3 pelet)<\/td>\n<\/tr>\n<tr data-start=\"5391\" data-end=\"5444\">\n<td data-start=\"5391\" data-end=\"5402\" data-col-size=\"sm\"><strong data-start=\"5393\" data-end=\"5401\">Bi\u00e7im<\/strong><\/td>\n<td data-start=\"5402\" data-end=\"5444\" data-col-size=\"md\">Laboratuvar kullan\u0131m\u0131 i\u00e7in kat\u0131 peletler<\/td>\n<\/tr>\n<tr data-start=\"5445\" data-end=\"5497\">\n<td data-start=\"5445\" data-end=\"5462\" data-col-size=\"sm\"><strong data-start=\"5447\" data-end=\"5461\">Safl\u0131k<\/strong><\/td>\n<td data-start=\"5462\" data-end=\"5497\" data-col-size=\"md\">\u2265 98% (GC\/MS ve NMR ile test edilmi\u015ftir)<\/td>\n<\/tr>\n<tr data-start=\"5498\" data-end=\"5573\">\n<td data-start=\"5498\" data-end=\"5521\" data-col-size=\"sm\"><strong data-start=\"5500\" data-end=\"5520\">Kimyasal S\u0131n\u0131f<\/strong><\/td>\n<td data-start=\"5521\" data-end=\"5573\" data-col-size=\"md\">\u0130kame edilmi\u015f morfolin\/fenmetrazin analo\u011fu<\/td>\n<\/tr>\n<tr data-start=\"5574\" data-end=\"5653\">\n<td data-start=\"5574\" data-end=\"5588\" data-col-size=\"sm\"><strong data-start=\"5576\" data-end=\"5587\">Kullan\u0131m<\/strong><\/td>\n<td data-start=\"5588\" data-end=\"5653\" data-col-size=\"md\">Sadece analitik, adli ve n\u00f6rokimyasal ara\u015ft\u0131rmalar i\u00e7in<\/td>\n<\/tr>\n<tr data-start=\"5654\" data-end=\"5706\">\n<td data-start=\"5654\" data-end=\"5671\" data-col-size=\"sm\"><strong data-start=\"5656\" data-end=\"5670\">Ambalajlama<\/strong><\/td>\n<td data-start=\"5671\" data-end=\"5706\" data-col-size=\"md\">Tekrar kapat\u0131labilir antistatik torba<\/td>\n<\/tr>\n<\/tbody>\n<\/table>\n<\/div>\n<\/div>\n<hr data-start=\"5708\" data-end=\"5711\" \/>\n<h3 data-start=\"5713\" data-end=\"5730\"><strong data-start=\"5717\" data-end=\"5730\">Avantajlar\u0131<\/strong><\/h3>\n<ul data-start=\"5732\" data-end=\"6210\">\n<li data-start=\"5732\" data-end=\"5837\">\n<p data-start=\"5734\" data-end=\"5837\"><strong data-start=\"5734\" data-end=\"5758\">Do\u011fru Dozaj<\/strong> \u2013 Her pelet tutarl\u0131 ara\u015ft\u0131rma sonu\u00e7lar\u0131 i\u00e7in tam olarak 50 mg 3-FPM i\u00e7erir.<\/p>\n<\/li>\n<li data-start=\"5838\" data-end=\"5939\">\n<p data-start=\"5840\" data-end=\"5939\"><strong data-start=\"5840\" data-end=\"5859\">Y\u00fcksek Safl\u0131k<\/strong> \u2013 \u2265 98% laboratuvar kalitesinde, kromatografi ve spektroskopi ile do\u011frulanm\u0131\u015ft\u0131r.<\/p>\n<\/li>\n<li data-start=\"5940\" data-end=\"6025\">\n<p data-start=\"5942\" data-end=\"6025\"><strong data-start=\"5942\" data-end=\"5959\">Kararl\u0131 \u015eekil<\/strong> \u2013 Kat\u0131 peletler do\u011fru \u015fekilde depoland\u0131\u011f\u0131nda uzun s\u00fcre stabil kal\u0131r.<\/p>\n<\/li>\n<li data-start=\"6026\" data-end=\"6109\">\n<p data-start=\"6028\" data-end=\"6109\"><strong data-start=\"6028\" data-end=\"6058\">Geni\u015f \u00e7apta ara\u015ft\u0131rma uygulanabilir<\/strong> \u2013 GC\/MS, LC-MS, HPLC, FTIR ve NMR i\u00e7in uygundur.<\/p>\n<\/li>\n<li data-start=\"6110\" data-end=\"6210\">\n<p data-start=\"6112\" data-end=\"6210\"><strong data-start=\"6112\" data-end=\"6137\">\u0130zlenebilir Kalite<\/strong> \u2013 Parti bilgisi ve Analiz Sertifikas\u0131 (COA) talep \u00fczerine mevcuttur. 3fpm<\/p>\n<\/li>\n<\/ul>\n<hr data-start=\"6212\" data-end=\"6215\" \/>\n<h3 data-start=\"6217\" data-end=\"6269\"><strong data-start=\"6221\" data-end=\"6267\">Kullan\u0131m (Sadece Ara\u015ft\u0131rma Ama\u00e7l\u0131)<\/strong><\/h3>\n<ol data-start=\"6271\" data-end=\"6688\">\n<li data-start=\"6271\" data-end=\"6382\">\n<p data-start=\"6274\" data-end=\"6382\"><strong data-start=\"6274\" data-end=\"6289\">Kullan\u0131m:<\/strong> Eldiven, koruyucu g\u00f6zl\u00fck ve laboratuvar \u00f6nl\u00fc\u011f\u00fc giyin; kontroll\u00fc ko\u015fullar alt\u0131nda \u00e7al\u0131\u015f\u0131n.<\/p>\n<\/li>\n<li data-start=\"6383\" data-end=\"6466\">\n<p data-start=\"6386\" data-end=\"6466\"><strong data-start=\"6386\" data-end=\"6399\">\u00d6l\u00e7\u00fcmler:<\/strong> Her bir pellet 50 mg i\u00e7erir; laboratuvar d\u0131\u015f\u0131nda ayarlama yapmay\u0131n\u0131z.<\/p>\n<\/li>\n<li data-start=\"6467\" data-end=\"6546\">\n<p data-start=\"6470\" data-end=\"6546\"><strong data-start=\"6470\" data-end=\"6481\">Depolamak:<\/strong> Serin (2\u20138 \u00b0C), kuru ve karanl\u0131kta, orijinal ambalaj\u0131nda saklay\u0131n\u0131z.<\/p>\n<\/li>\n<li data-start=\"6547\" data-end=\"6611\">\n<p data-start=\"6550\" data-end=\"6611\"><strong data-start=\"6550\" data-end=\"6562\">Analiz:<\/strong> GC\/MS, HPLC, FTIR, LC-MS ve NMR i\u00e7in uygundur.<\/p>\n<\/li>\n<li data-start=\"6612\" data-end=\"6688\">\n<p data-start=\"6615\" data-end=\"6688\"><strong data-start=\"6615\" data-end=\"6632\">Belgeleme:<\/strong> Parti numaras\u0131n\u0131, safl\u0131\u011f\u0131 ve test sonu\u00e7lar\u0131n\u0131 kaydedin.<\/p>\n<\/li>\n<\/ol>\n<hr data-start=\"6690\" data-end=\"6693\" \/>\n<h3 data-start=\"6695\" data-end=\"6730\"><strong data-start=\"6699\" data-end=\"6728\">S\u0131k\u00e7a Sorulan Sorular (SSS)<\/strong><\/h3>\n<p data-start=\"6732\" data-end=\"6914\"><strong data-start=\"6732\" data-end=\"6752\">1. 3-FPM nedir?<\/strong><br data-start=\"6752\" data-end=\"6755\" \/><strong data-start=\"6755\" data-end=\"6787\">3-FPM (3-Florofenmetrazin)<\/strong> bir <strong data-start=\"6795\" data-end=\"6825\">sentetik ara\u015ft\u0131rma maddesi<\/strong> Analitik ve n\u00f6rokimyasal ara\u015ft\u0131rmalarda kullan\u0131lan morfolin ailesindendir.<\/p>\n<p data-start=\"6916\" data-end=\"7074\"><strong data-start=\"6916\" data-end=\"6971\">2. 3-FPM 50 mg Po\u015fet (3 Pellet) i\u00e7eri\u011finde neler var?<\/strong><br data-start=\"6971\" data-end=\"6974\" \/>\u00c7anta \u015funlar\u0131 i\u00e7erir: <strong data-start=\"6990\" data-end=\"7042\">her biri 50 mg 3-FPM&#039;lik \u00fc\u00e7 pelet (toplam 150 mg)<\/strong> \u2265 98% safl\u0131\u011f\u0131nda.<\/p>\n<p data-start=\"7076\" data-end=\"7278\"><strong data-start=\"7076\" data-end=\"7115\">3. 3-FPM sat\u0131n almak yasal m\u0131?<\/strong><br data-start=\"7115\" data-end=\"7118\" \/>The <strong data-start=\"7121\" data-end=\"7145\">3-FPM&#039;nin yasall\u0131\u011f\u0131<\/strong> \u00dclkeye g\u00f6re de\u011fi\u015fir. Baz\u0131 \u00fclkelerde Afyon Yasas\u0131 kapsam\u0131na girer; kullanmadan \u00f6nce mutlaka yerel yasalar\u0131 kontrol edin. <strong data-start=\"7260\" data-end=\"7275\">3-FPM sat\u0131n al\u0131mlar\u0131<\/strong>.<\/p>","protected":false},"excerpt":{"rendered":"<h2><span data-sheets-value=\"{\" data-sheets-userformat=\"{\">3 pelet i\u00e7eren 3-FPM 50 mg po\u015fet<\/span><\/h2>\n<ul>\n<li><strong>Perakende ambalaj\u0131<br \/>\n<\/strong><\/li>\n<li><strong>Torba ba\u015f\u0131na pelet say\u0131s\u0131: 3<\/strong><\/li>\n<li><strong>Fiyatlara 21% KDV dahil de\u011fildir<\/strong><\/li>\n<li><strong>\u00d6nerilen perakende fiyat\u0131: 21,95 \u20ac KDV dahil<\/strong><\/li>\n<\/ul>","protected":false},"featured_media":29216,"comment_status":"closed","ping_status":"closed","template":"","meta":[],"product_brand":[82],"product_cat":[555],"product_tag":[606,601,605,326],"class_list":{"0":"post-24509","1":"product","2":"type-product","3":"status-publish","4":"has-post-thumbnail","6":"product_brand-research-chemical","7":"product_cat-b2b","8":"product_tag-3-fluorophenmetrazine","9":"product_tag-3-fpm","10":"product_tag-3fpm","11":"product_tag-nl","13":"first","14":"instock","15":"taxable","16":"shipping-taxable","17":"purchasable","18":"product-type-variable"},"_links":{"self":[{"href":"https:\/\/onderzoekschemicals.com\/tr\/wp-json\/wp\/v2\/product\/24509","targetHints":{"allow":["GET"]}}],"collection":[{"href":"https:\/\/onderzoekschemicals.com\/tr\/wp-json\/wp\/v2\/product"}],"about":[{"href":"https:\/\/onderzoekschemicals.com\/tr\/wp-json\/wp\/v2\/types\/product"}],"replies":[{"embeddable":true,"href":"https:\/\/onderzoekschemicals.com\/tr\/wp-json\/wp\/v2\/comments?post=24509"}],"version-history":[{"count":5,"href":"https:\/\/onderzoekschemicals.com\/tr\/wp-json\/wp\/v2\/product\/24509\/revisions"}],"predecessor-version":[{"id":27776,"href":"https:\/\/onderzoekschemicals.com\/tr\/wp-json\/wp\/v2\/product\/24509\/revisions\/27776"}],"wp:featuredmedia":[{"embeddable":true,"href":"https:\/\/onderzoekschemicals.com\/tr\/wp-json\/wp\/v2\/media\/29216"}],"wp:attachment":[{"href":"https:\/\/onderzoekschemicals.com\/tr\/wp-json\/wp\/v2\/media?parent=24509"}],"wp:term":[{"taxonomy":"product_brand","embeddable":true,"href":"https:\/\/onderzoekschemicals.com\/tr\/wp-json\/wp\/v2\/product_brand?post=24509"},{"taxonomy":"product_cat","embeddable":true,"href":"https:\/\/onderzoekschemicals.com\/tr\/wp-json\/wp\/v2\/product_cat?post=24509"},{"taxonomy":"product_tag","embeddable":true,"href":"https:\/\/onderzoekschemicals.com\/tr\/wp-json\/wp\/v2\/product_tag?post=24509"}],"curies":[{"name":"wp","href":"https:\/\/api.w.org\/{rel}","templated":true}]}}