{"id":24487,"date":"2025-10-20T17:41:49","date_gmt":"2025-10-20T17:41:49","guid":{"rendered":"https:\/\/onderzoekschemicals.com\/?post_type=product&#038;p=24487"},"modified":"2025-11-28T04:46:31","modified_gmt":"2025-11-28T04:46:31","slug":"5-mapb-mix-05gr","status":"publish","type":"product","link":"https:\/\/onderzoekschemicals.com\/tr\/shop\/b2b\/5-mapb-mix-05gr\/","title":{"rendered":"5-MAPB Kar\u0131\u015f\u0131m\u0131 0,5 gr"},"content":{"rendered":"<ul>\n<li>\n<h3 data-start=\"3942\" data-end=\"3963\"><strong data-start=\"3946\" data-end=\"3961\"><span dir=\"auto\" style=\"vertical-align: inherit;\"><span dir=\"auto\" style=\"vertical-align: inherit;\">girii\u015f<\/span><\/span><\/strong><\/h3>\n<p data-start=\"3964\" data-end=\"4373\"><strong data-start=\"3964\" data-end=\"3989\"><span dir=\"auto\" style=\"vertical-align: inherit;\"><span dir=\"auto\" style=\"vertical-align: inherit;\">5-MAPB Mix 0,5 g Po\u015fet<\/span><\/span><\/strong><span dir=\"auto\" style=\"vertical-align: inherit;\"><span dir=\"auto\" style=\"vertical-align: inherit;\"> 0,5 gram i\u00e7erir <\/span><span dir=\"auto\" style=\"vertical-align: inherit;\">veya <\/span><strong data-start=\"4056\" data-end=\"4100\"><span dir=\"auto\" style=\"vertical-align: inherit;\">laboratuvar s\u0131n\u0131f\u0131 (\u2265 98% safl\u0131k) <\/span><\/strong><\/span><strong data-start=\"3996\" data-end=\"4051\"><span dir=\"auto\" style=\"vertical-align: inherit;\"><span dir=\"auto\" style=\"vertical-align: inherit;\">5-MAPB (5-(2-Metilaminopropil)benzofuran)<\/span><\/span><\/strong><span dir=\"auto\" style=\"vertical-align: inherit;\"><span dir=\"auto\" style=\"vertical-align: inherit;\"> kristal formda. 5-mapb <\/span><span dir=\"auto\" style=\"vertical-align: inherit;\">Bu <\/span><strong data-start=\"4130\" data-end=\"4168\"><span dir=\"auto\" style=\"vertical-align: inherit;\">sentetik benzofuran bile\u015fi\u011fi<\/span><\/strong><span dir=\"auto\" style=\"vertical-align: inherit;\"> yap\u0131sal olarak ili\u015fkilidir <\/span><strong data-start=\"4196\" data-end=\"4204\"><span dir=\"auto\" style=\"vertical-align: inherit;\">MDMA<\/span><\/strong><span dir=\"auto\" style=\"vertical-align: inherit;\"> Ve <\/span><strong data-start=\"4208\" data-end=\"4217\"><span dir=\"auto\" style=\"vertical-align: inherit;\">6-APB<\/span><\/strong><span dir=\"auto\" style=\"vertical-align: inherit;\"> ve kullan\u0131l\u0131r <\/span><strong data-start=\"4239\" data-end=\"4292\"><span dir=\"auto\" style=\"vertical-align: inherit;\">adli, analitik ve n\u00f6rokimyasal ara\u015ft\u0131rmalar<\/span><\/strong><span dir=\"auto\" style=\"vertical-align: inherit;\"> A\u00e7\u0131k <\/span><strong data-start=\"4298\" data-end=\"4324\"><span dir=\"auto\" style=\"vertical-align: inherit;\">serotonin ta\u015f\u0131y\u0131c\u0131lar\u0131<\/span><\/strong><span dir=\"auto\" style=\"vertical-align: inherit;\"> Ve <\/span><strong data-start=\"4328\" data-end=\"4370\"><span dir=\"auto\" style=\"vertical-align: inherit;\">yap\u0131-aktivite ili\u015fkileri (SAR)<\/span><\/strong><span dir=\"auto\" style=\"vertical-align: inherit;\"> .<\/span><\/span><\/p>\n<p data-start=\"4375\" data-end=\"4526\"><span dir=\"auto\" style=\"vertical-align: inherit;\"><span dir=\"auto\" style=\"vertical-align: inherit;\">Madde bir \u015fekilde tedarik edilir <\/span><\/span><strong data-start=\"4405\" data-end=\"4442\"><span dir=\"auto\" style=\"vertical-align: inherit;\"><span dir=\"auto\" style=\"vertical-align: inherit;\">nem ge\u00e7irmez tekrar kapat\u0131labilir po\u015fet<\/span><\/span><\/strong><span dir=\"auto\" style=\"vertical-align: inherit;\"><span dir=\"auto\" style=\"vertical-align: inherit;\"> ve uygundur <\/span><\/span><strong data-start=\"4463\" data-end=\"4523\"><span dir=\"auto\" style=\"vertical-align: inherit;\"><span dir=\"auto\" style=\"vertical-align: inherit;\">kromatografi, spektroskopi ve kimyasal tan\u0131mlama<\/span><\/span><\/strong><span dir=\"auto\" style=\"vertical-align: inherit;\"><span dir=\"auto\" style=\"vertical-align: inherit;\"> .<\/span><\/span><\/p>\n<blockquote data-start=\"4528\" data-end=\"4669\">\n<p data-start=\"4530\" data-end=\"4669\">\u26a0\ufe0f <strong data-start=\"4533\" data-end=\"4544\"><span dir=\"auto\" style=\"vertical-align: inherit;\"><span dir=\"auto\" style=\"vertical-align: inherit;\">Dikkat:<\/span><\/span><\/strong><span dir=\"auto\" style=\"vertical-align: inherit;\"><span dir=\"auto\" style=\"vertical-align: inherit;\"> 5-MAPB a\u015fa\u011f\u0131dakiler i\u00e7in tasarlanm\u0131\u015ft\u0131r: <\/span><\/span><strong data-start=\"4580\" data-end=\"4615\"><span dir=\"auto\" style=\"vertical-align: inherit;\"><span dir=\"auto\" style=\"vertical-align: inherit;\">ara\u015ft\u0131rma ve analitik kullan\u0131m<\/span><\/span><\/strong><span dir=\"auto\" style=\"vertical-align: inherit;\"><span dir=\"auto\" style=\"vertical-align: inherit;\"> sadece - <\/span><\/span><strong data-start=\"4618\" data-end=\"4666\"><span dir=\"auto\" style=\"vertical-align: inherit;\"><span dir=\"auto\" style=\"vertical-align: inherit;\">insan veya hayvan t\u00fcketimi i\u00e7in de\u011fil<\/span><\/span><\/strong><span dir=\"auto\" style=\"vertical-align: inherit;\"><span dir=\"auto\" style=\"vertical-align: inherit;\"> .<\/span><\/span><\/p>\n<\/blockquote>\n<hr data-start=\"4671\" data-end=\"4674\" \/>\n<h3 data-start=\"4676\" data-end=\"4707\"><strong data-start=\"4680\" data-end=\"4707\"><span dir=\"auto\" style=\"vertical-align: inherit;\"><span dir=\"auto\" style=\"vertical-align: inherit;\">Temel \u00d6zellikler<\/span><\/span><\/strong><\/h3>\n<div class=\"_tableContainer_1rjym_1\">\n<div class=\"group _tableWrapper_1rjym_13 flex w-fit flex-col-reverse\" tabindex=\"-1\">\n<table class=\"w-fit min-w-(--thread-content-width)\" data-start=\"4709\" data-end=\"5295\">\n<thead data-start=\"4709\" data-end=\"4735\">\n<tr data-start=\"4709\" data-end=\"4735\">\n<th data-start=\"4709\" data-end=\"4719\" data-col-size=\"sm\"><span dir=\"auto\" style=\"vertical-align: inherit;\"><span dir=\"auto\" style=\"vertical-align: inherit;\">\u00d6zellik<\/span><\/span><\/th>\n<th data-start=\"4719\" data-end=\"4735\" data-col-size=\"md\"><span dir=\"auto\" style=\"vertical-align: inherit;\"><span dir=\"auto\" style=\"vertical-align: inherit;\">Tan\u0131m<\/span><\/span><\/th>\n<\/tr>\n<\/thead>\n<tbody data-start=\"4764\" data-end=\"5295\">\n<tr data-start=\"4764\" data-end=\"4822\">\n<td data-start=\"4764\" data-end=\"4785\" data-col-size=\"sm\"><strong data-start=\"4766\" data-end=\"4784\"><span dir=\"auto\" style=\"vertical-align: inherit;\"><span dir=\"auto\" style=\"vertical-align: inherit;\">Kimyasal Ad\u0131<\/span><\/span><\/strong><\/td>\n<td data-start=\"4785\" data-end=\"4822\" data-col-size=\"md\"><span dir=\"auto\" style=\"vertical-align: inherit;\"><span dir=\"auto\" style=\"vertical-align: inherit;\">5-(2-Metilaminopropil)benzofuran<\/span><\/span><\/td>\n<\/tr>\n<tr data-start=\"4823\" data-end=\"4858\">\n<td data-start=\"4823\" data-end=\"4848\" data-col-size=\"sm\"><strong data-start=\"4825\" data-end=\"4847\"><span dir=\"auto\" style=\"vertical-align: inherit;\"><span dir=\"auto\" style=\"vertical-align: inherit;\">Yayg\u0131n Ad\u0131<\/span><\/span><\/strong><\/td>\n<td data-start=\"4848\" data-end=\"4858\" data-col-size=\"md\"><span dir=\"auto\" style=\"vertical-align: inherit;\"><span dir=\"auto\" style=\"vertical-align: inherit;\">5-MAPB<\/span><\/span><\/td>\n<\/tr>\n<tr data-start=\"4859\" data-end=\"4895\">\n<td data-start=\"4859\" data-end=\"4883\" data-col-size=\"sm\"><strong data-start=\"4861\" data-end=\"4882\"><span dir=\"auto\" style=\"vertical-align: inherit;\"><span dir=\"auto\" style=\"vertical-align: inherit;\">Kimyasal Form\u00fcl<\/span><\/span><\/strong><\/td>\n<td data-start=\"4883\" data-end=\"4895\" data-col-size=\"md\"><span dir=\"auto\" style=\"vertical-align: inherit;\"><span dir=\"auto\" style=\"vertical-align: inherit;\">C\u2081\u2082H\u2081\u2087HAYIR<\/span><\/span><\/td>\n<\/tr>\n<tr data-start=\"4896\" data-end=\"4934\">\n<td data-start=\"4896\" data-end=\"4918\" data-col-size=\"sm\"><strong data-start=\"4898\" data-end=\"4917\"><span dir=\"auto\" style=\"vertical-align: inherit;\"><span dir=\"auto\" style=\"vertical-align: inherit;\">Molek\u00fcler a\u011f\u0131rl\u0131k<\/span><\/span><\/strong><\/td>\n<td data-start=\"4918\" data-end=\"4934\" data-col-size=\"md\"><span dir=\"auto\" style=\"vertical-align: inherit;\"><span dir=\"auto\" style=\"vertical-align: inherit;\">191,27 g\/mol<\/span><\/span><\/td>\n<\/tr>\n<tr data-start=\"4935\" data-end=\"4974\">\n<td data-start=\"4935\" data-end=\"4946\" data-col-size=\"sm\"><strong data-start=\"4937\" data-end=\"4945\"><span dir=\"auto\" style=\"vertical-align: inherit;\"><span dir=\"auto\" style=\"vertical-align: inherit;\">Bi\u00e7im<\/span><\/span><\/strong><\/td>\n<td data-start=\"4946\" data-end=\"4974\" data-col-size=\"md\"><span dir=\"auto\" style=\"vertical-align: inherit;\"><span dir=\"auto\" style=\"vertical-align: inherit;\">Kristal toz (kar\u0131\u015f\u0131m)<\/span><\/span><\/td>\n<\/tr>\n<tr data-start=\"4975\" data-end=\"5024\">\n<td data-start=\"4975\" data-end=\"4993\" data-col-size=\"sm\"><strong data-start=\"4977\" data-end=\"4992\"><span dir=\"auto\" style=\"vertical-align: inherit;\"><span dir=\"auto\" style=\"vertical-align: inherit;\">Miktar<\/span><\/span><\/strong><\/td>\n<td data-start=\"4993\" data-end=\"5024\" data-col-size=\"md\"><span dir=\"auto\" style=\"vertical-align: inherit;\"><span dir=\"auto\" style=\"vertical-align: inherit;\">Po\u015fet ba\u015f\u0131na 0,5 gram (500 mg)<\/span><\/span><\/td>\n<\/tr>\n<tr data-start=\"5025\" data-end=\"5076\">\n<td data-start=\"5025\" data-end=\"5042\" data-col-size=\"sm\"><strong data-start=\"5027\" data-end=\"5041\"><span dir=\"auto\" style=\"vertical-align: inherit;\"><span dir=\"auto\" style=\"vertical-align: inherit;\">Safl\u0131k<\/span><\/span><\/strong><\/td>\n<td data-start=\"5042\" data-end=\"5076\" data-col-size=\"md\"><span dir=\"auto\" style=\"vertical-align: inherit;\"><span dir=\"auto\" style=\"vertical-align: inherit;\">\u2265 98% (HPLC ve NMR ile test edilmi\u015ftir)<\/span><\/span><\/td>\n<\/tr>\n<tr data-start=\"5077\" data-end=\"5149\">\n<td data-start=\"5077\" data-end=\"5100\" data-col-size=\"sm\"><strong data-start=\"5079\" data-end=\"5099\"><span dir=\"auto\" style=\"vertical-align: inherit;\"><span dir=\"auto\" style=\"vertical-align: inherit;\">Kimyasal S\u0131n\u0131f<\/span><\/span><\/strong><\/td>\n<td data-start=\"5100\" data-end=\"5149\" data-col-size=\"md\"><span dir=\"auto\" style=\"vertical-align: inherit;\"><span dir=\"auto\" style=\"vertical-align: inherit;\">Benzofuran\/entaktojen ara\u015ft\u0131rma materyali<\/span><\/span><\/td>\n<\/tr>\n<tr data-start=\"5150\" data-end=\"5229\">\n<td data-start=\"5150\" data-end=\"5164\" data-col-size=\"sm\"><strong data-start=\"5152\" data-end=\"5163\"><span dir=\"auto\" style=\"vertical-align: inherit;\"><span dir=\"auto\" style=\"vertical-align: inherit;\">Kullan\u0131m<\/span><\/span><\/strong><\/td>\n<td data-start=\"5164\" data-end=\"5229\" data-col-size=\"md\"><span dir=\"auto\" style=\"vertical-align: inherit;\"><span dir=\"auto\" style=\"vertical-align: inherit;\">Sadece analitik, adli ve n\u00f6rokimyasal ara\u015ft\u0131rmalar i\u00e7in<\/span><\/span><\/td>\n<\/tr>\n<tr data-start=\"5230\" data-end=\"5295\">\n<td data-start=\"5230\" data-end=\"5247\" data-col-size=\"sm\"><strong data-start=\"5232\" data-end=\"5246\"><span dir=\"auto\" style=\"vertical-align: inherit;\"><span dir=\"auto\" style=\"vertical-align: inherit;\">Ambalajlama<\/span><\/span><\/strong><\/td>\n<td data-start=\"5247\" data-end=\"5295\" data-col-size=\"md\"><span dir=\"auto\" style=\"vertical-align: inherit;\"><span dir=\"auto\" style=\"vertical-align: inherit;\">Tekrar kapat\u0131labilir, antistatik laboratuvar \u00e7antas\u0131<\/span><\/span><\/td>\n<\/tr>\n<\/tbody>\n<\/table>\n<\/div>\n<\/div>\n<hr data-start=\"5297\" data-end=\"5300\" \/>\n<h3 data-start=\"5302\" data-end=\"5319\"><strong data-start=\"5306\" data-end=\"5319\"><span dir=\"auto\" style=\"vertical-align: inherit;\"><span dir=\"auto\" style=\"vertical-align: inherit;\">Avantajlar\u0131<\/span><\/span><\/strong><\/h3>\n<ul data-start=\"5321\" data-end=\"5779\">\n<li data-start=\"5321\" data-end=\"5413\">\n<p data-start=\"5323\" data-end=\"5413\"><strong data-start=\"5323\" data-end=\"5342\"><span dir=\"auto\" style=\"vertical-align: inherit;\"><span dir=\"auto\" style=\"vertical-align: inherit;\">Y\u00fcksek Safl\u0131k<\/span><\/span><\/strong><span dir=\"auto\" style=\"vertical-align: inherit;\"><span dir=\"auto\" style=\"vertical-align: inherit;\"> \u2013 G\u00fcvenilir ara\u015ft\u0131rma sonu\u00e7lar\u0131 i\u00e7in \u2265 98% laboratuvar kalitesi.<\/span><\/span><\/p>\n<\/li>\n<li data-start=\"5414\" data-end=\"5499\">\n<p data-start=\"5416\" data-end=\"5499\"><strong data-start=\"5416\" data-end=\"5446\"><span dir=\"auto\" style=\"vertical-align: inherit;\"><span dir=\"auto\" style=\"vertical-align: inherit;\">Geni\u015f Ara\u015ft\u0131rma Uygulanabilirli\u011fi<\/span><\/span><\/strong><span dir=\"auto\" style=\"vertical-align: inherit;\"><span dir=\"auto\" style=\"vertical-align: inherit;\"> \u2013 GC\/MS, LC-MS, FTIR ve NMR analizleri i\u00e7in uygundur.<\/span><\/span><\/p>\n<\/li>\n<li data-start=\"5500\" data-end=\"5573\">\n<p data-start=\"5502\" data-end=\"5573\"><strong data-start=\"5502\" data-end=\"5526\"><span dir=\"auto\" style=\"vertical-align: inherit;\"><span dir=\"auto\" style=\"vertical-align: inherit;\">Kararl\u0131 Kristal Formu<\/span><\/span><\/strong><span dir=\"auto\" style=\"vertical-align: inherit;\"><span dir=\"auto\" style=\"vertical-align: inherit;\"> \u2013 Uygun depolama ko\u015fullar\u0131nda uzun raf \u00f6mr\u00fcne sahiptir.<\/span><\/span><\/p>\n<\/li>\n<li data-start=\"5574\" data-end=\"5682\">\n<p data-start=\"5576\" data-end=\"5682\"><strong data-start=\"5576\" data-end=\"5606\"><span dir=\"auto\" style=\"vertical-align: inherit;\"><span dir=\"auto\" style=\"vertical-align: inherit;\">De\u011ferli Ara\u015ft\u0131rma Materyali<\/span><\/span><\/strong><span dir=\"auto\" style=\"vertical-align: inherit;\"><span dir=\"auto\" style=\"vertical-align: inherit;\"> \u2013 Resept\u00f6r ba\u011flanma \u00e7al\u0131\u015fmalar\u0131nda ve entaktojenlerin kar\u015f\u0131la\u015ft\u0131r\u0131lmas\u0131nda kullan\u0131l\u0131r.<\/span><\/span><\/p>\n<\/li>\n<li data-start=\"5683\" data-end=\"5779\">\n<p data-start=\"5685\" data-end=\"5779\"><strong data-start=\"5685\" data-end=\"5710\"><span dir=\"auto\" style=\"vertical-align: inherit;\"><span dir=\"auto\" style=\"vertical-align: inherit;\">\u0130zlenebilir Kalite<\/span><\/span><\/strong><span dir=\"auto\" style=\"vertical-align: inherit;\"><span dir=\"auto\" style=\"vertical-align: inherit;\"> \u2013 Parti numaras\u0131 ve Analiz Sertifikas\u0131 (COA) talep \u00fczerine mevcuttur.<\/span><\/span><\/p>\n<\/li>\n<\/ul>\n<hr data-start=\"5781\" data-end=\"5784\" \/>\n<h3 data-start=\"5786\" data-end=\"5838\"><strong data-start=\"5790\" data-end=\"5836\"><span dir=\"auto\" style=\"vertical-align: inherit;\"><span dir=\"auto\" style=\"vertical-align: inherit;\">Kullan\u0131m (Sadece Ara\u015ft\u0131rma Ama\u00e7l\u0131)<\/span><\/span><\/strong><\/h3>\n<ol data-start=\"5840\" data-end=\"6193\">\n<li data-start=\"5840\" data-end=\"5909\">\n<p data-start=\"5843\" data-end=\"5909\"><strong data-start=\"5843\" data-end=\"5858\"><span dir=\"auto\" style=\"vertical-align: inherit;\"><span dir=\"auto\" style=\"vertical-align: inherit;\">Kullan\u0131m:<\/span><\/span><\/strong><span dir=\"auto\" style=\"vertical-align: inherit;\"><span dir=\"auto\" style=\"vertical-align: inherit;\"> Eldiven, koruyucu g\u00f6zl\u00fck ve laboratuvar \u00f6nl\u00fc\u011f\u00fc giyin.<\/span><\/span><\/p>\n<\/li>\n<li data-start=\"5910\" data-end=\"5973\">\n<p data-start=\"5913\" data-end=\"5973\"><strong data-start=\"5913\" data-end=\"5926\"><span dir=\"auto\" style=\"vertical-align: inherit;\"><span dir=\"auto\" style=\"vertical-align: inherit;\">\u00d6l\u00e7\u00fcmler:<\/span><\/span><\/strong><span dir=\"auto\" style=\"vertical-align: inherit;\"><span dir=\"auto\" style=\"vertical-align: inherit;\"> Hassas laboratuvar terazileri kullan\u0131n.<\/span><\/span><\/p>\n<\/li>\n<li data-start=\"5974\" data-end=\"6052\">\n<p data-start=\"5977\" data-end=\"6052\"><strong data-start=\"5977\" data-end=\"5988\"><span dir=\"auto\" style=\"vertical-align: inherit;\"><span dir=\"auto\" style=\"vertical-align: inherit;\">Depolamak:<\/span><\/span><\/strong><span dir=\"auto\" style=\"vertical-align: inherit;\"><span dir=\"auto\" style=\"vertical-align: inherit;\"> Serin (2\u20138\u00b0C), kuru ve karanl\u0131kta, orijinal ambalaj\u0131nda saklay\u0131n\u0131z.<\/span><\/span><\/p>\n<\/li>\n<li data-start=\"6053\" data-end=\"6117\">\n<p data-start=\"6056\" data-end=\"6117\"><strong data-start=\"6056\" data-end=\"6068\"><span dir=\"auto\" style=\"vertical-align: inherit;\"><span dir=\"auto\" style=\"vertical-align: inherit;\">Analiz:<\/span><\/span><\/strong><span dir=\"auto\" style=\"vertical-align: inherit;\"><span dir=\"auto\" style=\"vertical-align: inherit;\"> GC\/MS, LC-MS, FTIR, NMR ve HPLC i\u00e7in uygundur. 5 harita<\/span><\/span><\/p>\n<\/li>\n<li data-start=\"6118\" data-end=\"6193\">\n<p data-start=\"6121\" data-end=\"6193\"><strong data-start=\"6121\" data-end=\"6138\"><span dir=\"auto\" style=\"vertical-align: inherit;\"><span dir=\"auto\" style=\"vertical-align: inherit;\">Belgeleme:<\/span><\/span><\/strong><span dir=\"auto\" style=\"vertical-align: inherit;\"><span dir=\"auto\" style=\"vertical-align: inherit;\"> Uygunluk i\u00e7in parti numaralar\u0131n\u0131 ve test sonu\u00e7lar\u0131n\u0131 kaydedin.<\/span><\/span><\/p>\n<\/li>\n<\/ol>\n<hr data-start=\"6195\" data-end=\"6198\" \/>\n<h3 data-start=\"6200\" data-end=\"6235\"><strong data-start=\"6204\" data-end=\"6233\"><span dir=\"auto\" style=\"vertical-align: inherit;\"><span dir=\"auto\" style=\"vertical-align: inherit;\">S\u0131k\u00e7a Sorulan Sorular (SSS)<\/span><\/span><\/strong><\/h3>\n<p data-start=\"6237\" data-end=\"6416\"><strong data-start=\"6237\" data-end=\"6258\"><span dir=\"auto\" style=\"vertical-align: inherit;\"><span dir=\"auto\" style=\"vertical-align: inherit;\">1. 5-MAPB nedir? <\/span><\/span><\/strong><br data-start=\"6258\" data-end=\"6261\" \/><strong data-start=\"6261\" data-end=\"6307\"><span dir=\"auto\" style=\"vertical-align: inherit;\"><span dir=\"auto\" style=\"vertical-align: inherit;\">5-MAPB (5-(2-Metilaminopropil)benzofuran)<\/span><\/span><\/strong><span dir=\"auto\" style=\"vertical-align: inherit;\"><span dir=\"auto\" style=\"vertical-align: inherit;\"> bir <\/span><\/span><strong data-start=\"6315\" data-end=\"6353\"><span dir=\"auto\" style=\"vertical-align: inherit;\"><span dir=\"auto\" style=\"vertical-align: inherit;\">sentetik benzofuran bile\u015fi\u011fi<\/span><\/span><\/strong><span dir=\"auto\" style=\"vertical-align: inherit;\"><span dir=\"auto\" style=\"vertical-align: inherit;\"> n\u00f6rokimyasal ve analitik ara\u015ft\u0131rmalarda kullan\u0131l\u0131r.<\/span><\/span><\/p>\n<p data-start=\"6418\" data-end=\"6556\"><strong data-start=\"6418\" data-end=\"6465\"><span dir=\"auto\" style=\"vertical-align: inherit;\"><span dir=\"auto\" style=\"vertical-align: inherit;\">2. 5-MAPB Mix 0.5g Po\u015fetinde neler var?<\/span><\/span><\/strong><br data-start=\"6465\" data-end=\"6468\" \/><span dir=\"auto\" style=\"vertical-align: inherit;\"><span dir=\"auto\" style=\"vertical-align: inherit;\"> Po\u015fet \u015funlar\u0131 i\u00e7erir: <\/span><\/span><strong data-start=\"6484\" data-end=\"6503\"><span dir=\"auto\" style=\"vertical-align: inherit;\"><span dir=\"auto\" style=\"vertical-align: inherit;\">0,5 gram 5-MAPB<\/span><\/span><\/strong><span dir=\"auto\" style=\"vertical-align: inherit;\"><span dir=\"auto\" style=\"vertical-align: inherit;\"> kristal formda \u2265 98% safl\u0131\u011f\u0131nda.<\/span><\/span><\/p>\n<p data-start=\"6558\" data-end=\"6772\"><strong data-start=\"6558\" data-end=\"6598\"><span dir=\"auto\" style=\"vertical-align: inherit;\"><span dir=\"auto\" style=\"vertical-align: inherit;\">3. 5-MAPB sat\u0131n almak yasal m\u0131d\u0131r?<\/span><\/span><\/strong><br data-start=\"6598\" data-end=\"6601\" \/><span dir=\"auto\" style=\"vertical-align: inherit;\"><span dir=\"auto\" style=\"vertical-align: inherit;\"> The <\/span><\/span><strong data-start=\"6604\" data-end=\"6629\"><span dir=\"auto\" style=\"vertical-align: inherit;\"><span dir=\"auto\" style=\"vertical-align: inherit;\">5-MAPB&#039;nin yasall\u0131\u011f\u0131<\/span><\/span><\/strong><span dir=\"auto\" style=\"vertical-align: inherit;\"><span dir=\"auto\" style=\"vertical-align: inherit;\"> \u00dclkeye g\u00f6re de\u011fi\u015fir. Baz\u0131 \u00fclkelerde kontroll\u00fc madde olarak kabul edilir. Kullanmadan \u00f6nce mutlaka yerel yasalar\u0131 kontrol edin. <\/span><\/span><strong data-start=\"6753\" data-end=\"6769\"><span dir=\"auto\" style=\"vertical-align: inherit;\"><span dir=\"auto\" style=\"vertical-align: inherit;\">5-MAPB sat\u0131n alma<\/span><\/span><\/strong><span dir=\"auto\" style=\"vertical-align: inherit;\"><span dir=\"auto\" style=\"vertical-align: inherit;\"> .<\/span><\/span><\/p>\n<\/li>\n<\/ul>","protected":false},"excerpt":{"rendered":"<p><strong><span dir=\"auto\" style=\"vertical-align: inherit;\"><span dir=\"auto\" style=\"vertical-align: inherit;\"><span dir=\"auto\" style=\"vertical-align: inherit;\"><span dir=\"auto\" style=\"vertical-align: inherit;\">5-MAPB Kar\u0131\u015f\u0131m\u0131 0,5 gr<\/span><\/span><\/span><\/span><\/strong><\/p>\n<p><span dir=\"auto\" style=\"vertical-align: inherit;\"><span dir=\"auto\" style=\"vertical-align: inherit;\"><span dir=\"auto\" style=\"vertical-align: inherit;\"><span dir=\"auto\" style=\"vertical-align: inherit;\">Perakende ambalaj\u0131<\/span><\/span><\/span><\/span><\/p>\n<ul>\n<li><strong><span dir=\"auto\" style=\"vertical-align: inherit;\"><span dir=\"auto\" style=\"vertical-align: inherit;\"><span dir=\"auto\" style=\"vertical-align: inherit;\"><span dir=\"auto\" style=\"vertical-align: inherit;\">Po\u015fet ba\u015f\u0131na gram miktar\u0131: 0,5<\/span><\/span><\/span><\/span><\/strong><\/li>\n<li><strong><span dir=\"auto\" style=\"vertical-align: inherit;\"><span dir=\"auto\" style=\"vertical-align: inherit;\"><span dir=\"auto\" style=\"vertical-align: inherit;\"><span dir=\"auto\" style=\"vertical-align: inherit;\">Fiyatlara 21% KDV dahil de\u011fildir<\/span><\/span><\/span><\/span><\/strong><\/li>\n<li><strong><span dir=\"auto\" style=\"vertical-align: inherit;\"><span dir=\"auto\" style=\"vertical-align: inherit;\"><span dir=\"auto\" style=\"vertical-align: inherit;\"><span dir=\"auto\" style=\"vertical-align: inherit;\">\u00d6nerilen perakende fiyat\u0131: 29,50 \u20ac KDV dahil<\/span><\/span><\/span><\/span><\/strong><\/li>\n<\/ul>","protected":false},"featured_media":29265,"comment_status":"closed","ping_status":"closed","template":"","meta":[],"product_brand":[],"product_cat":[555],"product_tag":[109,672,637,326],"class_list":{"0":"post-24487","1":"product","2":"type-product","3":"status-publish","4":"has-post-thumbnail","6":"product_cat-b2b","7":"product_tag-5-mapb","8":"product_tag-5mabp","9":"product_tag-5mapb","10":"product_tag-nl","12":"first","13":"instock","14":"taxable","15":"shipping-taxable","16":"purchasable","17":"product-type-variable"},"_links":{"self":[{"href":"https:\/\/onderzoekschemicals.com\/tr\/wp-json\/wp\/v2\/product\/24487","targetHints":{"allow":["GET"]}}],"collection":[{"href":"https:\/\/onderzoekschemicals.com\/tr\/wp-json\/wp\/v2\/product"}],"about":[{"href":"https:\/\/onderzoekschemicals.com\/tr\/wp-json\/wp\/v2\/types\/product"}],"replies":[{"embeddable":true,"href":"https:\/\/onderzoekschemicals.com\/tr\/wp-json\/wp\/v2\/comments?post=24487"}],"version-history":[{"count":6,"href":"https:\/\/onderzoekschemicals.com\/tr\/wp-json\/wp\/v2\/product\/24487\/revisions"}],"predecessor-version":[{"id":28669,"href":"https:\/\/onderzoekschemicals.com\/tr\/wp-json\/wp\/v2\/product\/24487\/revisions\/28669"}],"wp:featuredmedia":[{"embeddable":true,"href":"https:\/\/onderzoekschemicals.com\/tr\/wp-json\/wp\/v2\/media\/29265"}],"wp:attachment":[{"href":"https:\/\/onderzoekschemicals.com\/tr\/wp-json\/wp\/v2\/media?parent=24487"}],"wp:term":[{"taxonomy":"product_brand","embeddable":true,"href":"https:\/\/onderzoekschemicals.com\/tr\/wp-json\/wp\/v2\/product_brand?post=24487"},{"taxonomy":"product_cat","embeddable":true,"href":"https:\/\/onderzoekschemicals.com\/tr\/wp-json\/wp\/v2\/product_cat?post=24487"},{"taxonomy":"product_tag","embeddable":true,"href":"https:\/\/onderzoekschemicals.com\/tr\/wp-json\/wp\/v2\/product_tag?post=24487"}],"curies":[{"name":"wp","href":"https:\/\/api.w.org\/{rel}","templated":true}]}}