{"id":24404,"date":"2025-04-13T17:41:40","date_gmt":"2025-04-13T17:41:40","guid":{"rendered":"https:\/\/onderzoekschemicals.com\/?post_type=product&#038;p=24404"},"modified":"2025-11-28T06:43:12","modified_gmt":"2025-11-28T06:43:12","slug":"nb-dmt-oxalaat","status":"publish","type":"product","link":"https:\/\/onderzoekschemicals.com\/tr\/shop\/nboc-dmt\/nb-dmt-oxalaat\/","title":{"rendered":"NBoc-DMT Oksalat"},"content":{"rendered":"<h3 data-start=\"4268\" data-end=\"4289\"><strong data-start=\"4272\" data-end=\"4287\"><span dir=\"auto\" style=\"vertical-align: inherit;\"><span dir=\"auto\" style=\"vertical-align: inherit;\">girii\u015f<\/span><\/span><\/strong><\/h3>\n<p data-start=\"4290\" data-end=\"4636\"><strong data-start=\"4290\" data-end=\"4311\"><span dir=\"auto\" style=\"vertical-align: inherit;\"><span dir=\"auto\" style=\"vertical-align: inherit;\">N-Boc-DMT Oksalat<\/span><\/span><\/strong><span dir=\"auto\" style=\"vertical-align: inherit;\"><span dir=\"auto\" style=\"vertical-align: inherit;\"> (N-tert-Butoksikarbonil-Dimetiltriptamin Oksalat) bir <\/span><\/span><strong data-start=\"4370\" data-end=\"4406\"><span dir=\"auto\" style=\"vertical-align: inherit;\"><span dir=\"auto\" style=\"vertical-align: inherit;\">y\u00fcksek safl\u0131kta triptamin bile\u015fi\u011fi<\/span><\/span><\/strong><span dir=\"auto\" style=\"vertical-align: inherit;\"><span dir=\"auto\" style=\"vertical-align: inherit;\"> kullan\u0131lan <\/span><\/span><strong data-start=\"4431\" data-end=\"4479\"><span dir=\"auto\" style=\"vertical-align: inherit;\"><span dir=\"auto\" style=\"vertical-align: inherit;\">analitik, kimyasal ve adli ara\u015ft\u0131rmalar<\/span><\/span><\/strong><span dir=\"auto\" style=\"vertical-align: inherit;\"><span dir=\"auto\" style=\"vertical-align: inherit;\"> .nb dmt <\/span><\/span><br data-start=\"4480\" data-end=\"4483\" \/><span dir=\"auto\" style=\"vertical-align: inherit;\"><span dir=\"auto\" style=\"vertical-align: inherit;\">Bir i\u015flevi vard\u0131r <\/span><\/span><strong data-start=\"4504\" data-end=\"4529\"><span dir=\"auto\" style=\"vertical-align: inherit;\"><span dir=\"auto\" style=\"vertical-align: inherit;\">korumal\u0131 ara madde<\/span><\/span><\/strong><span dir=\"auto\" style=\"vertical-align: inherit;\"><span dir=\"auto\" style=\"vertical-align: inherit;\"> sentezinde ve yap\u0131sal \u00e7al\u0131\u015fmas\u0131nda <\/span><\/span><strong data-start=\"4572\" data-end=\"4605\"><span dir=\"auto\" style=\"vertical-align: inherit;\"><span dir=\"auto\" style=\"vertical-align: inherit;\">indol bazl\u0131 triptaminler<\/span><\/span><\/strong><span dir=\"auto\" style=\"vertical-align: inherit;\"><span dir=\"auto\" style=\"vertical-align: inherit;\"> DMT, DET ve 5-MeO-DMT gibi.<\/span><\/span><\/p>\n<p data-start=\"4638\" data-end=\"4905\"><span dir=\"auto\" style=\"vertical-align: inherit;\"><span dir=\"auto\" style=\"vertical-align: inherit;\">The <\/span><\/span><strong data-start=\"4641\" data-end=\"4670\"><span dir=\"auto\" style=\"vertical-align: inherit;\"><span dir=\"auto\" style=\"vertical-align: inherit;\">Boc (tert-b\u00fctoksikarbonil)<\/span><\/span><\/strong><span dir=\"auto\" style=\"vertical-align: inherit;\"><span dir=\"auto\" style=\"vertical-align: inherit;\"> grup, bile\u015fi\u011fi bozulmaya kar\u015f\u0131 korur ve g\u00fcvenli kullan\u0131m ve uzun s\u00fcreli depolamaya olanak tan\u0131r. Bu da <\/span><\/span><strong data-start=\"4783\" data-end=\"4804\"><span dir=\"auto\" style=\"vertical-align: inherit;\"><span dir=\"auto\" style=\"vertical-align: inherit;\">N-Boc-DMT oksalat<\/span><\/span><\/strong><span dir=\"auto\" style=\"vertical-align: inherit;\"><span dir=\"auto\" style=\"vertical-align: inherit;\"> i\u00e7in de\u011ferli bir referans materyali <\/span><\/span><strong data-start=\"4844\" data-end=\"4881\"><span dir=\"auto\" style=\"vertical-align: inherit;\"><span dir=\"auto\" style=\"vertical-align: inherit;\">kromatografik, spektroskopik,<\/span><\/span><\/strong><span dir=\"auto\" style=\"vertical-align: inherit;\"><span dir=\"auto\" style=\"vertical-align: inherit;\"> Ve <\/span><\/span><strong data-start=\"4885\" data-end=\"4902\"><span dir=\"auto\" style=\"vertical-align: inherit;\"><span dir=\"auto\" style=\"vertical-align: inherit;\">SAR \u00e7al\u0131\u015fmalar\u0131<\/span><\/span><\/strong><span dir=\"auto\" style=\"vertical-align: inherit;\"><span dir=\"auto\" style=\"vertical-align: inherit;\"> .<\/span><\/span><\/p>\n<p data-start=\"4907\" data-end=\"5049\"><span dir=\"auto\" style=\"vertical-align: inherit;\"><span dir=\"auto\" style=\"vertical-align: inherit;\">Her parti \u015fu \u015fekilde \u00fcretilir: <\/span><\/span><strong data-start=\"4943\" data-end=\"4976\"><span dir=\"auto\" style=\"vertical-align: inherit;\"><span dir=\"auto\" style=\"vertical-align: inherit;\">s\u0131k\u0131 laboratuvar ko\u015fullar\u0131<\/span><\/span><\/strong><span dir=\"auto\" style=\"vertical-align: inherit;\"><span dir=\"auto\" style=\"vertical-align: inherit;\"> ve test edildi <\/span><\/span><strong data-start=\"4994\" data-end=\"5018\"><span dir=\"auto\" style=\"vertical-align: inherit;\"><span dir=\"auto\" style=\"vertical-align: inherit;\">\u2265 98% safl\u0131k<\/span><\/span><\/strong><span dir=\"auto\" style=\"vertical-align: inherit;\"><span dir=\"auto\" style=\"vertical-align: inherit;\"> ile <\/span><\/span><strong data-start=\"5023\" data-end=\"5046\"><span dir=\"auto\" style=\"vertical-align: inherit;\"><span dir=\"auto\" style=\"vertical-align: inherit;\">HPLC ve NMR analizi<\/span><\/span><\/strong><span dir=\"auto\" style=\"vertical-align: inherit;\"><span dir=\"auto\" style=\"vertical-align: inherit;\"> .<\/span><\/span><\/p>\n<blockquote data-start=\"5051\" data-end=\"5197\">\n<p data-start=\"5053\" data-end=\"5197\">\u26a0\ufe0f <strong data-start=\"5056\" data-end=\"5067\"><span dir=\"auto\" style=\"vertical-align: inherit;\"><span dir=\"auto\" style=\"vertical-align: inherit;\">L\u00fctfen akl\u0131n\u0131zda bulundurun:<\/span><\/span><\/strong><span dir=\"auto\" style=\"vertical-align: inherit;\"><span dir=\"auto\" style=\"vertical-align: inherit;\"> Bu \u00fcr\u00fcn \u015fu ama\u00e7lar i\u00e7in tasarlanm\u0131\u015ft\u0131r: <\/span><\/span><strong data-start=\"5108\" data-end=\"5143\"><span dir=\"auto\" style=\"vertical-align: inherit;\"><span dir=\"auto\" style=\"vertical-align: inherit;\">ara\u015ft\u0131rma ve analitik kullan\u0131m<\/span><\/span><\/strong><span dir=\"auto\" style=\"vertical-align: inherit;\"><span dir=\"auto\" style=\"vertical-align: inherit;\"> sadece - <\/span><\/span><strong data-start=\"5146\" data-end=\"5194\"><span dir=\"auto\" style=\"vertical-align: inherit;\"><span dir=\"auto\" style=\"vertical-align: inherit;\">insan veya hayvan t\u00fcketimi i\u00e7in de\u011fil<\/span><\/span><\/strong><span dir=\"auto\" style=\"vertical-align: inherit;\"><span dir=\"auto\" style=\"vertical-align: inherit;\"> .<\/span><\/span><\/p>\n<\/blockquote>\n<hr data-start=\"5199\" data-end=\"5202\" \/>\n<h3 data-start=\"5204\" data-end=\"5235\"><strong data-start=\"5208\" data-end=\"5235\"><span dir=\"auto\" style=\"vertical-align: inherit;\"><span dir=\"auto\" style=\"vertical-align: inherit;\">Temel \u00d6zellikler<\/span><\/span><\/strong><\/h3>\n<div class=\"_tableContainer_1rjym_1\">\n<div class=\"group _tableWrapper_1rjym_13 flex w-fit flex-col-reverse\" tabindex=\"-1\">\n<table class=\"w-fit min-w-(--thread-content-width)\" data-start=\"5237\" data-end=\"5850\">\n<thead data-start=\"5237\" data-end=\"5263\">\n<tr data-start=\"5237\" data-end=\"5263\">\n<th data-start=\"5237\" data-end=\"5247\" data-col-size=\"sm\"><span dir=\"auto\" style=\"vertical-align: inherit;\"><span dir=\"auto\" style=\"vertical-align: inherit;\">\u00d6zellik<\/span><\/span><\/th>\n<th data-start=\"5247\" data-end=\"5263\" data-col-size=\"md\"><span dir=\"auto\" style=\"vertical-align: inherit;\"><span dir=\"auto\" style=\"vertical-align: inherit;\">Tan\u0131m<\/span><\/span><\/th>\n<\/tr>\n<\/thead>\n<tbody data-start=\"5292\" data-end=\"5850\">\n<tr data-start=\"5292\" data-end=\"5365\">\n<td data-start=\"5292\" data-end=\"5313\" data-col-size=\"sm\"><strong data-start=\"5294\" data-end=\"5312\"><span dir=\"auto\" style=\"vertical-align: inherit;\"><span dir=\"auto\" style=\"vertical-align: inherit;\">Kimyasal Ad\u0131<\/span><\/span><\/strong><\/td>\n<td data-start=\"5313\" data-end=\"5365\" data-col-size=\"md\"><span dir=\"auto\" style=\"vertical-align: inherit;\"><span dir=\"auto\" style=\"vertical-align: inherit;\">N-tert-Butoksikarbonil-Dimetiltriptamin Oksalat<\/span><\/span><\/td>\n<\/tr>\n<tr data-start=\"5366\" data-end=\"5412\">\n<td data-start=\"5366\" data-end=\"5391\" data-col-size=\"sm\"><strong data-start=\"5368\" data-end=\"5390\"><span dir=\"auto\" style=\"vertical-align: inherit;\"><span dir=\"auto\" style=\"vertical-align: inherit;\">Yayg\u0131n Ad\u0131<\/span><\/span><\/strong><\/td>\n<td data-start=\"5391\" data-end=\"5412\" data-col-size=\"md\"><span dir=\"auto\" style=\"vertical-align: inherit;\"><span dir=\"auto\" style=\"vertical-align: inherit;\">N-Boc-DMT Oksalat<\/span><\/span><\/td>\n<\/tr>\n<tr data-start=\"5413\" data-end=\"5458\">\n<td data-start=\"5413\" data-end=\"5437\" data-col-size=\"sm\"><strong data-start=\"5415\" data-end=\"5436\"><span dir=\"auto\" style=\"vertical-align: inherit;\"><span dir=\"auto\" style=\"vertical-align: inherit;\">Kimyasal Form\u00fcl<\/span><\/span><\/strong><\/td>\n<td data-start=\"5437\" data-end=\"5458\" data-col-size=\"md\"><span dir=\"auto\" style=\"vertical-align: inherit;\"><span dir=\"auto\" style=\"vertical-align: inherit;\">C\u2081\u2087H\u2082\u2084N\u2082O\u2084\u00b7C\u2082H\u2082O\u2084<\/span><\/span><\/td>\n<\/tr>\n<tr data-start=\"5459\" data-end=\"5497\">\n<td data-start=\"5459\" data-end=\"5481\" data-col-size=\"sm\"><strong data-start=\"5461\" data-end=\"5480\"><span dir=\"auto\" style=\"vertical-align: inherit;\"><span dir=\"auto\" style=\"vertical-align: inherit;\">Molek\u00fcler a\u011f\u0131rl\u0131k<\/span><\/span><\/strong><\/td>\n<td data-start=\"5481\" data-end=\"5497\" data-col-size=\"md\"><span dir=\"auto\" style=\"vertical-align: inherit;\"><span dir=\"auto\" style=\"vertical-align: inherit;\">404,42 g\/mol<\/span><\/span><\/td>\n<\/tr>\n<tr data-start=\"5498\" data-end=\"5531\">\n<td data-start=\"5498\" data-end=\"5509\" data-col-size=\"sm\"><strong data-start=\"5500\" data-end=\"5508\"><span dir=\"auto\" style=\"vertical-align: inherit;\"><span dir=\"auto\" style=\"vertical-align: inherit;\">Bi\u00e7im<\/span><\/span><\/strong><\/td>\n<td data-start=\"5509\" data-end=\"5531\" data-col-size=\"md\"><span dir=\"auto\" style=\"vertical-align: inherit;\"><span dir=\"auto\" style=\"vertical-align: inherit;\">Kristal toz<\/span><\/span><\/td>\n<\/tr>\n<tr data-start=\"5532\" data-end=\"5583\">\n<td data-start=\"5532\" data-end=\"5549\" data-col-size=\"sm\"><strong data-start=\"5534\" data-end=\"5548\"><span dir=\"auto\" style=\"vertical-align: inherit;\"><span dir=\"auto\" style=\"vertical-align: inherit;\">Safl\u0131k<\/span><\/span><\/strong><\/td>\n<td data-start=\"5549\" data-end=\"5583\" data-col-size=\"md\"><span dir=\"auto\" style=\"vertical-align: inherit;\"><span dir=\"auto\" style=\"vertical-align: inherit;\">\u2265 98% (HPLC ve NMR ile test edilmi\u015ftir)<\/span><\/span><\/td>\n<\/tr>\n<tr data-start=\"5584\" data-end=\"5649\">\n<td data-start=\"5584\" data-end=\"5607\" data-col-size=\"sm\"><strong data-start=\"5586\" data-end=\"5606\"><span dir=\"auto\" style=\"vertical-align: inherit;\"><span dir=\"auto\" style=\"vertical-align: inherit;\">Kimyasal S\u0131n\u0131f<\/span><\/span><\/strong><\/td>\n<td data-start=\"5607\" data-end=\"5649\" data-col-size=\"md\"><span dir=\"auto\" style=\"vertical-align: inherit;\"><span dir=\"auto\" style=\"vertical-align: inherit;\">Triptamin t\u00fcrevi \/ \u0130ndol bile\u015fi\u011fi<\/span><\/span><\/td>\n<\/tr>\n<tr data-start=\"5650\" data-end=\"5724\">\n<td data-start=\"5650\" data-end=\"5664\" data-col-size=\"sm\"><strong data-start=\"5652\" data-end=\"5663\"><span dir=\"auto\" style=\"vertical-align: inherit;\"><span dir=\"auto\" style=\"vertical-align: inherit;\">Kullan\u0131m<\/span><\/span><\/strong><\/td>\n<td data-start=\"5664\" data-end=\"5724\" data-col-size=\"md\"><span dir=\"auto\" style=\"vertical-align: inherit;\"><span dir=\"auto\" style=\"vertical-align: inherit;\">Sadece analitik, adli ve kimyasal ara\u015ft\u0131rmalar i\u00e7in<\/span><\/span><\/td>\n<\/tr>\n<tr data-start=\"5725\" data-end=\"5792\">\n<td data-start=\"5725\" data-end=\"5742\" data-col-size=\"sm\"><strong data-start=\"5727\" data-end=\"5741\"><span dir=\"auto\" style=\"vertical-align: inherit;\"><span dir=\"auto\" style=\"vertical-align: inherit;\">Ambalajlama<\/span><\/span><\/strong><\/td>\n<td data-start=\"5742\" data-end=\"5792\" data-col-size=\"md\"><span dir=\"auto\" style=\"vertical-align: inherit;\"><span dir=\"auto\" style=\"vertical-align: inherit;\">Tekrar kapat\u0131labilir, neme dayan\u0131kl\u0131 laboratuvar \u00e7antas\u0131<\/span><\/span><\/td>\n<\/tr>\n<tr data-start=\"5793\" data-end=\"5850\">\n<td data-start=\"5793\" data-end=\"5811\" data-col-size=\"sm\"><strong data-start=\"5795\" data-end=\"5810\"><span dir=\"auto\" style=\"vertical-align: inherit;\"><span dir=\"auto\" style=\"vertical-align: inherit;\">Miktar<\/span><\/span><\/strong><\/td>\n<td data-start=\"5811\" data-end=\"5850\" data-col-size=\"md\"><span dir=\"auto\" style=\"vertical-align: inherit;\"><span dir=\"auto\" style=\"vertical-align: inherit;\">Torba ba\u015f\u0131na 1 gram (partiye ba\u011fl\u0131)<\/span><\/span><\/td>\n<\/tr>\n<\/tbody>\n<\/table>\n<\/div>\n<\/div>\n<hr data-start=\"5852\" data-end=\"5855\" \/>\n<h3 data-start=\"5857\" data-end=\"5874\"><strong data-start=\"5861\" data-end=\"5874\"><span dir=\"auto\" style=\"vertical-align: inherit;\"><span dir=\"auto\" style=\"vertical-align: inherit;\">Avantajlar\u0131<\/span><\/span><\/strong><\/h3>\n<ul data-start=\"5876\" data-end=\"6309\">\n<li data-start=\"5876\" data-end=\"5968\">\n<p data-start=\"5878\" data-end=\"5968\"><strong data-start=\"5878\" data-end=\"5897\"><span dir=\"auto\" style=\"vertical-align: inherit;\"><span dir=\"auto\" style=\"vertical-align: inherit;\">Y\u00fcksek Safl\u0131k<\/span><\/span><\/strong><span dir=\"auto\" style=\"vertical-align: inherit;\"><span dir=\"auto\" style=\"vertical-align: inherit;\"> \u2013 G\u00fcvenilir ara\u015ft\u0131rma sonu\u00e7lar\u0131 i\u00e7in \u2265 98% laboratuvar kalitesi.<\/span><\/span><\/p>\n<\/li>\n<li data-start=\"5969\" data-end=\"6063\">\n<p data-start=\"5971\" data-end=\"6063\"><strong data-start=\"5971\" data-end=\"5999\"><span dir=\"auto\" style=\"vertical-align: inherit;\"><span dir=\"auto\" style=\"vertical-align: inherit;\">Boc Korumal\u0131 Yap\u0131<\/span><\/span><\/strong><span dir=\"auto\" style=\"vertical-align: inherit;\"><span dir=\"auto\" style=\"vertical-align: inherit;\"> \u2013 Kullan\u0131m s\u0131ras\u0131nda ekstra stabilite ve g\u00fcvenlik sa\u011flar. nb dmt<\/span><\/span><\/p>\n<\/li>\n<li data-start=\"6064\" data-end=\"6142\">\n<p data-start=\"6066\" data-end=\"6142\"><strong data-start=\"6066\" data-end=\"6091\"><span dir=\"auto\" style=\"vertical-align: inherit;\"><span dir=\"auto\" style=\"vertical-align: inherit;\">Ara\u015ft\u0131rma \u0130\u00e7in \u0130deal<\/span><\/span><\/strong><span dir=\"auto\" style=\"vertical-align: inherit;\"><span dir=\"auto\" style=\"vertical-align: inherit;\"> \u2013 GC\/MS, LC-MS, FTIR, HPLC ve NMR i\u00e7in uygundur.<\/span><\/span><\/p>\n<\/li>\n<li data-start=\"6143\" data-end=\"6213\">\n<p data-start=\"6145\" data-end=\"6213\"><strong data-start=\"6145\" data-end=\"6169\"><span dir=\"auto\" style=\"vertical-align: inherit;\"><span dir=\"auto\" style=\"vertical-align: inherit;\">Kararl\u0131 Oksalat Formu<\/span><\/span><\/strong><span dir=\"auto\" style=\"vertical-align: inherit;\"><span dir=\"auto\" style=\"vertical-align: inherit;\"> \u2013 Uzun raf \u00f6mr\u00fcne sahiptir ve kimyasal olarak kararl\u0131d\u0131r.<\/span><\/span><\/p>\n<\/li>\n<li data-start=\"6214\" data-end=\"6309\">\n<p data-start=\"6216\" data-end=\"6309\"><strong data-start=\"6216\" data-end=\"6241\"><span dir=\"auto\" style=\"vertical-align: inherit;\"><span dir=\"auto\" style=\"vertical-align: inherit;\">\u0130zlenebilir \u00dcretim<\/span><\/span><\/strong><span dir=\"auto\" style=\"vertical-align: inherit;\"><span dir=\"auto\" style=\"vertical-align: inherit;\"> \u2013 Her partinin safl\u0131k ve kompozisyonuna ili\u015fkin dok\u00fcmanlar\u0131 mevcuttur.<\/span><\/span><\/p>\n<\/li>\n<\/ul>\n<hr data-start=\"6311\" data-end=\"6314\" \/>\n<h3 data-start=\"6316\" data-end=\"6368\"><strong data-start=\"6320\" data-end=\"6366\"><span dir=\"auto\" style=\"vertical-align: inherit;\"><span dir=\"auto\" style=\"vertical-align: inherit;\">Kullan\u0131m (Sadece Ara\u015ft\u0131rma Ama\u00e7l\u0131)<\/span><\/span><\/strong><\/h3>\n<ol data-start=\"6370\" data-end=\"6735\">\n<li data-start=\"6370\" data-end=\"6464\">\n<p data-start=\"6373\" data-end=\"6464\"><strong data-start=\"6373\" data-end=\"6388\"><span dir=\"auto\" style=\"vertical-align: inherit;\"><span dir=\"auto\" style=\"vertical-align: inherit;\">Kullan\u0131m:<\/span><\/span><\/strong><span dir=\"auto\" style=\"vertical-align: inherit;\"><span dir=\"auto\" style=\"vertical-align: inherit;\"> Eldiven, koruyucu g\u00f6zl\u00fck ve laboratuvar \u00f6nl\u00fc\u011f\u00fc giyin; davlumbaz alt\u0131nda \u00e7al\u0131\u015f\u0131n.<\/span><\/span><\/p>\n<\/li>\n<li data-start=\"6465\" data-end=\"6528\">\n<p data-start=\"6468\" data-end=\"6528\"><strong data-start=\"6468\" data-end=\"6481\"><span dir=\"auto\" style=\"vertical-align: inherit;\"><span dir=\"auto\" style=\"vertical-align: inherit;\">\u00d6l\u00e7\u00fcmler:<\/span><\/span><\/strong><span dir=\"auto\" style=\"vertical-align: inherit;\"><span dir=\"auto\" style=\"vertical-align: inherit;\"> Hassas laboratuvar terazileri kullan\u0131n.<\/span><\/span><\/p>\n<\/li>\n<li data-start=\"6529\" data-end=\"6583\">\n<p data-start=\"6532\" data-end=\"6583\"><strong data-start=\"6532\" data-end=\"6543\"><span dir=\"auto\" style=\"vertical-align: inherit;\"><span dir=\"auto\" style=\"vertical-align: inherit;\">Depolamak:<\/span><\/span><\/strong><span dir=\"auto\" style=\"vertical-align: inherit;\"><span dir=\"auto\" style=\"vertical-align: inherit;\"> Serin (2\u20138\u00b0C), kuru ve karanl\u0131kta saklay\u0131n\u0131z.<\/span><\/span><\/p>\n<\/li>\n<li data-start=\"6584\" data-end=\"6671\">\n<p data-start=\"6587\" data-end=\"6671\"><strong data-start=\"6587\" data-end=\"6599\"><span dir=\"auto\" style=\"vertical-align: inherit;\"><span dir=\"auto\" style=\"vertical-align: inherit;\">Analiz:<\/span><\/span><\/strong><span dir=\"auto\" style=\"vertical-align: inherit;\"><span dir=\"auto\" style=\"vertical-align: inherit;\"> Kromatografi, spektroskopi ve yap\u0131sal ara\u015ft\u0131rmalara uygundur.<\/span><\/span><\/p>\n<\/li>\n<li data-start=\"6672\" data-end=\"6735\">\n<p data-start=\"6675\" data-end=\"6735\"><strong data-start=\"6675\" data-end=\"6692\"><span dir=\"auto\" style=\"vertical-align: inherit;\"><span dir=\"auto\" style=\"vertical-align: inherit;\">Belgeleme:<\/span><\/span><\/strong><span dir=\"auto\" style=\"vertical-align: inherit;\"><span dir=\"auto\" style=\"vertical-align: inherit;\"> Parti verilerini ve analiz y\u00f6ntemlerini kaydedin.<\/span><\/span><\/p>\n<\/li>\n<\/ol>\n<hr data-start=\"6737\" data-end=\"6740\" \/>\n<h3 data-start=\"6742\" data-end=\"6777\"><strong data-start=\"6746\" data-end=\"6775\"><span dir=\"auto\" style=\"vertical-align: inherit;\"><span dir=\"auto\" style=\"vertical-align: inherit;\">S\u0131k\u00e7a Sorulan Sorular (SSS)<\/span><\/span><\/strong><\/h3>\n<p data-start=\"6779\" data-end=\"6958\"><strong data-start=\"6779\" data-end=\"6811\"><span dir=\"auto\" style=\"vertical-align: inherit;\"><span dir=\"auto\" style=\"vertical-align: inherit;\">1. N-Boc-DMT Oksalat Nedir? <\/span><\/span><\/strong><br data-start=\"6811\" data-end=\"6814\" \/><strong data-start=\"6814\" data-end=\"6835\"><span dir=\"auto\" style=\"vertical-align: inherit;\"><span dir=\"auto\" style=\"vertical-align: inherit;\">N-Boc-DMT Oksalat<\/span><\/span><\/strong><span dir=\"auto\" style=\"vertical-align: inherit;\"><span dir=\"auto\" style=\"vertical-align: inherit;\"> bir <\/span><\/span><strong data-start=\"6843\" data-end=\"6878\"><span dir=\"auto\" style=\"vertical-align: inherit;\"><span dir=\"auto\" style=\"vertical-align: inherit;\">korumal\u0131 triptamin bile\u015fi\u011fi<\/span><\/span><\/strong><span dir=\"auto\" style=\"vertical-align: inherit;\"><span dir=\"auto\" style=\"vertical-align: inherit;\"> Analitik ara\u015ft\u0131rmalarda istikrarl\u0131 bir referans materyali olarak kullan\u0131l\u0131r.<\/span><\/span><\/p>\n<p data-start=\"6960\" data-end=\"7107\"><strong data-start=\"6960\" data-end=\"7002\"><span dir=\"auto\" style=\"vertical-align: inherit;\"><span dir=\"auto\" style=\"vertical-align: inherit;\">2. Boc grubu neden kullan\u0131l\u0131r?<\/span><\/span><\/strong><br data-start=\"7002\" data-end=\"7005\" \/><span dir=\"auto\" style=\"vertical-align: inherit;\"><span dir=\"auto\" style=\"vertical-align: inherit;\"> The <\/span><\/span><strong data-start=\"7008\" data-end=\"7021\"><span dir=\"auto\" style=\"vertical-align: inherit;\"><span dir=\"auto\" style=\"vertical-align: inherit;\">Boc grubu<\/span><\/span><\/strong><span dir=\"auto\" style=\"vertical-align: inherit;\"><span dir=\"auto\" style=\"vertical-align: inherit;\"> bile\u015fi\u011fin bozulmas\u0131n\u0131 \u00f6nler ve g\u00fcvenli ara\u015ft\u0131rma ve depolama olana\u011f\u0131 sa\u011flar.<\/span><\/span><\/p>\n<p data-start=\"7109\" data-end=\"7301\"><strong data-start=\"7109\" data-end=\"7160\"><span dir=\"auto\" style=\"vertical-align: inherit;\"><span dir=\"auto\" style=\"vertical-align: inherit;\">3. N-Boc-DMT oksalat sat\u0131n almak yasal m\u0131d\u0131r?<\/span><\/span><\/strong><br data-start=\"7160\" data-end=\"7163\" \/><span dir=\"auto\" style=\"vertical-align: inherit;\"><span dir=\"auto\" style=\"vertical-align: inherit;\"> The <\/span><\/span><strong data-start=\"7166\" data-end=\"7202\"><span dir=\"auto\" style=\"vertical-align: inherit;\"><span dir=\"auto\" style=\"vertical-align: inherit;\">N-Boc-DMT oksalat\u0131n yasall\u0131\u011f\u0131<\/span><\/span><\/strong><span dir=\"auto\" style=\"vertical-align: inherit;\"><span dir=\"auto\" style=\"vertical-align: inherit;\"> \u00dclkeye g\u00f6re de\u011fi\u015fir. Her zaman yerel yasalar\u0131n\u0131z\u0131 kontrol edin. <\/span><\/span><strong data-start=\"7271\" data-end=\"7298\"><span dir=\"auto\" style=\"vertical-align: inherit;\"><span dir=\"auto\" style=\"vertical-align: inherit;\">N-Boc-DMT oksalat sat\u0131n alma<\/span><\/span><\/strong><span dir=\"auto\" style=\"vertical-align: inherit;\"><span dir=\"auto\" style=\"vertical-align: inherit;\"> .<\/span><\/span><\/p>","protected":false},"excerpt":{"rendered":"<h2><span dir=\"auto\" style=\"vertical-align: inherit;\"><span dir=\"auto\" style=\"vertical-align: inherit;\"><span dir=\"auto\" style=\"vertical-align: inherit;\"><span dir=\"auto\" style=\"vertical-align: inherit;\">NBoc-DMT Oksalat<\/span><\/span><\/span><\/span><\/h2>\n<p><span dir=\"auto\" style=\"vertical-align: inherit;\"><span dir=\"auto\" style=\"vertical-align: inherit;\"><span dir=\"auto\" style=\"vertical-align: inherit;\"><span dir=\"auto\" style=\"vertical-align: inherit;\">This product is exclusively available at Professor.nl! After extensive research and testing, we&#8217;ve managed to create a product that closely resembles the banned substance NN-DMT.<\/span><\/span><\/span><\/span><\/p>","protected":false},"featured_media":29380,"comment_status":"closed","ping_status":"closed","template":"","meta":[],"product_brand":[],"product_cat":[466,381],"product_tag":[573,326],"class_list":{"0":"post-24404","1":"product","2":"type-product","3":"status-publish","4":"has-post-thumbnail","6":"product_cat-nboc-dmt","7":"product_cat-tryptamines","8":"product_tag-nb-dmt","9":"product_tag-nl","11":"first","12":"instock","13":"taxable","14":"shipping-taxable","15":"purchasable","16":"product-type-variable"},"_links":{"self":[{"href":"https:\/\/onderzoekschemicals.com\/tr\/wp-json\/wp\/v2\/product\/24404","targetHints":{"allow":["GET"]}}],"collection":[{"href":"https:\/\/onderzoekschemicals.com\/tr\/wp-json\/wp\/v2\/product"}],"about":[{"href":"https:\/\/onderzoekschemicals.com\/tr\/wp-json\/wp\/v2\/types\/product"}],"replies":[{"embeddable":true,"href":"https:\/\/onderzoekschemicals.com\/tr\/wp-json\/wp\/v2\/comments?post=24404"}],"version-history":[{"count":6,"href":"https:\/\/onderzoekschemicals.com\/tr\/wp-json\/wp\/v2\/product\/24404\/revisions"}],"predecessor-version":[{"id":28682,"href":"https:\/\/onderzoekschemicals.com\/tr\/wp-json\/wp\/v2\/product\/24404\/revisions\/28682"}],"wp:featuredmedia":[{"embeddable":true,"href":"https:\/\/onderzoekschemicals.com\/tr\/wp-json\/wp\/v2\/media\/29380"}],"wp:attachment":[{"href":"https:\/\/onderzoekschemicals.com\/tr\/wp-json\/wp\/v2\/media?parent=24404"}],"wp:term":[{"taxonomy":"product_brand","embeddable":true,"href":"https:\/\/onderzoekschemicals.com\/tr\/wp-json\/wp\/v2\/product_brand?post=24404"},{"taxonomy":"product_cat","embeddable":true,"href":"https:\/\/onderzoekschemicals.com\/tr\/wp-json\/wp\/v2\/product_cat?post=24404"},{"taxonomy":"product_tag","embeddable":true,"href":"https:\/\/onderzoekschemicals.com\/tr\/wp-json\/wp\/v2\/product_tag?post=24404"}],"curies":[{"name":"wp","href":"https:\/\/api.w.org\/{rel}","templated":true}]}}