{"id":24226,"date":"2025-04-13T17:41:17","date_gmt":"2025-04-13T17:41:17","guid":{"rendered":"https:\/\/onderzoekschemicals.com\/?post_type=product&#038;p=24226"},"modified":"2025-11-28T07:03:16","modified_gmt":"2025-11-28T07:03:16","slug":"nm-2-ai-hcl-puur","status":"publish","type":"product","link":"https:\/\/onderzoekschemicals.com\/tr\/shop\/nm-2-ai\/nm-2-ai-hcl-puur\/","title":{"rendered":"NM-2-AI HCl Saf"},"content":{"rendered":"<h2 data-start=\"3847\" data-end=\"3873\"><strong data-start=\"3850\" data-end=\"3873\">\u00dcr\u00fcn A\u00e7\u0131klamas\u0131<\/strong><\/h2>\n<p data-start=\"3875\" data-end=\"4203\"><strong data-start=\"3875\" data-end=\"3929\">NM-2-AI HCl (N-Metil-2-Aminoindan Hidroklor\u00fcr)<\/strong> bir <strong data-start=\"3937\" data-end=\"3975\">y\u00fcksek safl\u0131kta ara\u015ft\u0131rma maddesi<\/strong>, ait <strong data-start=\"3993\" data-end=\"4015\">aminoindan s\u0131n\u0131f\u0131<\/strong>.<br data-start=\"4016\" data-end=\"4019\" \/>Bunun i\u00e7in kullan\u0131l\u0131r <strong data-start=\"4043\" data-end=\"4097\">analitik, adli ve farmakolojik ara\u015ft\u0131rmalar<\/strong> ve hizmet eder <strong data-start=\"4111\" data-end=\"4134\">referans standard\u0131<\/strong> \u00e7al\u0131\u015fmak i\u00e7in <strong data-start=\"4159\" data-end=\"4200\">yap\u0131sal ve metabolik \u00f6zellikler<\/strong>.nm-2-ai<\/p>\n<p data-start=\"4205\" data-end=\"4350\">Her parti <strong data-start=\"4216\" data-end=\"4236\">NM-2-AI HCl Saf<\/strong> s\u0131k\u0131 kalite kontrol\u00fc alt\u0131nda \u00fcretilmektedir <strong data-start=\"4292\" data-end=\"4335\">tutarl\u0131l\u0131k, istikrar ve safl\u0131k<\/strong> garanti etmek.<\/p>\n<p data-start=\"4352\" data-end=\"4488\">\u26a0\ufe0f <strong data-start=\"4355\" data-end=\"4366\">Not:<\/strong> Bu \u00fcr\u00fcn <strong data-start=\"4382\" data-end=\"4431\">yaln\u0131zca ara\u015ft\u0131rma ama\u00e7l\u0131d\u0131r<\/strong> Ve <strong data-start=\"4435\" data-end=\"4487\">insan veya hayvan kullan\u0131m\u0131 i\u00e7in uygun de\u011fildir<\/strong>.<\/p>\n<hr data-start=\"4490\" data-end=\"4493\" \/>\n<h2 data-start=\"4495\" data-end=\"4525\"><strong data-start=\"4498\" data-end=\"4525\">Temel \u00d6zellikler<\/strong><\/h2>\n<ul data-start=\"4527\" data-end=\"4946\">\n<li data-start=\"4527\" data-end=\"4615\">\n<p data-start=\"4529\" data-end=\"4615\"><strong data-start=\"4529\" data-end=\"4549\">Y\u00fcksek Safl\u0131k:<\/strong> Analitik ara\u015ft\u0131rmalar ve laboratuvar uygulamalar\u0131 i\u00e7in uygundur.<\/p>\n<\/li>\n<li data-start=\"4616\" data-end=\"4690\">\n<p data-start=\"4618\" data-end=\"4690\"><strong data-start=\"4618\" data-end=\"4640\">Kararl\u0131 HCl Formu:<\/strong> Uzun s\u00fcreli depolamada bozulmaya kar\u015f\u0131 dayan\u0131kl\u0131d\u0131r.<\/p>\n<\/li>\n<li data-start=\"4691\" data-end=\"4775\">\n<p data-start=\"4693\" data-end=\"4775\"><strong data-start=\"4693\" data-end=\"4723\">G\u00fcvenilir Kompozisyon:<\/strong> Kontroll\u00fc ko\u015fullar alt\u0131nda \u00fcretilmi\u015ftir.<\/p>\n<\/li>\n<li data-start=\"4776\" data-end=\"4847\">\n<p data-start=\"4778\" data-end=\"4847\"><strong data-start=\"4778\" data-end=\"4801\">G\u00fcvenli Paketleme:<\/strong> Hava ge\u00e7irmez ve kirlenmeye kar\u015f\u0131 m\u00fch\u00fcrl\u00fc.<\/p>\n<\/li>\n<li data-start=\"4848\" data-end=\"4946\">\n<p data-start=\"4850\" data-end=\"4946\"><strong data-start=\"4850\" data-end=\"4877\">AB d\u00fczenlemelerine uygun olarak:<\/strong> Ara\u015ft\u0131rma kimyasallar\u0131 i\u00e7in Avrupa g\u00fcvenlik standartlar\u0131na uygundur.<\/p>\n<\/li>\n<\/ul>\n<hr data-start=\"4948\" data-end=\"4951\" \/>\n<h2 data-start=\"4953\" data-end=\"4984\"><strong data-start=\"4956\" data-end=\"4984\">Ara\u015ft\u0131rma \u0130\u00e7in Faydalar<\/strong><\/h2>\n<ul data-start=\"4986\" data-end=\"5261\">\n<li data-start=\"4986\" data-end=\"5050\">\n<p data-start=\"4988\" data-end=\"5050\">Uygun olanlar <strong data-start=\"5002\" data-end=\"5047\">toksikolojik ve farmakolojik ara\u015ft\u0131rmalar<\/strong>.<\/p>\n<\/li>\n<li data-start=\"5051\" data-end=\"5124\">\n<p data-start=\"5053\" data-end=\"5124\">Destekler <strong data-start=\"5065\" data-end=\"5101\">analitik y\u00f6ntem geli\u015ftirme<\/strong> (LC-MS, GC-MS, NMR).<\/p>\n<\/li>\n<li data-start=\"5125\" data-end=\"5189\">\n<p data-start=\"5127\" data-end=\"5189\">Olarak hizmet eder <strong data-start=\"5137\" data-end=\"5160\">referans standard\u0131<\/strong> Adli soru\u015fturma i\u00e7in.<\/p>\n<\/li>\n<li data-start=\"5190\" data-end=\"5261\">\n<p data-start=\"5192\" data-end=\"5261\">Sa\u011flar <strong data-start=\"5203\" data-end=\"5258\">tekrarlanabilir ve g\u00fcvenilir ara\u015ft\u0131rma sonu\u00e7lar\u0131<\/strong>.nm-2-ai<\/p>\n<\/li>\n<\/ul>\n<hr data-start=\"5263\" data-end=\"5266\" \/>\n<h2 data-start=\"5268\" data-end=\"5302\"><strong data-start=\"5271\" data-end=\"5302\">Kullan\u0131m (Ara\u015ft\u0131rma ba\u011flam\u0131)<\/strong><\/h2>\n<ol data-start=\"5304\" data-end=\"5509\">\n<li data-start=\"5304\" data-end=\"5349\">\n<p data-start=\"5307\" data-end=\"5349\">Sadece akredite laboratuvarlarda kullan\u0131lmal\u0131d\u0131r.<\/p>\n<\/li>\n<li data-start=\"5350\" data-end=\"5410\">\n<p data-start=\"5353\" data-end=\"5410\">Eldiven, koruyucu g\u00f6zl\u00fck ve laboratuvar \u00f6nl\u00fc\u011f\u00fc giyin.<\/p>\n<\/li>\n<li data-start=\"5411\" data-end=\"5458\">\n<p data-start=\"5414\" data-end=\"5458\">Serin, kuru ve karanl\u0131kta (25\u00b0C&#039;nin alt\u0131nda) saklay\u0131n\u0131z.<\/p>\n<\/li>\n<li data-start=\"5459\" data-end=\"5509\">\n<p data-start=\"5462\" data-end=\"5509\">Kal\u0131nt\u0131lar\u0131 yerel \u00e7evre d\u00fczenlemelerine uygun \u015fekilde bertaraf edin.<\/p>\n<\/li>\n<\/ol>\n<blockquote data-start=\"5511\" data-end=\"5597\">\n<p data-start=\"5513\" data-end=\"5597\"><strong data-start=\"5513\" data-end=\"5524\">Not:<\/strong> <em data-start=\"5525\" data-end=\"5543\">NM-2-AI HCl Saf<\/em> d\u0131r <strong data-start=\"5547\" data-end=\"5596\">yaln\u0131zca ara\u015ft\u0131rma ama\u00e7l\u0131d\u0131r<\/strong>.<\/p>\n<\/blockquote>\n<hr data-start=\"5599\" data-end=\"5602\" \/>\n<h2 data-start=\"5604\" data-end=\"5638\"><strong data-start=\"5607\" data-end=\"5638\">S\u0131k\u00e7a Sorulan Sorular (SSS)<\/strong><\/h2>\n<p data-start=\"5640\" data-end=\"5778\"><strong data-start=\"5640\" data-end=\"5683\">1. NM-2-AI HCl ne i\u00e7in kullan\u0131l\u0131r?<\/strong><br data-start=\"5683\" data-end=\"5686\" \/>Bunun i\u00e7in kullan\u0131l\u0131r <strong data-start=\"5710\" data-end=\"5748\">analitik ve adli ara\u015ft\u0131rma<\/strong> aminoindan bile\u015fiklerine.<\/p>\n<p data-start=\"5780\" data-end=\"5903\"><strong data-start=\"5780\" data-end=\"5832\">2. NM-2-AI HCl insan kullan\u0131m\u0131 i\u00e7in g\u00fcvenli midir?<\/strong><br data-start=\"5832\" data-end=\"5835\" \/>Hay\u0131r, bu \u00fcr\u00fcn <strong data-start=\"5855\" data-end=\"5902\">insan t\u00fcketimi i\u00e7in onaylanmam\u0131\u015ft\u0131r<\/strong>.<\/p>\n<p data-start=\"5905\" data-end=\"6058\"><strong data-start=\"5905\" data-end=\"5943\">3. NM-2-AI HCl Pure\u2019u kimler sat\u0131n alabilir?<\/strong><br data-start=\"5943\" data-end=\"5946\" \/>Sadece <strong data-start=\"5953\" data-end=\"6002\">tan\u0131nm\u0131\u015f ara\u015ft\u0131rma kurumlar\u0131 ve laboratuvarlar\u0131<\/strong> Uygun izinler al\u0131narak bu madde sat\u0131n al\u0131nabilir.<\/p>","protected":false},"excerpt":{"rendered":"<h2>NM-2-AI HCl Saf<\/h2>\n<p>NM-2-AI hidroklor\u00fcr, yaln\u0131zca ara\u015ft\u0131rma ama\u00e7l\u0131 satt\u0131\u011f\u0131m\u0131z bir maddedir ve bu nedenle insan t\u00fcketimi i\u00e7in uygun de\u011fildir. NM-2-AI, do\u011fru ortamda sakland\u0131\u011f\u0131nda iki y\u0131la kadar ara\u015ft\u0131r\u0131labilir. 2C-E<\/p>","protected":false},"featured_media":29384,"comment_status":"closed","ping_status":"closed","template":"","meta":[],"product_brand":[82],"product_cat":[479,336],"product_tag":[326,879,880],"class_list":{"0":"post-24226","1":"product","2":"type-product","3":"status-publish","4":"has-post-thumbnail","6":"product_brand-research-chemical","7":"product_cat-nm-2-ai","8":"product_cat-overig","9":"product_tag-nl","10":"product_tag-nm-2-ai","11":"product_tag-nm-2-ai-hcl","13":"first","14":"instock","15":"taxable","16":"shipping-taxable","17":"purchasable","18":"product-type-variable"},"_links":{"self":[{"href":"https:\/\/onderzoekschemicals.com\/tr\/wp-json\/wp\/v2\/product\/24226","targetHints":{"allow":["GET"]}}],"collection":[{"href":"https:\/\/onderzoekschemicals.com\/tr\/wp-json\/wp\/v2\/product"}],"about":[{"href":"https:\/\/onderzoekschemicals.com\/tr\/wp-json\/wp\/v2\/types\/product"}],"replies":[{"embeddable":true,"href":"https:\/\/onderzoekschemicals.com\/tr\/wp-json\/wp\/v2\/comments?post=24226"}],"version-history":[{"count":5,"href":"https:\/\/onderzoekschemicals.com\/tr\/wp-json\/wp\/v2\/product\/24226\/revisions"}],"predecessor-version":[{"id":27830,"href":"https:\/\/onderzoekschemicals.com\/tr\/wp-json\/wp\/v2\/product\/24226\/revisions\/27830"}],"wp:featuredmedia":[{"embeddable":true,"href":"https:\/\/onderzoekschemicals.com\/tr\/wp-json\/wp\/v2\/media\/29384"}],"wp:attachment":[{"href":"https:\/\/onderzoekschemicals.com\/tr\/wp-json\/wp\/v2\/media?parent=24226"}],"wp:term":[{"taxonomy":"product_brand","embeddable":true,"href":"https:\/\/onderzoekschemicals.com\/tr\/wp-json\/wp\/v2\/product_brand?post=24226"},{"taxonomy":"product_cat","embeddable":true,"href":"https:\/\/onderzoekschemicals.com\/tr\/wp-json\/wp\/v2\/product_cat?post=24226"},{"taxonomy":"product_tag","embeddable":true,"href":"https:\/\/onderzoekschemicals.com\/tr\/wp-json\/wp\/v2\/product_tag?post=24226"}],"curies":[{"name":"wp","href":"https:\/\/api.w.org\/{rel}","templated":true}]}}