{"id":24200,"date":"2025-04-13T17:41:14","date_gmt":"2025-04-13T17:41:14","guid":{"rendered":"https:\/\/onderzoekschemicals.com\/?post_type=product&#038;p=24200"},"modified":"2025-10-12T20:05:31","modified_gmt":"2025-10-12T20:05:31","slug":"1p-lsd-zakje-3-blotters","status":"publish","type":"product","link":"https:\/\/onderzoekschemicals.com\/tr\/shop\/b2b\/1p-lsd-zakje-3-blotters\/","title":{"rendered":"1P-LSD po\u015fet 3 kurutma ka\u011f\u0131d\u0131"},"content":{"rendered":"<h2 data-start=\"3787\" data-end=\"3813\"><strong data-start=\"3790\" data-end=\"3813\">\u00dcr\u00fcn A\u00e7\u0131klamas\u0131<\/strong><\/h2>\n<p data-start=\"3815\" data-end=\"4065\"><strong data-start=\"3815\" data-end=\"3866\">1P-LSD (1-Propionil-Liserjik Asit Dietilamid)<\/strong> bir <strong data-start=\"3874\" data-end=\"3917\">lizergamid s\u0131n\u0131f\u0131ndan ara\u015ft\u0131rma maddesi<\/strong>, LSD ile ilgili.<br data-start=\"3935\" data-end=\"3938\" \/>Bunun i\u00e7in kullan\u0131l\u0131r <strong data-start=\"3962\" data-end=\"4015\">analitik, adli ve n\u00f6rokimyasal ara\u015ft\u0131rmalar<\/strong> Tats\u0131z <strong data-start=\"4021\" data-end=\"4062\">yap\u0131sal ve metabolik \u00f6zellikler<\/strong>LSD sipari\u015fi ver<\/p>\n<p data-start=\"4067\" data-end=\"4231\">Her biri <strong data-start=\"4071\" data-end=\"4087\">1P-LSD torbas\u0131<\/strong> i\u00e7erir <strong data-start=\"4094\" data-end=\"4132\">3 adet \u00f6zenle haz\u0131rlanm\u0131\u015f kurutma ka\u011f\u0131d\u0131<\/strong>kontroll\u00fc ko\u015fullar alt\u0131nda \u00fcretilen <strong data-start=\"4186\" data-end=\"4216\">safl\u0131k ve tutarl\u0131l\u0131k<\/strong> garanti etmek.<\/p>\n<p data-start=\"4233\" data-end=\"4369\">\u26a0\ufe0f <strong data-start=\"4236\" data-end=\"4247\">Not:<\/strong> Bu \u00fcr\u00fcn <strong data-start=\"4263\" data-end=\"4312\">yaln\u0131zca ara\u015ft\u0131rma ama\u00e7l\u0131d\u0131r<\/strong> Ve <strong data-start=\"4316\" data-end=\"4368\">insan veya hayvan kullan\u0131m\u0131 i\u00e7in uygun de\u011fildir<\/strong>.<\/p>\n<hr data-start=\"4371\" data-end=\"4374\" \/>\n<h2 data-start=\"4376\" data-end=\"4406\"><strong data-start=\"4379\" data-end=\"4406\">Temel \u00d6zellikler<\/strong><\/h2>\n<ul data-start=\"4408\" data-end=\"4757\">\n<li data-start=\"4408\" data-end=\"4482\">\n<p data-start=\"4410\" data-end=\"4482\"><strong data-start=\"4410\" data-end=\"4430\">Y\u00fcksek Safl\u0131k:<\/strong> Analitik ve adli ara\u015ft\u0131rmalara uygundur.<\/p>\n<\/li>\n<li data-start=\"4483\" data-end=\"4553\">\n<p data-start=\"4485\" data-end=\"4553\"><strong data-start=\"4485\" data-end=\"4517\">Standartla\u015ft\u0131r\u0131lm\u0131\u015f Blotterlar:<\/strong> Blotter ba\u015f\u0131na sabit dozaj.<\/p>\n<\/li>\n<li data-start=\"4554\" data-end=\"4612\">\n<p data-start=\"4556\" data-end=\"4612\"><strong data-start=\"4556\" data-end=\"4577\">Kimyasal Olarak Kararl\u0131:<\/strong> Uzun s\u00fcreli depolamaya uygundur.<\/p>\n<\/li>\n<li data-start=\"4613\" data-end=\"4671\">\n<p data-start=\"4615\" data-end=\"4671\"><strong data-start=\"4615\" data-end=\"4638\">G\u00fcvenli Paketleme:<\/strong> Hava ge\u00e7irmez ve m\u00fch\u00fcrl\u00fc torba.<\/p>\n<\/li>\n<li data-start=\"4672\" data-end=\"4757\">\n<p data-start=\"4674\" data-end=\"4757\"><strong data-start=\"4674\" data-end=\"4701\">AB d\u00fczenlemelerine uygun olarak:<\/strong> Avrupa g\u00fcvenlik kurallar\u0131na uygun olarak \u00fcretilmi\u015ftir.<\/p>\n<\/li>\n<\/ul>\n<hr data-start=\"4759\" data-end=\"4762\" \/>\n<h2 data-start=\"4764\" data-end=\"4795\"><strong data-start=\"4767\" data-end=\"4795\">Ara\u015ft\u0131rma \u0130\u00e7in Faydalar<\/strong><\/h2>\n<ul data-start=\"4797\" data-end=\"5044\">\n<li data-start=\"4797\" data-end=\"4865\">\n<p data-start=\"4799\" data-end=\"4865\">Destekler <strong data-start=\"4811\" data-end=\"4862\">analitik ve adli y\u00f6ntemler geli\u015ftirme<\/strong>.<\/p>\n<\/li>\n<li data-start=\"4866\" data-end=\"4923\">\n<p data-start=\"4868\" data-end=\"4923\">Uygun olanlar <strong data-start=\"4882\" data-end=\"4920\">n\u00f6rokimyasal ve resept\u00f6r ara\u015ft\u0131rmas\u0131<\/strong>.<\/p>\n<\/li>\n<li data-start=\"4924\" data-end=\"4992\">\n<p data-start=\"4926\" data-end=\"4992\">Yard\u0131mc\u0131 olur <strong data-start=\"4936\" data-end=\"4972\">yap\u0131sal kar\u015f\u0131la\u015ft\u0131rma \u00e7al\u0131\u015fmalar\u0131<\/strong> lizergamidlerin.<\/p>\n<\/li>\n<li data-start=\"4993\" data-end=\"5044\">\n<p data-start=\"4995\" data-end=\"5044\">Teklifler <strong data-start=\"5001\" data-end=\"5041\">tekrarlanabilir ara\u015ft\u0131rma sonu\u00e7lar\u0131<\/strong>LSD sipari\u015fi ver<\/p>\n<\/li>\n<\/ul>\n<hr data-start=\"5046\" data-end=\"5049\" \/>\n<h2 data-start=\"5051\" data-end=\"5085\"><strong data-start=\"5054\" data-end=\"5085\">Kullan\u0131m (Ara\u015ft\u0131rma ba\u011flam\u0131)<\/strong><\/h2>\n<ol data-start=\"5087\" data-end=\"5304\">\n<li data-start=\"5087\" data-end=\"5132\">\n<p data-start=\"5090\" data-end=\"5132\">Sadece akredite laboratuvarlarda kullan\u0131lmal\u0131d\u0131r.<\/p>\n<\/li>\n<li data-start=\"5133\" data-end=\"5193\">\n<p data-start=\"5136\" data-end=\"5193\">Eldiven, koruyucu g\u00f6zl\u00fck ve laboratuvar \u00f6nl\u00fc\u011f\u00fc giyin.<\/p>\n<\/li>\n<li data-start=\"5194\" data-end=\"5241\">\n<p data-start=\"5197\" data-end=\"5241\">Serin, kuru ve karanl\u0131kta (25\u00b0C&#039;nin alt\u0131nda) saklay\u0131n\u0131z.<\/p>\n<\/li>\n<li data-start=\"5242\" data-end=\"5304\">\n<p data-start=\"5245\" data-end=\"5304\">Kal\u0131nt\u0131lar\u0131 yerel g\u00fcvenlik y\u00f6netmeliklerine uygun \u015fekilde bertaraf edin.<\/p>\n<\/li>\n<\/ol>\n<blockquote data-start=\"5306\" data-end=\"5399\">\n<p data-start=\"5308\" data-end=\"5399\"><strong data-start=\"5308\" data-end=\"5319\">Not:<\/strong> <em data-start=\"5320\" data-end=\"5345\">1P-LSD po\u015fet 3 kurutma ka\u011f\u0131d\u0131<\/em> d\u0131r <strong data-start=\"5349\" data-end=\"5398\">yaln\u0131zca ara\u015ft\u0131rma ama\u00e7l\u0131d\u0131r<\/strong>.<\/p>\n<\/blockquote>\n<hr data-start=\"5401\" data-end=\"5404\" \/>\n<h2 data-start=\"5406\" data-end=\"5440\"><strong data-start=\"5409\" data-end=\"5440\">S\u0131k\u00e7a Sorulan Sorular (SSS)<\/strong><\/h2>\n<p data-start=\"5442\" data-end=\"5578\"><strong data-start=\"5442\" data-end=\"5480\">1. 1P-LSD ne i\u00e7in kullan\u0131l\u0131r?<\/strong><br data-start=\"5480\" data-end=\"5483\" \/>1P-LSD ne i\u00e7in kullan\u0131l\u0131r <strong data-start=\"5510\" data-end=\"5548\">analitik ve adli ara\u015ft\u0131rma<\/strong> lizergamid bile\u015fiklerine.<\/p>\n<p data-start=\"5580\" data-end=\"5695\"><strong data-start=\"5580\" data-end=\"5620\">2. Bir po\u015fette ka\u00e7 adet kurutma ka\u011f\u0131d\u0131 bulunmaktad\u0131r?<\/strong><br data-start=\"5620\" data-end=\"5623\" \/>Her \u00e7anta \u015funlar\u0131 i\u00e7erir: <strong data-start=\"5639\" data-end=\"5653\">3 kurutma ka\u011f\u0131d\u0131<\/strong> standart bir kompozisyonla.<\/p>\n<p data-start=\"5697\" data-end=\"5822\"><strong data-start=\"5697\" data-end=\"5740\">3. 1P-LSD&#039;yi bireysel olarak sat\u0131n alabilir miyim?<\/strong><br data-start=\"5740\" data-end=\"5743\" \/>Hay\u0131r, bu \u00fcr\u00fcn yaln\u0131zca \u015fu durumlarda kullan\u0131labilir: <strong data-start=\"5787\" data-end=\"5821\">tan\u0131nm\u0131\u015f ara\u015ft\u0131rma kurumlar\u0131<\/strong>.<\/p>","protected":false},"excerpt":{"rendered":"<p>\u00dcr\u00fcn A\u00e7\u0131klamas\u0131 1P-LSD (1-Propionil-Liserjik Asit Dietilamid), LSD ile ili\u015fkili, lizergamid s\u0131n\u0131f\u0131ndan bir ara\u015ft\u0131rma kimyasal\u0131d\u0131r. Analitik, adli ve<\/p>","protected":false},"featured_media":21263,"comment_status":"closed","ping_status":"closed","template":"","meta":[],"product_brand":[],"product_cat":[555],"product_tag":[774,326],"class_list":{"0":"post-24200","1":"product","2":"type-product","3":"status-publish","4":"has-post-thumbnail","6":"product_cat-b2b","7":"product_tag-lsd-bestellen","8":"product_tag-nl","10":"first","11":"instock","12":"taxable","13":"shipping-taxable","14":"purchasable","15":"product-type-variable"},"_links":{"self":[{"href":"https:\/\/onderzoekschemicals.com\/tr\/wp-json\/wp\/v2\/product\/24200","targetHints":{"allow":["GET"]}}],"collection":[{"href":"https:\/\/onderzoekschemicals.com\/tr\/wp-json\/wp\/v2\/product"}],"about":[{"href":"https:\/\/onderzoekschemicals.com\/tr\/wp-json\/wp\/v2\/types\/product"}],"replies":[{"embeddable":true,"href":"https:\/\/onderzoekschemicals.com\/tr\/wp-json\/wp\/v2\/comments?post=24200"}],"version-history":[{"count":4,"href":"https:\/\/onderzoekschemicals.com\/tr\/wp-json\/wp\/v2\/product\/24200\/revisions"}],"predecessor-version":[{"id":27833,"href":"https:\/\/onderzoekschemicals.com\/tr\/wp-json\/wp\/v2\/product\/24200\/revisions\/27833"}],"wp:featuredmedia":[{"embeddable":true,"href":"https:\/\/onderzoekschemicals.com\/tr\/wp-json\/wp\/v2\/media\/21263"}],"wp:attachment":[{"href":"https:\/\/onderzoekschemicals.com\/tr\/wp-json\/wp\/v2\/media?parent=24200"}],"wp:term":[{"taxonomy":"product_brand","embeddable":true,"href":"https:\/\/onderzoekschemicals.com\/tr\/wp-json\/wp\/v2\/product_brand?post=24200"},{"taxonomy":"product_cat","embeddable":true,"href":"https:\/\/onderzoekschemicals.com\/tr\/wp-json\/wp\/v2\/product_cat?post=24200"},{"taxonomy":"product_tag","embeddable":true,"href":"https:\/\/onderzoekschemicals.com\/tr\/wp-json\/wp\/v2\/product_tag?post=24200"}],"curies":[{"name":"wp","href":"https:\/\/api.w.org\/{rel}","templated":true}]}}