{"id":24151,"date":"2025-04-13T17:41:09","date_gmt":"2025-04-13T17:41:09","guid":{"rendered":"https:\/\/onderzoekschemicals.com\/?post_type=product&#038;p=24151"},"modified":"2025-10-12T20:55:59","modified_gmt":"2025-10-12T20:55:59","slug":"blue-mandala","status":"publish","type":"product","link":"https:\/\/onderzoekschemicals.com\/tr\/shop\/b2b\/blue-mandala\/","title":{"rendered":"Mavi Mandala"},"content":{"rendered":"<h3 data-start=\"4391\" data-end=\"4410\"><strong data-start=\"4395\" data-end=\"4410\">girii\u015f<\/strong><\/h3>\n<p data-start=\"4411\" data-end=\"4810\">The <strong data-start=\"4414\" data-end=\"4430\">Mavi Mandala<\/strong> g\u00fczel bir sembold\u00fcr <strong data-start=\"4459\" data-end=\"4499\">bar\u0131\u015f, denge ve ruhsal uyum<\/strong>Antik Budist ve Hindu geleneklerinden gelen mandalalar, evreni ve ya\u015fam\u0131n birli\u011fini temsil eder. Bu mandalan\u0131n yat\u0131\u015ft\u0131r\u0131c\u0131 mavi tonlar\u0131, <strong data-start=\"4698\" data-end=\"4746\">okyanusun derinli\u011fi ve cennetin huzuru<\/strong>rahatlamay\u0131, fark\u0131ndal\u0131\u011f\u0131 ve duygusal iyile\u015fmeyi te\u015fvik eden 4 fma sat\u0131n al\u0131n<\/p>\n<p data-start=\"4812\" data-end=\"4972\">\u0130ster duvar dekorasyonu, ister meditasyon oda\u011f\u0131, isterse yoga odas\u0131 olarak kullan\u0131n, <strong data-start=\"4892\" data-end=\"4908\">Mavi Mandala<\/strong> herhangi bir ortam\u0131 bir <strong data-start=\"4940\" data-end=\"4971\">huzur ve berrakl\u0131k vahas\u0131<\/strong>.<\/p>\n<hr data-start=\"4974\" data-end=\"4977\" \/>\n<h3 data-start=\"4979\" data-end=\"5010\"><strong data-start=\"4983\" data-end=\"5010\">Temel \u00d6zellikler<\/strong><\/h3>\n<ul data-start=\"5011\" data-end=\"5579\">\n<li data-start=\"5011\" data-end=\"5120\">\n<p data-start=\"5013\" data-end=\"5120\"><strong data-start=\"5013\" data-end=\"5033\">Zarif Tasar\u0131m:<\/strong> G\u00f6rsel denge ve uyumu yans\u0131tan, ince detayl\u0131 geometrik desenler.<\/p>\n<\/li>\n<li data-start=\"5121\" data-end=\"5221\">\n<p data-start=\"5123\" data-end=\"5221\"><strong data-start=\"5123\" data-end=\"5149\">Sakinle\u015ftirici Mavi Palet:<\/strong> Mavi rengin farkl\u0131 tonlar\u0131 rahatlat\u0131c\u0131, meditatif bir atmosfer yarat\u0131r.<\/p>\n<\/li>\n<li data-start=\"5222\" data-end=\"5330\">\n<p data-start=\"5224\" data-end=\"5330\"><strong data-start=\"5224\" data-end=\"5243\">Y\u00fcksek Kalite:<\/strong> Mevcuttur <strong data-start=\"5260\" data-end=\"5292\">tuval, goblen veya poster<\/strong>Canl\u0131 ve uzun s\u00fcre kal\u0131c\u0131 renklere sahip.<\/p>\n<\/li>\n<li data-start=\"5331\" data-end=\"5469\">\n<p data-start=\"5333\" data-end=\"5469\"><strong data-start=\"5333\" data-end=\"5359\">Sembolik Anlam\u0131:<\/strong> Temsil etmek <strong data-start=\"5377\" data-end=\"5425\">bar\u0131\u015f, ger\u00e7ek, a\u00e7\u0131kl\u0131k ve kendini ifade etme<\/strong>, Bo\u011faz \u00c7akras\u0131 (Vishuddha) ile ba\u011flant\u0131l\u0131d\u0131r.<\/p>\n<\/li>\n<li data-start=\"5470\" data-end=\"5579\">\n<p data-start=\"5472\" data-end=\"5579\"><strong data-start=\"5472\" data-end=\"5495\">\u00c7ok Y\u00f6nl\u00fc Kullan\u0131m:<\/strong> \u0130\u00e7in m\u00fckemmel <strong data-start=\"5509\" data-end=\"5576\">ev dekorasyonu, yoga st\u00fcdyolar\u0131, meditasyon k\u00f6\u015feleri veya terapi odalar\u0131<\/strong>. 4 fma sat\u0131n al<\/p>\n<\/li>\n<\/ul>\n<hr data-start=\"5581\" data-end=\"5584\" \/>\n<h3 data-start=\"5586\" data-end=\"5603\"><strong data-start=\"5590\" data-end=\"5603\">Avantajlar\u0131<\/strong><\/h3>\n<ul data-start=\"5604\" data-end=\"6131\">\n<li data-start=\"5604\" data-end=\"5702\">\n<p data-start=\"5606\" data-end=\"5702\"><strong data-start=\"5606\" data-end=\"5632\">Rahatlamay\u0131 te\u015fvik eder:<\/strong> Yumu\u015fak mavi tonlar\u0131 yard\u0131mc\u0131 olur <strong data-start=\"5662\" data-end=\"5699\">stresi ve gerginli\u011fi azaltmak i\u00e7in<\/strong>.<\/p>\n<\/li>\n<li data-start=\"5703\" data-end=\"5809\">\n<p data-start=\"5705\" data-end=\"5809\"><strong data-start=\"5705\" data-end=\"5745\">Konsantrasyonu ve Netli\u011fi Art\u0131r\u0131r:<\/strong> Zihni sakinle\u015ftirmek i\u00e7in meditasyon veya fark\u0131ndal\u0131k i\u00e7in idealdir.<\/p>\n<\/li>\n<li data-start=\"5810\" data-end=\"5913\">\n<p data-start=\"5812\" data-end=\"5913\"><strong data-start=\"5812\" data-end=\"5840\">Yarat\u0131c\u0131l\u0131\u011f\u0131 Te\u015fvik Eder:<\/strong> Simetrik tasar\u0131m, <strong data-start=\"5878\" data-end=\"5910\">zihinsel denge ve ilham<\/strong>.<\/p>\n<\/li>\n<li data-start=\"5914\" data-end=\"6006\">\n<p data-start=\"5916\" data-end=\"6006\"><strong data-start=\"5916\" data-end=\"5940\">\u0130\u00e7 Mekan\u0131 G\u00fczelle\u015ftirir:<\/strong> Her odaya bir <strong data-start=\"5963\" data-end=\"6003\">manevi ve sanatsal g\u00f6r\u00fcn\u00fcm<\/strong>.<\/p>\n<\/li>\n<li data-start=\"6007\" data-end=\"6131\">\n<p data-start=\"6009\" data-end=\"6131\"><strong data-start=\"6009\" data-end=\"6046\">Duygusal Dengeyi Destekler:<\/strong> \u0130le ili\u015fkili <strong data-start=\"6064\" data-end=\"6100\">sakinlik, ger\u00e7eklik ve ileti\u015fim<\/strong>\u0130\u00e7 huzuru getiren.<\/p>\n<\/li>\n<\/ul>\n<hr data-start=\"6133\" data-end=\"6136\" \/>\n<h3 data-start=\"6138\" data-end=\"6153\"><strong data-start=\"6142\" data-end=\"6153\">Kullan\u0131m<\/strong><\/h3>\n<ol data-start=\"6154\" data-end=\"6601\">\n<li data-start=\"6154\" data-end=\"6270\">\n<p data-start=\"6157\" data-end=\"6270\"><strong data-start=\"6157\" data-end=\"6179\">Duvar dekorasyonu olarak:<\/strong> Huzurlu bir atmosfer i\u00e7in Mavi Mandala&#039;y\u0131 oturma odas\u0131na, yatak odas\u0131na veya meditasyon k\u00f6\u015fesine as\u0131n.<\/p>\n<\/li>\n<li data-start=\"6271\" data-end=\"6373\">\n<p data-start=\"6274\" data-end=\"6373\"><strong data-start=\"6274\" data-end=\"6293\">Meditasyon \u0130\u00e7in:<\/strong> Bak\u0131\u015flar\u0131n\u0131z\u0131 mandala&#039;n\u0131n merkezine odaklay\u0131n ve kendinizi sakinle\u015ftirmek i\u00e7in derin nefesler al\u0131n.<\/p>\n<\/li>\n<li data-start=\"6374\" data-end=\"6482\">\n<p data-start=\"6377\" data-end=\"6482\"><strong data-start=\"6377\" data-end=\"6394\">Yoga S\u0131ras\u0131nda:<\/strong> Konsantrasyonunuzu ve nefesinizi geli\u015ftirmek i\u00e7in mandalay\u0131 g\u00f6rsel bir odak noktas\u0131 olarak kullan\u0131n.<\/p>\n<\/li>\n<li data-start=\"6483\" data-end=\"6601\">\n<p data-start=\"6486\" data-end=\"6601\"><strong data-start=\"6486\" data-end=\"6501\">Hediye Olarak:<\/strong> Anlaml\u0131 bir hediye arayan herkes i\u00e7in <strong data-start=\"6562\" data-end=\"6598\">ruhsal denge ve rahatlama<\/strong>.<\/p>\n<\/li>\n<\/ol>\n<hr data-start=\"6603\" data-end=\"6606\" \/>\n<h3 data-start=\"6608\" data-end=\"6641\"><strong data-start=\"6612\" data-end=\"6641\">S\u0131k\u00e7a Sorulan Sorular (SSS)<\/strong><\/h3>\n<p data-start=\"6643\" data-end=\"6808\"><strong data-start=\"6643\" data-end=\"6683\">1. Mavi Mandala neyi sembolize eder?<\/strong><br data-start=\"6683\" data-end=\"6686\" \/>Mavi Mandala \u015funu sembolize eder: <strong data-start=\"6715\" data-end=\"6757\">bar\u0131\u015f, uyum ve i\u00e7sel ger\u00e7ek<\/strong>ve meditasyonu ve duygusal dengeyi destekler.<\/p>\n<p data-start=\"6810\" data-end=\"6994\"><strong data-start=\"6810\" data-end=\"6876\">2. Mavi Mandala i\u00e7 mekan dekorasyonunda kullan\u0131labilir mi?<\/strong><br data-start=\"6876\" data-end=\"6879\" \/>Evet, mavi rengin yat\u0131\u015ft\u0131r\u0131c\u0131 tonlar\u0131 idealdir <strong data-start=\"6925\" data-end=\"6961\">sakinle\u015ftirici enerji ve g\u00fczellik<\/strong> herhangi bir i\u00e7 mekana eklemek i\u00e7in.<\/p>\n<p data-start=\"6996\" data-end=\"7173\"><strong data-start=\"6996\" data-end=\"7055\">3. Mavi Mandala hangi malzemelerden yap\u0131labilir?<\/strong><br data-start=\"7055\" data-end=\"7058\" \/>Mandala \u015fu adreste mevcuttur: <strong data-start=\"7088\" data-end=\"7123\">tuval, poster veya duvar hal\u0131lar\u0131<\/strong>\u0130stenilen stile ve uygulamaya ba\u011fl\u0131 olarak.<\/p>\n<hr data-start=\"7175\" data-end=\"7178\" \/>\n<h3 data-start=\"7180\" data-end=\"7197\"><strong data-start=\"7184\" data-end=\"7197\">\u00c7\u00f6z\u00fcm<\/strong><\/h3>\n<p data-start=\"7198\" data-end=\"7529\">The <strong data-start=\"7201\" data-end=\"7217\">Mavi Mandala<\/strong> sadece dekoratif bir sanat eserinden daha fazlas\u0131d\u0131r; <strong data-start=\"7274\" data-end=\"7325\">bar\u0131\u015f\u0131n, bilgeli\u011fin ve i\u00e7 dengenin sembol\u00fc<\/strong>Uyumlu \u015fekli ve sakinle\u015ftirici renk d\u00fczeniyle, <strong data-start=\"7391\" data-end=\"7427\">bar\u0131\u015f, ilham ve fark\u0131ndal\u0131k<\/strong> Herhangi bir odada. M\u00fckemmel bir ortam arayanlar i\u00e7in <strong data-start=\"7477\" data-end=\"7528\">manevi huzur ve estetik g\u00fczellik<\/strong>.<\/p>\n<p><a href=\"https:\/\/onderzoekschemicals.com\/tr\/shop\/lysergamides\/1cp-lsd-150-mcg\/\"><span dir=\"auto\" style=\"vertical-align: inherit;\"><span dir=\"auto\" style=\"vertical-align: inherit;\">1cP-LSD 150 MCG Sanat Emicileri <\/span><\/span><\/a><a href=\"https:\/\/onderzoekschemicals.com\/tr\/shop\/pellets\/o-dsmt-50mg-pellets\/\"><span dir=\"auto\" style=\"vertical-align: inherit;\"><span dir=\"auto\" style=\"vertical-align: inherit;\">O-DSMT 50 mg Peletleri <\/span><\/span><\/a><a href=\"https:\/\/onderzoekschemicals.com\/tr\/shop\/lysergamides\/1v-lsd-150-mcg-blotters\/\"><span dir=\"auto\" style=\"vertical-align: inherit;\"><span dir=\"auto\" style=\"vertical-align: inherit;\">1V-LSD 150 MCG Blotterlar <\/span><\/span><\/a><a href=\"https:\/\/onderzoekschemicals.com\/tr\/shop\/cathinonen\/2-cmc-kopen\/\"><span dir=\"auto\" style=\"vertical-align: inherit;\"><span dir=\"auto\" style=\"vertical-align: inherit;\">2-CMC 250 mg peletler <\/span><\/span><\/a><a href=\"https:\/\/onderzoekschemicals.com\/tr\/shop\/fenethylamine\/2c-ef-2mg-capsules\/\"><span dir=\"auto\" style=\"vertical-align: inherit;\"><span dir=\"auto\" style=\"vertical-align: inherit;\">2C-EF 2 mg Kaps\u00fcller<\/span><\/span><\/a><\/p>","protected":false},"excerpt":{"rendered":"<p>Introductie De Blue Mandala is een prachtig symbool van vrede, balans en spirituele harmonie. Mandala\u2019s, afkomstig uit oude boeddhistische en<\/p>","protected":false},"featured_media":20682,"comment_status":"closed","ping_status":"closed","template":"","meta":[],"product_brand":[],"product_cat":[555],"product_tag":[629,644,326],"class_list":{"0":"post-24151","1":"product","2":"type-product","3":"status-publish","4":"has-post-thumbnail","6":"product_cat-b2b","7":"product_tag-4-fma-kopen","8":"product_tag-4-fma","9":"product_tag-nl","11":"first","12":"instock","13":"taxable","14":"shipping-taxable","15":"purchasable","16":"product-type-variable"},"_links":{"self":[{"href":"https:\/\/onderzoekschemicals.com\/tr\/wp-json\/wp\/v2\/product\/24151","targetHints":{"allow":["GET"]}}],"collection":[{"href":"https:\/\/onderzoekschemicals.com\/tr\/wp-json\/wp\/v2\/product"}],"about":[{"href":"https:\/\/onderzoekschemicals.com\/tr\/wp-json\/wp\/v2\/types\/product"}],"replies":[{"embeddable":true,"href":"https:\/\/onderzoekschemicals.com\/tr\/wp-json\/wp\/v2\/comments?post=24151"}],"version-history":[{"count":4,"href":"https:\/\/onderzoekschemicals.com\/tr\/wp-json\/wp\/v2\/product\/24151\/revisions"}],"predecessor-version":[{"id":27847,"href":"https:\/\/onderzoekschemicals.com\/tr\/wp-json\/wp\/v2\/product\/24151\/revisions\/27847"}],"wp:featuredmedia":[{"embeddable":true,"href":"https:\/\/onderzoekschemicals.com\/tr\/wp-json\/wp\/v2\/media\/20682"}],"wp:attachment":[{"href":"https:\/\/onderzoekschemicals.com\/tr\/wp-json\/wp\/v2\/media?parent=24151"}],"wp:term":[{"taxonomy":"product_brand","embeddable":true,"href":"https:\/\/onderzoekschemicals.com\/tr\/wp-json\/wp\/v2\/product_brand?post=24151"},{"taxonomy":"product_cat","embeddable":true,"href":"https:\/\/onderzoekschemicals.com\/tr\/wp-json\/wp\/v2\/product_cat?post=24151"},{"taxonomy":"product_tag","embeddable":true,"href":"https:\/\/onderzoekschemicals.com\/tr\/wp-json\/wp\/v2\/product_tag?post=24151"}],"curies":[{"name":"wp","href":"https:\/\/api.w.org\/{rel}","templated":true}]}}