{"id":24140,"date":"2025-04-13T17:41:08","date_gmt":"2025-04-13T17:41:08","guid":{"rendered":"https:\/\/onderzoekschemicals.com\/?post_type=product&#038;p=24140"},"modified":"2025-10-13T10:29:52","modified_gmt":"2025-10-13T10:29:52","slug":"chem-mist-4f-mph-10-spray","status":"publish","type":"product","link":"https:\/\/onderzoekschemicals.com\/tr\/shop\/b2b\/chem-mist-4f-mph-10-spray\/","title":{"rendered":"Chem Mist 4F-MPH 10% Sprey"},"content":{"rendered":"<h3 data-start=\"688\" data-end=\"712\"><strong data-start=\"692\" data-end=\"712\">\u00dcr\u00fcn genel bak\u0131\u015f\u0131<\/strong><\/h3>\n<p data-start=\"713\" data-end=\"1201\">Chem-mist 4F-MPH 10% Sprey, <strong data-start=\"747\" data-end=\"793\">hassas form\u00fcle edilmi\u015f ara\u015ft\u0131rma \u00e7\u00f6z\u00fcm\u00fc<\/strong> ile ilgili <strong data-start=\"798\" data-end=\"833\">4-florometilfenidat (4F-MPH)<\/strong> 10% konsantrasyonunda. \u0130\u00e7in tasarlanm\u0131\u015ft\u0131r <strong data-start=\"878\" data-end=\"925\">bilimsel ve analitik ama\u00e7lar<\/strong>, bir teklif sunuyor <strong data-start=\"941\" data-end=\"983\">kontroll\u00fc ve tutarl\u0131 dozajlama<\/strong> Kullan\u0131m\u0131 kolay bir sprey ile \u2013 farmakolojik, resept\u00f6r veya emilim \u00e7al\u0131\u015fmalar\u0131 y\u00fcr\u00fcten laboratuvarlar i\u00e7in idealdir. 4f mph<br data-start=\"1106\" data-end=\"1109\" \/><em data-start=\"1109\" data-end=\"1201\">(Sadece ara\u015ft\u0131rma ama\u00e7l\u0131d\u0131r \u2013 insan veya hayvan kullan\u0131m\u0131 i\u00e7in tasarlanmam\u0131\u015ft\u0131r.)<\/em><\/p>\n<hr data-start=\"1203\" data-end=\"1206\" \/>\n<h3 data-start=\"1208\" data-end=\"1239\"><strong data-start=\"1212\" data-end=\"1239\">Temel \u00d6zellikler<\/strong><\/h3>\n<ul data-start=\"1240\" data-end=\"1675\">\n<li data-start=\"1240\" data-end=\"1319\">\n<p data-start=\"1242\" data-end=\"1319\"><strong data-start=\"1242\" data-end=\"1269\">10% 4F-MPH konsantrasyonu<\/strong> hassas ve kontroll\u00fc deneyler i\u00e7in<\/p>\n<\/li>\n<li data-start=\"1320\" data-end=\"1382\">\n<p data-start=\"1322\" data-end=\"1382\"><strong data-start=\"1322\" data-end=\"1350\">Sprey ba\u015f\u0131na yakla\u015f\u0131k 14 mg<\/strong> (\u015fi\u015fe ba\u015f\u0131na 70&#039;den fazla sprey)<\/p>\n<\/li>\n<li data-start=\"1383\" data-end=\"1456\">\n<p data-start=\"1385\" data-end=\"1456\"><strong data-start=\"1385\" data-end=\"1417\">&quot;Fresh Focus&quot; nane aromas\u0131<\/strong> rahat laboratuvar kullan\u0131m\u0131 i\u00e7in<\/p>\n<\/li>\n<li data-start=\"1457\" data-end=\"1525\">\n<p data-start=\"1459\" data-end=\"1525\"><strong data-start=\"1459\" data-end=\"1486\">Stabilize edilmi\u015f form\u00fcl<\/strong> E1520, NaCl ve tampon bile\u015fenleri ile<\/p>\n<\/li>\n<li data-start=\"1526\" data-end=\"1591\">\n<p data-start=\"1528\" data-end=\"1591\"><strong data-start=\"1528\" data-end=\"1554\">Y\u00fcksek safl\u0131kta (&gt;98%)<\/strong>tedarik\u00e7i testleri taraf\u0131ndan onayland\u0131<\/p>\n<\/li>\n<li data-start=\"1592\" data-end=\"1675\">\n<p data-start=\"1594\" data-end=\"1675\"><strong data-start=\"1594\" data-end=\"1627\">Sadece ara\u015ft\u0131rma ama\u00e7l\u0131d\u0131r<\/strong> \u2013 y\u00f6netmeliklere g\u00f6re a\u00e7\u0131k\u00e7a etiketlenmi\u015f<\/p>\n<\/li>\n<\/ul>\n<hr data-start=\"1677\" data-end=\"1680\" \/>\n<h3 data-start=\"1682\" data-end=\"1699\"><strong data-start=\"1686\" data-end=\"1699\">Avantajlar\u0131<\/strong><\/h3>\n<p data-start=\"1700\" data-end=\"2020\">\u2705 <strong data-start=\"1702\" data-end=\"1723\">Kesin dozaj<\/strong> \u2013 Tekrarlanabilir sonu\u00e7lar i\u00e7in tutarl\u0131 p\u00fcsk\u00fcrtme hacmi<br data-start=\"1786\" data-end=\"1789\" \/>\u2705 <strong data-start=\"1791\" data-end=\"1819\">G\u00fcvenli ve temiz kullan\u0131m<\/strong> \u2013 Toz maruziyeti veya kirlenme riski yok<br data-start=\"1868\" data-end=\"1871\" \/>\u2705 <strong data-start=\"1873\" data-end=\"1899\">Geli\u015ftirilmi\u015f stabilite<\/strong> \u2013 Do\u011fru \u015fekilde sakland\u0131\u011f\u0131nda uzun raf \u00f6mr\u00fc (2 y\u0131la kadar)<br data-start=\"1953\" data-end=\"1956\" \/>\u2705 <strong data-start=\"1958\" data-end=\"1975\">Kullan\u0131ma haz\u0131r<\/strong> \u2013 Laboratuvarda haz\u0131rl\u0131k s\u00fcresini azalt\u0131r<\/p>\n<hr data-start=\"2022\" data-end=\"2025\" \/>\n<h3 data-start=\"2027\" data-end=\"2072\"><strong data-start=\"2031\" data-end=\"2072\">Kullan\u0131m (Sadece Ara\u015ft\u0131rma Ama\u00e7l\u0131)<\/strong><\/h3>\n<blockquote data-start=\"2073\" data-end=\"2198\">\n<p data-start=\"2075\" data-end=\"2198\">\u26a0\ufe0f Sadece laboratuvar kullan\u0131m\u0131 i\u00e7indir. \u0130\u00e7ine \u00e7ekmeyin veya yutmay\u0131n. Daima KKD (ki\u015fisel koruyucu ekipman) kullan\u0131n.<\/p>\n<\/blockquote>\n<ol data-start=\"2200\" data-end=\"2403\">\n<li data-start=\"2200\" data-end=\"2263\">\n<p data-start=\"2203\" data-end=\"2263\">\u0130lk kullan\u0131mdan \u00f6nce spreyi hafif\u00e7e \u00e7alkalay\u0131n ve haz\u0131rlay\u0131n.<\/p>\n<\/li>\n<li data-start=\"2264\" data-end=\"2331\">\n<p data-start=\"2267\" data-end=\"2331\">Deney protokol\u00fcne g\u00f6re sabit bir mesafeden p\u00fcsk\u00fcrt\u00fcn. 4f mph<\/p>\n<\/li>\n<li data-start=\"2332\" data-end=\"2403\">\n<p data-start=\"2335\" data-end=\"2403\">\u0130yice kapat\u0131n ve dik olarak saklay\u0131n <strong data-start=\"2375\" data-end=\"2400\">serin, karanl\u0131k bir yer<\/strong>.<\/p>\n<\/li>\n<\/ol>\n<hr data-start=\"2405\" data-end=\"2408\" \/>\n<h3 data-start=\"2410\" data-end=\"2443\"><strong data-start=\"2414\" data-end=\"2443\">S\u0131k\u00e7a Sorulan Sorular (SSS)<\/strong><\/h3>\n<p data-start=\"2445\" data-end=\"2533\"><strong data-start=\"2445\" data-end=\"2484\">1. Her bir sprey ne kadar 4F-MPH i\u00e7erir?<\/strong><br data-start=\"2484\" data-end=\"2487\" \/>Her p\u00fcsk\u00fcrtme yakla\u015f\u0131k olarak <strong data-start=\"2514\" data-end=\"2523\">14 mg<\/strong> 4F-MPH.<\/p>\n<p data-start=\"2535\" data-end=\"2719\"><strong data-start=\"2535\" data-end=\"2589\">2. Bu \u00fcr\u00fcn insan kullan\u0131m\u0131na uygun mudur?<\/strong><br data-start=\"2589\" data-end=\"2592\" \/>Hay\u0131r \u2013 bu \u00fcr\u00fcn <strong data-start=\"2613\" data-end=\"2660\">yaln\u0131zca bilimsel ara\u015ft\u0131rma i\u00e7in<\/strong> ve insan veya hayvan t\u00fcketimi i\u00e7in tasarlanmam\u0131\u015ft\u0131r.<\/p>\n<p data-start=\"2721\" data-end=\"2856\"><strong data-start=\"2721\" data-end=\"2764\">3. Sprey nas\u0131l saklanmal\u0131d\u0131r?<\/strong><br data-start=\"2764\" data-end=\"2767\" \/>S\u0131k\u0131ca kapal\u0131, dik ve do\u011frudan g\u00fcne\u015f \u0131\u015f\u0131\u011f\u0131ndan uzakta saklay\u0131n <strong data-start=\"2830\" data-end=\"2853\">serin ve kuru bir yer<\/strong>.<\/p>","protected":false},"excerpt":{"rendered":"<p>\u00dcr\u00fcn Genel Bak\u0131\u015f\u0131 Chem-mist 4F-MPH 10% Sprey, 10% konsantrasyonunda 4-florometilfenidat (4F-MPH) i\u00e7eren hassas form\u00fcle edilmi\u015f bir ara\u015ft\u0131rma \u00e7\u00f6z\u00fcm\u00fcd\u00fcr. Bilimsel ara\u015ft\u0131rmalar i\u00e7in tasarlanm\u0131\u015ft\u0131r.<\/p>","protected":false},"featured_media":20679,"comment_status":"closed","ping_status":"closed","template":"","meta":[],"product_brand":[],"product_cat":[555],"product_tag":[571,326],"class_list":{"0":"post-24140","1":"product","2":"type-product","3":"status-publish","4":"has-post-thumbnail","6":"product_cat-b2b","7":"product_tag-4f-mph","8":"product_tag-nl","10":"first","11":"instock","12":"taxable","13":"shipping-taxable","14":"purchasable","15":"product-type-variable"},"_links":{"self":[{"href":"https:\/\/onderzoekschemicals.com\/tr\/wp-json\/wp\/v2\/product\/24140","targetHints":{"allow":["GET"]}}],"collection":[{"href":"https:\/\/onderzoekschemicals.com\/tr\/wp-json\/wp\/v2\/product"}],"about":[{"href":"https:\/\/onderzoekschemicals.com\/tr\/wp-json\/wp\/v2\/types\/product"}],"replies":[{"embeddable":true,"href":"https:\/\/onderzoekschemicals.com\/tr\/wp-json\/wp\/v2\/comments?post=24140"}],"version-history":[{"count":4,"href":"https:\/\/onderzoekschemicals.com\/tr\/wp-json\/wp\/v2\/product\/24140\/revisions"}],"predecessor-version":[{"id":27857,"href":"https:\/\/onderzoekschemicals.com\/tr\/wp-json\/wp\/v2\/product\/24140\/revisions\/27857"}],"wp:featuredmedia":[{"embeddable":true,"href":"https:\/\/onderzoekschemicals.com\/tr\/wp-json\/wp\/v2\/media\/20679"}],"wp:attachment":[{"href":"https:\/\/onderzoekschemicals.com\/tr\/wp-json\/wp\/v2\/media?parent=24140"}],"wp:term":[{"taxonomy":"product_brand","embeddable":true,"href":"https:\/\/onderzoekschemicals.com\/tr\/wp-json\/wp\/v2\/product_brand?post=24140"},{"taxonomy":"product_cat","embeddable":true,"href":"https:\/\/onderzoekschemicals.com\/tr\/wp-json\/wp\/v2\/product_cat?post=24140"},{"taxonomy":"product_tag","embeddable":true,"href":"https:\/\/onderzoekschemicals.com\/tr\/wp-json\/wp\/v2\/product_tag?post=24140"}],"curies":[{"name":"wp","href":"https:\/\/api.w.org\/{rel}","templated":true}]}}