{"id":23975,"date":"2025-04-13T17:40:48","date_gmt":"2025-04-13T17:40:48","guid":{"rendered":"https:\/\/onderzoekschemicals.com\/?post_type=product&#038;p=23975"},"modified":"2025-11-28T07:11:00","modified_gmt":"2025-11-28T07:11:00","slug":"2-mmc-pelet","status":"publish","type":"product","link":"https:\/\/onderzoekschemicals.com\/tr\/magaza\/2-mmc-satin-al\/2-mmc-pelet\/","title":{"rendered":"2-MMC 220 mg peletler"},"content":{"rendered":"<h3 data-start=\"558\" data-end=\"577\"><strong data-start=\"562\" data-end=\"577\">girii\u015f<\/strong><\/h3>\n<p data-start=\"579\" data-end=\"915\"><strong data-start=\"579\" data-end=\"602\">2-MMC 220 mg Peletler<\/strong> vard\u0131r <strong data-start=\"608\" data-end=\"655\">laboratuvar s\u0131n\u0131f\u0131 ara\u015ft\u0131rma maddeleri<\/strong>, i\u00e7in tasarlanm\u0131\u015f <strong data-start=\"672\" data-end=\"728\">bilimsel, analitik ve adli ara\u015ft\u0131rma<\/strong>. 2 mmc peletler<br data-start=\"729\" data-end=\"732\" \/>Her pelet \u015funlar\u0131 i\u00e7erir: <strong data-start=\"750\" data-end=\"772\">220 miligram (mg)<\/strong> <strong data-start=\"773\" data-end=\"805\">2-Metilmetkatinon (2-MMC)<\/strong> \u2013 sentetik bir bile\u015fik <strong data-start=\"843\" data-end=\"861\">katinon s\u0131n\u0131f\u0131<\/strong>, di\u011fer \u03b2-keto amfetaminlerle yap\u0131sal olarak ili\u015fkilidir.<\/p>\n<p data-start=\"917\" data-end=\"1172\">g\u00f6re \u00fcretilmi\u015ftir <strong data-start=\"938\" data-end=\"972\">\u0130yi Laboratuvar Uygulamalar\u0131 (GLP)<\/strong>-standartlara g\u00f6re, bu peletler <strong data-start=\"1001\" data-end=\"1020\">\u226599% safl\u0131k<\/strong>, <strong data-start=\"1022\" data-end=\"1047\">kimyasal kararl\u0131l\u0131k<\/strong> Ve <strong data-start=\"1051\" data-end=\"1073\">parti tutarl\u0131l\u0131\u011f\u0131<\/strong>.<br data-start=\"1074\" data-end=\"1077\" \/>Bunlar i\u00e7in idealdir <strong data-start=\"1097\" data-end=\"1169\">analitik kimya, yap\u0131sal analizler ve adli uygulamalar<\/strong>.<\/p>\n<blockquote data-start=\"1174\" data-end=\"1318\">\n<p data-start=\"1176\" data-end=\"1318\">\u26a0\ufe0f <strong data-start=\"1179\" data-end=\"1190\">Not:<\/strong> Bu \u00fcr\u00fcn <strong data-start=\"1206\" data-end=\"1256\">yaln\u0131zca laboratuvar ara\u015ft\u0131rmalar\u0131 i\u00e7in tasarlanm\u0131\u015ft\u0131r<\/strong> Ve <strong data-start=\"1260\" data-end=\"1317\">insan veya hayvan t\u00fcketimine uygun de\u011fildir<\/strong>.<\/p>\n<\/blockquote>\n<hr data-start=\"1320\" data-end=\"1323\" \/>\n<h3 data-start=\"1325\" data-end=\"1356\"><strong data-start=\"1329\" data-end=\"1356\">Temel \u00d6zellikler<\/strong><\/h3>\n<ul data-start=\"1358\" data-end=\"1960\">\n<li data-start=\"1358\" data-end=\"1470\">\n<p data-start=\"1360\" data-end=\"1470\"><strong data-start=\"1360\" data-end=\"1392\">Y\u00fcksek analitik safl\u0131k:<\/strong> \u226599% safl\u0131kta, kromatografik ve spektroskopik y\u00f6ntemlerle test edilmi\u015ftir.<\/p>\n<\/li>\n<li data-start=\"1471\" data-end=\"1573\">\n<p data-start=\"1473\" data-end=\"1573\"><strong data-start=\"1473\" data-end=\"1493\">Tam dozaj:<\/strong> Her pelet \u015funlar\u0131 i\u00e7erir: <strong data-start=\"1512\" data-end=\"1527\">220 mg 2-MMC<\/strong>Tekrarlanabilir sonu\u00e7lar\u0131 garanti alt\u0131na alan.<\/p>\n<\/li>\n<li data-start=\"1574\" data-end=\"1668\">\n<p data-start=\"1576\" data-end=\"1668\"><strong data-start=\"1576\" data-end=\"1597\">Kimyasal olarak kararl\u0131:<\/strong> Uygun depolama ko\u015fullar\u0131nda uzun raf \u00f6mr\u00fc i\u00e7in tasarlanm\u0131\u015ft\u0131r.<\/p>\n<\/li>\n<li data-start=\"1669\" data-end=\"1775\">\n<p data-start=\"1671\" data-end=\"1775\"><strong data-start=\"1671\" data-end=\"1705\">GLP sertifikal\u0131 \u00fcretim:<\/strong> S\u0131k\u0131 ko\u015fullar alt\u0131nda \u00fcretilmi\u015ftir <strong data-start=\"1732\" data-end=\"1760\">\u0130yi Laboratuvar Uygulamalar\u0131<\/strong>-y\u00f6nergeler.<\/p>\n<\/li>\n<li data-start=\"1776\" data-end=\"1865\">\n<p data-start=\"1778\" data-end=\"1865\"><strong data-start=\"1778\" data-end=\"1795\">Parti test edildi:<\/strong> Her partinin kimli\u011fi, yap\u0131s\u0131 ve bile\u015fimi kontrol edildi.<\/p>\n<\/li>\n<li data-start=\"1866\" data-end=\"1960\">\n<p data-start=\"1868\" data-end=\"1960\"><strong data-start=\"1868\" data-end=\"1891\">G\u00fcvenli paketleme:<\/strong> Optimum koruma i\u00e7in hava ge\u00e7irmez, neme dayan\u0131kl\u0131 kaplar.<\/p>\n<\/li>\n<\/ul>\n<hr data-start=\"1962\" data-end=\"1965\" \/>\n<h3 data-start=\"1967\" data-end=\"1984\"><strong data-start=\"1971\" data-end=\"1984\">Avantajlar\u0131<\/strong><\/h3>\n<ol data-start=\"1986\" data-end=\"2434\">\n<li data-start=\"1986\" data-end=\"2088\">\n<p data-start=\"1989\" data-end=\"2088\"><strong data-start=\"1989\" data-end=\"2026\">G\u00fcvenilir ara\u015ft\u0131rma sonu\u00e7lar\u0131:<\/strong> Y\u00fcksek safl\u0131k, tutarl\u0131 ve do\u011fru veriler sa\u011flar.<\/p>\n<\/li>\n<li data-start=\"2089\" data-end=\"2164\">\n<p data-start=\"2092\" data-end=\"2164\"><strong data-start=\"2092\" data-end=\"2119\">Uzun vadeli istikrar:<\/strong> Do\u011fru \u015fekilde sakland\u0131\u011f\u0131nda bozulmaya kar\u015f\u0131 diren\u00e7lidir.<\/p>\n<\/li>\n<li data-start=\"2165\" data-end=\"2255\">\n<p data-start=\"2168\" data-end=\"2255\"><strong data-start=\"2168\" data-end=\"2190\">G\u00fcvenli kullan\u0131m:<\/strong> Pelet formu kullan\u0131m s\u0131ras\u0131nda kontaminasyon riskini en aza indirir.<\/p>\n<\/li>\n<li data-start=\"2256\" data-end=\"2336\">\n<p data-start=\"2259\" data-end=\"2336\"><strong data-start=\"2259\" data-end=\"2283\">Basit dozaj:<\/strong> Maksimum \u00f6l\u00e7\u00fcm do\u011frulu\u011fu i\u00e7in pelet ba\u015f\u0131na 220 mg.<\/p>\n<\/li>\n<li data-start=\"2337\" data-end=\"2434\">\n<p data-start=\"2340\" data-end=\"2434\"><strong data-start=\"2340\" data-end=\"2368\">Profesyonel kalite:<\/strong> Uygun olanlar <strong data-start=\"2383\" data-end=\"2431\">analitik, kimyasal ve adli ara\u015ft\u0131rmalar<\/strong>.<\/p>\n<\/li>\n<\/ol>\n<hr data-start=\"2436\" data-end=\"2439\" \/>\n<h3 data-start=\"2441\" data-end=\"2480\"><strong data-start=\"2445\" data-end=\"2480\">Kullan\u0131m (Sadece Ara\u015ft\u0131rma Ama\u00e7l\u0131)<\/strong><\/h3>\n<ol data-start=\"2482\" data-end=\"2853\">\n<li data-start=\"2482\" data-end=\"2568\">\n<p data-start=\"2485\" data-end=\"2568\"><strong data-start=\"2485\" data-end=\"2515\">Koruyucu giysiler giyin<\/strong> eldiven, emniyet g\u00f6zl\u00fc\u011f\u00fc ve laboratuvar \u00f6nl\u00fc\u011f\u00fc gibi.<\/p>\n<\/li>\n<li data-start=\"2569\" data-end=\"2640\">\n<p data-start=\"2572\" data-end=\"2640\"><strong data-start=\"2572\" data-end=\"2614\">Kalibre edilmi\u015f \u00f6l\u00e7\u00fcm aletleri kullan\u0131n<\/strong> Kesin sonu\u00e7lar i\u00e7in.<\/p>\n<\/li>\n<li data-start=\"2641\" data-end=\"2706\">\n<p data-start=\"2644\" data-end=\"2706\"><strong data-start=\"2644\" data-end=\"2682\">Parti ve numune bilgilerini kaydedin<\/strong> izlenebilirlik i\u00e7in.<\/p>\n<\/li>\n<li data-start=\"2707\" data-end=\"2774\">\n<p data-start=\"2710\" data-end=\"2774\"><strong data-start=\"2710\" data-end=\"2728\">Testleri \u00e7al\u0131\u015ft\u0131r\u0131n<\/strong> kontroll\u00fc bir laboratuvar ortam\u0131nda.<\/p>\n<\/li>\n<li data-start=\"2775\" data-end=\"2853\">\n<p data-start=\"2778\" data-end=\"2853\"><strong data-start=\"2778\" data-end=\"2804\">At\u0131klar\u0131 \u00e7\u0131kar\u0131n<\/strong> y\u00fcr\u00fcrl\u00fckteki g\u00fcvenlik ve \u00e7evre d\u00fczenlemelerine uygun olarak.<\/p>\n<\/li>\n<\/ol>\n<blockquote data-start=\"2855\" data-end=\"2972\">\n<p data-start=\"2857\" data-end=\"2972\">\u2697\ufe0f <strong data-start=\"2860\" data-end=\"2972\">Sadece bilimsel ve analitik ara\u015ft\u0131rmalar i\u00e7indir; insan veya hayvan t\u00fcketimi i\u00e7in de\u011fildir.<\/strong><\/p>\n<\/blockquote>\n<hr data-start=\"2974\" data-end=\"2977\" \/>\n<h3 data-start=\"2979\" data-end=\"3004\"><strong data-start=\"2983\" data-end=\"3004\">Depolama talimatlar\u0131<\/strong><\/h3>\n<ul data-start=\"3006\" data-end=\"3234\">\n<li data-start=\"3006\" data-end=\"3074\">\n<p data-start=\"3008\" data-end=\"3074\">Kaydet <strong data-start=\"3019\" data-end=\"3028\">2\u20138\u00b0C<\/strong>, bir <strong data-start=\"3037\" data-end=\"3071\">serin, kuru ve karanl\u0131k bir yer<\/strong>.<\/p>\n<\/li>\n<li data-start=\"3075\" data-end=\"3144\">\n<p data-start=\"3077\" data-end=\"3144\">Kab\u0131 saklay\u0131n <strong data-start=\"3095\" data-end=\"3114\">iyi kapal\u0131<\/strong> kirlenmeyi \u00f6nlemek i\u00e7in.<\/p>\n<\/li>\n<li data-start=\"3145\" data-end=\"3191\">\n<p data-start=\"3147\" data-end=\"3191\">Kar\u015f\u0131 korumak <strong data-start=\"3162\" data-end=\"3188\">\u0131\u015f\u0131k, \u0131s\u0131 ve nem<\/strong>.<\/p>\n<\/li>\n<li data-start=\"3192\" data-end=\"3234\">\n<p data-start=\"3194\" data-end=\"3234\">Yetkisiz ki\u015filerin eri\u015femeyece\u011fi yerde saklay\u0131n\u0131z.<\/p>\n<\/li>\n<\/ul>\n<hr data-start=\"3236\" data-end=\"3239\" \/>\n<h3 data-start=\"3241\" data-end=\"3276\"><strong data-start=\"3245\" data-end=\"3276\">S\u0131k\u00e7a Sorulan Sorular (SSS)<\/strong><\/h3>\n<p data-start=\"3278\" data-end=\"3478\"><strong data-start=\"3278\" data-end=\"3321\">1. 2-MMC 220 mg ne i\u00e7in kullan\u0131l\u0131r?<\/strong><br data-start=\"3321\" data-end=\"3324\" \/>2-MMC 220 mg Peletler \u015funlar i\u00e7in kullan\u0131l\u0131r: <strong data-start=\"3365\" data-end=\"3403\">analitik ve adli ara\u015ft\u0131rma<\/strong>, esas olarak odaklanm\u0131\u015f <strong data-start=\"3423\" data-end=\"3475\">katinon t\u00fcrevleri ve kimyasal yap\u0131 \u00e7al\u0131\u015fmalar\u0131<\/strong>. 2 mmc peletler<\/p>\n<p data-start=\"3480\" data-end=\"3674\"><strong data-start=\"3480\" data-end=\"3532\">2. 2-MMC insan t\u00fcketimine uygun mudur?<\/strong><br data-start=\"3532\" data-end=\"3535\" \/>HAYIR. <strong data-start=\"3540\" data-end=\"3563\">2-MMC 220 mg Peletler<\/strong> vard\u0131r <strong data-start=\"3569\" data-end=\"3619\">yaln\u0131zca laboratuvar ara\u015ft\u0131rmalar\u0131 i\u00e7in tasarlanm\u0131\u015ft\u0131r<\/strong> Ve <strong data-start=\"3623\" data-end=\"3671\">insan veya hayvan t\u00fcketimi i\u00e7in de\u011fil<\/strong>.<\/p>\n<p data-start=\"3676\" data-end=\"3859\"><strong data-start=\"3676\" data-end=\"3709\">3. 2-MMC&#039;yi nas\u0131l saklamal\u0131y\u0131m?<\/strong><br data-start=\"3709\" data-end=\"3712\" \/>Kaydet <strong data-start=\"3723\" data-end=\"3732\">2\u20138\u00b0C<\/strong>, bir <strong data-start=\"3741\" data-end=\"3775\">serin, kuru ve karanl\u0131k bir yer<\/strong>Safl\u0131\u011f\u0131n\u0131 ve stabilitesini korumak i\u00e7in orijinal hava ge\u00e7irmez kapta saklay\u0131n.<\/p>\n<hr data-start=\"3861\" data-end=\"3864\" \/>\n<h3 data-start=\"3866\" data-end=\"3898\"><strong data-start=\"3870\" data-end=\"3898\">Teknik \u00d6zellikler<\/strong><\/h3>\n<div class=\"_tableContainer_1rjym_1\">\n<div class=\"group _tableWrapper_1rjym_13 flex w-fit flex-col-reverse\" tabindex=\"-1\">\n<table class=\"w-fit min-w-(--thread-content-width)\" data-start=\"3900\" data-end=\"4436\">\n<thead data-start=\"3900\" data-end=\"3932\">\n<tr data-start=\"3900\" data-end=\"3932\">\n<th data-start=\"3900\" data-end=\"3917\" data-col-size=\"sm\"><strong data-start=\"3902\" data-end=\"3916\">\u00d6zellik<\/strong><\/th>\n<th data-start=\"3917\" data-end=\"3932\" data-col-size=\"sm\"><strong data-start=\"3919\" data-end=\"3930\">Detaylar<\/strong><\/th>\n<\/tr>\n<\/thead>\n<tbody data-start=\"3967\" data-end=\"4436\">\n<tr data-start=\"3967\" data-end=\"4008\">\n<td data-start=\"3967\" data-end=\"3985\" data-col-size=\"sm\"><strong data-start=\"3969\" data-end=\"3984\">\u00dcr\u00fcn ad\u0131<\/strong><\/td>\n<td data-start=\"3985\" data-end=\"4008\" data-col-size=\"sm\">2-MMC 220 mg Peletler<\/td>\n<\/tr>\n<tr data-start=\"4009\" data-end=\"4054\">\n<td data-start=\"4009\" data-end=\"4030\" data-col-size=\"sm\"><strong data-start=\"4011\" data-end=\"4029\">Kimyasal ad\u0131<\/strong><\/td>\n<td data-start=\"4030\" data-end=\"4054\" data-col-size=\"sm\">2-Metilmetkatinon<\/td>\n<\/tr>\n<tr data-start=\"4055\" data-end=\"4091\">\n<td data-start=\"4055\" data-end=\"4079\" data-col-size=\"sm\"><strong data-start=\"4057\" data-end=\"4078\">Kimyasal form\u00fcl<\/strong><\/td>\n<td data-start=\"4079\" data-end=\"4091\" data-col-size=\"sm\">C11H15NO<\/td>\n<\/tr>\n<tr data-start=\"4092\" data-end=\"4130\">\n<td data-start=\"4092\" data-end=\"4114\" data-col-size=\"sm\"><strong data-start=\"4094\" data-end=\"4113\">Molek\u00fcler a\u011f\u0131rl\u0131k<\/strong><\/td>\n<td data-start=\"4114\" data-end=\"4130\" data-col-size=\"sm\">177,24 g\/mol<\/td>\n<\/tr>\n<tr data-start=\"4131\" data-end=\"4166\">\n<td data-start=\"4131\" data-end=\"4157\" data-col-size=\"sm\"><strong data-start=\"4133\" data-end=\"4156\">Pelet ba\u015f\u0131na dozaj<\/strong><\/td>\n<td data-start=\"4157\" data-end=\"4166\" data-col-size=\"sm\">220 mg<\/td>\n<\/tr>\n<tr data-start=\"4167\" data-end=\"4216\">\n<td data-start=\"4167\" data-end=\"4184\" data-col-size=\"sm\"><strong data-start=\"4169\" data-end=\"4183\">Safl\u0131k<\/strong><\/td>\n<td data-start=\"4184\" data-end=\"4216\" data-col-size=\"sm\">\u226599% (Analitik kalite)<\/td>\n<\/tr>\n<tr data-start=\"4217\" data-end=\"4272\">\n<td data-start=\"4217\" data-end=\"4240\" data-col-size=\"sm\"><strong data-start=\"4219\" data-end=\"4239\">Kimyasal s\u0131n\u0131f<\/strong><\/td>\n<td data-start=\"4240\" data-end=\"4272\" data-col-size=\"sm\">Katinon \/ \u03b2-Keto Amfetamin<\/td>\n<\/tr>\n<tr data-start=\"4273\" data-end=\"4333\">\n<td data-start=\"4273\" data-end=\"4290\" data-col-size=\"sm\"><strong data-start=\"4275\" data-end=\"4289\">Ba\u015fvuru<\/strong><\/td>\n<td data-start=\"4290\" data-end=\"4333\" data-col-size=\"sm\">Bilimsel \/ Analitik ara\u015ft\u0131rma<\/td>\n<\/tr>\n<tr data-start=\"4334\" data-end=\"4381\">\n<td data-start=\"4334\" data-end=\"4356\" data-col-size=\"sm\"><strong data-start=\"4336\" data-end=\"4355\">Saklama ko\u015fullar\u0131<\/strong><\/td>\n<td data-start=\"4356\" data-end=\"4381\" data-col-size=\"sm\">2\u20138\u00b0C, Kuru ve Karanl\u0131k<\/td>\n<\/tr>\n<tr data-start=\"4382\" data-end=\"4436\">\n<td data-start=\"4382\" data-end=\"4399\" data-col-size=\"sm\"><strong data-start=\"4384\" data-end=\"4398\">Ambalajlama<\/strong><\/td>\n<td data-start=\"4399\" data-end=\"4436\" data-col-size=\"sm\">Hava ge\u00e7irmez, m\u00fch\u00fcrl\u00fc kap<\/td>\n<\/tr>\n<\/tbody>\n<\/table>\n<\/div>\n<\/div>\n<hr data-start=\"4438\" data-end=\"4441\" \/>\n<h3 data-start=\"4443\" data-end=\"4460\"><strong data-start=\"4447\" data-end=\"4460\">\u00c7\u00f6z\u00fcm<\/strong><\/h3>\n<p data-start=\"4462\" data-end=\"4782\"><strong data-start=\"4462\" data-end=\"4485\">2-MMC 220 mg Peletler<\/strong> vard\u0131r <strong data-start=\"4491\" data-end=\"4537\">en y\u00fcksek kalitede ara\u015ft\u0131rma maddeleri<\/strong>i\u00e7in geli\u015ftirildi <strong data-start=\"4555\" data-end=\"4607\">profesyonel analitik ve adli ara\u015ft\u0131rma<\/strong>.<br data-start=\"4608\" data-end=\"4611\" \/>Onlara te\u015fekk\u00fcrler <strong data-start=\"4623\" data-end=\"4674\">stabilite, safl\u0131k ve do\u011fru dozajlama<\/strong> Bunlar, a\u015fa\u011f\u0131dakilerle u\u011fra\u015fan laboratuvarlar i\u00e7in idealdir: <strong data-start=\"4732\" data-end=\"4779\">katinon bile\u015fiklerinin kimyasal analizleri<\/strong>.<\/p>","protected":false},"excerpt":{"rendered":"<h2><span dir=\"auto\" style=\"vertical-align: inherit;\"><span dir=\"auto\" style=\"vertical-align: inherit;\"><span dir=\"auto\" style=\"vertical-align: inherit;\"><span dir=\"auto\" style=\"vertical-align: inherit;\">2-MMC \u00f6zellikleri<\/span><\/span><\/span><\/span><\/h2>\n<p><strong><span dir=\"auto\" style=\"vertical-align: inherit;\"><span dir=\"auto\" style=\"vertical-align: inherit;\"><span dir=\"auto\" style=\"vertical-align: inherit;\"><span dir=\"auto\" style=\"vertical-align: inherit;\">CAS Numaras\u0131<\/span><\/span><\/span><\/span><\/strong><span dir=\"auto\" style=\"vertical-align: inherit;\"><span dir=\"auto\" style=\"vertical-align: inherit;\"><span dir=\"auto\" style=\"vertical-align: inherit;\"><span dir=\"auto\" style=\"vertical-align: inherit;\"> : 1246911-71-6 <\/span><\/span><\/span><\/span><br \/>\n<strong><span dir=\"auto\" style=\"vertical-align: inherit;\"><span dir=\"auto\" style=\"vertical-align: inherit;\"><span dir=\"auto\" style=\"vertical-align: inherit;\"><span dir=\"auto\" style=\"vertical-align: inherit;\">Form\u00fcl<\/span><\/span><\/span><\/span><\/strong><span dir=\"auto\" style=\"vertical-align: inherit;\"><span dir=\"auto\" style=\"vertical-align: inherit;\"><span dir=\"auto\" style=\"vertical-align: inherit;\"><span dir=\"auto\" style=\"vertical-align: inherit;\"> : C11h15NO \u2022 HCL <\/span><\/span><\/span><\/span><br \/>\n<strong><span dir=\"auto\" style=\"vertical-align: inherit;\"><span dir=\"auto\" style=\"vertical-align: inherit;\"><span dir=\"auto\" style=\"vertical-align: inherit;\"><span dir=\"auto\" style=\"vertical-align: inherit;\">Mol k\u00fctlesi<\/span><\/span><\/span><\/span><\/strong><span dir=\"auto\" style=\"vertical-align: inherit;\"><span dir=\"auto\" style=\"vertical-align: inherit;\"><span dir=\"auto\" style=\"vertical-align: inherit;\"><span dir=\"auto\" style=\"vertical-align: inherit;\"> : 177.247 <\/span><\/span><\/span><\/span><br \/>\n<strong><span dir=\"auto\" style=\"vertical-align: inherit;\"><span dir=\"auto\" style=\"vertical-align: inherit;\"><span dir=\"auto\" style=\"vertical-align: inherit;\"><span dir=\"auto\" style=\"vertical-align: inherit;\">Safl\u0131k<\/span><\/span><\/span><\/span><\/strong><span dir=\"auto\" style=\"vertical-align: inherit;\"><span dir=\"auto\" style=\"vertical-align: inherit;\"><span dir=\"auto\" style=\"vertical-align: inherit;\"><span dir=\"auto\" style=\"vertical-align: inherit;\"> : \u226599%<\/span><\/span><\/span><\/span><\/p>","protected":false},"featured_media":29200,"comment_status":"closed","ping_status":"closed","template":"","meta":[],"product_brand":[82],"product_cat":[372,463,322,79,324],"product_tag":[83,679,652,678,326],"class_list":{"0":"post-23975","1":"product","2":"type-product","3":"status-publish","4":"has-post-thumbnail","6":"product_brand-research-chemical","7":"product_cat-2-mmc-kopen","8":"product_cat-2-mmc-pellets","9":"product_cat-bijna-verboden","10":"product_cat-cathinonen","11":"product_cat-pellets-for-pellet","12":"product_tag-2-mmc-kopen","13":"product_tag-2-mmc-pellets","14":"product_tag-2-mmc-pellets-kopen","15":"product_tag-2mmc-pellets","16":"product_tag-nl","18":"first","19":"instock","20":"taxable","21":"shipping-taxable","22":"purchasable","23":"product-type-variable"},"_links":{"self":[{"href":"https:\/\/onderzoekschemicals.com\/tr\/wp-json\/wp\/v2\/product\/23975","targetHints":{"allow":["GET"]}}],"collection":[{"href":"https:\/\/onderzoekschemicals.com\/tr\/wp-json\/wp\/v2\/product"}],"about":[{"href":"https:\/\/onderzoekschemicals.com\/tr\/wp-json\/wp\/v2\/types\/product"}],"replies":[{"embeddable":true,"href":"https:\/\/onderzoekschemicals.com\/tr\/wp-json\/wp\/v2\/comments?post=23975"}],"version-history":[{"count":5,"href":"https:\/\/onderzoekschemicals.com\/tr\/wp-json\/wp\/v2\/product\/23975\/revisions"}],"predecessor-version":[{"id":25526,"href":"https:\/\/onderzoekschemicals.com\/tr\/wp-json\/wp\/v2\/product\/23975\/revisions\/25526"}],"wp:featuredmedia":[{"embeddable":true,"href":"https:\/\/onderzoekschemicals.com\/tr\/wp-json\/wp\/v2\/media\/29200"}],"wp:attachment":[{"href":"https:\/\/onderzoekschemicals.com\/tr\/wp-json\/wp\/v2\/media?parent=23975"}],"wp:term":[{"taxonomy":"product_brand","embeddable":true,"href":"https:\/\/onderzoekschemicals.com\/tr\/wp-json\/wp\/v2\/product_brand?post=23975"},{"taxonomy":"product_cat","embeddable":true,"href":"https:\/\/onderzoekschemicals.com\/tr\/wp-json\/wp\/v2\/product_cat?post=23975"},{"taxonomy":"product_tag","embeddable":true,"href":"https:\/\/onderzoekschemicals.com\/tr\/wp-json\/wp\/v2\/product_tag?post=23975"}],"curies":[{"name":"wp","href":"https:\/\/api.w.org\/{rel}","templated":true}]}}