{"id":23751,"date":"2025-04-13T17:40:22","date_gmt":"2025-04-13T17:40:22","guid":{"rendered":"https:\/\/onderzoekschemicals.com\/?post_type=product&#038;p=23751"},"modified":"2025-11-28T07:42:26","modified_gmt":"2025-11-28T07:42:26","slug":"chem-mist-2f-dck-spray-30","status":"publish","type":"product","link":"https:\/\/onderzoekschemicals.com\/tr\/shop\/2f-dck-kopen\/chem-mist-2f-dck-spray-30\/","title":{"rendered":"Kimyasal sis 2F-DCK sprey 30%"},"content":{"rendered":"<p data-start=\"4870\" data-end=\"5213\"><strong data-start=\"4870\" data-end=\"4900\">Kimyasal Sis 2F-DCK Sprey 30%<\/strong> bir <strong data-start=\"4908\" data-end=\"4942\">analitik referans materyali<\/strong> O <strong data-start=\"4947\" data-end=\"4985\">2-Florodeskloroketamin (2F-DCK)<\/strong> i\u00e7erir, bir ba\u011flant\u0131 <strong data-start=\"5015\" data-end=\"5045\">arilsikloheksilamin s\u0131n\u0131f\u0131<\/strong>Chem Mist 2F DCK Sprey<br data-start=\"5046\" data-end=\"5049\" \/>Bu kullan\u0131l\u0131r <strong data-start=\"5071\" data-end=\"5113\">adli ve analitik laboratuvarlar<\/strong> analitik y\u00f6ntemlerin geli\u015ftirilmesi, kalibrasyonu ve kimyasal bile\u015fiklerin tan\u0131mlanmas\u0131 i\u00e7in.<\/p>\n<p data-start=\"5215\" data-end=\"5332\">Bu \u00fcr\u00fcn <strong data-start=\"5230\" data-end=\"5268\">yaln\u0131zca ara\u015ft\u0131rma ama\u00e7l\u0131d\u0131r<\/strong> Ve <strong data-start=\"5272\" data-end=\"5329\">insan veya hayvan t\u00fcketimine uygun de\u011fildir<\/strong>.<\/p>\n<hr data-start=\"5334\" data-end=\"5337\" \/>\n<h3 data-start=\"5339\" data-end=\"5370\"><strong data-start=\"5343\" data-end=\"5370\">Temel \u00d6zellikler<\/strong><\/h3>\n<ul data-start=\"5372\" data-end=\"5862\">\n<li data-start=\"5372\" data-end=\"5481\">\n<p data-start=\"5374\" data-end=\"5481\"><strong data-start=\"5374\" data-end=\"5394\">Y\u00fcksek Safl\u0131k:<\/strong> G\u00fcvenilir ara\u015ft\u0131rma sonu\u00e7lar\u0131 i\u00e7in s\u0131k\u0131 kalite kontrolleri alt\u0131nda \u00fcretilmi\u015ftir.<\/p>\n<\/li>\n<li data-start=\"5482\" data-end=\"5577\">\n<p data-start=\"5484\" data-end=\"5577\"><strong data-start=\"5484\" data-end=\"5520\">Standardize Konsantrasyon:<\/strong> Hassas analitik kalibrasyon i\u00e7in 30% \u00e7\u00f6z\u00fcm\u00fc.<\/p>\n<\/li>\n<li data-start=\"5578\" data-end=\"5665\">\n<p data-start=\"5580\" data-end=\"5665\"><strong data-start=\"5580\" data-end=\"5613\">Onayl\u0131 Belgeler:<\/strong> Analiz sertifikas\u0131 ve parti verileriyle birlikte teslim edilir.<\/p>\n<\/li>\n<li data-start=\"5666\" data-end=\"5765\">\n<p data-start=\"5668\" data-end=\"5765\"><strong data-start=\"5668\" data-end=\"5699\">Analitik Geni\u015f \u00c7apta Da\u011f\u0131t\u0131labilir:<\/strong> Uygun olanlar <strong data-start=\"5714\" data-end=\"5723\">GC-MS<\/strong>, <strong data-start=\"5725\" data-end=\"5737\">LC-MS\/MS<\/strong> Ve <strong data-start=\"5741\" data-end=\"5749\">HPLC<\/strong> uygulamalar.<\/p>\n<\/li>\n<li data-start=\"5766\" data-end=\"5862\">\n<p data-start=\"5768\" data-end=\"5862\"><strong data-start=\"5768\" data-end=\"5793\">Kararl\u0131 Form\u00fclasyon:<\/strong> Laboratuvar ko\u015fullar\u0131nda uzun s\u00fcreli depolama i\u00e7in tasarlanm\u0131\u015ft\u0131r. Chem Mist 2F DCK Sprey<\/p>\n<\/li>\n<\/ul>\n<hr data-start=\"5864\" data-end=\"5867\" \/>\n<h3 data-start=\"5869\" data-end=\"5886\"><strong data-start=\"5873\" data-end=\"5886\">Avantajlar\u0131<\/strong><\/h3>\n<ul data-start=\"5888\" data-end=\"6339\">\n<li data-start=\"5888\" data-end=\"5979\">\n<p data-start=\"5890\" data-end=\"5979\"><strong data-start=\"5890\" data-end=\"5916\">Adli Olarak Uygulanabilir:<\/strong> Arilsikloheksilamin bile\u015fiklerine ili\u015fkin ara\u015ft\u0131rmalar\u0131 destekler.<\/p>\n<\/li>\n<li data-start=\"5980\" data-end=\"6069\">\n<p data-start=\"5982\" data-end=\"6069\"><strong data-start=\"5982\" data-end=\"6009\">G\u00fcvenilir Kalibrasyon:<\/strong> Tutarl\u0131 ve tekrarlanabilir \u00f6l\u00e7\u00fcm sonu\u00e7lar\u0131 sa\u011flar.<\/p>\n<\/li>\n<li data-start=\"6070\" data-end=\"6163\">\n<p data-start=\"6072\" data-end=\"6163\"><strong data-start=\"6072\" data-end=\"6117\">Metodolojik Geli\u015fimi Destekler:<\/strong> Tespit ve analiz y\u00f6ntemlerine uygundur.<\/p>\n<\/li>\n<li data-start=\"6164\" data-end=\"6246\">\n<p data-start=\"6166\" data-end=\"6246\"><strong data-start=\"6166\" data-end=\"6188\">E\u011fitim De\u011feri:<\/strong> Akademik ara\u015ft\u0131rma projelerinde kullan\u0131labilir.<\/p>\n<\/li>\n<li data-start=\"6247\" data-end=\"6339\">\n<p data-start=\"6249\" data-end=\"6339\"><strong data-start=\"6249\" data-end=\"6276\">G\u00fcvenli ve uyumlu:<\/strong> Uluslararas\u0131 laboratuvar kurallar\u0131na uygun olarak \u00fcretilmi\u015ftir.<\/p>\n<\/li>\n<\/ul>\n<hr data-start=\"6341\" data-end=\"6344\" \/>\n<h3 data-start=\"6346\" data-end=\"6407\"><strong data-start=\"6350\" data-end=\"6407\">Kullan\u0131m Talimatlar\u0131 (Sadece Ara\u015ft\u0131rma Ama\u00e7l\u0131d\u0131r)<\/strong><\/h3>\n<ol data-start=\"6409\" data-end=\"6758\">\n<li data-start=\"6409\" data-end=\"6511\">\n<p data-start=\"6412\" data-end=\"6511\"><strong data-start=\"6412\" data-end=\"6426\">Kullan\u0131m:<\/strong> Sadece akredite laboratuvarlarda, kalifiye personel g\u00f6zetiminde kullan\u0131lmal\u0131d\u0131r.<\/p>\n<\/li>\n<li data-start=\"6512\" data-end=\"6609\">\n<p data-start=\"6515\" data-end=\"6609\"><strong data-start=\"6515\" data-end=\"6530\">Ba\u015fvuru:<\/strong> \u0130yi havaland\u0131r\u0131lan bir ortamda, onaylanm\u0131\u015f protokollere g\u00f6re kullan\u0131n.<\/p>\n<\/li>\n<li data-start=\"6610\" data-end=\"6673\">\n<p data-start=\"6613\" data-end=\"6673\"><strong data-start=\"6613\" data-end=\"6624\">Depolamak:<\/strong> Serin, kuru ve karanl\u0131k bir yerde, a\u011fz\u0131 s\u0131k\u0131ca kapal\u0131 olarak saklay\u0131n\u0131z.<\/p>\n<\/li>\n<li data-start=\"6674\" data-end=\"6758\">\n<p data-start=\"6677\" data-end=\"6758\"><strong data-start=\"6677\" data-end=\"6688\">\u0130mha etmek:<\/strong> Kal\u0131nt\u0131lar\u0131 kimyasal at\u0131klara ili\u015fkin yerel y\u00f6netmeliklere uygun \u015fekilde bertaraf edin.<\/p>\n<\/li>\n<\/ol>\n<hr data-start=\"6760\" data-end=\"6763\" \/>\n<h3 data-start=\"6765\" data-end=\"6799\"><strong data-start=\"6769\" data-end=\"6799\">G\u00fcvenlik ve Uyumluluk<\/strong><\/h3>\n<ul data-start=\"6801\" data-end=\"7239\">\n<li data-start=\"6801\" data-end=\"6896\">\n<p data-start=\"6803\" data-end=\"6896\"><strong data-start=\"6803\" data-end=\"6839\">Sadece Laboratuvar Kullan\u0131m\u0131 \u0130\u00e7indir:<\/strong> \u0130nsan ve hayvan t\u00fcketimine uygun de\u011fildir.<\/p>\n<\/li>\n<li data-start=\"6897\" data-end=\"7009\">\n<p data-start=\"6899\" data-end=\"7009\"><strong data-start=\"6899\" data-end=\"6927\">Hukuki Hususlar:<\/strong> 2F-DCK&#039;n\u0131n durumu \u00fclkeye g\u00f6re de\u011fi\u015fir; her zaman yerel y\u00f6netmelikleri kontrol edin.<\/p>\n<\/li>\n<li data-start=\"7010\" data-end=\"7114\">\n<p data-start=\"7012\" data-end=\"7114\"><strong data-start=\"7012\" data-end=\"7040\">Sa\u011fl\u0131k ve G\u00fcvenlik:<\/strong> Cilt temas\u0131ndan ve solunmas\u0131ndan ka\u00e7\u0131n\u0131n\u0131z, uygun koruyucu ekipman kullan\u0131n\u0131z.<\/p>\n<\/li>\n<li data-start=\"7115\" data-end=\"7239\">\n<p data-start=\"7117\" data-end=\"7239\"><strong data-start=\"7117\" data-end=\"7134\">Belgeleme:<\/strong> A <strong data-start=\"7139\" data-end=\"7175\">g\u00fcvenlik bilgi formu (MSDS)<\/strong> Ve <strong data-start=\"7179\" data-end=\"7207\">analiz sertifikas\u0131 (COA)<\/strong> Talep \u00fczerine mevcuttur.<\/p>\n<\/li>\n<\/ul>\n<hr data-start=\"7241\" data-end=\"7244\" \/>\n<h3 data-start=\"7246\" data-end=\"7281\"><strong data-start=\"7250\" data-end=\"7281\">S\u0131k\u00e7a Sorulan Sorular (SSS)<\/strong><\/h3>\n<p data-start=\"7283\" data-end=\"7478\"><strong data-start=\"7283\" data-end=\"7341\">1. Chem Mist 2F-DCK Sprey 30% ne i\u00e7in kullan\u0131l\u0131r?<\/strong><br data-start=\"7341\" data-end=\"7344\" \/>Olarak kullan\u0131l\u0131r <strong data-start=\"7367\" data-end=\"7390\">referans \u00e7\u00f6z\u00fcm\u00fc<\/strong> Adli ve analitik laboratuvarlarda y\u00f6ntem geli\u015ftirme ve tan\u0131mlama amac\u0131yla.<\/p>\n<p data-start=\"7480\" data-end=\"7641\"><strong data-start=\"7480\" data-end=\"7538\">2. Bu \u00fcr\u00fcn insan t\u00fcketimine uygun mudur?<\/strong><br data-start=\"7538\" data-end=\"7541\" \/>Hay\u0131r. \u00d6yle <strong data-start=\"7553\" data-end=\"7591\">yaln\u0131zca ara\u015ft\u0131rma ama\u00e7l\u0131d\u0131r<\/strong> Ve <strong data-start=\"7595\" data-end=\"7638\">insan kullan\u0131m\u0131 i\u00e7in onaylanmam\u0131\u015ft\u0131r<\/strong>.<\/p>\n<p data-start=\"7643\" data-end=\"7788\"><strong data-start=\"7643\" data-end=\"7704\">3. Chem Mist 2F-DCK Sprey 30% nas\u0131l saklanmal\u0131d\u0131r?<\/strong><br data-start=\"7704\" data-end=\"7707\" \/>Serin, kuru ve karanl\u0131k bir yerde, a\u011fz\u0131 s\u0131k\u0131ca kapal\u0131 olarak ve yetkisiz ki\u015filerin ula\u015famayaca\u011f\u0131 yerde saklay\u0131n\u0131z.<\/p>","protected":false},"excerpt":{"rendered":"<h2><span style=\"vertical-align: inherit;\"><span style=\"vertical-align: inherit;\">Chem-mist 2F-DCK 30% Vanilla Sky \u00f6zellikleri<\/span><\/span><\/h2>\n<p><strong><span style=\"vertical-align: inherit;\"><span style=\"vertical-align: inherit;\">E\u015f anlaml\u0131s\u0131:<\/span><\/span><\/strong><span style=\"vertical-align: inherit;\"><span style=\"vertical-align: inherit;\"> 2-florodeskloroketamin HCl <\/span><\/span><br \/>\n<strong><span style=\"vertical-align: inherit;\"><span style=\"vertical-align: inherit;\">CAS Numaras\u0131:<\/span><\/span><\/strong><span style=\"vertical-align: inherit;\"><span style=\"vertical-align: inherit;\"> 111982-49-1 <\/span><\/span><br \/>\n<strong><span style=\"vertical-align: inherit;\"><span style=\"vertical-align: inherit;\">Form\u00fcl:<\/span><\/span><\/strong><span style=\"vertical-align: inherit;\"><span style=\"vertical-align: inherit;\"> 2-(2-florofenil)-2-(metilamino)-sikloheksanon <\/span><\/span><br \/>\n<strong><span style=\"vertical-align: inherit;\"><span style=\"vertical-align: inherit;\">Mol K\u00fctlesi:<\/span><\/span><\/strong><span style=\"vertical-align: inherit;\"><span style=\"vertical-align: inherit;\"> 257,7 g\/mol <\/span><\/span><br \/>\n<strong><span style=\"vertical-align: inherit;\"><span style=\"vertical-align: inherit;\">Safl\u0131k:<\/span><\/span><\/strong><span style=\"vertical-align: inherit;\"><span style=\"vertical-align: inherit;\"> &gt;98%<\/span><\/span><\/p>","protected":false},"featured_media":29305,"comment_status":"closed","ping_status":"closed","template":"","meta":[],"product_brand":[],"product_cat":[474,498,71,471,396],"product_tag":[1115,1116,1117,326,472],"class_list":{"0":"post-23751","1":"product","2":"type-product","3":"status-publish","4":"has-post-thumbnail","6":"product_cat-2f-dck-kopen","7":"product_cat-2f-dck-sprays","8":"product_cat-arylcyclohexylamine","9":"product_cat-chem-mist-sprays","10":"product_cat-liquid-rcs","11":"product_tag-chem-mist-2f-dck-spray","12":"product_tag-chem-mist-2f-dck-spray-30","13":"product_tag-chem-mist-2f-dck-spray-kopen","14":"product_tag-nl","15":"product_tag-spring-is-in-the-air","17":"first","18":"instock","19":"taxable","20":"shipping-taxable","21":"purchasable","22":"product-type-variable"},"_links":{"self":[{"href":"https:\/\/onderzoekschemicals.com\/tr\/wp-json\/wp\/v2\/product\/23751","targetHints":{"allow":["GET"]}}],"collection":[{"href":"https:\/\/onderzoekschemicals.com\/tr\/wp-json\/wp\/v2\/product"}],"about":[{"href":"https:\/\/onderzoekschemicals.com\/tr\/wp-json\/wp\/v2\/types\/product"}],"replies":[{"embeddable":true,"href":"https:\/\/onderzoekschemicals.com\/tr\/wp-json\/wp\/v2\/comments?post=23751"}],"version-history":[{"count":6,"href":"https:\/\/onderzoekschemicals.com\/tr\/wp-json\/wp\/v2\/product\/23751\/revisions"}],"predecessor-version":[{"id":27959,"href":"https:\/\/onderzoekschemicals.com\/tr\/wp-json\/wp\/v2\/product\/23751\/revisions\/27959"}],"wp:featuredmedia":[{"embeddable":true,"href":"https:\/\/onderzoekschemicals.com\/tr\/wp-json\/wp\/v2\/media\/29305"}],"wp:attachment":[{"href":"https:\/\/onderzoekschemicals.com\/tr\/wp-json\/wp\/v2\/media?parent=23751"}],"wp:term":[{"taxonomy":"product_brand","embeddable":true,"href":"https:\/\/onderzoekschemicals.com\/tr\/wp-json\/wp\/v2\/product_brand?post=23751"},{"taxonomy":"product_cat","embeddable":true,"href":"https:\/\/onderzoekschemicals.com\/tr\/wp-json\/wp\/v2\/product_cat?post=23751"},{"taxonomy":"product_tag","embeddable":true,"href":"https:\/\/onderzoekschemicals.com\/tr\/wp-json\/wp\/v2\/product_tag?post=23751"}],"curies":[{"name":"wp","href":"https:\/\/api.w.org\/{rel}","templated":true}]}}