{"id":23476,"date":"2025-04-13T17:39:49","date_gmt":"2025-04-13T17:39:49","guid":{"rendered":"https:\/\/onderzoekschemicals.com\/?post_type=product&#038;p=23476"},"modified":"2025-10-19T20:43:31","modified_gmt":"2025-10-19T20:43:31","slug":"4-ho-mpt-fumarate","status":"publish","type":"product","link":"https:\/\/onderzoekschemicals.com\/tr\/shop\/4-ho-mpt\/4-ho-mpt-fumarate\/","title":{"rendered":"4-HO-MPT fumarat"},"content":{"rendered":"<h1><strong><span dir=\"auto\" style=\"vertical-align: inherit;\"><span dir=\"auto\" style=\"vertical-align: inherit;\">4-HO-MPT Fumarat \u2013 \u0130leri Ara\u015ft\u0131rmalar \u0130\u00e7in Y\u00fcksek Kaliteli Ara\u015ft\u0131rma Kimyasal\u0131<\/span><\/span><\/strong><\/h1>\n<p data-start=\"4191\" data-end=\"4388\"><strong data-start=\"4191\" data-end=\"4252\">4-HO-MPT Fumarat (4-Hidroksi-N-Metil-N-Propiltriptamin)<\/strong> bir <strong data-start=\"4260\" data-end=\"4302\">y\u00fcksek safl\u0131kta ara\u015ft\u0131rma bile\u015fi\u011fi<\/strong>i\u00e7in geli\u015ftirildi <strong data-start=\"4320\" data-end=\"4385\">n\u00f6robilimsel, farmakolojik ve analitik ara\u015ft\u0131rmalar<\/strong>. 4-ho-mpt fumarat<\/p>\n<p data-start=\"4390\" data-end=\"4735\">E\u011fer <strong data-start=\"4394\" data-end=\"4431\">hidroksil-ikameli analog<\/strong> ile <strong data-start=\"4436\" data-end=\"4443\">MPT<\/strong>, 4-HO-MPT&#039;ye aittir <strong data-start=\"4469\" data-end=\"4505\">4-hidroksitriptamin s\u0131n\u0131f\u0131 (4-HO)<\/strong> ve a\u015fa\u011f\u0131daki gibi bile\u015fiklerle yak\u0131ndan ili\u015fkilidir: <strong data-start=\"4552\" data-end=\"4576\">4-HO-DMT (Psilosin)<\/strong>. Ara\u015ft\u0131rma i\u00e7in \u00f6nemlidir <strong data-start=\"4616\" data-end=\"4658\">serotonin resept\u00f6rleri (5-HT1A, 5-HT2A)<\/strong> Ve <strong data-start=\"4662\" data-end=\"4704\">yap\u0131-aktivite ili\u015fkileri (SAR)<\/strong> triptamin ailesindendir.<\/p>\n<p data-start=\"4737\" data-end=\"4924\">The <strong data-start=\"4740\" data-end=\"4760\">fumarat tuz formu<\/strong> teklifler <strong data-start=\"4767\" data-end=\"4825\">m\u00fckemmel stabilite, \u00e7\u00f6z\u00fcn\u00fcrl\u00fck ve raf \u00f6mr\u00fc<\/strong>Bu da \u00fcr\u00fcn\u00fc kontroll\u00fc laboratuvar ortamlar\u0131nda uzun s\u00fcreli kullan\u0131m i\u00e7in ideal hale getirir.<\/p>\n<blockquote data-start=\"4926\" data-end=\"5077\">\n<p data-start=\"4928\" data-end=\"5077\">\u26a0\ufe0f <strong data-start=\"4931\" data-end=\"4942\">Not:<\/strong> Bu \u00fcr\u00fcn <strong data-start=\"4958\" data-end=\"5013\">yaln\u0131zca bilimsel ara\u015ft\u0131rma ama\u00e7l\u0131<\/strong> Ve <strong data-start=\"5017\" data-end=\"5074\">insan veya hayvan t\u00fcketimine uygun de\u011fildir<\/strong>.<\/p>\n<\/blockquote>\n<hr data-start=\"5079\" data-end=\"5082\" \/>\n<h3 data-start=\"5084\" data-end=\"5115\"><strong data-start=\"5088\" data-end=\"5115\">Temel \u00d6zellikler<\/strong><\/h3>\n<ul data-start=\"5116\" data-end=\"5510\">\n<li data-start=\"5116\" data-end=\"5180\">\n<p data-start=\"5118\" data-end=\"5180\"><strong data-start=\"5118\" data-end=\"5144\">Y\u00fcksek Safl\u0131k (\u226599%)<\/strong> \u2013 HPLC ve GC-MS ile analiz edildi.<\/p>\n<\/li>\n<li data-start=\"5181\" data-end=\"5254\">\n<p data-start=\"5183\" data-end=\"5254\"><strong data-start=\"5183\" data-end=\"5212\">Kararl\u0131 Fumarat Tuz Formu<\/strong> \u2013 Raf \u00f6mr\u00fcn\u00fc ve stabilitesini art\u0131r\u0131r.<\/p>\n<\/li>\n<li data-start=\"5255\" data-end=\"5342\">\n<p data-start=\"5257\" data-end=\"5342\"><strong data-start=\"5257\" data-end=\"5296\">Farmakolojik Ara\u015ft\u0131rma Standard\u0131<\/strong> \u2013 Resept\u00f6r ve SAR ara\u015ft\u0131rmalar\u0131 i\u00e7in uygundur.<\/p>\n<\/li>\n<li data-start=\"5343\" data-end=\"5421\">\n<p data-start=\"5345\" data-end=\"5421\"><strong data-start=\"5345\" data-end=\"5370\">Tutarl\u0131 Kalite<\/strong> \u2013 GMP benzeri ko\u015fullarda \u00fcretilmi\u015ftir.<\/p>\n<\/li>\n<li data-start=\"5422\" data-end=\"5510\">\n<p data-start=\"5424\" data-end=\"5510\"><strong data-start=\"5424\" data-end=\"5446\">G\u00fcvenli Paketleme<\/strong> \u2013 Maksimum koruma i\u00e7in hava ve \u0131\u015f\u0131k ge\u00e7irmez \u015fekilde paketlenmi\u015ftir.<\/p>\n<\/li>\n<\/ul>\n<hr data-start=\"5512\" data-end=\"5515\" \/>\n<h3 data-start=\"5517\" data-end=\"5534\"><strong data-start=\"5521\" data-end=\"5534\">Avantajlar\u0131<\/strong><\/h3>\n<ul data-start=\"5535\" data-end=\"5830\">\n<li data-start=\"5535\" data-end=\"5615\">\n<p data-start=\"5537\" data-end=\"5615\">Destekler <strong data-start=\"5549\" data-end=\"5612\">serotonin resept\u00f6rleri ve triptamin analoglar\u0131 \u00fczerine ara\u015ft\u0131rmalar<\/strong>.<\/p>\n<\/li>\n<li data-start=\"5616\" data-end=\"5691\">\n<p data-start=\"5618\" data-end=\"5691\"><strong data-start=\"5618\" data-end=\"5663\">Do\u011fru ve tekrarlanabilir sonu\u00e7lar<\/strong> laboratuvar ara\u015ft\u0131rmalar\u0131nda.<\/p>\n<\/li>\n<li data-start=\"5692\" data-end=\"5758\">\n<p data-start=\"5694\" data-end=\"5758\"><strong data-start=\"5694\" data-end=\"5733\">Daha iyi stabilite ve \u00e7\u00f6z\u00fcn\u00fcrl\u00fck<\/strong> serbest baz formundan daha iyidir.<\/p>\n<\/li>\n<li data-start=\"5759\" data-end=\"5830\">\n<p data-start=\"5761\" data-end=\"5830\">\u0130\u00e7in idealdir <strong data-start=\"5773\" data-end=\"5827\">akademik, farmakolojik ve analitik ara\u015ft\u0131rmalar<\/strong>.<\/p>\n<\/li>\n<\/ul>\n<hr data-start=\"5832\" data-end=\"5835\" \/>\n<h3 data-start=\"5837\" data-end=\"5852\"><strong data-start=\"5841\" data-end=\"5852\">Kullan\u0131m<\/strong><\/h3>\n<ul data-start=\"5853\" data-end=\"6124\">\n<li data-start=\"5853\" data-end=\"5923\">\n<p data-start=\"5855\" data-end=\"5923\">Sadece taraf\u0131ndan kullan\u0131labilir <strong data-start=\"5880\" data-end=\"5920\">kalifiye laboratuvar personeli<\/strong>.<\/p>\n<\/li>\n<li data-start=\"5924\" data-end=\"6000\">\n<p data-start=\"5926\" data-end=\"6000\">Uygun olan\u0131 kullan\u0131n <strong data-start=\"5944\" data-end=\"5968\">koruyucu ekipman<\/strong> (eldiven, g\u00f6zl\u00fck, laboratuvar \u00f6nl\u00fc\u011f\u00fc).<\/p>\n<\/li>\n<li data-start=\"6001\" data-end=\"6065\">\n<p data-start=\"6003\" data-end=\"6065\">Birinden tasarruf edin <strong data-start=\"6018\" data-end=\"6052\">serin, kuru ve karanl\u0131k bir yer<\/strong> (15\u201325\u00b0C).<\/p>\n<\/li>\n<li data-start=\"6066\" data-end=\"6124\">\n<p data-start=\"6068\" data-end=\"6124\">\u0130nsan ve hayvan t\u00fcketimine uygun de\u011fildir.<\/p>\n<\/li>\n<\/ul>\n<hr data-start=\"6126\" data-end=\"6129\" \/>\n<h3 data-start=\"6131\" data-end=\"6166\"><strong data-start=\"6135\" data-end=\"6166\">S\u0131k\u00e7a Sorulan Sorular (SSS)<\/strong><\/h3>\n<p data-start=\"6168\" data-end=\"6368\"><strong data-start=\"6168\" data-end=\"6217\">1. 4-HO-MPT Fumarat ne i\u00e7in kullan\u0131l\u0131r?<\/strong><br data-start=\"6217\" data-end=\"6220\" \/>4-HO-MPT Fumarat \u015fu ama\u00e7larla kullan\u0131l\u0131r: <strong data-start=\"6258\" data-end=\"6303\">farmakolojik ve n\u00f6rokimyasal ara\u015ft\u0131rmalar<\/strong> serotonin resept\u00f6rleri ve yap\u0131sal triptamin analoglar\u0131na.<\/p>\n<p data-start=\"6370\" data-end=\"6550\"><strong data-start=\"6370\" data-end=\"6428\">2. 4-HO-MPT Fumarat insan kullan\u0131m\u0131 i\u00e7in g\u00fcvenli midir?<\/strong><br data-start=\"6428\" data-end=\"6431\" \/>Hay\u0131r. Bu \u00fcr\u00fcn <strong data-start=\"6451\" data-end=\"6500\">yaln\u0131zca ara\u015ft\u0131rma ama\u00e7l\u0131d\u0131r<\/strong> ve insan t\u00fcketimi i\u00e7in onaylanmam\u0131\u015ft\u0131r.<\/p>\n<p data-start=\"6552\" data-end=\"6723\"><strong data-start=\"6552\" data-end=\"6601\">3. 4-HO-MPT Fumarat nas\u0131l saklanmal\u0131d\u0131r?<\/strong><br data-start=\"6601\" data-end=\"6604\" \/>Bir yerde saklay\u0131n <strong data-start=\"6619\" data-end=\"6649\">iyi kapat\u0131lm\u0131\u015f ambalaj<\/strong> Oda s\u0131cakl\u0131\u011f\u0131nda (15\u201325\u00b0C), nem, \u0131s\u0131 ve \u0131\u015f\u0131ktan korunarak.<\/p>","protected":false},"excerpt":{"rendered":"<h3><span style=\"vertical-align: inherit;\"><span style=\"vertical-align: inherit;\"><span dir=\"auto\" style=\"vertical-align: inherit;\"><span dir=\"auto\" style=\"vertical-align: inherit;\">4-HO-MPT fumarat \u00f6zellikleri<\/span><\/span><\/span><\/span><\/h3>\n<p><strong><span style=\"vertical-align: inherit;\"><span style=\"vertical-align: inherit;\"><span dir=\"auto\" style=\"vertical-align: inherit;\"><span dir=\"auto\" style=\"vertical-align: inherit;\">E\u015f anlaml\u0131s\u0131:<\/span><\/span><\/span><\/span><\/strong><span style=\"vertical-align: inherit;\"><span style=\"vertical-align: inherit;\"><span dir=\"auto\" style=\"vertical-align: inherit;\"><span dir=\"auto\" style=\"vertical-align: inherit;\"> 4-hidroksi-N-metil-N-propiltriptamin fumarat <\/span><\/span><\/span><\/span><br \/>\n<strong><span style=\"vertical-align: inherit;\"><span style=\"vertical-align: inherit;\"><span dir=\"auto\" style=\"vertical-align: inherit;\"><span dir=\"auto\" style=\"vertical-align: inherit;\">CAS Numaras\u0131:<\/span><\/span><\/span><\/span><\/strong><span style=\"vertical-align: inherit;\"><span style=\"vertical-align: inherit;\"><span dir=\"auto\" style=\"vertical-align: inherit;\"><span dir=\"auto\" style=\"vertical-align: inherit;\"> 763035-03-6 <\/span><\/span><\/span><\/span><br \/>\n<strong><span style=\"vertical-align: inherit;\"><span style=\"vertical-align: inherit;\"><span dir=\"auto\" style=\"vertical-align: inherit;\"><span dir=\"auto\" style=\"vertical-align: inherit;\">Form\u00fcl:<\/span><\/span><\/span><\/span><\/strong><span style=\"vertical-align: inherit;\"><span style=\"vertical-align: inherit;\"><span dir=\"auto\" style=\"vertical-align: inherit;\"><span dir=\"auto\" style=\"vertical-align: inherit;\"> 3-(2-(metil(propil)amino)etil)-1H-indol-4-ol fumarat <\/span><\/span><\/span><\/span><br \/>\n<strong><span style=\"vertical-align: inherit;\"><span style=\"vertical-align: inherit;\"><span dir=\"auto\" style=\"vertical-align: inherit;\"><span dir=\"auto\" style=\"vertical-align: inherit;\">Mol K\u00fctlesi:<\/span><\/span><\/span><\/span><\/strong><span style=\"vertical-align: inherit;\"><span style=\"vertical-align: inherit;\"><span dir=\"auto\" style=\"vertical-align: inherit;\"><span dir=\"auto\" style=\"vertical-align: inherit;\"> 348,4 g\/mol <\/span><\/span><\/span><\/span><br \/>\n<strong><span style=\"vertical-align: inherit;\"><span style=\"vertical-align: inherit;\"><span dir=\"auto\" style=\"vertical-align: inherit;\"><span dir=\"auto\" style=\"vertical-align: inherit;\">Safl\u0131k:<\/span><\/span><\/span><\/span><\/strong><span style=\"vertical-align: inherit;\"><span style=\"vertical-align: inherit;\"><span dir=\"auto\" style=\"vertical-align: inherit;\"><span dir=\"auto\" style=\"vertical-align: inherit;\"> &gt;97%<\/span><\/span><\/span><\/span><\/p>","protected":false},"featured_media":20355,"comment_status":"closed","ping_status":"closed","template":"","meta":[],"product_brand":[],"product_cat":[544,381],"product_tag":[326],"class_list":{"0":"post-23476","1":"product","2":"type-product","3":"status-publish","4":"has-post-thumbnail","6":"product_cat-4-ho-mpt","7":"product_cat-tryptamines","8":"product_tag-nl","10":"first","11":"instock","12":"taxable","13":"shipping-taxable","14":"purchasable","15":"product-type-variable"},"_links":{"self":[{"href":"https:\/\/onderzoekschemicals.com\/tr\/wp-json\/wp\/v2\/product\/23476","targetHints":{"allow":["GET"]}}],"collection":[{"href":"https:\/\/onderzoekschemicals.com\/tr\/wp-json\/wp\/v2\/product"}],"about":[{"href":"https:\/\/onderzoekschemicals.com\/tr\/wp-json\/wp\/v2\/types\/product"}],"replies":[{"embeddable":true,"href":"https:\/\/onderzoekschemicals.com\/tr\/wp-json\/wp\/v2\/comments?post=23476"}],"version-history":[{"count":4,"href":"https:\/\/onderzoekschemicals.com\/tr\/wp-json\/wp\/v2\/product\/23476\/revisions"}],"predecessor-version":[{"id":28038,"href":"https:\/\/onderzoekschemicals.com\/tr\/wp-json\/wp\/v2\/product\/23476\/revisions\/28038"}],"wp:featuredmedia":[{"embeddable":true,"href":"https:\/\/onderzoekschemicals.com\/tr\/wp-json\/wp\/v2\/media\/20355"}],"wp:attachment":[{"href":"https:\/\/onderzoekschemicals.com\/tr\/wp-json\/wp\/v2\/media?parent=23476"}],"wp:term":[{"taxonomy":"product_brand","embeddable":true,"href":"https:\/\/onderzoekschemicals.com\/tr\/wp-json\/wp\/v2\/product_brand?post=23476"},{"taxonomy":"product_cat","embeddable":true,"href":"https:\/\/onderzoekschemicals.com\/tr\/wp-json\/wp\/v2\/product_cat?post=23476"},{"taxonomy":"product_tag","embeddable":true,"href":"https:\/\/onderzoekschemicals.com\/tr\/wp-json\/wp\/v2\/product_tag?post=23476"}],"curies":[{"name":"wp","href":"https:\/\/api.w.org\/{rel}","templated":true}]}}