{"id":23166,"date":"2025-04-13T17:39:15","date_gmt":"2025-04-13T17:39:15","guid":{"rendered":"https:\/\/onderzoekschemicals.com\/?post_type=product&#038;p=23166"},"modified":"2025-11-28T21:04:29","modified_gmt":"2025-11-28T21:04:29","slug":"a-php","status":"publish","type":"product","link":"https:\/\/onderzoekschemicals.com\/tr\/shop\/verboden\/a-php\/","title":{"rendered":"Alfa-PHP (a-PHP)"},"content":{"rendered":"<h1><strong><span dir=\"auto\" style=\"vertical-align: inherit;\"><span dir=\"auto\" style=\"vertical-align: inherit;\"><span dir=\"auto\" style=\"vertical-align: inherit;\"><span dir=\"auto\" style=\"vertical-align: inherit;\">Bir PHP (\u03b1-PHP) \u2013 Ara\u015ft\u0131rma Kimyasal\u0131 Katinon T\u00fcrevleri<\/span><\/span><\/span><\/span><\/strong><\/h1>\n<p data-start=\"7342\" data-end=\"7650\"><strong data-start=\"7342\" data-end=\"7355\"><span dir=\"auto\" style=\"vertical-align: inherit;\"><span dir=\"auto\" style=\"vertical-align: inherit;\">Alfa-PHP<\/span><\/span><\/strong><span dir=\"auto\" style=\"vertical-align: inherit;\"><span dir=\"auto\" style=\"vertical-align: inherit;\"> , veya <\/span><\/span><strong data-start=\"7360\" data-end=\"7390\"><span dir=\"auto\" style=\"vertical-align: inherit;\"><span dir=\"auto\" style=\"vertical-align: inherit;\">\u03b1-Pirolidinohekzanofenon<\/span><\/span><\/strong><span dir=\"auto\" style=\"vertical-align: inherit;\"><span dir=\"auto\" style=\"vertical-align: inherit;\"> , bir <\/span><\/span><strong data-start=\"7399\" data-end=\"7433\"><span dir=\"auto\" style=\"vertical-align: inherit;\"><span dir=\"auto\" style=\"vertical-align: inherit;\">sentetik uyar\u0131c\u0131<\/span><\/span><\/strong><span dir=\"auto\" style=\"vertical-align: inherit;\"><span dir=\"auto\" style=\"vertical-align: inherit;\"> -n\u0131n <\/span><\/span><strong data-start=\"7441\" data-end=\"7467\"><span dir=\"auto\" style=\"vertical-align: inherit;\"><span dir=\"auto\" style=\"vertical-align: inherit;\">pirolidinofenon s\u0131n\u0131f\u0131<\/span><\/span><\/strong><span dir=\"auto\" style=\"vertical-align: inherit;\"><span dir=\"auto\" style=\"vertical-align: inherit;\"> , ile ilgili <\/span><\/span><strong data-start=\"7481\" data-end=\"7494\"><span dir=\"auto\" style=\"vertical-align: inherit;\"><span dir=\"auto\" style=\"vertical-align: inherit;\">alfa-PVP<\/span><\/span><\/strong><span dir=\"auto\" style=\"vertical-align: inherit;\"><span dir=\"auto\" style=\"vertical-align: inherit;\"> . <\/span><\/span><br data-start=\"7495\" data-end=\"7498\" \/><span dir=\"auto\" style=\"vertical-align: inherit;\"><span dir=\"auto\" style=\"vertical-align: inherit;\">Bu incelendi <\/span><\/span><strong data-start=\"7522\" data-end=\"7549\"><span dir=\"auto\" style=\"vertical-align: inherit;\"><span dir=\"auto\" style=\"vertical-align: inherit;\">adli toksikoloji<\/span><\/span><\/strong><span dir=\"auto\" style=\"vertical-align: inherit;\"><span dir=\"auto\" style=\"vertical-align: inherit;\"> Ve <\/span><\/span><strong data-start=\"7553\" data-end=\"7575\"><span dir=\"auto\" style=\"vertical-align: inherit;\"><span dir=\"auto\" style=\"vertical-align: inherit;\">analitik kimya<\/span><\/span><\/strong><span dir=\"auto\" style=\"vertical-align: inherit;\"><span dir=\"auto\" style=\"vertical-align: inherit;\"> \u00e7al\u0131\u015fman\u0131n bir par\u00e7as\u0131 olarak <\/span><\/span><strong data-start=\"7609\" data-end=\"7647\"><span dir=\"auto\" style=\"vertical-align: inherit;\"><span dir=\"auto\" style=\"vertical-align: inherit;\">yeni psikoaktif maddeler (NPS)<\/span><\/span><\/strong><span dir=\"auto\" style=\"vertical-align: inherit;\"><span dir=\"auto\" style=\"vertical-align: inherit;\"> .<\/span><\/span><span class=\"___SBox_epc1q-ko_ ___SText_zko9t-ko_\" data-ui-name=\"Link.Text\"><span dir=\"auto\" style=\"vertical-align: inherit;\"><span dir=\"auto\" style=\"vertical-align: inherit;\"> alfa php<\/span><\/span><\/span><\/p>\n<p data-start=\"7652\" data-end=\"7760\"><span dir=\"auto\" style=\"vertical-align: inherit;\"><span dir=\"auto\" style=\"vertical-align: inherit;\">Alpha-PHP&#039;nin <\/span><\/span><strong data-start=\"7668\" data-end=\"7696\"><span dir=\"auto\" style=\"vertical-align: inherit;\"><span dir=\"auto\" style=\"vertical-align: inherit;\">t\u0131bbi kullan\u0131m\u0131 yoktur ve \u015fu \u015fekilde s\u0131n\u0131fland\u0131r\u0131l\u0131r: <\/span><\/span><\/strong><strong data-start=\"7726\" data-end=\"7759\"><span dir=\"auto\" style=\"vertical-align: inherit;\"><span dir=\"auto\" style=\"vertical-align: inherit;\">kontroll\u00fc bir madde<\/span><\/span><\/strong><span dir=\"auto\" style=\"vertical-align: inherit;\"><span dir=\"auto\" style=\"vertical-align: inherit;\"> bir\u00e7ok \u00fclkede <\/span><span dir=\"auto\" style=\"vertical-align: inherit;\">.<\/span><\/span><\/p>\n<hr data-start=\"7762\" data-end=\"7765\" \/>\n<h2 data-start=\"7767\" data-end=\"7814\"><strong data-start=\"7770\" data-end=\"7814\"><span dir=\"auto\" style=\"vertical-align: inherit;\"><span dir=\"auto\" style=\"vertical-align: inherit;\">Kimyasal ve Farmakolojik Arka Plan<\/span><\/span><\/strong><\/h2>\n<p data-start=\"7816\" data-end=\"7841\"><strong data-start=\"7816\" data-end=\"7841\"><span dir=\"auto\" style=\"vertical-align: inherit;\"><span dir=\"auto\" style=\"vertical-align: inherit;\">\u00d6nemli bilgi:<\/span><\/span><\/strong><\/p>\n<ul data-start=\"7842\" data-end=\"8142\">\n<li data-start=\"7842\" data-end=\"7896\">\n<p data-start=\"7844\" data-end=\"7896\"><strong data-start=\"7844\" data-end=\"7859\"><span dir=\"auto\" style=\"vertical-align: inherit;\"><span dir=\"auto\" style=\"vertical-align: inherit;\">IUPAC ad\u0131:<\/span><\/span><\/strong><span dir=\"auto\" style=\"vertical-align: inherit;\"><span dir=\"auto\" style=\"vertical-align: inherit;\"> 1-fenil-2-(pirolidin-1-il)heksanon<\/span><\/span><\/p>\n<\/li>\n<li data-start=\"7897\" data-end=\"7930\">\n<p data-start=\"7899\" data-end=\"7930\"><strong data-start=\"7899\" data-end=\"7919\"><span dir=\"auto\" style=\"vertical-align: inherit;\"><span dir=\"auto\" style=\"vertical-align: inherit;\">Molek\u00fcler form\u00fcl:<\/span><\/span><\/strong><span dir=\"auto\" style=\"vertical-align: inherit;\"><span dir=\"auto\" style=\"vertical-align: inherit;\"> C16H23NO<\/span><\/span><\/p>\n<\/li>\n<li data-start=\"7931\" data-end=\"7967\">\n<p data-start=\"7933\" data-end=\"7967\"><strong data-start=\"7933\" data-end=\"7951\"><span dir=\"auto\" style=\"vertical-align: inherit;\"><span dir=\"auto\" style=\"vertical-align: inherit;\">Molek\u00fcl k\u00fctlesi:<\/span><\/span><\/strong><span dir=\"auto\" style=\"vertical-align: inherit;\"><span dir=\"auto\" style=\"vertical-align: inherit;\"> \u00b1245,36 g\/mol<\/span><\/span><\/p>\n<\/li>\n<li data-start=\"7968\" data-end=\"8038\">\n<p data-start=\"7970\" data-end=\"8038\"><strong data-start=\"7970\" data-end=\"7991\"><span dir=\"auto\" style=\"vertical-align: inherit;\"><span dir=\"auto\" style=\"vertical-align: inherit;\">Kimyasal S\u0131n\u0131f:<\/span><\/span><\/strong><span dir=\"auto\" style=\"vertical-align: inherit;\"><span dir=\"auto\" style=\"vertical-align: inherit;\"> Sentetik katinonlar (pirolidinofenonlar)<\/span><\/span><\/p>\n<\/li>\n<li data-start=\"8039\" data-end=\"8142\">\n<p data-start=\"8041\" data-end=\"8142\"><strong data-start=\"8041\" data-end=\"8061\"><span dir=\"auto\" style=\"vertical-align: inherit;\"><span dir=\"auto\" style=\"vertical-align: inherit;\">Al\u0131c\u0131 eylemi:<\/span><\/span><\/strong><span dir=\"auto\" style=\"vertical-align: inherit;\"><span dir=\"auto\" style=\"vertical-align: inherit;\"> Dolayl\u0131 sempatomimetik \u2014 dopamin ve norepinefrin geri al\u0131m\u0131n\u0131 etkiler. <\/span><\/span><span class=\"___SBox_epc1q-ko_ ___SText_zko9t-ko_\" data-ui-name=\"Link.Text\"><span dir=\"auto\" style=\"vertical-align: inherit;\"><span dir=\"auto\" style=\"vertical-align: inherit;\">alfa php<\/span><\/span><\/span><\/p>\n<\/li>\n<\/ul>\n<p data-start=\"8144\" data-end=\"8255\"><span dir=\"auto\" style=\"vertical-align: inherit;\"><span dir=\"auto\" style=\"vertical-align: inherit;\">The <\/span><\/span><strong data-start=\"8147\" data-end=\"8161\"><span dir=\"auto\" style=\"vertical-align: inherit;\"><span dir=\"auto\" style=\"vertical-align: inherit;\">heksil zinciri<\/span><\/span><\/strong><span dir=\"auto\" style=\"vertical-align: inherit;\"><span dir=\"auto\" style=\"vertical-align: inherit;\"> Ve <\/span><\/span><strong data-start=\"8165\" data-end=\"8184\"><span dir=\"auto\" style=\"vertical-align: inherit;\"><span dir=\"auto\" style=\"vertical-align: inherit;\">pirolidin halkas\u0131<\/span><\/span><\/strong><span dir=\"auto\" style=\"vertical-align: inherit;\"><span dir=\"auto\" style=\"vertical-align: inherit;\"> etkilemek <\/span><\/span><strong data-start=\"8200\" data-end=\"8220\"><span dir=\"auto\" style=\"vertical-align: inherit;\"><span dir=\"auto\" style=\"vertical-align: inherit;\">lipit \u00e7\u00f6z\u00fcn\u00fcrl\u00fc\u011f\u00fc<\/span><\/span><\/strong><span dir=\"auto\" style=\"vertical-align: inherit;\"><span dir=\"auto\" style=\"vertical-align: inherit;\"> Ve <\/span><\/span><strong data-start=\"8224\" data-end=\"8254\"><span dir=\"auto\" style=\"vertical-align: inherit;\"><span dir=\"auto\" style=\"vertical-align: inherit;\">resept\u00f6r ba\u011flanma afinitesi<\/span><\/span><\/strong><span dir=\"auto\" style=\"vertical-align: inherit;\"><span dir=\"auto\" style=\"vertical-align: inherit;\"> .<\/span><\/span><\/p>\n<hr data-start=\"8257\" data-end=\"8260\" \/>\n<h2 data-start=\"8262\" data-end=\"8289\"><strong data-start=\"8265\" data-end=\"8289\"><span dir=\"auto\" style=\"vertical-align: inherit;\"><span dir=\"auto\" style=\"vertical-align: inherit;\">Ara\u015ft\u0131rma ama\u00e7lar\u0131<\/span><\/span><\/strong><\/h2>\n<p data-start=\"8291\" data-end=\"8323\"><span dir=\"auto\" style=\"vertical-align: inherit;\"><span dir=\"auto\" style=\"vertical-align: inherit;\">Alpha-PHP \u015fu ama\u00e7larla inceleniyor:<\/span><\/span><\/p>\n<ul data-start=\"8324\" data-end=\"8634\">\n<li data-start=\"8324\" data-end=\"8386\">\n<p data-start=\"8326\" data-end=\"8386\"><strong data-start=\"8326\" data-end=\"8349\"><span dir=\"auto\" style=\"vertical-align: inherit;\"><span dir=\"auto\" style=\"vertical-align: inherit;\">Analitik kimya:<\/span><\/span><\/strong><span dir=\"auto\" style=\"vertical-align: inherit;\"><span dir=\"auto\" style=\"vertical-align: inherit;\"> GC-MS, LC-MS ve FTIR ile tespit.<\/span><\/span><\/p>\n<\/li>\n<li data-start=\"8387\" data-end=\"8479\">\n<p data-start=\"8389\" data-end=\"8479\"><strong data-start=\"8389\" data-end=\"8417\"><span dir=\"auto\" style=\"vertical-align: inherit;\"><span dir=\"auto\" style=\"vertical-align: inherit;\">Adli toksikoloji:<\/span><\/span><\/strong><span dir=\"auto\" style=\"vertical-align: inherit;\"><span dir=\"auto\" style=\"vertical-align: inherit;\"> biyolojik ve el koyma \u00f6rneklerinde tan\u0131mlama.<\/span><\/span><\/p>\n<\/li>\n<li data-start=\"8480\" data-end=\"8542\">\n<p data-start=\"8482\" data-end=\"8542\"><strong data-start=\"8482\" data-end=\"8499\"><span dir=\"auto\" style=\"vertical-align: inherit;\"><span dir=\"auto\" style=\"vertical-align: inherit;\">Farmakoloji:<\/span><\/span><\/strong><span dir=\"auto\" style=\"vertical-align: inherit;\"><span dir=\"auto\" style=\"vertical-align: inherit;\"> n\u00f6rotransmitter ta\u015f\u0131y\u0131c\u0131lar\u0131n\u0131n incelenmesi.<\/span><\/span><\/p>\n<\/li>\n<li data-start=\"8543\" data-end=\"8634\">\n<p data-start=\"8545\" data-end=\"8634\"><strong data-start=\"8545\" data-end=\"8565\"><span dir=\"auto\" style=\"vertical-align: inherit;\"><span dir=\"auto\" style=\"vertical-align: inherit;\">Halk Sa\u011fl\u0131\u011f\u0131:<\/span><\/span><\/strong><span dir=\"auto\" style=\"vertical-align: inherit;\"><span dir=\"auto\" style=\"vertical-align: inherit;\"> Yeni uyar\u0131c\u0131 maddelere ili\u015fkin izleme sistemlerine katk\u0131.<\/span><\/span><\/p>\n<\/li>\n<\/ul>\n<hr data-start=\"8636\" data-end=\"8639\" \/>\n<h2 data-start=\"8641\" data-end=\"8685\"><strong data-start=\"8644\" data-end=\"8685\"><span dir=\"auto\" style=\"vertical-align: inherit;\"><span dir=\"auto\" style=\"vertical-align: inherit;\">G\u00fcvenlik ve Yasal Hususlar<\/span><\/span><\/strong><\/h2>\n<p data-start=\"8687\" data-end=\"8704\"><strong data-start=\"8687\" data-end=\"8702\"><span dir=\"auto\" style=\"vertical-align: inherit;\"><span dir=\"auto\" style=\"vertical-align: inherit;\">Emniyet:<\/span><\/span><\/strong><\/p>\n<ul data-start=\"8705\" data-end=\"8888\">\n<li data-start=\"8705\" data-end=\"8791\">\n<p data-start=\"8707\" data-end=\"8791\"><span dir=\"auto\" style=\"vertical-align: inherit;\"><span dir=\"auto\" style=\"vertical-align: inherit;\">Sadece taraf\u0131ndan i\u015flenecek <\/span><\/span><strong data-start=\"8728\" data-end=\"8760\"><span dir=\"auto\" style=\"vertical-align: inherit;\"><span dir=\"auto\" style=\"vertical-align: inherit;\">nitelikli ara\u015ft\u0131rmac\u0131lar<\/span><\/span><\/strong><span dir=\"auto\" style=\"vertical-align: inherit;\"><span dir=\"auto\" style=\"vertical-align: inherit;\"> i\u00e7inde <\/span><\/span><strong data-start=\"8764\" data-end=\"8788\"><span dir=\"auto\" style=\"vertical-align: inherit;\"><span dir=\"auto\" style=\"vertical-align: inherit;\">lisansl\u0131 laboratuvarlar<\/span><\/span><\/strong><span dir=\"auto\" style=\"vertical-align: inherit;\"><span dir=\"auto\" style=\"vertical-align: inherit;\"> .<\/span><\/span><\/p>\n<\/li>\n<li data-start=\"8792\" data-end=\"8837\">\n<p data-start=\"8794\" data-end=\"8837\"><span dir=\"auto\" style=\"vertical-align: inherit;\"><span dir=\"auto\" style=\"vertical-align: inherit;\">Giymek <\/span><\/span><strong data-start=\"8802\" data-end=\"8834\"><span dir=\"auto\" style=\"vertical-align: inherit;\"><span dir=\"auto\" style=\"vertical-align: inherit;\">eldiven, g\u00f6zl\u00fck ve laboratuvar \u00f6nl\u00fc\u011f\u00fc<\/span><\/span><\/strong><span dir=\"auto\" style=\"vertical-align: inherit;\"><span dir=\"auto\" style=\"vertical-align: inherit;\"> .<\/span><\/span><\/p>\n<\/li>\n<li data-start=\"8838\" data-end=\"8888\">\n<p data-start=\"8840\" data-end=\"8888\"><span dir=\"auto\" style=\"vertical-align: inherit;\"><span dir=\"auto\" style=\"vertical-align: inherit;\">Solunmas\u0131 ve cilt veya g\u00f6zle temas\u0131ndan ka\u00e7\u0131n\u0131n\u0131z.<\/span><\/span><\/p>\n<\/li>\n<\/ul>\n<p data-start=\"8890\" data-end=\"9088\"><strong data-start=\"8890\" data-end=\"8912\"><span dir=\"auto\" style=\"vertical-align: inherit;\"><span dir=\"auto\" style=\"vertical-align: inherit;\">Yasal durum: Alpha-PHP <\/span><\/span><\/strong><span dir=\"auto\" style=\"vertical-align: inherit;\"><strong data-start=\"8948\" data-end=\"8975\"><span dir=\"auto\" style=\"vertical-align: inherit;\">yasaklanm\u0131\u015f veya d\u00fczenlenmi\u015f<\/span><\/strong><\/span><br data-start=\"8912\" data-end=\"8915\" \/><span dir=\"auto\" style=\"vertical-align: inherit;\"><span dir=\"auto\" style=\"vertical-align: inherit;\"> \u00e7o\u011fu \u00fclkede <\/span><span dir=\"auto\" style=\"vertical-align: inherit;\">alt\u0131nda <\/span><strong data-start=\"8985\" data-end=\"8997\"><span dir=\"auto\" style=\"vertical-align: inherit;\">Afyon Yasas\u0131<\/span><\/strong><span dir=\"auto\" style=\"vertical-align: inherit;\"> veya <\/span><strong data-start=\"9001\" data-end=\"9022\"><span dir=\"auto\" style=\"vertical-align: inherit;\">analog mevzuat<\/span><\/strong><span dir=\"auto\" style=\"vertical-align: inherit;\"> . <\/span><span dir=\"auto\" style=\"vertical-align: inherit;\">Ara\u015ft\u0131rma ama\u00e7lar\u0131 d\u0131\u015f\u0131nda kullan\u0131m veya bulundurma <\/span><strong data-start=\"9074\" data-end=\"9087\"><span dir=\"auto\" style=\"vertical-align: inherit;\">kanunen cezaland\u0131r\u0131labilir<\/span><\/strong><span dir=\"auto\" style=\"vertical-align: inherit;\"> .<\/span><\/span><\/p>\n<hr data-start=\"9090\" data-end=\"9093\" \/>\n<h2 data-start=\"9095\" data-end=\"9129\"><strong data-start=\"9098\" data-end=\"9129\"><span dir=\"auto\" style=\"vertical-align: inherit;\"><span dir=\"auto\" style=\"vertical-align: inherit;\">S\u0131k\u00e7a Sorulan Sorular (SSS)<\/span><\/span><\/strong><\/h2>\n<h3 data-start=\"9131\" data-end=\"9178\"><strong data-start=\"9135\" data-end=\"9178\"><span dir=\"auto\" style=\"vertical-align: inherit;\"><span dir=\"auto\" style=\"vertical-align: inherit;\">1. Alpha-PHP ne i\u00e7in \u00e7al\u0131\u015f\u0131l\u0131yor?<\/span><\/span><\/strong><\/h3>\n<p data-start=\"9179\" data-end=\"9265\"><span dir=\"auto\" style=\"vertical-align: inherit;\"><span dir=\"auto\" style=\"vertical-align: inherit;\">\u0130\u00e7in <\/span><\/span><strong data-start=\"9184\" data-end=\"9238\"><span dir=\"auto\" style=\"vertical-align: inherit;\"><span dir=\"auto\" style=\"vertical-align: inherit;\">analitik, adli ve farmakolojik ara\u015ft\u0131rmalar<\/span><\/span><\/strong><span dir=\"auto\" style=\"vertical-align: inherit;\"><span dir=\"auto\" style=\"vertical-align: inherit;\"> katinon bile\u015fikleri \u00fczerine.<\/span><\/span><\/p>\n<h3 data-start=\"9267\" data-end=\"9298\"><strong data-start=\"9271\" data-end=\"9298\"><span dir=\"auto\" style=\"vertical-align: inherit;\"><span dir=\"auto\" style=\"vertical-align: inherit;\">2. Alpha-PHP yasal m\u0131?<\/span><\/span><\/strong><\/h3>\n<p data-start=\"9299\" data-end=\"9365\"><span dir=\"auto\" style=\"vertical-align: inherit;\"><span dir=\"auto\" style=\"vertical-align: inherit;\">Hay\u0131r, \u00e7o\u011fu \u00fclkede Alpha-PHP <\/span><\/span><strong data-start=\"9337\" data-end=\"9364\"><span dir=\"auto\" style=\"vertical-align: inherit;\"><span dir=\"auto\" style=\"vertical-align: inherit;\">d\u00fczenlenmi\u015f veya yasaklanm\u0131\u015f<\/span><\/span><\/strong><span dir=\"auto\" style=\"vertical-align: inherit;\"><span dir=\"auto\" style=\"vertical-align: inherit;\"> .<\/span><\/span><\/p>\n<h3 data-start=\"9367\" data-end=\"9422\"><strong data-start=\"9371\" data-end=\"9422\"><span dir=\"auto\" style=\"vertical-align: inherit;\"><span dir=\"auto\" style=\"vertical-align: inherit;\">3. Alpha-PHP g\u00fcvenli bir \u015fekilde nas\u0131l kullan\u0131lmal\u0131d\u0131r?<\/span><\/span><\/strong><\/h3>\n<p data-start=\"9423\" data-end=\"9552\"><span dir=\"auto\" style=\"vertical-align: inherit;\"><span dir=\"auto\" style=\"vertical-align: inherit;\">Sadece taraf\u0131ndan <\/span><\/span><strong data-start=\"9435\" data-end=\"9465\"><span dir=\"auto\" style=\"vertical-align: inherit;\"><span dir=\"auto\" style=\"vertical-align: inherit;\">profesyonel ara\u015ft\u0131rmac\u0131lar<\/span><\/span><\/strong><span dir=\"auto\" style=\"vertical-align: inherit;\"><span dir=\"auto\" style=\"vertical-align: inherit;\"> , uygun \u015fekilde <\/span><\/span><strong data-start=\"9481\" data-end=\"9507\"><span dir=\"auto\" style=\"vertical-align: inherit;\"><span dir=\"auto\" style=\"vertical-align: inherit;\">g\u00fcvenlik \u00f6nlemleri<\/span><\/span><\/strong><span dir=\"auto\" style=\"vertical-align: inherit;\"><span dir=\"auto\" style=\"vertical-align: inherit;\"> ve kontroll\u00fc laboratuvar ortamlar\u0131nda.<\/span><\/span><\/p>","protected":false},"excerpt":{"rendered":"<h3><span dir=\"auto\" style=\"vertical-align: inherit;\"><span dir=\"auto\" style=\"vertical-align: inherit;\"><span dir=\"auto\" style=\"vertical-align: inherit;\"><span dir=\"auto\" style=\"vertical-align: inherit;\">a-PHP \u00f6zellikleri<\/span><\/span><\/span><\/span><\/h3>\n<p><strong><span dir=\"auto\" style=\"vertical-align: inherit;\"><span dir=\"auto\" style=\"vertical-align: inherit;\"><span dir=\"auto\" style=\"vertical-align: inherit;\"><span dir=\"auto\" style=\"vertical-align: inherit;\">E\u015f anlaml\u0131s\u0131<\/span><\/span><\/span><\/span><\/strong><span dir=\"auto\" style=\"vertical-align: inherit;\"><span dir=\"auto\" style=\"vertical-align: inherit;\"><span dir=\"auto\" style=\"vertical-align: inherit;\"><span dir=\"auto\" style=\"vertical-align: inherit;\"> : alfa-pirolidinoheksanofenon <\/span><\/span><\/span><\/span><br \/>\n<strong><span dir=\"auto\" style=\"vertical-align: inherit;\"><span dir=\"auto\" style=\"vertical-align: inherit;\"><span dir=\"auto\" style=\"vertical-align: inherit;\"><span dir=\"auto\" style=\"vertical-align: inherit;\">CAS Numaras\u0131<\/span><\/span><\/span><\/span><\/strong><span dir=\"auto\" style=\"vertical-align: inherit;\"><span dir=\"auto\" style=\"vertical-align: inherit;\"><span dir=\"auto\" style=\"vertical-align: inherit;\"><span dir=\"auto\" style=\"vertical-align: inherit;\"> : 3415-86-6 <\/span><\/span><\/span><\/span><br \/>\n<strong><span dir=\"auto\" style=\"vertical-align: inherit;\"><span dir=\"auto\" style=\"vertical-align: inherit;\"><span dir=\"auto\" style=\"vertical-align: inherit;\"><span dir=\"auto\" style=\"vertical-align: inherit;\">Form\u00fcl<\/span><\/span><\/span><\/span><\/strong><span dir=\"auto\" style=\"vertical-align: inherit;\"><span dir=\"auto\" style=\"vertical-align: inherit;\"><span dir=\"auto\" style=\"vertical-align: inherit;\"><span dir=\"auto\" style=\"vertical-align: inherit;\"> : 1-fenil-2-(pirolidin-1-il)heksan-1-on hidroklor\u00fcr <\/span><\/span><\/span><\/span><br \/>\n<strong><span dir=\"auto\" style=\"vertical-align: inherit;\"><span dir=\"auto\" style=\"vertical-align: inherit;\"><span dir=\"auto\" style=\"vertical-align: inherit;\"><span dir=\"auto\" style=\"vertical-align: inherit;\">Mol k\u00fctlesi<\/span><\/span><\/span><\/span><\/strong><span dir=\"auto\" style=\"vertical-align: inherit;\"><span dir=\"auto\" style=\"vertical-align: inherit;\"><span dir=\"auto\" style=\"vertical-align: inherit;\"><span dir=\"auto\" style=\"vertical-align: inherit;\"> : 281,8 g\/mol <\/span><\/span><\/span><\/span><br \/>\n<strong><span dir=\"auto\" style=\"vertical-align: inherit;\"><span dir=\"auto\" style=\"vertical-align: inherit;\"><span dir=\"auto\" style=\"vertical-align: inherit;\"><span dir=\"auto\" style=\"vertical-align: inherit;\">Safl\u0131k<\/span><\/span><\/span><\/span><\/strong><span dir=\"auto\" style=\"vertical-align: inherit;\"><span dir=\"auto\" style=\"vertical-align: inherit;\"><span dir=\"auto\" style=\"vertical-align: inherit;\"><span dir=\"auto\" style=\"vertical-align: inherit;\"> : &gt;97%<\/span><\/span><\/span><\/span><\/p>","protected":false},"featured_media":29287,"comment_status":"closed","ping_status":"closed","template":"","meta":[],"product_brand":[82],"product_cat":[488],"product_tag":[691,1197,1198,692,326],"class_list":{"0":"post-23166","1":"product","2":"type-product","3":"status-publish","4":"has-post-thumbnail","6":"product_brand-research-chemical","7":"product_cat-verboden","8":"product_tag-a-php","9":"product_tag-alpha-php","10":"product_tag-alpha-php-kopen","11":"product_tag-aphp","12":"product_tag-nl","14":"first","15":"instock","16":"taxable","17":"shipping-taxable","18":"purchasable","19":"product-type-simple"},"_links":{"self":[{"href":"https:\/\/onderzoekschemicals.com\/tr\/wp-json\/wp\/v2\/product\/23166","targetHints":{"allow":["GET"]}}],"collection":[{"href":"https:\/\/onderzoekschemicals.com\/tr\/wp-json\/wp\/v2\/product"}],"about":[{"href":"https:\/\/onderzoekschemicals.com\/tr\/wp-json\/wp\/v2\/types\/product"}],"replies":[{"embeddable":true,"href":"https:\/\/onderzoekschemicals.com\/tr\/wp-json\/wp\/v2\/comments?post=23166"}],"version-history":[{"count":7,"href":"https:\/\/onderzoekschemicals.com\/tr\/wp-json\/wp\/v2\/product\/23166\/revisions"}],"predecessor-version":[{"id":28762,"href":"https:\/\/onderzoekschemicals.com\/tr\/wp-json\/wp\/v2\/product\/23166\/revisions\/28762"}],"wp:featuredmedia":[{"embeddable":true,"href":"https:\/\/onderzoekschemicals.com\/tr\/wp-json\/wp\/v2\/media\/29287"}],"wp:attachment":[{"href":"https:\/\/onderzoekschemicals.com\/tr\/wp-json\/wp\/v2\/media?parent=23166"}],"wp:term":[{"taxonomy":"product_brand","embeddable":true,"href":"https:\/\/onderzoekschemicals.com\/tr\/wp-json\/wp\/v2\/product_brand?post=23166"},{"taxonomy":"product_cat","embeddable":true,"href":"https:\/\/onderzoekschemicals.com\/tr\/wp-json\/wp\/v2\/product_cat?post=23166"},{"taxonomy":"product_tag","embeddable":true,"href":"https:\/\/onderzoekschemicals.com\/tr\/wp-json\/wp\/v2\/product_tag?post=23166"}],"curies":[{"name":"wp","href":"https:\/\/api.w.org\/{rel}","templated":true}]}}