{"id":24961,"date":"2025-10-20T17:43:53","date_gmt":"2025-10-20T17:43:53","guid":{"rendered":"https:\/\/onderzoekschemicals.com\/?post_type=product&#038;p=24961"},"modified":"2025-11-28T03:56:52","modified_gmt":"2025-11-28T03:56:52","slug":"o-dsmt-50mg-pellets","status":"publish","type":"product","link":"https:\/\/onderzoekschemicals.com\/sv\/shop\/o-dsmt\/o-dsmt-50mg-pellets\/","title":{"rendered":"O-DSMT 50 mg pellets"},"content":{"rendered":"<h1 data-start=\"399\" data-end=\"488\"><strong data-start=\"401\" data-end=\"488\">O-DSMT (O-desmetyltramadol) \u2013 Vetenskaplig information och analytisk \u00f6versikt<\/strong><\/h1>\n<p data-start=\"490\" data-end=\"739\"><strong data-start=\"490\" data-end=\"512\">Metabeskrivning:<\/strong><br data-start=\"512\" data-end=\"515\" \/>O-DSMT (O-Desmetyltramadol) \u00e4r ett forskningsl\u00e4kemedel och en farmakologiskt aktiv metabolit av tramadol. L\u00e4s mer om den kemiska strukturen, verkningsmekanismen, den vetenskapliga relevansen och s\u00e4kerhetsaspekterna hos O-DSMT.<\/p>\n<hr data-start=\"741\" data-end=\"744\" \/>\n<h2 data-start=\"746\" data-end=\"762\"><strong data-start=\"749\" data-end=\"762\">Introduktion<\/strong><\/h2>\n<p data-start=\"764\" data-end=\"1036\"><strong data-start=\"764\" data-end=\"796\">O-desmetyltramadol (O-DSMT)<\/strong> \u00e4r en <strong data-start=\"804\" data-end=\"831\">syntetisk f\u00f6rening<\/strong> som tillh\u00f6r gruppen av <strong data-start=\"861\" data-end=\"883\">opioid sm\u00e4rtstillande medel<\/strong>Det \u00e4r den <strong data-start=\"895\" data-end=\"930\">aktiv metabolit av tramadol<\/strong>, ett sm\u00e4rtstillande medel som anv\u00e4nds v\u00e4rlden \u00f6ver f\u00f6r behandling av m\u00e5ttlig till sv\u00e5r sm\u00e4rta.<\/p>\n<p data-start=\"1038\" data-end=\"1395\">O-DSMT bildas i kroppen n\u00e4r tramadol metaboliseras av levern via enzymet CYP2D6. Denna metabolit \u00e4r <strong data-start=\"1154\" data-end=\"1221\">ansvarig f\u00f6r en stor del av den sm\u00e4rtstillande effekten<\/strong> av tramadol. I forskningssammanhang studeras O-DSMT f\u00f6r att <strong data-start=\"1287\" data-end=\"1348\">farmakologisk verkan, receptoraktivitet och s\u00e4kerhet<\/strong> f\u00f6r att b\u00e4ttre f\u00f6rst\u00e5 opioidf\u00f6reningar.<\/p>\n<p data-start=\"1397\" data-end=\"1601\">O-DSMT n\u00e4mns ibland i vetenskaplig litteratur om <strong data-start=\"1460\" data-end=\"1498\">nya psykoaktiva substanser (NPS)<\/strong> och <strong data-start=\"1502\" data-end=\"1529\">r\u00e4ttsmedicinsk toxikologi<\/strong>, men det \u00e4r <strong data-start=\"1543\" data-end=\"1600\">inte godk\u00e4nd f\u00f6r m\u00e4nsklig anv\u00e4ndning eller konsumtion<\/strong>.<\/p>\n<hr data-start=\"1603\" data-end=\"1606\" \/>\n<h2 data-start=\"1608\" data-end=\"1653\"><strong data-start=\"1611\" data-end=\"1653\">Viktiga funktioner<\/strong><\/h2>\n<div class=\"_tableContainer_1rjym_1\">\n<div class=\"group _tableWrapper_1rjym_13 flex w-fit flex-col-reverse\" tabindex=\"-1\">\n<table class=\"w-fit min-w-(--thread-content-width)\" data-start=\"1655\" data-end=\"2176\">\n<thead data-start=\"1655\" data-end=\"1692\">\n<tr data-start=\"1655\" data-end=\"1692\">\n<th data-start=\"1655\" data-end=\"1672\" data-col-size=\"sm\"><strong data-start=\"1657\" data-end=\"1671\">Karakteristisk<\/strong><\/th>\n<th data-start=\"1672\" data-end=\"1692\" data-col-size=\"md\"><strong data-start=\"1674\" data-end=\"1690\">Beskrivning<\/strong><\/th>\n<\/tr>\n<\/thead>\n<tbody data-start=\"1732\" data-end=\"2176\">\n<tr data-start=\"1732\" data-end=\"1776\">\n<td data-start=\"1732\" data-end=\"1753\" data-col-size=\"sm\"><strong data-start=\"1734\" data-end=\"1752\">Fullst\u00e4ndigt namn<\/strong><\/td>\n<td data-start=\"1753\" data-end=\"1776\" data-col-size=\"md\">O-desmetyltramadol<\/td>\n<\/tr>\n<tr data-start=\"1777\" data-end=\"1814\">\n<td data-start=\"1777\" data-end=\"1801\" data-col-size=\"sm\"><strong data-start=\"1779\" data-end=\"1800\">Kemisk formel<\/strong><\/td>\n<td data-start=\"1801\" data-end=\"1814\" data-col-size=\"md\">C\u2081\u2085H\u2082\u2083NO\u2082<\/td>\n<\/tr>\n<tr data-start=\"1815\" data-end=\"1851\">\n<td data-start=\"1815\" data-end=\"1835\" data-col-size=\"sm\"><strong data-start=\"1817\" data-end=\"1834\">Molmassa<\/strong><\/td>\n<td data-col-size=\"md\" data-start=\"1835\" data-end=\"1851\">249,35 g\/mol<\/td>\n<\/tr>\n<tr data-start=\"1852\" data-end=\"1919\">\n<td data-start=\"1852\" data-end=\"1875\" data-col-size=\"sm\"><strong data-start=\"1854\" data-end=\"1874\">Kemisk klass<\/strong><\/td>\n<td data-start=\"1875\" data-end=\"1919\" data-col-size=\"md\">Syntetisk opioid; tramadolmetabolit<\/td>\n<\/tr>\n<tr data-start=\"1920\" data-end=\"1979\">\n<td data-start=\"1920\" data-end=\"1950\" data-col-size=\"sm\"><strong data-start=\"1922\" data-end=\"1949\">Farmakologisk verkan<\/strong><\/td>\n<td data-col-size=\"md\" data-start=\"1950\" data-end=\"1979\">\u03bc-opioidreceptoragonist<\/td>\n<\/tr>\n<tr data-start=\"1980\" data-end=\"2042\">\n<td data-start=\"1980\" data-end=\"1997\" data-col-size=\"sm\"><strong data-start=\"1982\" data-end=\"1996\">Ans\u00f6kan<\/strong><\/td>\n<td data-col-size=\"md\" data-start=\"1997\" data-end=\"2042\">Farmakologisk och toxikologisk forskning<\/td>\n<\/tr>\n<tr data-start=\"2043\" data-end=\"2097\">\n<td data-start=\"2043\" data-end=\"2054\" data-col-size=\"sm\"><strong data-start=\"2045\" data-end=\"2053\">Form<\/strong><\/td>\n<td data-col-size=\"md\" data-start=\"2054\" data-end=\"2097\">Referens\u00e4mne f\u00f6r laboratorieanalys<\/td>\n<\/tr>\n<tr data-start=\"2098\" data-end=\"2176\">\n<td data-start=\"2098\" data-end=\"2122\" data-col-size=\"sm\"><strong data-start=\"2100\" data-end=\"2121\">R\u00e4ttslig st\u00e4llning<\/strong><\/td>\n<td data-col-size=\"md\" data-start=\"2122\" data-end=\"2176\">Regleras enligt opioidlagar i m\u00e5nga l\u00e4nder<\/td>\n<\/tr>\n<\/tbody>\n<\/table>\n<\/div>\n<\/div>\n<hr data-start=\"2178\" data-end=\"2181\" \/>\n<h2 data-start=\"2183\" data-end=\"2238\"><strong data-start=\"2186\" data-end=\"2238\">Vetenskaplig relevans och forskningsv\u00e4rde<\/strong><\/h2>\n<ul data-start=\"2240\" data-end=\"3199\">\n<li data-start=\"2240\" data-end=\"2514\">\n<p data-start=\"2242\" data-end=\"2514\"><strong data-start=\"2242\" data-end=\"2270\">Farmakologisk forskning<\/strong><br data-start=\"2270\" data-end=\"2273\" \/>O-DSMT anv\u00e4nds f\u00f6r att <strong data-start=\"2303\" data-end=\"2335\">mekanismer f\u00f6r sm\u00e4rtlindring<\/strong> B\u00e4ttre f\u00f6rst\u00e5 och j\u00e4mf\u00f6ra det med andra opioidagonister. Detta hj\u00e4lper forskare att f\u00e5 insikt i receptorselektivitet, metaboliska v\u00e4gar och strukturella variationer.<\/p>\n<\/li>\n<li data-start=\"2516\" data-end=\"2769\">\n<p data-start=\"2518\" data-end=\"2769\"><strong data-start=\"2518\" data-end=\"2544\">Toxikologisk analys<\/strong><br data-start=\"2544\" data-end=\"2547\" \/>I forensiska och kliniska toxikologiska laboratorier anv\u00e4nds O-DSMT som <strong data-start=\"2629\" data-end=\"2663\">referens- eller kalibreringssubstans<\/strong> att analysera biologiska prover (s\u00e5som blod eller urin) f\u00f6r f\u00f6rekomst av tramadolmetaboliter.<\/p>\n<\/li>\n<li data-start=\"2771\" data-end=\"2970\">\n<p data-start=\"2773\" data-end=\"2970\"><strong data-start=\"2773\" data-end=\"2804\">Analytisk karakterisering<\/strong><br data-start=\"2804\" data-end=\"2807\" \/>Materialet granskas med hj\u00e4lp av tekniker som <strong data-start=\"2866\" data-end=\"2892\">LC-MS\/MS, GC-MS och NMR<\/strong> f\u00f6r att m\u00f6jligg\u00f6ra identifiering och kvantifiering i forskningsprover.<\/p>\n<\/li>\n<li data-start=\"2972\" data-end=\"3199\">\n<p data-start=\"2974\" data-end=\"3199\"><strong data-start=\"2974\" data-end=\"3013\">Regulatoriska och s\u00e4kerhetsstudier<\/strong><br data-start=\"3013\" data-end=\"3016\" \/>O-DSMT hj\u00e4lper till att utveckla detektionsprotokoll f\u00f6r <strong data-start=\"3080\" data-end=\"3118\">nya psykoaktiva substanser (NPS)<\/strong> och vid bed\u00f6mning av risker f\u00f6r folkh\u00e4lsan och potential f\u00f6r missbruk.<\/p>\n<\/li>\n<\/ul>\n<hr data-start=\"3201\" data-end=\"3204\" \/>\n<h2 data-start=\"3206\" data-end=\"3264\"><strong data-start=\"3209\" data-end=\"3264\">Laboratorieanv\u00e4ndning (endast f\u00f6r forskning)<\/strong><\/h2>\n<blockquote data-start=\"3266\" data-end=\"3480\">\n<p data-start=\"3268\" data-end=\"3480\">\u26a0\ufe0f <strong data-start=\"3271\" data-end=\"3286\">Viktig:<\/strong><br data-start=\"3286\" data-end=\"3289\" \/>O-DSMT \u00e4r <strong data-start=\"3301\" data-end=\"3356\">uteslutande avsedd f\u00f6r vetenskaplig forskning<\/strong> i auktoriserade laboratorier.<br data-start=\"3387\" data-end=\"3390\" \/>Det \u00e4r <strong data-start=\"3399\" data-end=\"3480\">inte avsedd f\u00f6r m\u00e4nsklig konsumtion, sj\u00e4lvmedicinering eller rekreationsbruk.<\/strong><\/p>\n<\/blockquote>\n<ol data-start=\"3482\" data-end=\"4188\">\n<li data-start=\"3482\" data-end=\"3702\">\n<p data-start=\"3485\" data-end=\"3512\"><strong data-start=\"3485\" data-end=\"3510\">F\u00f6rvaring och stabilitet<\/strong><\/p>\n<ul data-start=\"3516\" data-end=\"3702\">\n<li data-start=\"3516\" data-end=\"3577\">\n<p data-start=\"3518\" data-end=\"3577\">F\u00f6rvara i en sluten beh\u00e5llare, torrt och svalt (2\u20138 \u00b0C).<\/p>\n<\/li>\n<li data-start=\"3581\" data-end=\"3624\">\n<p data-start=\"3583\" data-end=\"3624\">Skydda mot ljus, fukt och luft.<\/p>\n<\/li>\n<li data-start=\"3628\" data-end=\"3702\">\n<p data-start=\"3630\" data-end=\"3702\">Anv\u00e4nd endast inom institutioner med giltiga forskningstillst\u00e5nd.<\/p>\n<\/li>\n<\/ul>\n<\/li>\n<li data-start=\"3704\" data-end=\"3931\">\n<p data-start=\"3707\" data-end=\"3735\"><strong data-start=\"3707\" data-end=\"3733\">Analytisk till\u00e4mpning<\/strong><\/p>\n<ul data-start=\"3739\" data-end=\"3931\">\n<li data-start=\"3739\" data-end=\"3839\">\n<p data-start=\"3741\" data-end=\"3839\">Anv\u00e4nds som standard i LC-MS- och GC-MS-analys f\u00f6r att identifiera tramadolmetaboliter.<\/p>\n<\/li>\n<li data-start=\"3843\" data-end=\"3931\">\n<p data-start=\"3845\" data-end=\"3931\">L\u00e4mplig f\u00f6r metodologisk validering i toxikologiska eller farmaceutiska studier.<\/p>\n<\/li>\n<\/ul>\n<\/li>\n<li data-start=\"3933\" data-end=\"4188\">\n<p data-start=\"3936\" data-end=\"3972\"><strong data-start=\"3936\" data-end=\"3970\">S\u00e4kerhet i laboratoriet<\/strong><\/p>\n<ul data-start=\"3976\" data-end=\"4188\">\n<li data-start=\"3976\" data-end=\"4042\">\n<p data-start=\"3978\" data-end=\"4042\">Anv\u00e4nd alltid handskar, skyddsglas\u00f6gon och laboratorierock.<\/p>\n<\/li>\n<li data-start=\"4046\" data-end=\"4097\">\n<p data-start=\"4048\" data-end=\"4097\">Undvik kontakt med hud, \u00f6gon eller slemhinnor.<\/p>\n<\/li>\n<li data-start=\"4101\" data-end=\"4188\">\n<p data-start=\"4103\" data-end=\"4188\">Kassera avfall i enlighet med kemikalies\u00e4kerhetsf\u00f6reskrifter och nationella best\u00e4mmelser.<\/p>\n<\/li>\n<\/ul>\n<\/li>\n<\/ol>\n<hr data-start=\"4190\" data-end=\"4193\" \/>\n<h2 data-start=\"4195\" data-end=\"4223\"><strong data-start=\"4198\" data-end=\"4223\">Juridisk information<\/strong><\/h2>\n<p data-start=\"4225\" data-end=\"4501\">O-DSMT omfattas av <strong data-start=\"4270\" data-end=\"4298\">Opiumlagen<\/strong> eller liknande arrangemang f\u00f6r opioidbaserade substanser.<br data-start=\"4348\" data-end=\"4351\" \/>Forskare och laboratorier m\u00e5ste <strong data-start=\"4386\" data-end=\"4414\">f\u00f6rhandsgodk\u00e4nnande<\/strong> erh\u00e5lla f\u00f6r lagring, transport eller anv\u00e4ndning av O-DSMT i forskningssammanhang.<\/p>\n<p data-start=\"4503\" data-end=\"4674\">Tyget kan <strong data-start=\"4515\" data-end=\"4551\">inte s\u00e4ljas eller anv\u00e4ndas<\/strong> utanf\u00f6r ackrediterade forskningsinstitutioner. Obeh\u00f6rigt innehav eller anv\u00e4ndning kan leda till <strong data-start=\"4642\" data-end=\"4673\">\u00e5tal<\/strong>.<\/p>\n<hr data-start=\"4676\" data-end=\"4679\" \/>\n<h2 data-start=\"4681\" data-end=\"4713\"><strong data-start=\"4684\" data-end=\"4713\">Vanliga fr\u00e5gor (FAQ)<\/strong><\/h2>\n<p data-start=\"4715\" data-end=\"4934\"><strong data-start=\"4715\" data-end=\"4745\">1\ufe0f\u20e3 Vad exakt \u00e4r O-DSMT?<\/strong><br data-start=\"4745\" data-end=\"4748\" \/>O-DSMT \u00e4r <strong data-start=\"4761\" data-end=\"4796\">aktiv metabolit av tramadol<\/strong>, bildas i kroppen efter intag av tramadol. I forskningssammanhang anv\u00e4nds det f\u00f6r att studera opioiders farmakologi.<\/p>\n<p data-start=\"4936\" data-end=\"5163\"><strong data-start=\"4936\" data-end=\"4961\">2\ufe0f\u20e3 \u00c4r O-DSMT lagligt?<\/strong><br data-start=\"4961\" data-end=\"4964\" \/>Den r\u00e4ttsliga statusen varierar mellan olika l\u00e4nder. I de flesta europeiska l\u00e4nder omfattas O-DSMT av opioidlagstiftning, vilket inneb\u00e4r att det endast f\u00e5r anv\u00e4ndas f\u00f6r vetenskapliga eller forensiska \u00e4ndam\u00e5l.<\/p>\n<p data-start=\"5165\" data-end=\"5433\"><strong data-start=\"5165\" data-end=\"5246\">3\ufe0f\u20e3 Kan O-DSMT anv\u00e4ndas f\u00f6r personligt bruk eller mikrodosering?<\/strong><br data-start=\"5246\" data-end=\"5249\" \/>Nej. O-DSMT \u00e4r <strong data-start=\"5264\" data-end=\"5311\">inte godk\u00e4nd f\u00f6r m\u00e4nsklig konsumtion<\/strong> och f\u00e5r endast anv\u00e4ndas i en kontrollerad laboratoriemilj\u00f6. Obeh\u00f6rig anv\u00e4ndning \u00e4r farlig och olaglig.<\/p>\n<hr data-start=\"5435\" data-end=\"5438\" \/>\n<h2 data-start=\"5440\" data-end=\"5480\"><strong data-start=\"5443\" data-end=\"5480\">Referenser och ytterligare information<\/strong><\/h2>\n<ul data-start=\"5482\" data-end=\"5840\">\n<li data-start=\"5482\" data-end=\"5639\">\n<p data-start=\"5484\" data-end=\"5639\">Europeiska centrumet f\u00f6r kontroll av narkotika och narkotikamissbruk (EMCDDA): <em data-start=\"5550\" data-end=\"5637\">Rapport om nya psykoaktiva substanser (NPS) \u2013 Opioider och tramadolderivat.<\/em><\/p>\n<\/li>\n<li data-start=\"5640\" data-end=\"5737\">\n<p data-start=\"5642\" data-end=\"5737\">Nationella institutet f\u00f6r drogmissbruk (NIDA): <em data-start=\"5683\" data-end=\"5735\">Syntetiska opioider och nya analoga f\u00f6reningar.<\/em><\/p>\n<\/li>\n<li data-start=\"5738\" data-end=\"5840\">\n<p data-start=\"5740\" data-end=\"5840\">Tidskrifter om r\u00e4ttsmedicinsk toxikologi: <em data-start=\"5770\" data-end=\"5838\">Analytisk identifiering och farmakologi av O-desmetyltramadol.<\/em><\/p>\n<\/li>\n<\/ul>\n<p><a href=\"https:\/\/onderzoekschemicals.com\/sv\/shop\/iboga-ibogaine\/buy-ibogaine-hcl-online\/\"><span dir=\"auto\" style=\"vertical-align: inherit;\"><span dir=\"auto\" style=\"vertical-align: inherit;\">K\u00f6p Ibogaine HCL <\/span><\/span><\/a><a href=\"https:\/\/onderzoekschemicals.com\/sv\/shop\/iboga-ibogaine\/iboga-root-bark\/\"><span dir=\"auto\" style=\"vertical-align: inherit;\"><span dir=\"auto\" style=\"vertical-align: inherit;\">Iboga rotbark <\/span><\/span><\/a><a href=\"https:\/\/onderzoekschemicals.com\/sv\/shop\/lysergamides\/1cp-lsd\/\"><span dir=\"auto\" style=\"vertical-align: inherit;\"><span dir=\"auto\" style=\"vertical-align: inherit;\">1cP-LSD 150 MCG Art Blotters <\/span><\/span><\/a><a href=\"https:\/\/onderzoekschemicals.com\/sv\/shop\/lysergamides\/1v-lsd-150-mcg-blotters\/\"><span dir=\"auto\" style=\"vertical-align: inherit;\"><span dir=\"auto\" style=\"vertical-align: inherit;\">1V-LSD 150 MCG Blotters <\/span><\/span><\/a><a href=\"https:\/\/onderzoekschemicals.com\/sv\/shop\/2-cmc-pellets\/2-cmc-kopen\/2-cmc-kopen\/\"><span dir=\"auto\" style=\"vertical-align: inherit;\"><span dir=\"auto\" style=\"vertical-align: inherit;\">2-CMC 250 mg pellets<\/span><\/span><\/a><\/p>","protected":false},"excerpt":{"rendered":"<h3><span dir=\"auto\" style=\"vertical-align: inherit;\"><span dir=\"auto\" style=\"vertical-align: inherit;\">O-DSMT-egenskaper<\/span><\/span><\/h3>\n<p><strong><span dir=\"auto\" style=\"vertical-align: inherit;\"><span dir=\"auto\" style=\"vertical-align: inherit;\">Synonym: <\/span><\/span><\/strong> <i><span dir=\"auto\" style=\"vertical-align: inherit;\"><span dir=\"auto\" style=\"vertical-align: inherit;\">O-desmetyltramadol, 3-(2-((dimetylamino)metyl)-1-hydroxicyklohexyl)fenol <\/span><\/span><\/i><br \/>\n<strong><span dir=\"auto\" style=\"vertical-align: inherit;\"><span dir=\"auto\" style=\"vertical-align: inherit;\">CAS-nummer:<\/span><\/span><\/strong><span dir=\"auto\" style=\"vertical-align: inherit;\"><span dir=\"auto\" style=\"vertical-align: inherit;\"> 80456-81-1 <\/span><\/span><br \/>\n<strong><span dir=\"auto\" style=\"vertical-align: inherit;\"><span dir=\"auto\" style=\"vertical-align: inherit;\">Formel: <\/span><\/span><\/strong> <span title=\"Kol\"><span dir=\"auto\" style=\"vertical-align: inherit;\"><span dir=\"auto\" style=\"vertical-align: inherit;\">C <\/span><\/span><\/span><sub><span dir=\"auto\" style=\"vertical-align: inherit;\"><span dir=\"auto\" style=\"vertical-align: inherit;\">15 <\/span><\/span><\/sub><span title=\"V\u00e4te\"><span dir=\"auto\" style=\"vertical-align: inherit;\"><span dir=\"auto\" style=\"vertical-align: inherit;\">H <\/span><\/span><\/span><sub><span dir=\"auto\" style=\"vertical-align: inherit;\"><span dir=\"auto\" style=\"vertical-align: inherit;\">23 <\/span><\/span><\/sub><span title=\"Kv\u00e4ve\"><span dir=\"auto\" style=\"vertical-align: inherit;\"><span dir=\"auto\" style=\"vertical-align: inherit;\">N <\/span><\/span><\/span><span title=\"Syre\"><span dir=\"auto\" style=\"vertical-align: inherit;\"><span dir=\"auto\" style=\"vertical-align: inherit;\">O <\/span><\/span><\/span><sub><span dir=\"auto\" style=\"vertical-align: inherit;\"><span dir=\"auto\" style=\"vertical-align: inherit;\">2 <\/span><\/span><\/sub><br \/>\n<strong><span dir=\"auto\" style=\"vertical-align: inherit;\"><span dir=\"auto\" style=\"vertical-align: inherit;\">Molmassa:<\/span><\/span><\/strong><span dir=\"auto\" style=\"vertical-align: inherit;\"><span dir=\"auto\" style=\"vertical-align: inherit;\"> 249,354 g\/mol <\/span><\/span><br \/>\n<strong><span dir=\"auto\" style=\"vertical-align: inherit;\"><span dir=\"auto\" style=\"vertical-align: inherit;\">Renhet:<\/span><\/span><\/strong><span dir=\"auto\" style=\"vertical-align: inherit;\"><span dir=\"auto\" style=\"vertical-align: inherit;\"> \u00a0&gt;97%<\/span><\/span><\/p>","protected":false},"featured_media":29392,"comment_status":"closed","ping_status":"closed","template":"","meta":[],"product_brand":[82],"product_cat":[337,420,336,324],"product_tag":[326,727,725,728,726,729,730],"class_list":{"0":"post-24961","1":"product","2":"type-product","3":"status-publish","4":"has-post-thumbnail","6":"product_brand-research-chemical","7":"product_cat-o-dsmt","8":"product_cat-o-dsmt-pellets","9":"product_cat-overig","10":"product_cat-pellets-for-pellet","11":"product_tag-nl","12":"product_tag-o-dsmt-ervaringen","13":"product_tag-o-dsmt","14":"product_tag-o-dsmt-bestellen","15":"product_tag-o-dsmt-kopen","16":"product_tag-o-dsmt-psychonaut","17":"product_tag-what-is-o-dsmt","19":"first","20":"instock","21":"taxable","22":"shipping-taxable","23":"purchasable","24":"product-type-variable"},"_links":{"self":[{"href":"https:\/\/onderzoekschemicals.com\/sv\/wp-json\/wp\/v2\/product\/24961","targetHints":{"allow":["GET"]}}],"collection":[{"href":"https:\/\/onderzoekschemicals.com\/sv\/wp-json\/wp\/v2\/product"}],"about":[{"href":"https:\/\/onderzoekschemicals.com\/sv\/wp-json\/wp\/v2\/types\/product"}],"replies":[{"embeddable":true,"href":"https:\/\/onderzoekschemicals.com\/sv\/wp-json\/wp\/v2\/comments?post=24961"}],"version-history":[{"count":7,"href":"https:\/\/onderzoekschemicals.com\/sv\/wp-json\/wp\/v2\/product\/24961\/revisions"}],"predecessor-version":[{"id":25567,"href":"https:\/\/onderzoekschemicals.com\/sv\/wp-json\/wp\/v2\/product\/24961\/revisions\/25567"}],"wp:featuredmedia":[{"embeddable":true,"href":"https:\/\/onderzoekschemicals.com\/sv\/wp-json\/wp\/v2\/media\/29392"}],"wp:attachment":[{"href":"https:\/\/onderzoekschemicals.com\/sv\/wp-json\/wp\/v2\/media?parent=24961"}],"wp:term":[{"taxonomy":"product_brand","embeddable":true,"href":"https:\/\/onderzoekschemicals.com\/sv\/wp-json\/wp\/v2\/product_brand?post=24961"},{"taxonomy":"product_cat","embeddable":true,"href":"https:\/\/onderzoekschemicals.com\/sv\/wp-json\/wp\/v2\/product_cat?post=24961"},{"taxonomy":"product_tag","embeddable":true,"href":"https:\/\/onderzoekschemicals.com\/sv\/wp-json\/wp\/v2\/product_tag?post=24961"}],"curies":[{"name":"wp","href":"https:\/\/api.w.org\/{rel}","templated":true}]}}