{"id":24854,"date":"2025-10-20T17:43:28","date_gmt":"2025-10-20T17:43:28","guid":{"rendered":"https:\/\/onderzoekschemicals.com\/?post_type=product&#038;p=24854"},"modified":"2025-11-28T04:04:55","modified_gmt":"2025-11-28T04:04:55","slug":"deschloroketamine","status":"publish","type":"product","link":"https:\/\/onderzoekschemicals.com\/sv\/shop\/arylcyclohexylamine\/deschloroketamine\/","title":{"rendered":"DCK 20 mg pellets"},"content":{"rendered":"<h3 data-start=\"4311\" data-end=\"4330\"><strong data-start=\"4315\" data-end=\"4330\">Introduktion<\/strong><\/h3>\n<p data-start=\"4331\" data-end=\"4627\">V\u00e5r <strong data-start=\"4336\" data-end=\"4363\">20 mg forskningspellets<\/strong> har noggrant utvecklats f\u00f6r <strong data-start=\"4396\" data-end=\"4452\">analytisk, forensisk och vetenskaplig forskning<\/strong>.<br data-start=\"4453\" data-end=\"4456\" \/>Varje pellet tillverkas under <strong data-start=\"4492\" data-end=\"4522\">strikt kvalitetskontroll<\/strong> till <strong data-start=\"4526\" data-end=\"4577\">renhet, konsistens och reproducerbarhet<\/strong> te garanderen binnen professionele laboratoria. deschloroketamine<\/p>\n<p data-start=\"4629\" data-end=\"4816\">Dessa pellets \u00e4r idealiska f\u00f6r <strong data-start=\"4659\" data-end=\"4730\">kvantitativa tester, kalibreringsstudier och j\u00e4mf\u00f6rande analyser<\/strong>.<br data-start=\"4731\" data-end=\"4734\" \/>Varje batch testas noggrant f\u00f6r <strong data-start=\"4769\" data-end=\"4813\">tillf\u00f6rlitlighet och kemisk stabilitet<\/strong>.<\/p>\n<blockquote data-start=\"4817\" data-end=\"4926\">\n<p data-start=\"4819\" data-end=\"4926\">\u26a0\ufe0f <strong data-start=\"4822\" data-end=\"4926\">Endast f\u00f6r laboratoriebruk. Ej l\u00e4mplig f\u00f6r konsumtion av m\u00e4nniskor eller djur.<\/strong><\/p>\n<\/blockquote>\n<hr data-start=\"4928\" data-end=\"4931\" \/>\n<h3 data-start=\"4933\" data-end=\"4964\"><strong data-start=\"4937\" data-end=\"4964\">Viktiga funktioner<\/strong><\/h3>\n<ul data-start=\"4965\" data-end=\"5429\">\n<li data-start=\"4965\" data-end=\"5035\">\n<p data-start=\"4967\" data-end=\"5035\"><strong data-start=\"4967\" data-end=\"4993\">H\u00f6g renhet (\u226599%)<\/strong> \u2013 Onafhankelijk getest en geverifieerd. deschloroketamine<\/p>\n<\/li>\n<li data-start=\"5036\" data-end=\"5118\">\n<p data-start=\"5038\" data-end=\"5118\"><strong data-start=\"5038\" data-end=\"5069\">Exakt dosering p\u00e5 20 mg<\/strong> \u2013 S\u00e4kerst\u00e4ller konsekventa forskningsresultat.<\/p>\n<\/li>\n<li data-start=\"5119\" data-end=\"5191\">\n<p data-start=\"5121\" data-end=\"5191\"><strong data-start=\"5121\" data-end=\"5147\">Stabil sammans\u00e4ttning<\/strong> \u2013 Utformad f\u00f6r l\u00e5ngvarig h\u00e5llbarhet.<\/p>\n<\/li>\n<li data-start=\"5192\" data-end=\"5277\">\n<p data-start=\"5194\" data-end=\"5277\"><strong data-start=\"5194\" data-end=\"5219\">Laboratoriekvalitet<\/strong> \u2013 Tillverkad enligt internationella kvalitetsstandarder.<\/p>\n<\/li>\n<li data-start=\"5278\" data-end=\"5352\">\n<p data-start=\"5280\" data-end=\"5352\"><strong data-start=\"5280\" data-end=\"5302\">S\u00e4ker f\u00f6rpackning<\/strong> \u2013 Skyddar mot fukt, ljus och kontaminering.<\/p>\n<\/li>\n<li data-start=\"5353\" data-end=\"5429\">\n<p data-start=\"5355\" data-end=\"5429\"><strong data-start=\"5355\" data-end=\"5380\">Endast f\u00f6r forskning<\/strong> \u2013 Endast f\u00f6r analytiskt bruk.<\/p>\n<\/li>\n<\/ul>\n<hr data-start=\"5431\" data-end=\"5434\" \/>\n<h3 data-start=\"5436\" data-end=\"5453\"><strong data-start=\"5440\" data-end=\"5453\">F\u00f6rdelar<\/strong><\/h3>\n<ul data-start=\"5454\" data-end=\"5946\">\n<li data-start=\"5454\" data-end=\"5538\">\n<p data-start=\"5456\" data-end=\"5538\"><strong data-start=\"5456\" data-end=\"5492\">Tillf\u00f6rlitliga forskningsresultat<\/strong> \u2013 F\u00f6r korrekta och reproducerbara data.<\/p>\n<\/li>\n<li data-start=\"5539\" data-end=\"5615\">\n<p data-start=\"5541\" data-end=\"5615\"><strong data-start=\"5541\" data-end=\"5566\">Konsekvent kvalitet<\/strong> \u2013 Minskar variationen i forskningsresultat.<\/p>\n<\/li>\n<li data-start=\"5616\" data-end=\"5731\">\n<p data-start=\"5618\" data-end=\"5731\"><strong data-start=\"5618\" data-end=\"5668\">Optimerad f\u00f6r vetenskaplig analys<\/strong> \u2013 L\u00e4mplig f\u00f6r kalibrering och spektroskopiska till\u00e4mpningar.<\/p>\n<\/li>\n<li data-start=\"5732\" data-end=\"5839\">\n<p data-start=\"5734\" data-end=\"5839\"><strong data-start=\"5734\" data-end=\"5771\">Etiskt och lagligt producerad<\/strong> \u2013 I enlighet med forsknings- och s\u00e4kerhetsf\u00f6reskrifter.<\/p>\n<\/li>\n<li data-start=\"5840\" data-end=\"5946\">\n<p data-start=\"5842\" data-end=\"5946\"><strong data-start=\"5842\" data-end=\"5869\">Vetenskapligt testad<\/strong> \u2013 Varje batch kontrolleras f\u00f6r identitet, renhet och stabilitet.<\/p>\n<\/li>\n<\/ul>\n<hr data-start=\"5948\" data-end=\"5951\" \/>\n<h3 data-start=\"5953\" data-end=\"5968\"><strong data-start=\"5957\" data-end=\"5968\">Anv\u00e4ndande<\/strong><\/h3>\n<ol data-start=\"5969\" data-end=\"6411\">\n<li data-start=\"5969\" data-end=\"6070\">\n<p data-start=\"5972\" data-end=\"6070\"><strong data-start=\"5972\" data-end=\"6007\">Endast f\u00f6r laboratoriebruk<\/strong> \u2013 Anv\u00e4nd endast inom erk\u00e4nda forskningsinstitutioner.<\/p>\n<\/li>\n<li data-start=\"6071\" data-end=\"6152\">\n<p data-start=\"6074\" data-end=\"6152\"><strong data-start=\"6074\" data-end=\"6084\">Lagring<\/strong> F\u00f6rvara svalt, torrt och m\u00f6rkt. H\u00e5ll f\u00f6rpackningen v\u00e4l tillsluten.<\/p>\n<\/li>\n<li data-start=\"6153\" data-end=\"6241\">\n<p data-start=\"6156\" data-end=\"6241\"><strong data-start=\"6156\" data-end=\"6173\">S\u00e4kert arbete<\/strong> \u2013 Anv\u00e4nd handskar, laboratorierock och skyddsutrustning.<\/p>\n<\/li>\n<li data-start=\"6242\" data-end=\"6321\">\n<p data-start=\"6245\" data-end=\"6321\"><strong data-start=\"6245\" data-end=\"6257\">M\u00e5ttningar<\/strong> \u2013 Anv\u00e4nd kalibrerad utrustning f\u00f6r analytisk precision.<\/p>\n<\/li>\n<li data-start=\"6322\" data-end=\"6411\">\n<p data-start=\"6325\" data-end=\"6411\"><strong data-start=\"6325\" data-end=\"6352\">S\u00e4kerhetsvarning<\/strong> \u2013 Ej l\u00e4mplig f\u00f6r konsumtion av m\u00e4nniskor eller djur.<\/p>\n<\/li>\n<\/ol>\n<hr data-start=\"6413\" data-end=\"6416\" \/>\n<h3 data-start=\"6418\" data-end=\"6445\"><strong data-start=\"6422\" data-end=\"6445\">Vanliga fr\u00e5gor<\/strong><\/h3>\n<p data-start=\"6447\" data-end=\"6632\"><strong data-start=\"6447\" data-end=\"6503\">1. Vad anv\u00e4nds 20 mg forskningspellets till?<\/strong><br data-start=\"6503\" data-end=\"6506\" \/>De anv\u00e4nds f\u00f6r <strong data-start=\"6530\" data-end=\"6574\">vetenskaplig och analytisk forskning<\/strong>, s\u00e5som kalibrering och kontrollerad laboratorietestning.<\/p>\n<p data-start=\"6634\" data-end=\"6796\"><strong data-start=\"6634\" data-end=\"6701\">2. Kan dessa pellets anv\u00e4ndas utanf\u00f6r ett laboratorium?<\/strong><br data-start=\"6701\" data-end=\"6704\" \/>Nej. Dessa produkter \u00e4r <strong data-start=\"6729\" data-end=\"6793\">endast avsedd f\u00f6r professionell laboratorieforskning<\/strong>.<\/p>\n<p data-start=\"6798\" data-end=\"6945\"><strong data-start=\"6798\" data-end=\"6842\">3. Hur ska pelletsen f\u00f6rvaras?<\/strong><br data-start=\"6842\" data-end=\"6845\" \/>H\u00e5ll dem i sina <strong data-start=\"6862\" data-end=\"6899\">original, luftt\u00e4t f\u00f6rpackning<\/strong>, p\u00e5 en <strong data-start=\"6908\" data-end=\"6942\">sval, torr och m\u00f6rk plats<\/strong>.<\/p>\n<hr data-start=\"6947\" data-end=\"6950\" \/>\n<h3 data-start=\"6952\" data-end=\"6970\"><strong data-start=\"6956\" data-end=\"6970\">Ansvarsfriskrivning<\/strong><\/h3>\n<p data-start=\"6971\" data-end=\"7188\">Denna produkt \u00e4r <strong data-start=\"6986\" data-end=\"7035\">endast avsedd f\u00f6r forsknings\u00e4ndam\u00e5l<\/strong>. <strong data-start=\"7037\" data-end=\"7095\">Ej l\u00e4mplig f\u00f6r konsumtion av m\u00e4nniskor eller djur.<\/strong><br data-start=\"7095\" data-end=\"7098\" \/>Genom k\u00f6pet f\u00f6rs\u00e4krar du att du f\u00f6ljer g\u00e4llande lagar och s\u00e4kerhetsf\u00f6reskrifter.<\/p>\n<p data-start=\"6971\" data-end=\"7188\"><a href=\"https:\/\/onderzoekschemicals.com\/sv\/shop\/okategoriserad\/4mmc-kopen\/\">k\u00f6p 4mmc<\/a><a href=\"https:\/\/onderzoekschemicals.com\/sv\/shop\/okategoriserad\/benzocaine-powder\/\">bensokainpulver<\/a><a href=\"https:\/\/onderzoekschemicals.com\/sv\/shop\/okategoriserad\/fentanyl-kopen\/\">k\u00f6p fentanyl<\/a><\/p>","protected":false},"excerpt":{"rendered":"<h3><span dir=\"auto\" style=\"vertical-align: inherit;\"><span dir=\"auto\" style=\"vertical-align: inherit;\">DCK-egenskaper<\/span><\/span><\/h3>\n<p><strong><span dir=\"auto\" style=\"vertical-align: inherit;\"><span dir=\"auto\" style=\"vertical-align: inherit;\">Synonym:<\/span><\/span><\/strong><span dir=\"auto\" style=\"vertical-align: inherit;\"><span dir=\"auto\" style=\"vertical-align: inherit;\"> \u00a02&#039;-oxo-PCM, deskloroketamin <\/span><\/span><br \/>\n<strong><span dir=\"auto\" style=\"vertical-align: inherit;\"><span dir=\"auto\" style=\"vertical-align: inherit;\">CAS-nummer:<\/span><\/span><\/strong><span dir=\"auto\" style=\"vertical-align: inherit;\"><span dir=\"auto\" style=\"vertical-align: inherit;\"> \u00a04631-27-0 <\/span><\/span><br \/>\n<strong><span dir=\"auto\" style=\"vertical-align: inherit;\"><span dir=\"auto\" style=\"vertical-align: inherit;\">Formel:<\/span><\/span><\/strong><span dir=\"auto\" style=\"vertical-align: inherit;\"><span dir=\"auto\" style=\"vertical-align: inherit;\"> \u00a02-(metylamino)-2-fenylcyklohexanon <\/span><\/span><br \/>\n<strong><span dir=\"auto\" style=\"vertical-align: inherit;\"><span dir=\"auto\" style=\"vertical-align: inherit;\">Molmassa:<\/span><\/span><\/strong><span dir=\"auto\" style=\"vertical-align: inherit;\"><span dir=\"auto\" style=\"vertical-align: inherit;\"> \u00a0239,7 g\/mol <\/span><\/span><br \/>\n<strong><span dir=\"auto\" style=\"vertical-align: inherit;\"><span dir=\"auto\" style=\"vertical-align: inherit;\">Renhet:<\/span><\/span><\/strong><span dir=\"auto\" style=\"vertical-align: inherit;\"><span dir=\"auto\" style=\"vertical-align: inherit;\"> \u00a0&gt;97%<\/span><\/span><\/p>","protected":false},"featured_media":29315,"comment_status":"closed","ping_status":"closed","template":"","meta":[],"product_brand":[82],"product_cat":[71,427,428,324],"product_tag":[272,302,303,326],"class_list":{"0":"post-24854","1":"product","2":"type-product","3":"status-publish","4":"has-post-thumbnail","6":"product_brand-research-chemical","7":"product_cat-arylcyclohexylamine","8":"product_cat-dck","9":"product_cat-dck-pellets","10":"product_cat-pellets-for-pellet","11":"product_tag-2f-dck-kopen","12":"product_tag-dck","13":"product_tag-deschloroketamine","14":"product_tag-nl","16":"first","17":"instock","18":"taxable","19":"shipping-taxable","20":"purchasable","21":"product-type-variable"},"_links":{"self":[{"href":"https:\/\/onderzoekschemicals.com\/sv\/wp-json\/wp\/v2\/product\/24854","targetHints":{"allow":["GET"]}}],"collection":[{"href":"https:\/\/onderzoekschemicals.com\/sv\/wp-json\/wp\/v2\/product"}],"about":[{"href":"https:\/\/onderzoekschemicals.com\/sv\/wp-json\/wp\/v2\/types\/product"}],"replies":[{"embeddable":true,"href":"https:\/\/onderzoekschemicals.com\/sv\/wp-json\/wp\/v2\/comments?post=24854"}],"version-history":[{"count":5,"href":"https:\/\/onderzoekschemicals.com\/sv\/wp-json\/wp\/v2\/product\/24854\/revisions"}],"predecessor-version":[{"id":28823,"href":"https:\/\/onderzoekschemicals.com\/sv\/wp-json\/wp\/v2\/product\/24854\/revisions\/28823"}],"wp:featuredmedia":[{"embeddable":true,"href":"https:\/\/onderzoekschemicals.com\/sv\/wp-json\/wp\/v2\/media\/29315"}],"wp:attachment":[{"href":"https:\/\/onderzoekschemicals.com\/sv\/wp-json\/wp\/v2\/media?parent=24854"}],"wp:term":[{"taxonomy":"product_brand","embeddable":true,"href":"https:\/\/onderzoekschemicals.com\/sv\/wp-json\/wp\/v2\/product_brand?post=24854"},{"taxonomy":"product_cat","embeddable":true,"href":"https:\/\/onderzoekschemicals.com\/sv\/wp-json\/wp\/v2\/product_cat?post=24854"},{"taxonomy":"product_tag","embeddable":true,"href":"https:\/\/onderzoekschemicals.com\/sv\/wp-json\/wp\/v2\/product_tag?post=24854"}],"curies":[{"name":"wp","href":"https:\/\/api.w.org\/{rel}","templated":true}]}}