{"id":24529,"date":"2025-10-20T17:41:54","date_gmt":"2025-10-20T17:41:54","guid":{"rendered":"https:\/\/onderzoekschemicals.com\/?post_type=product&#038;p=24529"},"modified":"2025-10-21T16:01:25","modified_gmt":"2025-10-21T16:01:25","slug":"2c-b-fly-10-mg-zakje-3-pellets","status":"publish","type":"product","link":"https:\/\/onderzoekschemicals.com\/sv\/shop\/b2b\/2c-b-fly-10-mg-zakje-3-pellets\/","title":{"rendered":"2C-B-FLY 10 MG dosp\u00e5se 3 pellets"},"content":{"rendered":"<h3 data-start=\"3793\" data-end=\"3814\"><strong data-start=\"3797\" data-end=\"3812\">Introduktion<\/strong><\/h3>\n<p data-start=\"3815\" data-end=\"4074\"><strong data-start=\"3815\" data-end=\"3851\">2C-B-FLY 10 mg dosp\u00e5se (3 pellets)<\/strong> inneh\u00e5ller <strong data-start=\"3858\" data-end=\"3906\">tre exakt doserade pellets \u00e0 10 mg<\/strong> <strong data-start=\"3907\" data-end=\"3969\">2C-B-FLY (8-brom-2,3,6,7-bensodihydro-difurantetylamin)<\/strong> - En <strong data-start=\"3976\" data-end=\"4006\">syntetisk fenetylamin<\/strong> fr\u00e5n <strong data-start=\"4014\" data-end=\"4028\">2C-familjen<\/strong>, utvecklad av <strong data-start=\"4046\" data-end=\"4071\">Dr. Alexander Shulgin<\/strong>.<\/p>\n<p data-start=\"4076\" data-end=\"4431\">P\u00e5 grund av dess unika <strong data-start=\"4093\" data-end=\"4119\">bensodifuranstruktur<\/strong> 2C-B-FLY anv\u00e4nds flitigt i <strong data-start=\"4152\" data-end=\"4209\">farmakologisk, analytisk och neurokemisk forskning<\/strong> Obehaglig <strong data-start=\"4215\" data-end=\"4234\">receptorbindning<\/strong> och <strong data-start=\"4238\" data-end=\"4280\">struktur-aktivitetssamband (SAR)<\/strong>.<br data-start=\"4281\" data-end=\"4284\" \/>Pelletsen har en <strong data-start=\"4306\" data-end=\"4343\">laboratorierenhet p\u00e5 \u2265 98 %<\/strong> och levereras i en <strong data-start=\"4370\" data-end=\"4408\">fuktt\u00e5lig, \u00e5terf\u00f6rslutningsbar p\u00e5se<\/strong> f\u00f6r s\u00e4ker f\u00f6rvaring.<\/p>\n<blockquote data-start=\"4433\" data-end=\"4580\">\n<p data-start=\"4435\" data-end=\"4580\">\u26a0\ufe0f <strong data-start=\"4438\" data-end=\"4449\">OBS:<\/strong> Denna produkt \u00e4r endast avsedd f\u00f6r <strong data-start=\"4490\" data-end=\"4531\">laboratorie- och analytisk forskning<\/strong> \u2014 <strong data-start=\"4534\" data-end=\"4577\">inte f\u00f6r m\u00e4nsklig eller djurs bruk<\/strong>.<\/p>\n<\/blockquote>\n<hr data-start=\"4582\" data-end=\"4585\" \/>\n<h3 data-start=\"4587\" data-end=\"4618\"><strong data-start=\"4591\" data-end=\"4618\">Viktiga funktioner<\/strong><\/h3>\n<div class=\"_tableContainer_1rjym_1\">\n<div class=\"group _tableWrapper_1rjym_13 flex w-fit flex-col-reverse\" tabindex=\"-1\">\n<table class=\"w-fit min-w-(--thread-content-width)\" data-start=\"4620\" data-end=\"5143\">\n<thead data-start=\"4620\" data-end=\"4646\">\n<tr data-start=\"4620\" data-end=\"4646\">\n<th data-start=\"4620\" data-end=\"4630\" data-col-size=\"sm\">S\u00e4rdrag<\/th>\n<th data-start=\"4630\" data-end=\"4646\" data-col-size=\"md\">Beskrivning<\/th>\n<\/tr>\n<\/thead>\n<tbody data-start=\"4675\" data-end=\"5143\">\n<tr data-start=\"4675\" data-end=\"4758\">\n<td data-start=\"4675\" data-end=\"4696\" data-col-size=\"sm\"><strong data-start=\"4677\" data-end=\"4695\">Kemiskt namn<\/strong><\/td>\n<td data-start=\"4696\" data-end=\"4758\" data-col-size=\"md\">8-Broomo-2,3,6,7-bensodihydro-difurantetylamin (2C-B-FLY)<\/td>\n<\/tr>\n<tr data-start=\"4759\" data-end=\"4831\">\n<td data-start=\"4759\" data-end=\"4774\" data-col-size=\"sm\"><strong data-start=\"4761\" data-end=\"4773\">Dosering<\/strong><\/td>\n<td data-start=\"4774\" data-end=\"4831\" data-col-size=\"md\">10 mg per pellet \u2013 totalt 30 mg (3 pellets per p\u00e5se)<\/td>\n<\/tr>\n<tr data-start=\"4832\" data-end=\"4883\">\n<td data-start=\"4832\" data-end=\"4843\" data-col-size=\"sm\"><strong data-start=\"4834\" data-end=\"4842\">Form<\/strong><\/td>\n<td data-start=\"4843\" data-end=\"4883\" data-col-size=\"md\">Fast pellet f\u00f6r analytiskt bruk<\/td>\n<\/tr>\n<tr data-start=\"4884\" data-end=\"4936\">\n<td data-start=\"4884\" data-end=\"4901\" data-col-size=\"sm\"><strong data-start=\"4886\" data-end=\"4900\">Renhet<\/strong><\/td>\n<td data-start=\"4901\" data-end=\"4936\" data-col-size=\"md\">\u2265 98 % (testad med HPLC och NMR)<\/td>\n<\/tr>\n<tr data-start=\"4937\" data-end=\"5016\">\n<td data-start=\"4937\" data-end=\"4960\" data-col-size=\"sm\"><strong data-start=\"4939\" data-end=\"4959\">Kemisk klass<\/strong><\/td>\n<td data-start=\"4960\" data-end=\"5016\" data-col-size=\"md\">Substituerad fenetylamin\/bensodifuran-analog<\/td>\n<\/tr>\n<tr data-start=\"5017\" data-end=\"5091\">\n<td data-start=\"5017\" data-end=\"5031\" data-col-size=\"sm\"><strong data-start=\"5019\" data-end=\"5030\">Anv\u00e4ndande<\/strong><\/td>\n<td data-start=\"5031\" data-end=\"5091\" data-col-size=\"md\">Endast f\u00f6r analytisk, forensisk och kemisk forskning<\/td>\n<\/tr>\n<tr data-start=\"5092\" data-end=\"5143\">\n<td data-start=\"5092\" data-end=\"5109\" data-col-size=\"sm\"><strong data-start=\"5094\" data-end=\"5108\">F\u00f6rpackning<\/strong><\/td>\n<td data-start=\"5109\" data-end=\"5143\" data-col-size=\"md\">\u00c5terf\u00f6rslutningsbar laboratoriep\u00e5se<\/td>\n<\/tr>\n<\/tbody>\n<\/table>\n<\/div>\n<\/div>\n<hr data-start=\"5145\" data-end=\"5148\" \/>\n<h3 data-start=\"5150\" data-end=\"5167\"><strong data-start=\"5154\" data-end=\"5167\">F\u00f6rdelar<\/strong><\/h3>\n<ul data-start=\"5169\" data-end=\"5575\">\n<li data-start=\"5169\" data-end=\"5245\">\n<p data-start=\"5171\" data-end=\"5245\"><strong data-start=\"5171\" data-end=\"5195\">Noggrann dosering<\/strong> \u2013 10 mg per pellet f\u00f6r tillf\u00f6rlitliga resultat.<\/p>\n<\/li>\n<li data-start=\"5246\" data-end=\"5315\">\n<p data-start=\"5248\" data-end=\"5315\"><strong data-start=\"5248\" data-end=\"5281\">H\u00f6g renhet och stabilitet<\/strong> \u2013 \u2265 98 % laboratoriekvalitet.<\/p>\n<\/li>\n<li data-start=\"5316\" data-end=\"5412\">\n<p data-start=\"5318\" data-end=\"5412\"><strong data-start=\"5318\" data-end=\"5347\">Idealisk f\u00f6r SAR-forskning<\/strong> \u2013 L\u00e4mplig f\u00f6r strukturella j\u00e4mf\u00f6relser och receptorstudier.<\/p>\n<\/li>\n<li data-start=\"5413\" data-end=\"5492\">\n<p data-start=\"5415\" data-end=\"5492\"><strong data-start=\"5415\" data-end=\"5446\">Bredt analytisk till\u00e4mpbar<\/strong> \u2013 Kompatibel med GC\/MS, LC-MS, FTIR och NMR.<\/p>\n<\/li>\n<li data-start=\"5493\" data-end=\"5575\">\n<p data-start=\"5495\" data-end=\"5575\"><strong data-start=\"5495\" data-end=\"5513\">Praktisk storlek<\/strong> \u2013 P\u00e5se med 3 pellets, perfekt f\u00f6r sm\u00e5skalig forskning.<\/p>\n<\/li>\n<\/ul>\n<hr data-start=\"5577\" data-end=\"5580\" \/>\n<h3 data-start=\"5582\" data-end=\"5634\"><strong data-start=\"5586\" data-end=\"5632\">Anv\u00e4ndning (endast f\u00f6r forsknings\u00e4ndam\u00e5l)<\/strong><\/h3>\n<ol data-start=\"5636\" data-end=\"6016\">\n<li data-start=\"5636\" data-end=\"5734\">\n<p data-start=\"5639\" data-end=\"5734\"><strong data-start=\"5639\" data-end=\"5654\">Hantering:<\/strong> Anv\u00e4nd handskar och skyddsglas\u00f6gon; arbeta under kontrollerade f\u00f6rh\u00e5llanden.<\/p>\n<\/li>\n<li data-start=\"5735\" data-end=\"5819\">\n<p data-start=\"5738\" data-end=\"5819\"><strong data-start=\"5738\" data-end=\"5751\">M\u00e5tt:<\/strong> Varje pellet inneh\u00e5ller 10 mg \u2013 justera inte utanf\u00f6r laboratoriet.<\/p>\n<\/li>\n<li data-start=\"5820\" data-end=\"5875\">\n<p data-start=\"5823\" data-end=\"5875\"><strong data-start=\"5823\" data-end=\"5834\">Lagring:<\/strong> F\u00f6rvara svalt (2\u20138 \u00b0C), torrt och m\u00f6rkt.<\/p>\n<\/li>\n<li data-start=\"5876\" data-end=\"5940\">\n<p data-start=\"5879\" data-end=\"5940\"><strong data-start=\"5879\" data-end=\"5891\">Analys:<\/strong> L\u00e4mplig f\u00f6r GC\/MS, HPLC, FTIR, LC-MS och NMR.<\/p>\n<\/li>\n<li data-start=\"5941\" data-end=\"6016\">\n<p data-start=\"5944\" data-end=\"6016\"><strong data-start=\"5944\" data-end=\"5961\">Dokumentation:<\/strong> Registrera batchnummer och testresultat f\u00f6r att s\u00e4kerst\u00e4lla \u00f6verensst\u00e4mmelse.<\/p>\n<\/li>\n<\/ol>\n<hr data-start=\"6018\" data-end=\"6021\" \/>\n<h3 data-start=\"6023\" data-end=\"6058\"><strong data-start=\"6027\" data-end=\"6056\">Vanliga fr\u00e5gor (FAQ)<\/strong><\/h3>\n<p data-start=\"6060\" data-end=\"6239\"><strong data-start=\"6060\" data-end=\"6083\">1. Vad \u00e4r 2C-B-FLY?<\/strong><br data-start=\"6083\" data-end=\"6086\" \/><strong data-start=\"6086\" data-end=\"6098\">2C-B-FLY<\/strong> \u00e4r en <strong data-start=\"6106\" data-end=\"6136\">syntetisk fenetylamin<\/strong> med en bensodifuranstruktur som anv\u00e4nds f\u00f6r receptorbindningsstudier och SAR-analys.<\/p>\n<p data-start=\"6241\" data-end=\"6399\"><strong data-start=\"6241\" data-end=\"6299\">2. Vad finns i 2C-B-FLY 10 mg dosp\u00e5se (3 pellets)?<\/strong><br data-start=\"6299\" data-end=\"6302\" \/>V\u00e4skan inneh\u00e5ller <strong data-start=\"6318\" data-end=\"6357\">tre pellets med 10 mg 2C-B-FLY vardera<\/strong> f\u00f6r analytiskt bruk (totalt 30 mg).<\/p>\n<p data-start=\"6401\" data-end=\"6605\"><strong data-start=\"6401\" data-end=\"6443\">3. \u00c4r det lagligt att k\u00f6pa 2C-B-FLY?<\/strong><br data-start=\"6443\" data-end=\"6446\" \/>De <strong data-start=\"6449\" data-end=\"6476\">lagligheten av 2C-B-FLY<\/strong> Varierar beroende p\u00e5 land. I vissa l\u00e4nder anses det vara ett kontrollerat \u00e4mne. Kontrollera alltid lokala best\u00e4mmelser innan du k\u00f6per.<\/p>","protected":false},"excerpt":{"rendered":"<h2><strong><span dir=\"auto\" style=\"vertical-align: inherit;\"><span dir=\"auto\" style=\"vertical-align: inherit;\">2C-B-FLY 10 MG dosp\u00e5se med 3 pellets<\/span><\/span><\/strong><\/h2>\n<ul>\n<li><strong><span dir=\"auto\" style=\"vertical-align: inherit;\"><span dir=\"auto\" style=\"vertical-align: inherit;\">Detaljhandelsf\u00f6rpackningar<\/span><\/span><br \/>\n<\/strong><\/li>\n<li><strong><span dir=\"auto\" style=\"vertical-align: inherit;\"><span dir=\"auto\" style=\"vertical-align: inherit;\">Antal pellets per p\u00e5se: 3<\/span><\/span><\/strong><\/li>\n<li><strong><span dir=\"auto\" style=\"vertical-align: inherit;\"><span dir=\"auto\" style=\"vertical-align: inherit;\">Priserna \u00e4r exklusive moms 21%<\/span><\/span><\/strong><\/li>\n<li><strong><span dir=\"auto\" style=\"vertical-align: inherit;\"><span dir=\"auto\" style=\"vertical-align: inherit;\">Rekommenderat pris: 25,00 \u20ac inkl. moms<\/span><\/span><\/strong><\/li>\n<\/ul>","protected":false},"featured_media":24545,"comment_status":"closed","ping_status":"closed","template":"","meta":[],"product_brand":[82],"product_cat":[555],"product_tag":[193,194,817,198,197,196,199,200,326],"class_list":{"0":"post-24529","1":"product","2":"type-product","3":"status-publish","4":"has-post-thumbnail","6":"product_brand-research-chemical","7":"product_cat-b2b","8":"product_tag-2c-b-fly","9":"product_tag-2c-b-fly-pellets","10":"product_tag-2c-b-fly-psychonau","11":"product_tag-2cb-dosering","12":"product_tag-2cb-drugs","13":"product_tag-2cb-effecten","14":"product_tag-2cb-fly","15":"product_tag-dosering-2cb","16":"product_tag-nl","18":"first","19":"instock","20":"taxable","21":"shipping-taxable","22":"purchasable","23":"product-type-variable"},"_links":{"self":[{"href":"https:\/\/onderzoekschemicals.com\/sv\/wp-json\/wp\/v2\/product\/24529","targetHints":{"allow":["GET"]}}],"collection":[{"href":"https:\/\/onderzoekschemicals.com\/sv\/wp-json\/wp\/v2\/product"}],"about":[{"href":"https:\/\/onderzoekschemicals.com\/sv\/wp-json\/wp\/v2\/types\/product"}],"replies":[{"embeddable":true,"href":"https:\/\/onderzoekschemicals.com\/sv\/wp-json\/wp\/v2\/comments?post=24529"}],"version-history":[{"count":5,"href":"https:\/\/onderzoekschemicals.com\/sv\/wp-json\/wp\/v2\/product\/24529\/revisions"}],"predecessor-version":[{"id":27773,"href":"https:\/\/onderzoekschemicals.com\/sv\/wp-json\/wp\/v2\/product\/24529\/revisions\/27773"}],"wp:featuredmedia":[{"embeddable":true,"href":"https:\/\/onderzoekschemicals.com\/sv\/wp-json\/wp\/v2\/media\/24545"}],"wp:attachment":[{"href":"https:\/\/onderzoekschemicals.com\/sv\/wp-json\/wp\/v2\/media?parent=24529"}],"wp:term":[{"taxonomy":"product_brand","embeddable":true,"href":"https:\/\/onderzoekschemicals.com\/sv\/wp-json\/wp\/v2\/product_brand?post=24529"},{"taxonomy":"product_cat","embeddable":true,"href":"https:\/\/onderzoekschemicals.com\/sv\/wp-json\/wp\/v2\/product_cat?post=24529"},{"taxonomy":"product_tag","embeddable":true,"href":"https:\/\/onderzoekschemicals.com\/sv\/wp-json\/wp\/v2\/product_tag?post=24529"}],"curies":[{"name":"wp","href":"https:\/\/api.w.org\/{rel}","templated":true}]}}