{"id":24497,"date":"2025-10-20T17:41:49","date_gmt":"2025-10-20T17:41:49","guid":{"rendered":"https:\/\/onderzoekschemicals.com\/?post_type=product&#038;p=24497"},"modified":"2025-10-21T16:12:25","modified_gmt":"2025-10-21T16:12:25","slug":"2-fa-5ml-buisje","status":"publish","type":"product","link":"https:\/\/onderzoekschemicals.com\/sv\/shop\/b2b\/2-fa-5ml-buisje\/","title":{"rendered":"2-FA 5ml-r\u00f6r"},"content":{"rendered":"<h3 data-start=\"4246\" data-end=\"4267\"><strong data-start=\"4250\" data-end=\"4265\">Introduktion<\/strong><\/h3>\n<p data-start=\"4268\" data-end=\"4667\"><strong data-start=\"4268\" data-end=\"4287\">2-FA 5ml-r\u00f6r<\/strong> inneh\u00e5ller en <strong data-start=\"4298\" data-end=\"4342\">noggrant f\u00f6rberedd laboratoriel\u00f6sning<\/strong> av <strong data-start=\"4347\" data-end=\"4376\">2-FA (2-Fluoroamfetamin)<\/strong> - En <strong data-start=\"4383\" data-end=\"4418\">fluorerad amfetaminanalog<\/strong> inom <strong data-start=\"4429\" data-end=\"4452\">fenetylaminklass<\/strong>. 2 fa<br data-start=\"4453\" data-end=\"4456\" \/>Strukturellt relaterad till <strong data-start=\"4480\" data-end=\"4494\">amfetamin<\/strong> och <strong data-start=\"4498\" data-end=\"4507\">2-FMA<\/strong>, 2-FA anv\u00e4nds i <strong data-start=\"4532\" data-end=\"4585\">analytisk, forensisk och neurokemisk forskning<\/strong> som <strong data-start=\"4590\" data-end=\"4628\">referens- och kalibreringsmaterial<\/strong> inom kromatografi och spektroskopi.<\/p>\n<p data-start=\"4669\" data-end=\"4888\">L\u00f6sningen bereds med <strong data-start=\"4696\" data-end=\"4717\">\u2265 98% ren 2-FA<\/strong>, uppl\u00f6st i en <strong data-start=\"4735\" data-end=\"4786\">l\u00f6sningsmedel av laboratoriekvalitet f\u00f6r forskning<\/strong>, och f\u00f6rpackad i en <strong data-start=\"4806\" data-end=\"4844\">5 ml b\u00e4rnstensf\u00e4rgat glasr\u00f6r<\/strong> f\u00f6r skydd mot ljus och oxidation.<\/p>\n<blockquote data-start=\"4890\" data-end=\"5029\">\n<p data-start=\"4892\" data-end=\"5029\">\u26a0\ufe0f <strong data-start=\"4895\" data-end=\"4906\">OBS:<\/strong> 2-FA \u00e4r endast avsedd f\u00f6r <strong data-start=\"4940\" data-end=\"4975\">forskning och analytisk anv\u00e4ndning<\/strong> \u2014 <strong data-start=\"4978\" data-end=\"5026\">inte f\u00f6r m\u00e4nsklig eller djurkonsumtion<\/strong>.<\/p>\n<\/blockquote>\n<hr data-start=\"5031\" data-end=\"5034\" \/>\n<h3 data-start=\"5036\" data-end=\"5067\"><strong data-start=\"5040\" data-end=\"5067\">Viktiga funktioner<\/strong><\/h3>\n<div class=\"_tableContainer_1rjym_1\">\n<div class=\"group _tableWrapper_1rjym_13 flex w-fit flex-col-reverse\" tabindex=\"-1\">\n<table class=\"w-fit min-w-(--thread-content-width)\" data-start=\"5069\" data-end=\"5723\">\n<thead data-start=\"5069\" data-end=\"5095\">\n<tr data-start=\"5069\" data-end=\"5095\">\n<th data-start=\"5069\" data-end=\"5079\" data-col-size=\"sm\">S\u00e4rdrag<\/th>\n<th data-start=\"5079\" data-end=\"5095\" data-col-size=\"md\">Beskrivning<\/th>\n<\/tr>\n<\/thead>\n<tbody data-start=\"5124\" data-end=\"5723\">\n<tr data-start=\"5124\" data-end=\"5167\">\n<td data-start=\"5124\" data-end=\"5145\" data-col-size=\"sm\"><strong data-start=\"5126\" data-end=\"5144\">Kemiskt namn<\/strong><\/td>\n<td data-start=\"5145\" data-end=\"5167\" data-col-size=\"md\">2-Fluoroamfetamin<\/td>\n<\/tr>\n<tr data-start=\"5168\" data-end=\"5201\">\n<td data-start=\"5168\" data-end=\"5193\" data-col-size=\"sm\"><strong data-start=\"5170\" data-end=\"5192\">Vanligt namn<\/strong><\/td>\n<td data-start=\"5193\" data-end=\"5201\" data-col-size=\"md\">2-FA<\/td>\n<\/tr>\n<tr data-start=\"5202\" data-end=\"5237\">\n<td data-start=\"5202\" data-end=\"5226\" data-col-size=\"sm\"><strong data-start=\"5204\" data-end=\"5225\">Kemisk formel<\/strong><\/td>\n<td data-start=\"5226\" data-end=\"5237\" data-col-size=\"md\">C\u2089H\u2081\u2082FN<\/td>\n<\/tr>\n<tr data-start=\"5238\" data-end=\"5276\">\n<td data-start=\"5238\" data-end=\"5260\" data-col-size=\"sm\"><strong data-start=\"5240\" data-end=\"5259\">Molekylvikt<\/strong><\/td>\n<td data-start=\"5260\" data-end=\"5276\" data-col-size=\"md\">153,20 g\/mol<\/td>\n<\/tr>\n<tr data-start=\"5277\" data-end=\"5338\">\n<td data-start=\"5277\" data-end=\"5288\" data-col-size=\"sm\"><strong data-start=\"5279\" data-end=\"5287\">Form<\/strong><\/td>\n<td data-start=\"5288\" data-end=\"5338\" data-col-size=\"md\">Flytande l\u00f6sning (i testl\u00f6sningsmedel)<\/td>\n<\/tr>\n<tr data-start=\"5339\" data-end=\"5402\">\n<td data-start=\"5339\" data-end=\"5358\" data-col-size=\"sm\"><strong data-start=\"5341\" data-end=\"5357\">Koncentration<\/strong><\/td>\n<td data-start=\"5358\" data-end=\"5402\" data-col-size=\"md\">Laboratoriestandard (batchberoende)<\/td>\n<\/tr>\n<tr data-start=\"5403\" data-end=\"5450\">\n<td data-start=\"5403\" data-end=\"5416\" data-col-size=\"sm\"><strong data-start=\"5405\" data-end=\"5415\">Volym<\/strong><\/td>\n<td data-start=\"5416\" data-end=\"5450\" data-col-size=\"md\">5 ml b\u00e4rnstensf\u00e4rgat glasr\u00f6r<\/td>\n<\/tr>\n<tr data-start=\"5451\" data-end=\"5502\">\n<td data-start=\"5451\" data-end=\"5468\" data-col-size=\"sm\"><strong data-start=\"5453\" data-end=\"5467\">Renhet<\/strong><\/td>\n<td data-start=\"5468\" data-end=\"5502\" data-col-size=\"md\">\u2265 98% (testad med HPLC och NMR)<\/td>\n<\/tr>\n<tr data-start=\"5503\" data-end=\"5577\">\n<td data-start=\"5503\" data-end=\"5526\" data-col-size=\"sm\"><strong data-start=\"5505\" data-end=\"5525\">Kemisk klass<\/strong><\/td>\n<td data-start=\"5526\" data-end=\"5577\" data-col-size=\"md\">Fluorerad amfetamin\/fenetylamin-analog<\/td>\n<\/tr>\n<tr data-start=\"5578\" data-end=\"5652\">\n<td data-start=\"5578\" data-end=\"5592\" data-col-size=\"sm\"><strong data-start=\"5580\" data-end=\"5591\">Anv\u00e4ndande<\/strong><\/td>\n<td data-start=\"5592\" data-end=\"5652\" data-col-size=\"md\">Endast f\u00f6r analytisk, forensisk och kemisk forskning<\/td>\n<\/tr>\n<tr data-start=\"5653\" data-end=\"5723\">\n<td data-start=\"5653\" data-end=\"5670\" data-col-size=\"sm\"><strong data-start=\"5655\" data-end=\"5669\">F\u00f6rpackning<\/strong><\/td>\n<td data-start=\"5670\" data-end=\"5723\" data-col-size=\"md\">B\u00e4rnstensf\u00e4rgat glas med luftt\u00e4t laboratoriekapsyl<\/td>\n<\/tr>\n<\/tbody>\n<\/table>\n<\/div>\n<\/div>\n<hr data-start=\"5725\" data-end=\"5728\" \/>\n<h3 data-start=\"5730\" data-end=\"5747\"><strong data-start=\"5734\" data-end=\"5747\">F\u00f6rdelar<\/strong><\/h3>\n<ul data-start=\"5749\" data-end=\"6197\">\n<li data-start=\"5749\" data-end=\"5842\">\n<p data-start=\"5751\" data-end=\"5842\"><strong data-start=\"5751\" data-end=\"5770\">H\u00f6g renhet<\/strong> \u2013 Bered med \u2265 98% ren 2-FA f\u00f6r tillf\u00f6rlitliga forskningsresultat.<\/p>\n<\/li>\n<li data-start=\"5843\" data-end=\"5941\">\n<p data-start=\"5845\" data-end=\"5941\"><strong data-start=\"5845\" data-end=\"5872\">F\u00e4rdig att anv\u00e4nda l\u00f6sning<\/strong> \u2013 5 ml storlek f\u00f6rhindrar doseringsfel och f\u00f6renklar experiment.<\/p>\n<\/li>\n<li data-start=\"5942\" data-end=\"6029\">\n<p data-start=\"5944\" data-end=\"6029\"><strong data-start=\"5944\" data-end=\"5964\">Skyddsglas<\/strong> \u2013 B\u00e4rnstensf\u00e4rgat r\u00f6r f\u00f6rhindrar nedbrytning av ljus och oxidation.<\/p>\n<\/li>\n<li data-start=\"6030\" data-end=\"6102\">\n<p data-start=\"6032\" data-end=\"6102\"><strong data-start=\"6032\" data-end=\"6052\">Brett till\u00e4mplig<\/strong> \u2013 L\u00e4mplig f\u00f6r GC\/MS, LC-MS, FTIR, UV och HPLC.<\/p>\n<\/li>\n<li data-start=\"6103\" data-end=\"6197\">\n<p data-start=\"6105\" data-end=\"6197\"><strong data-start=\"6105\" data-end=\"6131\">Testad batchkvalitet<\/strong> \u2013 Varje sats kontrolleras med avseende p\u00e5 koncentration och renhet.<\/p>\n<\/li>\n<\/ul>\n<hr data-start=\"6199\" data-end=\"6202\" \/>\n<h3 data-start=\"6204\" data-end=\"6256\"><strong data-start=\"6208\" data-end=\"6254\">Anv\u00e4ndning (endast f\u00f6r forsknings\u00e4ndam\u00e5l)<\/strong><\/h3>\n<ol data-start=\"6258\" data-end=\"6678\">\n<li data-start=\"6258\" data-end=\"6352\">\n<p data-start=\"6261\" data-end=\"6352\"><strong data-start=\"6261\" data-end=\"6276\">Hantering:<\/strong> Anv\u00e4nd handskar, skyddsglas\u00f6gon och laboratorierock; arbeta under dragsk\u00e5p.<\/p>\n<\/li>\n<li data-start=\"6353\" data-end=\"6421\">\n<p data-start=\"6356\" data-end=\"6421\"><strong data-start=\"6356\" data-end=\"6369\">M\u00e5tt:<\/strong> Anv\u00e4nd pipetter f\u00f6r exakt volymbest\u00e4mning.<\/p>\n<\/li>\n<li data-start=\"6422\" data-end=\"6493\">\n<p data-start=\"6425\" data-end=\"6493\"><strong data-start=\"6425\" data-end=\"6436\">Lagring:<\/strong> F\u00f6rvara svalt (2\u20138 \u00b0C), torrt och m\u00f6rkt; v\u00e4l tillsluten.<\/p>\n<\/li>\n<li data-start=\"6494\" data-end=\"6589\">\n<p data-start=\"6497\" data-end=\"6589\"><strong data-start=\"6497\" data-end=\"6509\">Analys:<\/strong> L\u00e4mplig f\u00f6r kromatografi, spektroskopi och forensisk referensanalys.<\/p>\n<\/li>\n<li data-start=\"6590\" data-end=\"6678\">\n<p data-start=\"6593\" data-end=\"6678\"><strong data-start=\"6593\" data-end=\"6610\">Dokumentation:<\/strong> Registrera batchdata och analysintyg f\u00f6r sp\u00e5rbarhet.<\/p>\n<\/li>\n<\/ol>\n<hr data-start=\"6680\" data-end=\"6683\" \/>\n<h3 data-start=\"6685\" data-end=\"6720\"><strong data-start=\"6689\" data-end=\"6718\">Vanliga fr\u00e5gor (FAQ)<\/strong><\/h3>\n<p data-start=\"6722\" data-end=\"6902\"><strong data-start=\"6722\" data-end=\"6741\">1. Vad \u00e4r 2-FA?<\/strong><br data-start=\"6741\" data-end=\"6744\" \/><strong data-start=\"6744\" data-end=\"6773\">2-FA (2-Fluoroamfetamin)<\/strong> \u00e4r en <strong data-start=\"6781\" data-end=\"6811\">fluorerad fenetylamin<\/strong> som anv\u00e4nds f\u00f6r forskning om monoamintransport\u00f6rer och strukturell aktivitet.<\/p>\n<p data-start=\"6904\" data-end=\"7064\"><strong data-start=\"6904\" data-end=\"6945\">2. Vad finns i 2-FA 5 ml-tuben?<\/strong><br data-start=\"6945\" data-end=\"6948\" \/>Tuben inneh\u00e5ller <strong data-start=\"6965\" data-end=\"7006\">5 ml 2-FA-l\u00f6sning (renhet \u2265 98%)<\/strong> i ett forskningsl\u00f6sningsmedel av laboratoriekvalitet.<\/p>\n<p data-start=\"7066\" data-end=\"7275\"><strong data-start=\"7066\" data-end=\"7104\">3. \u00c4r det lagligt att k\u00f6pa 2-FA?<\/strong><br data-start=\"7104\" data-end=\"7107\" \/>De <strong data-start=\"7110\" data-end=\"7133\">lagligheten av 2-FA<\/strong> varierar beroende p\u00e5 land. I vissa l\u00e4nder regleras det enligt opiumlagen. Kontrollera alltid lokala lagar innan du anv\u00e4nder det. <strong data-start=\"7258\" data-end=\"7272\">2-FA-k\u00f6p<\/strong>.<\/p>","protected":false},"excerpt":{"rendered":"<h2><strong><span dir=\"auto\" style=\"vertical-align: inherit;\"><span dir=\"auto\" style=\"vertical-align: inherit;\">2-FA 5ml-r\u00f6r<\/span><\/span><\/strong><\/h2>\n<ul>\n<li><strong><span dir=\"auto\" style=\"vertical-align: inherit;\"><span dir=\"auto\" style=\"vertical-align: inherit;\">Detaljhandelsf\u00f6rpackningar<\/span><\/span><br \/>\n<\/strong><\/li>\n<li><strong><span dir=\"auto\" style=\"vertical-align: inherit;\"><span dir=\"auto\" style=\"vertical-align: inherit;\">M\u00e4ngd ml per tub: 5<\/span><\/span><\/strong><\/li>\n<li><strong><span dir=\"auto\" style=\"vertical-align: inherit;\"><span dir=\"auto\" style=\"vertical-align: inherit;\">Priserna \u00e4r exklusive moms 21%<\/span><\/span><\/strong><\/li>\n<li><strong><span dir=\"auto\" style=\"vertical-align: inherit;\"><span dir=\"auto\" style=\"vertical-align: inherit;\">Rekommenderat pris: 12,95 \u20ac inkl. moms<\/span><\/span><\/strong><\/li>\n<\/ul>","protected":false},"featured_media":24506,"comment_status":"closed","ping_status":"closed","template":"","meta":[],"product_brand":[82],"product_cat":[555],"product_tag":[821,822,823,326],"class_list":{"0":"post-24497","1":"product","2":"type-product","3":"status-publish","4":"has-post-thumbnail","6":"product_brand-research-chemical","7":"product_cat-b2b","8":"product_tag-2-fa","9":"product_tag-2-fa-buisje","10":"product_tag-2-fa-werking","11":"product_tag-nl","13":"first","14":"instock","15":"taxable","16":"shipping-taxable","17":"purchasable","18":"product-type-variable"},"_links":{"self":[{"href":"https:\/\/onderzoekschemicals.com\/sv\/wp-json\/wp\/v2\/product\/24497","targetHints":{"allow":["GET"]}}],"collection":[{"href":"https:\/\/onderzoekschemicals.com\/sv\/wp-json\/wp\/v2\/product"}],"about":[{"href":"https:\/\/onderzoekschemicals.com\/sv\/wp-json\/wp\/v2\/types\/product"}],"replies":[{"embeddable":true,"href":"https:\/\/onderzoekschemicals.com\/sv\/wp-json\/wp\/v2\/comments?post=24497"}],"version-history":[{"count":5,"href":"https:\/\/onderzoekschemicals.com\/sv\/wp-json\/wp\/v2\/product\/24497\/revisions"}],"predecessor-version":[{"id":27783,"href":"https:\/\/onderzoekschemicals.com\/sv\/wp-json\/wp\/v2\/product\/24497\/revisions\/27783"}],"wp:featuredmedia":[{"embeddable":true,"href":"https:\/\/onderzoekschemicals.com\/sv\/wp-json\/wp\/v2\/media\/24506"}],"wp:attachment":[{"href":"https:\/\/onderzoekschemicals.com\/sv\/wp-json\/wp\/v2\/media?parent=24497"}],"wp:term":[{"taxonomy":"product_brand","embeddable":true,"href":"https:\/\/onderzoekschemicals.com\/sv\/wp-json\/wp\/v2\/product_brand?post=24497"},{"taxonomy":"product_cat","embeddable":true,"href":"https:\/\/onderzoekschemicals.com\/sv\/wp-json\/wp\/v2\/product_cat?post=24497"},{"taxonomy":"product_tag","embeddable":true,"href":"https:\/\/onderzoekschemicals.com\/sv\/wp-json\/wp\/v2\/product_tag?post=24497"}],"curies":[{"name":"wp","href":"https:\/\/api.w.org\/{rel}","templated":true}]}}