{"id":24490,"date":"2025-10-20T17:41:49","date_gmt":"2025-10-20T17:41:49","guid":{"rendered":"https:\/\/onderzoekschemicals.com\/?post_type=product&#038;p=24490"},"modified":"2025-10-21T16:11:58","modified_gmt":"2025-10-21T16:11:58","slug":"fluor-mix-zakje-1gr-4-fma","status":"publish","type":"product","link":"https:\/\/onderzoekschemicals.com\/sv\/shop\/b2b\/fluor-mix-zakje-1gr-4-fma\/","title":{"rendered":"Fluorblandningsp\u00e5se 1gr"},"content":{"rendered":"<h3 data-start=\"4116\" data-end=\"4137\"><strong data-start=\"4120\" data-end=\"4135\">Introduktion<\/strong><\/h3>\n<p data-start=\"4138\" data-end=\"4536\"><strong data-start=\"4138\" data-end=\"4162\">Fluorblandningsp\u00e5se (1 g)<\/strong> inneh\u00e5ller <strong data-start=\"4169\" data-end=\"4222\">1 gram h\u00f6grena fluorerade forskningssubstanser<\/strong>, speciellt utvecklad f\u00f6r <strong data-start=\"4249\" data-end=\"4309\">analytisk, forensisk och kemisk laboratorieforskning<\/strong>. 4 fma<br data-start=\"4310\" data-end=\"4313\" \/>Denna blandning inneh\u00e5ller <strong data-start=\"4328\" data-end=\"4354\">fluorerade analoger<\/strong> av utvalda forskningssubstanser, idealiska f\u00f6r <strong data-start=\"4412\" data-end=\"4463\">forskning om struktur-aktivitetssamband (SAR)<\/strong>, <strong data-start=\"4465\" data-end=\"4495\">kromatografiska analyser<\/strong> och <strong data-start=\"4499\" data-end=\"4533\">spektroskopisk identifiering<\/strong>.<\/p>\n<p data-start=\"4538\" data-end=\"4856\">Varje batch produceras under <strong data-start=\"4574\" data-end=\"4619\">kontrollerade laboratorief\u00f6rh\u00e5llanden<\/strong> och testades p\u00e5 en <strong data-start=\"4637\" data-end=\"4661\">renhet \u2265 98%<\/strong>, vilket s\u00e4kerst\u00e4ller konsekventa och tillf\u00f6rlitliga forskningsresultat.<br data-start=\"4726\" data-end=\"4729\" \/>Blandningen levereras i en <strong data-start=\"4758\" data-end=\"4807\">fuktbest\u00e4ndig \u00e5terf\u00f6rslutningsbar laboratoriep\u00e5se<\/strong> f\u00f6r s\u00e4ker f\u00f6rvaring och l\u00e5ngsiktig stabilitet.<\/p>\n<blockquote data-start=\"4858\" data-end=\"5002\">\n<p data-start=\"4860\" data-end=\"5002\">\u26a0\ufe0f <strong data-start=\"4863\" data-end=\"4874\">OBS:<\/strong> Fluor Mix \u00e4r endast avsedd f\u00f6r <strong data-start=\"4913\" data-end=\"4948\">forskning och analytisk anv\u00e4ndning<\/strong> \u2014 <strong data-start=\"4951\" data-end=\"4999\">inte f\u00f6r m\u00e4nsklig eller djurkonsumtion<\/strong>.<\/p>\n<\/blockquote>\n<hr data-start=\"5004\" data-end=\"5007\" \/>\n<h3 data-start=\"5009\" data-end=\"5040\"><strong data-start=\"5013\" data-end=\"5040\">Viktiga funktioner<\/strong><\/h3>\n<div class=\"_tableContainer_1rjym_1\">\n<div class=\"group _tableWrapper_1rjym_13 flex w-fit flex-col-reverse\" tabindex=\"-1\">\n<table class=\"w-fit min-w-(--thread-content-width)\" data-start=\"5042\" data-end=\"5582\">\n<thead data-start=\"5042\" data-end=\"5068\">\n<tr data-start=\"5042\" data-end=\"5068\">\n<th data-start=\"5042\" data-end=\"5052\" data-col-size=\"sm\">S\u00e4rdrag<\/th>\n<th data-start=\"5052\" data-end=\"5068\" data-col-size=\"md\">Beskrivning<\/th>\n<\/tr>\n<\/thead>\n<tbody data-start=\"5097\" data-end=\"5582\">\n<tr data-start=\"5097\" data-end=\"5128\">\n<td data-start=\"5097\" data-end=\"5115\" data-col-size=\"sm\"><strong data-start=\"5099\" data-end=\"5114\">Produktnamn<\/strong><\/td>\n<td data-start=\"5115\" data-end=\"5128\" data-col-size=\"md\">Fluorblandning<\/td>\n<\/tr>\n<tr data-start=\"5129\" data-end=\"5167\">\n<td data-start=\"5129\" data-end=\"5147\" data-col-size=\"sm\"><strong data-start=\"5131\" data-end=\"5146\">Kvantitet<\/strong><\/td>\n<td data-start=\"5147\" data-end=\"5167\" data-col-size=\"md\">1 gram per p\u00e5se<\/td>\n<\/tr>\n<tr data-start=\"5168\" data-end=\"5206\">\n<td data-start=\"5168\" data-end=\"5179\" data-col-size=\"sm\"><strong data-start=\"5170\" data-end=\"5178\">Form<\/strong><\/td>\n<td data-start=\"5179\" data-end=\"5206\" data-col-size=\"md\">Fint kristallint pulver<\/td>\n<\/tr>\n<tr data-start=\"5207\" data-end=\"5260\">\n<td data-start=\"5207\" data-end=\"5224\" data-col-size=\"sm\"><strong data-start=\"5209\" data-end=\"5223\">Renhet<\/strong><\/td>\n<td data-start=\"5224\" data-end=\"5260\" data-col-size=\"md\">\u2265 98% (testad med HPLC och GC\/MS)<\/td>\n<\/tr>\n<tr data-start=\"5261\" data-end=\"5346\">\n<td data-start=\"5261\" data-end=\"5281\" data-col-size=\"sm\"><strong data-start=\"5263\" data-end=\"5280\">F\u00f6rening<\/strong><\/td>\n<td data-start=\"5281\" data-end=\"5346\" data-col-size=\"md\">Blandning av fluorerade forsknings\u00e4mnen (batchberoende)<\/td>\n<\/tr>\n<tr data-start=\"5347\" data-end=\"5423\">\n<td data-start=\"5347\" data-end=\"5368\" data-col-size=\"sm\"><strong data-start=\"5349\" data-end=\"5367\">Kemisk typ<\/strong><\/td>\n<td data-start=\"5368\" data-end=\"5423\" data-col-size=\"md\">Fluorerade analoger \/ analytisk standardblandning<\/td>\n<\/tr>\n<tr data-start=\"5424\" data-end=\"5498\">\n<td data-start=\"5424\" data-end=\"5438\" data-col-size=\"sm\"><strong data-start=\"5426\" data-end=\"5437\">Anv\u00e4ndande<\/strong><\/td>\n<td data-start=\"5438\" data-end=\"5498\" data-col-size=\"md\">Endast f\u00f6r analytisk, forensisk och kemisk forskning<\/td>\n<\/tr>\n<tr data-start=\"5499\" data-end=\"5582\">\n<td data-start=\"5499\" data-end=\"5516\" data-col-size=\"sm\"><strong data-start=\"5501\" data-end=\"5515\">F\u00f6rpackning<\/strong><\/td>\n<td data-start=\"5516\" data-end=\"5582\" data-col-size=\"md\">\u00c5terf\u00f6rslutningsbar, antistatisk och fuktbest\u00e4ndig laboratoriep\u00e5se<\/td>\n<\/tr>\n<\/tbody>\n<\/table>\n<\/div>\n<\/div>\n<hr data-start=\"5584\" data-end=\"5587\" \/>\n<h3 data-start=\"5589\" data-end=\"5606\"><strong data-start=\"5593\" data-end=\"5606\">F\u00f6rdelar<\/strong><\/h3>\n<ul data-start=\"5608\" data-end=\"6045\">\n<li data-start=\"5608\" data-end=\"5688\">\n<p data-start=\"5610\" data-end=\"5688\"><strong data-start=\"5610\" data-end=\"5629\">H\u00f6g renhet<\/strong> \u2013 \u2265 98% laboratoriekvalitet f\u00f6r tillf\u00f6rlitliga analyser.<\/p>\n<\/li>\n<li data-start=\"5689\" data-end=\"5779\">\n<p data-start=\"5691\" data-end=\"5779\"><strong data-start=\"5691\" data-end=\"5716\">Fluorinneh\u00e5llande formel<\/strong> \u2013 Inneh\u00e5ller noggrant utvalda analoger f\u00f6r j\u00e4mf\u00f6relse.<\/p>\n<\/li>\n<li data-start=\"5780\" data-end=\"5875\">\n<p data-start=\"5782\" data-end=\"5875\"><strong data-start=\"5782\" data-end=\"5812\">Bredt till\u00e4mplig forskning<\/strong> \u2013 L\u00e4mplig f\u00f6r kromatografiska och spektroskopiska tester.<\/p>\n<\/li>\n<li data-start=\"5876\" data-end=\"5968\">\n<p data-start=\"5878\" data-end=\"5968\"><strong data-start=\"5878\" data-end=\"5906\">Kontrollerad produktion<\/strong> \u2013 Varje sats tillverkas under laboratorief\u00f6rh\u00e5llanden.<\/p>\n<\/li>\n<li data-start=\"5969\" data-end=\"6045\">\n<p data-start=\"5971\" data-end=\"6045\"><strong data-start=\"5971\" data-end=\"5993\">L\u00e5ng h\u00e5llbarhet<\/strong> \u2013 F\u00f6rpackningen skyddar mot fukt och nedbrytning.<\/p>\n<\/li>\n<\/ul>\n<hr data-start=\"6047\" data-end=\"6050\" \/>\n<h3 data-start=\"6052\" data-end=\"6104\"><strong data-start=\"6056\" data-end=\"6102\">Anv\u00e4ndning (endast f\u00f6r forsknings\u00e4ndam\u00e5l)<\/strong><\/h3>\n<ol data-start=\"6106\" data-end=\"6508\">\n<li data-start=\"6106\" data-end=\"6212\">\n<p data-start=\"6109\" data-end=\"6212\"><strong data-start=\"6109\" data-end=\"6124\">Hantering:<\/strong> Anv\u00e4nd handskar, skyddsglas\u00f6gon och laboratorierock; arbeta i en kontrollerad milj\u00f6.<\/p>\n<\/li>\n<li data-start=\"6213\" data-end=\"6288\">\n<p data-start=\"6216\" data-end=\"6288\"><strong data-start=\"6216\" data-end=\"6229\">M\u00e5tt:<\/strong> Anv\u00e4nd kalibrerade laboratoriev\u00e5gar och instrument.<\/p>\n<\/li>\n<li data-start=\"6289\" data-end=\"6367\">\n<p data-start=\"6292\" data-end=\"6367\"><strong data-start=\"6292\" data-end=\"6303\">Lagring:<\/strong> F\u00f6rvara svalt (2\u20138 \u00b0C), torrt och m\u00f6rkt i originalf\u00f6rpackningen.<\/p>\n<\/li>\n<li data-start=\"6368\" data-end=\"6432\">\n<p data-start=\"6371\" data-end=\"6432\"><strong data-start=\"6371\" data-end=\"6383\">Analys:<\/strong> L\u00e4mplig f\u00f6r GC\/MS, LC-MS, HPLC, FTIR och NMR. 4 fma<\/p>\n<\/li>\n<li data-start=\"6433\" data-end=\"6508\">\n<p data-start=\"6436\" data-end=\"6508\"><strong data-start=\"6436\" data-end=\"6453\">Dokumentation:<\/strong> Registrera batchnummer och testresultat f\u00f6r att s\u00e4kerst\u00e4lla \u00f6verensst\u00e4mmelse.<\/p>\n<\/li>\n<\/ol>\n<hr data-start=\"6510\" data-end=\"6513\" \/>\n<h3 data-start=\"6515\" data-end=\"6550\"><strong data-start=\"6519\" data-end=\"6548\">Vanliga fr\u00e5gor (FAQ)<\/strong><\/h3>\n<p data-start=\"6552\" data-end=\"6689\"><strong data-start=\"6552\" data-end=\"6576\">1. Vad \u00e4r Fluor Mix?<\/strong><br data-start=\"6576\" data-end=\"6579\" \/><strong data-start=\"6579\" data-end=\"6592\">Fluorblandning<\/strong> \u00e4r en <strong data-start=\"6600\" data-end=\"6646\">blandning av fluorerade forsknings\u00e4mnen<\/strong> f\u00f6r analytisk och forensisk forskning.<\/p>\n<p data-start=\"6691\" data-end=\"6829\"><strong data-start=\"6691\" data-end=\"6737\">2. Vad finns i Fluor Mix-p\u00e5sen (1 g)?<\/strong><br data-start=\"6737\" data-end=\"6740\" \/>V\u00e4skan inneh\u00e5ller <strong data-start=\"6756\" data-end=\"6812\">1 gram fluorerade f\u00f6reningar med h\u00f6g renhet (\u2265 98%)<\/strong> i pulverform.<\/p>\n<p data-start=\"6831\" data-end=\"7016\"><strong data-start=\"6831\" data-end=\"6874\">3. \u00c4r det lagligt att k\u00f6pa Fluor Mix?<\/strong><br data-start=\"6874\" data-end=\"6877\" \/>De <strong data-start=\"6880\" data-end=\"6908\">Fluormixens laglighet<\/strong> varierar beroende p\u00e5 land och sammans\u00e4ttning. Kontrollera alltid lokala f\u00f6reskrifter f\u00f6re anv\u00e4ndning <strong data-start=\"6994\" data-end=\"7013\">Fluor Mix k\u00f6per<\/strong>.<\/p>","protected":false},"excerpt":{"rendered":"<h2><strong><span dir=\"auto\" style=\"vertical-align: inherit;\"><span dir=\"auto\" style=\"vertical-align: inherit;\">Fluorblandning (4-FMA, 2-FMA, 2-FA) p\u00e5se med 1 gram<\/span><\/span><\/strong><\/h2>","protected":false},"featured_media":21609,"comment_status":"closed","ping_status":"closed","template":"","meta":[],"product_brand":[],"product_cat":[555],"product_tag":[629,644,326],"class_list":{"0":"post-24490","1":"product","2":"type-product","3":"status-publish","4":"has-post-thumbnail","6":"product_cat-b2b","7":"product_tag-4-fma-kopen","8":"product_tag-4-fma","9":"product_tag-nl","11":"first","12":"instock","13":"taxable","14":"shipping-taxable","15":"purchasable","16":"product-type-variable"},"_links":{"self":[{"href":"https:\/\/onderzoekschemicals.com\/sv\/wp-json\/wp\/v2\/product\/24490","targetHints":{"allow":["GET"]}}],"collection":[{"href":"https:\/\/onderzoekschemicals.com\/sv\/wp-json\/wp\/v2\/product"}],"about":[{"href":"https:\/\/onderzoekschemicals.com\/sv\/wp-json\/wp\/v2\/types\/product"}],"replies":[{"embeddable":true,"href":"https:\/\/onderzoekschemicals.com\/sv\/wp-json\/wp\/v2\/comments?post=24490"}],"version-history":[{"count":5,"href":"https:\/\/onderzoekschemicals.com\/sv\/wp-json\/wp\/v2\/product\/24490\/revisions"}],"predecessor-version":[{"id":27781,"href":"https:\/\/onderzoekschemicals.com\/sv\/wp-json\/wp\/v2\/product\/24490\/revisions\/27781"}],"wp:featuredmedia":[{"embeddable":true,"href":"https:\/\/onderzoekschemicals.com\/sv\/wp-json\/wp\/v2\/media\/21609"}],"wp:attachment":[{"href":"https:\/\/onderzoekschemicals.com\/sv\/wp-json\/wp\/v2\/media?parent=24490"}],"wp:term":[{"taxonomy":"product_brand","embeddable":true,"href":"https:\/\/onderzoekschemicals.com\/sv\/wp-json\/wp\/v2\/product_brand?post=24490"},{"taxonomy":"product_cat","embeddable":true,"href":"https:\/\/onderzoekschemicals.com\/sv\/wp-json\/wp\/v2\/product_cat?post=24490"},{"taxonomy":"product_tag","embeddable":true,"href":"https:\/\/onderzoekschemicals.com\/sv\/wp-json\/wp\/v2\/product_tag?post=24490"}],"curies":[{"name":"wp","href":"https:\/\/api.w.org\/{rel}","templated":true}]}}