{"id":24439,"date":"2025-10-20T17:41:44","date_gmt":"2025-10-20T17:41:44","guid":{"rendered":"https:\/\/onderzoekschemicals.com\/?post_type=product&#038;p=24439"},"modified":"2025-10-21T16:15:03","modified_gmt":"2025-10-21T16:15:03","slug":"1p-kop-lsd-2","status":"publish","type":"product","link":"https:\/\/onderzoekschemicals.com\/sv\/handla\/foretag-till-foretag\/1p-kop-lsd-2\/","title":{"rendered":"1P-LSD-p\u00e5se 1 l\u00e4skpapper"},"content":{"rendered":"<h3 data-start=\"4209\" data-end=\"4230\"><strong data-start=\"4213\" data-end=\"4228\">Introduktion<\/strong><\/h3>\n<p data-start=\"4231\" data-end=\"4639\"><strong data-start=\"4231\" data-end=\"4259\">1P-LSD-p\u00e5se (1 l\u00e4skpapper)<\/strong> inneh\u00e5ller <strong data-start=\"4266\" data-end=\"4302\">en exakt v\u00e4gd l\u00e4skpapper<\/strong> impregnerad med <strong data-start=\"4321\" data-end=\"4371\">1P-LSD (1-Propionyl-lysergsyradietylamid)<\/strong> - En <strong data-start=\"4378\" data-end=\"4404\">lysergamf\u00f6rening<\/strong> vilket \u00e4r strukturellt relaterat till <strong data-start=\"4436\" data-end=\"4446\">LSD-25<\/strong>. 1p k\u00f6p lsd<br data-start=\"4447\" data-end=\"4450\" \/>Inuti <strong data-start=\"4457\" data-end=\"4498\">analytisk och neurokemisk forskning<\/strong> 1P-LSD anv\u00e4nds som <strong data-start=\"4525\" data-end=\"4543\">referenssubstans<\/strong> i studier om <strong data-start=\"4561\" data-end=\"4580\">receptorbindning<\/strong>, <strong data-start=\"4582\" data-end=\"4597\">metabolism<\/strong> och <strong data-start=\"4601\" data-end=\"4636\">kromatografisk identifiering<\/strong>.<\/p>\n<p data-start=\"4641\" data-end=\"4856\">Varje l\u00e4skpapper produceras under <strong data-start=\"4679\" data-end=\"4724\">kontrollerade laboratorief\u00f6rh\u00e5llanden<\/strong>, omedelbart <strong data-start=\"4734\" data-end=\"4758\">renhet \u2265 98%<\/strong>, bekr\u00e4ftad av <strong data-start=\"4775\" data-end=\"4799\">HPLC- och NMR-analys<\/strong>, och f\u00f6rpackad i en <strong data-start=\"4819\" data-end=\"4853\">ljus- och fuktt\u00e5lig v\u00e4ska<\/strong>.<\/p>\n<blockquote data-start=\"4858\" data-end=\"4999\">\n<p data-start=\"4860\" data-end=\"4999\">\u26a0\ufe0f <strong data-start=\"4863\" data-end=\"4874\">OBS:<\/strong> 1P-LSD \u00e4r endast avsedd f\u00f6r <strong data-start=\"4910\" data-end=\"4945\">forskning och analytisk anv\u00e4ndning<\/strong> \u2014 <strong data-start=\"4948\" data-end=\"4996\">inte f\u00f6r m\u00e4nsklig eller djurkonsumtion<\/strong>.<\/p>\n<\/blockquote>\n<hr data-start=\"5001\" data-end=\"5004\" \/>\n<h3 data-start=\"5006\" data-end=\"5037\"><strong data-start=\"5010\" data-end=\"5037\">Viktiga funktioner<\/strong><\/h3>\n<div class=\"_tableContainer_1rjym_1\">\n<div class=\"group _tableWrapper_1rjym_13 flex w-fit flex-col-reverse\" tabindex=\"-1\">\n<table class=\"w-fit min-w-(--thread-content-width)\" data-start=\"5039\" data-end=\"5602\">\n<thead data-start=\"5039\" data-end=\"5065\">\n<tr data-start=\"5039\" data-end=\"5065\">\n<th data-start=\"5039\" data-end=\"5049\" data-col-size=\"sm\">S\u00e4rdrag<\/th>\n<th data-start=\"5049\" data-end=\"5065\" data-col-size=\"md\">Beskrivning<\/th>\n<\/tr>\n<\/thead>\n<tbody data-start=\"5094\" data-end=\"5602\">\n<tr data-start=\"5094\" data-end=\"5156\">\n<td data-start=\"5094\" data-end=\"5115\" data-col-size=\"sm\"><strong data-start=\"5096\" data-end=\"5114\">Kemiskt namn<\/strong><\/td>\n<td data-start=\"5115\" data-end=\"5156\" data-col-size=\"md\">1-Propionyl-lysergsyradietylamid<\/td>\n<\/tr>\n<tr data-start=\"5157\" data-end=\"5192\">\n<td data-start=\"5157\" data-end=\"5182\" data-col-size=\"sm\"><strong data-start=\"5159\" data-end=\"5181\">Vanligt namn<\/strong><\/td>\n<td data-start=\"5182\" data-end=\"5192\" data-col-size=\"md\">1P-LSD<\/td>\n<\/tr>\n<tr data-start=\"5193\" data-end=\"5231\">\n<td data-start=\"5193\" data-end=\"5217\" data-col-size=\"sm\"><strong data-start=\"5195\" data-end=\"5216\">Kemisk formel<\/strong><\/td>\n<td data-start=\"5217\" data-end=\"5231\" data-col-size=\"md\">C\u2082\u2083H\u2082\u2089N\u2083O\u2082<\/td>\n<\/tr>\n<tr data-start=\"5232\" data-end=\"5270\">\n<td data-start=\"5232\" data-end=\"5254\" data-col-size=\"sm\"><strong data-start=\"5234\" data-end=\"5253\">Molekylvikt<\/strong><\/td>\n<td data-start=\"5254\" data-end=\"5270\" data-col-size=\"md\">379,50 g\/mol<\/td>\n<\/tr>\n<tr data-start=\"5271\" data-end=\"5302\">\n<td data-start=\"5271\" data-end=\"5282\" data-col-size=\"sm\"><strong data-start=\"5273\" data-end=\"5281\">Form<\/strong><\/td>\n<td data-start=\"5282\" data-end=\"5302\" data-col-size=\"md\">L\u00e4skpapper (1 styck)<\/td>\n<\/tr>\n<tr data-start=\"5303\" data-end=\"5347\">\n<td data-start=\"5303\" data-end=\"5318\" data-col-size=\"sm\"><strong data-start=\"5305\" data-end=\"5317\">Dosering<\/strong><\/td>\n<td data-start=\"5318\" data-end=\"5347\" data-col-size=\"md\">1 l\u00e4skpapper (vanligtvis 100 \u00b5g)<\/td>\n<\/tr>\n<tr data-start=\"5348\" data-end=\"5399\">\n<td data-start=\"5348\" data-end=\"5365\" data-col-size=\"sm\"><strong data-start=\"5350\" data-end=\"5364\">Renhet<\/strong><\/td>\n<td data-start=\"5365\" data-end=\"5399\" data-col-size=\"md\">\u2265 98% (testad med HPLC och NMR)<\/td>\n<\/tr>\n<tr data-start=\"5400\" data-end=\"5458\">\n<td data-start=\"5400\" data-end=\"5423\" data-col-size=\"sm\"><strong data-start=\"5402\" data-end=\"5422\">Kemisk klass<\/strong><\/td>\n<td data-start=\"5423\" data-end=\"5458\" data-col-size=\"md\">Lysergamid\/ergolinderivat<\/td>\n<\/tr>\n<tr data-start=\"5459\" data-end=\"5538\">\n<td data-start=\"5459\" data-end=\"5473\" data-col-size=\"sm\"><strong data-start=\"5461\" data-end=\"5472\">Anv\u00e4ndande<\/strong><\/td>\n<td data-start=\"5473\" data-end=\"5538\" data-col-size=\"md\">Endast f\u00f6r analytisk, forensisk och neurokemisk forskning<\/td>\n<\/tr>\n<tr data-start=\"5539\" data-end=\"5602\">\n<td data-start=\"5539\" data-end=\"5556\" data-col-size=\"sm\"><strong data-start=\"5541\" data-end=\"5555\">F\u00f6rpackning<\/strong><\/td>\n<td data-start=\"5556\" data-end=\"5602\" data-col-size=\"md\">L\u00e4tt och fuktbest\u00e4ndig folief\u00f6rpackning<\/td>\n<\/tr>\n<\/tbody>\n<\/table>\n<\/div>\n<\/div>\n<hr data-start=\"5604\" data-end=\"5607\" \/>\n<h3 data-start=\"5609\" data-end=\"5626\"><strong data-start=\"5613\" data-end=\"5626\">F\u00f6rdelar<\/strong><\/h3>\n<ul data-start=\"5628\" data-end=\"6044\">\n<li data-start=\"5628\" data-end=\"5720\">\n<p data-start=\"5630\" data-end=\"5720\"><strong data-start=\"5630\" data-end=\"5649\">H\u00f6g renhet<\/strong> \u2013 \u2265 98% laboratoriekvalitet f\u00f6r tillf\u00f6rlitliga forskningsresultat.<\/p>\n<\/li>\n<li data-start=\"5721\" data-end=\"5794\">\n<p data-start=\"5723\" data-end=\"5794\"><strong data-start=\"5723\" data-end=\"5747\">Noggrann dosering<\/strong> \u2013 Varje l\u00e4skpapper inneh\u00e5ller exakt uppm\u00e4tt 1P-LSD.<\/p>\n<\/li>\n<li data-start=\"5795\" data-end=\"5880\">\n<p data-start=\"5797\" data-end=\"5880\"><strong data-start=\"5797\" data-end=\"5822\">Skyddande f\u00f6rpackning<\/strong> \u2013 Ljusbest\u00e4ndig och fuktbest\u00e4ndig f\u00f6r l\u00e5ng h\u00e5llbarhet.<\/p>\n<\/li>\n<li data-start=\"5881\" data-end=\"5965\">\n<p data-start=\"5883\" data-end=\"5965\"><strong data-start=\"5883\" data-end=\"5907\">Fullt sp\u00e5rbar<\/strong> \u2013 Produktion under kontrollerade laboratorief\u00f6rh\u00e5llanden.<\/p>\n<\/li>\n<li data-start=\"5966\" data-end=\"6044\">\n<p data-start=\"5968\" data-end=\"6044\"><strong data-start=\"5968\" data-end=\"5998\">Bredt till\u00e4mplig forskning<\/strong> L\u00e4mplig f\u00f6r GC\/MS, LC-MS, FTIR och HPLC. K\u00f6p 1p LSD<\/p>\n<\/li>\n<\/ul>\n<hr data-start=\"6046\" data-end=\"6049\" \/>\n<h3 data-start=\"6051\" data-end=\"6103\"><strong data-start=\"6055\" data-end=\"6101\">Anv\u00e4ndning (endast f\u00f6r forsknings\u00e4ndam\u00e5l)<\/strong><\/h3>\n<ol data-start=\"6105\" data-end=\"6490\">\n<li data-start=\"6105\" data-end=\"6198\">\n<p data-start=\"6108\" data-end=\"6198\"><strong data-start=\"6108\" data-end=\"6123\">Hantering:<\/strong> Anv\u00e4nd handskar, skyddsglas\u00f6gon och laboratorierock; undvik direktkontakt.<\/p>\n<\/li>\n<li data-start=\"6199\" data-end=\"6274\">\n<p data-start=\"6202\" data-end=\"6274\"><strong data-start=\"6202\" data-end=\"6215\">M\u00e5tt:<\/strong> Registrera dosering, batchnummer och renhet f\u00f6r analys.<\/p>\n<\/li>\n<li data-start=\"6275\" data-end=\"6329\">\n<p data-start=\"6278\" data-end=\"6329\"><strong data-start=\"6278\" data-end=\"6289\">Lagring:<\/strong> F\u00f6rvara svalt (2\u20138 \u00b0C), torrt och m\u00f6rkt.<\/p>\n<\/li>\n<li data-start=\"6330\" data-end=\"6413\">\n<p data-start=\"6333\" data-end=\"6413\"><strong data-start=\"6333\" data-end=\"6345\">Analys:<\/strong> L\u00e4mplig f\u00f6r kromatografi, spektroskopi och receptorforskning.<\/p>\n<\/li>\n<li data-start=\"6414\" data-end=\"6490\">\n<p data-start=\"6417\" data-end=\"6490\"><strong data-start=\"6417\" data-end=\"6434\">Dokumentation:<\/strong> Registrera forskningsresultat f\u00f6r repeterbarhet.<\/p>\n<\/li>\n<\/ol>\n<hr data-start=\"6492\" data-end=\"6495\" \/>\n<h3 data-start=\"6497\" data-end=\"6532\"><strong data-start=\"6501\" data-end=\"6530\">Vanliga fr\u00e5gor (FAQ)<\/strong><\/h3>\n<p data-start=\"6534\" data-end=\"6725\"><strong data-start=\"6534\" data-end=\"6555\">1. Vad \u00e4r 1P-LSD?<\/strong><br data-start=\"6555\" data-end=\"6558\" \/><strong data-start=\"6558\" data-end=\"6568\">1P-LSD<\/strong> \u00e4r en <strong data-start=\"6576\" data-end=\"6602\">lysergamf\u00f6rening<\/strong> vilket \u00e4r strukturellt besl\u00e4ktat med LSD-25 och anv\u00e4nds f\u00f6r forskning om receptorbindning och neurokemiska processer.<\/p>\n<p data-start=\"6727\" data-end=\"6884\"><strong data-start=\"6727\" data-end=\"6777\">2. Vad finns i 1P-LSD-p\u00e5sen (1 l\u00e4skpapper)?<\/strong><br data-start=\"6777\" data-end=\"6780\" \/>V\u00e4skan inneh\u00e5ller <strong data-start=\"6796\" data-end=\"6841\">en l\u00e4skpapper med 1P-LSD (\u2265 98% renhet)<\/strong> f\u00f6r analytisk och forensisk forskning.<\/p>\n<p data-start=\"6886\" data-end=\"7100\"><strong data-start=\"6886\" data-end=\"6926\">3. \u00c4r det lagligt att k\u00f6pa 1P-LSD?<\/strong><br data-start=\"6926\" data-end=\"6929\" \/>De <strong data-start=\"6932\" data-end=\"6957\">lagligheten av 1P-LSD<\/strong> varierar beroende p\u00e5 land. I vissa l\u00e4nder anses det vara ett kontrollerat \u00e4mne. Kontrollera alltid lokala f\u00f6reskrifter innan anv\u00e4ndning <strong data-start=\"7081\" data-end=\"7097\">K\u00f6p 1P-LSD<\/strong>.<\/p>\n<div class=\"markdown-table-wrapper\"><\/div>","protected":false},"excerpt":{"rendered":"<h2><strong><span dir=\"auto\" style=\"vertical-align: inherit;\"><span dir=\"auto\" style=\"vertical-align: inherit;\">1P-LSD-p\u00e5se med 1 l\u00e4skpapper<\/span><\/span><\/strong><\/h2>\n<ul>\n<li><strong><span dir=\"auto\" style=\"vertical-align: inherit;\"><span dir=\"auto\" style=\"vertical-align: inherit;\">Detaljhandelsf\u00f6rpackningar<\/span><\/span><br \/>\n<\/strong><\/li>\n<li><strong><span dir=\"auto\" style=\"vertical-align: inherit;\"><span dir=\"auto\" style=\"vertical-align: inherit;\">Antal l\u00e4skpapper per p\u00e5se: 1<\/span><\/span><\/strong><\/li>\n<li><strong><span dir=\"auto\" style=\"vertical-align: inherit;\"><span dir=\"auto\" style=\"vertical-align: inherit;\">Priserna \u00e4r exklusive moms 21%<\/span><\/span><\/strong><\/li>\n<li><strong><span dir=\"auto\" style=\"vertical-align: inherit;\"><span dir=\"auto\" style=\"vertical-align: inherit;\">Rekommenderat pris: 10,00 \u20ac inkl. moms<\/span><\/span><\/strong><\/li>\n<\/ul>","protected":false},"featured_media":21565,"comment_status":"closed","ping_status":"closed","template":"","meta":[],"product_brand":[],"product_cat":[555],"product_tag":[929,926,590,326],"class_list":{"0":"post-24439","1":"product","2":"type-product","3":"status-publish","4":"has-post-thumbnail","6":"product_cat-b2b","7":"product_tag-1p-lsd","8":"product_tag-1p-lsd-kopen","9":"product_tag-microdose-1p-lsd","10":"product_tag-nl","12":"first","13":"instock","14":"taxable","15":"shipping-taxable","16":"purchasable","17":"product-type-variable"},"_links":{"self":[{"href":"https:\/\/onderzoekschemicals.com\/sv\/wp-json\/wp\/v2\/product\/24439","targetHints":{"allow":["GET"]}}],"collection":[{"href":"https:\/\/onderzoekschemicals.com\/sv\/wp-json\/wp\/v2\/product"}],"about":[{"href":"https:\/\/onderzoekschemicals.com\/sv\/wp-json\/wp\/v2\/types\/product"}],"replies":[{"embeddable":true,"href":"https:\/\/onderzoekschemicals.com\/sv\/wp-json\/wp\/v2\/comments?post=24439"}],"version-history":[{"count":5,"href":"https:\/\/onderzoekschemicals.com\/sv\/wp-json\/wp\/v2\/product\/24439\/revisions"}],"predecessor-version":[{"id":27790,"href":"https:\/\/onderzoekschemicals.com\/sv\/wp-json\/wp\/v2\/product\/24439\/revisions\/27790"}],"wp:featuredmedia":[{"embeddable":true,"href":"https:\/\/onderzoekschemicals.com\/sv\/wp-json\/wp\/v2\/media\/21565"}],"wp:attachment":[{"href":"https:\/\/onderzoekschemicals.com\/sv\/wp-json\/wp\/v2\/media?parent=24439"}],"wp:term":[{"taxonomy":"product_brand","embeddable":true,"href":"https:\/\/onderzoekschemicals.com\/sv\/wp-json\/wp\/v2\/product_brand?post=24439"},{"taxonomy":"product_cat","embeddable":true,"href":"https:\/\/onderzoekschemicals.com\/sv\/wp-json\/wp\/v2\/product_cat?post=24439"},{"taxonomy":"product_tag","embeddable":true,"href":"https:\/\/onderzoekschemicals.com\/sv\/wp-json\/wp\/v2\/product_tag?post=24439"}],"curies":[{"name":"wp","href":"https:\/\/api.w.org\/{rel}","templated":true}]}}