{"id":24409,"date":"2025-04-13T17:41:40","date_gmt":"2025-04-13T17:41:40","guid":{"rendered":"https:\/\/onderzoekschemicals.com\/?post_type=product&#038;p=24409"},"modified":"2025-11-28T06:44:14","modified_gmt":"2025-11-28T06:44:14","slug":"3-me-pce-hcl","status":"publish","type":"product","link":"https:\/\/onderzoekschemicals.com\/sv\/shop\/3-me-pce\/3-me-pce-hcl\/","title":{"rendered":"3-Me-PCE HCl (3-metyleticyklidin)"},"content":{"rendered":"<h3 data-start=\"4151\" data-end=\"4172\"><strong data-start=\"4155\" data-end=\"4170\"><span dir=\"auto\" style=\"vertical-align: inherit;\"><span dir=\"auto\" style=\"vertical-align: inherit;\">Introduktion<\/span><\/span><\/strong><\/h3>\n<p data-start=\"4173\" data-end=\"4576\"><strong data-start=\"4173\" data-end=\"4213\"><span dir=\"auto\" style=\"vertical-align: inherit;\"><span dir=\"auto\" style=\"vertical-align: inherit;\">3-Me-PCE HCl (3-metyleticyklidin)<\/span><\/span><\/strong><span dir=\"auto\" style=\"vertical-align: inherit;\"><span dir=\"auto\" style=\"vertical-align: inherit;\"> \u00e4r en <\/span><\/span><strong data-start=\"4221\" data-end=\"4268\"><span dir=\"auto\" style=\"vertical-align: inherit;\"><span dir=\"auto\" style=\"vertical-align: inherit;\">dissociative arylcyclohexylamine compound<\/span><\/span><\/strong><span dir=\"auto\" style=\"vertical-align: inherit;\"><span dir=\"auto\" style=\"vertical-align: inherit;\"> and a <\/span><\/span><strong data-start=\"4276\" data-end=\"4322\"><span dir=\"auto\" style=\"vertical-align: inherit;\"><span dir=\"auto\" style=\"vertical-align: inherit;\">structural analog of PCE (Eticyclidine)<\/span><\/span><\/strong><span dir=\"auto\" style=\"vertical-align: inherit;\"><span dir=\"auto\" style=\"vertical-align: inherit;\"> och <\/span><\/span><strong data-start=\"4326\" data-end=\"4363\"><span dir=\"auto\" style=\"vertical-align: inherit;\"><span dir=\"auto\" style=\"vertical-align: inherit;\">3-MeO-PCE (3-metoxieticyklidin)<\/span><\/span><\/strong><span dir=\"auto\" style=\"vertical-align: inherit;\"><span dir=\"auto\" style=\"vertical-align: inherit;\"> 3-bitars <\/span><\/span><br data-start=\"4364\" data-end=\"4367\" \/><span dir=\"auto\" style=\"vertical-align: inherit;\"><span dir=\"auto\" style=\"vertical-align: inherit;\">It is used in <\/span><\/span><strong data-start=\"4389\" data-end=\"4442\"><span dir=\"auto\" style=\"vertical-align: inherit;\"><span dir=\"auto\" style=\"vertical-align: inherit;\">analytical, forensic, and neurochemical research<\/span><\/span><\/strong><span dir=\"auto\" style=\"vertical-align: inherit;\"><span dir=\"auto\" style=\"vertical-align: inherit;\"> till <\/span><span dir=\"auto\" style=\"vertical-align: inherit;\">studera <\/span><\/span><strong data-start=\"4446\" data-end=\"4474\"><span dir=\"auto\" style=\"vertical-align: inherit;\"><span dir=\"auto\" style=\"vertical-align: inherit;\">NMDA receptor antagonism<\/span><\/span><\/strong><span dir=\"auto\" style=\"vertical-align: inherit;\"><span dir=\"auto\" style=\"vertical-align: inherit;\"> , <\/span><\/span><strong data-start=\"4476\" data-end=\"4518\"><span dir=\"auto\" style=\"vertical-align: inherit;\"><span dir=\"auto\" style=\"vertical-align: inherit;\">struktur-aktivitetssamband (SAR)<\/span><\/span><\/strong><span dir=\"auto\" style=\"vertical-align: inherit;\"><span dir=\"auto\" style=\"vertical-align: inherit;\"> och <\/span><\/span><strong data-start=\"4522\" data-end=\"4559\"><span dir=\"auto\" style=\"vertical-align: inherit;\"><span dir=\"auto\" style=\"vertical-align: inherit;\">pharmacological binding profiles .<\/span><\/span><\/strong><\/p>\n<p data-start=\"4578\" data-end=\"4811\"><span dir=\"auto\" style=\"vertical-align: inherit;\"><span dir=\"auto\" style=\"vertical-align: inherit;\">Produkten levereras som en <\/span><\/span><strong data-start=\"4613\" data-end=\"4665\"><span dir=\"auto\" style=\"vertical-align: inherit;\"><span dir=\"auto\" style=\"vertical-align: inherit;\">high-purity crystalline hydrochloride salt (\u2265 98%)<\/span><\/span><\/strong><span dir=\"auto\" style=\"vertical-align: inherit;\"><span dir=\"auto\" style=\"vertical-align: inherit;\"> , produced under <\/span><\/span><strong data-start=\"4686\" data-end=\"4726\"><span dir=\"auto\" style=\"vertical-align: inherit;\"><span dir=\"auto\" style=\"vertical-align: inherit;\">controlled laboratory conditions<\/span><\/span><\/strong><span dir=\"auto\" style=\"vertical-align: inherit;\"><span dir=\"auto\" style=\"vertical-align: inherit;\"> Idealisk f\u00f6r <\/span><\/span><strong data-start=\"4740\" data-end=\"4773\"><span dir=\"auto\" style=\"vertical-align: inherit;\"><span dir=\"auto\" style=\"vertical-align: inherit;\">chromatography, spectroscopy,<\/span><\/span><\/strong><span dir=\"auto\" style=\"vertical-align: inherit;\"><span dir=\"auto\" style=\"vertical-align: inherit;\"> and comparative chemical studies.<\/span><\/span><\/p>\n<blockquote data-start=\"4813\" data-end=\"4960\">\n<p data-start=\"4815\" data-end=\"4960\">\u26a0\ufe0f <strong data-start=\"4818\" data-end=\"4829\"><span dir=\"auto\" style=\"vertical-align: inherit;\"><span dir=\"auto\" style=\"vertical-align: inherit;\">F\u00f6rsiktighet:<\/span><\/span><\/strong><span dir=\"auto\" style=\"vertical-align: inherit;\"><span dir=\"auto\" style=\"vertical-align: inherit;\"> 3-Me-PCE HCl is intended for <\/span><\/span><strong data-start=\"4871\" data-end=\"4906\"><span dir=\"auto\" style=\"vertical-align: inherit;\"><span dir=\"auto\" style=\"vertical-align: inherit;\">forskning och analytisk anv\u00e4ndning<\/span><\/span><\/strong><span dir=\"auto\" style=\"vertical-align: inherit;\"><span dir=\"auto\" style=\"vertical-align: inherit;\"> bara \u2014 <\/span><\/span><strong data-start=\"4909\" data-end=\"4957\"><span dir=\"auto\" style=\"vertical-align: inherit;\"><span dir=\"auto\" style=\"vertical-align: inherit;\">inte f\u00f6r m\u00e4nsklig eller djurkonsumtion<\/span><\/span><\/strong><span dir=\"auto\" style=\"vertical-align: inherit;\"><span dir=\"auto\" style=\"vertical-align: inherit;\"> .<\/span><\/span><\/p>\n<\/blockquote>\n<hr data-start=\"4962\" data-end=\"4965\" \/>\n<h3 data-start=\"4967\" data-end=\"4998\"><strong data-start=\"4971\" data-end=\"4998\"><span dir=\"auto\" style=\"vertical-align: inherit;\"><span dir=\"auto\" style=\"vertical-align: inherit;\">Viktiga funktioner<\/span><\/span><\/strong><\/h3>\n<div class=\"_tableContainer_1rjym_1\">\n<div class=\"group _tableWrapper_1rjym_13 flex w-fit flex-col-reverse\" tabindex=\"-1\">\n<table class=\"w-fit min-w-(--thread-content-width)\" data-start=\"5000\" data-end=\"5576\">\n<thead data-start=\"5000\" data-end=\"5026\">\n<tr data-start=\"5000\" data-end=\"5026\">\n<th data-start=\"5000\" data-end=\"5010\" data-col-size=\"sm\"><span dir=\"auto\" style=\"vertical-align: inherit;\"><span dir=\"auto\" style=\"vertical-align: inherit;\">S\u00e4rdrag<\/span><\/span><\/th>\n<th data-start=\"5010\" data-end=\"5026\" data-col-size=\"md\"><span dir=\"auto\" style=\"vertical-align: inherit;\"><span dir=\"auto\" style=\"vertical-align: inherit;\">Beskrivning<\/span><\/span><\/th>\n<\/tr>\n<\/thead>\n<tbody data-start=\"5055\" data-end=\"5576\">\n<tr data-start=\"5055\" data-end=\"5115\">\n<td data-start=\"5055\" data-end=\"5076\" data-col-size=\"sm\"><strong data-start=\"5057\" data-end=\"5075\"><span dir=\"auto\" style=\"vertical-align: inherit;\"><span dir=\"auto\" style=\"vertical-align: inherit;\">Kemiskt namn<\/span><\/span><\/strong><\/td>\n<td data-start=\"5076\" data-end=\"5115\" data-col-size=\"md\"><span dir=\"auto\" style=\"vertical-align: inherit;\"><span dir=\"auto\" style=\"vertical-align: inherit;\">3-metyleticyklidinhydroklorid<\/span><\/span><\/td>\n<\/tr>\n<tr data-start=\"5116\" data-end=\"5157\">\n<td data-start=\"5116\" data-end=\"5141\" data-col-size=\"sm\"><strong data-start=\"5118\" data-end=\"5140\"><span dir=\"auto\" style=\"vertical-align: inherit;\"><span dir=\"auto\" style=\"vertical-align: inherit;\">Vanligt namn<\/span><\/span><\/strong><\/td>\n<td data-start=\"5141\" data-end=\"5157\" data-col-size=\"md\"><span dir=\"auto\" style=\"vertical-align: inherit;\"><span dir=\"auto\" style=\"vertical-align: inherit;\">3-Me-PCE HCl<\/span><\/span><\/td>\n<\/tr>\n<tr data-start=\"5158\" data-end=\"5197\">\n<td data-start=\"5158\" data-end=\"5182\" data-col-size=\"sm\"><strong data-start=\"5160\" data-end=\"5181\"><span dir=\"auto\" style=\"vertical-align: inherit;\"><span dir=\"auto\" style=\"vertical-align: inherit;\">Kemisk formel<\/span><\/span><\/strong><\/td>\n<td data-start=\"5182\" data-end=\"5197\" data-col-size=\"md\"><span dir=\"auto\" style=\"vertical-align: inherit;\"><span dir=\"auto\" style=\"vertical-align: inherit;\">C\u2081\u2084H\u2082\u2081N\u00b7HCl<\/span><\/span><\/td>\n<\/tr>\n<tr data-start=\"5198\" data-end=\"5236\">\n<td data-start=\"5198\" data-end=\"5220\" data-col-size=\"sm\"><strong data-start=\"5200\" data-end=\"5219\"><span dir=\"auto\" style=\"vertical-align: inherit;\"><span dir=\"auto\" style=\"vertical-align: inherit;\">Molekylvikt<\/span><\/span><\/strong><\/td>\n<td data-start=\"5220\" data-end=\"5236\" data-col-size=\"md\"><span dir=\"auto\" style=\"vertical-align: inherit;\"><span dir=\"auto\" style=\"vertical-align: inherit;\">239.79 g\/mol<\/span><\/span><\/td>\n<\/tr>\n<tr data-start=\"5237\" data-end=\"5272\">\n<td data-start=\"5237\" data-end=\"5248\" data-col-size=\"sm\"><strong data-start=\"5239\" data-end=\"5247\"><span dir=\"auto\" style=\"vertical-align: inherit;\"><span dir=\"auto\" style=\"vertical-align: inherit;\">Form<\/span><\/span><\/strong><\/td>\n<td data-start=\"5248\" data-end=\"5272\" data-col-size=\"md\"><span dir=\"auto\" style=\"vertical-align: inherit;\"><span dir=\"auto\" style=\"vertical-align: inherit;\">Kristallint HCl-salt<\/span><\/span><\/td>\n<\/tr>\n<tr data-start=\"5273\" data-end=\"5324\">\n<td data-start=\"5273\" data-end=\"5290\" data-col-size=\"sm\"><strong data-start=\"5275\" data-end=\"5289\"><span dir=\"auto\" style=\"vertical-align: inherit;\"><span dir=\"auto\" style=\"vertical-align: inherit;\">Renhet<\/span><\/span><\/strong><\/td>\n<td data-start=\"5290\" data-end=\"5324\" data-col-size=\"md\"><span dir=\"auto\" style=\"vertical-align: inherit;\"><span dir=\"auto\" style=\"vertical-align: inherit;\">\u2265 98% (testad med HPLC och NMR)<\/span><\/span><\/td>\n<\/tr>\n<tr data-start=\"5325\" data-end=\"5389\">\n<td data-start=\"5325\" data-end=\"5348\" data-col-size=\"sm\"><strong data-start=\"5327\" data-end=\"5347\"><span dir=\"auto\" style=\"vertical-align: inherit;\"><span dir=\"auto\" style=\"vertical-align: inherit;\">Kemisk klass<\/span><\/span><\/strong><\/td>\n<td data-start=\"5348\" data-end=\"5389\" data-col-size=\"md\"><span dir=\"auto\" style=\"vertical-align: inherit;\"><span dir=\"auto\" style=\"vertical-align: inherit;\">Arylcyclohexylamine\/NMDA antagonist<\/span><\/span><\/td>\n<\/tr>\n<tr data-start=\"5390\" data-end=\"5469\">\n<td data-start=\"5390\" data-end=\"5404\" data-col-size=\"sm\"><strong data-start=\"5392\" data-end=\"5403\"><span dir=\"auto\" style=\"vertical-align: inherit;\"><span dir=\"auto\" style=\"vertical-align: inherit;\">Anv\u00e4ndande<\/span><\/span><\/strong><\/td>\n<td data-start=\"5404\" data-end=\"5469\" data-col-size=\"md\"><span dir=\"auto\" style=\"vertical-align: inherit;\"><span dir=\"auto\" style=\"vertical-align: inherit;\">Endast f\u00f6r analytisk, forensisk och neurokemisk forskning<\/span><\/span><\/td>\n<\/tr>\n<tr data-start=\"5470\" data-end=\"5537\">\n<td data-start=\"5470\" data-end=\"5487\" data-col-size=\"sm\"><strong data-start=\"5472\" data-end=\"5486\"><span dir=\"auto\" style=\"vertical-align: inherit;\"><span dir=\"auto\" style=\"vertical-align: inherit;\">F\u00f6rpackning<\/span><\/span><\/strong><\/td>\n<td data-start=\"5487\" data-end=\"5537\" data-col-size=\"md\"><span dir=\"auto\" style=\"vertical-align: inherit;\"><span dir=\"auto\" style=\"vertical-align: inherit;\">\u00c5terf\u00f6rslutningsbar, fuktbest\u00e4ndig laboratoriep\u00e5se<\/span><\/span><\/td>\n<\/tr>\n<tr data-start=\"5538\" data-end=\"5576\">\n<td data-start=\"5538\" data-end=\"5556\" data-col-size=\"sm\"><strong data-start=\"5540\" data-end=\"5555\"><span dir=\"auto\" style=\"vertical-align: inherit;\"><span dir=\"auto\" style=\"vertical-align: inherit;\">Kvantitet<\/span><\/span><\/strong><\/td>\n<td data-start=\"5556\" data-end=\"5576\" data-col-size=\"md\"><span dir=\"auto\" style=\"vertical-align: inherit;\"><span dir=\"auto\" style=\"vertical-align: inherit;\">1 gram per p\u00e5se<\/span><\/span><\/td>\n<\/tr>\n<\/tbody>\n<\/table>\n<\/div>\n<\/div>\n<hr data-start=\"5578\" data-end=\"5581\" \/>\n<h3 data-start=\"5583\" data-end=\"5600\"><strong data-start=\"5587\" data-end=\"5600\"><span dir=\"auto\" style=\"vertical-align: inherit;\"><span dir=\"auto\" style=\"vertical-align: inherit;\">F\u00f6rdelar<\/span><\/span><\/strong><\/h3>\n<ul data-start=\"5602\" data-end=\"6001\">\n<li data-start=\"5602\" data-end=\"5694\">\n<p data-start=\"5604\" data-end=\"5694\"><strong data-start=\"5604\" data-end=\"5623\"><span dir=\"auto\" style=\"vertical-align: inherit;\"><span dir=\"auto\" style=\"vertical-align: inherit;\">H\u00f6g renhet<\/span><\/span><\/strong><span dir=\"auto\" style=\"vertical-align: inherit;\"><span dir=\"auto\" style=\"vertical-align: inherit;\"> \u2013 \u2265 98% laboratoriekvalitet f\u00f6r tillf\u00f6rlitliga forskningsresultat.<\/span><\/span><\/p>\n<\/li>\n<li data-start=\"5695\" data-end=\"5778\">\n<p data-start=\"5697\" data-end=\"5778\"><strong data-start=\"5697\" data-end=\"5718\"><span dir=\"auto\" style=\"vertical-align: inherit;\"><span dir=\"auto\" style=\"vertical-align: inherit;\">Stabil saltform<\/span><\/span><\/strong><span dir=\"auto\" style=\"vertical-align: inherit;\"><span dir=\"auto\" style=\"vertical-align: inherit;\"> \u2013 HCl form offers improved stability and solubility. 3-me-pce<\/span><\/span><\/p>\n<\/li>\n<li data-start=\"5779\" data-end=\"5847\">\n<p data-start=\"5781\" data-end=\"5847\"><strong data-start=\"5781\" data-end=\"5801\"><span dir=\"auto\" style=\"vertical-align: inherit;\"><span dir=\"auto\" style=\"vertical-align: inherit;\">Bred till\u00e4mpbarhet<\/span><\/span><\/strong><span dir=\"auto\" style=\"vertical-align: inherit;\"><span dir=\"auto\" style=\"vertical-align: inherit;\"> \u2013 Suitable for GC\/MS, LC-MS, FTIR and HPLC.<\/span><\/span><\/p>\n<\/li>\n<li data-start=\"5848\" data-end=\"5930\">\n<p data-start=\"5850\" data-end=\"5930\"><strong data-start=\"5850\" data-end=\"5875\"><span dir=\"auto\" style=\"vertical-align: inherit;\"><span dir=\"auto\" style=\"vertical-align: inherit;\">Traceable Quality<\/span><\/span><\/strong><span dir=\"auto\" style=\"vertical-align: inherit;\"><span dir=\"auto\" style=\"vertical-align: inherit;\"> \u2013 Every batch tested and verified via HPLC and NMR.<\/span><\/span><\/p>\n<\/li>\n<li data-start=\"5931\" data-end=\"6001\">\n<p data-start=\"5933\" data-end=\"6001\"><strong data-start=\"5933\" data-end=\"5958\"><span dir=\"auto\" style=\"vertical-align: inherit;\"><span dir=\"auto\" style=\"vertical-align: inherit;\">Skyddande f\u00f6rpackning<\/span><\/span><\/strong><span dir=\"auto\" style=\"vertical-align: inherit;\"><span dir=\"auto\" style=\"vertical-align: inherit;\"> \u2013 Prevents moisture, light and contamination.<\/span><\/span><\/p>\n<\/li>\n<\/ul>\n<hr data-start=\"6003\" data-end=\"6006\" \/>\n<h3 data-start=\"6008\" data-end=\"6060\"><strong data-start=\"6012\" data-end=\"6058\"><span dir=\"auto\" style=\"vertical-align: inherit;\"><span dir=\"auto\" style=\"vertical-align: inherit;\">Anv\u00e4ndning (endast f\u00f6r forsknings\u00e4ndam\u00e5l)<\/span><\/span><\/strong><\/h3>\n<ol data-start=\"6062\" data-end=\"6432\">\n<li data-start=\"6062\" data-end=\"6131\">\n<p data-start=\"6065\" data-end=\"6131\"><strong data-start=\"6065\" data-end=\"6080\"><span dir=\"auto\" style=\"vertical-align: inherit;\"><span dir=\"auto\" style=\"vertical-align: inherit;\">Hantering:<\/span><\/span><\/strong><span dir=\"auto\" style=\"vertical-align: inherit;\"><span dir=\"auto\" style=\"vertical-align: inherit;\"> Anv\u00e4nd handskar, skyddsglas\u00f6gon och laboratorierock.<\/span><\/span><\/p>\n<\/li>\n<li data-start=\"6132\" data-end=\"6217\">\n<p data-start=\"6135\" data-end=\"6217\"><strong data-start=\"6135\" data-end=\"6148\"><span dir=\"auto\" style=\"vertical-align: inherit;\"><span dir=\"auto\" style=\"vertical-align: inherit;\">M\u00e5tt:<\/span><\/span><\/strong><span dir=\"auto\" style=\"vertical-align: inherit;\"><span dir=\"auto\" style=\"vertical-align: inherit;\"> Use calibrated laboratory scales for accurate dosing.<\/span><\/span><\/p>\n<\/li>\n<li data-start=\"6218\" data-end=\"6272\">\n<p data-start=\"6221\" data-end=\"6272\"><strong data-start=\"6221\" data-end=\"6232\"><span dir=\"auto\" style=\"vertical-align: inherit;\"><span dir=\"auto\" style=\"vertical-align: inherit;\">Lagring:<\/span><\/span><\/strong><span dir=\"auto\" style=\"vertical-align: inherit;\"><span dir=\"auto\" style=\"vertical-align: inherit;\"> F\u00f6rvara svalt (2\u20138 \u00b0C), torrt och m\u00f6rkt.<\/span><\/span><\/p>\n<\/li>\n<li data-start=\"6273\" data-end=\"6359\">\n<p data-start=\"6276\" data-end=\"6359\"><strong data-start=\"6276\" data-end=\"6288\"><span dir=\"auto\" style=\"vertical-align: inherit;\"><span dir=\"auto\" style=\"vertical-align: inherit;\">Analys:<\/span><\/span><\/strong><span dir=\"auto\" style=\"vertical-align: inherit;\"><span dir=\"auto\" style=\"vertical-align: inherit;\"> Suitable for chromatography, spectroscopy and forensic investigation.<\/span><\/span><\/p>\n<\/li>\n<li data-start=\"6360\" data-end=\"6432\">\n<p data-start=\"6363\" data-end=\"6432\"><strong data-start=\"6363\" data-end=\"6380\"><span dir=\"auto\" style=\"vertical-align: inherit;\"><span dir=\"auto\" style=\"vertical-align: inherit;\">Dokumentation:<\/span><\/span><\/strong><span dir=\"auto\" style=\"vertical-align: inherit;\"><span dir=\"auto\" style=\"vertical-align: inherit;\"> Record batch number, purity, and test results.<\/span><\/span><\/p>\n<\/li>\n<\/ol>\n<hr data-start=\"6434\" data-end=\"6437\" \/>\n<h3 data-start=\"6439\" data-end=\"6474\"><strong data-start=\"6443\" data-end=\"6472\"><span dir=\"auto\" style=\"vertical-align: inherit;\"><span dir=\"auto\" style=\"vertical-align: inherit;\">Vanliga fr\u00e5gor (FAQ)<\/span><\/span><\/strong><\/h3>\n<p data-start=\"6476\" data-end=\"6675\"><strong data-start=\"6476\" data-end=\"6503\"><span dir=\"auto\" style=\"vertical-align: inherit;\"><span dir=\"auto\" style=\"vertical-align: inherit;\">1. What is 3-Me-PCE HCl? <\/span><\/span><\/strong><br data-start=\"6503\" data-end=\"6506\" \/><strong data-start=\"6506\" data-end=\"6518\"><span dir=\"auto\" style=\"vertical-align: inherit;\"><span dir=\"auto\" style=\"vertical-align: inherit;\">3-Me-PCE<\/span><\/span><\/strong><span dir=\"auto\" style=\"vertical-align: inherit;\"><span dir=\"auto\" style=\"vertical-align: inherit;\"> \u00e4r en <\/span><\/span><strong data-start=\"6526\" data-end=\"6554\"><span dir=\"auto\" style=\"vertical-align: inherit;\"><span dir=\"auto\" style=\"vertical-align: inherit;\">dissociativ f\u00f6rening<\/span><\/span><\/strong><span dir=\"auto\" style=\"vertical-align: inherit;\"><span dir=\"auto\" style=\"vertical-align: inherit;\"> of the arylcyclohexylamine class, related to PCE and 3-MeO-PCE, and is used in research on NMDA receptors.<\/span><\/span><\/p>\n<p data-start=\"6677\" data-end=\"6833\"><strong data-start=\"6677\" data-end=\"6723\"><span dir=\"auto\" style=\"vertical-align: inherit;\"><span dir=\"auto\" style=\"vertical-align: inherit;\">2. What is in the 3-Me-PCE HCl product?<\/span><\/span><\/strong><br data-start=\"6723\" data-end=\"6726\" \/><span dir=\"auto\" style=\"vertical-align: inherit;\"><span dir=\"auto\" style=\"vertical-align: inherit;\"> The product contains <\/span><\/span><strong data-start=\"6744\" data-end=\"6773\"><span dir=\"auto\" style=\"vertical-align: inherit;\"><span dir=\"auto\" style=\"vertical-align: inherit;\">\u2265 98% pure 3-Me-PCE HCl<\/span><\/span><\/strong><span dir=\"auto\" style=\"vertical-align: inherit;\"><span dir=\"auto\" style=\"vertical-align: inherit;\"> in crystalline form, packaged for laboratory analysis.<\/span><\/span><\/p>\n<p data-start=\"6835\" data-end=\"7000\"><strong data-start=\"6835\" data-end=\"6877\"><span dir=\"auto\" style=\"vertical-align: inherit;\"><span dir=\"auto\" style=\"vertical-align: inherit;\">3. Is it legal to buy 3-Me-PCE?<\/span><\/span><\/strong><br data-start=\"6877\" data-end=\"6880\" \/><span dir=\"auto\" style=\"vertical-align: inherit;\"><span dir=\"auto\" style=\"vertical-align: inherit;\"> De <\/span><\/span><strong data-start=\"6883\" data-end=\"6910\"><span dir=\"auto\" style=\"vertical-align: inherit;\"><span dir=\"auto\" style=\"vertical-align: inherit;\">legality of 3-Me-PCE<\/span><\/span><\/strong><span dir=\"auto\" style=\"vertical-align: inherit;\"><span dir=\"auto\" style=\"vertical-align: inherit;\"> varies by country. Always check local laws before <\/span><\/span><strong data-start=\"6979\" data-end=\"6997\"><span dir=\"auto\" style=\"vertical-align: inherit;\"><span dir=\"auto\" style=\"vertical-align: inherit;\">purchasing 3-Me-PCE<\/span><\/span><\/strong><span dir=\"auto\" style=\"vertical-align: inherit;\"><span dir=\"auto\" style=\"vertical-align: inherit;\"> .<\/span><\/span><\/p>","protected":false},"excerpt":{"rendered":"<h3><span dir=\"auto\" style=\"vertical-align: inherit;\"><span dir=\"auto\" style=\"vertical-align: inherit;\"><span dir=\"auto\" style=\"vertical-align: inherit;\"><span dir=\"auto\" style=\"vertical-align: inherit;\">3-Me-PCE-egenskaper<\/span><\/span><\/span><\/span><\/h3>\n<p><strong><span dir=\"auto\" style=\"vertical-align: inherit;\"><span dir=\"auto\" style=\"vertical-align: inherit;\"><span dir=\"auto\" style=\"vertical-align: inherit;\"><span dir=\"auto\" style=\"vertical-align: inherit;\">Synonym<\/span><\/span><\/span><\/span><\/strong><span dir=\"auto\" style=\"vertical-align: inherit;\"><span dir=\"auto\" style=\"vertical-align: inherit;\"><span dir=\"auto\" style=\"vertical-align: inherit;\"><span dir=\"auto\" style=\"vertical-align: inherit;\"> 3-metyleticyklidin <\/span><\/span><\/span><\/span><br \/>\n<strong><span dir=\"auto\" style=\"vertical-align: inherit;\"><span dir=\"auto\" style=\"vertical-align: inherit;\"><span dir=\"auto\" style=\"vertical-align: inherit;\"><span dir=\"auto\" style=\"vertical-align: inherit;\">CAS <\/span><\/span><\/span><\/span><\/strong> <strong><span dir=\"auto\" style=\"vertical-align: inherit;\"><span dir=\"auto\" style=\"vertical-align: inherit;\"><span dir=\"auto\" style=\"vertical-align: inherit;\"><span dir=\"auto\" style=\"vertical-align: inherit;\">Antal<\/span><\/span><\/span><\/span><\/strong><span dir=\"auto\" style=\"vertical-align: inherit;\"><span dir=\"auto\" style=\"vertical-align: inherit;\"><span dir=\"auto\" style=\"vertical-align: inherit;\"><span dir=\"auto\" style=\"vertical-align: inherit;\"> : ej till\u00e4mpligt <\/span><\/span><\/span><\/span><br \/>\n<strong><span dir=\"auto\" style=\"vertical-align: inherit;\"><span dir=\"auto\" style=\"vertical-align: inherit;\"><span dir=\"auto\" style=\"vertical-align: inherit;\"><span dir=\"auto\" style=\"vertical-align: inherit;\">Formel<\/span><\/span><\/span><\/span><\/strong><span dir=\"auto\" style=\"vertical-align: inherit;\"><span dir=\"auto\" style=\"vertical-align: inherit;\"><span dir=\"auto\" style=\"vertical-align: inherit;\"><span dir=\"auto\" style=\"vertical-align: inherit;\"> N-etyl-1-(3-metylfenyl)cyklohexan-1-amin <\/span><\/span><\/span><\/span><br \/>\n<strong><span dir=\"auto\" style=\"vertical-align: inherit;\"><span dir=\"auto\" style=\"vertical-align: inherit;\"><span dir=\"auto\" style=\"vertical-align: inherit;\"><span dir=\"auto\" style=\"vertical-align: inherit;\">Molmassa<\/span><\/span><\/span><\/span><\/strong><span dir=\"auto\" style=\"vertical-align: inherit;\"><span dir=\"auto\" style=\"vertical-align: inherit;\"><span dir=\"auto\" style=\"vertical-align: inherit;\"><span dir=\"auto\" style=\"vertical-align: inherit;\"> : ej till\u00e4mpligt <\/span><\/span><\/span><\/span><br \/>\n<strong><span dir=\"auto\" style=\"vertical-align: inherit;\"><span dir=\"auto\" style=\"vertical-align: inherit;\"><span dir=\"auto\" style=\"vertical-align: inherit;\"><span dir=\"auto\" style=\"vertical-align: inherit;\">Renhet<\/span><\/span><\/span><\/span><\/strong><span dir=\"auto\" style=\"vertical-align: inherit;\"><span dir=\"auto\" style=\"vertical-align: inherit;\"><span dir=\"auto\" style=\"vertical-align: inherit;\"><span dir=\"auto\" style=\"vertical-align: inherit;\"> : &gt;97%<\/span><\/span><\/span><\/span><\/p>","protected":false},"featured_media":29223,"comment_status":"closed","ping_status":"closed","template":"","meta":[],"product_brand":[82],"product_cat":[465,71],"product_tag":[836,837,838,326],"class_list":{"0":"post-24409","1":"product","2":"type-product","3":"status-publish","4":"has-post-thumbnail","6":"product_brand-research-chemical","7":"product_cat-3-me-pce","8":"product_cat-arylcyclohexylamine","9":"product_tag-3-me-pce","10":"product_tag-3-me-pce-hcl","11":"product_tag-3-me-pce-kopen","12":"product_tag-nl","14":"first","15":"instock","16":"taxable","17":"shipping-taxable","18":"purchasable","19":"product-type-variable"},"_links":{"self":[{"href":"https:\/\/onderzoekschemicals.com\/sv\/wp-json\/wp\/v2\/product\/24409","targetHints":{"allow":["GET"]}}],"collection":[{"href":"https:\/\/onderzoekschemicals.com\/sv\/wp-json\/wp\/v2\/product"}],"about":[{"href":"https:\/\/onderzoekschemicals.com\/sv\/wp-json\/wp\/v2\/types\/product"}],"replies":[{"embeddable":true,"href":"https:\/\/onderzoekschemicals.com\/sv\/wp-json\/wp\/v2\/comments?post=24409"}],"version-history":[{"count":7,"href":"https:\/\/onderzoekschemicals.com\/sv\/wp-json\/wp\/v2\/product\/24409\/revisions"}],"predecessor-version":[{"id":28683,"href":"https:\/\/onderzoekschemicals.com\/sv\/wp-json\/wp\/v2\/product\/24409\/revisions\/28683"}],"wp:featuredmedia":[{"embeddable":true,"href":"https:\/\/onderzoekschemicals.com\/sv\/wp-json\/wp\/v2\/media\/29223"}],"wp:attachment":[{"href":"https:\/\/onderzoekschemicals.com\/sv\/wp-json\/wp\/v2\/media?parent=24409"}],"wp:term":[{"taxonomy":"product_brand","embeddable":true,"href":"https:\/\/onderzoekschemicals.com\/sv\/wp-json\/wp\/v2\/product_brand?post=24409"},{"taxonomy":"product_cat","embeddable":true,"href":"https:\/\/onderzoekschemicals.com\/sv\/wp-json\/wp\/v2\/product_cat?post=24409"},{"taxonomy":"product_tag","embeddable":true,"href":"https:\/\/onderzoekschemicals.com\/sv\/wp-json\/wp\/v2\/product_tag?post=24409"}],"curies":[{"name":"wp","href":"https:\/\/api.w.org\/{rel}","templated":true}]}}