{"id":24365,"date":"2025-04-13T17:41:35","date_gmt":"2025-04-13T17:41:35","guid":{"rendered":"https:\/\/onderzoekschemicals.com\/?post_type=product&#038;p=24365"},"modified":"2025-10-12T09:28:04","modified_gmt":"2025-10-12T09:28:04","slug":"2-fea-2","status":"publish","type":"product","link":"https:\/\/onderzoekschemicals.com\/sv\/shop\/2-fea\/2-fea-2\/","title":{"rendered":"Newphoria 2\/3-FEA 35 MG\/100 MG pellets"},"content":{"rendered":"<h3 data-start=\"4220\" data-end=\"4241\"><strong data-start=\"4224\" data-end=\"4239\">Introduktion<\/strong><\/h3>\n<p data-start=\"4242\" data-end=\"4512\"><strong data-start=\"4242\" data-end=\"4284\">Newphoria 2\/3-FEA 35 mg \/ 100 mg pellets<\/strong> inneh\u00e5ller en exakt kombination av <strong data-start=\"4322\" data-end=\"4357\">2-FEA (2-fluoretylamfetamin)<\/strong> och <strong data-start=\"4361\" data-end=\"4396\">3-FEA (3-fluoretylamfetamin)<\/strong> - tv\u00e5 <strong data-start=\"4404\" data-end=\"4442\">fluorsubstituerade amfetaminanaloger<\/strong> som anv\u00e4nds flitigt i <strong data-start=\"4471\" data-end=\"4509\">forensisk och analytisk forskning<\/strong>. 2 fea\u200b<\/p>\n<p data-start=\"4514\" data-end=\"4730\">Tack vare <strong data-start=\"4525\" data-end=\"4554\">2- och 3-fluorsubstitutioner<\/strong> Baserat p\u00e5 fenetylaminstrukturen \u00e4r dessa f\u00f6reningar idealiska f\u00f6r forskning om <strong data-start=\"4635\" data-end=\"4677\">struktur-aktivitetssamband (SAR)<\/strong> och <strong data-start=\"4681\" data-end=\"4700\">receptorbindning<\/strong> inom amfetaminklassen.<\/p>\n<p data-start=\"4732\" data-end=\"4950\">Varje pellet inneh\u00e5ller <strong data-start=\"4750\" data-end=\"4767\">35 mg eller 100 mg<\/strong> av den aktiva forskningsformeln med en <strong data-start=\"4809\" data-end=\"4833\">renhet \u2265 98%<\/strong>, testad via <strong data-start=\"4846\" data-end=\"4861\">HPLC och NMR<\/strong>Pelletsen \u00e4r <strong data-start=\"4879\" data-end=\"4897\">blisterf\u00f6rpackad<\/strong> f\u00f6r optimalt skydd och korrekt dosering.<\/p>\n<blockquote data-start=\"4952\" data-end=\"5098\">\n<p data-start=\"4954\" data-end=\"5098\">\u26a0\ufe0f <strong data-start=\"4957\" data-end=\"4968\">OBS:<\/strong> Denna produkt \u00e4r endast avsedd f\u00f6r <strong data-start=\"5009\" data-end=\"5044\">forskning och analytisk anv\u00e4ndning<\/strong> \u2014 <strong data-start=\"5047\" data-end=\"5095\">inte f\u00f6r m\u00e4nsklig eller djurkonsumtion<\/strong>.<\/p>\n<\/blockquote>\n<hr data-start=\"5100\" data-end=\"5103\" \/>\n<h3 data-start=\"5105\" data-end=\"5136\"><strong data-start=\"5109\" data-end=\"5136\">Viktiga funktioner<\/strong><\/h3>\n<div class=\"_tableContainer_1rjym_1\">\n<div class=\"group _tableWrapper_1rjym_13 flex w-fit flex-col-reverse\" tabindex=\"-1\">\n<table class=\"w-fit min-w-(--thread-content-width)\" data-start=\"5138\" data-end=\"5755\">\n<thead data-start=\"5138\" data-end=\"5164\">\n<tr data-start=\"5138\" data-end=\"5164\">\n<th data-start=\"5138\" data-end=\"5148\" data-col-size=\"sm\">S\u00e4rdrag<\/th>\n<th data-start=\"5148\" data-end=\"5164\" data-col-size=\"md\">Beskrivning<\/th>\n<\/tr>\n<\/thead>\n<tbody data-start=\"5193\" data-end=\"5755\">\n<tr data-start=\"5193\" data-end=\"5240\">\n<td data-start=\"5193\" data-end=\"5211\" data-col-size=\"sm\"><strong data-start=\"5195\" data-end=\"5210\">Produktnamn<\/strong><\/td>\n<td data-start=\"5211\" data-end=\"5240\" data-col-size=\"md\">Newphoria 2\/3-FEA-pellets<\/td>\n<\/tr>\n<tr data-start=\"5241\" data-end=\"5324\">\n<td data-start=\"5241\" data-end=\"5271\" data-col-size=\"sm\"><strong data-start=\"5243\" data-end=\"5270\">Kemisk sammans\u00e4ttning<\/strong><\/td>\n<td data-start=\"5271\" data-end=\"5324\" data-col-size=\"md\">2-Fluoroetylamfetamin och 3-Fluoroetylamfetamin<\/td>\n<\/tr>\n<tr data-start=\"5325\" data-end=\"5370\">\n<td data-start=\"5325\" data-end=\"5342\" data-col-size=\"sm\"><strong data-start=\"5327\" data-end=\"5341\">Doseringar<\/strong><\/td>\n<td data-start=\"5342\" data-end=\"5370\" data-col-size=\"md\">35 mg eller 100 mg per pellet<\/td>\n<\/tr>\n<tr data-start=\"5371\" data-end=\"5407\">\n<td data-start=\"5371\" data-end=\"5395\" data-col-size=\"sm\"><strong data-start=\"5373\" data-end=\"5394\">Kemisk formel<\/strong><\/td>\n<td data-start=\"5395\" data-end=\"5407\" data-col-size=\"md\">C\u2081\u2081H\u2081\u2086FN<\/td>\n<\/tr>\n<tr data-start=\"5408\" data-end=\"5446\">\n<td data-start=\"5408\" data-end=\"5430\" data-col-size=\"sm\"><strong data-start=\"5410\" data-end=\"5429\">Molekylvikt<\/strong><\/td>\n<td data-start=\"5430\" data-end=\"5446\" data-col-size=\"md\">181,25 g\/mol<\/td>\n<\/tr>\n<tr data-start=\"5447\" data-end=\"5494\">\n<td data-start=\"5447\" data-end=\"5458\" data-col-size=\"sm\"><strong data-start=\"5449\" data-end=\"5457\">Form<\/strong><\/td>\n<td data-start=\"5458\" data-end=\"5494\" data-col-size=\"md\">Fast pellet (blisterf\u00f6rpackning)<\/td>\n<\/tr>\n<tr data-start=\"5495\" data-end=\"5546\">\n<td data-start=\"5495\" data-end=\"5512\" data-col-size=\"sm\"><strong data-start=\"5497\" data-end=\"5511\">Renhet<\/strong><\/td>\n<td data-start=\"5512\" data-end=\"5546\" data-col-size=\"md\">\u2265 98% (testad med HPLC och NMR)<\/td>\n<\/tr>\n<tr data-start=\"5547\" data-end=\"5613\">\n<td data-start=\"5547\" data-end=\"5570\" data-col-size=\"sm\"><strong data-start=\"5549\" data-end=\"5569\">Kemisk klass<\/strong><\/td>\n<td data-start=\"5570\" data-end=\"5613\" data-col-size=\"md\">Fluoramfetamin\/fenetylamin-analog<\/td>\n<\/tr>\n<tr data-start=\"5614\" data-end=\"5693\">\n<td data-start=\"5614\" data-end=\"5628\" data-col-size=\"sm\"><strong data-start=\"5616\" data-end=\"5627\">Anv\u00e4ndande<\/strong><\/td>\n<td data-start=\"5628\" data-end=\"5693\" data-col-size=\"md\">Endast f\u00f6r analytisk, forensisk och neurokemisk forskning<\/td>\n<\/tr>\n<tr data-start=\"5694\" data-end=\"5755\">\n<td data-start=\"5694\" data-end=\"5711\" data-col-size=\"sm\"><strong data-start=\"5696\" data-end=\"5710\">F\u00f6rpackning<\/strong><\/td>\n<td data-start=\"5711\" data-end=\"5755\" data-col-size=\"md\">Blisterremsa med fuktt\u00e4tning<\/td>\n<\/tr>\n<\/tbody>\n<\/table>\n<\/div>\n<\/div>\n<hr data-start=\"5757\" data-end=\"5760\" \/>\n<h3 data-start=\"5762\" data-end=\"5779\"><strong data-start=\"5766\" data-end=\"5779\">F\u00f6rdelar<\/strong><\/h3>\n<ul data-start=\"5781\" data-end=\"6184\">\n<li data-start=\"5781\" data-end=\"5866\">\n<p data-start=\"5783\" data-end=\"5866\"><strong data-start=\"5783\" data-end=\"5812\">Dubbel forskningsformel<\/strong> \u2013 Inkluderar 2-FEA och 3-FEA f\u00f6r j\u00e4mf\u00f6rande forskning.<\/p>\n<\/li>\n<li data-start=\"5867\" data-end=\"5949\">\n<p data-start=\"5869\" data-end=\"5949\"><strong data-start=\"5869\" data-end=\"5888\">H\u00f6g renhet<\/strong> \u2013 \u2265 98% laboratoriekvalitet f\u00f6r tillf\u00f6rlitliga resultat.<\/p>\n<\/li>\n<li data-start=\"5950\" data-end=\"6028\">\n<p data-start=\"5952\" data-end=\"6028\"><strong data-start=\"5952\" data-end=\"5971\">Tv\u00e5 doser<\/strong> \u2013 Finns i 35 mg och 100 mg f\u00f6r flexibel anv\u00e4ndning.<\/p>\n<\/li>\n<li data-start=\"6029\" data-end=\"6115\">\n<p data-start=\"6031\" data-end=\"6115\"><strong data-start=\"6031\" data-end=\"6056\">Skyddande f\u00f6rpackning<\/strong> \u2013 Blisterf\u00f6rpackning f\u00f6rhindrar nedbrytning och kontaminering.<\/p>\n<\/li>\n<li data-start=\"6116\" data-end=\"6184\">\n<p data-start=\"6118\" data-end=\"6184\"><strong data-start=\"6118\" data-end=\"6146\">Kontrollerad produktion<\/strong> \u2013 Varje batch testad och sp\u00e5rbar.<\/p>\n<\/li>\n<\/ul>\n<hr data-start=\"6186\" data-end=\"6189\" \/>\n<h3 data-start=\"6191\" data-end=\"6243\"><strong data-start=\"6195\" data-end=\"6241\">Anv\u00e4ndning (endast f\u00f6r forsknings\u00e4ndam\u00e5l)<\/strong><\/h3>\n<ol data-start=\"6245\" data-end=\"6588\">\n<li data-start=\"6245\" data-end=\"6314\">\n<p data-start=\"6248\" data-end=\"6314\"><strong data-start=\"6248\" data-end=\"6263\">Hantering:<\/strong> Anv\u00e4nd handskar, skyddsglas\u00f6gon och laboratorierock.<\/p>\n<\/li>\n<li data-start=\"6315\" data-end=\"6386\">\n<p data-start=\"6318\" data-end=\"6386\"><strong data-start=\"6318\" data-end=\"6331\">M\u00e5tt:<\/strong> Varje pellet v\u00e4gs exakt (35 mg eller 100 mg). 2 fea\u200b<\/p>\n<\/li>\n<li data-start=\"6387\" data-end=\"6465\">\n<p data-start=\"6390\" data-end=\"6465\"><strong data-start=\"6390\" data-end=\"6401\">Lagring:<\/strong> F\u00f6rvara svalt (2\u20138 \u00b0C), torrt och m\u00f6rkt i originalf\u00f6rpackningen.<\/p>\n<\/li>\n<li data-start=\"6466\" data-end=\"6525\">\n<p data-start=\"6469\" data-end=\"6525\"><strong data-start=\"6469\" data-end=\"6481\">Analys:<\/strong> L\u00e4mplig f\u00f6r GC\/MS, LC-MS, FTIR och HPLC.<\/p>\n<\/li>\n<li data-start=\"6526\" data-end=\"6588\">\n<p data-start=\"6529\" data-end=\"6588\"><strong data-start=\"6529\" data-end=\"6546\">Dokumentation:<\/strong> Registrera batchnummer och analysmetoder.<\/p>\n<\/li>\n<\/ol>\n<hr data-start=\"6590\" data-end=\"6593\" \/>\n<h3 data-start=\"6595\" data-end=\"6630\"><strong data-start=\"6599\" data-end=\"6628\">Vanliga fr\u00e5gor (FAQ)<\/strong><\/h3>\n<p data-start=\"6632\" data-end=\"6773\"><strong data-start=\"6632\" data-end=\"6664\">1. Vad \u00e4r Newphoria 2\/3-FEA?<\/strong><br data-start=\"6664\" data-end=\"6667\" \/>En <strong data-start=\"6671\" data-end=\"6690\">forskningsblandning<\/strong> av <strong data-start=\"6695\" data-end=\"6713\">2-FEA och 3-FEA<\/strong>, utvecklad f\u00f6r analytiska och forensiska till\u00e4mpningar.<\/p>\n<p data-start=\"6775\" data-end=\"6890\"><strong data-start=\"6775\" data-end=\"6807\">2. Vilka doseringar finns tillg\u00e4ngliga?<\/strong><br data-start=\"6807\" data-end=\"6810\" \/>Tillg\u00e4nglig i <strong data-start=\"6826\" data-end=\"6843\">35 mg eller 100 mg<\/strong> per pellet med en renhet av <strong data-start=\"6878\" data-end=\"6887\">\u2265 98%<\/strong>.<\/p>\n<p data-start=\"6892\" data-end=\"7092\"><strong data-start=\"6892\" data-end=\"6943\">3. \u00c4r det lagligt att k\u00f6pa Newphoria 2\/3-FEA?<\/strong><br data-start=\"6943\" data-end=\"6946\" \/>De <strong data-start=\"6949\" data-end=\"6993\">lagligheten av fluoramfetaminanaloger<\/strong> varierar beroende p\u00e5 land. Kontrollera alltid lokala f\u00f6reskrifter innan anv\u00e4ndning <strong data-start=\"7062\" data-end=\"7089\">Newphoria 2\/3-FEA k\u00f6per<\/strong>.<\/p>","protected":false},"excerpt":{"rendered":"<p>Introductie Newphoria 2\/3-FEA 35mg \/ 100mg Pellets bevatten een precieze combinatie van 2-FEA (2-Fluoroethylamfetamine) en 3-FEA (3-Fluoroethylamfetamine) \u2014 twee fluorvervangen<\/p>","protected":false},"featured_media":21479,"comment_status":"closed","ping_status":"closed","template":"","meta":[],"product_brand":[82],"product_cat":[437,439,438,440,322,333,324],"product_tag":[655,840,842,839,326],"class_list":{"0":"post-24365","1":"product","2":"type-product","3":"status-publish","4":"has-post-thumbnail","6":"product_brand-research-chemical","7":"product_cat-2-fea","8":"product_cat-2-fea-pellets","9":"product_cat-3-fea","10":"product_cat-3-fea-pellets","11":"product_cat-bijna-verboden","12":"product_cat-gefluoreerden","13":"product_cat-pellets-for-pellet","14":"product_tag-2-fea","15":"product_tag-2-fea-3-fea-research-chemical","16":"product_tag-newphoria-35mg-pellets","17":"product_tag-newphoria-pellets","18":"product_tag-nl","20":"first","21":"instock","22":"taxable","23":"shipping-taxable","24":"purchasable","25":"product-type-variable"},"_links":{"self":[{"href":"https:\/\/onderzoekschemicals.com\/sv\/wp-json\/wp\/v2\/product\/24365","targetHints":{"allow":["GET"]}}],"collection":[{"href":"https:\/\/onderzoekschemicals.com\/sv\/wp-json\/wp\/v2\/product"}],"about":[{"href":"https:\/\/onderzoekschemicals.com\/sv\/wp-json\/wp\/v2\/types\/product"}],"replies":[{"embeddable":true,"href":"https:\/\/onderzoekschemicals.com\/sv\/wp-json\/wp\/v2\/comments?post=24365"}],"version-history":[{"count":6,"href":"https:\/\/onderzoekschemicals.com\/sv\/wp-json\/wp\/v2\/product\/24365\/revisions"}],"predecessor-version":[{"id":27799,"href":"https:\/\/onderzoekschemicals.com\/sv\/wp-json\/wp\/v2\/product\/24365\/revisions\/27799"}],"wp:featuredmedia":[{"embeddable":true,"href":"https:\/\/onderzoekschemicals.com\/sv\/wp-json\/wp\/v2\/media\/21479"}],"wp:attachment":[{"href":"https:\/\/onderzoekschemicals.com\/sv\/wp-json\/wp\/v2\/media?parent=24365"}],"wp:term":[{"taxonomy":"product_brand","embeddable":true,"href":"https:\/\/onderzoekschemicals.com\/sv\/wp-json\/wp\/v2\/product_brand?post=24365"},{"taxonomy":"product_cat","embeddable":true,"href":"https:\/\/onderzoekschemicals.com\/sv\/wp-json\/wp\/v2\/product_cat?post=24365"},{"taxonomy":"product_tag","embeddable":true,"href":"https:\/\/onderzoekschemicals.com\/sv\/wp-json\/wp\/v2\/product_tag?post=24365"}],"curies":[{"name":"wp","href":"https:\/\/api.w.org\/{rel}","templated":true}]}}