{"id":24343,"date":"2025-04-13T17:41:31","date_gmt":"2025-04-13T17:41:31","guid":{"rendered":"https:\/\/onderzoekschemicals.com\/?post_type=product&#038;p=24343"},"modified":"2025-10-12T12:50:39","modified_gmt":"2025-10-12T12:50:39","slug":"digitale-bio-mini-weegschaal","status":"publish","type":"product","link":"https:\/\/onderzoekschemicals.com\/sv\/shop\/weegschalen\/digitale-bio-mini-weegschaal\/","title":{"rendered":"Digital biominiv\u00e5g \u2013 20 g x 0,001 g"},"content":{"rendered":"<h3 data-start=\"4064\" data-end=\"4085\"><strong data-start=\"4068\" data-end=\"4083\">Introduktion<\/strong><\/h3>\n<p data-start=\"4086\" data-end=\"4354\">De <strong data-start=\"4089\" data-end=\"4136\">Digital biominiv\u00e5g \u2013 20 g x 0,001 g<\/strong> \u00e4r en <strong data-start=\"4144\" data-end=\"4180\">professionell precisionsv\u00e5g<\/strong> utformad f\u00f6r applikationer d\u00e4r extrem noggrannhet kr\u00e4vs, s\u00e5som <strong data-start=\"4256\" data-end=\"4281\">laboratorieforskning<\/strong>, <strong data-start=\"4283\" data-end=\"4304\">kemisk analys<\/strong>, <strong data-start=\"4306\" data-end=\"4330\">biologisk forskning<\/strong> och <strong data-start=\"4334\" data-end=\"4351\">smyckesarbete<\/strong>.<\/p>\n<p data-start=\"4356\" data-end=\"4670\">Omedelbart <strong data-start=\"4364\" data-end=\"4394\">v\u00e4gkapacitet p\u00e5 20 gram<\/strong> och en <strong data-start=\"4402\" data-end=\"4445\">noggrannhet p\u00e5 0,001 g (1 milligram)<\/strong> erbjuder denna miniv\u00e5g <strong data-start=\"4473\" data-end=\"4504\">precision p\u00e5 laboratorieniv\u00e5<\/strong> i en <strong data-start=\"4512\" data-end=\"4544\">kompakt och b\u00e4rbar design<\/strong>De <strong data-start=\"4549\" data-end=\"4578\">v\u00e5gplatta i rostfritt st\u00e5l<\/strong> och den <strong data-start=\"4586\" data-end=\"4608\">ljusstark LCD-sk\u00e4rm<\/strong> s\u00e4kerst\u00e4lla tydliga, stabila m\u00e4tningar i alla milj\u00f6er.<\/p>\n<blockquote data-start=\"4672\" data-end=\"4784\">\n<p data-start=\"4674\" data-end=\"4784\">\u2699\ufe0f <strong data-start=\"4677\" data-end=\"4784\">Perfekt f\u00f6r laboratorier, biokemisk forskning eller materialvetenskap med milligramnoggrannhet.<\/strong><\/p>\n<\/blockquote>\n<hr data-start=\"4786\" data-end=\"4789\" \/>\n<h3 data-start=\"4791\" data-end=\"4822\"><strong data-start=\"4795\" data-end=\"4822\">Viktiga funktioner<\/strong><\/h3>\n<div class=\"_tableContainer_1rjym_1\">\n<div class=\"group _tableWrapper_1rjym_13 flex w-fit flex-col-reverse\" tabindex=\"-1\">\n<table class=\"w-fit min-w-(--thread-content-width)\" data-start=\"4824\" data-end=\"5359\">\n<thead data-start=\"4824\" data-end=\"4850\">\n<tr data-start=\"4824\" data-end=\"4850\">\n<th data-start=\"4824\" data-end=\"4834\" data-col-size=\"sm\">S\u00e4rdrag<\/th>\n<th data-start=\"4834\" data-end=\"4850\" data-col-size=\"md\">Beskrivning<\/th>\n<\/tr>\n<\/thead>\n<tbody data-start=\"4879\" data-end=\"5359\">\n<tr data-start=\"4879\" data-end=\"4923\">\n<td data-start=\"4879\" data-end=\"4891\" data-col-size=\"sm\"><strong data-start=\"4881\" data-end=\"4890\">Modell<\/strong><\/td>\n<td data-start=\"4891\" data-end=\"4923\" data-col-size=\"md\">Digital bio miniv\u00e5g<\/td>\n<\/tr>\n<tr data-start=\"4924\" data-end=\"4957\">\n<td data-start=\"4924\" data-end=\"4941\" data-col-size=\"sm\"><strong data-start=\"4926\" data-end=\"4940\">V\u00e4gningsomr\u00e5de<\/strong><\/td>\n<td data-start=\"4941\" data-end=\"4957\" data-col-size=\"md\">0,001 g \u2013 20 g<\/td>\n<\/tr>\n<tr data-start=\"4958\" data-end=\"5004\">\n<td data-start=\"4958\" data-end=\"4979\" data-col-size=\"sm\"><strong data-start=\"4960\" data-end=\"4978\">Noggrannhet<\/strong><\/td>\n<td data-start=\"4979\" data-end=\"5004\" data-col-size=\"md\">\u00b10,001 g (1 milligram)<\/td>\n<\/tr>\n<tr data-start=\"5005\" data-end=\"5067\">\n<td data-start=\"5005\" data-end=\"5019\" data-col-size=\"sm\"><strong data-start=\"5007\" data-end=\"5018\">Visa<\/strong><\/td>\n<td data-start=\"5019\" data-end=\"5067\" data-col-size=\"md\">Ljusstark LCD-sk\u00e4rm med bakgrundsbelysning<\/td>\n<\/tr>\n<tr data-start=\"5068\" data-end=\"5106\">\n<td data-start=\"5068\" data-end=\"5084\" data-col-size=\"sm\"><strong data-start=\"5070\" data-end=\"5083\">M\u00e5ttenheter<\/strong><\/td>\n<td data-start=\"5084\" data-end=\"5106\" data-col-size=\"md\">g, oz, ct, gn, dwt<\/td>\n<\/tr>\n<tr data-start=\"5107\" data-end=\"5151\">\n<td data-start=\"5107\" data-end=\"5126\" data-col-size=\"sm\"><strong data-start=\"5109\" data-end=\"5125\">V\u00e5gplattform<\/strong><\/td>\n<td data-start=\"5126\" data-end=\"5151\" data-col-size=\"md\">Rostfri st\u00e5lpl\u00e5t<\/td>\n<\/tr>\n<tr data-start=\"5152\" data-end=\"5201\">\n<td data-start=\"5152\" data-end=\"5166\" data-col-size=\"sm\"><strong data-start=\"5154\" data-end=\"5165\">Str\u00f6mf\u00f6rs\u00f6rjning<\/strong><\/td>\n<td data-start=\"5166\" data-end=\"5201\" data-col-size=\"md\">2 \u00d7 AAA-batterier (ing\u00e5r)<\/td>\n<\/tr>\n<tr data-start=\"5202\" data-end=\"5243\">\n<td data-start=\"5202\" data-end=\"5216\" data-col-size=\"sm\"><strong data-start=\"5204\" data-end=\"5215\">Design<\/strong><\/td>\n<td data-start=\"5216\" data-end=\"5243\" data-col-size=\"md\">Kompakt och l\u00e4tt<\/td>\n<\/tr>\n<tr data-start=\"5244\" data-end=\"5306\">\n<td data-start=\"5244\" data-end=\"5277\" data-col-size=\"sm\"><strong data-start=\"5246\" data-end=\"5276\">Automatisk avst\u00e4ngning<\/strong><\/td>\n<td data-start=\"5277\" data-end=\"5306\" data-col-size=\"md\">Energisparfunktion<\/td>\n<\/tr>\n<tr data-start=\"5307\" data-end=\"5359\">\n<td data-start=\"5307\" data-end=\"5325\" data-col-size=\"sm\"><strong data-start=\"5309\" data-end=\"5324\">Skyddsk\u00e5pa<\/strong><\/td>\n<td data-start=\"5325\" data-end=\"5359\" data-col-size=\"md\">Skyddar mot damm och skador<\/td>\n<\/tr>\n<\/tbody>\n<\/table>\n<\/div>\n<\/div>\n<hr data-start=\"5361\" data-end=\"5364\" \/>\n<h3 data-start=\"5366\" data-end=\"5383\"><strong data-start=\"5370\" data-end=\"5383\">F\u00f6rdelar<\/strong><\/h3>\n<ul data-start=\"5385\" data-end=\"5857\">\n<li data-start=\"5385\" data-end=\"5477\">\n<p data-start=\"5387\" data-end=\"5477\"><strong data-start=\"5387\" data-end=\"5409\">Extremt noggrann<\/strong> \u2013 V\u00e4ger ner till 0,001 g f\u00f6r laboratorie- och biologisk forskning.<\/p>\n<\/li>\n<li data-start=\"5478\" data-end=\"5551\">\n<p data-start=\"5480\" data-end=\"5551\"><strong data-start=\"5480\" data-end=\"5503\">B\u00e4rbar och kompakt<\/strong> \u2013 Perfekt f\u00f6r anv\u00e4ndning i labbet eller p\u00e5 spr\u00e5ng.<\/p>\n<\/li>\n<li data-start=\"5552\" data-end=\"5616\">\n<p data-start=\"5554\" data-end=\"5616\"><strong data-start=\"5554\" data-end=\"5574\">H\u00e5llbar design<\/strong> \u2013 V\u00e5gplatta i rostfritt st\u00e5l f\u00f6r l\u00e5ngvarig anv\u00e4ndning.<\/p>\n<\/li>\n<li data-start=\"5617\" data-end=\"5711\">\n<p data-start=\"5619\" data-end=\"5711\"><strong data-start=\"5619\" data-end=\"5649\">Olika m\u00e5ttenheter<\/strong> \u2013 V\u00e4xla enkelt mellan gram, uns, karat och mer.<\/p>\n<\/li>\n<li data-start=\"5712\" data-end=\"5785\">\n<p data-start=\"5714\" data-end=\"5785\"><strong data-start=\"5714\" data-end=\"5737\">Anv\u00e4ndarv\u00e4nlig<\/strong> \u2013 Enkel anv\u00e4ndning med tydlig LCD-display.<\/p>\n<\/li>\n<li data-start=\"5786\" data-end=\"5857\">\n<p data-start=\"5788\" data-end=\"5857\"><strong data-start=\"5788\" data-end=\"5808\">Energibesparing<\/strong> \u2013 Automatisk avst\u00e4ngning vid inaktivitet.<\/p>\n<\/li>\n<\/ul>\n<hr data-start=\"5859\" data-end=\"5862\" \/>\n<h3 data-start=\"5864\" data-end=\"5879\"><strong data-start=\"5868\" data-end=\"5879\">Anv\u00e4ndande<\/strong><\/h3>\n<ol data-start=\"5881\" data-end=\"6311\">\n<li data-start=\"5881\" data-end=\"5966\">\n<p data-start=\"5884\" data-end=\"5966\"><strong data-start=\"5884\" data-end=\"5916\">Placera p\u00e5 en plan yta<\/strong> \u2013 Anv\u00e4nd p\u00e5 ett stabilt, vibrationsfritt bord.<\/p>\n<\/li>\n<li data-start=\"5967\" data-end=\"6058\">\n<p data-start=\"5970\" data-end=\"6058\"><strong data-start=\"5970\" data-end=\"5996\">Kalibrera f\u00f6re anv\u00e4ndning<\/strong> \u2013 Kalibrera med den medf\u00f6ljande vikten (om s\u00e5dan finns).<\/p>\n<\/li>\n<li data-start=\"6059\" data-end=\"6129\">\n<p data-start=\"6062\" data-end=\"6129\"><strong data-start=\"6062\" data-end=\"6083\">V\u00e4lj enhet<\/strong> \u2013 V\u00e4lj mellan gram, uns, karat eller grain.<\/p>\n<\/li>\n<li data-start=\"6130\" data-end=\"6225\">\n<p data-start=\"6133\" data-end=\"6225\"><strong data-start=\"6133\" data-end=\"6160\">Anv\u00e4nd TARE-funktionen<\/strong> \u2013 Nollst\u00e4ll vikten p\u00e5 beh\u00e5llarna f\u00f6r noggranna m\u00e4tningar.<\/p>\n<\/li>\n<li data-start=\"6226\" data-end=\"6311\">\n<p data-start=\"6229\" data-end=\"6311\"><strong data-start=\"6229\" data-end=\"6249\">V\u00e4g noggrant<\/strong> \u2013 Tills\u00e4tt materialet l\u00e5ngsamt till \u00f6nskad vikt.<\/p>\n<\/li>\n<\/ol>\n<hr data-start=\"6313\" data-end=\"6316\" \/>\n<h3 data-start=\"6318\" data-end=\"6353\"><strong data-start=\"6322\" data-end=\"6351\">Vanliga fr\u00e5gor (FAQ)<\/strong><\/h3>\n<p data-start=\"6355\" data-end=\"6543\"><strong data-start=\"6355\" data-end=\"6414\">1. Vad g\u00f6r den digitala biominiv\u00e5gen speciell?<\/strong><br data-start=\"6414\" data-end=\"6417\" \/>Denna skala erbjuder en <strong data-start=\"6443\" data-end=\"6466\">precision p\u00e5 0,001 g<\/strong>, vad <strong data-start=\"6472\" data-end=\"6498\">tio g\u00e5nger mer exakt<\/strong> \u00e4r d\u00e5 standardminiv\u00e5gar (0,01 g).<\/p>\n<p data-start=\"6545\" data-end=\"6685\"><strong data-start=\"6545\" data-end=\"6594\">2. \u00c4r detta l\u00e4mpligt f\u00f6r laboratoriebruk?<\/strong><br data-start=\"6594\" data-end=\"6597\" \/>Ja \u2014 v\u00e5gen \u00e4r utformad f\u00f6r <strong data-start=\"6634\" data-end=\"6682\">biologisk, kemisk och analytisk forskning<\/strong>.<\/p>\n<p data-start=\"6687\" data-end=\"6849\"><strong data-start=\"6687\" data-end=\"6745\">3. Ing\u00e5r batterier och kalibreringsvikt?<\/strong><br data-start=\"6745\" data-end=\"6748\" \/>Ja, v\u00e5gen levereras med <strong data-start=\"6785\" data-end=\"6807\">2 \u00d7 AAA-batterier<\/strong> och m\u00f6jligen en <strong data-start=\"6825\" data-end=\"6846\">kalibreringsvikt<\/strong>.<\/p>","protected":false},"excerpt":{"rendered":"<p><strong><span dir=\"auto\" style=\"vertical-align: inherit;\"><span dir=\"auto\" style=\"vertical-align: inherit;\">Specifikationer:<\/span><\/span><\/strong><\/p>\n<ul>\n<li><span dir=\"auto\" style=\"vertical-align: inherit;\"><span dir=\"auto\" style=\"vertical-align: inherit;\">Digital<\/span><\/span><\/li>\n<li><span dir=\"auto\" style=\"vertical-align: inherit;\"><span dir=\"auto\" style=\"vertical-align: inherit;\">V\u00e4ger fr\u00e5n 0,001 g<\/span><\/span><\/li>\n<li><span dir=\"auto\" style=\"vertical-align: inherit;\"><span dir=\"auto\" style=\"vertical-align: inherit;\">V\u00e4ger max. 20 g<\/span><\/span><\/li>\n<li><span dir=\"auto\" style=\"vertical-align: inherit;\"><span dir=\"auto\" style=\"vertical-align: inherit;\">Drivs med: 2x AAA-batterier<\/span><\/span><\/li>\n<li><span dir=\"auto\" style=\"vertical-align: inherit;\"><span dir=\"auto\" style=\"vertical-align: inherit;\">LCD-sk\u00e4rm<\/span><\/span><\/li>\n<li><span dir=\"auto\" style=\"vertical-align: inherit;\"><span dir=\"auto\" style=\"vertical-align: inherit;\">F\u00e4rg: svart<\/span><\/span><\/li>\n<\/ul>","protected":false},"featured_media":24680,"comment_status":"closed","ping_status":"closed","template":"","meta":[],"product_brand":[],"product_cat":[451],"product_tag":[452,848,764,767,765,766,768],"class_list":{"0":"post-24343","1":"product","2":"type-product","3":"status-publish","4":"has-post-thumbnail","6":"product_cat-weegschalen","7":"product_tag-de","8":"product_tag-digitale-bio-mini-weegschaal","9":"product_tag-digitale-cs-weegschaal","10":"product_tag-digitale-microweegschaal","11":"product_tag-milligramweegschaal","12":"product_tag-precise-weegschaal-0-001g","13":"product_tag-weegschaal-voor-research-chemicals","15":"first","16":"instock","17":"taxable","18":"shipping-taxable","19":"purchasable","20":"product-type-simple"},"_links":{"self":[{"href":"https:\/\/onderzoekschemicals.com\/sv\/wp-json\/wp\/v2\/product\/24343","targetHints":{"allow":["GET"]}}],"collection":[{"href":"https:\/\/onderzoekschemicals.com\/sv\/wp-json\/wp\/v2\/product"}],"about":[{"href":"https:\/\/onderzoekschemicals.com\/sv\/wp-json\/wp\/v2\/types\/product"}],"replies":[{"embeddable":true,"href":"https:\/\/onderzoekschemicals.com\/sv\/wp-json\/wp\/v2\/comments?post=24343"}],"version-history":[{"count":6,"href":"https:\/\/onderzoekschemicals.com\/sv\/wp-json\/wp\/v2\/product\/24343\/revisions"}],"predecessor-version":[{"id":27802,"href":"https:\/\/onderzoekschemicals.com\/sv\/wp-json\/wp\/v2\/product\/24343\/revisions\/27802"}],"wp:featuredmedia":[{"embeddable":true,"href":"https:\/\/onderzoekschemicals.com\/sv\/wp-json\/wp\/v2\/media\/24680"}],"wp:attachment":[{"href":"https:\/\/onderzoekschemicals.com\/sv\/wp-json\/wp\/v2\/media?parent=24343"}],"wp:term":[{"taxonomy":"product_brand","embeddable":true,"href":"https:\/\/onderzoekschemicals.com\/sv\/wp-json\/wp\/v2\/product_brand?post=24343"},{"taxonomy":"product_cat","embeddable":true,"href":"https:\/\/onderzoekschemicals.com\/sv\/wp-json\/wp\/v2\/product_cat?post=24343"},{"taxonomy":"product_tag","embeddable":true,"href":"https:\/\/onderzoekschemicals.com\/sv\/wp-json\/wp\/v2\/product_tag?post=24343"}],"curies":[{"name":"wp","href":"https:\/\/api.w.org\/{rel}","templated":true}]}}