{"id":24334,"date":"2025-04-13T17:41:30","date_gmt":"2025-04-13T17:41:30","guid":{"rendered":"https:\/\/onderzoekschemicals.com\/?post_type=product&#038;p=24334"},"modified":"2025-10-12T14:01:08","modified_gmt":"2025-10-12T14:01:08","slug":"benzo-fury-100mg-blister","status":"publish","type":"product","link":"https:\/\/onderzoekschemicals.com\/sv\/shop\/b2b\/benzo-fury-100mg-blister\/","title":{"rendered":"RC+ Benzo Fury 100 mg blisterf\u00f6rpackning"},"content":{"rendered":"<h3 data-start=\"4226\" data-end=\"4247\"><strong data-start=\"4230\" data-end=\"4245\">Introduktion<\/strong><\/h3>\n<p data-start=\"4248\" data-end=\"4639\"><strong data-start=\"4248\" data-end=\"4280\">RC+ Benzo Fury 100 mg blisterf\u00f6rpackning<\/strong> inneh\u00e5ller <strong data-start=\"4287\" data-end=\"4341\">100 milligram 6-APB (6-(2-aminopropyl)bensofuran)<\/strong> - En <strong data-start=\"4348\" data-end=\"4373\">bensofuranf\u00f6rening<\/strong> vilket \u00e4r strukturellt relaterat till <strong data-start=\"4405\" data-end=\"4412\">MDA<\/strong> med flera <strong data-start=\"4423\" data-end=\"4449\">fenetylaminanaloger<\/strong>benso raseri<br data-start=\"4450\" data-end=\"4453\" \/>6-APB anv\u00e4nds i <strong data-start=\"4477\" data-end=\"4515\">forensisk och analytisk forskning<\/strong> till <strong data-start=\"4519\" data-end=\"4555\">monoamintransport\u00f6rinteraktioner<\/strong>, <strong data-start=\"4557\" data-end=\"4576\">receptorbindning<\/strong> och <strong data-start=\"4580\" data-end=\"4622\">struktur-aktivitetssamband (SAR)<\/strong> att studera.<\/p>\n<p data-start=\"4641\" data-end=\"4868\">Varje pellet \u00e4r <strong data-start=\"4656\" data-end=\"4694\">noggrant v\u00e4gd till 100 mg \u00b1 2 mg<\/strong> och testades p\u00e5 en <strong data-start=\"4712\" data-end=\"4736\">renhet \u2265 98%<\/strong> via <strong data-start=\"4741\" data-end=\"4756\">HPLC och NMR<\/strong>De <strong data-start=\"4761\" data-end=\"4782\">blisterf\u00f6rpackning<\/strong> ger skydd mot ljus och fukt, vilket bevarar kvaliteten.<\/p>\n<blockquote data-start=\"4870\" data-end=\"5019\">\n<p data-start=\"4872\" data-end=\"5019\">\u26a0\ufe0f <strong data-start=\"4875\" data-end=\"4886\">OBS:<\/strong> RC+ Benzo Fury \u00e4r exklusivt avsedd f\u00f6r <strong data-start=\"4930\" data-end=\"4965\">forskning och analytisk anv\u00e4ndning<\/strong> \u2014 <strong data-start=\"4968\" data-end=\"5016\">inte f\u00f6r m\u00e4nsklig eller djurkonsumtion<\/strong>.<\/p>\n<\/blockquote>\n<hr data-start=\"5021\" data-end=\"5024\" \/>\n<h3 data-start=\"5026\" data-end=\"5057\"><strong data-start=\"5030\" data-end=\"5057\">Viktiga funktioner<\/strong><\/h3>\n<div class=\"_tableContainer_1rjym_1\">\n<div class=\"group _tableWrapper_1rjym_13 flex w-fit flex-col-reverse\" tabindex=\"-1\">\n<table class=\"w-fit min-w-(--thread-content-width)\" data-start=\"5059\" data-end=\"5734\">\n<thead data-start=\"5059\" data-end=\"5085\">\n<tr data-start=\"5059\" data-end=\"5085\">\n<th data-start=\"5059\" data-end=\"5069\" data-col-size=\"sm\">S\u00e4rdrag<\/th>\n<th data-start=\"5069\" data-end=\"5085\" data-col-size=\"md\">Beskrivning<\/th>\n<\/tr>\n<\/thead>\n<tbody data-start=\"5114\" data-end=\"5734\">\n<tr data-start=\"5114\" data-end=\"5181\">\n<td data-start=\"5114\" data-end=\"5135\" data-col-size=\"sm\"><strong data-start=\"5116\" data-end=\"5134\">Kemiskt namn<\/strong><\/td>\n<td data-start=\"5135\" data-end=\"5181\" data-col-size=\"md\">6-(2-aminopropyl)bensofuranhydroklorid<\/td>\n<\/tr>\n<tr data-start=\"5182\" data-end=\"5229\">\n<td data-start=\"5182\" data-end=\"5207\" data-col-size=\"sm\"><strong data-start=\"5184\" data-end=\"5206\">Vanligt namn<\/strong><\/td>\n<td data-start=\"5207\" data-end=\"5229\" data-col-size=\"md\">6-APB \/ Benzo Fury<\/td>\n<\/tr>\n<tr data-start=\"5230\" data-end=\"5280\">\n<td data-start=\"5230\" data-end=\"5248\" data-col-size=\"sm\"><strong data-start=\"5232\" data-end=\"5247\">Produktnamn<\/strong><\/td>\n<td data-start=\"5248\" data-end=\"5280\" data-col-size=\"md\">RC+ Benzo Fury 100 mg blisterf\u00f6rpackning<\/td>\n<\/tr>\n<tr data-start=\"5281\" data-end=\"5321\">\n<td data-start=\"5281\" data-end=\"5305\" data-col-size=\"sm\"><strong data-start=\"5283\" data-end=\"5304\">Kemisk formel<\/strong><\/td>\n<td data-start=\"5305\" data-end=\"5321\" data-col-size=\"md\">C\u2081\u2081H\u2081\u2083NO\u00b7HCl<\/td>\n<\/tr>\n<tr data-start=\"5322\" data-end=\"5360\">\n<td data-start=\"5322\" data-end=\"5344\" data-col-size=\"sm\"><strong data-start=\"5324\" data-end=\"5343\">Molekylvikt<\/strong><\/td>\n<td data-start=\"5344\" data-end=\"5360\" data-col-size=\"md\">211,69 g\/mol<\/td>\n<\/tr>\n<tr data-start=\"5361\" data-end=\"5396\">\n<td data-start=\"5361\" data-end=\"5376\" data-col-size=\"sm\"><strong data-start=\"5363\" data-end=\"5375\">Dosering<\/strong><\/td>\n<td data-start=\"5376\" data-end=\"5396\" data-col-size=\"md\">100 mg per pellet<\/td>\n<\/tr>\n<tr data-start=\"5397\" data-end=\"5444\">\n<td data-start=\"5397\" data-end=\"5408\" data-col-size=\"sm\"><strong data-start=\"5399\" data-end=\"5407\">Form<\/strong><\/td>\n<td data-start=\"5408\" data-end=\"5444\" data-col-size=\"md\">Fast pellet (blisterf\u00f6rpackning)<\/td>\n<\/tr>\n<tr data-start=\"5445\" data-end=\"5496\">\n<td data-start=\"5445\" data-end=\"5462\" data-col-size=\"sm\"><strong data-start=\"5447\" data-end=\"5461\">Renhet<\/strong><\/td>\n<td data-start=\"5462\" data-end=\"5496\" data-col-size=\"md\">\u2265 98% (testad med HPLC och NMR)<\/td>\n<\/tr>\n<tr data-start=\"5497\" data-end=\"5559\">\n<td data-start=\"5497\" data-end=\"5520\" data-col-size=\"sm\"><strong data-start=\"5499\" data-end=\"5519\">Kemisk klass<\/strong><\/td>\n<td data-start=\"5520\" data-end=\"5559\" data-col-size=\"md\">Bensofuran\/fenetylamin-analog<\/td>\n<\/tr>\n<tr data-start=\"5560\" data-end=\"5639\">\n<td data-start=\"5560\" data-end=\"5574\" data-col-size=\"sm\"><strong data-start=\"5562\" data-end=\"5573\">Anv\u00e4ndande<\/strong><\/td>\n<td data-start=\"5574\" data-end=\"5639\" data-col-size=\"md\">Endast f\u00f6r analytisk, forensisk och neurokemisk forskning<\/td>\n<\/tr>\n<tr data-start=\"5640\" data-end=\"5684\">\n<td data-start=\"5640\" data-end=\"5657\" data-col-size=\"sm\"><strong data-start=\"5642\" data-end=\"5656\">F\u00f6rpackning<\/strong><\/td>\n<td data-start=\"5657\" data-end=\"5684\" data-col-size=\"md\">F\u00f6rseglad blisterremsa<\/td>\n<\/tr>\n<tr data-start=\"5685\" data-end=\"5734\">\n<td data-start=\"5685\" data-end=\"5703\" data-col-size=\"sm\"><strong data-start=\"5687\" data-end=\"5702\">Kvantitet<\/strong><\/td>\n<td data-start=\"5703\" data-end=\"5734\" data-col-size=\"md\">1 blisterf\u00f6rpackning med 100 mg pellets<\/td>\n<\/tr>\n<\/tbody>\n<\/table>\n<\/div>\n<\/div>\n<hr data-start=\"5736\" data-end=\"5739\" \/>\n<h3 data-start=\"5741\" data-end=\"5758\"><strong data-start=\"5745\" data-end=\"5758\">F\u00f6rdelar<\/strong><\/h3>\n<ul data-start=\"5760\" data-end=\"6165\">\n<li data-start=\"5760\" data-end=\"5852\">\n<p data-start=\"5762\" data-end=\"5852\"><strong data-start=\"5762\" data-end=\"5781\">H\u00f6g renhet<\/strong> \u2013 \u2265 98% laboratoriekvalitet f\u00f6r tillf\u00f6rlitliga forskningsresultat.<\/p>\n<\/li>\n<li data-start=\"5853\" data-end=\"5934\">\n<p data-start=\"5855\" data-end=\"5934\"><strong data-start=\"5855\" data-end=\"5886\">Standardiserad dosering<\/strong> \u2013 100 mg per pellet f\u00f6r konsekvent analys.<\/p>\n<\/li>\n<li data-start=\"5935\" data-end=\"6018\">\n<p data-start=\"5937\" data-end=\"6018\"><strong data-start=\"5937\" data-end=\"5959\">S\u00e4ker f\u00f6rpackning<\/strong> \u2013 Blisterf\u00f6rpackning f\u00f6rhindrar nedbrytning och kontaminering.<\/p>\n<\/li>\n<li data-start=\"6019\" data-end=\"6097\">\n<p data-start=\"6021\" data-end=\"6097\"><strong data-start=\"6021\" data-end=\"6051\">Bredt till\u00e4mplig forskning<\/strong> \u2013 L\u00e4mplig f\u00f6r HPLC, GC\/MS, FTIR och LC-MS.<\/p>\n<\/li>\n<li data-start=\"6098\" data-end=\"6165\">\n<p data-start=\"6100\" data-end=\"6165\"><strong data-start=\"6100\" data-end=\"6127\">Verifierad kvalitet<\/strong> \u2013 Varje batch testad och sp\u00e5rbar.<\/p>\n<\/li>\n<\/ul>\n<hr data-start=\"6167\" data-end=\"6170\" \/>\n<h3 data-start=\"6172\" data-end=\"6224\"><strong data-start=\"6176\" data-end=\"6222\">Anv\u00e4ndning (endast f\u00f6r forsknings\u00e4ndam\u00e5l)<\/strong><\/h3>\n<ol data-start=\"6226\" data-end=\"6580\">\n<li data-start=\"6226\" data-end=\"6295\">\n<p data-start=\"6229\" data-end=\"6295\"><strong data-start=\"6229\" data-end=\"6244\">Hantering:<\/strong> Anv\u00e4nd handskar, skyddsglas\u00f6gon och laboratorierock.<\/p>\n<\/li>\n<li data-start=\"6296\" data-end=\"6366\">\n<p data-start=\"6299\" data-end=\"6366\"><strong data-start=\"6299\" data-end=\"6312\">M\u00e5tt:<\/strong> Varje pellet inneh\u00e5ller 100 mg \u00b12 mg; registrera batchdata.<\/p>\n<\/li>\n<li data-start=\"6367\" data-end=\"6446\">\n<p data-start=\"6370\" data-end=\"6446\"><strong data-start=\"6370\" data-end=\"6381\">Lagring:<\/strong> F\u00f6rvaras i originalblisterf\u00f6rpackningen, svalt (2\u20138 \u00b0C) och m\u00f6rkt. benzo fury<\/p>\n<\/li>\n<li data-start=\"6447\" data-end=\"6511\">\n<p data-start=\"6450\" data-end=\"6511\"><strong data-start=\"6450\" data-end=\"6462\">Analys:<\/strong> L\u00e4mplig f\u00f6r kromatografi och spektroskopi.<\/p>\n<\/li>\n<li data-start=\"6512\" data-end=\"6580\">\n<p data-start=\"6515\" data-end=\"6580\"><strong data-start=\"6515\" data-end=\"6532\">Dokumentation:<\/strong> Registrera testresultat och analysmetoder.<\/p>\n<\/li>\n<\/ol>\n<hr data-start=\"6582\" data-end=\"6585\" \/>\n<h3 data-start=\"6587\" data-end=\"6622\"><strong data-start=\"6591\" data-end=\"6620\">Vanliga fr\u00e5gor (FAQ)<\/strong><\/h3>\n<p data-start=\"6624\" data-end=\"6791\"><strong data-start=\"6624\" data-end=\"6661\">1. Vad \u00e4r RC+ Benzo Fury (6-APB)?<\/strong><br data-start=\"6661\" data-end=\"6664\" \/><strong data-start=\"6664\" data-end=\"6682\">RC+ Benzo Fury<\/strong> inneh\u00e5ller <strong data-start=\"6689\" data-end=\"6698\">6-APB<\/strong>, En <strong data-start=\"6704\" data-end=\"6727\">bensofurananalog<\/strong> fr\u00e5n MDA, som anv\u00e4nds f\u00f6r analytisk och neurokemisk forskning.<\/p>\n<p data-start=\"6793\" data-end=\"6908\"><strong data-start=\"6793\" data-end=\"6826\">2. Hur ren \u00e4r produkten?<\/strong><br data-start=\"6826\" data-end=\"6829\" \/>Varje pellet inneh\u00e5ller <strong data-start=\"6847\" data-end=\"6881\">100 mg 6-APB (\u2265 98% renhet)<\/strong>, testad med HPLC och NMR.<\/p>\n<p data-start=\"6910\" data-end=\"7084\"><strong data-start=\"6910\" data-end=\"6958\">3. \u00c4r det lagligt att k\u00f6pa RC+ Benzo Fury?<\/strong><br data-start=\"6958\" data-end=\"6961\" \/>De <strong data-start=\"6964\" data-end=\"6988\">lagligheten av 6-APB<\/strong> varierar beroende p\u00e5 land. Kontrollera alltid lokala f\u00f6reskrifter innan anv\u00e4ndning <strong data-start=\"7057\" data-end=\"7081\">RC+ Benzo Fury k\u00f6per<\/strong>.<\/p>","protected":false},"excerpt":{"rendered":"<p><strong><span dir=\"auto\" style=\"vertical-align: inherit;\"><span dir=\"auto\" style=\"vertical-align: inherit;\">Synonym<\/span><\/span><\/strong><span dir=\"auto\" style=\"vertical-align: inherit;\"><span dir=\"auto\" style=\"vertical-align: inherit;\"> 6-(2-aminopropyl)bensofuran <\/span><\/span><br \/>\n<strong><span dir=\"auto\" style=\"vertical-align: inherit;\"><span dir=\"auto\" style=\"vertical-align: inherit;\">CAS-nummer:<\/span><\/span><\/strong><span dir=\"auto\" style=\"vertical-align: inherit;\"><span dir=\"auto\" style=\"vertical-align: inherit;\"> 286834-85-3 <\/span><\/span><br \/>\n<strong><span dir=\"auto\" style=\"vertical-align: inherit;\"><span dir=\"auto\" style=\"vertical-align: inherit;\">Formel<\/span><\/span><\/strong><span dir=\"auto\" style=\"vertical-align: inherit;\"><span dir=\"auto\" style=\"vertical-align: inherit;\"> : <\/span><\/span><span title=\"Kol\"><span dir=\"auto\" style=\"vertical-align: inherit;\"><span dir=\"auto\" style=\"vertical-align: inherit;\">C <\/span><\/span><\/span><sub><span dir=\"auto\" style=\"vertical-align: inherit;\"><span dir=\"auto\" style=\"vertical-align: inherit;\">11 <\/span><\/span><\/sub><span title=\"V\u00e4te\"><span dir=\"auto\" style=\"vertical-align: inherit;\"><span dir=\"auto\" style=\"vertical-align: inherit;\">H <\/span><\/span><\/span><sub><span dir=\"auto\" style=\"vertical-align: inherit;\"><span dir=\"auto\" style=\"vertical-align: inherit;\">13 <\/span><\/span><\/sub><span title=\"Kv\u00e4ve\"><span dir=\"auto\" style=\"vertical-align: inherit;\"><span dir=\"auto\" style=\"vertical-align: inherit;\">N <\/span><\/span><\/span><span title=\"Syre\"><span dir=\"auto\" style=\"vertical-align: inherit;\"><span dir=\"auto\" style=\"vertical-align: inherit;\">O <\/span><\/span><\/span><br \/>\n<strong><span dir=\"auto\" style=\"vertical-align: inherit;\"><span dir=\"auto\" style=\"vertical-align: inherit;\">Molmassa<\/span><\/span><\/strong><span dir=\"auto\" style=\"vertical-align: inherit;\"><span dir=\"auto\" style=\"vertical-align: inherit;\"> : <\/span><\/span><span class=\"nowrap\"><span dir=\"auto\" style=\"vertical-align: inherit;\"><span dir=\"auto\" style=\"vertical-align: inherit;\">175.231<\/span><\/span><\/span><span dir=\"auto\" style=\"vertical-align: inherit;\"><span dir=\"auto\" style=\"vertical-align: inherit;\"> \u00a0g\/mol <\/span><\/span><br \/>\n<strong><span dir=\"auto\" style=\"vertical-align: inherit;\"><span dir=\"auto\" style=\"vertical-align: inherit;\">Renhet<\/span><\/span><\/strong><span dir=\"auto\" style=\"vertical-align: inherit;\"><span dir=\"auto\" style=\"vertical-align: inherit;\"> : &gt;98%<\/span><\/span><\/p>","protected":false},"featured_media":21434,"comment_status":"closed","ping_status":"closed","template":"","meta":[],"product_brand":[82],"product_cat":[555],"product_tag":[117,126,130,850,118,120,119,121,851,326,122],"class_list":{"0":"post-24334","1":"product","2":"type-product","3":"status-publish","4":"has-post-thumbnail","6":"product_brand-research-chemical","7":"product_cat-b2b","8":"product_tag-6-apb-benzo-fury","9":"product_tag-6-apb-kopen","10":"product_tag-6-apb-ervaring","11":"product_tag-6apb","12":"product_tag-benzo-fury","13":"product_tag-benzo-fury-bestellen-nederland","14":"product_tag-benzo-fury-drugs","15":"product_tag-benzo-fury-kopen","16":"product_tag-benzos-drugs","17":"product_tag-nl","18":"product_tag-wat-is-benzo-fury","20":"first","21":"instock","22":"taxable","23":"shipping-taxable","24":"purchasable","25":"product-type-variable"},"_links":{"self":[{"href":"https:\/\/onderzoekschemicals.com\/sv\/wp-json\/wp\/v2\/product\/24334","targetHints":{"allow":["GET"]}}],"collection":[{"href":"https:\/\/onderzoekschemicals.com\/sv\/wp-json\/wp\/v2\/product"}],"about":[{"href":"https:\/\/onderzoekschemicals.com\/sv\/wp-json\/wp\/v2\/types\/product"}],"replies":[{"embeddable":true,"href":"https:\/\/onderzoekschemicals.com\/sv\/wp-json\/wp\/v2\/comments?post=24334"}],"version-history":[{"count":4,"href":"https:\/\/onderzoekschemicals.com\/sv\/wp-json\/wp\/v2\/product\/24334\/revisions"}],"predecessor-version":[{"id":27807,"href":"https:\/\/onderzoekschemicals.com\/sv\/wp-json\/wp\/v2\/product\/24334\/revisions\/27807"}],"wp:featuredmedia":[{"embeddable":true,"href":"https:\/\/onderzoekschemicals.com\/sv\/wp-json\/wp\/v2\/media\/21434"}],"wp:attachment":[{"href":"https:\/\/onderzoekschemicals.com\/sv\/wp-json\/wp\/v2\/media?parent=24334"}],"wp:term":[{"taxonomy":"product_brand","embeddable":true,"href":"https:\/\/onderzoekschemicals.com\/sv\/wp-json\/wp\/v2\/product_brand?post=24334"},{"taxonomy":"product_cat","embeddable":true,"href":"https:\/\/onderzoekschemicals.com\/sv\/wp-json\/wp\/v2\/product_cat?post=24334"},{"taxonomy":"product_tag","embeddable":true,"href":"https:\/\/onderzoekschemicals.com\/sv\/wp-json\/wp\/v2\/product_tag?post=24334"}],"curies":[{"name":"wp","href":"https:\/\/api.w.org\/{rel}","templated":true}]}}