{"id":24271,"date":"2025-04-13T17:41:22","date_gmt":"2025-04-13T17:41:22","guid":{"rendered":"https:\/\/onderzoekschemicals.com\/?post_type=product&#038;p=24271"},"modified":"2025-11-28T06:53:32","modified_gmt":"2025-11-28T06:53:32","slug":"bromonordiazepam-25-mg-pellets","status":"publish","type":"product","link":"https:\/\/onderzoekschemicals.com\/sv\/handla\/bensodiazepiner\/bromonordiazepam-25-mg-pellets\/","title":{"rendered":"Bromonordiazepam 2,5 MG Pellets"},"content":{"rendered":"<h3 data-start=\"3959\" data-end=\"3980\"><strong data-start=\"3963\" data-end=\"3978\">Introduktion<\/strong><\/h3>\n<p data-start=\"3981\" data-end=\"4362\"><strong data-start=\"3981\" data-end=\"4015\">Bromonordiazepam 2,5 mg pellets<\/strong> inneh\u00e5lla <strong data-start=\"4025\" data-end=\"4059\">2,5 milligram bromonordiazepam<\/strong>, En <strong data-start=\"4065\" data-end=\"4106\">l\u00e5ngverkande bensodiazepinf\u00f6rening<\/strong> vilket \u00e4r strukturellt relaterat till <strong data-start=\"4138\" data-end=\"4153\">Nordiazepam<\/strong> och <strong data-start=\"4157\" data-end=\"4169\">Diazepam<\/strong>bromonordiazepam<br data-start=\"4170\" data-end=\"4173\" \/>Den anv\u00e4nds i <strong data-start=\"4195\" data-end=\"4233\">forensisk och analytisk forskning<\/strong> Obehaglig <strong data-start=\"4239\" data-end=\"4265\">GABA-A-receptorbindning<\/strong>, <strong data-start=\"4267\" data-end=\"4282\">metabolism<\/strong> och <strong data-start=\"4286\" data-end=\"4328\">struktur-aktivitetssamband (SAR)<\/strong> inom bensodiazepinklassen.<\/p>\n<p data-start=\"4364\" data-end=\"4583\">Varje pellet \u00e4r <strong data-start=\"4379\" data-end=\"4407\">laboratorieframst\u00e4lld<\/strong> och testades p\u00e5 en <strong data-start=\"4425\" data-end=\"4449\">renhet \u2265 98%<\/strong> via <strong data-start=\"4454\" data-end=\"4469\">HPLC och NMR<\/strong>.<br data-start=\"4470\" data-end=\"4473\" \/>De <strong data-start=\"4476\" data-end=\"4517\">standardiserad dos p\u00e5 2,5 mg<\/strong> s\u00e4kerst\u00e4ller reproducerbara och tillf\u00f6rlitliga forskningsresultat.<\/p>\n<blockquote data-start=\"4585\" data-end=\"4736\">\n<p data-start=\"4587\" data-end=\"4736\">\u26a0\ufe0f <strong data-start=\"4590\" data-end=\"4601\">OBS:<\/strong> Bromonordiazepam \u00e4r endast avsett f\u00f6r <strong data-start=\"4647\" data-end=\"4682\">forskning och analytisk anv\u00e4ndning<\/strong> \u2014 <strong data-start=\"4685\" data-end=\"4734\">inte f\u00f6r konsumtion av m\u00e4nniskor eller djur.<\/strong><\/p>\n<\/blockquote>\n<hr data-start=\"4738\" data-end=\"4741\" \/>\n<h3 data-start=\"4743\" data-end=\"4774\"><strong data-start=\"4747\" data-end=\"4774\">Viktiga funktioner<\/strong><\/h3>\n<div class=\"_tableContainer_1rjym_1\">\n<div class=\"group _tableWrapper_1rjym_13 flex w-fit flex-col-reverse\" tabindex=\"-1\">\n<table class=\"w-fit min-w-(--thread-content-width)\" data-start=\"4776\" data-end=\"5322\">\n<thead data-start=\"4776\" data-end=\"4802\">\n<tr data-start=\"4776\" data-end=\"4802\">\n<th data-start=\"4776\" data-end=\"4786\" data-col-size=\"sm\">S\u00e4rdrag<\/th>\n<th data-start=\"4786\" data-end=\"4802\" data-col-size=\"md\">Beskrivning<\/th>\n<\/tr>\n<\/thead>\n<tbody data-start=\"4831\" data-end=\"5322\">\n<tr data-start=\"4831\" data-end=\"4872\">\n<td data-start=\"4831\" data-end=\"4852\" data-col-size=\"sm\"><strong data-start=\"4833\" data-end=\"4851\">Kemiskt namn<\/strong><\/td>\n<td data-start=\"4852\" data-end=\"4872\" data-col-size=\"md\">Bromonordiazepam<\/td>\n<\/tr>\n<tr data-start=\"4873\" data-end=\"4914\">\n<td data-start=\"4873\" data-end=\"4897\" data-col-size=\"sm\"><strong data-start=\"4875\" data-end=\"4896\">Kemisk formel<\/strong><\/td>\n<td data-start=\"4897\" data-end=\"4914\" data-col-size=\"md\">C\u2081\u2085H\u2081\u2080BrClN\u2082O<\/td>\n<\/tr>\n<tr data-start=\"4915\" data-end=\"4953\">\n<td data-start=\"4915\" data-end=\"4937\" data-col-size=\"sm\"><strong data-start=\"4917\" data-end=\"4936\">Molekylvikt<\/strong><\/td>\n<td data-start=\"4937\" data-end=\"4953\" data-col-size=\"md\">365,61 g\/mol<\/td>\n<\/tr>\n<tr data-start=\"4954\" data-end=\"4989\">\n<td data-start=\"4954\" data-end=\"4969\" data-col-size=\"sm\"><strong data-start=\"4956\" data-end=\"4968\">Dosering<\/strong><\/td>\n<td data-start=\"4969\" data-end=\"4989\" data-col-size=\"md\">2,5 mg per pellet<\/td>\n<\/tr>\n<tr data-start=\"4990\" data-end=\"5037\">\n<td data-start=\"4990\" data-end=\"5001\" data-col-size=\"sm\"><strong data-start=\"4992\" data-end=\"5000\">Form<\/strong><\/td>\n<td data-start=\"5001\" data-end=\"5037\" data-col-size=\"md\">Fast pellet (blisterf\u00f6rpackning)<\/td>\n<\/tr>\n<tr data-start=\"5038\" data-end=\"5089\">\n<td data-start=\"5038\" data-end=\"5055\" data-col-size=\"sm\"><strong data-start=\"5040\" data-end=\"5054\">Renhet<\/strong><\/td>\n<td data-start=\"5055\" data-end=\"5089\" data-col-size=\"md\">\u2265 98% (testad med HPLC och NMR)<\/td>\n<\/tr>\n<tr data-start=\"5090\" data-end=\"5140\">\n<td data-start=\"5090\" data-end=\"5113\" data-col-size=\"sm\"><strong data-start=\"5092\" data-end=\"5112\">Kemisk klass<\/strong><\/td>\n<td data-start=\"5113\" data-end=\"5140\" data-col-size=\"md\">Bensodiazepinderivat<\/td>\n<\/tr>\n<tr data-start=\"5141\" data-end=\"5221\">\n<td data-start=\"5141\" data-end=\"5155\" data-col-size=\"sm\"><strong data-start=\"5143\" data-end=\"5154\">Anv\u00e4ndande<\/strong><\/td>\n<td data-start=\"5155\" data-end=\"5221\" data-col-size=\"md\">Endast f\u00f6r analytisk, forensisk och farmakologisk forskning<\/td>\n<\/tr>\n<tr data-start=\"5222\" data-end=\"5271\">\n<td data-start=\"5222\" data-end=\"5239\" data-col-size=\"sm\"><strong data-start=\"5224\" data-end=\"5238\">F\u00f6rpackning<\/strong><\/td>\n<td data-start=\"5239\" data-end=\"5271\" data-col-size=\"md\">Blisterremsa med f\u00f6rsegling<\/td>\n<\/tr>\n<tr data-start=\"5272\" data-end=\"5322\">\n<td data-start=\"5272\" data-end=\"5290\" data-col-size=\"sm\"><strong data-start=\"5274\" data-end=\"5289\">Kvantitet<\/strong><\/td>\n<td data-start=\"5290\" data-end=\"5322\" data-col-size=\"md\">Flera pellets per blisterf\u00f6rpackning<\/td>\n<\/tr>\n<\/tbody>\n<\/table>\n<\/div>\n<\/div>\n<hr data-start=\"5324\" data-end=\"5327\" \/>\n<h3 data-start=\"5329\" data-end=\"5346\"><strong data-start=\"5333\" data-end=\"5346\">F\u00f6rdelar<\/strong><\/h3>\n<ul data-start=\"5348\" data-end=\"5732\">\n<li data-start=\"5348\" data-end=\"5432\">\n<p data-start=\"5350\" data-end=\"5432\"><strong data-start=\"5350\" data-end=\"5377\">H\u00f6g renhet (\u2265 98%)<\/strong> \u2013 Laboratoriekvalitet f\u00f6r tillf\u00f6rlitliga resultat. bromonordiazepam<\/p>\n<\/li>\n<li data-start=\"5433\" data-end=\"5515\">\n<p data-start=\"5435\" data-end=\"5515\"><strong data-start=\"5435\" data-end=\"5474\">Standardiserad dosering (2,5 mg)<\/strong> \u2013 S\u00e4kerst\u00e4ller reproducerbara m\u00e4tningar.<\/p>\n<\/li>\n<li data-start=\"5516\" data-end=\"5583\">\n<p data-start=\"5518\" data-end=\"5583\"><strong data-start=\"5518\" data-end=\"5541\">Stabil fast form<\/strong> \u2013 L\u00e4tt att hantera och f\u00f6rvara.<\/p>\n<\/li>\n<li data-start=\"5584\" data-end=\"5664\">\n<p data-start=\"5586\" data-end=\"5664\"><strong data-start=\"5586\" data-end=\"5616\">Bredt till\u00e4mplig forskning<\/strong> \u2013 L\u00e4mplig f\u00f6r GC\/MS-, LC-MS- och HPLC-analys.<\/p>\n<\/li>\n<li data-start=\"5665\" data-end=\"5732\">\n<p data-start=\"5667\" data-end=\"5732\"><strong data-start=\"5667\" data-end=\"5692\">Sp\u00e5rbar kvalitet<\/strong> \u2013 Varje batch testad och registrerad.<\/p>\n<\/li>\n<\/ul>\n<hr data-start=\"5734\" data-end=\"5737\" \/>\n<h3 data-start=\"5739\" data-end=\"5791\"><strong data-start=\"5743\" data-end=\"5789\">Anv\u00e4ndning (endast f\u00f6r forsknings\u00e4ndam\u00e5l)<\/strong><\/h3>\n<ol data-start=\"5793\" data-end=\"6126\">\n<li data-start=\"5793\" data-end=\"5862\">\n<p data-start=\"5796\" data-end=\"5862\"><strong data-start=\"5796\" data-end=\"5811\">Hantering:<\/strong> Anv\u00e4nd handskar, skyddsglas\u00f6gon och laboratorierock.<\/p>\n<\/li>\n<li data-start=\"5863\" data-end=\"5937\">\n<p data-start=\"5866\" data-end=\"5937\"><strong data-start=\"5866\" data-end=\"5879\">M\u00e5tt:<\/strong> Varje pellet inneh\u00e5ller 2,5 mg \u00b10,1 mg; anteckna batchinformationen.<\/p>\n<\/li>\n<li data-start=\"5938\" data-end=\"5992\">\n<p data-start=\"5941\" data-end=\"5992\"><strong data-start=\"5941\" data-end=\"5952\">Lagring:<\/strong> F\u00f6rvara svalt (2\u20138 \u00b0C), torrt och m\u00f6rkt.<\/p>\n<\/li>\n<li data-start=\"5993\" data-end=\"6061\">\n<p data-start=\"5996\" data-end=\"6061\"><strong data-start=\"5996\" data-end=\"6008\">Analys:<\/strong> L\u00e4mplig f\u00f6r kromatografi och receptorforskning.<\/p>\n<\/li>\n<li data-start=\"6062\" data-end=\"6126\">\n<p data-start=\"6065\" data-end=\"6126\"><strong data-start=\"6065\" data-end=\"6082\">Dokumentation:<\/strong> Registrera resultat och analysmetoder.<\/p>\n<\/li>\n<\/ol>\n<hr data-start=\"6128\" data-end=\"6131\" \/>\n<h3 data-start=\"6133\" data-end=\"6168\"><strong data-start=\"6137\" data-end=\"6166\">Vanliga fr\u00e5gor (FAQ)<\/strong><\/h3>\n<p data-start=\"6170\" data-end=\"6308\"><strong data-start=\"6170\" data-end=\"6201\">1. Vad \u00e4r bromonordiazepam?<\/strong><br data-start=\"6201\" data-end=\"6204\" \/>En <strong data-start=\"6208\" data-end=\"6234\">bensodiazepinanalog<\/strong> anv\u00e4nds f\u00f6r forskning om GABA-A-receptorinteraktioner och metabolism.<\/p>\n<p data-start=\"6310\" data-end=\"6439\"><strong data-start=\"6310\" data-end=\"6343\">2. Hur ren \u00e4r produkten?<\/strong><br data-start=\"6343\" data-end=\"6346\" \/>Varje pellet inneh\u00e5ller <strong data-start=\"6364\" data-end=\"6409\">2,5 mg bromonordiazepam (renhet \u2265 98%)<\/strong>, bekr\u00e4ftad med HPLC och NMR.<\/p>\n<p data-start=\"6441\" data-end=\"6630\"><strong data-start=\"6441\" data-end=\"6491\">3. \u00c4r det lagligt att k\u00f6pa Bromonordiazepam?<\/strong><br data-start=\"6491\" data-end=\"6494\" \/>De <strong data-start=\"6497\" data-end=\"6532\">Lagligheten av Bromonordiazepam<\/strong> varierar beroende p\u00e5 land. Kontrollera alltid lokala f\u00f6reskrifter innan anv\u00e4ndning <strong data-start=\"6601\" data-end=\"6627\">K\u00f6p Bromonordiazepam<\/strong>. <a href=\"https:\/\/onderzoekschemicals.com\/sv\/handla\/okategoriserad\/kop-4mmc\/\">k\u00f6p 4mmc<\/a><\/p>","protected":false},"excerpt":{"rendered":"<p>Introductie Bromonordiazepam 2,5mg Pellets bevatten 2,5 milligram Bromonordiazepam, een langwerkende benzodiazepineverbinding die structureel verwant is aan Nordiazepam en Diazepam. bromonordiazepamHet<\/p>","protected":false},"featured_media":29442,"comment_status":"closed","ping_status":"closed","template":"","meta":[],"product_brand":[],"product_cat":[76,385,390,324],"product_tag":[185,326],"class_list":{"0":"post-24271","1":"product","2":"type-product","3":"status-publish","4":"has-post-thumbnail","6":"product_cat-benzodiazepinen","7":"product_cat-bromonordiazepam","8":"product_cat-bromonordiazepam-pellets","9":"product_cat-pellets-for-pellet","10":"product_tag-bromonordiazepam","11":"product_tag-nl","13":"first","14":"instock","15":"taxable","16":"shipping-taxable","17":"purchasable","18":"product-type-variable"},"_links":{"self":[{"href":"https:\/\/onderzoekschemicals.com\/sv\/wp-json\/wp\/v2\/product\/24271","targetHints":{"allow":["GET"]}}],"collection":[{"href":"https:\/\/onderzoekschemicals.com\/sv\/wp-json\/wp\/v2\/product"}],"about":[{"href":"https:\/\/onderzoekschemicals.com\/sv\/wp-json\/wp\/v2\/types\/product"}],"replies":[{"embeddable":true,"href":"https:\/\/onderzoekschemicals.com\/sv\/wp-json\/wp\/v2\/comments?post=24271"}],"version-history":[{"count":4,"href":"https:\/\/onderzoekschemicals.com\/sv\/wp-json\/wp\/v2\/product\/24271\/revisions"}],"predecessor-version":[{"id":27816,"href":"https:\/\/onderzoekschemicals.com\/sv\/wp-json\/wp\/v2\/product\/24271\/revisions\/27816"}],"wp:featuredmedia":[{"embeddable":true,"href":"https:\/\/onderzoekschemicals.com\/sv\/wp-json\/wp\/v2\/media\/29442"}],"wp:attachment":[{"href":"https:\/\/onderzoekschemicals.com\/sv\/wp-json\/wp\/v2\/media?parent=24271"}],"wp:term":[{"taxonomy":"product_brand","embeddable":true,"href":"https:\/\/onderzoekschemicals.com\/sv\/wp-json\/wp\/v2\/product_brand?post=24271"},{"taxonomy":"product_cat","embeddable":true,"href":"https:\/\/onderzoekschemicals.com\/sv\/wp-json\/wp\/v2\/product_cat?post=24271"},{"taxonomy":"product_tag","embeddable":true,"href":"https:\/\/onderzoekschemicals.com\/sv\/wp-json\/wp\/v2\/product_tag?post=24271"}],"curies":[{"name":"wp","href":"https:\/\/api.w.org\/{rel}","templated":true}]}}