{"id":24262,"date":"2025-04-13T17:41:21","date_gmt":"2025-04-13T17:41:21","guid":{"rendered":"https:\/\/onderzoekschemicals.com\/?post_type=product&#038;p=24262"},"modified":"2025-10-12T19:22:48","modified_gmt":"2025-10-12T19:22:48","slug":"beta-k-2c-b-zakje-3-pellets","status":"publish","type":"product","link":"https:\/\/onderzoekschemicals.com\/sv\/shop\/b2b\/beta-k-2c-b-zakje-3-pellets\/","title":{"rendered":"RC+ Beta-k-2C-B p\u00e5se 3 pellets"},"content":{"rendered":"<h2 data-start=\"4868\" data-end=\"4894\"><strong data-start=\"4871\" data-end=\"4894\">Produktbeskrivning<\/strong><\/h2>\n<p data-start=\"4896\" data-end=\"5173\"><strong data-start=\"4896\" data-end=\"4931\">RC+ Beta-k-2C-B p\u00e5se 3 pellets<\/strong> \u00e4r en <strong data-start=\"4939\" data-end=\"4976\">h\u00f6gkvalitativt forskningsmaterial<\/strong>, avsedd f\u00f6r analytisk, forensisk och akademisk laboratorieforskning. Denna f\u00f6rening \u00e4r en del av <strong data-start=\"5089\" data-end=\"5102\">RC+-serien<\/strong> och st\u00f6der forskning om <strong data-start=\"5137\" data-end=\"5170\">nya fenetylaminanaloger<\/strong>.<\/p>\n<p data-start=\"5175\" data-end=\"5338\">Varje paket inneh\u00e5ller <strong data-start=\"5197\" data-end=\"5237\">tre precisionstillverkade pellets<\/strong>, producerad under kontrollerade f\u00f6rh\u00e5llanden f\u00f6r maximal konsistens och reproducerbarhet.<\/p>\n<p data-start=\"5340\" data-end=\"5480\">\u26a0\ufe0f <strong data-start=\"5343\" data-end=\"5358\">Viktig:<\/strong> Denna produkt \u00e4r <strong data-start=\"5374\" data-end=\"5423\">endast avsedd f\u00f6r forsknings\u00e4ndam\u00e5l<\/strong> och <strong data-start=\"5427\" data-end=\"5479\">inte l\u00e4mplig f\u00f6r anv\u00e4ndning p\u00e5 m\u00e4nniskor eller djur<\/strong>.<\/p>\n<hr data-start=\"5482\" data-end=\"5485\" \/>\n<h2 data-start=\"5487\" data-end=\"5517\"><strong data-start=\"5490\" data-end=\"5517\">Viktiga funktioner<\/strong><\/h2>\n<ul data-start=\"5519\" data-end=\"5905\">\n<li data-start=\"5519\" data-end=\"5570\">\n<p data-start=\"5521\" data-end=\"5570\"><strong data-start=\"5521\" data-end=\"5540\">H\u00f6g renhet<\/strong> enligt laboratoriestandarder.<\/p>\n<\/li>\n<li data-start=\"5571\" data-end=\"5643\">\n<p data-start=\"5573\" data-end=\"5643\"><strong data-start=\"5573\" data-end=\"5604\">Standardiserad dosering<\/strong> \u2013 varje pellet \u00e4r noggrant sammansatt.<\/p>\n<\/li>\n<li data-start=\"5644\" data-end=\"5715\">\n<p data-start=\"5646\" data-end=\"5715\"><strong data-start=\"5646\" data-end=\"5670\">Stabil formulering<\/strong> \u2013 motst\u00e5ndskraftig mot nedbrytning under lagring.<\/p>\n<\/li>\n<li data-start=\"5716\" data-end=\"5795\">\n<p data-start=\"5718\" data-end=\"5795\"><strong data-start=\"5718\" data-end=\"5740\">S\u00e4ker f\u00f6rpackning<\/strong> \u2013 luftt\u00e4t och f\u00f6rseglad f\u00f6r maximalt skydd.<\/p>\n<\/li>\n<li data-start=\"5796\" data-end=\"5905\">\n<p data-start=\"5798\" data-end=\"5905\"><strong data-start=\"5798\" data-end=\"5824\">I enlighet med EU-f\u00f6rordningar<\/strong> \u2013 producerade enligt s\u00e4kerhetsf\u00f6reskrifterna f\u00f6r forskningskemikalier.<\/p>\n<\/li>\n<\/ul>\n<hr data-start=\"5907\" data-end=\"5910\" \/>\n<h2 data-start=\"5912\" data-end=\"5946\"><strong data-start=\"5915\" data-end=\"5946\">F\u00f6rdelar f\u00f6r forskare<\/strong><\/h2>\n<ul data-start=\"5948\" data-end=\"6258\">\n<li data-start=\"5948\" data-end=\"6025\">\n<p data-start=\"5950\" data-end=\"6025\">St\u00f6der <strong data-start=\"5962\" data-end=\"6003\">toxikologisk och analytisk forskning<\/strong> till 2C-B-analoger.<\/p>\n<\/li>\n<li data-start=\"6026\" data-end=\"6087\">\n<p data-start=\"6028\" data-end=\"6087\">L\u00e4mplig f\u00f6r <strong data-start=\"6042\" data-end=\"6084\">r\u00e4ttsmedicinsk och farmakologisk forskning<\/strong>.<\/p>\n<\/li>\n<li data-start=\"6088\" data-end=\"6139\">\n<p data-start=\"6090\" data-end=\"6139\">Hj\u00e4lper med <strong data-start=\"6100\" data-end=\"6136\">strukturella j\u00e4mf\u00f6relsestudier<\/strong>.<\/p>\n<\/li>\n<li data-start=\"6140\" data-end=\"6192\">\n<p data-start=\"6142\" data-end=\"6192\">Erbjudanden <strong data-start=\"6148\" data-end=\"6189\">h\u00f6gkvalitativa referensprover<\/strong>.<\/p>\n<\/li>\n<li data-start=\"6193\" data-end=\"6258\">\n<p data-start=\"6195\" data-end=\"6258\">L\u00e4mplig f\u00f6r <strong data-start=\"6209\" data-end=\"6255\">metodutveckling inom LC-MS, GC-MS och NMR<\/strong>.<\/p>\n<\/li>\n<\/ul>\n<hr data-start=\"6260\" data-end=\"6263\" \/>\n<h2 data-start=\"6265\" data-end=\"6299\"><strong data-start=\"6268\" data-end=\"6299\">Anv\u00e4ndning (forskningskontext)<\/strong><\/h2>\n<ol data-start=\"6301\" data-end=\"6567\">\n<li data-start=\"6301\" data-end=\"6346\">\n<p data-start=\"6304\" data-end=\"6346\">Anv\u00e4nd endast i ackrediterade laboratorier.<\/p>\n<\/li>\n<li data-start=\"6347\" data-end=\"6407\">\n<p data-start=\"6350\" data-end=\"6407\">Anv\u00e4nd handskar, skyddsglas\u00f6gon och laboratorierock.<\/p>\n<\/li>\n<li data-start=\"6408\" data-end=\"6469\">\n<p data-start=\"6411\" data-end=\"6469\">Anv\u00e4nd precisionsinstrument f\u00f6r noggranna m\u00e4tningar.<\/p>\n<\/li>\n<li data-start=\"6470\" data-end=\"6517\">\n<p data-start=\"6473\" data-end=\"6517\">F\u00f6rvara svalt, torrt och m\u00f6rkt (under 25 \u00b0C).<\/p>\n<\/li>\n<li data-start=\"6518\" data-end=\"6567\">\n<p data-start=\"6521\" data-end=\"6567\">Kassera rester i enlighet med lokala f\u00f6reskrifter.<\/p>\n<\/li>\n<\/ol>\n<blockquote data-start=\"6569\" data-end=\"6664\">\n<p data-start=\"6571\" data-end=\"6664\"><strong data-start=\"6571\" data-end=\"6582\">OBS:<\/strong> <em data-start=\"6583\" data-end=\"6616\">RC+ Beta-k-2C-B p\u00e5se 3 pellets<\/em> \u00e4r <strong data-start=\"6620\" data-end=\"6663\">inte avsedd f\u00f6r m\u00e4nsklig konsumtion<\/strong>.<\/p>\n<\/blockquote>\n<hr data-start=\"6666\" data-end=\"6669\" \/>\n<h2 data-start=\"6671\" data-end=\"6705\"><strong data-start=\"6674\" data-end=\"6705\">Vanliga fr\u00e5gor (FAQ)<\/strong><\/h2>\n<h3 data-start=\"6707\" data-end=\"6758\"><strong data-start=\"6711\" data-end=\"6758\">1. Vad anv\u00e4nds RC+ Beta-k-2C-B till?<\/strong><\/h3>\n<p data-start=\"6759\" data-end=\"6859\">Detta tyg anv\u00e4nds f\u00f6r <strong data-start=\"6789\" data-end=\"6830\">analytisk och toxikologisk forskning<\/strong> till fenetylaminanaloger.<\/p>\n<hr data-start=\"6861\" data-end=\"6864\" \/>\n<h3 data-start=\"6866\" data-end=\"6909\"><strong data-start=\"6870\" data-end=\"6909\">2. Hur m\u00e5nga pellets inneh\u00e5ller en p\u00e5se?<\/strong><\/h3>\n<p data-start=\"6910\" data-end=\"7003\">Varje p\u00e5se inneh\u00e5ller <strong data-start=\"6926\" data-end=\"6939\">3 pellets<\/strong>, noggrant sammanst\u00e4lld f\u00f6r konsekventa forskningsresultat.<\/p>\n<hr data-start=\"7005\" data-end=\"7008\" \/>\n<h3 data-start=\"7010\" data-end=\"7082\"><strong data-start=\"7014\" data-end=\"7082\">3. Kan jag k\u00f6pa RC+ Beta-k-2C-B p\u00e5se med 3 pellets som privatperson?<\/strong><\/h3>\n<p data-start=\"7083\" data-end=\"7187\">Nej, bara <strong data-start=\"7095\" data-end=\"7129\">erk\u00e4nda forskningsinstitutioner<\/strong> med l\u00e4mpliga tillst\u00e5nd f\u00e5r k\u00f6pa denna produkt.<\/p>\n<hr data-start=\"7189\" data-end=\"7192\" \/>\n<h2 data-start=\"7194\" data-end=\"7222\"><strong data-start=\"7197\" data-end=\"7222\">S\u00e4kerhetsinformation<\/strong><\/h2>\n<ul data-start=\"7224\" data-end=\"7402\">\n<li data-start=\"7224\" data-end=\"7276\">\n<p data-start=\"7226\" data-end=\"7276\">Anv\u00e4nd endast i laboratoriemilj\u00f6.<\/p>\n<\/li>\n<li data-start=\"7277\" data-end=\"7314\">\n<p data-start=\"7279\" data-end=\"7314\">Undvik kontakt med hud och \u00f6gon.<\/p>\n<\/li>\n<li data-start=\"7315\" data-end=\"7346\">\n<p data-start=\"7317\" data-end=\"7346\">Andas inte in eller sv\u00e4lj.<\/p>\n<\/li>\n<li data-start=\"7347\" data-end=\"7402\">\n<p data-start=\"7349\" data-end=\"7402\">F\u00f6rvaras inl\u00e5st och utom r\u00e4ckh\u00e5ll f\u00f6r obeh\u00f6riga.<\/p>\n<\/li>\n<\/ul>","protected":false},"excerpt":{"rendered":"<p><strong><span dir=\"auto\" style=\"vertical-align: inherit;\"><span dir=\"auto\" style=\"vertical-align: inherit;\">Synonym:<\/span><\/span><\/strong><span dir=\"auto\" style=\"vertical-align: inherit;\"><span dir=\"auto\" style=\"vertical-align: inherit;\"> bk-2C-B <\/span><\/span><br \/>\n<strong><span dir=\"auto\" style=\"vertical-align: inherit;\"><span dir=\"auto\" style=\"vertical-align: inherit;\">CAS-nummer: <\/span><\/span><\/strong><br \/>\n<strong><span dir=\"auto\" style=\"vertical-align: inherit;\"><span dir=\"auto\" style=\"vertical-align: inherit;\">Formel:<\/span><\/span><\/strong><span dir=\"auto\" style=\"vertical-align: inherit;\"><span dir=\"auto\" style=\"vertical-align: inherit;\"> 2-amino-1-(4-brom-2,5-dimetoxifenyl)-etanonhydroklorid <\/span><\/span><br \/>\n<strong><span dir=\"auto\" style=\"vertical-align: inherit;\"><span dir=\"auto\" style=\"vertical-align: inherit;\">Molmassa:<\/span><\/span><\/strong><span dir=\"auto\" style=\"vertical-align: inherit;\"><span dir=\"auto\" style=\"vertical-align: inherit;\"> 296,6 g\/mol <\/span><\/span><br \/>\n<strong><span dir=\"auto\" style=\"vertical-align: inherit;\"><span dir=\"auto\" style=\"vertical-align: inherit;\">Renhet:<\/span><\/span><\/strong><span dir=\"auto\" style=\"vertical-align: inherit;\"><span dir=\"auto\" style=\"vertical-align: inherit;\"> &gt;97%<\/span><\/span><\/p>","protected":false},"featured_media":21346,"comment_status":"closed","ping_status":"closed","template":"","meta":[],"product_brand":[82],"product_cat":[555],"product_tag":[869,244,867,326,868],"class_list":{"0":"post-24262","1":"product","2":"type-product","3":"status-publish","4":"has-post-thumbnail","6":"product_brand-research-chemical","7":"product_cat-b2b","8":"product_tag-2c-b-analogon-pellets","9":"product_tag-beta-k-2c-b","10":"product_tag-beta-k-2c-b-onderzoek","11":"product_tag-nl","12":"product_tag-rc-psychedelische-fenethylamine","14":"first","15":"instock","16":"taxable","17":"shipping-taxable","18":"purchasable","19":"product-type-variable"},"_links":{"self":[{"href":"https:\/\/onderzoekschemicals.com\/sv\/wp-json\/wp\/v2\/product\/24262","targetHints":{"allow":["GET"]}}],"collection":[{"href":"https:\/\/onderzoekschemicals.com\/sv\/wp-json\/wp\/v2\/product"}],"about":[{"href":"https:\/\/onderzoekschemicals.com\/sv\/wp-json\/wp\/v2\/types\/product"}],"replies":[{"embeddable":true,"href":"https:\/\/onderzoekschemicals.com\/sv\/wp-json\/wp\/v2\/comments?post=24262"}],"version-history":[{"count":4,"href":"https:\/\/onderzoekschemicals.com\/sv\/wp-json\/wp\/v2\/product\/24262\/revisions"}],"predecessor-version":[{"id":27821,"href":"https:\/\/onderzoekschemicals.com\/sv\/wp-json\/wp\/v2\/product\/24262\/revisions\/27821"}],"wp:featuredmedia":[{"embeddable":true,"href":"https:\/\/onderzoekschemicals.com\/sv\/wp-json\/wp\/v2\/media\/21346"}],"wp:attachment":[{"href":"https:\/\/onderzoekschemicals.com\/sv\/wp-json\/wp\/v2\/media?parent=24262"}],"wp:term":[{"taxonomy":"product_brand","embeddable":true,"href":"https:\/\/onderzoekschemicals.com\/sv\/wp-json\/wp\/v2\/product_brand?post=24262"},{"taxonomy":"product_cat","embeddable":true,"href":"https:\/\/onderzoekschemicals.com\/sv\/wp-json\/wp\/v2\/product_cat?post=24262"},{"taxonomy":"product_tag","embeddable":true,"href":"https:\/\/onderzoekschemicals.com\/sv\/wp-json\/wp\/v2\/product_tag?post=24262"}],"curies":[{"name":"wp","href":"https:\/\/api.w.org\/{rel}","templated":true}]}}