{"id":24177,"date":"2025-04-13T17:41:13","date_gmt":"2025-04-13T17:41:13","guid":{"rendered":"https:\/\/onderzoekschemicals.com\/?post_type=product&#038;p=24177"},"modified":"2025-10-12T20:15:09","modified_gmt":"2025-10-12T20:15:09","slug":"norflurazepam-10mg-box","status":"publish","type":"product","link":"https:\/\/onderzoekschemicals.com\/sv\/shop\/b2b\/norflurazepam-10mg-box\/","title":{"rendered":"RC+ Norflurazepam 10 mg f\u00f6rpackning"},"content":{"rendered":"<h2 data-start=\"3808\" data-end=\"3834\"><strong data-start=\"3811\" data-end=\"3834\">Produktbeskrivning<\/strong><\/h2>\n<p data-start=\"3836\" data-end=\"4181\"><strong data-start=\"3836\" data-end=\"3866\">RC+ Norflurazepam 10 mg f\u00f6rpackning<\/strong> inneh\u00e5ller en <strong data-start=\"3877\" data-end=\"3915\">forskningssubstans med h\u00f6g renhet<\/strong>, utformad f\u00f6r <strong data-start=\"3932\" data-end=\"3989\">toxikologisk, farmakologisk och forensisk forskning<\/strong>.<br data-start=\"3990\" data-end=\"3993\" \/>Norflurazepam (\u00e4ven k\u00e4nt som <strong data-start=\"4023\" data-end=\"4045\">Desalkylflurazepam<\/strong>) \u00e4r en <strong data-start=\"4054\" data-end=\"4081\">bensodiazepinderivat<\/strong> vilket ofta anv\u00e4nds som <strong data-start=\"4110\" data-end=\"4133\">referensstandard<\/strong> i laboratorieanalyser av bensodiazepiner.<\/p>\n<p data-start=\"4183\" data-end=\"4338\">Varje l\u00e5da inneh\u00e5ller <strong data-start=\"4198\" data-end=\"4238\">10 mg pellets av forskningskvalitet<\/strong>, producerad under kontrollerade f\u00f6rh\u00e5llanden f\u00f6r <strong data-start=\"4294\" data-end=\"4337\">renhet, stabilitet och konsistens<\/strong>.<\/p>\n<p data-start=\"4340\" data-end=\"4476\">\u26a0\ufe0f <strong data-start=\"4343\" data-end=\"4354\">OBS:<\/strong> Denna produkt \u00e4r <strong data-start=\"4370\" data-end=\"4419\">endast avsedd f\u00f6r forsknings\u00e4ndam\u00e5l<\/strong> och <strong data-start=\"4423\" data-end=\"4475\">inte l\u00e4mplig f\u00f6r anv\u00e4ndning p\u00e5 m\u00e4nniskor eller djur<\/strong>.<\/p>\n<hr data-start=\"4478\" data-end=\"4481\" \/>\n<h2 data-start=\"4483\" data-end=\"4513\"><strong data-start=\"4486\" data-end=\"4513\">Viktiga funktioner<\/strong><\/h2>\n<ul data-start=\"4515\" data-end=\"4881\">\n<li data-start=\"4515\" data-end=\"4588\">\n<p data-start=\"4517\" data-end=\"4588\"><strong data-start=\"4517\" data-end=\"4537\">H\u00f6g renhet:<\/strong> L\u00e4mplig f\u00f6r avancerad laboratorieforskning.<\/p>\n<\/li>\n<li data-start=\"4589\" data-end=\"4668\">\n<p data-start=\"4591\" data-end=\"4668\"><strong data-start=\"4591\" data-end=\"4623\">Standardiserad dosering:<\/strong> 10 mg per pellet f\u00f6r noggrann analys.<\/p>\n<\/li>\n<li data-start=\"4669\" data-end=\"4736\">\n<p data-start=\"4671\" data-end=\"4736\"><strong data-start=\"4671\" data-end=\"4696\">Stabil formulering:<\/strong> Resistent mot nedbrytning och oxidation.<\/p>\n<\/li>\n<li data-start=\"4737\" data-end=\"4800\">\n<p data-start=\"4739\" data-end=\"4800\"><strong data-start=\"4739\" data-end=\"4762\">S\u00e4ker f\u00f6rpackning:<\/strong> F\u00f6rseglad och skyddad mot fukt.<\/p>\n<\/li>\n<li data-start=\"4801\" data-end=\"4881\">\n<p data-start=\"4803\" data-end=\"4881\"><strong data-start=\"4803\" data-end=\"4830\">I enlighet med EU-f\u00f6rordningar:<\/strong> Tillverkad enligt europeiska s\u00e4kerhetsstandarder.<\/p>\n<\/li>\n<\/ul>\n<hr data-start=\"4883\" data-end=\"4886\" \/>\n<h2 data-start=\"4888\" data-end=\"4922\"><strong data-start=\"4891\" data-end=\"4922\">F\u00f6rdelar f\u00f6r forskare<\/strong><\/h2>\n<ul data-start=\"4924\" data-end=\"5200\">\n<li data-start=\"4924\" data-end=\"4984\">\n<p data-start=\"4926\" data-end=\"4984\">L\u00e4mplig f\u00f6r <strong data-start=\"4940\" data-end=\"4981\">forensisk och toxikologisk forskning<\/strong>.<\/p>\n<\/li>\n<li data-start=\"4985\" data-end=\"5056\">\n<p data-start=\"4987\" data-end=\"5056\">St\u00f6der <strong data-start=\"4999\" data-end=\"5033\">metodvalidering och kalibrering<\/strong> (LC-MS, GC-MS, NMR).<\/p>\n<\/li>\n<li data-start=\"5057\" data-end=\"5133\">\n<p data-start=\"5059\" data-end=\"5133\">Hj\u00e4lper med <strong data-start=\"5069\" data-end=\"5099\">strukturella ekvationer<\/strong> av bensodiazepinf\u00f6reningar.<\/p>\n<\/li>\n<li data-start=\"5134\" data-end=\"5200\">\n<p data-start=\"5136\" data-end=\"5200\">Erbjudanden <strong data-start=\"5142\" data-end=\"5197\">reproducerbara och tillf\u00f6rlitliga forskningsresultat<\/strong>.<\/p>\n<\/li>\n<\/ul>\n<hr data-start=\"5202\" data-end=\"5205\" \/>\n<h2 data-start=\"5207\" data-end=\"5241\"><strong data-start=\"5210\" data-end=\"5241\">Anv\u00e4ndning (forskningskontext)<\/strong><\/h2>\n<ol data-start=\"5243\" data-end=\"5451\">\n<li data-start=\"5243\" data-end=\"5288\">\n<p data-start=\"5246\" data-end=\"5288\">Anv\u00e4nd endast i ackrediterade laboratorier.<\/p>\n<\/li>\n<li data-start=\"5289\" data-end=\"5340\">\n<p data-start=\"5292\" data-end=\"5340\">Anv\u00e4nd handskar, skyddsglas\u00f6gon och en laboratorierock.<\/p>\n<\/li>\n<li data-start=\"5341\" data-end=\"5388\">\n<p data-start=\"5344\" data-end=\"5388\">F\u00f6rvara svalt, torrt och m\u00f6rkt (under 25 \u00b0C).<\/p>\n<\/li>\n<li data-start=\"5389\" data-end=\"5451\">\n<p data-start=\"5392\" data-end=\"5451\">Kassera rester i enlighet med lokala s\u00e4kerhetsf\u00f6reskrifter.<\/p>\n<\/li>\n<\/ol>\n<blockquote data-start=\"5453\" data-end=\"5549\">\n<p data-start=\"5455\" data-end=\"5549\"><strong data-start=\"5455\" data-end=\"5466\">OBS:<\/strong> <em data-start=\"5467\" data-end=\"5495\">RC+ Norflurazepam 10 mg f\u00f6rpackning<\/em> \u00e4r <strong data-start=\"5499\" data-end=\"5548\">endast avsedd f\u00f6r forsknings\u00e4ndam\u00e5l<\/strong>.<\/p>\n<\/blockquote>\n<hr data-start=\"5551\" data-end=\"5554\" \/>\n<h2 data-start=\"5556\" data-end=\"5590\"><strong data-start=\"5559\" data-end=\"5590\">Vanliga fr\u00e5gor (FAQ)<\/strong><\/h2>\n<p data-start=\"5592\" data-end=\"5722\"><strong data-start=\"5592\" data-end=\"5641\">1. Vad anv\u00e4nds RC+ Norflurazepam till?<\/strong><br data-start=\"5641\" data-end=\"5644\" \/>F\u00f6r <strong data-start=\"5649\" data-end=\"5687\">analytisk och forensisk forskning<\/strong> till bensodiazepinf\u00f6reningar.<\/p>\n<p data-start=\"5724\" data-end=\"5827\"><strong data-start=\"5724\" data-end=\"5753\">2. Hur mycket inneh\u00e5ller en l\u00e5da?<\/strong><br data-start=\"5753\" data-end=\"5756\" \/>Varje l\u00e5da inneh\u00e5ller <strong data-start=\"5771\" data-end=\"5787\">10 mg pellets<\/strong> med standardiserad sammans\u00e4ttning.<\/p>\n<p data-start=\"5829\" data-end=\"5967\"><strong data-start=\"5829\" data-end=\"5883\">3. Kan jag k\u00f6pa RC+ Norflurazepam som privatperson?<\/strong><br data-start=\"5883\" data-end=\"5886\" \/>Nej, den h\u00e4r produkten \u00e4r endast tillg\u00e4nglig f\u00f6r <strong data-start=\"5930\" data-end=\"5964\">erk\u00e4nda forskningsinstitutioner<\/strong>.<\/p>","protected":false},"excerpt":{"rendered":"<p>Productbeschrijving RC+ Norflurazepam 10mg Box bevat een onderzoeksstof van hoge zuiverheid, ontworpen voor toxicologisch, farmacologisch en forensisch onderzoek.Norflurazepam (ook bekend<\/p>","protected":false},"featured_media":20895,"comment_status":"closed","ping_status":"closed","template":"","meta":[],"product_brand":[82],"product_cat":[555],"product_tag":[326,132,137,135,134,136,133],"class_list":{"0":"post-24177","1":"product","2":"type-product","3":"status-publish","4":"has-post-thumbnail","6":"product_brand-research-chemical","7":"product_cat-b2b","8":"product_tag-nl","9":"product_tag-norflurazepam","10":"product_tag-norflurazepam-dosering","11":"product_tag-norflurazepam-ervaring","12":"product_tag-norflurazepam-ervaringen","13":"product_tag-norflurazepam-psychonaut","14":"product_tag-norflurazepam-werking","16":"first","17":"instock","18":"taxable","19":"shipping-taxable","20":"purchasable","21":"product-type-variable"},"_links":{"self":[{"href":"https:\/\/onderzoekschemicals.com\/sv\/wp-json\/wp\/v2\/product\/24177","targetHints":{"allow":["GET"]}}],"collection":[{"href":"https:\/\/onderzoekschemicals.com\/sv\/wp-json\/wp\/v2\/product"}],"about":[{"href":"https:\/\/onderzoekschemicals.com\/sv\/wp-json\/wp\/v2\/types\/product"}],"replies":[{"embeddable":true,"href":"https:\/\/onderzoekschemicals.com\/sv\/wp-json\/wp\/v2\/comments?post=24177"}],"version-history":[{"count":5,"href":"https:\/\/onderzoekschemicals.com\/sv\/wp-json\/wp\/v2\/product\/24177\/revisions"}],"predecessor-version":[{"id":27835,"href":"https:\/\/onderzoekschemicals.com\/sv\/wp-json\/wp\/v2\/product\/24177\/revisions\/27835"}],"wp:featuredmedia":[{"embeddable":true,"href":"https:\/\/onderzoekschemicals.com\/sv\/wp-json\/wp\/v2\/media\/20895"}],"wp:attachment":[{"href":"https:\/\/onderzoekschemicals.com\/sv\/wp-json\/wp\/v2\/media?parent=24177"}],"wp:term":[{"taxonomy":"product_brand","embeddable":true,"href":"https:\/\/onderzoekschemicals.com\/sv\/wp-json\/wp\/v2\/product_brand?post=24177"},{"taxonomy":"product_cat","embeddable":true,"href":"https:\/\/onderzoekschemicals.com\/sv\/wp-json\/wp\/v2\/product_cat?post=24177"},{"taxonomy":"product_tag","embeddable":true,"href":"https:\/\/onderzoekschemicals.com\/sv\/wp-json\/wp\/v2\/product_tag?post=24177"}],"curies":[{"name":"wp","href":"https:\/\/api.w.org\/{rel}","templated":true}]}}