{"id":24144,"date":"2025-04-13T17:41:08","date_gmt":"2025-04-13T17:41:08","guid":{"rendered":"https:\/\/onderzoekschemicals.com\/?post_type=product&#038;p=24144"},"modified":"2025-10-12T21:09:18","modified_gmt":"2025-10-12T21:09:18","slug":"chem-mist-noopept-spray","status":"publish","type":"product","link":"https:\/\/onderzoekschemicals.com\/sv\/shop\/b2b\/chem-mist-noopept-spray\/","title":{"rendered":"Chem-mist NOOPEPT Spray"},"content":{"rendered":"<h3 data-start=\"4655\" data-end=\"4674\"><strong data-start=\"4659\" data-end=\"4674\">Introduktion<\/strong><\/h3>\n<p data-start=\"4675\" data-end=\"5006\">De <strong data-start=\"4678\" data-end=\"4705\">Chem-mist NOOPEPT Spray<\/strong> erbjudanden <strong data-start=\"4712\" data-end=\"4779\">h\u00f6gren NOOPEPT (N-fenylacetyl-L-prolylglycinetylester)<\/strong> i en <strong data-start=\"4787\" data-end=\"4821\">exakt formulerad spray<\/strong>, utvecklad f\u00f6r forsknings\u00e4ndam\u00e5l. NOOPEPT \u00e4r en <strong data-start=\"4876\" data-end=\"4899\">nootropisk f\u00f6rening<\/strong> vilket ofta studeras f\u00f6r dess m\u00f6jliga effekter p\u00e5 <strong data-start=\"4959\" data-end=\"5003\">minne, inl\u00e4rningsf\u00f6rm\u00e5ga och neuroprotektion<\/strong>Chem-mist Noopept Spray<\/p>\n<p data-start=\"5008\" data-end=\"5235\">Denna spray utvecklades av Chem-mist f\u00f6r <strong data-start=\"5053\" data-end=\"5078\">laboratorieforskning<\/strong> och garantier <strong data-start=\"5093\" data-end=\"5133\">konstant dosering, h\u00f6g stabilitet<\/strong> och <strong data-start=\"5137\" data-end=\"5164\">praktisk anv\u00e4ndarv\u00e4nlighet<\/strong>, idealisk f\u00f6r studier om <strong data-start=\"5191\" data-end=\"5234\">neuroplasticitet och kognitiv funktion<\/strong>.<\/p>\n<hr data-start=\"5237\" data-end=\"5240\" \/>\n<h3 data-start=\"5242\" data-end=\"5273\"><strong data-start=\"5246\" data-end=\"5273\">Viktiga funktioner<\/strong><\/h3>\n<ul data-start=\"5274\" data-end=\"5811\">\n<li data-start=\"5274\" data-end=\"5362\">\n<p data-start=\"5276\" data-end=\"5362\"><strong data-start=\"5276\" data-end=\"5299\">H\u00f6g renhet NOOPEPT:<\/strong> Varje spray inneh\u00e5ller <strong data-start=\"5317\" data-end=\"5333\">10 mg NOOPEPT<\/strong> i en stabil l\u00f6sning.<\/p>\n<\/li>\n<li data-start=\"5363\" data-end=\"5492\">\n<p data-start=\"5365\" data-end=\"5492\"><strong data-start=\"5365\" data-end=\"5383\">Snabbinspelning:<\/strong> Optimerad f\u00f6r <strong data-start=\"5405\" data-end=\"5471\">effektiv leverans och tillf\u00f6rlitlig biotillg\u00e4nglighet<\/strong> under forskningen.<\/p>\n<\/li>\n<li data-start=\"5493\" data-end=\"5588\">\n<p data-start=\"5495\" data-end=\"5588\"><strong data-start=\"5495\" data-end=\"5520\">Noggrann dosering:<\/strong> Sprayen ger <strong data-start=\"5541\" data-end=\"5585\">verifierbara och repeterbara resultat<\/strong>.<\/p>\n<\/li>\n<li data-start=\"5589\" data-end=\"5711\">\n<p data-start=\"5591\" data-end=\"5711\"><strong data-start=\"5591\" data-end=\"5622\">Forskningsniv\u00e5kvalitet:<\/strong> Producerad under <strong data-start=\"5642\" data-end=\"5680\">strikta laboratorief\u00f6rh\u00e5llanden<\/strong> f\u00f6r att s\u00e4kerst\u00e4lla renhet.<\/p>\n<\/li>\n<li data-start=\"5712\" data-end=\"5811\">\n<p data-start=\"5714\" data-end=\"5811\"><strong data-start=\"5714\" data-end=\"5736\">Kompakt och praktisk:<\/strong> 10 ml sprayflaska, perfekt f\u00f6r precis anv\u00e4ndning i forskningsmilj\u00f6er. Chem-mist NOOPEPT Spray<\/p>\n<\/li>\n<\/ul>\n<hr data-start=\"5813\" data-end=\"5816\" \/>\n<h3 data-start=\"5818\" data-end=\"5835\"><strong data-start=\"5822\" data-end=\"5835\">F\u00f6rdelar<\/strong><\/h3>\n<ul data-start=\"5836\" data-end=\"6403\">\n<li data-start=\"5836\" data-end=\"5972\">\n<p data-start=\"5838\" data-end=\"5972\"><strong data-start=\"5838\" data-end=\"5874\">St\u00f6der kognitiv forskning:<\/strong> Studeras f\u00f6r dess inflytande p\u00e5 <strong data-start=\"5913\" data-end=\"5969\">minne, neuroprotektion och synaptisk plasticitet<\/strong>.<\/p>\n<\/li>\n<li data-start=\"5973\" data-end=\"6080\">\n<p data-start=\"5975\" data-end=\"6080\"><strong data-start=\"5975\" data-end=\"6002\">Tillf\u00f6rlitlig applikation:<\/strong> Den flytande formeln g\u00f6r <strong data-start=\"6030\" data-end=\"6068\">exakt och konsekvent administration<\/strong> m\u00f6jlig.<\/p>\n<\/li>\n<li data-start=\"6081\" data-end=\"6209\">\n<p data-start=\"6083\" data-end=\"6209\"><strong data-start=\"6083\" data-end=\"6136\">L\u00e4mplig f\u00f6r beteende- och neurokemiska studier:<\/strong> Hj\u00e4lper till med forskning om <strong data-start=\"6162\" data-end=\"6206\">inl\u00e4rningsprocesser, uppm\u00e4rksamhet och hj\u00e4rnfunktion<\/strong>.<\/p>\n<\/li>\n<li data-start=\"6210\" data-end=\"6311\">\n<p data-start=\"6212\" data-end=\"6311\"><strong data-start=\"6212\" data-end=\"6236\">Effektiv leverans:<\/strong> Sprayen ger <strong data-start=\"6257\" data-end=\"6279\">j\u00e4mn f\u00f6rdelning<\/strong> och minimerar avvikelser.<\/p>\n<\/li>\n<li data-start=\"6312\" data-end=\"6403\">\n<p data-start=\"6314\" data-end=\"6403\"><strong data-start=\"6314\" data-end=\"6341\">L\u00e5ngsiktig stabilitet:<\/strong> Formeln \u00e5terst\u00e5r <strong data-start=\"6357\" data-end=\"6380\">stabil och effektiv<\/strong> n\u00e4r den f\u00f6rvaras korrekt.<\/p>\n<\/li>\n<\/ul>\n<hr data-start=\"6405\" data-end=\"6408\" \/>\n<h3 data-start=\"6410\" data-end=\"6425\"><strong data-start=\"6414\" data-end=\"6425\">Anv\u00e4ndande<\/strong><\/h3>\n<ol data-start=\"6426\" data-end=\"6688\">\n<li data-start=\"6426\" data-end=\"6463\">\n<p data-start=\"6429\" data-end=\"6463\"><strong data-start=\"6429\" data-end=\"6461\">Skaka f\u00f6rsiktigt f\u00f6re anv\u00e4ndning.<\/strong><\/p>\n<\/li>\n<li data-start=\"6464\" data-end=\"6536\">\n<p data-start=\"6467\" data-end=\"6536\"><strong data-start=\"6467\" data-end=\"6480\">En sprayning<\/strong> ger en dos p\u00e5 10 mg NOOPEPT (enligt anvisningarna).<\/p>\n<\/li>\n<li data-start=\"6537\" data-end=\"6610\">\n<p data-start=\"6540\" data-end=\"6610\"><strong data-start=\"6540\" data-end=\"6571\">Observera dosering och tid<\/strong> f\u00f6r korrekta forskningsdata.<\/p>\n<\/li>\n<li data-start=\"6611\" data-end=\"6688\">\n<p data-start=\"6614\" data-end=\"6688\">Spara p\u00e5 en <strong data-start=\"6629\" data-end=\"6652\">sval, torr plats<\/strong>, skyddad fr\u00e5n direkt solljus.<\/p>\n<\/li>\n<\/ol>\n<blockquote data-start=\"6690\" data-end=\"6796\">\n<p data-start=\"6692\" data-end=\"6796\">\u26a0\ufe0f <strong data-start=\"6695\" data-end=\"6741\">Endast f\u00f6r laboratorietester.<\/strong> Ej l\u00e4mplig f\u00f6r konsumtion av m\u00e4nniskor eller djur.<\/p>\n<\/blockquote>\n<hr data-start=\"6798\" data-end=\"6801\" \/>\n<h3 data-start=\"6803\" data-end=\"6836\"><strong data-start=\"6807\" data-end=\"6836\">Vanliga fr\u00e5gor (FAQ)<\/strong><\/h3>\n<p data-start=\"6838\" data-end=\"7019\"><strong data-start=\"6838\" data-end=\"6893\">1. Vad anv\u00e4nds Chem-mist NOOPEPT Spray till?<\/strong><br data-start=\"6893\" data-end=\"6896\" \/>Denna spray anv\u00e4nds i <strong data-start=\"6925\" data-end=\"6972\">vetenskaplig och neurokemisk forskning<\/strong> till kognitiva funktioner och neuroplasticitet.<\/p>\n<p data-start=\"7021\" data-end=\"7162\"><strong data-start=\"7021\" data-end=\"7061\">2. Hur mycket NOOPEPT inneh\u00e5ller varje spray?<\/strong><br data-start=\"7061\" data-end=\"7064\" \/>Varje sprayning producerar en <strong data-start=\"7092\" data-end=\"7122\">exakt dos p\u00e5 10 mg<\/strong>, kontrollerad genom laboratorieanalys.<\/p>\n<p data-start=\"7164\" data-end=\"7304\"><strong data-start=\"7164\" data-end=\"7204\">3. Hur ska sprayen f\u00f6rvaras?<\/strong><br data-start=\"7204\" data-end=\"7207\" \/>F\u00f6rvara flaskan i en <strong data-start=\"7229\" data-end=\"7263\">svalt, m\u00f6rkt och torrt st\u00e4lle<\/strong> (under 25 \u00b0C) f\u00f6r att bibeh\u00e5lla stabilitet.<\/p>\n<hr data-start=\"7306\" data-end=\"7309\" \/>\n<h3 data-start=\"7311\" data-end=\"7328\"><strong data-start=\"7315\" data-end=\"7328\">Slutsats<\/strong><\/h3>\n<p data-start=\"7329\" data-end=\"7632\">De <strong data-start=\"7332\" data-end=\"7359\">Chem-mist NOOPEPT Spray<\/strong> kombinerar <strong data-start=\"7371\" data-end=\"7404\">precision, renhet och bekv\u00e4mlighet<\/strong> f\u00f6r avancerad forskning om kognitiv prestation och hj\u00e4rnfunktioner. Tack vare <strong data-start=\"7489\" data-end=\"7554\">exakt dosering, snabb absorption och l\u00e5ngsiktig stabilitet<\/strong> Denna produkt \u00e4r ett utm\u00e4rkt val f\u00f6r professionella forskningsmilj\u00f6er.<\/p>","protected":false},"excerpt":{"rendered":"<p>Introductie De Chem-mist NOOPEPT Spray biedt hoogzuiver NOOPEPT (N-phenylacetyl-L-prolylglycine ethyl ester) in een nauwkeurig geformuleerde spray, ontwikkeld voor onderzoeksdoeleinden. NOOPEPT<\/p>","protected":false},"featured_media":21202,"comment_status":"closed","ping_status":"closed","template":"","meta":[],"product_brand":[],"product_cat":[555],"product_tag":[326],"class_list":{"0":"post-24144","1":"product","2":"type-product","3":"status-publish","4":"has-post-thumbnail","6":"product_cat-b2b","7":"product_tag-nl","9":"first","10":"instock","11":"taxable","12":"shipping-taxable","13":"purchasable","14":"product-type-variable"},"_links":{"self":[{"href":"https:\/\/onderzoekschemicals.com\/sv\/wp-json\/wp\/v2\/product\/24144","targetHints":{"allow":["GET"]}}],"collection":[{"href":"https:\/\/onderzoekschemicals.com\/sv\/wp-json\/wp\/v2\/product"}],"about":[{"href":"https:\/\/onderzoekschemicals.com\/sv\/wp-json\/wp\/v2\/types\/product"}],"replies":[{"embeddable":true,"href":"https:\/\/onderzoekschemicals.com\/sv\/wp-json\/wp\/v2\/comments?post=24144"}],"version-history":[{"count":3,"href":"https:\/\/onderzoekschemicals.com\/sv\/wp-json\/wp\/v2\/product\/24144\/revisions"}],"predecessor-version":[{"id":27852,"href":"https:\/\/onderzoekschemicals.com\/sv\/wp-json\/wp\/v2\/product\/24144\/revisions\/27852"}],"wp:featuredmedia":[{"embeddable":true,"href":"https:\/\/onderzoekschemicals.com\/sv\/wp-json\/wp\/v2\/media\/21202"}],"wp:attachment":[{"href":"https:\/\/onderzoekschemicals.com\/sv\/wp-json\/wp\/v2\/media?parent=24144"}],"wp:term":[{"taxonomy":"product_brand","embeddable":true,"href":"https:\/\/onderzoekschemicals.com\/sv\/wp-json\/wp\/v2\/product_brand?post=24144"},{"taxonomy":"product_cat","embeddable":true,"href":"https:\/\/onderzoekschemicals.com\/sv\/wp-json\/wp\/v2\/product_cat?post=24144"},{"taxonomy":"product_tag","embeddable":true,"href":"https:\/\/onderzoekschemicals.com\/sv\/wp-json\/wp\/v2\/product_tag?post=24144"}],"curies":[{"name":"wp","href":"https:\/\/api.w.org\/{rel}","templated":true}]}}