{"id":24142,"date":"2025-04-13T17:41:08","date_gmt":"2025-04-13T17:41:08","guid":{"rendered":"https:\/\/onderzoekschemicals.com\/?post_type=product&#038;p=24142"},"modified":"2025-10-13T10:33:18","modified_gmt":"2025-10-13T10:33:18","slug":"chem-mist-1cp-lsd-spray","status":"publish","type":"product","link":"https:\/\/onderzoekschemicals.com\/sv\/shop\/b2b\/chem-mist-1cp-lsd-spray\/","title":{"rendered":"Chem-mist 1cP-LSD Spray"},"content":{"rendered":"<h3 data-start=\"3361\" data-end=\"3382\"><strong data-start=\"3365\" data-end=\"3380\">Introduktion<\/strong><\/h3>\n<p data-start=\"3383\" data-end=\"3872\">Chem-mist 1cP-LSD Spray \u00e4r en <strong data-start=\"3414\" data-end=\"3451\">professionell forskningsl\u00f6sning<\/strong> att <strong data-start=\"3456\" data-end=\"3490\">1-cyklopropionyl-LSD (1cP-LSD)<\/strong> Inneh\u00e5ller en stabiliserad vattenhaltig spray. Utformad f\u00f6r <strong data-start=\"3551\" data-end=\"3594\">kontrollerade laboratorietill\u00e4mpningar<\/strong>, g\u00f6r det <strong data-start=\"3606\" data-end=\"3649\">noggrann och reproducerbar dosering<\/strong> M\u00f6jlig i vetenskapliga och analytiska experiment. Sprayformatet erbjuder j\u00e4mn mikrodosering, utm\u00e4rkt stabilitet och minskar risken f\u00f6r kontaminering.<br data-start=\"3817\" data-end=\"3820\" \/><em data-start=\"3820\" data-end=\"3872\">(Ej avsedd f\u00f6r anv\u00e4ndning p\u00e5 m\u00e4nniskor eller djur.) Chem-mist 1cP-LSD Spray<\/em><\/p>\n<hr data-start=\"3874\" data-end=\"3877\" \/>\n<h3 data-start=\"3879\" data-end=\"3916\"><strong data-start=\"3883\" data-end=\"3914\">Viktiga funktioner<\/strong><\/h3>\n<ul data-start=\"3917\" data-end=\"4332\">\n<li data-start=\"3917\" data-end=\"4004\">\n<p data-start=\"3919\" data-end=\"4004\"><strong data-start=\"3919\" data-end=\"3945\">H\u00f6g renhet (\u226597%)<\/strong> \u2013 Forskningsniv\u00e5kvalitet f\u00f6r tillf\u00f6rlitliga resultat<\/p>\n<\/li>\n<li data-start=\"4005\" data-end=\"4080\">\n<p data-start=\"4007\" data-end=\"4080\"><strong data-start=\"4007\" data-end=\"4036\">Konsekvent mikrodosering<\/strong> \u2013 Varje sprayning ger en fast m\u00e4ngd<\/p>\n<\/li>\n<li data-start=\"4081\" data-end=\"4177\">\n<p data-start=\"4083\" data-end=\"4177\"><strong data-start=\"4083\" data-end=\"4110\">Stabiliserad formel<\/strong> \u2013 Inneh\u00e5ller buffertar och konserveringsmedel f\u00f6r l\u00e5ng h\u00e5llbarhet<\/p>\n<\/li>\n<li data-start=\"4178\" data-end=\"4248\">\n<p data-start=\"4180\" data-end=\"4248\"><strong data-start=\"4180\" data-end=\"4201\">S\u00e4ker och kompakt<\/strong> \u2013 Minskar risken f\u00f6r spill eller exponering<\/p>\n<\/li>\n<li data-start=\"4249\" data-end=\"4332\">\n<p data-start=\"4251\" data-end=\"4332\"><strong data-start=\"4251\" data-end=\"4278\">Tydligt m\u00e4rkt<\/strong> \u2013 \u201dEndast f\u00f6r forskning\u201d i enlighet med s\u00e4kerhetsstandarder<\/p>\n<\/li>\n<\/ul>\n<hr data-start=\"4334\" data-end=\"4337\" \/>\n<h3 data-start=\"4339\" data-end=\"4358\"><strong data-start=\"4343\" data-end=\"4356\">F\u00f6rdelar<\/strong><\/h3>\n<p data-start=\"4359\" data-end=\"4697\">\u2705 <strong data-start=\"4361\" data-end=\"4382\">Noggrann dosering<\/strong> \u2013 Tillf\u00f6rlitlig reproducerbarhet mellan m\u00e4tningar<br data-start=\"4432\" data-end=\"4435\" \/>\u2705 <strong data-start=\"4437\" data-end=\"4458\">Effektiv anv\u00e4ndning<\/strong> \u2013 Klar f\u00f6r direkt laboratorieanv\u00e4ndning<br data-start=\"4498\" data-end=\"4501\" \/>\u2705 <strong data-start=\"4503\" data-end=\"4523\">Rent och s\u00e4kert<\/strong> \u2013 Slutet system begr\u00e4nsar kontaminering<br data-start=\"4561\" data-end=\"4564\" \/>\u2705 <strong data-start=\"4566\" data-end=\"4594\">Tillf\u00f6rlitlig konsekvens<\/strong> \u2013 Varje sprayning har en j\u00e4mn effekt<br data-start=\"4633\" data-end=\"4636\" \/>\u2705 <strong data-start=\"4638\" data-end=\"4660\">L\u00e5ng h\u00e5llbarhet<\/strong> \u2013 F\u00f6rblir stabil vid korrekt f\u00f6rvaring<\/p>\n<hr data-start=\"4699\" data-end=\"4702\" \/>\n<h3 data-start=\"4704\" data-end=\"4756\"><strong data-start=\"4708\" data-end=\"4754\">Anv\u00e4ndning (endast f\u00f6r forsknings\u00e4ndam\u00e5l)<\/strong><\/h3>\n<blockquote data-start=\"4757\" data-end=\"4873\">\n<p data-start=\"4759\" data-end=\"4873\">\u26a0\ufe0f <strong data-start=\"4762\" data-end=\"4777\">Viktig:<\/strong> Endast f\u00f6r anv\u00e4ndning i laboratorie- eller forskningsmilj\u00f6er med personlig skyddsutrustning och s\u00e4kerhets\u00e5tg\u00e4rder.<\/p>\n<\/blockquote>\n<ol data-start=\"4875\" data-end=\"5135\">\n<li data-start=\"4875\" data-end=\"4932\">\n<p data-start=\"4878\" data-end=\"4932\">Skaka f\u00f6rsiktigt och fyll munstycket f\u00f6re f\u00f6rsta anv\u00e4ndningen.<\/p>\n<\/li>\n<li data-start=\"4933\" data-end=\"4988\">\n<p data-start=\"4936\" data-end=\"4988\">Spraya p\u00e5 ett fast avst\u00e5nd enligt forskningsprotokoll.<\/p>\n<\/li>\n<li data-start=\"4989\" data-end=\"5059\">\n<p data-start=\"4992\" data-end=\"5059\">St\u00e4ng v\u00e4l och f\u00f6rvara st\u00e5ende i en <strong data-start=\"5031\" data-end=\"5056\">sval, m\u00f6rk plats<\/strong>.<\/p>\n<\/li>\n<li data-start=\"5060\" data-end=\"5135\">\n<p data-start=\"5063\" data-end=\"5135\">Undvik kontakt med hud eller \u00f6gon; se s\u00e4kerhetsdatabladet (SDS).<\/p>\n<\/li>\n<\/ol>\n<hr data-start=\"5137\" data-end=\"5140\" \/>\n<h3 data-start=\"5142\" data-end=\"5177\"><strong data-start=\"5146\" data-end=\"5175\">Vanliga fr\u00e5gor (FAQ)<\/strong><\/h3>\n<p data-start=\"5179\" data-end=\"5423\"><strong data-start=\"5179\" data-end=\"5201\">1. Vad \u00e4r 1cP-LSD?<\/strong><br data-start=\"5201\" data-end=\"5204\" \/>1cP-LSD (1-cyklopropionyl-LSD) \u00e4r en lysergamanalog som anv\u00e4nds inom forskning. I vissa biologiska system kan den omvandlas till LSD, vilket g\u00f6r den anv\u00e4ndbar f\u00f6r farmakologiska j\u00e4mf\u00f6relsestudier.<\/p>\n<p data-start=\"5425\" data-end=\"5614\"><strong data-start=\"5425\" data-end=\"5491\">2. \u00c4r Chem-mist 1cP-LSD Spray l\u00e4mplig f\u00f6r m\u00e4nsklig anv\u00e4ndning?<\/strong><br data-start=\"5491\" data-end=\"5494\" \/>Nej \u2013 den h\u00e4r produkten \u00e4r <strong data-start=\"5515\" data-end=\"5565\">endast avsedd f\u00f6r laboratorieforskning<\/strong>, inte f\u00f6r konsumtion av m\u00e4nniskor eller djur.<\/p>\n<p data-start=\"5616\" data-end=\"5787\"><strong data-start=\"5616\" data-end=\"5652\">3. Hur ska jag f\u00f6rvara sprayen?<\/strong><br data-start=\"5652\" data-end=\"5655\" \/>F\u00f6rvara v\u00e4l tillsluten, st\u00e5ende och skyddad fr\u00e5n ljus, v\u00e4rme och fukt. Vid korrekt f\u00f6rvaring f\u00f6rblir sprayen stabil under l\u00e5ng tid.<\/p>","protected":false},"excerpt":{"rendered":"<p>Introductie Chem-mist 1cP-LSD Spray is een professionele onderzoeksoplossing die 1-cyclopropionyl-LSD (1cP-LSD) bevat in een gestabiliseerde waterige spray. Ontworpen voor gecontroleerde<\/p>","protected":false},"featured_media":20819,"comment_status":"closed","ping_status":"closed","template":"","meta":[],"product_brand":[],"product_cat":[555],"product_tag":[326],"class_list":{"0":"post-24142","1":"product","2":"type-product","3":"status-publish","4":"has-post-thumbnail","6":"product_cat-b2b","7":"product_tag-nl","9":"first","10":"instock","11":"taxable","12":"shipping-taxable","13":"purchasable","14":"product-type-variable"},"_links":{"self":[{"href":"https:\/\/onderzoekschemicals.com\/sv\/wp-json\/wp\/v2\/product\/24142","targetHints":{"allow":["GET"]}}],"collection":[{"href":"https:\/\/onderzoekschemicals.com\/sv\/wp-json\/wp\/v2\/product"}],"about":[{"href":"https:\/\/onderzoekschemicals.com\/sv\/wp-json\/wp\/v2\/types\/product"}],"replies":[{"embeddable":true,"href":"https:\/\/onderzoekschemicals.com\/sv\/wp-json\/wp\/v2\/comments?post=24142"}],"version-history":[{"count":3,"href":"https:\/\/onderzoekschemicals.com\/sv\/wp-json\/wp\/v2\/product\/24142\/revisions"}],"predecessor-version":[{"id":27860,"href":"https:\/\/onderzoekschemicals.com\/sv\/wp-json\/wp\/v2\/product\/24142\/revisions\/27860"}],"wp:featuredmedia":[{"embeddable":true,"href":"https:\/\/onderzoekschemicals.com\/sv\/wp-json\/wp\/v2\/media\/20819"}],"wp:attachment":[{"href":"https:\/\/onderzoekschemicals.com\/sv\/wp-json\/wp\/v2\/media?parent=24142"}],"wp:term":[{"taxonomy":"product_brand","embeddable":true,"href":"https:\/\/onderzoekschemicals.com\/sv\/wp-json\/wp\/v2\/product_brand?post=24142"},{"taxonomy":"product_cat","embeddable":true,"href":"https:\/\/onderzoekschemicals.com\/sv\/wp-json\/wp\/v2\/product_cat?post=24142"},{"taxonomy":"product_tag","embeddable":true,"href":"https:\/\/onderzoekschemicals.com\/sv\/wp-json\/wp\/v2\/product_tag?post=24142"}],"curies":[{"name":"wp","href":"https:\/\/api.w.org\/{rel}","templated":true}]}}