{"id":24119,"date":"2025-04-13T17:41:04","date_gmt":"2025-04-13T17:41:04","guid":{"rendered":"https:\/\/onderzoekschemicals.com\/?post_type=product&#038;p=24119"},"modified":"2025-10-14T08:34:47","modified_gmt":"2025-10-14T08:34:47","slug":"rc-metocin-blister","status":"publish","type":"product","link":"https:\/\/onderzoekschemicals.com\/sv\/shop\/b2b\/rc-metocin-blister\/","title":{"rendered":"RC+ Metocin-blister"},"content":{"rendered":"<h3 data-start=\"5633\" data-end=\"5654\"><strong data-start=\"5637\" data-end=\"5652\">Introduktion<\/strong><\/h3>\n<p data-start=\"5655\" data-end=\"6097\">De <strong data-start=\"5658\" data-end=\"5681\">RC+ Metocin-blister<\/strong> \u00e4r en professionell forskningskemikalieformulering utformad f\u00f6r laboratorie- och analytiska till\u00e4mpningar. Den inneh\u00e5ller <strong data-start=\"5803\" data-end=\"5878\">4-hydroxi-N-metyl-N-etyltryptamin (4-HO-MET, \u00e4ven k\u00e4nt som Metocin)<\/strong> i individuellt f\u00f6rseglade pellets. Dessa \u00e4r f\u00f6rpackade i en blisterf\u00f6rpackning (vanligtvis 10 pellets) f\u00f6r att underl\u00e4tta dos\u00e5tervinning, kontamineringskontroll och sp\u00e5rbar hantering. metocin<\/p>\n<p data-start=\"6099\" data-end=\"6290\">4-HO-MET \u00e4r en tryptaminf\u00f6rening, besl\u00e4ktad med psilocin, som unders\u00f6ks inom farmakologin f\u00f6r serotoninreceptorer och psykoaktiva substanser.<\/p>\n<p data-start=\"6292\" data-end=\"6497\">Denna produkt \u00e4r endast avsedd f\u00f6r anv\u00e4ndning <strong data-start=\"6332\" data-end=\"6346\">laboratorieanv\u00e4ndning<\/strong> \u2014 till exempel receptorbindning, analytisk kalibrering eller strukturaktivitetsstudier \u2014 och \u00e4r <strong data-start=\"6444\" data-end=\"6496\">inte l\u00e4mplig f\u00f6r anv\u00e4ndning p\u00e5 m\u00e4nniskor eller djur<\/strong>.<\/p>\n<hr data-start=\"6499\" data-end=\"6502\" \/>\n<h3 data-start=\"6504\" data-end=\"6537\"><strong data-start=\"6508\" data-end=\"6535\">Viktiga funktioner<\/strong><\/h3>\n<ul data-start=\"6538\" data-end=\"7152\">\n<li data-start=\"6538\" data-end=\"6592\">\n<p data-start=\"6540\" data-end=\"6592\"><strong data-start=\"6540\" data-end=\"6557\">Aktiv substans:<\/strong> 4-HO-MET (Metocin) i pelletform<\/p>\n<\/li>\n<li data-start=\"6593\" data-end=\"6712\">\n<p data-start=\"6595\" data-end=\"6712\"><strong data-start=\"6595\" data-end=\"6619\">Dosering per pellet:<\/strong> Om <strong data-start=\"6629\" data-end=\"6638\">21 mg<\/strong> (enligt leverant\u00f6rernas uppgifter)<\/p>\n<\/li>\n<li data-start=\"6713\" data-end=\"6839\">\n<p data-start=\"6715\" data-end=\"6839\"><strong data-start=\"6715\" data-end=\"6743\">H\u00f6g renhet (\u2265 98 %)<\/strong>M\u00e4rkt som forskningsmaterial med h\u00f6g renhet<\/p>\n<\/li>\n<li data-start=\"6840\" data-end=\"6931\">\n<p data-start=\"6842\" data-end=\"6931\"><strong data-start=\"6842\" data-end=\"6864\">Blisterf\u00f6rpackning:<\/strong> Varje pellet \u00e4r individuellt f\u00f6rseglad f\u00f6r att minska kontaminering<\/p>\n<\/li>\n<li data-start=\"6932\" data-end=\"7070\">\n<p data-start=\"6934\" data-end=\"7070\"><strong data-start=\"6934\" data-end=\"6966\">Sp\u00e5rbarhet av partier och partier:<\/strong> Varje blisterf\u00f6rpackning inneh\u00e5ller identifieringskoder f\u00f6r kvalitetskontroll<\/p>\n<\/li>\n<li data-start=\"7071\" data-end=\"7152\">\n<p data-start=\"7073\" data-end=\"7152\"><strong data-start=\"7073\" data-end=\"7097\">Kompakt och skyddad:<\/strong> F\u00f6rpackningen skyddar mot ljus, fukt och nedbrytning<\/p>\n<\/li>\n<\/ul>\n<hr data-start=\"7154\" data-end=\"7157\" \/>\n<h3 data-start=\"7159\" data-end=\"7178\"><strong data-start=\"7163\" data-end=\"7176\">F\u00f6rdelar<\/strong><\/h3>\n<p data-start=\"7179\" data-end=\"7723\">\u2705 <strong data-start=\"7181\" data-end=\"7210\">Reproducerbar dosering:<\/strong> Varje pellet inneh\u00e5ller en konsekvent, uppm\u00e4tt m\u00e4ngd 4-HO-MET, vilket minskar variansen i experimenten.<br data-start=\"7319\" data-end=\"7322\" \/>\u2705 <strong data-start=\"7324\" data-end=\"7351\">F\u00f6rb\u00e4ttrad stabilitet:<\/strong> Blisterf\u00f6rpackning skyddar provmaterialet fr\u00e5n milj\u00f6faktorer.<br data-start=\"7423\" data-end=\"7426\" \/>\u2705 <strong data-start=\"7428\" data-end=\"7462\">Minskad risk f\u00f6r kontaminering:<\/strong> Individuell pelletf\u00f6rsegling begr\u00e4nsar korskontaminering.<br data-start=\"7517\" data-end=\"7520\" \/>\u2705 <strong data-start=\"7522\" data-end=\"7548\">Tidsbesparande format:<\/strong> Direkt anv\u00e4ndbar utan komplicerad provberedning eller v\u00e4gning.<br data-start=\"7610\" data-end=\"7613\" \/>\u2705 <strong data-start=\"7615\" data-end=\"7657\">B\u00e4ttre dokumentation och sp\u00e5rbarhet:<\/strong> Batchkoder och pellets-ID underl\u00e4ttar administration och revisioner.<\/p>\n<hr data-start=\"7725\" data-end=\"7728\" \/>\n<h3 data-start=\"7730\" data-end=\"7790\"><strong data-start=\"7734\" data-end=\"7788\">Anv\u00e4ndning (endast f\u00f6r forskning\/analys)<\/strong><\/h3>\n<blockquote data-start=\"7791\" data-end=\"7973\">\n<p data-start=\"7793\" data-end=\"7973\">\u26a0\ufe0f <strong data-start=\"7796\" data-end=\"7810\">Anm\u00e4rkning:<\/strong> Denna produkt \u00e4r <strong data-start=\"7826\" data-end=\"7869\">INTE f\u00f6r m\u00e4nsklig eller djurs bruk<\/strong>Anv\u00e4nd endast under kontrollerade laboratorief\u00f6rh\u00e5llanden med l\u00e4mplig s\u00e4kerhetsutrustning.<\/p>\n<\/blockquote>\n<ol data-start=\"7975\" data-end=\"9041\">\n<li data-start=\"7975\" data-end=\"8186\">\n<p data-start=\"7978\" data-end=\"8016\"><strong data-start=\"7978\" data-end=\"8014\">Inspektera blister och pellets<\/strong><\/p>\n<ul data-start=\"8020\" data-end=\"8186\">\n<li data-start=\"8020\" data-end=\"8069\">\n<p data-start=\"8022\" data-end=\"8069\">Kontrollera att blisterf\u00f6rpackningen \u00e4r intakt.<\/p>\n<\/li>\n<li data-start=\"8073\" data-end=\"8118\">\n<p data-start=\"8075\" data-end=\"8118\">J\u00e4mf\u00f6r lotnumret med dokumentationen.<\/p>\n<\/li>\n<li data-start=\"8122\" data-end=\"8186\">\n<p data-start=\"8124\" data-end=\"8186\">Kontrollera att pelletsen \u00e4r oskadade och fria fr\u00e5n missf\u00e4rgning.<\/p>\n<\/li>\n<\/ul>\n<\/li>\n<li data-start=\"8188\" data-end=\"8357\">\n<p data-start=\"8191\" data-end=\"8212\"><strong data-start=\"8191\" data-end=\"8210\">Pelletutvinning<\/strong><\/p>\n<ul data-start=\"8216\" data-end=\"8357\">\n<li data-start=\"8216\" data-end=\"8309\">\n<p data-start=\"8218\" data-end=\"8309\">Tryck f\u00f6rsiktigt ut en pellet ur blisterfacket med sterila instrument eller handskar.<\/p>\n<\/li>\n<li data-start=\"8313\" data-end=\"8357\">\n<p data-start=\"8315\" data-end=\"8357\">Undvik direktkontakt med ytan.<\/p>\n<\/li>\n<\/ul>\n<\/li>\n<li data-start=\"8359\" data-end=\"8559\">\n<p data-start=\"8362\" data-end=\"8391\"><strong data-start=\"8362\" data-end=\"8389\">L\u00f6s \/ F\u00f6rbered<\/strong><\/p>\n<ul data-start=\"8395\" data-end=\"8559\">\n<li data-start=\"8395\" data-end=\"8486\">\n<p data-start=\"8397\" data-end=\"8486\">L\u00f6s eller suspendera pelleten i ett l\u00e4mpligt l\u00f6sningsmedel (t.ex. buffert, etanol, vatten).<\/p>\n<\/li>\n<li data-start=\"8490\" data-end=\"8559\">\n<p data-start=\"8492\" data-end=\"8559\">Blanda f\u00f6rsiktigt tills det \u00e4r helt uppl\u00f6st och j\u00e4mnt f\u00f6rdelat.<\/p>\n<\/li>\n<\/ul>\n<\/li>\n<li data-start=\"8561\" data-end=\"8795\">\n<p data-start=\"8564\" data-end=\"8594\"><strong data-start=\"8564\" data-end=\"8592\">Experimentell till\u00e4mpning<\/strong><\/p>\n<ul data-start=\"8598\" data-end=\"8795\">\n<li data-start=\"8598\" data-end=\"8716\">\n<p data-start=\"8600\" data-end=\"8716\">Anv\u00e4nd den beredda l\u00f6sningen i kromatografi, bindningsanalyser, receptorstudier eller andra godk\u00e4nda metoder.<\/p>\n<\/li>\n<li data-start=\"8720\" data-end=\"8795\">\n<p data-start=\"8722\" data-end=\"8795\">Registrera pellet-ID, koncentration, uppl\u00f6sningsvolym och alla relevanta parametrar.<\/p>\n<\/li>\n<\/ul>\n<\/li>\n<li data-start=\"8797\" data-end=\"9041\">\n<p data-start=\"8800\" data-end=\"8827\"><strong data-start=\"8800\" data-end=\"8825\">F\u00f6rvaring och bortforsling<\/strong><\/p>\n<ul data-start=\"8831\" data-end=\"9041\">\n<li data-start=\"8831\" data-end=\"8882\">\n<p data-start=\"8833\" data-end=\"8882\">L\u00e4gg tillbaka oanv\u00e4nda pellets i blisterf\u00f6rpackningen.<\/p>\n<\/li>\n<li data-start=\"8886\" data-end=\"8949\">\n<p data-start=\"8888\" data-end=\"8949\">F\u00f6rvara st\u00e5ende i en <strong data-start=\"8910\" data-end=\"8937\">svalt, m\u00f6rkt och torrt<\/strong> milj\u00f6.<\/p>\n<\/li>\n<li data-start=\"8953\" data-end=\"9041\">\n<p data-start=\"8955\" data-end=\"9041\">Kassera anv\u00e4nda pellets, l\u00f6sningsmedel och f\u00f6rpackningar i enlighet med policyn f\u00f6r kemiskt avfall.<\/p>\n<\/li>\n<\/ul>\n<\/li>\n<\/ol>\n<hr data-start=\"9043\" data-end=\"9046\" \/>\n<h3 data-start=\"9048\" data-end=\"9083\"><strong data-start=\"9052\" data-end=\"9081\">Vanliga fr\u00e5gor (FAQ)<\/strong><\/h3>\n<p data-start=\"9085\" data-end=\"9354\"><strong data-start=\"9085\" data-end=\"9118\">1. Vad \u00e4r 4-HO-MET (Metocin)?<\/strong><br data-start=\"9118\" data-end=\"9121\" \/>4-HO-MET (4-hydroxi-N-metyl-N-etyltryptamin), \u00e4ven k\u00e4nd som Metocin, \u00e4r en psykoaktiv tryptaminanalog besl\u00e4ktad med psilocin, som anv\u00e4nds i farmakologisk forskning av serotoninreceptorer.<\/p>\n<p data-start=\"9356\" data-end=\"9535\"><strong data-start=\"9356\" data-end=\"9413\">2. Hur m\u00e5nga mg inneh\u00e5ller varje pellet i Metocin-blisterf\u00f6rpackningen?<\/strong><br data-start=\"9413\" data-end=\"9416\" \/>Enligt leverant\u00f6rsinformation inneh\u00e5ller varje pellet cirka <strong data-start=\"9474\" data-end=\"9483\">21 mg<\/strong> 4-HO-MET.<\/p>\n<p data-start=\"9537\" data-end=\"9741\"><strong data-start=\"9537\" data-end=\"9619\">3. Kan RC+ Metocin Blister anv\u00e4ndas f\u00f6r m\u00e4nniskor eller djur?<\/strong><br data-start=\"9619\" data-end=\"9622\" \/>Nej. Produkten \u00e4r m\u00e4rkt som <strong data-start=\"9655\" data-end=\"9680\">endast f\u00f6r forskning<\/strong>, och \u00e4r <strong data-start=\"9688\" data-end=\"9704\">inte avsedd<\/strong> f\u00f6r anv\u00e4ndning p\u00e5 m\u00e4nniskor eller djur.<\/p>\n<p>&nbsp;<\/p>","protected":false},"excerpt":{"rendered":"<p><span style=\"vertical-align: inherit;\"><span style=\"vertical-align: inherit;\"><span dir=\"auto\" style=\"vertical-align: inherit;\"><span dir=\"auto\" style=\"vertical-align: inherit;\"><span dir=\"auto\" style=\"vertical-align: inherit;\"><span dir=\"auto\" style=\"vertical-align: inherit;\">CAS-nummer: 77872-41-4 <\/span><\/span><\/span><\/span><\/span><\/span><br \/>\n<span style=\"vertical-align: inherit;\"><span style=\"vertical-align: inherit;\"><span dir=\"auto\" style=\"vertical-align: inherit;\"><span dir=\"auto\" style=\"vertical-align: inherit;\"><span dir=\"auto\" style=\"vertical-align: inherit;\"><span dir=\"auto\" style=\"vertical-align: inherit;\">Formel: C13H18N2O <\/span><\/span><\/span><\/span><\/span><\/span><br \/>\n<span style=\"vertical-align: inherit;\"><span style=\"vertical-align: inherit;\"><span dir=\"auto\" style=\"vertical-align: inherit;\"><span dir=\"auto\" style=\"vertical-align: inherit;\"><span dir=\"auto\" style=\"vertical-align: inherit;\"><span dir=\"auto\" style=\"vertical-align: inherit;\">Molmassa: 218,3 g\/mol <\/span><\/span><\/span><\/span><\/span><\/span><br \/>\n<span style=\"vertical-align: inherit;\"><span style=\"vertical-align: inherit;\"><span dir=\"auto\" style=\"vertical-align: inherit;\"><span dir=\"auto\" style=\"vertical-align: inherit;\"><span dir=\"auto\" style=\"vertical-align: inherit;\"><span dir=\"auto\" style=\"vertical-align: inherit;\">Renhet: \u226598%<\/span><\/span><\/span><\/span><\/span><\/span><\/p>","protected":false},"featured_media":21164,"comment_status":"closed","ping_status":"closed","template":"","meta":[],"product_brand":[],"product_cat":[555],"product_tag":[636,635,326],"class_list":{"0":"post-24119","1":"product","2":"type-product","3":"status-publish","4":"has-post-thumbnail","6":"product_cat-b2b","7":"product_tag-metocin","8":"product_tag-metocin-kopen","9":"product_tag-nl","11":"first","12":"instock","13":"taxable","14":"shipping-taxable","15":"purchasable","16":"product-type-variable"},"_links":{"self":[{"href":"https:\/\/onderzoekschemicals.com\/sv\/wp-json\/wp\/v2\/product\/24119","targetHints":{"allow":["GET"]}}],"collection":[{"href":"https:\/\/onderzoekschemicals.com\/sv\/wp-json\/wp\/v2\/product"}],"about":[{"href":"https:\/\/onderzoekschemicals.com\/sv\/wp-json\/wp\/v2\/types\/product"}],"replies":[{"embeddable":true,"href":"https:\/\/onderzoekschemicals.com\/sv\/wp-json\/wp\/v2\/comments?post=24119"}],"version-history":[{"count":5,"href":"https:\/\/onderzoekschemicals.com\/sv\/wp-json\/wp\/v2\/product\/24119\/revisions"}],"predecessor-version":[{"id":26511,"href":"https:\/\/onderzoekschemicals.com\/sv\/wp-json\/wp\/v2\/product\/24119\/revisions\/26511"}],"wp:featuredmedia":[{"embeddable":true,"href":"https:\/\/onderzoekschemicals.com\/sv\/wp-json\/wp\/v2\/media\/21164"}],"wp:attachment":[{"href":"https:\/\/onderzoekschemicals.com\/sv\/wp-json\/wp\/v2\/media?parent=24119"}],"wp:term":[{"taxonomy":"product_brand","embeddable":true,"href":"https:\/\/onderzoekschemicals.com\/sv\/wp-json\/wp\/v2\/product_brand?post=24119"},{"taxonomy":"product_cat","embeddable":true,"href":"https:\/\/onderzoekschemicals.com\/sv\/wp-json\/wp\/v2\/product_cat?post=24119"},{"taxonomy":"product_tag","embeddable":true,"href":"https:\/\/onderzoekschemicals.com\/sv\/wp-json\/wp\/v2\/product_tag?post=24119"}],"curies":[{"name":"wp","href":"https:\/\/api.w.org\/{rel}","templated":true}]}}