{"id":24107,"date":"2025-04-13T17:41:04","date_gmt":"2025-04-13T17:41:04","guid":{"rendered":"https:\/\/onderzoekschemicals.com\/?post_type=product&#038;p=24107"},"modified":"2025-10-14T07:55:35","modified_gmt":"2025-10-14T07:55:35","slug":"rc-maxtc-blister","status":"publish","type":"product","link":"https:\/\/onderzoekschemicals.com\/sv\/shop\/b2b\/rc-maxtc-blister\/","title":{"rendered":"RC+ MaXTC-blister"},"content":{"rendered":"<h3 data-start=\"5023\" data-end=\"5044\"><strong data-start=\"5027\" data-end=\"5042\">Introduktion<\/strong><\/h3>\n<p data-start=\"5045\" data-end=\"5340\">De <strong data-start=\"5048\" data-end=\"5069\">RC+ MaXTC-blister<\/strong> \u00e4r en <strong data-start=\"5077\" data-end=\"5115\">h\u00f6gkvalitativ forskningsformulering<\/strong> Utvecklad f\u00f6r avancerade analytiska och vetenskapliga till\u00e4mpningar. Varje blister inneh\u00e5ller individuellt f\u00f6rseglade pellets, utformade f\u00f6r <strong data-start=\"5258\" data-end=\"5337\">exakt dosering, f\u00f6rb\u00e4ttrad stabilitet och kontamineringsfri hantering<\/strong>.<\/p>\n<p data-start=\"5342\" data-end=\"5536\">Kombinationen av <strong data-start=\"5360\" data-end=\"5391\">5-MAPB, 4-FMA och 5-MeO-MiPT<\/strong> g\u00f6r denna produkt s\u00e4rskilt l\u00e4mplig f\u00f6r forskning inom <strong data-start=\"5449\" data-end=\"5533\">farmakologiska interaktioner, receptorbindning och molekyl\u00e4ra j\u00e4mf\u00f6relsestudier<\/strong>.<\/p>\n<p data-start=\"5538\" data-end=\"5653\">Blisterf\u00f6rpackningen s\u00e4kerst\u00e4ller tillf\u00f6rlitlighet, sp\u00e5rbarhet och bekv\u00e4mlighet f\u00f6r anv\u00e4ndning i professionella laboratorier.<\/p>\n<p data-start=\"5655\" data-end=\"5766\"><em data-start=\"5655\" data-end=\"5766\">(Denna produkt \u00e4r endast avsedd f\u00f6r forsknings\u00e4ndam\u00e5l. Ej f\u00f6r m\u00e4nsklig eller djurkonsumtion.)<\/em><\/p>\n<hr data-start=\"5768\" data-end=\"5771\" \/>\n<h3 data-start=\"5773\" data-end=\"5806\"><strong data-start=\"5777\" data-end=\"5804\">Viktiga funktioner<\/strong><\/h3>\n<ul data-start=\"5807\" data-end=\"6395\">\n<li data-start=\"5807\" data-end=\"5928\">\n<p data-start=\"5809\" data-end=\"5928\"><strong data-start=\"5809\" data-end=\"5832\">Flerf\u00f6reningsblandning:<\/strong> Varje pellet inneh\u00e5ller en exakt balanserad kombination av 5-MAPB, 4-FMA och 5-MeO-MiPT.<\/p>\n<\/li>\n<li data-start=\"5929\" data-end=\"6034\">\n<p data-start=\"5931\" data-end=\"6034\"><strong data-start=\"5931\" data-end=\"5955\">Precisionsformulering:<\/strong> Utvecklad f\u00f6r kontrollerade experiment med enhetliga kompositioner.<\/p>\n<\/li>\n<li data-start=\"6035\" data-end=\"6137\">\n<p data-start=\"6037\" data-end=\"6137\"><strong data-start=\"6037\" data-end=\"6059\">Blisterf\u00f6rpackning:<\/strong> Varje pellet \u00e4r individuellt f\u00f6rseglad f\u00f6r optimal stabilitet och s\u00e4kerhet.<\/p>\n<\/li>\n<li data-start=\"6138\" data-end=\"6236\">\n<p data-start=\"6140\" data-end=\"6236\"><strong data-start=\"6140\" data-end=\"6158\">Anv\u00e4ndarv\u00e4nlighet:<\/strong> L\u00e4tt att ta bort f\u00f6r exakt dosering och provberedning.<\/p>\n<\/li>\n<li data-start=\"6237\" data-end=\"6334\">\n<p data-start=\"6239\" data-end=\"6334\"><strong data-start=\"6239\" data-end=\"6258\">Batchnumrering:<\/strong> F\u00f6rsedd med unik batchkod f\u00f6r kvalitetss\u00e4kring och sp\u00e5rbarhet.<\/p>\n<\/li>\n<li data-start=\"6335\" data-end=\"6395\">\n<p data-start=\"6337\" data-end=\"6395\"><strong data-start=\"6337\" data-end=\"6348\">Inneh\u00e5ll:<\/strong> Varje blister inneh\u00e5ller <strong data-start=\"6368\" data-end=\"6392\">10 forskningspellets<\/strong>.<\/p>\n<\/li>\n<\/ul>\n<hr data-start=\"6397\" data-end=\"6400\" \/>\n<h3 data-start=\"6402\" data-end=\"6421\"><strong data-start=\"6406\" data-end=\"6419\">F\u00f6rdelar<\/strong><\/h3>\n<p data-start=\"6422\" data-end=\"6518\">\u2705 <strong data-start=\"6424\" data-end=\"6450\">Konsekventa resultat<\/strong> \u2013 Varje pellet ger tillf\u00f6rlitliga, reproducerbara forskningsdata.<\/p>\n<p data-start=\"6520\" data-end=\"6618\">\u2705 <strong data-start=\"6522\" data-end=\"6544\">B\u00e4ttre stabilitet<\/strong> \u2013 Luft- och fuktfri f\u00f6rpackning f\u00f6rhindrar nedbrytning av f\u00f6reningen.<\/p>\n<p data-start=\"6620\" data-end=\"6702\">\u2705 <strong data-start=\"6622\" data-end=\"6644\">Snabbare arbetsprocess<\/strong> \u2013 F\u00f6ruppm\u00e4tta pellets sparar f\u00f6rberedelsetid.<\/p>\n<p data-start=\"6704\" data-end=\"6780\">\u2705 <strong data-start=\"6706\" data-end=\"6729\">S\u00e4krare att anv\u00e4nda<\/strong> \u2013 Enskilda h\u00e5lrum begr\u00e4nsar risken f\u00f6r kontaminering.<\/p>\n<p data-start=\"6782\" data-end=\"6896\">\u2705 <strong data-start=\"6784\" data-end=\"6823\">Perfekt f\u00f6r j\u00e4mf\u00f6rande forskning<\/strong> \u2013 St\u00f6djer studier av synergi eller interaktion mellan f\u00f6reningar.<\/p>\n<hr data-start=\"6898\" data-end=\"6901\" \/>\n<h3 data-start=\"6903\" data-end=\"6966\"><strong data-start=\"6907\" data-end=\"6964\">Bruksanvisning (endast f\u00f6r forsknings\u00e4ndam\u00e5l)<\/strong><\/h3>\n<blockquote data-start=\"6967\" data-end=\"7143\">\n<p data-start=\"6969\" data-end=\"7143\">\u26a0\ufe0f <strong data-start=\"6972\" data-end=\"6987\">Viktig:<\/strong> RC+ MaXTC-blister \u00e4r inte avsedd f\u00f6r anv\u00e4ndning p\u00e5 m\u00e4nniskor eller djur. Anv\u00e4nd alltid handskar och personlig skyddsutrustning och arbeta enligt laboratoriets s\u00e4kerhetsriktlinjer.<\/p>\n<\/blockquote>\n<ol data-start=\"7145\" data-end=\"8004\">\n<li data-start=\"7145\" data-end=\"7268\">\n<p data-start=\"7148\" data-end=\"7163\"><strong data-start=\"7148\" data-end=\"7161\">Inspektion<\/strong><\/p>\n<ul data-start=\"7167\" data-end=\"7268\">\n<li data-start=\"7167\" data-end=\"7212\">\n<p data-start=\"7169\" data-end=\"7212\">Kontrollera blisterf\u00f6rpackningen och batchnumret.<\/p>\n<\/li>\n<li data-start=\"7216\" data-end=\"7268\">\n<p data-start=\"7218\" data-end=\"7268\">Se till att pelletsen \u00e4r hela och oskadade.<\/p>\n<\/li>\n<\/ul>\n<\/li>\n<li data-start=\"7270\" data-end=\"7408\">\n<p data-start=\"7273\" data-end=\"7297\"><strong data-start=\"7273\" data-end=\"7295\">Pelletborttagning<\/strong><\/p>\n<ul data-start=\"7301\" data-end=\"7408\">\n<li data-start=\"7301\" data-end=\"7373\">\n<p data-start=\"7303\" data-end=\"7373\">Tryck f\u00f6rsiktigt en pellet genom folien med hj\u00e4lp av sterila verktyg.<\/p>\n<\/li>\n<li data-start=\"7377\" data-end=\"7408\">\n<p data-start=\"7379\" data-end=\"7408\">Undvik direkt hudkontakt.<\/p>\n<\/li>\n<\/ul>\n<\/li>\n<li data-start=\"7410\" data-end=\"7600\">\n<p data-start=\"7413\" data-end=\"7439\"><strong data-start=\"7413\" data-end=\"7437\">Provberedning<\/strong><\/p>\n<ul data-start=\"7443\" data-end=\"7600\">\n<li data-start=\"7443\" data-end=\"7548\">\n<p data-start=\"7445\" data-end=\"7548\">L\u00f6s upp pelleten i ett l\u00e4mpligt l\u00f6sningsmedel (t.ex. etanol, destillerat vatten eller buffertl\u00f6sning).<\/p>\n<\/li>\n<li data-start=\"7552\" data-end=\"7600\">\n<p data-start=\"7554\" data-end=\"7600\">Blanda f\u00f6rsiktigt tills en homogen l\u00f6sning erh\u00e5lls.<\/p>\n<\/li>\n<\/ul>\n<\/li>\n<li data-start=\"7602\" data-end=\"7787\">\n<p data-start=\"7605\" data-end=\"7633\"><strong data-start=\"7605\" data-end=\"7631\">Utf\u00f6ra experiment<\/strong><\/p>\n<ul data-start=\"7637\" data-end=\"7787\">\n<li data-start=\"7637\" data-end=\"7723\">\n<p data-start=\"7639\" data-end=\"7723\">Anv\u00e4ndning i receptorbindningsanalyser, in vitro-analyser eller andra godk\u00e4nda tester.<\/p>\n<\/li>\n<li data-start=\"7727\" data-end=\"7787\">\n<p data-start=\"7729\" data-end=\"7787\">Registrera l\u00f6sningsmedel, koncentrationer och tidsintervall.<\/p>\n<\/li>\n<\/ul>\n<\/li>\n<li data-start=\"7789\" data-end=\"8004\">\n<p data-start=\"7792\" data-end=\"7822\"><strong data-start=\"7792\" data-end=\"7820\">Lagring och avfallshantering<\/strong><\/p>\n<ul data-start=\"7826\" data-end=\"8004\">\n<li data-start=\"7826\" data-end=\"7923\">\n<p data-start=\"7828\" data-end=\"7923\">F\u00f6rvara oanv\u00e4nda pellets i blisterf\u00f6rpackningen, uppr\u00e4tt och i en <strong data-start=\"7888\" data-end=\"7920\">sval, m\u00f6rk, torr plats<\/strong>.<\/p>\n<\/li>\n<li data-start=\"7927\" data-end=\"8004\">\n<p data-start=\"7929\" data-end=\"8004\">Kassera rester enligt ditt laboratoriums policy f\u00f6r kemiskt avfall.<\/p>\n<\/li>\n<\/ul>\n<\/li>\n<\/ol>\n<hr data-start=\"8006\" data-end=\"8009\" \/>\n<h3 data-start=\"8011\" data-end=\"8046\"><strong data-start=\"8015\" data-end=\"8044\">Vanliga fr\u00e5gor (FAQ)<\/strong><\/h3>\n<p data-start=\"8048\" data-end=\"8225\"><strong data-start=\"8048\" data-end=\"8098\">1. Vilka \u00e4mnen inneh\u00e5ller RC+ MaXTC Blister?<\/strong><br data-start=\"8098\" data-end=\"8101\" \/>Varje pellet inneh\u00e5ller en kombination av <strong data-start=\"8138\" data-end=\"8148\">5-MAPB<\/strong>, <strong data-start=\"8150\" data-end=\"8159\">4-FMA<\/strong> och <strong data-start=\"8163\" data-end=\"8177\">5-MeO-MiPT<\/strong> \u2013 endast avsedd f\u00f6r forsknings\u00e4ndam\u00e5l.<\/p>\n<p data-start=\"8227\" data-end=\"8393\"><strong data-start=\"8227\" data-end=\"8285\">2. Hur m\u00e5nga pellets finns i en blisterf\u00f6rpackning?<\/strong><br data-start=\"8285\" data-end=\"8288\" \/>Varje blister inneh\u00e5ller <strong data-start=\"8307\" data-end=\"8345\">10 individuellt f\u00f6rseglade pellets<\/strong> f\u00f6r kontrollerade och reproducerbara tester.<\/p>\n<p data-start=\"8395\" data-end=\"8583\"><strong data-start=\"8395\" data-end=\"8455\">3. \u00c4r RC+ MaXTC-blisterf\u00f6rpackningen l\u00e4mplig f\u00f6r m\u00e4nsklig anv\u00e4ndning?<\/strong><br data-start=\"8455\" data-end=\"8458\" \/>Nej \u2013 den h\u00e4r produkten \u00e4r <strong data-start=\"8479\" data-end=\"8520\">endast f\u00f6r forsknings\u00e4ndam\u00e5l<\/strong> och <strong data-start=\"8524\" data-end=\"8580\">inte avsedd f\u00f6r m\u00e4nsklig eller animalisk konsumtion<\/strong>.<\/p>\n<p><a href=\"https:\/\/onderzoekschemicals.com\/sv\/shop\/lysergamides\/1cp-lsd-150-mcg\/\"><span dir=\"auto\" style=\"vertical-align: inherit;\"><span dir=\"auto\" style=\"vertical-align: inherit;\">1cP-LSD 150 MCG Art Blotters <\/span><\/span><\/a><a href=\"https:\/\/onderzoekschemicals.com\/sv\/shop\/pellets\/o-dsmt-50mg-pellets\/\"><span dir=\"auto\" style=\"vertical-align: inherit;\"><span dir=\"auto\" style=\"vertical-align: inherit;\">O-DSMT 50 mg pellets <\/span><\/span><\/a><a href=\"https:\/\/onderzoekschemicals.com\/sv\/shop\/lysergamides\/1v-lsd-150-mcg-blotters\/\"><span dir=\"auto\" style=\"vertical-align: inherit;\"><span dir=\"auto\" style=\"vertical-align: inherit;\">1V-LSD 150 MCG Blotters <\/span><\/span><\/a><a href=\"https:\/\/onderzoekschemicals.com\/sv\/shop\/bijna-verboden\/6-cl-adba\/\"><span dir=\"auto\" style=\"vertical-align: inherit;\"><span dir=\"auto\" style=\"vertical-align: inherit;\">6-CL-ADBA <\/span><\/span><\/a><a href=\"https:\/\/onderzoekschemicals.com\/sv\/shop\/cathinonen\/2-cmc-kopen\/\"><span dir=\"auto\" style=\"vertical-align: inherit;\"><span dir=\"auto\" style=\"vertical-align: inherit;\">2-CMC 250 mg pellets<\/span><\/span><\/a><\/p>","protected":false},"excerpt":{"rendered":"<p>Introductie De RC+ MaXTC Blister is een hoogwaardige onderzoeksformulering ontwikkeld voor geavanceerde analytische en wetenschappelijke toepassingen. Elke blister bevat individueel<\/p>","protected":false},"featured_media":21157,"comment_status":"closed","ping_status":"closed","template":"","meta":[],"product_brand":[],"product_cat":[555],"product_tag":[629,644,664,326],"class_list":{"0":"post-24107","1":"product","2":"type-product","3":"status-publish","4":"has-post-thumbnail","6":"product_cat-b2b","7":"product_tag-4-fma-kopen","8":"product_tag-4-fma","9":"product_tag-maxtc","10":"product_tag-nl","12":"first","13":"instock","14":"taxable","15":"shipping-taxable","16":"purchasable","17":"product-type-variable"},"_links":{"self":[{"href":"https:\/\/onderzoekschemicals.com\/sv\/wp-json\/wp\/v2\/product\/24107","targetHints":{"allow":["GET"]}}],"collection":[{"href":"https:\/\/onderzoekschemicals.com\/sv\/wp-json\/wp\/v2\/product"}],"about":[{"href":"https:\/\/onderzoekschemicals.com\/sv\/wp-json\/wp\/v2\/types\/product"}],"replies":[{"embeddable":true,"href":"https:\/\/onderzoekschemicals.com\/sv\/wp-json\/wp\/v2\/comments?post=24107"}],"version-history":[{"count":4,"href":"https:\/\/onderzoekschemicals.com\/sv\/wp-json\/wp\/v2\/product\/24107\/revisions"}],"predecessor-version":[{"id":27874,"href":"https:\/\/onderzoekschemicals.com\/sv\/wp-json\/wp\/v2\/product\/24107\/revisions\/27874"}],"wp:featuredmedia":[{"embeddable":true,"href":"https:\/\/onderzoekschemicals.com\/sv\/wp-json\/wp\/v2\/media\/21157"}],"wp:attachment":[{"href":"https:\/\/onderzoekschemicals.com\/sv\/wp-json\/wp\/v2\/media?parent=24107"}],"wp:term":[{"taxonomy":"product_brand","embeddable":true,"href":"https:\/\/onderzoekschemicals.com\/sv\/wp-json\/wp\/v2\/product_brand?post=24107"},{"taxonomy":"product_cat","embeddable":true,"href":"https:\/\/onderzoekschemicals.com\/sv\/wp-json\/wp\/v2\/product_cat?post=24107"},{"taxonomy":"product_tag","embeddable":true,"href":"https:\/\/onderzoekschemicals.com\/sv\/wp-json\/wp\/v2\/product_tag?post=24107"}],"curies":[{"name":"wp","href":"https:\/\/api.w.org\/{rel}","templated":true}]}}