{"id":24083,"date":"2025-04-13T17:41:00","date_gmt":"2025-04-13T17:41:00","guid":{"rendered":"https:\/\/onderzoekschemicals.com\/?post_type=product&#038;p=24083"},"modified":"2025-10-14T11:19:17","modified_gmt":"2025-10-14T11:19:17","slug":"digital-minivag","status":"publish","type":"product","link":"https:\/\/onderzoekschemicals.com\/sv\/handla\/vagar\/digital-minivag\/","title":{"rendered":"Professionell digital miniv\u00e5g \u2013 50 g x 0,001 g"},"content":{"rendered":"<h3 data-start=\"5323\" data-end=\"5342\"><strong data-start=\"5327\" data-end=\"5342\">Introduktion<\/strong><\/h3>\n<p data-start=\"5344\" data-end=\"5695\">De <strong data-start=\"5347\" data-end=\"5404\">Professionell digital miniv\u00e5g \u2013 50 g x 0,001 g<\/strong> \u00e4r en <strong data-start=\"5412\" data-end=\"5447\">h\u00f6gkvalitativ precisionsv\u00e5g<\/strong>, utformad f\u00f6r anv\u00e4ndare som <strong data-start=\"5479\" data-end=\"5516\">noggrannhet och tillf\u00f6rlitlighet<\/strong> krav. Med en precision p\u00e5 <strong data-start=\"5545\" data-end=\"5573\">0,001 gram (1 milligram)<\/strong> Denna miniv\u00e5g \u00e4r idealisk f\u00f6r <strong data-start=\"5610\" data-end=\"5692\">laboratorieanalyser, v\u00e4gning av smycken, kemiska preparat och mikrodosering<\/strong>Digital miniv\u00e5g<\/p>\n<p data-start=\"5697\" data-end=\"5861\">Skalan kombinerar <strong data-start=\"5722\" data-end=\"5754\">digital precisionsteknik<\/strong> omedelbart <strong data-start=\"5763\" data-end=\"5794\">kompakt och h\u00e5llbar design<\/strong>vilket g\u00f6r den perfekt f\u00f6r b\u00e5de proffs och hobbyister.<\/p>\n<hr data-start=\"5863\" data-end=\"5866\" \/>\n<h3 data-start=\"5868\" data-end=\"5899\"><strong data-start=\"5872\" data-end=\"5899\">Viktiga funktioner<\/strong><\/h3>\n<ul data-start=\"5901\" data-end=\"6491\">\n<li data-start=\"5901\" data-end=\"5988\">\n<p data-start=\"5903\" data-end=\"5988\"><strong data-start=\"5903\" data-end=\"5926\">Extremt noggrann:<\/strong> M\u00e4t upp till <strong data-start=\"5936\" data-end=\"5947\">50 gram<\/strong> med en precision p\u00e5 <strong data-start=\"5969\" data-end=\"5985\">0,001 g (1 mg)<\/strong>.<\/p>\n<\/li>\n<li data-start=\"5989\" data-end=\"6081\">\n<p data-start=\"5991\" data-end=\"6081\"><strong data-start=\"5991\" data-end=\"6016\">Tydlig LCD-sk\u00e4rm:<\/strong> Belyst display f\u00f6r enkel avl\u00e4sning i alla ljusf\u00f6rh\u00e5llanden.<\/p>\n<\/li>\n<li data-start=\"6082\" data-end=\"6173\">\n<p data-start=\"6084\" data-end=\"6173\"><strong data-start=\"6084\" data-end=\"6106\">Flera enheter:<\/strong> St\u00f6der <strong data-start=\"6119\" data-end=\"6146\">g, mg, oz, ozt, dwt, ct<\/strong> f\u00f6r flexibla m\u00e4tningar.<\/p>\n<\/li>\n<li data-start=\"6174\" data-end=\"6251\">\n<p data-start=\"6176\" data-end=\"6251\"><strong data-start=\"6176\" data-end=\"6201\">Kompakt och b\u00e4rbar:<\/strong> L\u00e4tt design, enkel att b\u00e4ra.<\/p>\n<\/li>\n<li data-start=\"6252\" data-end=\"6322\">\n<p data-start=\"6254\" data-end=\"6322\"><strong data-start=\"6254\" data-end=\"6270\">Skyddsk\u00e5pa:<\/strong> Skyddar v\u00e4gytan fr\u00e5n damm och skador.<\/p>\n<\/li>\n<li data-start=\"6323\" data-end=\"6410\">\n<p data-start=\"6325\" data-end=\"6410\"><strong data-start=\"6325\" data-end=\"6353\">Automatisk kalibrering:<\/strong> Inkluderar kalibreringsvikter f\u00f6r fortsatt precision.<\/p>\n<\/li>\n<li data-start=\"6411\" data-end=\"6491\">\n<p data-start=\"6413\" data-end=\"6491\"><strong data-start=\"6413\" data-end=\"6431\">Energieffektiv:<\/strong> Automatisk avst\u00e4ngningsfunktion f\u00f6r l\u00e4ngre batteritid.<\/p>\n<\/li>\n<\/ul>\n<hr data-start=\"6493\" data-end=\"6496\" \/>\n<h3 data-start=\"6498\" data-end=\"6515\"><strong data-start=\"6502\" data-end=\"6515\">F\u00f6rdelar<\/strong><\/h3>\n<ol data-start=\"6517\" data-end=\"6895\">\n<li data-start=\"6517\" data-end=\"6602\">\n<p data-start=\"6520\" data-end=\"6602\"><strong data-start=\"6520\" data-end=\"6544\">H\u00f6g noggrannhet:<\/strong> Perfekt f\u00f6r laboratorier, smycken eller fina material.<\/p>\n<\/li>\n<li data-start=\"6603\" data-end=\"6677\">\n<p data-start=\"6606\" data-end=\"6677\"><strong data-start=\"6606\" data-end=\"6630\">Anv\u00e4ndarv\u00e4nlig:<\/strong> Enkel kontrollpanel med tv\u00e5 knappar.<\/p>\n<\/li>\n<li data-start=\"6678\" data-end=\"6756\">\n<p data-start=\"6681\" data-end=\"6756\"><strong data-start=\"6681\" data-end=\"6696\">M\u00e5ngsidig:<\/strong> L\u00e4mplig f\u00f6r forskare, studenter och yrkesverksamma.<\/p>\n<\/li>\n<li data-start=\"6757\" data-end=\"6840\">\n<p data-start=\"6760\" data-end=\"6840\"><strong data-start=\"6760\" data-end=\"6781\">H\u00e5llbar design:<\/strong> V\u00e5gplattform i rostfritt st\u00e5l f\u00f6r l\u00e5ngvarig anv\u00e4ndning.<\/p>\n<\/li>\n<li data-start=\"6841\" data-end=\"6895\">\n<p data-start=\"6844\" data-end=\"6895\"><strong data-start=\"6844\" data-end=\"6858\">B\u00e4rbar:<\/strong> Noggrannhet som f\u00e5r plats i fickan.<\/p>\n<\/li>\n<\/ol>\n<hr data-start=\"6897\" data-end=\"6900\" \/>\n<h3 data-start=\"6902\" data-end=\"6928\"><strong data-start=\"6906\" data-end=\"6928\">Bruksanvisning<\/strong><\/h3>\n<ol data-start=\"6930\" data-end=\"7205\">\n<li data-start=\"6930\" data-end=\"6985\">\n<p data-start=\"6933\" data-end=\"6985\"><strong data-start=\"6933\" data-end=\"6957\">Placera v\u00e5gen<\/strong> p\u00e5 en plan yta.<\/p>\n<\/li>\n<li data-start=\"6986\" data-end=\"7038\">\n<p data-start=\"6989\" data-end=\"7038\"><strong data-start=\"6989\" data-end=\"7016\">Tryck p\u00e5 str\u00f6mbrytaren<\/strong> att aktivera.<\/p>\n<\/li>\n<li data-start=\"7039\" data-end=\"7096\">\n<p data-start=\"7042\" data-end=\"7096\"><strong data-start=\"7042\" data-end=\"7069\">V\u00e4nta p\u00e5 kalibrering<\/strong> slutf\u00f6rs automatiskt.<\/p>\n<\/li>\n<li data-start=\"7097\" data-end=\"7149\">\n<p data-start=\"7100\" data-end=\"7149\"><strong data-start=\"7100\" data-end=\"7130\">Placera f\u00f6rem\u00e5let som ska v\u00e4gas<\/strong> p\u00e5 plattformen.<\/p>\n<\/li>\n<li data-start=\"7150\" data-end=\"7205\">\n<p data-start=\"7153\" data-end=\"7205\"><strong data-start=\"7153\" data-end=\"7175\">L\u00e4s resultatet<\/strong> av p\u00e5 den upplysta sk\u00e4rmen.<\/p>\n<\/li>\n<\/ol>\n<p data-start=\"7207\" data-end=\"7322\">\ud83d\udca1 <strong data-start=\"7210\" data-end=\"7218\">Dricks:<\/strong> Kalibrera regelbundet f\u00f6r att bibeh\u00e5lla maximal noggrannhet, s\u00e4rskilt f\u00f6r kemisk eller analytisk anv\u00e4ndning.<\/p>\n<hr data-start=\"7324\" data-end=\"7327\" \/>\n<h3 data-start=\"7329\" data-end=\"7361\"><strong data-start=\"7333\" data-end=\"7361\">Tekniska specifikationer<\/strong><\/h3>\n<div class=\"_tableContainer_1rjym_1\">\n<div class=\"group _tableWrapper_1rjym_13 flex w-fit flex-col-reverse\" tabindex=\"-1\">\n<table class=\"w-fit min-w-(--thread-content-width)\" data-start=\"7363\" data-end=\"7824\">\n<thead data-start=\"7363\" data-end=\"7397\">\n<tr data-start=\"7363\" data-end=\"7397\">\n<th data-start=\"7363\" data-end=\"7382\" data-col-size=\"sm\"><strong data-start=\"7365\" data-end=\"7381\">Specifikation<\/strong><\/th>\n<th data-start=\"7382\" data-end=\"7397\" data-col-size=\"sm\"><strong data-start=\"7384\" data-end=\"7395\">Detaljer<\/strong><\/th>\n<\/tr>\n<\/thead>\n<tbody data-start=\"7434\" data-end=\"7824\">\n<tr data-start=\"7434\" data-end=\"7471\">\n<td data-start=\"7434\" data-end=\"7460\" data-col-size=\"sm\"><strong data-start=\"7436\" data-end=\"7459\">Maximal kapacitet<\/strong><\/td>\n<td data-start=\"7460\" data-end=\"7471\" data-col-size=\"sm\">50 gram<\/td>\n<\/tr>\n<tr data-start=\"7472\" data-end=\"7520\">\n<td data-start=\"7472\" data-end=\"7504\" data-col-size=\"sm\"><strong data-start=\"7474\" data-end=\"7503\">Precision \/ L\u00e4sbarhet<\/strong><\/td>\n<td data-col-size=\"sm\" data-start=\"7504\" data-end=\"7520\">0,001 g (1 mg)<\/td>\n<\/tr>\n<tr data-start=\"7521\" data-end=\"7563\">\n<td data-start=\"7521\" data-end=\"7536\" data-col-size=\"sm\"><strong data-start=\"7523\" data-end=\"7535\">Enheter<\/strong><\/td>\n<td data-col-size=\"sm\" data-start=\"7536\" data-end=\"7563\">g, mg, oz, ozt, dwt, ct<\/td>\n<\/tr>\n<tr data-start=\"7564\" data-end=\"7598\">\n<td data-start=\"7564\" data-end=\"7582\" data-col-size=\"sm\"><strong data-start=\"7566\" data-end=\"7581\">Sk\u00e4rmtyp<\/strong><\/td>\n<td data-col-size=\"sm\" data-start=\"7582\" data-end=\"7598\">Upplyst LCD-sk\u00e4rm<\/td>\n<\/tr>\n<tr data-start=\"7599\" data-end=\"7635\">\n<td data-start=\"7599\" data-end=\"7613\" data-col-size=\"sm\"><strong data-start=\"7601\" data-end=\"7612\">Str\u00f6mf\u00f6rs\u00f6rjning<\/strong><\/td>\n<td data-start=\"7613\" data-end=\"7635\" data-col-size=\"sm\">2 \u00d7 AAA-batterier<\/td>\n<\/tr>\n<tr data-start=\"7636\" data-end=\"7679\">\n<td data-start=\"7636\" data-end=\"7660\" data-col-size=\"sm\"><strong data-start=\"7638\" data-end=\"7659\">Plattformsmaterial<\/strong><\/td>\n<td data-col-size=\"sm\" data-start=\"7660\" data-end=\"7679\">Rostfritt st\u00e5l<\/td>\n<\/tr>\n<tr data-start=\"7680\" data-end=\"7719\">\n<td data-start=\"7680\" data-end=\"7713\" data-col-size=\"sm\"><strong data-start=\"7682\" data-end=\"7712\">Automatisk avst\u00e4ngning<\/strong><\/td>\n<td data-col-size=\"sm\" data-start=\"7713\" data-end=\"7719\">Ja<\/td>\n<\/tr>\n<tr data-start=\"7720\" data-end=\"7764\">\n<td data-start=\"7720\" data-end=\"7737\" data-col-size=\"sm\"><strong data-start=\"7722\" data-end=\"7736\">Kalibrering<\/strong><\/td>\n<td data-col-size=\"sm\" data-start=\"7737\" data-end=\"7764\">Manuell och automatisk<\/td>\n<\/tr>\n<tr data-start=\"7765\" data-end=\"7800\">\n<td data-start=\"7765\" data-end=\"7782\" data-col-size=\"sm\"><strong data-start=\"7767\" data-end=\"7781\">M\u00e5tt<\/strong><\/td>\n<td data-start=\"7782\" data-end=\"7800\" data-col-size=\"sm\">\u00b112 \u00d7 6 \u00d7 2 cm<\/td>\n<\/tr>\n<tr data-start=\"7801\" data-end=\"7824\">\n<td data-start=\"7801\" data-end=\"7815\" data-col-size=\"sm\"><strong data-start=\"7803\" data-end=\"7814\">Vikt<\/strong><\/td>\n<td data-col-size=\"sm\" data-start=\"7815\" data-end=\"7824\">\u00b1150 g<\/td>\n<\/tr>\n<\/tbody>\n<\/table>\n<\/div>\n<\/div>\n<hr data-start=\"7826\" data-end=\"7829\" \/>\n<h3 data-start=\"7831\" data-end=\"7866\"><strong data-start=\"7835\" data-end=\"7866\">Vanliga fr\u00e5gor (FAQ)<\/strong><\/h3>\n<p data-start=\"7868\" data-end=\"8004\"><strong data-start=\"7868\" data-end=\"7923\">1. Vad \u00e4r v\u00e5gens maximala kapacitet?<\/strong><br data-start=\"7923\" data-end=\"7926\" \/>V\u00e5gen kan m\u00e4ta upp till <strong data-start=\"7948\" data-end=\"7959\">50 gram<\/strong> m\u00e4ta med en precision p\u00e5 <strong data-start=\"7987\" data-end=\"8001\">0,001 gram<\/strong>Digital miniv\u00e5g<\/p>\n<p data-start=\"8006\" data-end=\"8149\"><strong data-start=\"8006\" data-end=\"8066\">2. \u00c4r denna v\u00e5g l\u00e4mplig f\u00f6r laboratoriebruk?<\/strong><br data-start=\"8066\" data-end=\"8069\" \/>Ja, perfekt f\u00f6r <strong data-start=\"8086\" data-end=\"8146\">laboratorier, utbildningsinstitutioner och kemiska analyser<\/strong>.<\/p>\n<p data-start=\"8151\" data-end=\"8269\"><strong data-start=\"8151\" data-end=\"8186\">3. Hur ofta ska jag kalibrera?<\/strong><br data-start=\"8186\" data-end=\"8189\" \/>Kalibrering kr\u00e4vs f\u00f6r tillf\u00f6rlitliga m\u00e4tningar <strong data-start=\"8232\" data-end=\"8255\">en g\u00e5ng varannan vecka<\/strong> rekommenderad.<\/p>\n<hr data-start=\"8271\" data-end=\"8274\" \/>\n<h3 data-start=\"8276\" data-end=\"8293\"><strong data-start=\"8280\" data-end=\"8293\">Slutsats<\/strong><\/h3>\n<p data-start=\"8295\" data-end=\"8566\">De <strong data-start=\"8298\" data-end=\"8355\">Professionell digital miniv\u00e5g \u2013 50 g x 0,001 g<\/strong> kombinerar <strong data-start=\"8367\" data-end=\"8417\">noggrannhet, portabilitet och anv\u00e4ndarv\u00e4nlighet<\/strong>Oavsett om du arbetar i ett labb, tillverkar smycken eller tar mikrov\u00e5gor, levererar den h\u00e4r digitala v\u00e5gen <strong data-start=\"8530\" data-end=\"8563\">alltid p\u00e5litliga resultat<\/strong>.<\/p>","protected":false},"excerpt":{"rendered":"<p><strong>Specifikationer:<\/strong><\/p>\n<ul>\n<li>Digital<\/li>\n<li>V\u00e4ger fr\u00e5n 0,001 g<\/li>\n<li>V\u00e4ger max. 50 g<\/li>\n<li>Drivs med: 2x AAA-batterier<\/li>\n<li>LCD-sk\u00e4rm<\/li>\n<li>F\u00e4rg: svart<\/li>\n<\/ul>","protected":false},"featured_media":21116,"comment_status":"closed","ping_status":"closed","template":"","meta":[],"product_brand":[],"product_cat":[451],"product_tag":[452,764,767,847,765,766,768],"class_list":{"0":"post-24083","1":"product","2":"type-product","3":"status-publish","4":"has-post-thumbnail","6":"product_cat-weegschalen","7":"product_tag-de","8":"product_tag-digitale-cs-weegschaal","9":"product_tag-digitale-microweegschaal","10":"product_tag-digitale-mini-weegschaal","11":"product_tag-milligramweegschaal","12":"product_tag-precise-weegschaal-0-001g","13":"product_tag-weegschaal-voor-research-chemicals","15":"first","16":"instock","17":"taxable","18":"shipping-taxable","19":"purchasable","20":"product-type-simple"},"_links":{"self":[{"href":"https:\/\/onderzoekschemicals.com\/sv\/wp-json\/wp\/v2\/product\/24083","targetHints":{"allow":["GET"]}}],"collection":[{"href":"https:\/\/onderzoekschemicals.com\/sv\/wp-json\/wp\/v2\/product"}],"about":[{"href":"https:\/\/onderzoekschemicals.com\/sv\/wp-json\/wp\/v2\/types\/product"}],"replies":[{"embeddable":true,"href":"https:\/\/onderzoekschemicals.com\/sv\/wp-json\/wp\/v2\/comments?post=24083"}],"version-history":[{"count":5,"href":"https:\/\/onderzoekschemicals.com\/sv\/wp-json\/wp\/v2\/product\/24083\/revisions"}],"predecessor-version":[{"id":27885,"href":"https:\/\/onderzoekschemicals.com\/sv\/wp-json\/wp\/v2\/product\/24083\/revisions\/27885"}],"wp:featuredmedia":[{"embeddable":true,"href":"https:\/\/onderzoekschemicals.com\/sv\/wp-json\/wp\/v2\/media\/21116"}],"wp:attachment":[{"href":"https:\/\/onderzoekschemicals.com\/sv\/wp-json\/wp\/v2\/media?parent=24083"}],"wp:term":[{"taxonomy":"product_brand","embeddable":true,"href":"https:\/\/onderzoekschemicals.com\/sv\/wp-json\/wp\/v2\/product_brand?post=24083"},{"taxonomy":"product_cat","embeddable":true,"href":"https:\/\/onderzoekschemicals.com\/sv\/wp-json\/wp\/v2\/product_cat?post=24083"},{"taxonomy":"product_tag","embeddable":true,"href":"https:\/\/onderzoekschemicals.com\/sv\/wp-json\/wp\/v2\/product_tag?post=24083"}],"curies":[{"name":"wp","href":"https:\/\/api.w.org\/{rel}","templated":true}]}}