{"id":23824,"date":"2025-04-13T17:40:30","date_gmt":"2025-04-13T17:40:30","guid":{"rendered":"https:\/\/onderzoekschemicals.com\/?post_type=product&#038;p=23824"},"modified":"2025-11-28T07:35:09","modified_gmt":"2025-11-28T07:35:09","slug":"nep","status":"publish","type":"product","link":"https:\/\/onderzoekschemicals.com\/sv\/shop\/bijna-verboden\/nep\/","title":{"rendered":"NEP (N-etylpentedron)"},"content":{"rendered":"<p data-start=\"4929\" data-end=\"5282\"><strong data-start=\"4929\" data-end=\"4956\">NEP (N-etylpentedron)<\/strong> \u00e4r en <strong data-start=\"4964\" data-end=\"4997\">syntetiskt katonderivat<\/strong> vilket ofta anv\u00e4nds som <strong data-start=\"5026\" data-end=\"5059\">referens- och forskningsmaterial<\/strong> i analytiska och forensiska laboratorier. Det \u00e4r strukturellt relaterat till <strong data-start=\"5134\" data-end=\"5148\">pentedron<\/strong> och tillh\u00f6r den <strong data-start=\"5167\" data-end=\"5190\">\u03b2-keto-amfetaminer<\/strong>vilket g\u00f6r den v\u00e4rdefull f\u00f6r forskning om <strong data-start=\"5238\" data-end=\"5281\">kemisk struktur och detektionsmetoder<\/strong>. Falsk<\/p>\n<p data-start=\"5284\" data-end=\"5590\">Denna produkt \u00e4r <strong data-start=\"5299\" data-end=\"5368\">uteslutande avsedd f\u00f6r vetenskaplig och forensisk forskning<\/strong> och <strong data-start=\"5372\" data-end=\"5429\">inte l\u00e4mplig f\u00f6r m\u00e4nsklig eller djurkonsumtion<\/strong>Laboratorier anv\u00e4nder NEP f\u00f6r <strong data-start=\"5462\" data-end=\"5506\">kemisk profilering, detektionsvalidering<\/strong> och <strong data-start=\"5510\" data-end=\"5546\">utveckling av analytiska metoder<\/strong> med tekniker som <strong data-start=\"5568\" data-end=\"5577\">GC-MS<\/strong> och <strong data-start=\"5581\" data-end=\"5589\">HPLC<\/strong>.<\/p>\n<hr data-start=\"5592\" data-end=\"5595\" \/>\n<h3 data-start=\"5597\" data-end=\"5628\"><strong data-start=\"5601\" data-end=\"5628\">Viktiga funktioner<\/strong><\/h3>\n<ul data-start=\"5630\" data-end=\"6141\">\n<li data-start=\"5630\" data-end=\"5731\">\n<p data-start=\"5632\" data-end=\"5731\"><strong data-start=\"5632\" data-end=\"5652\">H\u00f6g renhet:<\/strong> Tillverkad under strikt kvalitetskontroll f\u00f6r maximal tillf\u00f6rlitlighet.<\/p>\n<\/li>\n<li data-start=\"5732\" data-end=\"5826\">\n<p data-start=\"5734\" data-end=\"5826\"><strong data-start=\"5734\" data-end=\"5760\">Testad sammans\u00e4ttning:<\/strong> Varje sats levereras med en <strong data-start=\"5795\" data-end=\"5823\">analysintyg (COA)<\/strong>.<\/p>\n<\/li>\n<li data-start=\"5827\" data-end=\"5938\">\n<p data-start=\"5829\" data-end=\"5938\"><strong data-start=\"5829\" data-end=\"5852\">Stabil struktur:<\/strong> L\u00e4mplig f\u00f6r konsekventa forskningsresultat i olika analytiska till\u00e4mpningar.<\/p>\n<\/li>\n<li data-start=\"5939\" data-end=\"6038\">\n<p data-start=\"5941\" data-end=\"6038\"><strong data-start=\"5941\" data-end=\"5972\">Forskningsniv\u00e5kvalitet:<\/strong> L\u00e4mplig f\u00f6r anv\u00e4ndning i toxikologiska och forensiska studier.<\/p>\n<\/li>\n<li data-start=\"6039\" data-end=\"6141\">\n<p data-start=\"6041\" data-end=\"6141\"><strong data-start=\"6041\" data-end=\"6064\">S\u00e4ker f\u00f6rpackning:<\/strong> Kemiskt resistenta, luftt\u00e4ta beh\u00e5llare s\u00e4kerst\u00e4ller produktstabilitet.<\/p>\n<\/li>\n<\/ul>\n<hr data-start=\"6143\" data-end=\"6146\" \/>\n<h3 data-start=\"6148\" data-end=\"6165\"><strong data-start=\"6152\" data-end=\"6165\">F\u00f6rdelar<\/strong><\/h3>\n<ul data-start=\"6167\" data-end=\"6651\">\n<li data-start=\"6167\" data-end=\"6252\">\n<p data-start=\"6169\" data-end=\"6252\"><strong data-start=\"6169\" data-end=\"6206\">Tillf\u00f6rlitliga forskningsresultat:<\/strong> Ger korrekta och reproducerbara data.<\/p>\n<\/li>\n<li data-start=\"6253\" data-end=\"6350\">\n<p data-start=\"6255\" data-end=\"6350\"><strong data-start=\"6255\" data-end=\"6284\">R\u00e4ttsmedicinska till\u00e4mpningar:<\/strong> Anv\u00e4nds ofta f\u00f6r identifiering av katinonanaloger.<\/p>\n<\/li>\n<li data-start=\"6351\" data-end=\"6437\">\n<p data-start=\"6353\" data-end=\"6437\"><strong data-start=\"6353\" data-end=\"6377\">Konstant kvalitet:<\/strong> Minimerar variationen mellan olika experiment.<\/p>\n<\/li>\n<li data-start=\"6438\" data-end=\"6551\">\n<p data-start=\"6440\" data-end=\"6551\"><strong data-start=\"6440\" data-end=\"6464\">I stort sett analyserbar:<\/strong> Kompatibel med <strong data-start=\"6480\" data-end=\"6518\">kromatografi, masspektrometri<\/strong> och <strong data-start=\"6522\" data-end=\"6548\">infrar\u00f6dspektroskopi<\/strong>.<\/p>\n<\/li>\n<li data-start=\"6552\" data-end=\"6651\">\n<p data-start=\"6554\" data-end=\"6651\"><strong data-start=\"6554\" data-end=\"6588\">Uppfyller s\u00e4kerhetsstandarder:<\/strong> Tillverkad enligt internationella laboratorieriktlinjer.<\/p>\n<\/li>\n<\/ul>\n<hr data-start=\"6653\" data-end=\"6656\" \/>\n<h3 data-start=\"6658\" data-end=\"6719\"><strong data-start=\"6662\" data-end=\"6719\">Bruksanvisning (endast f\u00f6r forsknings\u00e4ndam\u00e5l)<\/strong><\/h3>\n<ol data-start=\"6721\" data-end=\"7133\">\n<li data-start=\"6721\" data-end=\"6828\">\n<p data-start=\"6724\" data-end=\"6828\"><strong data-start=\"6724\" data-end=\"6742\">F\u00f6rberedelse:<\/strong> Anv\u00e4nd i ett ackrediterat laboratorium och b\u00e4r l\u00e4mplig skyddsutrustning.<\/p>\n<\/li>\n<li data-start=\"6829\" data-end=\"6919\">\n<p data-start=\"6832\" data-end=\"6919\"><strong data-start=\"6832\" data-end=\"6847\">Ans\u00f6kan:<\/strong> Applicera sp\u00e5rbara m\u00e4ngder under kontrollerade f\u00f6rh\u00e5llanden.<\/p>\n<\/li>\n<li data-start=\"6920\" data-end=\"7037\">\n<p data-start=\"6923\" data-end=\"7037\"><strong data-start=\"6923\" data-end=\"6934\">Lagring:<\/strong> Spara p\u00e5 en <strong data-start=\"6949\" data-end=\"6983\">sval, torr och m\u00f6rk plats<\/strong>, v\u00e4l tillsluten och borta fr\u00e5n v\u00e4rmek\u00e4llor.<\/p>\n<\/li>\n<li data-start=\"7038\" data-end=\"7133\">\n<p data-start=\"7041\" data-end=\"7133\"><strong data-start=\"7041\" data-end=\"7052\">F\u00f6rfogande:<\/strong> Bearbeta rester enligt <strong data-start=\"7082\" data-end=\"7130\">lokala riktlinjer f\u00f6r hantering av kemiskt avfall<\/strong>.<\/p>\n<\/li>\n<\/ol>\n<hr data-start=\"7135\" data-end=\"7138\" \/>\n<h3 data-start=\"7140\" data-end=\"7174\"><strong data-start=\"7144\" data-end=\"7174\">S\u00e4kerhet och efterlevnad<\/strong><\/h3>\n<ul data-start=\"7176\" data-end=\"7541\">\n<li data-start=\"7176\" data-end=\"7271\">\n<p data-start=\"7178\" data-end=\"7271\"><strong data-start=\"7178\" data-end=\"7214\">Endast f\u00f6r laboratoriebruk:<\/strong> Ej l\u00e4mplig f\u00f6r konsumtion av m\u00e4nniskor eller djur.<\/p>\n<\/li>\n<li data-start=\"7272\" data-end=\"7347\">\n<p data-start=\"7274\" data-end=\"7347\"><strong data-start=\"7274\" data-end=\"7299\">Hantera varsamt:<\/strong> Undvik kontakt med hud, \u00f6gon och luftv\u00e4gar.<\/p>\n<\/li>\n<li data-start=\"7348\" data-end=\"7450\">\n<p data-start=\"7350\" data-end=\"7450\"><strong data-start=\"7350\" data-end=\"7366\">Regler:<\/strong> Kontrollera alltid <strong data-start=\"7388\" data-end=\"7408\">lokal lagstiftning<\/strong> ang\u00e5ende anv\u00e4ndningen av NEP.<\/p>\n<\/li>\n<li data-start=\"7451\" data-end=\"7541\">\n<p data-start=\"7453\" data-end=\"7541\"><strong data-start=\"7453\" data-end=\"7470\">Dokumentation:<\/strong> En <strong data-start=\"7475\" data-end=\"7511\">s\u00e4kerhetsdatablad (MSDS)<\/strong> finns tillg\u00e4nglig p\u00e5 beg\u00e4ran.<\/p>\n<\/li>\n<\/ul>\n<hr data-start=\"7543\" data-end=\"7546\" \/>\n<h3 data-start=\"7548\" data-end=\"7583\"><strong data-start=\"7552\" data-end=\"7583\">Vanliga fr\u00e5gor (FAQ)<\/strong><\/h3>\n<p data-start=\"7585\" data-end=\"7734\"><strong data-start=\"7585\" data-end=\"7620\">1. Vad anv\u00e4nds NEP till?<\/strong><br data-start=\"7620\" data-end=\"7623\" \/>NEP anv\u00e4nds endast som <strong data-start=\"7658\" data-end=\"7691\">referens- och forskningsmaterial<\/strong> i analytiska och forensiska laboratorier.<\/p>\n<p data-start=\"7736\" data-end=\"7907\"><strong data-start=\"7736\" data-end=\"7786\">2. \u00c4r NEP l\u00e4mplig f\u00f6r m\u00e4nsklig konsumtion?<\/strong><br data-start=\"7786\" data-end=\"7789\" \/>Nej. Denna produkt \u00e4r <strong data-start=\"7809\" data-end=\"7866\">inte l\u00e4mplig f\u00f6r m\u00e4nsklig eller djurkonsumtion<\/strong> och endast avsedd f\u00f6r forsknings\u00e4ndam\u00e5l.<\/p>\n<p data-start=\"7909\" data-end=\"8045\"><strong data-start=\"7909\" data-end=\"7947\">3. Hur ska NEP f\u00f6rvaras?<\/strong><br data-start=\"7947\" data-end=\"7950\" \/>Spara i en <strong data-start=\"7964\" data-end=\"8000\">sval, torr och m\u00f6rk milj\u00f6<\/strong>, helst i ett kemikalief\u00f6rvaringssk\u00e5p.<\/p>\n<p><a href=\"https:\/\/onderzoekschemicals.com\/sv\/shop\/lysergamides\/1v-lsd-150-mcg-blotters\/\">1V-LSD 150 MCG Blotters <\/a><a href=\"https:\/\/onderzoekschemicals.com\/sv\/shop\/cathinonen\/2-cmc-kopen\/\">2-CMC 250 mg pellets <\/a><a href=\"https:\/\/onderzoekschemicals.com\/sv\/shop\/bijna-verboden\/6-cl-adba\/\">6-CL-ADBA <\/a><a href=\"https:\/\/onderzoekschemicals.com\/sv\/shop\/bijna-verboden\/pink-star-pellets-5-mapb-70mg-2-fma-20mg-5-meo-mipt-2mg\/\">Pink Star-pellets 5-MAPB 70 mg \/ 2-FMA 20 mg \/ 5-MeO-MiPT 2 mg <\/a><a href=\"https:\/\/onderzoekschemicals.com\/sv\/shop\/bijna-verboden\/4f-mph-25-mg-pellets\/\">4F-MPH 25 MG-pellets<\/a><\/p>","protected":false},"excerpt":{"rendered":"<h2>FEJKA<b>\u00a0<\/b>egenskaper<\/h2>\n<p><strong>Synonym: <\/strong>N-etylpentedron (\u03b1-etylaminopentiofenon, \u03b1-EAPP, \u03b1-etylaminovalerofenon, N-etylnorpentedron)<strong><br \/>\nCAS-nummer<\/strong>: 779974-89-9<br \/>\n<strong>Formel<\/strong>: <span title=\"Kol\">C<\/span><sub>13<\/sub><span title=\"V\u00e4te\">H<\/span><sub>19<\/sub><span title=\"Kv\u00e4ve\">N<\/span><span title=\"Syre\">O<\/span><br \/>\n<strong>Molmassa<\/strong>: 205,301 g mol<br \/>\n<strong>Renhet<\/strong>: \u226598%<\/p>","protected":false},"featured_media":29381,"comment_status":"closed","ping_status":"closed","template":"","meta":[],"product_brand":[],"product_cat":[322,79,334],"product_tag":[604,654,1106,1107,609,597,326],"class_list":{"0":"post-23824","1":"product","2":"type-product","3":"status-publish","4":"has-post-thumbnail","6":"product_cat-bijna-verboden","7":"product_cat-cathinonen","8":"product_cat-nep","9":"product_tag-n-ethyl-pentedrone","10":"product_tag-n-ethylpentedrone","11":"product_tag-nep","12":"product_tag-nep-kopen","13":"product_tag-nep-research-chemical","14":"product_tag-nep-snuiven","15":"product_tag-nl","17":"first","18":"instock","19":"taxable","20":"shipping-taxable","21":"purchasable","22":"product-type-variable"},"_links":{"self":[{"href":"https:\/\/onderzoekschemicals.com\/sv\/wp-json\/wp\/v2\/product\/23824","targetHints":{"allow":["GET"]}}],"collection":[{"href":"https:\/\/onderzoekschemicals.com\/sv\/wp-json\/wp\/v2\/product"}],"about":[{"href":"https:\/\/onderzoekschemicals.com\/sv\/wp-json\/wp\/v2\/types\/product"}],"replies":[{"embeddable":true,"href":"https:\/\/onderzoekschemicals.com\/sv\/wp-json\/wp\/v2\/comments?post=23824"}],"version-history":[{"count":5,"href":"https:\/\/onderzoekschemicals.com\/sv\/wp-json\/wp\/v2\/product\/23824\/revisions"}],"predecessor-version":[{"id":27947,"href":"https:\/\/onderzoekschemicals.com\/sv\/wp-json\/wp\/v2\/product\/23824\/revisions\/27947"}],"wp:featuredmedia":[{"embeddable":true,"href":"https:\/\/onderzoekschemicals.com\/sv\/wp-json\/wp\/v2\/media\/29381"}],"wp:attachment":[{"href":"https:\/\/onderzoekschemicals.com\/sv\/wp-json\/wp\/v2\/media?parent=23824"}],"wp:term":[{"taxonomy":"product_brand","embeddable":true,"href":"https:\/\/onderzoekschemicals.com\/sv\/wp-json\/wp\/v2\/product_brand?post=23824"},{"taxonomy":"product_cat","embeddable":true,"href":"https:\/\/onderzoekschemicals.com\/sv\/wp-json\/wp\/v2\/product_cat?post=23824"},{"taxonomy":"product_tag","embeddable":true,"href":"https:\/\/onderzoekschemicals.com\/sv\/wp-json\/wp\/v2\/product_tag?post=23824"}],"curies":[{"name":"wp","href":"https:\/\/api.w.org\/{rel}","templated":true}]}}