{"id":23813,"date":"2025-04-13T17:40:27","date_gmt":"2025-04-13T17:40:27","guid":{"rendered":"https:\/\/onderzoekschemicals.com\/?post_type=product&#038;p=23813"},"modified":"2025-11-28T07:36:53","modified_gmt":"2025-11-28T07:36:53","slug":"4c-mar-4-chlorine-4-methylaminorex","status":"publish","type":"product","link":"https:\/\/onderzoekschemicals.com\/sv\/shop\/aminorex\/4c-mar-4-chlorine-4-methylaminorex\/","title":{"rendered":"4C-MAR (4-klor-4-metylaminorex)"},"content":{"rendered":"<p data-start=\"4910\" data-end=\"5181\"><strong data-start=\"4910\" data-end=\"4948\">4C-MAR (4-klor-4-metylaminorex)<\/strong> \u00e4r en <strong data-start=\"4956\" data-end=\"4989\">syntetiskt aminorex-derivat<\/strong> som tillh\u00f6r den <strong data-start=\"5009\" data-end=\"5046\">oxazolinklass av f\u00f6reningar<\/strong>Det studeras inom <strong data-start=\"5076\" data-end=\"5113\">r\u00e4ttsmedicinsk och analytisk kemi<\/strong> p\u00e5 grund av dess strukturella likhet med andra aminorex-analoger. 4c Mar<\/p>\n<p data-start=\"5183\" data-end=\"5453\">4C-MAR anv\u00e4nds endast som <strong data-start=\"5221\" data-end=\"5239\">referenssubstans<\/strong> och <strong data-start=\"5243\" data-end=\"5267\">analytiskt material<\/strong> f\u00f6r vetenskapliga \u00e4ndam\u00e5l. Det \u00e4r <strong data-start=\"5310\" data-end=\"5367\">inte l\u00e4mplig f\u00f6r m\u00e4nsklig eller djurkonsumtion<\/strong> och b\u00f6r endast hanteras av kvalificerad personal i ackrediterade laboratorier.<\/p>\n<hr data-start=\"5455\" data-end=\"5458\" \/>\n<h3 data-start=\"5460\" data-end=\"5491\"><strong data-start=\"5464\" data-end=\"5491\">Viktiga funktioner<\/strong><\/h3>\n<ul data-start=\"5493\" data-end=\"6020\">\n<li data-start=\"5493\" data-end=\"5606\">\n<p data-start=\"5495\" data-end=\"5606\"><strong data-start=\"5495\" data-end=\"5515\">H\u00f6g renhet:<\/strong> Tillverkad under strikt kvalitetskontroll f\u00f6r reproducerbara forskningsresultat.<\/p>\n<\/li>\n<li data-start=\"5607\" data-end=\"5720\">\n<p data-start=\"5609\" data-end=\"5720\"><strong data-start=\"5609\" data-end=\"5642\">Strukturellt forskningsv\u00e4rde:<\/strong> L\u00e4mplig f\u00f6r studier av aminorex-analoger och deras spektrala egenskaper.<\/p>\n<\/li>\n<li data-start=\"5721\" data-end=\"5814\">\n<p data-start=\"5723\" data-end=\"5814\"><strong data-start=\"5723\" data-end=\"5762\">Certifierat referensmaterial:<\/strong> Levereras med batchspecifika analyscertifikat.<\/p>\n<\/li>\n<li data-start=\"5815\" data-end=\"5911\">\n<p data-start=\"5817\" data-end=\"5911\"><strong data-start=\"5817\" data-end=\"5849\">Analytisk kompatibilitet:<\/strong> L\u00e4mplig f\u00f6r anv\u00e4ndning med <strong data-start=\"5876\" data-end=\"5885\">GC-MS<\/strong>, <strong data-start=\"5887\" data-end=\"5896\">LC-MS<\/strong> och <strong data-start=\"5900\" data-end=\"5908\">HPLC<\/strong>.<\/p>\n<\/li>\n<li data-start=\"5912\" data-end=\"6020\">\n<p data-start=\"5914\" data-end=\"6020\"><strong data-start=\"5914\" data-end=\"5941\">Stabil sammans\u00e4ttning:<\/strong> Utformad f\u00f6r l\u00e5ngtidslagring under standardlaboratorief\u00f6rh\u00e5llanden.<\/p>\n<\/li>\n<\/ul>\n<hr data-start=\"6022\" data-end=\"6025\" \/>\n<h3 data-start=\"6027\" data-end=\"6044\"><strong data-start=\"6031\" data-end=\"6044\">F\u00f6rdelar<\/strong><\/h3>\n<ul data-start=\"6046\" data-end=\"6551\">\n<li data-start=\"6046\" data-end=\"6180\">\n<p data-start=\"6048\" data-end=\"6180\"><strong data-start=\"6048\" data-end=\"6085\">St\u00f6der analytisk forskning:<\/strong> Hj\u00e4lper till med utvecklingen av detektions- och kvantifieringsmetoder f\u00f6r aminorexf\u00f6reningar.<\/p>\n<\/li>\n<li data-start=\"6181\" data-end=\"6276\">\n<p data-start=\"6183\" data-end=\"6276\"><strong data-start=\"6183\" data-end=\"6205\">Forensisk betydelse:<\/strong> Anv\u00e4nds f\u00f6r identifiering av nya syntetiska \u00e4mnen.<\/p>\n<\/li>\n<li data-start=\"6277\" data-end=\"6352\">\n<p data-start=\"6279\" data-end=\"6352\"><strong data-start=\"6279\" data-end=\"6306\">Tillf\u00f6rlitliga resultat:<\/strong> H\u00f6g renhet minskar m\u00e4tavvikelser.<\/p>\n<\/li>\n<li data-start=\"6353\" data-end=\"6455\">\n<p data-start=\"6355\" data-end=\"6455\"><strong data-start=\"6355\" data-end=\"6393\">Kompatibel med modern utrustning:<\/strong> Tillf\u00f6rlitlig prestanda inom kromatografi och spektrometri.<\/p>\n<\/li>\n<li data-start=\"6456\" data-end=\"6551\">\n<p data-start=\"6458\" data-end=\"6551\"><strong data-start=\"6458\" data-end=\"6484\">Utbildningstill\u00e4mpning:<\/strong> L\u00e4mplig f\u00f6r akademiska och toxikologiska forskningsprojekt. 4c Mar<\/p>\n<\/li>\n<\/ul>\n<hr data-start=\"6553\" data-end=\"6556\" \/>\n<h3 data-start=\"6558\" data-end=\"6619\"><strong data-start=\"6562\" data-end=\"6619\">Bruksanvisning (endast f\u00f6r forsknings\u00e4ndam\u00e5l)<\/strong><\/h3>\n<ol data-start=\"6621\" data-end=\"7012\">\n<li data-start=\"6621\" data-end=\"6720\">\n<p data-start=\"6624\" data-end=\"6720\"><strong data-start=\"6624\" data-end=\"6638\">Hantering:<\/strong> Endast f\u00f6r anv\u00e4ndning i godk\u00e4nda laboratorier med l\u00e4mplig s\u00e4kerhetsutrustning.<\/p>\n<\/li>\n<li data-start=\"6721\" data-end=\"6807\">\n<p data-start=\"6724\" data-end=\"6807\"><strong data-start=\"6724\" data-end=\"6742\">F\u00f6rberedelse:<\/strong> Bered eller sp\u00e4d enligt etablerade analysprotokoll.<\/p>\n<\/li>\n<li data-start=\"6808\" data-end=\"6923\">\n<p data-start=\"6811\" data-end=\"6923\"><strong data-start=\"6811\" data-end=\"6822\">Lagring:<\/strong> Spara p\u00e5 en <strong data-start=\"6837\" data-end=\"6869\">sval, torr och m\u00f6rk plats<\/strong>, v\u00e4l f\u00f6rseglad i kemikalieresistent f\u00f6rpackning.<\/p>\n<\/li>\n<li data-start=\"6924\" data-end=\"7012\">\n<p data-start=\"6927\" data-end=\"7012\"><strong data-start=\"6927\" data-end=\"6938\">F\u00f6rfogande:<\/strong> Kassera rester i enlighet med lokala och milj\u00f6m\u00e4ssiga f\u00f6reskrifter f\u00f6r kemiskt avfall.<\/p>\n<\/li>\n<\/ol>\n<hr data-start=\"7014\" data-end=\"7017\" \/>\n<h3 data-start=\"7019\" data-end=\"7053\"><strong data-start=\"7023\" data-end=\"7053\">S\u00e4kerhet och efterlevnad<\/strong><\/h3>\n<ul data-start=\"7055\" data-end=\"7490\">\n<li data-start=\"7055\" data-end=\"7150\">\n<p data-start=\"7057\" data-end=\"7150\"><strong data-start=\"7057\" data-end=\"7093\">Endast f\u00f6r laboratoriebruk:<\/strong> Ej l\u00e4mplig f\u00f6r konsumtion av m\u00e4nniskor eller djur.<\/p>\n<\/li>\n<li data-start=\"7151\" data-end=\"7261\">\n<p data-start=\"7153\" data-end=\"7261\"><strong data-start=\"7153\" data-end=\"7181\">Juridiska \u00f6verv\u00e4ganden:<\/strong> Kontrollera alltid lokala f\u00f6reskrifter innan du k\u00f6per eller anv\u00e4nder 4C-MAR.<\/p>\n<\/li>\n<li data-start=\"7262\" data-end=\"7365\">\n<p data-start=\"7264\" data-end=\"7365\"><strong data-start=\"7264\" data-end=\"7282\">S\u00e4kert arbete:<\/strong> Undvik hud- eller \u00f6gonkontakt och anv\u00e4nd alltid personlig skyddsutrustning.<\/p>\n<\/li>\n<li data-start=\"7366\" data-end=\"7490\">\n<p data-start=\"7368\" data-end=\"7490\"><strong data-start=\"7368\" data-end=\"7385\">Dokumentation:<\/strong> En <strong data-start=\"7390\" data-end=\"7426\">s\u00e4kerhetsdatablad (MSDS)<\/strong> och <strong data-start=\"7430\" data-end=\"7458\">analysintyg (COA)<\/strong> finns tillg\u00e4ngliga p\u00e5 beg\u00e4ran.<\/p>\n<\/li>\n<\/ul>\n<hr data-start=\"7492\" data-end=\"7495\" \/>\n<h3 data-start=\"7497\" data-end=\"7532\"><strong data-start=\"7501\" data-end=\"7532\">Vanliga fr\u00e5gor (FAQ)<\/strong><\/h3>\n<p data-start=\"7534\" data-end=\"7684\"><strong data-start=\"7534\" data-end=\"7572\">1. Vad anv\u00e4nds 4C-MAR till?<\/strong><br data-start=\"7572\" data-end=\"7575\" \/>4C-MAR anv\u00e4nds som <strong data-start=\"7601\" data-end=\"7619\">referenssubstans<\/strong> f\u00f6r analytiska och forensiska studier av aminorex-analoger.<\/p>\n<p data-start=\"7686\" data-end=\"7879\"><strong data-start=\"7686\" data-end=\"7737\">2. \u00c4r 4C-MAR s\u00e4kert f\u00f6r m\u00e4nsklig konsumtion?<\/strong><br data-start=\"7737\" data-end=\"7740\" \/>Nej. Denna produkt \u00e4r <strong data-start=\"7760\" data-end=\"7815\">uteslutande avsedd f\u00f6r vetenskaplig forskning<\/strong> och <strong data-start=\"7819\" data-end=\"7876\">inte l\u00e4mplig f\u00f6r m\u00e4nsklig eller djurkonsumtion<\/strong>.<\/p>\n<p data-start=\"7881\" data-end=\"8030\"><strong data-start=\"7881\" data-end=\"7922\">3. Hur ska 4C-MAR f\u00f6rvaras?<\/strong><br data-start=\"7922\" data-end=\"7925\" \/>Spara p\u00e5 en <strong data-start=\"7939\" data-end=\"7973\">sval, torr och m\u00f6rk plats<\/strong>, ordentligt st\u00e4ngd och utom r\u00e4ckh\u00e5ll f\u00f6r obeh\u00f6riga personer.<\/p>","protected":false},"excerpt":{"rendered":"<h2><span style=\"vertical-align: inherit;\"><span style=\"vertical-align: inherit;\">4C-MAR \/ <\/span><\/span><b><span style=\"vertical-align: inherit;\"><span style=\"vertical-align: inherit;\">4&#039;-Klor-4-metylaminorex<\/span><\/span><\/b><span style=\"vertical-align: inherit;\"><span style=\"vertical-align: inherit;\"> egenskaper<\/span><\/span><\/h2>\n<p><strong><span style=\"vertical-align: inherit;\"><span style=\"vertical-align: inherit;\">CAS-nummer<\/span><\/span><\/strong><span style=\"vertical-align: inherit;\"><span style=\"vertical-align: inherit;\"> : Ej till\u00e4mpligt <\/span><\/span><br \/>\n<strong><span style=\"vertical-align: inherit;\"><span style=\"vertical-align: inherit;\">Formel<\/span><\/span><\/strong><span style=\"vertical-align: inherit;\"><span style=\"vertical-align: inherit;\"> : <\/span><\/span><span title=\"Kol\"><span style=\"vertical-align: inherit;\"><span style=\"vertical-align: inherit;\">C <\/span><\/span><\/span><sub><span style=\"vertical-align: inherit;\"><span style=\"vertical-align: inherit;\">10 <\/span><\/span><\/sub><span title=\"V\u00e4te\"><span style=\"vertical-align: inherit;\"><span style=\"vertical-align: inherit;\">H <\/span><\/span><\/span><sub><span style=\"vertical-align: inherit;\"><span style=\"vertical-align: inherit;\">11 <\/span><\/span><\/sub><span title=\"Fluor\"><span style=\"vertical-align: inherit;\"><span style=\"vertical-align: inherit;\">F <\/span><\/span><\/span><span title=\"Kv\u00e4ve\"><span style=\"vertical-align: inherit;\"><span style=\"vertical-align: inherit;\">N <\/span><\/span><\/span><sub><span style=\"vertical-align: inherit;\"><span style=\"vertical-align: inherit;\">2 <\/span><\/span><\/sub><span title=\"Syre\"><span style=\"vertical-align: inherit;\"><span style=\"vertical-align: inherit;\">O <\/span><\/span><\/span><br \/>\n<strong><span style=\"vertical-align: inherit;\"><span style=\"vertical-align: inherit;\">Molmassa<\/span><\/span><\/strong><span style=\"vertical-align: inherit;\"><span style=\"vertical-align: inherit;\"> : <\/span><\/span><span class=\"nowrap\"><span style=\"vertical-align: inherit;\"><span style=\"vertical-align: inherit;\">195.039<\/span><\/span><\/span><span style=\"vertical-align: inherit;\"><span style=\"vertical-align: inherit;\"> g mol <\/span><\/span><br \/>\n<strong><span style=\"vertical-align: inherit;\"><span style=\"vertical-align: inherit;\">Renhet<\/span><\/span><\/strong><span style=\"vertical-align: inherit;\"><span style=\"vertical-align: inherit;\"> : \u226598%<\/span><\/span><\/p>","protected":false},"featured_media":29239,"comment_status":"closed","ping_status":"closed","template":"","meta":[],"product_brand":[],"product_cat":[552],"product_tag":[1108,1109,326],"class_list":{"0":"post-23813","1":"product","2":"type-product","3":"status-publish","4":"has-post-thumbnail","6":"product_cat-aminorex","7":"product_tag-4c-mar","8":"product_tag-4c-mar-kopen","9":"product_tag-nl","11":"first","12":"instock","13":"taxable","14":"shipping-taxable","15":"purchasable","16":"product-type-variable"},"_links":{"self":[{"href":"https:\/\/onderzoekschemicals.com\/sv\/wp-json\/wp\/v2\/product\/23813","targetHints":{"allow":["GET"]}}],"collection":[{"href":"https:\/\/onderzoekschemicals.com\/sv\/wp-json\/wp\/v2\/product"}],"about":[{"href":"https:\/\/onderzoekschemicals.com\/sv\/wp-json\/wp\/v2\/types\/product"}],"replies":[{"embeddable":true,"href":"https:\/\/onderzoekschemicals.com\/sv\/wp-json\/wp\/v2\/comments?post=23813"}],"version-history":[{"count":5,"href":"https:\/\/onderzoekschemicals.com\/sv\/wp-json\/wp\/v2\/product\/23813\/revisions"}],"predecessor-version":[{"id":27949,"href":"https:\/\/onderzoekschemicals.com\/sv\/wp-json\/wp\/v2\/product\/23813\/revisions\/27949"}],"wp:featuredmedia":[{"embeddable":true,"href":"https:\/\/onderzoekschemicals.com\/sv\/wp-json\/wp\/v2\/media\/29239"}],"wp:attachment":[{"href":"https:\/\/onderzoekschemicals.com\/sv\/wp-json\/wp\/v2\/media?parent=23813"}],"wp:term":[{"taxonomy":"product_brand","embeddable":true,"href":"https:\/\/onderzoekschemicals.com\/sv\/wp-json\/wp\/v2\/product_brand?post=23813"},{"taxonomy":"product_cat","embeddable":true,"href":"https:\/\/onderzoekschemicals.com\/sv\/wp-json\/wp\/v2\/product_cat?post=23813"},{"taxonomy":"product_tag","embeddable":true,"href":"https:\/\/onderzoekschemicals.com\/sv\/wp-json\/wp\/v2\/product_tag?post=23813"}],"curies":[{"name":"wp","href":"https:\/\/api.w.org\/{rel}","templated":true}]}}