{"id":23796,"date":"2025-04-13T17:40:27","date_gmt":"2025-04-13T17:40:27","guid":{"rendered":"https:\/\/onderzoekschemicals.com\/?post_type=product&#038;p=23796"},"modified":"2025-11-28T07:37:23","modified_gmt":"2025-11-28T07:37:23","slug":"pyrazolam-3-mg-pellets","status":"publish","type":"product","link":"https:\/\/onderzoekschemicals.com\/sv\/shop\/benzodiazepinen\/pyrazolam-3-mg-pellets\/","title":{"rendered":"Pyrazolam 3 MG-pellets"},"content":{"rendered":"<p data-start=\"4849\" data-end=\"5106\"><strong data-start=\"4849\" data-end=\"4862\">Pyrazolam<\/strong> \u00e4r en <strong data-start=\"4870\" data-end=\"4897\">bensodiazepinderivat<\/strong> som anv\u00e4nds f\u00f6r <strong data-start=\"4922\" data-end=\"4978\">vetenskaplig, analytisk och forensisk forskning<\/strong>I pelletform fungerar den som en <strong data-start=\"5012\" data-end=\"5051\">exakt uppm\u00e4tt referenssubstans<\/strong> f\u00f6r laboratoriekalibrering och f\u00f6reningsidentifiering. pyrazolam<\/p>\n<p data-start=\"5108\" data-end=\"5428\">De <strong data-start=\"5111\" data-end=\"5137\">Pyrazolam 3 mg pellets<\/strong> \u00e4r uteslutande avsedda f\u00f6r <strong data-start=\"5168\" data-end=\"5209\">forsknings- och analytiska till\u00e4mpningar<\/strong>De \u00e4r <strong data-start=\"5219\" data-end=\"5276\">inte l\u00e4mplig f\u00f6r m\u00e4nsklig eller djurkonsumtion<\/strong>Laboratorier anv\u00e4nder dessa pellets f\u00f6r att studera bensodiazepinanaloger, utveckla detektionsmetoder och utf\u00f6ra toxikologiska analyser.<\/p>\n<hr data-start=\"5430\" data-end=\"5433\" \/>\n<h3 data-start=\"5435\" data-end=\"5466\"><strong data-start=\"5439\" data-end=\"5466\">Viktiga funktioner<\/strong><\/h3>\n<ul data-start=\"5468\" data-end=\"5962\">\n<li data-start=\"5468\" data-end=\"5569\">\n<p data-start=\"5470\" data-end=\"5569\"><strong data-start=\"5470\" data-end=\"5495\">Noggrann dosering:<\/strong> Varje pellet inneh\u00e5ller 3 mg Pyrazolam f\u00f6r konsekventa forskningsresultat.<\/p>\n<\/li>\n<li data-start=\"5570\" data-end=\"5663\">\n<p data-start=\"5572\" data-end=\"5663\"><strong data-start=\"5572\" data-end=\"5592\">H\u00f6g renhet:<\/strong> Tillverkad under strikt kvalitetskontroll f\u00f6r tillf\u00f6rlitliga data.<\/p>\n<\/li>\n<li data-start=\"5664\" data-end=\"5763\">\n<p data-start=\"5666\" data-end=\"5763\"><strong data-start=\"5666\" data-end=\"5690\">Referensstandard:<\/strong> L\u00e4mplig f\u00f6r analytiska, toxikologiska och forensiska till\u00e4mpningar.<\/p>\n<\/li>\n<li data-start=\"5764\" data-end=\"5868\">\n<p data-start=\"5766\" data-end=\"5868\"><strong data-start=\"5766\" data-end=\"5790\">Stabil pelletsform:<\/strong> L\u00e4tt att f\u00f6rvara, transportera och hantera utan kvalitetsf\u00f6rlust.<\/p>\n<\/li>\n<li data-start=\"5869\" data-end=\"5962\">\n<p data-start=\"5871\" data-end=\"5962\"><strong data-start=\"5871\" data-end=\"5888\">Dokumentation:<\/strong> Levereras med en <strong data-start=\"5906\" data-end=\"5934\">analysintyg (COA)<\/strong> och renhetsf\u00f6rklaring.<\/p>\n<\/li>\n<\/ul>\n<hr data-start=\"5964\" data-end=\"5967\" \/>\n<h3 data-start=\"5969\" data-end=\"5986\"><strong data-start=\"5973\" data-end=\"5986\">F\u00f6rdelar<\/strong><\/h3>\n<ul data-start=\"5988\" data-end=\"6467\">\n<li data-start=\"5988\" data-end=\"6105\">\n<p data-start=\"5990\" data-end=\"6105\"><strong data-start=\"5990\" data-end=\"6026\">\u00d6kad analytnoggrannhet:<\/strong> St\u00f6der kalibrering av kromatografisk och spektrometrisk utrustning.<\/p>\n<\/li>\n<li data-start=\"6106\" data-end=\"6203\">\n<p data-start=\"6108\" data-end=\"6203\"><strong data-start=\"6108\" data-end=\"6134\">R\u00e4ttsmedicinskt till\u00e4mpligt:<\/strong> Anv\u00e4nds f\u00f6r att detektera bensodiazepiner i r\u00e4ttsmedicinska unders\u00f6kningar.<\/p>\n<\/li>\n<li data-start=\"6204\" data-end=\"6292\">\n<p data-start=\"6206\" data-end=\"6292\"><strong data-start=\"6206\" data-end=\"6228\">Utbildningsv\u00e4rde:<\/strong> L\u00e4mplig f\u00f6r utbildningsprogram inom kemi och toxikologi.<\/p>\n<\/li>\n<li data-start=\"6293\" data-end=\"6376\">\n<p data-start=\"6295\" data-end=\"6376\"><strong data-start=\"6295\" data-end=\"6326\">Reproducerbara resultat:<\/strong> Pelletformen minimerar variationen mellan tester.<\/p>\n<\/li>\n<li data-start=\"6377\" data-end=\"6467\">\n<p data-start=\"6379\" data-end=\"6467\"><strong data-start=\"6379\" data-end=\"6410\">S\u00e4ker laboratorieanv\u00e4ndning:<\/strong> Tillverkad enligt internationella s\u00e4kerhetsstandarder.<\/p>\n<\/li>\n<\/ul>\n<hr data-start=\"6469\" data-end=\"6472\" \/>\n<h3 data-start=\"6474\" data-end=\"6535\"><strong data-start=\"6478\" data-end=\"6535\">Bruksanvisning (endast f\u00f6r forsknings\u00e4ndam\u00e5l)<\/strong><\/h3>\n<ol data-start=\"6537\" data-end=\"6883\">\n<li data-start=\"6537\" data-end=\"6639\">\n<p data-start=\"6540\" data-end=\"6639\"><strong data-start=\"6540\" data-end=\"6558\">F\u00f6rberedelse:<\/strong> Anv\u00e4nd endast i ackrediterade laboratorier med l\u00e4mplig skyddsutrustning.<\/p>\n<\/li>\n<li data-start=\"6640\" data-end=\"6732\">\n<p data-start=\"6643\" data-end=\"6732\"><strong data-start=\"6643\" data-end=\"6658\">Ans\u00f6kan:<\/strong> Anv\u00e4nd enligt validerade analytiska eller kromatografiska metoder.<\/p>\n<\/li>\n<li data-start=\"6733\" data-end=\"6796\">\n<p data-start=\"6736\" data-end=\"6796\"><strong data-start=\"6736\" data-end=\"6747\">Lagring:<\/strong> F\u00f6rvara svalt, torrt och m\u00f6rkt, v\u00e4l tillslutet.<\/p>\n<\/li>\n<li data-start=\"6797\" data-end=\"6883\">\n<p data-start=\"6800\" data-end=\"6883\"><strong data-start=\"6800\" data-end=\"6811\">F\u00f6rfogande:<\/strong> Kassera rester i enlighet med lokala f\u00f6reskrifter f\u00f6r kemiskt avfall.<\/p>\n<\/li>\n<\/ol>\n<hr data-start=\"6885\" data-end=\"6888\" \/>\n<h3 data-start=\"6890\" data-end=\"6924\"><strong data-start=\"6894\" data-end=\"6924\">S\u00e4kerhet och efterlevnad<\/strong><\/h3>\n<ul data-start=\"6926\" data-end=\"7348\">\n<li data-start=\"6926\" data-end=\"7022\">\n<p data-start=\"6928\" data-end=\"7022\"><strong data-start=\"6928\" data-end=\"6966\">Endast f\u00f6r laboratorieforskning:<\/strong> Ej avsedd f\u00f6r konsumtion av m\u00e4nniskor eller djur.<\/p>\n<\/li>\n<li data-start=\"7023\" data-end=\"7150\">\n<p data-start=\"7025\" data-end=\"7150\"><strong data-start=\"7025\" data-end=\"7053\">Juridiska \u00f6verv\u00e4ganden:<\/strong> Pyrazolams r\u00e4ttsliga status varierar beroende p\u00e5 land. Kontrollera alltid lokala best\u00e4mmelser.<\/p>\n<\/li>\n<li data-start=\"7151\" data-end=\"7257\">\n<p data-start=\"7153\" data-end=\"7257\"><strong data-start=\"7153\" data-end=\"7181\">H\u00e4lsa och s\u00e4kerhet:<\/strong> Undvik inandning och hudkontakt. Anv\u00e4nd under \u00f6verinseende av expert.<\/p>\n<\/li>\n<li data-start=\"7258\" data-end=\"7348\">\n<p data-start=\"7260\" data-end=\"7348\"><strong data-start=\"7260\" data-end=\"7277\">Dokumentation:<\/strong> En <strong data-start=\"7282\" data-end=\"7318\">s\u00e4kerhetsdatablad (MSDS)<\/strong> finns tillg\u00e4nglig p\u00e5 beg\u00e4ran.<\/p>\n<\/li>\n<\/ul>\n<hr data-start=\"7350\" data-end=\"7353\" \/>\n<h3 data-start=\"7355\" data-end=\"7390\"><strong data-start=\"7359\" data-end=\"7390\">Vanliga fr\u00e5gor (FAQ)<\/strong><\/h3>\n<p data-start=\"7392\" data-end=\"7554\"><strong data-start=\"7392\" data-end=\"7447\">1. Vad anv\u00e4nds Pyrazolam 3 mg pellets till?<\/strong><br data-start=\"7447\" data-end=\"7450\" \/>De anv\u00e4nds som <strong data-start=\"7473\" data-end=\"7496\">referensstandard<\/strong> f\u00f6r analytisk, forensisk och toxikologisk forskning.<\/p>\n<p data-start=\"7556\" data-end=\"7735\"><strong data-start=\"7556\" data-end=\"7616\">2. \u00c4r dessa pellets avsedda f\u00f6r m\u00e4nsklig konsumtion?<\/strong><br data-start=\"7616\" data-end=\"7619\" \/>Nej. Dessa pellets \u00e4r <strong data-start=\"7642\" data-end=\"7684\">endast f\u00f6r laboratorieforskning<\/strong> och <strong data-start=\"7688\" data-end=\"7732\">inte godk\u00e4nd f\u00f6r medicinskt bruk<\/strong>.<\/p>\n<p data-start=\"7737\" data-end=\"7893\"><strong data-start=\"7737\" data-end=\"7796\">3. Hur ska Pyrazolam 3 mg pellets f\u00f6rvaras?<\/strong><br data-start=\"7796\" data-end=\"7799\" \/>F\u00f6rvara svalt, torrt och m\u00f6rkt i en v\u00e4l tillsluten beh\u00e5llare, utom r\u00e4ckh\u00e5ll f\u00f6r obeh\u00f6riga.<\/p>","protected":false},"excerpt":{"rendered":"<h2><span style=\"vertical-align: inherit;\"><span style=\"vertical-align: inherit;\">Pyrazolam 3 MG pellets properties<\/span><\/span><\/h2>\n<p><strong><span style=\"vertical-align: inherit;\"><span style=\"vertical-align: inherit;\">Synonym<\/span><\/span><\/strong><span style=\"vertical-align: inherit;\"><span style=\"vertical-align: inherit;\"> : <\/span><\/span><i><span style=\"vertical-align: inherit;\"><span style=\"vertical-align: inherit;\">8-bromo-1-methyl-6-(pyridin-2-yl)-4H-[1,2,4]triazolo[4,3-a][1,4]benzodiazepine <\/span><\/span><\/i><br \/>\n<strong><span style=\"vertical-align: inherit;\"><span style=\"vertical-align: inherit;\">CAS Number<\/span><\/span><\/strong><span style=\"vertical-align: inherit;\"><span style=\"vertical-align: inherit;\"> : 39243-02-2 <\/span><\/span><br \/>\n<strong><span style=\"vertical-align: inherit;\"><span style=\"vertical-align: inherit;\">Formula<\/span><\/span><\/strong><span style=\"vertical-align: inherit;\"><span style=\"vertical-align: inherit;\"> : C16H12BrN5 <\/span><\/span><br \/>\n<strong><span style=\"vertical-align: inherit;\"><span style=\"vertical-align: inherit;\">Molar Mass<\/span><\/span><\/strong><span style=\"vertical-align: inherit;\"><span style=\"vertical-align: inherit;\"> : 354.20 <\/span><\/span><br \/>\n<strong><span style=\"vertical-align: inherit;\"><span style=\"vertical-align: inherit;\">Purity<\/span><\/span><\/strong><span style=\"vertical-align: inherit;\"><span style=\"vertical-align: inherit;\"> : \u2265 99%<\/span><\/span><\/p>\n","protected":false},"featured_media":29407,"comment_status":"closed","ping_status":"closed","template":"","meta":[],"product_brand":[82],"product_cat":[76,324,389,395],"product_tag":[326,96,99,98],"class_list":{"0":"post-23796","1":"product","2":"type-product","3":"status-publish","4":"has-post-thumbnail","6":"product_brand-research-chemical","7":"product_cat-benzodiazepinen","8":"product_cat-pellets-for-pellet","9":"product_cat-pyrazolam-kopen","10":"product_cat-pyrazolam-pellets","11":"product_tag-nl","12":"product_tag-pyrazolam","13":"product_tag-pyrazolam-kopen","14":"product_tag-pyrazolam-werking","16":"first","17":"instock","18":"taxable","19":"shipping-taxable","20":"purchasable","21":"product-type-variable"},"_links":{"self":[{"href":"https:\/\/onderzoekschemicals.com\/sv\/wp-json\/wp\/v2\/product\/23796","targetHints":{"allow":["GET"]}}],"collection":[{"href":"https:\/\/onderzoekschemicals.com\/sv\/wp-json\/wp\/v2\/product"}],"about":[{"href":"https:\/\/onderzoekschemicals.com\/sv\/wp-json\/wp\/v2\/types\/product"}],"replies":[{"embeddable":true,"href":"https:\/\/onderzoekschemicals.com\/sv\/wp-json\/wp\/v2\/comments?post=23796"}],"version-history":[{"count":5,"href":"https:\/\/onderzoekschemicals.com\/sv\/wp-json\/wp\/v2\/product\/23796\/revisions"}],"predecessor-version":[{"id":25518,"href":"https:\/\/onderzoekschemicals.com\/sv\/wp-json\/wp\/v2\/product\/23796\/revisions\/25518"}],"wp:featuredmedia":[{"embeddable":true,"href":"https:\/\/onderzoekschemicals.com\/sv\/wp-json\/wp\/v2\/media\/29407"}],"wp:attachment":[{"href":"https:\/\/onderzoekschemicals.com\/sv\/wp-json\/wp\/v2\/media?parent=23796"}],"wp:term":[{"taxonomy":"product_brand","embeddable":true,"href":"https:\/\/onderzoekschemicals.com\/sv\/wp-json\/wp\/v2\/product_brand?post=23796"},{"taxonomy":"product_cat","embeddable":true,"href":"https:\/\/onderzoekschemicals.com\/sv\/wp-json\/wp\/v2\/product_cat?post=23796"},{"taxonomy":"product_tag","embeddable":true,"href":"https:\/\/onderzoekschemicals.com\/sv\/wp-json\/wp\/v2\/product_tag?post=23796"}],"curies":[{"name":"wp","href":"https:\/\/api.w.org\/{rel}","templated":true}]}}