{"id":23739,"date":"2025-04-13T17:40:19","date_gmt":"2025-04-13T17:40:19","guid":{"rendered":"https:\/\/onderzoekschemicals.com\/?post_type=product&#038;p=23739"},"modified":"2025-11-28T07:46:36","modified_gmt":"2025-11-28T07:46:36","slug":"orange-mandala-mix","status":"publish","type":"product","link":"https:\/\/onderzoekschemicals.com\/sv\/shop\/verboden\/orange-mandala-mix\/","title":{"rendered":"Orange Mandala Mix"},"content":{"rendered":"<p data-start=\"4660\" data-end=\"4910\"><strong data-start=\"4660\" data-end=\"4682\"><span dir=\"auto\" style=\"vertical-align: inherit;\"><span dir=\"auto\" style=\"vertical-align: inherit;\">Orange Mandala Mix<\/span><\/span><\/strong><span dir=\"auto\" style=\"vertical-align: inherit;\"><span dir=\"auto\" style=\"vertical-align: inherit;\"> \u00e4r en <\/span><\/span><strong data-start=\"4690\" data-end=\"4719\"><span dir=\"auto\" style=\"vertical-align: inherit;\"><span dir=\"auto\" style=\"vertical-align: inherit;\">analytical reference mix<\/span><\/span><\/strong><span dir=\"auto\" style=\"vertical-align: inherit;\"><span dir=\"auto\" style=\"vertical-align: inherit;\"> utvecklad f\u00f6r <\/span><\/span><strong data-start=\"4736\" data-end=\"4785\"><span dir=\"auto\" style=\"vertical-align: inherit;\"><span dir=\"auto\" style=\"vertical-align: inherit;\">forensic and chemical research purposes<\/span><\/span><\/strong><span dir=\"auto\" style=\"vertical-align: inherit;\"><span dir=\"auto\" style=\"vertical-align: inherit;\"> . <\/span><\/span><br data-start=\"4786\" data-end=\"4789\" \/><span dir=\"auto\" style=\"vertical-align: inherit;\"><span dir=\"auto\" style=\"vertical-align: inherit;\">Den anv\u00e4nds f\u00f6r <\/span><\/span><strong data-start=\"4813\" data-end=\"4876\"><span dir=\"auto\" style=\"vertical-align: inherit;\"><span dir=\"auto\" style=\"vertical-align: inherit;\">method development, calibration, and compound identification<\/span><\/span><\/strong><span dir=\"auto\" style=\"vertical-align: inherit;\"><span dir=\"auto\" style=\"vertical-align: inherit;\"> in complex chemical analyses.<\/span><\/span><\/p>\n<p data-start=\"4912\" data-end=\"5157\"><span dir=\"auto\" style=\"vertical-align: inherit;\"><span dir=\"auto\" style=\"vertical-align: inherit;\">The mixture is produced under controlled conditions and supports <\/span><\/span><strong data-start=\"4991\" data-end=\"5034\"><span dir=\"auto\" style=\"vertical-align: inherit;\"><span dir=\"auto\" style=\"vertical-align: inherit;\">chromatographic and spectral analyses<\/span><\/span><\/strong><span dir=\"auto\" style=\"vertical-align: inherit;\"><span dir=\"auto\" style=\"vertical-align: inherit;\"> . <\/span><\/span><br data-start=\"5035\" data-end=\"5038\" \/><span dir=\"auto\" style=\"vertical-align: inherit;\"><span dir=\"auto\" style=\"vertical-align: inherit;\">Det \u00e4r <\/span><\/span><strong data-start=\"5045\" data-end=\"5095\"><span dir=\"auto\" style=\"vertical-align: inherit;\"><span dir=\"auto\" style=\"vertical-align: inherit;\">endast avsedd f\u00f6r laboratorieforskning<\/span><\/span><\/strong><span dir=\"auto\" style=\"vertical-align: inherit;\"><span dir=\"auto\" style=\"vertical-align: inherit;\"> och <\/span><\/span><strong data-start=\"5099\" data-end=\"5156\"><span dir=\"auto\" style=\"vertical-align: inherit;\"><span dir=\"auto\" style=\"vertical-align: inherit;\">\u00e4r inte l\u00e4mplig f\u00f6r m\u00e4nsklig eller djurkonsumtion<\/span><\/span><\/strong><span dir=\"auto\" style=\"vertical-align: inherit;\"><span dir=\"auto\" style=\"vertical-align: inherit;\"> .<\/span><\/span><\/p>\n<hr data-start=\"5159\" data-end=\"5162\" \/>\n<h3 data-start=\"5164\" data-end=\"5195\"><strong data-start=\"5168\" data-end=\"5195\"><span dir=\"auto\" style=\"vertical-align: inherit;\"><span dir=\"auto\" style=\"vertical-align: inherit;\">Viktiga funktioner<\/span><\/span><\/strong><\/h3>\n<ul data-start=\"5197\" data-end=\"5651\">\n<li data-start=\"5197\" data-end=\"5290\">\n<p data-start=\"5199\" data-end=\"5290\"><strong data-start=\"5199\" data-end=\"5219\"><span dir=\"auto\" style=\"vertical-align: inherit;\"><span dir=\"auto\" style=\"vertical-align: inherit;\">H\u00f6g renhet:<\/span><\/span><\/strong><span dir=\"auto\" style=\"vertical-align: inherit;\"><span dir=\"auto\" style=\"vertical-align: inherit;\"> Manufactured under laboratory control for consistent results.<\/span><\/span><\/p>\n<\/li>\n<li data-start=\"5291\" data-end=\"5383\">\n<p data-start=\"5293\" data-end=\"5383\"><strong data-start=\"5293\" data-end=\"5320\"><span dir=\"auto\" style=\"vertical-align: inherit;\"><span dir=\"auto\" style=\"vertical-align: inherit;\">Complex Composition:<\/span><\/span><\/strong><span dir=\"auto\" style=\"vertical-align: inherit;\"><span dir=\"auto\" style=\"vertical-align: inherit;\"> Designed for calibration and validation of detection methods.<\/span><\/span><\/p>\n<\/li>\n<li data-start=\"5384\" data-end=\"5464\">\n<p data-start=\"5386\" data-end=\"5464\"><strong data-start=\"5386\" data-end=\"5419\"><span dir=\"auto\" style=\"vertical-align: inherit;\"><span dir=\"auto\" style=\"vertical-align: inherit;\">Certifierad dokumentation:<\/span><\/span><\/strong><span dir=\"auto\" style=\"vertical-align: inherit;\"><span dir=\"auto\" style=\"vertical-align: inherit;\"> Levereras med <\/span><\/span><strong data-start=\"5433\" data-end=\"5461\"><span dir=\"auto\" style=\"vertical-align: inherit;\"><span dir=\"auto\" style=\"vertical-align: inherit;\">Analysintyg (COA)<\/span><\/span><\/strong><span dir=\"auto\" style=\"vertical-align: inherit;\"><span dir=\"auto\" style=\"vertical-align: inherit;\"> .<\/span><\/span><\/p>\n<\/li>\n<li data-start=\"5465\" data-end=\"5565\">\n<p data-start=\"5467\" data-end=\"5565\"><strong data-start=\"5467\" data-end=\"5498\"><span dir=\"auto\" style=\"vertical-align: inherit;\"><span dir=\"auto\" style=\"vertical-align: inherit;\">Analytisk M\u00e5ngsidig:<\/span><\/span><\/strong><span dir=\"auto\" style=\"vertical-align: inherit;\"><span dir=\"auto\" style=\"vertical-align: inherit;\"> L\u00e4mplig f\u00f6r <\/span><\/span><strong data-start=\"5513\" data-end=\"5521\"><span dir=\"auto\" style=\"vertical-align: inherit;\"><span dir=\"auto\" style=\"vertical-align: inherit;\">HPLC<\/span><\/span><\/strong><span dir=\"auto\" style=\"vertical-align: inherit;\"><span dir=\"auto\" style=\"vertical-align: inherit;\"> , <\/span><\/span><strong data-start=\"5523\" data-end=\"5532\"><span dir=\"auto\" style=\"vertical-align: inherit;\"><span dir=\"auto\" style=\"vertical-align: inherit;\">GC-MS<\/span><\/span><\/strong><span dir=\"auto\" style=\"vertical-align: inherit;\"><span dir=\"auto\" style=\"vertical-align: inherit;\"> och <\/span><\/span><strong data-start=\"5537\" data-end=\"5549\"><span dir=\"auto\" style=\"vertical-align: inherit;\"><span dir=\"auto\" style=\"vertical-align: inherit;\">LC-MS\/MS<\/span><\/span><\/strong><span dir=\"auto\" style=\"vertical-align: inherit;\"><span dir=\"auto\" style=\"vertical-align: inherit;\"> applications.<\/span><\/span><\/p>\n<\/li>\n<li data-start=\"5566\" data-end=\"5651\">\n<p data-start=\"5568\" data-end=\"5651\"><strong data-start=\"5568\" data-end=\"5589\"><span dir=\"auto\" style=\"vertical-align: inherit;\"><span dir=\"auto\" style=\"vertical-align: inherit;\">Stabil formel:<\/span><\/span><\/strong><span dir=\"auto\" style=\"vertical-align: inherit;\"><span dir=\"auto\" style=\"vertical-align: inherit;\"> Maintains chemical stability under proper storage conditions.<\/span><\/span><\/p>\n<\/li>\n<\/ul>\n<hr data-start=\"5653\" data-end=\"5656\" \/>\n<h3 data-start=\"5658\" data-end=\"5675\"><strong data-start=\"5662\" data-end=\"5675\"><span dir=\"auto\" style=\"vertical-align: inherit;\"><span dir=\"auto\" style=\"vertical-align: inherit;\">F\u00f6rdelar<\/span><\/span><\/strong><\/h3>\n<ul data-start=\"5677\" data-end=\"6114\">\n<li data-start=\"5677\" data-end=\"5777\">\n<p data-start=\"5679\" data-end=\"5777\"><strong data-start=\"5679\" data-end=\"5706\"><span dir=\"auto\" style=\"vertical-align: inherit;\"><span dir=\"auto\" style=\"vertical-align: inherit;\">Forensic Application:<\/span><\/span><\/strong><span dir=\"auto\" style=\"vertical-align: inherit;\"><span dir=\"auto\" style=\"vertical-align: inherit;\"> Supports the identification of compounds in chemical analyses.<\/span><\/span><\/p>\n<\/li>\n<li data-start=\"5778\" data-end=\"5867\">\n<p data-start=\"5780\" data-end=\"5867\"><strong data-start=\"5780\" data-end=\"5807\"><span dir=\"auto\" style=\"vertical-align: inherit;\"><span dir=\"auto\" style=\"vertical-align: inherit;\">Tillf\u00f6rlitlig kalibrering:<\/span><\/span><\/strong><span dir=\"auto\" style=\"vertical-align: inherit;\"><span dir=\"auto\" style=\"vertical-align: inherit;\"> Ensures reproducible and accurate measurement results.<\/span><\/span><\/p>\n<\/li>\n<li data-start=\"5868\" data-end=\"5938\">\n<p data-start=\"5870\" data-end=\"5938\"><strong data-start=\"5870\" data-end=\"5891\"><span dir=\"auto\" style=\"vertical-align: inherit;\"><span dir=\"auto\" style=\"vertical-align: inherit;\">Research value:<\/span><\/span><\/strong><span dir=\"auto\" style=\"vertical-align: inherit;\"><span dir=\"auto\" style=\"vertical-align: inherit;\"> Suitable for validation of analytical methods.<\/span><\/span><\/p>\n<\/li>\n<li data-start=\"5939\" data-end=\"6014\">\n<p data-start=\"5941\" data-end=\"6014\"><strong data-start=\"5941\" data-end=\"5963\"><span dir=\"auto\" style=\"vertical-align: inherit;\"><span dir=\"auto\" style=\"vertical-align: inherit;\">Utbildningsv\u00e4rde:<\/span><\/span><\/strong><span dir=\"auto\" style=\"vertical-align: inherit;\"><span dir=\"auto\" style=\"vertical-align: inherit;\"> Ideal for academic and training purposes.<\/span><\/span><\/p>\n<\/li>\n<li data-start=\"6015\" data-end=\"6114\">\n<p data-start=\"6017\" data-end=\"6114\"><strong data-start=\"6017\" data-end=\"6051\"><span dir=\"auto\" style=\"vertical-align: inherit;\"><span dir=\"auto\" style=\"vertical-align: inherit;\">Uppfyller s\u00e4kerhetsstandarder:<\/span><\/span><\/strong><span dir=\"auto\" style=\"vertical-align: inherit;\"><span dir=\"auto\" style=\"vertical-align: inherit;\"> Tillverkad enligt internationella laboratorieriktlinjer.<\/span><\/span><\/p>\n<\/li>\n<\/ul>\n<hr data-start=\"6116\" data-end=\"6119\" \/>\n<h3 data-start=\"6121\" data-end=\"6182\"><strong data-start=\"6125\" data-end=\"6182\"><span dir=\"auto\" style=\"vertical-align: inherit;\"><span dir=\"auto\" style=\"vertical-align: inherit;\">Bruksanvisning (endast f\u00f6r forsknings\u00e4ndam\u00e5l)<\/span><\/span><\/strong><\/h3>\n<ol data-start=\"6184\" data-end=\"6514\">\n<li data-start=\"6184\" data-end=\"6276\">\n<p data-start=\"6187\" data-end=\"6276\"><strong data-start=\"6187\" data-end=\"6205\"><span dir=\"auto\" style=\"vertical-align: inherit;\"><span dir=\"auto\" style=\"vertical-align: inherit;\">F\u00f6rberedelse:<\/span><\/span><\/strong><span dir=\"auto\" style=\"vertical-align: inherit;\"><span dir=\"auto\" style=\"vertical-align: inherit;\"> Use only in accredited laboratories by qualified personnel.<\/span><\/span><\/p>\n<\/li>\n<li data-start=\"6277\" data-end=\"6359\">\n<p data-start=\"6280\" data-end=\"6359\"><strong data-start=\"6280\" data-end=\"6295\"><span dir=\"auto\" style=\"vertical-align: inherit;\"><span dir=\"auto\" style=\"vertical-align: inherit;\">Ans\u00f6kan:<\/span><\/span><\/strong><span dir=\"auto\" style=\"vertical-align: inherit;\"><span dir=\"auto\" style=\"vertical-align: inherit;\"> Use for calibration, validation or comparative analyses.<\/span><\/span><\/p>\n<\/li>\n<li data-start=\"6360\" data-end=\"6423\">\n<p data-start=\"6363\" data-end=\"6423\"><strong data-start=\"6363\" data-end=\"6374\"><span dir=\"auto\" style=\"vertical-align: inherit;\"><span dir=\"auto\" style=\"vertical-align: inherit;\">Lagring:<\/span><\/span><\/strong><span dir=\"auto\" style=\"vertical-align: inherit;\"><span dir=\"auto\" style=\"vertical-align: inherit;\"> F\u00f6rvara svalt, torrt och m\u00f6rkt, v\u00e4l tillslutet.<\/span><\/span><\/p>\n<\/li>\n<li data-start=\"6424\" data-end=\"6514\">\n<p data-start=\"6427\" data-end=\"6514\"><strong data-start=\"6427\" data-end=\"6438\"><span dir=\"auto\" style=\"vertical-align: inherit;\"><span dir=\"auto\" style=\"vertical-align: inherit;\">F\u00f6rfogande:<\/span><\/span><\/strong><span dir=\"auto\" style=\"vertical-align: inherit;\"><span dir=\"auto\" style=\"vertical-align: inherit;\"> Kassera rester i enlighet med lokala f\u00f6reskrifter f\u00f6r hantering av kemiskt avfall.<\/span><\/span><\/p>\n<\/li>\n<\/ol>\n<hr data-start=\"6516\" data-end=\"6519\" \/>\n<h3 data-start=\"6521\" data-end=\"6555\"><strong data-start=\"6525\" data-end=\"6555\"><span dir=\"auto\" style=\"vertical-align: inherit;\"><span dir=\"auto\" style=\"vertical-align: inherit;\">S\u00e4kerhet och efterlevnad<\/span><\/span><\/strong><\/h3>\n<ul data-start=\"6557\" data-end=\"6994\">\n<li data-start=\"6557\" data-end=\"6651\">\n<p data-start=\"6559\" data-end=\"6651\"><strong data-start=\"6559\" data-end=\"6595\"><span dir=\"auto\" style=\"vertical-align: inherit;\"><span dir=\"auto\" style=\"vertical-align: inherit;\">Endast f\u00f6r laboratoriebruk:<\/span><\/span><\/strong><span dir=\"auto\" style=\"vertical-align: inherit;\"><span dir=\"auto\" style=\"vertical-align: inherit;\"> Not intended for human or animal consumption.<\/span><\/span><\/p>\n<\/li>\n<li data-start=\"6652\" data-end=\"6768\">\n<p data-start=\"6654\" data-end=\"6768\"><strong data-start=\"6654\" data-end=\"6682\"><span dir=\"auto\" style=\"vertical-align: inherit;\"><span dir=\"auto\" style=\"vertical-align: inherit;\">Juridiska \u00f6verv\u00e4ganden:<\/span><\/span><\/strong><span dir=\"auto\" style=\"vertical-align: inherit;\"><span dir=\"auto\" style=\"vertical-align: inherit;\"> Check local regulations regarding the components of this product.<\/span><\/span><\/p>\n<\/li>\n<li data-start=\"6769\" data-end=\"6869\">\n<p data-start=\"6771\" data-end=\"6869\"><strong data-start=\"6771\" data-end=\"6799\"><span dir=\"auto\" style=\"vertical-align: inherit;\"><span dir=\"auto\" style=\"vertical-align: inherit;\">H\u00e4lsa och s\u00e4kerhet:<\/span><\/span><\/strong><span dir=\"auto\" style=\"vertical-align: inherit;\"><span dir=\"auto\" style=\"vertical-align: inherit;\"> Avoid contact and inhalation; wear appropriate protective equipment.<\/span><\/span><\/p>\n<\/li>\n<li data-start=\"6870\" data-end=\"6994\">\n<p data-start=\"6872\" data-end=\"6994\"><strong data-start=\"6872\" data-end=\"6889\"><span dir=\"auto\" style=\"vertical-align: inherit;\"><span dir=\"auto\" style=\"vertical-align: inherit;\">Dokumentation:<\/span><\/span><\/strong><span dir=\"auto\" style=\"vertical-align: inherit;\"><span dir=\"auto\" style=\"vertical-align: inherit;\"> En <\/span><\/span><strong data-start=\"6894\" data-end=\"6930\"><span dir=\"auto\" style=\"vertical-align: inherit;\"><span dir=\"auto\" style=\"vertical-align: inherit;\">S\u00e4kerhetsdatablad (MSDS)<\/span><\/span><\/strong><span dir=\"auto\" style=\"vertical-align: inherit;\"><span dir=\"auto\" style=\"vertical-align: inherit;\"> och <\/span><\/span><strong data-start=\"6934\" data-end=\"6962\"><span dir=\"auto\" style=\"vertical-align: inherit;\"><span dir=\"auto\" style=\"vertical-align: inherit;\">Analysintyg (COA)<\/span><\/span><\/strong><span dir=\"auto\" style=\"vertical-align: inherit;\"><span dir=\"auto\" style=\"vertical-align: inherit;\"> finns tillg\u00e4ngliga p\u00e5 beg\u00e4ran.<\/span><\/span><\/p>\n<\/li>\n<\/ul>\n<hr data-start=\"6996\" data-end=\"6999\" \/>\n<h3 data-start=\"7001\" data-end=\"7036\"><strong data-start=\"7005\" data-end=\"7036\"><span dir=\"auto\" style=\"vertical-align: inherit;\"><span dir=\"auto\" style=\"vertical-align: inherit;\">Vanliga fr\u00e5gor (FAQ)<\/span><\/span><\/strong><\/h3>\n<p data-start=\"7038\" data-end=\"7194\"><strong data-start=\"7038\" data-end=\"7088\"><span dir=\"auto\" style=\"vertical-align: inherit;\"><span dir=\"auto\" style=\"vertical-align: inherit;\">1. What is Orange Mandala Mix used for?<\/span><\/span><\/strong><br data-start=\"7088\" data-end=\"7091\" \/><span dir=\"auto\" style=\"vertical-align: inherit;\"><span dir=\"auto\" style=\"vertical-align: inherit;\"> Orange Mandala Mix is \u200b\u200bused as <\/span><\/span><strong data-start=\"7129\" data-end=\"7152\"><span dir=\"auto\" style=\"vertical-align: inherit;\"><span dir=\"auto\" style=\"vertical-align: inherit;\">ett referensmaterial<\/span><\/span><\/strong><span dir=\"auto\" style=\"vertical-align: inherit;\"><span dir=\"auto\" style=\"vertical-align: inherit;\"> for chemical and forensic analyses.<\/span><\/span><\/p>\n<p data-start=\"7196\" data-end=\"7365\"><strong data-start=\"7196\" data-end=\"7254\"><span dir=\"auto\" style=\"vertical-align: inherit;\"><span dir=\"auto\" style=\"vertical-align: inherit;\">2. \u00c4r denna produkt l\u00e4mplig f\u00f6r m\u00e4nsklig konsumtion?<\/span><\/span><\/strong><br data-start=\"7254\" data-end=\"7257\" \/><span dir=\"auto\" style=\"vertical-align: inherit;\"><span dir=\"auto\" style=\"vertical-align: inherit;\"> Nej. Denna produkt \u00e4r <\/span><\/span><strong data-start=\"7277\" data-end=\"7315\"><span dir=\"auto\" style=\"vertical-align: inherit;\"><span dir=\"auto\" style=\"vertical-align: inherit;\">for research use only<\/span><\/span><\/strong><span dir=\"auto\" style=\"vertical-align: inherit;\"><span dir=\"auto\" style=\"vertical-align: inherit;\"> och <\/span><\/span><strong data-start=\"7319\" data-end=\"7362\"><span dir=\"auto\" style=\"vertical-align: inherit;\"><span dir=\"auto\" style=\"vertical-align: inherit;\">\u00e4r inte godk\u00e4nt f\u00f6r m\u00e4nskligt bruk<\/span><\/span><\/strong><span dir=\"auto\" style=\"vertical-align: inherit;\"><span dir=\"auto\" style=\"vertical-align: inherit;\"> .<\/span><\/span><\/p>\n<p data-start=\"7367\" data-end=\"7504\"><strong data-start=\"7367\" data-end=\"7420\"><span dir=\"auto\" style=\"vertical-align: inherit;\"><span dir=\"auto\" style=\"vertical-align: inherit;\">3. How should Orange Mandala Mix be stored?<\/span><\/span><\/strong><br data-start=\"7420\" data-end=\"7423\" \/><span dir=\"auto\" style=\"vertical-align: inherit;\"><span dir=\"auto\" style=\"vertical-align: inherit;\"> F\u00f6rvara svalt, torrt, m\u00f6rkt och v\u00e4l tillslutet, utom r\u00e4ckh\u00e5ll f\u00f6r obeh\u00f6riga.<\/span><\/span><\/p>","protected":false},"excerpt":{"rendered":"<h2><span style=\"vertical-align: inherit;\"><span style=\"vertical-align: inherit;\"><span dir=\"auto\" style=\"vertical-align: inherit;\"><span dir=\"auto\" style=\"vertical-align: inherit;\">Orange Mandala Eutylon + 3-FPM + 5-MeO DiPT 5ML<\/span><\/span><\/span><\/span><\/h2>\n<p><strong><span style=\"vertical-align: inherit;\"><span style=\"vertical-align: inherit;\"><span dir=\"auto\" style=\"vertical-align: inherit;\"><span dir=\"auto\" style=\"vertical-align: inherit;\">Denna Orange Mandala-mix inneh\u00e5ller tillr\u00e4ckligt med Eutylon + 3-FPM + 5-MeO DiPT f\u00f6r att forskningen ska kunna utf\u00f6ras av en person. B\u00f6rja alltid din forskning med en kvarts eller en halv tub och leta efter den b\u00e4sta doseringen f\u00f6r din forskning!<\/span><\/span><\/span><\/span><\/strong><\/p>","protected":false},"featured_media":29394,"comment_status":"closed","ping_status":"closed","template":"","meta":[],"product_brand":[],"product_cat":[488],"product_tag":[326,1122,1123],"class_list":{"0":"post-23739","1":"product","2":"type-product","3":"status-publish","4":"has-post-thumbnail","6":"product_cat-verboden","7":"product_tag-nl","8":"product_tag-orange-mandala","9":"product_tag-orange-mandala-kopen","11":"first","12":"instock","13":"taxable","14":"shipping-taxable","15":"purchasable","16":"product-type-simple"},"_links":{"self":[{"href":"https:\/\/onderzoekschemicals.com\/sv\/wp-json\/wp\/v2\/product\/23739","targetHints":{"allow":["GET"]}}],"collection":[{"href":"https:\/\/onderzoekschemicals.com\/sv\/wp-json\/wp\/v2\/product"}],"about":[{"href":"https:\/\/onderzoekschemicals.com\/sv\/wp-json\/wp\/v2\/types\/product"}],"replies":[{"embeddable":true,"href":"https:\/\/onderzoekschemicals.com\/sv\/wp-json\/wp\/v2\/comments?post=23739"}],"version-history":[{"count":6,"href":"https:\/\/onderzoekschemicals.com\/sv\/wp-json\/wp\/v2\/product\/23739\/revisions"}],"predecessor-version":[{"id":28710,"href":"https:\/\/onderzoekschemicals.com\/sv\/wp-json\/wp\/v2\/product\/23739\/revisions\/28710"}],"wp:featuredmedia":[{"embeddable":true,"href":"https:\/\/onderzoekschemicals.com\/sv\/wp-json\/wp\/v2\/media\/29394"}],"wp:attachment":[{"href":"https:\/\/onderzoekschemicals.com\/sv\/wp-json\/wp\/v2\/media?parent=23739"}],"wp:term":[{"taxonomy":"product_brand","embeddable":true,"href":"https:\/\/onderzoekschemicals.com\/sv\/wp-json\/wp\/v2\/product_brand?post=23739"},{"taxonomy":"product_cat","embeddable":true,"href":"https:\/\/onderzoekschemicals.com\/sv\/wp-json\/wp\/v2\/product_cat?post=23739"},{"taxonomy":"product_tag","embeddable":true,"href":"https:\/\/onderzoekschemicals.com\/sv\/wp-json\/wp\/v2\/product_tag?post=23739"}],"curies":[{"name":"wp","href":"https:\/\/api.w.org\/{rel}","templated":true}]}}