{"id":23514,"date":"2025-04-13T17:39:53","date_gmt":"2025-04-13T17:39:53","guid":{"rendered":"https:\/\/onderzoekschemicals.com\/?post_type=product&#038;p=23514"},"modified":"2025-11-28T10:34:39","modified_gmt":"2025-11-28T10:34:39","slug":"5-meo-mipt-hydrochloride","status":"publish","type":"product","link":"https:\/\/onderzoekschemicals.com\/sv\/shop\/5-meo-mipt\/5-meo-mipt-hydrochloride\/","title":{"rendered":"5-MeO-MiPT-hydroklorid"},"content":{"rendered":"<h1><strong><span dir=\"auto\" style=\"vertical-align: inherit;\"><span dir=\"auto\" style=\"vertical-align: inherit;\">5-MeO-MiPT-hydroklorid \u2013 H\u00f6gpresterande forskningskemikalie f\u00f6r avancerad analys<\/span><\/span><\/strong><\/h1>\n<p data-start=\"4248\" data-end=\"4459\"><strong data-start=\"4248\" data-end=\"4323\">5-MeO-MiPT-hydroklorid (5-metoxi-N-metyl-N-isopropyltryptamin-HCl)<\/strong> \u00e4r en <strong data-start=\"4331\" data-end=\"4373\">forskningsf\u00f6rening med h\u00f6g renhet<\/strong>, utvecklad f\u00f6r <strong data-start=\"4391\" data-end=\"4456\">neurovetenskaplig, farmakologisk och analytisk forskning<\/strong>. <span class=\"___SBox_epc1q-ko_ ___SText_zko9t-ko_\" data-ui-name=\"Link.Text\">5-meo-mipt hydroklorid<\/span><\/p>\n<p data-start=\"4461\" data-end=\"4685\">Om <strong data-start=\"4465\" data-end=\"4501\">metoxisubstituerad analog<\/strong> av <strong data-start=\"4506\" data-end=\"4514\">MiPT<\/strong>, 5-MeO-MiPT erbjuder v\u00e4rdefulla insikter i <strong data-start=\"4558\" data-end=\"4609\">forskning om serotoninreceptorer (5-HT2A och 5-HT1A)<\/strong> och <strong data-start=\"4613\" data-end=\"4655\">struktur-aktivitetssamband (SAR)<\/strong> inom tryptaminklassen.<\/p>\n<p data-start=\"4687\" data-end=\"4871\">De <strong data-start=\"4690\" data-end=\"4717\">hydrokloridform (HCl)<\/strong> \u00f6kar <strong data-start=\"4730\" data-end=\"4787\">kemisk stabilitet, l\u00f6slighet och anv\u00e4ndarv\u00e4nlighet<\/strong>, vilket g\u00f6r den idealisk f\u00f6r l\u00e5ngtidslagring och repeterbara forskningsresultat.<\/p>\n<blockquote data-start=\"4873\" data-end=\"5024\">\n<p data-start=\"4875\" data-end=\"5024\">\u26a0\ufe0f <strong data-start=\"4878\" data-end=\"4889\">OBS:<\/strong> Denna produkt \u00e4r <strong data-start=\"4905\" data-end=\"4960\">uteslutande avsedd f\u00f6r vetenskaplig forskning<\/strong> och <strong data-start=\"4964\" data-end=\"5021\">inte l\u00e4mplig f\u00f6r m\u00e4nsklig eller djurkonsumtion<\/strong>.<\/p>\n<\/blockquote>\n<hr data-start=\"5026\" data-end=\"5029\" \/>\n<h3 data-start=\"5031\" data-end=\"5062\"><strong data-start=\"5035\" data-end=\"5062\">Viktiga funktioner<\/strong><\/h3>\n<ul data-start=\"5063\" data-end=\"5472\">\n<li data-start=\"5063\" data-end=\"5146\">\n<p data-start=\"5065\" data-end=\"5146\"><strong data-start=\"5065\" data-end=\"5091\">H\u00f6g renhet (\u226599%)<\/strong> \u2013 Laboratorietestad f\u00f6r identitet och stabilitet.<\/p>\n<\/li>\n<li data-start=\"5147\" data-end=\"5223\">\n<p data-start=\"5149\" data-end=\"5223\"><strong data-start=\"5149\" data-end=\"5179\">Stabil hydrokloridform<\/strong> \u2013 \u00d6kar h\u00e5llbarheten och l\u00f6sligheten.<\/p>\n<\/li>\n<li data-start=\"5224\" data-end=\"5311\">\n<p data-start=\"5226\" data-end=\"5311\"><strong data-start=\"5226\" data-end=\"5265\">Farmakologisk forskningsstandard<\/strong> \u2013 L\u00e4mplig f\u00f6r receptor- och SAR-forskning.<\/p>\n<\/li>\n<li data-start=\"5312\" data-end=\"5382\">\n<p data-start=\"5314\" data-end=\"5382\"><strong data-start=\"5314\" data-end=\"5339\">Konsekvent kvalitet<\/strong> \u2013 Tillverkad enligt GMP-liknande standarder.<\/p>\n<\/li>\n<li data-start=\"5383\" data-end=\"5472\">\n<p data-start=\"5385\" data-end=\"5472\"><strong data-start=\"5385\" data-end=\"5407\">S\u00e4ker f\u00f6rpackning<\/strong> \u2013 F\u00f6rpackad luftt\u00e4t och ljust\u00e4t f\u00f6r att f\u00f6rhindra nedbrytning.<\/p>\n<\/li>\n<\/ul>\n<hr data-start=\"5474\" data-end=\"5477\" \/>\n<h3 data-start=\"5479\" data-end=\"5496\"><strong data-start=\"5483\" data-end=\"5496\">F\u00f6rdelar<\/strong><\/h3>\n<ul data-start=\"5497\" data-end=\"5804\">\n<li data-start=\"5497\" data-end=\"5577\">\n<p data-start=\"5499\" data-end=\"5577\">St\u00f6der <strong data-start=\"5511\" data-end=\"5574\">forskning om serotoninreceptorer och tryptaminanaloger<\/strong>.<\/p>\n<\/li>\n<li data-start=\"5578\" data-end=\"5654\">\n<p data-start=\"5580\" data-end=\"5654\"><strong data-start=\"5580\" data-end=\"5625\">Tillf\u00f6rlitliga och reproducerbara resultat<\/strong> i laboratorieforskning.<\/p>\n<\/li>\n<li data-start=\"5655\" data-end=\"5732\">\n<p data-start=\"5657\" data-end=\"5732\"><strong data-start=\"5657\" data-end=\"5683\">F\u00f6rb\u00e4ttrad stabilitet<\/strong> och l\u00e4ngre h\u00e5llbarhet \u00e4n den fria basformen.<\/p>\n<\/li>\n<li data-start=\"5733\" data-end=\"5804\">\n<p data-start=\"5735\" data-end=\"5804\">Idealisk f\u00f6r <strong data-start=\"5747\" data-end=\"5801\">akademisk, farmakologisk och analytisk forskning<\/strong>.<\/p>\n<\/li>\n<\/ul>\n<hr data-start=\"5806\" data-end=\"5809\" \/>\n<h3 data-start=\"5811\" data-end=\"5826\"><strong data-start=\"5815\" data-end=\"5826\">Anv\u00e4ndande<\/strong><\/h3>\n<ul data-start=\"5827\" data-end=\"6098\">\n<li data-start=\"5827\" data-end=\"5897\">\n<p data-start=\"5829\" data-end=\"5897\">Endast att anv\u00e4ndas av <strong data-start=\"5854\" data-end=\"5894\">kvalificerad laboratoriepersonal<\/strong>.<\/p>\n<\/li>\n<li data-start=\"5898\" data-end=\"5974\">\n<p data-start=\"5900\" data-end=\"5974\">Anv\u00e4nd l\u00e4mplig <strong data-start=\"5918\" data-end=\"5942\">skyddsutrustning<\/strong> (handskar, skyddsglas\u00f6gon, laboratorierock).<\/p>\n<\/li>\n<li data-start=\"5975\" data-end=\"6039\">\n<p data-start=\"5977\" data-end=\"6039\">Spara p\u00e5 en <strong data-start=\"5992\" data-end=\"6026\">sval, torr och m\u00f6rk plats<\/strong> (15\u201325\u00b0C).<\/p>\n<\/li>\n<li data-start=\"6040\" data-end=\"6098\">\n<p data-start=\"6042\" data-end=\"6098\">Ej l\u00e4mplig f\u00f6r konsumtion av m\u00e4nniskor eller djur.<\/p>\n<\/li>\n<\/ul>\n<hr data-start=\"6100\" data-end=\"6103\" \/>\n<h3 data-start=\"6105\" data-end=\"6140\"><strong data-start=\"6109\" data-end=\"6140\">Vanliga fr\u00e5gor (FAQ)<\/strong><\/h3>\n<p data-start=\"6142\" data-end=\"6354\"><strong data-start=\"6142\" data-end=\"6198\">1. Vad anv\u00e4nds 5-MeO-MiPT-hydroklorid till?<\/strong><br data-start=\"6198\" data-end=\"6201\" \/>5-MeO-MiPT-hydroklorid anv\u00e4nds i <strong data-start=\"6244\" data-end=\"6289\">farmakologisk och neurokemisk forskning<\/strong> till serotoninreceptorer och strukturella tryptaminanaloger.<\/p>\n<p data-start=\"6356\" data-end=\"6543\"><strong data-start=\"6356\" data-end=\"6421\">2. \u00c4r 5-MeO-MiPT-hydroklorid s\u00e4kert f\u00f6r m\u00e4nsklig anv\u00e4ndning?<\/strong><br data-start=\"6421\" data-end=\"6424\" \/>Nej. Denna produkt \u00e4r <strong data-start=\"6444\" data-end=\"6493\">endast avsedd f\u00f6r forsknings\u00e4ndam\u00e5l<\/strong> och inte godk\u00e4nd f\u00f6r m\u00e4nsklig konsumtion.<\/p>\n<p data-start=\"6545\" data-end=\"6723\"><strong data-start=\"6545\" data-end=\"6601\">3. Hur ska 5-MeO-MiPT-hydroklorid f\u00f6rvaras?<\/strong><br data-start=\"6601\" data-end=\"6604\" \/>F\u00f6rvara i en <strong data-start=\"6619\" data-end=\"6649\">v\u00e4l f\u00f6rseglad f\u00f6rpackning<\/strong> i rumstemperatur (15\u201325 \u00b0C), skyddad fr\u00e5n fukt, v\u00e4rme och ljus.<\/p>\n<p>&nbsp;<\/p>","protected":false},"excerpt":{"rendered":"<h3><span data-sheets-value=\"{\" data-sheets-userformat=\"{\"><span dir=\"auto\" style=\"vertical-align: inherit;\"><span dir=\"auto\" style=\"vertical-align: inherit;\">5-MeO-MiPT hydrochloride properties<\/span><\/span><\/span><\/h3>\n<p><strong><span style=\"vertical-align: inherit;\"><span style=\"vertical-align: inherit;\"><span dir=\"auto\" style=\"vertical-align: inherit;\"><span dir=\"auto\" style=\"vertical-align: inherit;\">Synonym:<\/span><\/span><\/span><\/span><\/strong><span style=\"vertical-align: inherit;\"><span style=\"vertical-align: inherit;\"><span dir=\"auto\" style=\"vertical-align: inherit;\"><span dir=\"auto\" style=\"vertical-align: inherit;\"> 5-methoxy-N-isopropyl-N-methyltryptamine hydrochloride <\/span><\/span><\/span><\/span><br \/>\n<strong><span style=\"vertical-align: inherit;\"><span style=\"vertical-align: inherit;\"><span dir=\"auto\" style=\"vertical-align: inherit;\"><span dir=\"auto\" style=\"vertical-align: inherit;\">CAS Number:<\/span><\/span><\/span><\/span><\/strong><span style=\"vertical-align: inherit;\"><span style=\"vertical-align: inherit;\"><span dir=\"auto\" style=\"vertical-align: inherit;\"><span dir=\"auto\" style=\"vertical-align: inherit;\"> 96096-55-8 <\/span><\/span><\/span><\/span><br \/>\n<strong><span style=\"vertical-align: inherit;\"><span style=\"vertical-align: inherit;\"><span dir=\"auto\" style=\"vertical-align: inherit;\"><span dir=\"auto\" style=\"vertical-align: inherit;\">Formula:<\/span><\/span><\/span><\/span><\/strong><span style=\"vertical-align: inherit;\"><span style=\"vertical-align: inherit;\"><span dir=\"auto\" style=\"vertical-align: inherit;\"><span dir=\"auto\" style=\"vertical-align: inherit;\"> 3-[2-(isopropylmethylamino)ethyl]-5-methoxyindole hydrochloride <\/span><\/span><\/span><\/span><br \/>\n<strong><span style=\"vertical-align: inherit;\"><span style=\"vertical-align: inherit;\"><span dir=\"auto\" style=\"vertical-align: inherit;\"><span dir=\"auto\" style=\"vertical-align: inherit;\">Molar mass:<\/span><\/span><\/span><\/span><\/strong><span style=\"vertical-align: inherit;\"><span style=\"vertical-align: inherit;\"><span dir=\"auto\" style=\"vertical-align: inherit;\"><span dir=\"auto\" style=\"vertical-align: inherit;\"> 282.8 g\/mol <\/span><\/span><\/span><\/span><br \/>\n<strong><span style=\"vertical-align: inherit;\"><span style=\"vertical-align: inherit;\"><span dir=\"auto\" style=\"vertical-align: inherit;\"><span dir=\"auto\" style=\"vertical-align: inherit;\">Purity:<\/span><\/span><\/span><\/span><\/strong><span style=\"vertical-align: inherit;\"><span style=\"vertical-align: inherit;\"><span dir=\"auto\" style=\"vertical-align: inherit;\"><span dir=\"auto\" style=\"vertical-align: inherit;\"> &gt;97%<\/span><\/span><\/span><\/span><\/p>\n","protected":false},"featured_media":29275,"comment_status":"closed","ping_status":"closed","template":"","meta":[],"product_brand":[],"product_cat":[436,381],"product_tag":[1170,326],"class_list":{"0":"post-23514","1":"product","2":"type-product","3":"status-publish","4":"has-post-thumbnail","6":"product_cat-5-meo-mipt","7":"product_cat-tryptamines","8":"product_tag-5-meo-mipt-hydrochloride","9":"product_tag-nl","11":"first","12":"instock","13":"taxable","14":"shipping-taxable","15":"purchasable","16":"product-type-variable"},"_links":{"self":[{"href":"https:\/\/onderzoekschemicals.com\/sv\/wp-json\/wp\/v2\/product\/23514","targetHints":{"allow":["GET"]}}],"collection":[{"href":"https:\/\/onderzoekschemicals.com\/sv\/wp-json\/wp\/v2\/product"}],"about":[{"href":"https:\/\/onderzoekschemicals.com\/sv\/wp-json\/wp\/v2\/types\/product"}],"replies":[{"embeddable":true,"href":"https:\/\/onderzoekschemicals.com\/sv\/wp-json\/wp\/v2\/comments?post=23514"}],"version-history":[{"count":5,"href":"https:\/\/onderzoekschemicals.com\/sv\/wp-json\/wp\/v2\/product\/23514\/revisions"}],"predecessor-version":[{"id":28029,"href":"https:\/\/onderzoekschemicals.com\/sv\/wp-json\/wp\/v2\/product\/23514\/revisions\/28029"}],"wp:featuredmedia":[{"embeddable":true,"href":"https:\/\/onderzoekschemicals.com\/sv\/wp-json\/wp\/v2\/media\/29275"}],"wp:attachment":[{"href":"https:\/\/onderzoekschemicals.com\/sv\/wp-json\/wp\/v2\/media?parent=23514"}],"wp:term":[{"taxonomy":"product_brand","embeddable":true,"href":"https:\/\/onderzoekschemicals.com\/sv\/wp-json\/wp\/v2\/product_brand?post=23514"},{"taxonomy":"product_cat","embeddable":true,"href":"https:\/\/onderzoekschemicals.com\/sv\/wp-json\/wp\/v2\/product_cat?post=23514"},{"taxonomy":"product_tag","embeddable":true,"href":"https:\/\/onderzoekschemicals.com\/sv\/wp-json\/wp\/v2\/product_tag?post=23514"}],"curies":[{"name":"wp","href":"https:\/\/api.w.org\/{rel}","templated":true}]}}