{"id":23186,"date":"2025-04-13T17:39:18","date_gmt":"2025-04-13T17:39:18","guid":{"rendered":"https:\/\/onderzoekschemicals.com\/?post_type=product&#038;p=23186"},"modified":"2025-11-28T21:02:34","modified_gmt":"2025-11-28T21:02:34","slug":"3mma-kopen","status":"publish","type":"product","link":"https:\/\/onderzoekschemicals.com\/sv\/shop\/3-mma\/3mma-kopen\/","title":{"rendered":"3-MMA (metafedrin)"},"content":{"rendered":"<h1><strong><span dir=\"auto\" style=\"vertical-align: inherit;\"><span dir=\"auto\" style=\"vertical-align: inherit;\">K\u00f6p 3mma (3-metylmetamfetamin)\u00a0<\/span><\/span><\/strong><\/h1>\n<p data-start=\"735\" data-end=\"1150\"><strong data-start=\"735\" data-end=\"744\">3-MMA<\/strong>, i sin helhet <strong data-start=\"753\" data-end=\"779\">3-metylmetamfetamin<\/strong> (\u00e4ven k\u00e4nd som <strong data-start=\"796\" data-end=\"812\">Metafedrin<\/strong>), \u00e4r en <strong data-start=\"822\" data-end=\"862\">syntetisk stimulerande f\u00f6rening<\/strong> fr\u00e5n <strong data-start=\"870\" data-end=\"906\">substituerad amfetaminklass<\/strong>. <span class=\"___SBox_epc1q-ko_ ___SText_zko9t-ko_\" data-ui-name=\"Link.Text\">K\u00f6p 3mm<\/span><br data-start=\"907\" data-end=\"910\" \/>Det \u00e4r kemiskt besl\u00e4ktat med <strong data-start=\"938\" data-end=\"956\">metamfetamin<\/strong>, men skiljer sig \u00e5t beroende p\u00e5 <strong data-start=\"981\" data-end=\"1012\">metylgrupp i 3-positionen<\/strong> av den aromatiska ringen. Denna lilla strukturella f\u00f6r\u00e4ndring p\u00e5verkar <strong data-start=\"1088\" data-end=\"1107\">receptorbindning<\/strong>, <strong data-start=\"1109\" data-end=\"1124\">metabolism<\/strong> och <strong data-start=\"1128\" data-end=\"1147\">effektivitet<\/strong>.<\/p>\n<p data-start=\"1152\" data-end=\"1521\">\u00c4ven om 3-MMA har hittats i <strong data-start=\"1184\" data-end=\"1223\">r\u00e4ttsmedicinska toxikologiska analyser<\/strong> och <strong data-start=\"1227\" data-end=\"1280\">forskning om nya psykoaktiva substanser (NPS)<\/strong>, har det <strong data-start=\"1292\" data-end=\"1338\">ingen medicinsk eller terapeutisk till\u00e4mpning<\/strong>.<br data-start=\"1339\" data-end=\"1342\" \/>Det unders\u00f6ks endast i <strong data-start=\"1378\" data-end=\"1434\">akademiska, forensiska och toxikologiska sammanhang<\/strong> till <strong data-start=\"1438\" data-end=\"1480\">struktur-aktivitetssamband (SAR)<\/strong> inom amfetaminanaloger.<\/p>\n<hr data-start=\"1523\" data-end=\"1526\" \/>\n<h2 data-start=\"1528\" data-end=\"1575\"><strong data-start=\"1531\" data-end=\"1575\">Kemisk och farmakologisk bakgrund<\/strong><\/h2>\n<p data-start=\"1577\" data-end=\"1814\">3-MMA tillh\u00f6r <strong data-start=\"1598\" data-end=\"1637\">fenetylamin- och amfetaminfamiljen<\/strong>, en grupp f\u00f6reningar som fungerar som <strong data-start=\"1670\" data-end=\"1702\">indirekta sympatomimetika<\/strong> arbete \u2014 de \u00f6kar aktiviteten hos <strong data-start=\"1742\" data-end=\"1754\">dopamin<\/strong>, <strong data-start=\"1756\" data-end=\"1773\">noradrenalin<\/strong> och <strong data-start=\"1777\" data-end=\"1791\">serotonin<\/strong> i nervsystemet.<\/p>\n<p data-start=\"1816\" data-end=\"1841\"><strong data-start=\"1816\" data-end=\"1841\">Kemisk information:<\/strong><\/p>\n<ul data-start=\"1842\" data-end=\"2258\">\n<li data-start=\"1842\" data-end=\"1888\">\n<p data-start=\"1844\" data-end=\"1888\"><strong data-start=\"1844\" data-end=\"1863\">Fullst\u00e4ndigt namn:<\/strong> 3-metylmetamfetamin<\/p>\n<\/li>\n<li data-start=\"1889\" data-end=\"1957\">\n<p data-start=\"1891\" data-end=\"1957\"><strong data-start=\"1891\" data-end=\"1906\">Synonymer:<\/strong> Metafedrin, 3-metyl-N,\u03b1-dimetylfenetylamin<\/p>\n<\/li>\n<li data-start=\"1958\" data-end=\"2016\">\n<p data-start=\"1960\" data-end=\"2016\"><strong data-start=\"1960\" data-end=\"1975\">IUPAC-namn:<\/strong> N,\u03b1-dimetyl-3-metylbensenetanamin<\/p>\n<\/li>\n<li data-start=\"2017\" data-end=\"2049\">\n<p data-start=\"2019\" data-end=\"2049\"><strong data-start=\"2019\" data-end=\"2039\">Molekylformel:<\/strong> C11H17N<\/p>\n<\/li>\n<li data-start=\"2050\" data-end=\"2086\">\n<p data-start=\"2052\" data-end=\"2086\"><strong data-start=\"2052\" data-end=\"2070\">Molekylmassa:<\/strong> \u00b1163,26 g\/mol<\/p>\n<\/li>\n<li data-start=\"2087\" data-end=\"2140\">\n<p data-start=\"2089\" data-end=\"2140\"><strong data-start=\"2089\" data-end=\"2110\">Kemisk klass:<\/strong> Substituerade amfetaminer<\/p>\n<\/li>\n<li data-start=\"2141\" data-end=\"2258\">\n<p data-start=\"2143\" data-end=\"2258\"><strong data-start=\"2143\" data-end=\"2171\">Farmakologisk verkan:<\/strong> Indirekt fris\u00e4ttning av monoaminer; verkar p\u00e5 dopamin- och noradrenalintransport\u00f6rer<\/p>\n<\/li>\n<\/ul>\n<p data-start=\"2260\" data-end=\"2479\">De <strong data-start=\"2263\" data-end=\"2315\">metylsubstitution vid metapositionen (3-positionen)<\/strong> skiljer 3-MMA fr\u00e5n <strong data-start=\"2339\" data-end=\"2357\">metamfetamin<\/strong>, <strong data-start=\"2359\" data-end=\"2373\">amfetamin<\/strong> och <strong data-start=\"2377\" data-end=\"2386\">4-MMA<\/strong>, vilket p\u00e5verkar <strong data-start=\"2412\" data-end=\"2444\">neurokemisk selektivitet<\/strong> och <strong data-start=\"2448\" data-end=\"2478\">stimulerande egenskaper<\/strong>. <span class=\"___SBox_epc1q-ko_ ___SText_zko9t-ko_\" data-ui-name=\"Link.Text\">K\u00f6p 3mm<\/span><\/p>\n<hr data-start=\"2481\" data-end=\"2484\" \/>\n<h2 data-start=\"2486\" data-end=\"2553\"><strong data-start=\"2489\" data-end=\"2553\">Viktiga funktioner hos 3-MMA (f\u00f6r forskningssammanhang)<\/strong><\/h2>\n<ul data-start=\"2555\" data-end=\"3012\">\n<li data-start=\"2555\" data-end=\"2633\">\n<p data-start=\"2557\" data-end=\"2633\"><strong data-start=\"2557\" data-end=\"2582\">Strukturell analog:<\/strong> N\u00e4ra besl\u00e4ktat med metamfetamin, 4-MMA och 2-MMA.<\/p>\n<\/li>\n<li data-start=\"2634\" data-end=\"2745\">\n<p data-start=\"2636\" data-end=\"2745\"><strong data-start=\"2636\" data-end=\"2663\">R\u00e4ttsmedicinsk relevans:<\/strong> Identifierad i prover under NPS-forskning och analyser av brottsbek\u00e4mpande myndigheter.<\/p>\n<\/li>\n<li data-start=\"2746\" data-end=\"2869\">\n<p data-start=\"2748\" data-end=\"2869\"><strong data-start=\"2748\" data-end=\"2771\">Analytisk betydelse:<\/strong> Anv\u00e4nds som <strong data-start=\"2791\" data-end=\"2814\">referensstandard<\/strong> inom kromatografisk och spektrometrisk validering.<\/p>\n<\/li>\n<li data-start=\"2870\" data-end=\"3012\">\n<p data-start=\"2872\" data-end=\"3012\"><strong data-start=\"2872\" data-end=\"2899\">Farmakologiskt v\u00e4rde:<\/strong> Hj\u00e4lper forskare att f\u00f6rst\u00e5 hur sm\u00e5 strukturella variationer p\u00e5verkar <strong data-start=\"2970\" data-end=\"2997\">monoaminerg aktivitet<\/strong> att p\u00e5verka.<\/p>\n<\/li>\n<\/ul>\n<hr data-start=\"3014\" data-end=\"3017\" \/>\n<h2 data-start=\"3019\" data-end=\"3046\"><strong data-start=\"3022\" data-end=\"3046\">Forsknings\u00e4ndam\u00e5l<\/strong><\/h2>\n<p data-start=\"3048\" data-end=\"3212\">3-MMA studeras huvudsakligen i <strong data-start=\"3087\" data-end=\"3132\">forensiska och toxikologiska laboratorier<\/strong> under kontrollerade f\u00f6rh\u00e5llanden. De huvudsakliga anv\u00e4ndningsomr\u00e5dena \u00e4r:<\/p>\n<ol data-start=\"3214\" data-end=\"3961\">\n<li data-start=\"3214\" data-end=\"3444\">\n<p data-start=\"3217\" data-end=\"3242\"><strong data-start=\"3217\" data-end=\"3240\">Analytisk kemi:<\/strong><\/p>\n<ul data-start=\"3246\" data-end=\"3444\">\n<li data-start=\"3246\" data-end=\"3373\">\n<p data-start=\"3248\" data-end=\"3373\">Utveckling och validering av <strong data-start=\"3278\" data-end=\"3287\">LC-MS<\/strong>, <strong data-start=\"3289\" data-end=\"3298\">GC-MS<\/strong> och <strong data-start=\"3302\" data-end=\"3310\">FTIR<\/strong>-metoder f\u00f6r identifiering av substituerade amfetaminer.<\/p>\n<\/li>\n<li data-start=\"3377\" data-end=\"3444\">\n<p data-start=\"3379\" data-end=\"3444\">Skilj mellan strukturella isomerer (s\u00e5som 3-MMA och 4-MMA).<\/p>\n<\/li>\n<\/ul>\n<\/li>\n<li data-start=\"3446\" data-end=\"3654\">\n<p data-start=\"3449\" data-end=\"3479\"><strong data-start=\"3449\" data-end=\"3477\">R\u00e4ttsmedicinsk toxikologi:<\/strong><\/p>\n<ul data-start=\"3483\" data-end=\"3654\">\n<li data-start=\"3483\" data-end=\"3568\">\n<p data-start=\"3485\" data-end=\"3568\">Detektion och kvantifiering av 3-MMA i biologiska eller beslagtagna prover.<\/p>\n<\/li>\n<li data-start=\"3572\" data-end=\"3654\">\n<p data-start=\"3574\" data-end=\"3654\">En del av <strong data-start=\"3588\" data-end=\"3651\">\u00f6vervakningssystem f\u00f6r nya psykoaktiva substanser (NPS)<\/strong>.<\/p>\n<\/li>\n<\/ul>\n<\/li>\n<li data-start=\"3656\" data-end=\"3797\">\n<p data-start=\"3659\" data-end=\"3690\"><strong data-start=\"3659\" data-end=\"3688\">Farmakologisk forskning:<\/strong><\/p>\n<ul data-start=\"3694\" data-end=\"3797\">\n<li data-start=\"3694\" data-end=\"3797\">\n<p data-start=\"3696\" data-end=\"3797\">Studie av <strong data-start=\"3707\" data-end=\"3738\">monoamintransport\u00f6rh\u00e4mning<\/strong> och <strong data-start=\"3742\" data-end=\"3768\">befriande aktivitet<\/strong> av stimulantia.<\/p>\n<\/li>\n<\/ul>\n<\/li>\n<li data-start=\"3799\" data-end=\"3961\">\n<p data-start=\"3802\" data-end=\"3834\"><strong data-start=\"3802\" data-end=\"3832\">Folkh\u00e4lsoforskning:<\/strong><\/p>\n<ul data-start=\"3838\" data-end=\"3961\">\n<li data-start=\"3838\" data-end=\"3961\">\n<p data-start=\"3840\" data-end=\"3961\">\u00d6vervakning av trender i <strong data-start=\"3865\" data-end=\"3903\">syntetiska stimulantia<\/strong> till st\u00f6d f\u00f6r folkh\u00e4lsovarningar.<\/p>\n<\/li>\n<\/ul>\n<\/li>\n<\/ol>\n<hr data-start=\"3963\" data-end=\"3966\" \/>\n<h2 data-start=\"3968\" data-end=\"4012\"><strong data-start=\"3971\" data-end=\"4012\">S\u00e4kerhets- och juridiska \u00f6verv\u00e4ganden<\/strong><\/h2>\n<h3 data-start=\"4014\" data-end=\"4032\"><strong data-start=\"4018\" data-end=\"4032\">S\u00e4kerhet<\/strong><\/h3>\n<p data-start=\"4034\" data-end=\"4256\">3-MMA f\u00e5r endast anv\u00e4ndas av <strong data-start=\"4079\" data-end=\"4111\">kvalificerade forskare<\/strong> i <strong data-start=\"4115\" data-end=\"4139\">licensierade laboratorier<\/strong>.<br data-start=\"4140\" data-end=\"4143\" \/>P\u00e5 grund av <strong data-start=\"4154\" data-end=\"4171\">h\u00f6g potential<\/strong> och <strong data-start=\"4175\" data-end=\"4211\">begr\u00e4nsade toxikologiska data<\/strong> strikta s\u00e4kerhets\u00e5tg\u00e4rder kr\u00e4vs.<\/p>\n<p data-start=\"4258\" data-end=\"4296\"><strong data-start=\"4258\" data-end=\"4296\">Rekommenderad laboratories\u00e4kerhet:<\/strong><\/p>\n<ul data-start=\"4297\" data-end=\"4600\">\n<li data-start=\"4297\" data-end=\"4395\">\n<p data-start=\"4299\" data-end=\"4395\">Anv\u00e4nd alltid <strong data-start=\"4314\" data-end=\"4357\">personlig skyddsutrustning (PPE)<\/strong> s\u00e5som handskar, skyddsglas\u00f6gon och laboratorierock.<\/p>\n<\/li>\n<li data-start=\"4396\" data-end=\"4455\">\n<p data-start=\"4398\" data-end=\"4455\">Arbeta under en <strong data-start=\"4413\" data-end=\"4426\">fl\u00e4ktk\u00e5pa<\/strong> f\u00f6r att undvika inandning.<\/p>\n<\/li>\n<li data-start=\"4456\" data-end=\"4517\">\n<p data-start=\"4458\" data-end=\"4517\">Spara i <strong data-start=\"4468\" data-end=\"4514\">tydligt m\u00e4rkta, slutna beh\u00e5llare<\/strong>.<\/p>\n<\/li>\n<li data-start=\"4518\" data-end=\"4600\">\n<p data-start=\"4520\" data-end=\"4600\">Kassera avfall enligt <strong data-start=\"4545\" data-end=\"4597\">f\u00f6reskrifter f\u00f6r farliga kemiska material<\/strong>.<\/p>\n<\/li>\n<\/ul>\n<h3 data-start=\"4602\" data-end=\"4627\"><strong data-start=\"4606\" data-end=\"4627\">R\u00e4ttslig st\u00e4llning<\/strong><\/h3>\n<p data-start=\"4629\" data-end=\"4722\">Fr\u00e5n <strong data-start=\"4635\" data-end=\"4643\">2025<\/strong> \u00e4r <strong data-start=\"4647\" data-end=\"4671\">3-MMA (metafedrin)<\/strong> i de flesta l\u00e4nder <strong data-start=\"4692\" data-end=\"4719\">reglerad eller f\u00f6rbjuden<\/strong>:<\/p>\n<ul data-start=\"4723\" data-end=\"4996\">\n<li data-start=\"4723\" data-end=\"4797\">\n<p data-start=\"4725\" data-end=\"4797\"><strong data-start=\"4725\" data-end=\"4749\">Storbritannien:<\/strong> Kontrollerad under <em data-start=\"4773\" data-end=\"4794\">Lagen om missbruk av droger<\/em>.<\/p>\n<\/li>\n<li data-start=\"4798\" data-end=\"4882\">\n<p data-start=\"4800\" data-end=\"4882\"><strong data-start=\"4800\" data-end=\"4818\">Europeiska unionen:<\/strong> Faller under <strong data-start=\"4833\" data-end=\"4879\">NPS-f\u00f6rordningen f\u00f6r psykoaktiva substanser<\/strong>.<\/p>\n<\/li>\n<li data-start=\"4883\" data-end=\"4996\">\n<p data-start=\"4885\" data-end=\"4996\"><strong data-start=\"4885\" data-end=\"4906\">F\u00f6renta staterna:<\/strong> Betraktas som en <strong data-start=\"4931\" data-end=\"4961\">analog av metamfetamin<\/strong> under <em data-start=\"4971\" data-end=\"4993\">Federal analog lag<\/em>.<\/p>\n<\/li>\n<\/ul>\n<p data-start=\"4998\" data-end=\"5105\">Endast <strong data-start=\"5005\" data-end=\"5029\">licensierade laboratorier<\/strong> f\u00e5r med officiellt tillst\u00e5nd inneha eller anv\u00e4nda 3-MMA f\u00f6r forskning.<\/p>\n<hr data-start=\"5107\" data-end=\"5110\" \/>\n<h2 data-start=\"5112\" data-end=\"5156\"><strong data-start=\"5115\" data-end=\"5156\">Analytisk identifiering och detektion<\/strong><\/h2>\n<p data-start=\"5158\" data-end=\"5277\">Inom forensisk och analytisk kemi identifieras 3-MMA med hj\u00e4lp av olika instrumentella tekniker:<\/p>\n<ul data-start=\"5279\" data-end=\"5492\">\n<li data-start=\"5279\" data-end=\"5331\">\n<p data-start=\"5281\" data-end=\"5331\"><strong data-start=\"5281\" data-end=\"5329\">Gaskromatografi-masspektrometri (GC-MS)<\/strong><\/p>\n<\/li>\n<li data-start=\"5332\" data-end=\"5390\">\n<p data-start=\"5334\" data-end=\"5390\"><strong data-start=\"5334\" data-end=\"5388\">V\u00e4tskekromatografi\u2013masspektrometri (LC-MS)<\/strong><\/p>\n<\/li>\n<li data-start=\"5391\" data-end=\"5446\">\n<p data-start=\"5393\" data-end=\"5446\"><strong data-start=\"5393\" data-end=\"5444\">Fouriertransform infrar\u00f6dspektroskopi (FTIR)<\/strong><\/p>\n<\/li>\n<li data-start=\"5447\" data-end=\"5492\">\n<p data-start=\"5449\" data-end=\"5492\"><strong data-start=\"5449\" data-end=\"5490\">K\u00e4rnmagnetisk resonansspektroskopi (NMR)<\/strong><\/p>\n<\/li>\n<\/ul>\n<p data-start=\"5494\" data-end=\"5632\">Dessa metoder g\u00f6r <strong data-start=\"5514\" data-end=\"5576\">noggrann identifiering, differentiering och kvantifiering<\/strong> m\u00f6jligen fr\u00e5n 3-MMA och besl\u00e4ktade amfetaminanaloger.<\/p>\n<hr data-start=\"5634\" data-end=\"5637\" \/>\n<h2 data-start=\"5639\" data-end=\"5673\"><strong data-start=\"5642\" data-end=\"5673\">Vanliga fr\u00e5gor (FAQ)<\/strong><\/h2>\n<h3 data-start=\"5675\" data-end=\"5718\"><strong data-start=\"5679\" data-end=\"5718\">1. Vad studeras 3-MMA f\u00f6r?<\/strong><\/h3>\n<p data-start=\"5719\" data-end=\"5870\">3-MMA anv\u00e4nds uteslutande i <strong data-start=\"5755\" data-end=\"5797\">r\u00e4ttsmedicinsk och farmakologisk forskning<\/strong> att studera amfetaminanaloger och utveckla detektionsmetoder.<\/p>\n<h3 data-start=\"5872\" data-end=\"5899\"><strong data-start=\"5876\" data-end=\"5899\">2. \u00c4r 3-MMA lagligt?<\/strong><\/h3>\n<p data-start=\"5900\" data-end=\"6015\">I de flesta l\u00e4nder \u00e4r 3-MMA <strong data-start=\"5929\" data-end=\"5956\">f\u00f6rbjudet eller reglerat<\/strong> enligt lagstiftningen om psykoaktiva substanser eller analoger.<\/p>\n<h3 data-start=\"6017\" data-end=\"6068\"><strong data-start=\"6021\" data-end=\"6068\">3. Hur ska 3-MMA hanteras p\u00e5 ett s\u00e4kert s\u00e4tt?<\/strong><\/h3>\n<p data-start=\"6069\" data-end=\"6201\">Endast genom <strong data-start=\"6081\" data-end=\"6111\">professionella forskare<\/strong> med r\u00e4tten <strong data-start=\"6126\" data-end=\"6152\">s\u00e4kerhets\u00e5tg\u00e4rder<\/strong> och i <strong data-start=\"6159\" data-end=\"6200\">kontrollerade laboratoriemilj\u00f6er<\/strong>.<\/p>","protected":false},"excerpt":{"rendered":"<h3><span style=\"vertical-align: inherit;\"><span style=\"vertical-align: inherit;\"><span dir=\"auto\" style=\"vertical-align: inherit;\"><span dir=\"auto\" style=\"vertical-align: inherit;\">3-MMA-egenskaper<\/span><\/span><\/span><\/span><\/h3>\n<p><strong><span style=\"vertical-align: inherit;\"><span style=\"vertical-align: inherit;\"><span dir=\"auto\" style=\"vertical-align: inherit;\"><span dir=\"auto\" style=\"vertical-align: inherit;\">Synonym<\/span><\/span><\/span><\/span><\/strong><span style=\"vertical-align: inherit;\"><span style=\"vertical-align: inherit;\"><span dir=\"auto\" style=\"vertical-align: inherit;\"><span dir=\"auto\" style=\"vertical-align: inherit;\"> 3-metylmetamfetamin <\/span><\/span><\/span><\/span><br \/>\n<strong><span style=\"vertical-align: inherit;\"><span style=\"vertical-align: inherit;\"><span dir=\"auto\" style=\"vertical-align: inherit;\"><span dir=\"auto\" style=\"vertical-align: inherit;\">CAS <\/span><\/span><\/span><\/span><\/strong> <strong><span style=\"vertical-align: inherit;\"><span style=\"vertical-align: inherit;\"><span dir=\"auto\" style=\"vertical-align: inherit;\"><span dir=\"auto\" style=\"vertical-align: inherit;\">Antal<\/span><\/span><\/span><\/span><\/strong><span style=\"vertical-align: inherit;\"><span style=\"vertical-align: inherit;\"><span dir=\"auto\" style=\"vertical-align: inherit;\"><span dir=\"auto\" style=\"vertical-align: inherit;\"> : 2089255-96-7 <\/span><\/span><\/span><\/span><br \/>\n<strong><span style=\"vertical-align: inherit;\"><span style=\"vertical-align: inherit;\"><span dir=\"auto\" style=\"vertical-align: inherit;\"><span dir=\"auto\" style=\"vertical-align: inherit;\">Formel<\/span><\/span><\/span><\/span><\/strong><span style=\"vertical-align: inherit;\"><span style=\"vertical-align: inherit;\"><span dir=\"auto\" style=\"vertical-align: inherit;\"><span dir=\"auto\" style=\"vertical-align: inherit;\"> : <\/span><\/span><\/span><\/span><span title=\"Kol\"><span style=\"vertical-align: inherit;\"><span style=\"vertical-align: inherit;\"><span dir=\"auto\" style=\"vertical-align: inherit;\"><span dir=\"auto\" style=\"vertical-align: inherit;\">C <\/span><\/span><\/span><\/span><\/span><sub><span style=\"vertical-align: inherit;\"><span style=\"vertical-align: inherit;\"><span dir=\"auto\" style=\"vertical-align: inherit;\"><span dir=\"auto\" style=\"vertical-align: inherit;\">11 <\/span><\/span><\/span><\/span><\/sub><span title=\"V\u00e4te\"><span style=\"vertical-align: inherit;\"><span style=\"vertical-align: inherit;\"><span dir=\"auto\" style=\"vertical-align: inherit;\"><span dir=\"auto\" style=\"vertical-align: inherit;\">H <\/span><\/span><\/span><\/span><\/span><sub><span style=\"vertical-align: inherit;\"><span style=\"vertical-align: inherit;\"><span dir=\"auto\" style=\"vertical-align: inherit;\"><span dir=\"auto\" style=\"vertical-align: inherit;\">17 <\/span><\/span><\/span><\/span><\/sub><span title=\"Kv\u00e4ve\"><span style=\"vertical-align: inherit;\"><span style=\"vertical-align: inherit;\"><span dir=\"auto\" style=\"vertical-align: inherit;\"><span dir=\"auto\" style=\"vertical-align: inherit;\">N <\/span><\/span><\/span><\/span><\/span><br \/>\n<strong><span style=\"vertical-align: inherit;\"><span style=\"vertical-align: inherit;\"><span dir=\"auto\" style=\"vertical-align: inherit;\"><span dir=\"auto\" style=\"vertical-align: inherit;\">Molmassa<\/span><\/span><\/span><\/span><\/strong><span style=\"vertical-align: inherit;\"><span style=\"vertical-align: inherit;\"><span dir=\"auto\" style=\"vertical-align: inherit;\"><span dir=\"auto\" style=\"vertical-align: inherit;\"> : 163,264 g\/mol <\/span><\/span><\/span><\/span><br \/>\n<strong><span style=\"vertical-align: inherit;\"><span style=\"vertical-align: inherit;\"><span dir=\"auto\" style=\"vertical-align: inherit;\"><span dir=\"auto\" style=\"vertical-align: inherit;\">Renhet<\/span><\/span><\/span><\/span><\/strong><span style=\"vertical-align: inherit;\"><span style=\"vertical-align: inherit;\"><span dir=\"auto\" style=\"vertical-align: inherit;\"><span dir=\"auto\" style=\"vertical-align: inherit;\"> : &gt;98%<\/span><\/span><\/span><\/span><\/p>","protected":false},"featured_media":29226,"comment_status":"closed","ping_status":"closed","template":"","meta":[],"product_brand":[82],"product_cat":[519,322,333],"product_tag":[1193,616,593,326],"class_list":{"0":"post-23186","1":"product","2":"type-product","3":"status-publish","4":"has-post-thumbnail","6":"product_brand-research-chemical","7":"product_cat-3-mma","8":"product_cat-bijna-verboden","9":"product_cat-gefluoreerden","10":"product_tag-3-mma","11":"product_tag-3-mma-kopen","12":"product_tag-3mma-kopen","13":"product_tag-nl","15":"first","16":"instock","17":"taxable","18":"shipping-taxable","19":"purchasable","20":"product-type-variable"},"_links":{"self":[{"href":"https:\/\/onderzoekschemicals.com\/sv\/wp-json\/wp\/v2\/product\/23186","targetHints":{"allow":["GET"]}}],"collection":[{"href":"https:\/\/onderzoekschemicals.com\/sv\/wp-json\/wp\/v2\/product"}],"about":[{"href":"https:\/\/onderzoekschemicals.com\/sv\/wp-json\/wp\/v2\/types\/product"}],"replies":[{"embeddable":true,"href":"https:\/\/onderzoekschemicals.com\/sv\/wp-json\/wp\/v2\/comments?post=23186"}],"version-history":[{"count":5,"href":"https:\/\/onderzoekschemicals.com\/sv\/wp-json\/wp\/v2\/product\/23186\/revisions"}],"predecessor-version":[{"id":28058,"href":"https:\/\/onderzoekschemicals.com\/sv\/wp-json\/wp\/v2\/product\/23186\/revisions\/28058"}],"wp:featuredmedia":[{"embeddable":true,"href":"https:\/\/onderzoekschemicals.com\/sv\/wp-json\/wp\/v2\/media\/29226"}],"wp:attachment":[{"href":"https:\/\/onderzoekschemicals.com\/sv\/wp-json\/wp\/v2\/media?parent=23186"}],"wp:term":[{"taxonomy":"product_brand","embeddable":true,"href":"https:\/\/onderzoekschemicals.com\/sv\/wp-json\/wp\/v2\/product_brand?post=23186"},{"taxonomy":"product_cat","embeddable":true,"href":"https:\/\/onderzoekschemicals.com\/sv\/wp-json\/wp\/v2\/product_cat?post=23186"},{"taxonomy":"product_tag","embeddable":true,"href":"https:\/\/onderzoekschemicals.com\/sv\/wp-json\/wp\/v2\/product_tag?post=23186"}],"curies":[{"name":"wp","href":"https:\/\/api.w.org\/{rel}","templated":true}]}}