{"id":27570,"date":"2025-10-20T07:05:38","date_gmt":"2025-10-20T07:05:38","guid":{"rendered":"https:\/\/onderzoekschemicals.com\/?post_type=product&#038;p=27570"},"modified":"2025-10-21T05:49:34","modified_gmt":"2025-10-21T05:49:34","slug":"4mmc-kopen","status":"publish","type":"product","link":"https:\/\/onderzoekschemicals.com\/sl\/shop\/okategoriserad\/4mmc-kopen\/","title":{"rendered":"Kupite mefedron (4MMC)"},"content":{"rendered":"<h2 data-start=\"557\" data-end=\"590\"><strong data-start=\"560\" data-end=\"590\">Kaj je bil mefedron (4-MMC)?<\/strong><\/h2>\n<p data-start=\"592\" data-end=\"923\">Mefedron, wieschaftlich bekannt als <strong data-start=\"632\" data-end=\"664\">4-metilmetatinon (4-MMC)<\/strong>, je sinteti\u010dna snov iz skupine <strong data-start=\"716\" data-end=\"729\">Katinona<\/strong>, ki kemi\u010dno mit <strong data-start=\"748\" data-end=\"764\">Amfetamini<\/strong> povezane ist. Urspr\u00fcnglich se je v za\u010detku leta 2000 tr\u017eil kot &quot;Legal High&quot; ali &quot;Badesalz&quot;, promocija je bila prepovedana v najpomembnej\u0161ih de\u017eelah. <mark>kupi 4mmc<\/mark><\/p>\n<p data-start=\"925\" data-end=\"1301\">Kemi\u010dno sintetiziran, mefedron deluje kot <strong data-start=\"962\" data-end=\"975\">Spodbuda<\/strong>, to je aktivnost centralnega \u017eiv\u010dnega sistema. To je odli\u010den na\u010din za signaliziranje evforije in de\u017eja \u2013 najbolj\u0161i na\u010din za razumevanje tega <strong data-start=\"1125\" data-end=\"1143\">MDMA (ekstazi)<\/strong> Oder <strong data-start=\"1149\" data-end=\"1159\">Kokain<\/strong>Da snov ni regulirana in pogosto onesna\u017eena z vojno, f\u00fchrten <strong data-start=\"1230\" data-end=\"1272\">zdravstvena tveganja in nesre\u010de<\/strong> mednarodno prepovedano.<\/p>\n<h2 data-start=\"1308\" data-end=\"1345\"><strong data-start=\"1311\" data-end=\"1345\">Kdo dela Mephedron v K\u00f6rperju?<\/strong><\/h2>\n<p data-start=\"1347\" data-end=\"1672\">Mefedron vpliva na koncentracijo nevrotransmiterja <strong data-start=\"1408\" data-end=\"1419\">Dopamin<\/strong>, <strong data-start=\"1421\" data-end=\"1434\">Serotonin<\/strong> in <strong data-start=\"1439\" data-end=\"1455\">Noradrenalin<\/strong> im Gehirn. Diese Botenstoffe sind f\u00fcr Stimmung, Motivatie und Wachheit odgovoren.<br data-start=\"1543\" data-end=\"1546\" \/>V tem obdobju nege se bo material iz\u010drpal <strong data-start=\"1609\" data-end=\"1671\">Kurzzeitigen Gef\u00fchl von Euphorie, Energie und Geselligkeit<\/strong>.<\/p>\n<p data-start=\"1674\" data-end=\"1966\">Toda ti umetni\u0161ki u\u010dinki bodo \u0161e naprej obstajali. Nach Abklingen der Wirkung kann es zu einem <strong data-start=\"1766\" data-end=\"1777\">Zru\u0161itev<\/strong> sklede \u2013 \u017eivljenje v miru, potovanju ali depresiji. Bei wiederholtem Konsum bestht das Risiko einer <strong data-start=\"1894\" data-end=\"1922\">psihi\u010dna afnalnost<\/strong> in ena <strong data-start=\"1933\" data-end=\"1965\">Sprememba kemije mehur\u010dkov<\/strong>.<\/p>\n<h2 data-start=\"1973\" data-end=\"2015\"><strong data-start=\"1976\" data-end=\"2015\">Kurzzeitige Wirkungen von Mephedron<\/strong><\/h2>\n<p data-start=\"2017\" data-end=\"2168\">Die Wirkung tritt in der Regel <strong data-start=\"2048\" data-end=\"2083\">notranja polovica od 15 do 45 minut<\/strong> po Einnahme auf in h\u00e4lt etwa <strong data-start=\"2120\" data-end=\"2139\">2 do 4 ure<\/strong> en.<br data-start=\"2143\" data-end=\"2146\" \/>Tipi\u010dni u\u010dinki so:<\/p>\n<ul data-start=\"2170\" data-end=\"2333\">\n<li data-start=\"2170\" data-end=\"2206\">\n<p data-start=\"2172\" data-end=\"2206\">Gesteigerte Energie und Wachheit<\/p>\n<\/li>\n<li data-start=\"2207\" data-end=\"2251\">\n<p data-start=\"2209\" data-end=\"2251\">Erh\u00f6hte Geselligkeit und Gespr\u00e4chsfreude<\/p>\n<\/li>\n<li data-start=\"2252\" data-end=\"2284\">\n<p data-start=\"2254\" data-end=\"2284\">Steigertes Selbstvertrauen<\/p>\n<\/li>\n<li data-start=\"2285\" data-end=\"2333\">\n<p data-start=\"2287\" data-end=\"2333\">Intensivere Wahrnehmung von Musik und Farben<\/p>\n<\/li>\n<\/ul>\n<p data-start=\"2335\" data-end=\"2488\">Ti u\u010dinki so lahko jedoch hitro <strong data-start=\"2375\" data-end=\"2405\">Neobvezujo\u010de posledice<\/strong> so bile re\u0161ene \u2013 z. B. Schlaflosigkeit, Gereiztheit oder Konzentrationsst\u00f6rungen.<\/p>\n<h2 data-start=\"2495\" data-end=\"2537\"><strong data-start=\"2498\" data-end=\"2537\">M\u00f6gliche Risiken und Nebenwirkungen<\/strong><\/h2>\n<h3 data-start=\"2539\" data-end=\"2573\"><strong data-start=\"2543\" data-end=\"2573\">Tesnilne neposredne u\u010dinke<\/strong><\/h3>\n<ul data-start=\"2575\" data-end=\"2779\">\n<li data-start=\"2575\" data-end=\"2606\">\n<p data-start=\"2577\" data-end=\"2606\">Povzro\u010diteljski pulz in krvni tisk<\/p>\n<\/li>\n<li data-start=\"2607\" data-end=\"2649\">\n<p data-start=\"2609\" data-end=\"2649\">\u00dcberm\u00e4\u00dfiges Schwitzen und Dehydrierung<\/p>\n<\/li>\n<li data-start=\"2650\" data-end=\"2691\">\n<p data-start=\"2652\" data-end=\"2691\">Muskelspannungen und Kieferpressen<\/p>\n<\/li>\n<li data-start=\"2692\" data-end=\"2731\">\n<p data-start=\"2694\" data-end=\"2731\">Schlafprobleme und Appetitlosigkeit<\/p>\n<\/li>\n<li data-start=\"2732\" data-end=\"2779\">\n<p data-start=\"2734\" data-end=\"2779\">Tveganje lastnega \u017eivljenja <strong data-start=\"2747\" data-end=\"2777\">Hipertermija<\/strong><\/p>\n<\/li>\n<\/ul>\n<h3 data-start=\"2781\" data-end=\"2814\"><strong data-start=\"2785\" data-end=\"2814\">Psihi\u010dni stranski u\u010dinki<\/strong><\/h3>\n<ul data-start=\"2816\" data-end=\"2967\">\n<li data-start=\"2816\" data-end=\"2851\">\n<p data-start=\"2818\" data-end=\"2851\">Anksioznost in napadi panike<\/p>\n<\/li>\n<li data-start=\"2852\" data-end=\"2885\">\n<p data-start=\"2854\" data-end=\"2885\">Paranoja ali haluzinacije<\/p>\n<\/li>\n<li data-start=\"2886\" data-end=\"2926\">\n<p data-start=\"2888\" data-end=\"2926\">Stimulacija in depresija<\/p>\n<\/li>\n<li data-start=\"2927\" data-end=\"2967\">\n<p data-start=\"2929\" data-end=\"2967\">Povi\u0161ano tveganje za <strong data-start=\"2949\" data-end=\"2965\">Abh\u00e4ngigkeit<\/strong><\/p>\n<\/li>\n<\/ul>\n<p data-start=\"2969\" data-end=\"3075\">Dolgotrajna poraba je mogo\u010da <strong data-start=\"2999\" data-end=\"3024\">Sistem za tek s sr\u010dnim ciklom<\/strong>, WHO <strong data-start=\"3030\" data-end=\"3039\">Jetra<\/strong> in to <strong data-start=\"3048\" data-end=\"3064\">\u017div\u010dni sistem<\/strong> \u0161koda.<\/p>\n<h2 data-start=\"3082\" data-end=\"3129\"><strong data-start=\"3085\" data-end=\"3129\">Rechtlicher Status von Mephedron (4-MMC)<\/strong><\/h2>\n<p data-start=\"3131\" data-end=\"3235\">Nach einem rasanten Anstieg des Missbrauchs wurde Mephedron <strong data-start=\"3191\" data-end=\"3202\">od leta 2010<\/strong> prepovedano v osrednjih de\u017eelah.<\/p>\n<ul data-start=\"3237\" data-end=\"3584\">\n<li data-start=\"3237\" data-end=\"3348\">\n<p data-start=\"3239\" data-end=\"3348\"><strong data-start=\"3239\" data-end=\"3255\">Nem\u010dija:<\/strong> Stran 2010 v <strong data-start=\"3269\" data-end=\"3302\">Zakon o povra\u010dilnih sredstvih (BtMG)<\/strong> saj ni navedena prometna varnost.<\/p>\n<\/li>\n<li data-start=\"3349\" data-end=\"3439\">\n<p data-start=\"3351\" data-end=\"3439\"><strong data-start=\"3351\" data-end=\"3390\">Evropska unija in Velika Britanija:<\/strong> Einstufung als verbotene psychotropic Substanz.<\/p>\n<\/li>\n<li data-start=\"3440\" data-end=\"3513\">\n<p data-start=\"3442\" data-end=\"3513\"><strong data-start=\"3442\" data-end=\"3450\">ZDA:<\/strong> V <strong data-start=\"3454\" data-end=\"3468\">Priloga I<\/strong> sprejet je bil Zakon o nadzorovanih substancah.<\/p>\n<\/li>\n<li data-start=\"3514\" data-end=\"3584\">\n<p data-start=\"3516\" data-end=\"3584\"><strong data-start=\"3516\" data-end=\"3540\">Avstralija in Kanada:<\/strong> Unter \u00e4hnlichen Gesetzen je strogo prepovedano.<\/p>\n<\/li>\n<\/ul>\n<h3 data-start=\"3586\" data-end=\"3621\"><strong data-start=\"3590\" data-end=\"3621\">Zakaj je 4-MMC prepovedan?<\/strong><\/h3>\n<p data-start=\"3623\" data-end=\"3884\">Regierungen reactierten auf eine Zunahme von <strong data-start=\"3667\" data-end=\"3704\">Krankenhausf\u00e4llen und Todesf\u00e4llen<\/strong> po Konsum von Mephedron.<br data-start=\"3735\" data-end=\"3738\" \/>Da die Substanz meist <strong data-start=\"3760\" data-end=\"3783\">nezakonito na internetu<\/strong> kupljene, ker ni mogo\u010de ukrepati nadzora kakovosti \u2013 dejavnik tveganja za potro\u0161nike.<\/p>\n<h2 data-start=\"3891\" data-end=\"3949\"><strong data-start=\"3894\" data-end=\"3949\">Prepre\u010devanje in zmanj\u0161evanje \u0161kode (zmanj\u0161evanje \u0161kode)<\/strong><\/h2>\n<p data-start=\"3951\" data-end=\"4125\">\u010ce je mefedron nezakonit, postane zdravstvena organizacija za <strong data-start=\"4032\" data-end=\"4061\">Razsvetljava in preventiva<\/strong> V\u010dasih te bodo zdaj kaznovali.<br data-start=\"4092\" data-end=\"4095\" \/>Empfohlene Vorsichtsma\u00dfnahmen:<\/p>\n<ul data-start=\"4127\" data-end=\"4354\">\n<li data-start=\"4127\" data-end=\"4180\">\n<p data-start=\"4129\" data-end=\"4180\">Ni kombinacije z drugimi su\u0161ilnimi sredstvi ali alkoholom<\/p>\n<\/li>\n<li data-start=\"4181\" data-end=\"4242\">\n<p data-start=\"4183\" data-end=\"4242\">Ausreichend Wasser trinken, aber \u00dcberhydrierung vermeiden<\/p>\n<\/li>\n<li data-start=\"4243\" data-end=\"4287\">\n<p data-start=\"4245\" data-end=\"4287\">Pape\u017ei med koncem obeh epizod Konsume<\/p>\n<\/li>\n<li data-start=\"4288\" data-end=\"4354\">\n<p data-start=\"4290\" data-end=\"4354\">Za ve\u010d informacij nas prosim kontaktirajte.<\/p>\n<\/li>\n<\/ul>\n<h3 data-start=\"4356\" data-end=\"4399\"><strong data-start=\"4360\" data-end=\"4399\">Warnsignale problematicen Konsums<\/strong><\/h3>\n<ul data-start=\"4401\" data-end=\"4589\">\n<li data-start=\"4401\" data-end=\"4436\">\n<p data-start=\"4403\" data-end=\"4436\">H\u00e4ufiges \u201eNachlegen\u201c (ponovno doziranje)<\/p>\n<\/li>\n<li data-start=\"4437\" data-end=\"4499\">\n<p data-start=\"4439\" data-end=\"4499\">Vernachl\u00e4ssigung sozialer oder beruflicher Verpflichtungen<\/p>\n<\/li>\n<li data-start=\"4500\" data-end=\"4538\">\n<p data-start=\"4502\" data-end=\"4538\">Stimmungseinbr\u00fcche nach dem Konsum<\/p>\n<\/li>\n<li data-start=\"4539\" data-end=\"4589\">\n<p data-start=\"4541\" data-end=\"4589\">Zwanghafte Beschaffung oder Gedanken an Konsum<\/p>\n<\/li>\n<\/ul>\n<h2 data-start=\"4596\" data-end=\"4648\"><strong data-start=\"4599\" data-end=\"4648\">Trenutne raziskave 4-MMC<\/strong><\/h2>\n<p data-start=\"4650\" data-end=\"5018\">Nove \u0161tudije pravijo, da je 4-MMC na voljo na spletu <strong data-start=\"4707\" data-end=\"4715\">MDMA<\/strong> Oder <strong data-start=\"4721\" data-end=\"4735\">Amfetamin<\/strong> ki spremeni Aussch\u00fcttung von Neurotransmitter.<br data-start=\"4785\" data-end=\"4788\" \/>Iskanje po spletu <strong data-start=\"4817\" data-end=\"4842\">nevrotoksi\u010dni u\u010dinki<\/strong> in <strong data-start=\"4847\" data-end=\"4874\">kardiovaskularno tveganje<\/strong> hin.<br data-start=\"4879\" data-end=\"4882\" \/>Znanstveniki naprej <strong data-start=\"4912\" data-end=\"4931\">nadaljnje \u0161tudije<\/strong>, da se lahko izbolj\u0161a dolgoro\u010dni napredek in izvedejo izvedbene strategije.<\/p>\n<h2 data-start=\"5025\" data-end=\"5073\"><strong data-start=\"5028\" data-end=\"5073\">Sichere, legale Alternativen zu Mephedron<\/strong><\/h2>\n<p data-start=\"5075\" data-end=\"5184\">Wer nach Energie und Focus sucht, sollte af <strong data-start=\"5120\" data-end=\"5155\">legalne in preizku\u0161ene snovi<\/strong> zur\u00fcckgreifen. Dazu je sli\u0161al:<\/p>\n<ul data-start=\"5186\" data-end=\"5406\">\n<li data-start=\"5186\" data-end=\"5239\">\n<p data-start=\"5188\" data-end=\"5239\"><strong data-start=\"5188\" data-end=\"5211\">Kava in guarana<\/strong> (naravne spodbude)<\/p>\n<\/li>\n<li data-start=\"5240\" data-end=\"5296\">\n<p data-start=\"5242\" data-end=\"5296\"><strong data-start=\"5242\" data-end=\"5255\">L-teanin<\/strong> (in gr\u00fcnem Tee, f\u00f6rdert Konzentration)<\/p>\n<\/li>\n<li data-start=\"5297\" data-end=\"5347\">\n<p data-start=\"5299\" data-end=\"5347\"><strong data-start=\"5299\" data-end=\"5317\">Rhodiola rosea<\/strong> (Adaptogen proti mehurjem)<\/p>\n<\/li>\n<li data-start=\"5348\" data-end=\"5406\">\n<p data-start=\"5350\" data-end=\"5406\"><strong data-start=\"5350\" data-end=\"5372\">Kompleks vitaminov B<\/strong> za zabavne prosto\u010dasne dejavnosti<\/p>\n<\/li>\n<\/ul>\n<p data-start=\"5408\" data-end=\"5500\">Solche Alternative so <strong data-start=\"5433\" data-end=\"5455\">varno in zakonito<\/strong>, \u010de si od tam <strong data-start=\"5470\" data-end=\"5491\">preizku\u0161ene vzmeti<\/strong> plemena.<\/p>\n<h2 data-start=\"5507\" data-end=\"5544\"><strong data-start=\"5510\" data-end=\"5544\">H\u00e4ufig gestelte Fragen (pogosta vpra\u0161anja)<\/strong><\/h2>\n<p data-start=\"5546\" data-end=\"5727\"><strong data-start=\"5546\" data-end=\"5598\">1. Wof\u00fcr wurde Mephedron urspr\u00fcnglich razvajen?<\/strong><br data-start=\"5598\" data-end=\"5601\" \/>Mefedron so uporabljali tudi kot &quot;raziskovalno kemikalijo&quot; za prodajo in za spodbujanje prometa s strani potro\u0161nikov.<\/p>\n<p data-start=\"5729\" data-end=\"5874\"><strong data-start=\"5729\" data-end=\"5767\">2. Ali je 4-MMC heute irgendwo zakonit?<\/strong><br data-start=\"5767\" data-end=\"5770\" \/>Ne, mefedron je prepovedan v vseh dr\u017eavah. Pomembno je poslu\u0161ati Bet\u00e4ubungsmittel.<\/p>\n<p data-start=\"5876\" data-end=\"6062\"><strong data-start=\"5876\" data-end=\"5925\">3. Ali obstajajo kak\u0161ne alternative za mefedron?<\/strong><br data-start=\"5925\" data-end=\"5928\" \/>Da, naravni ali legalni Aufputschmittel s kofeinom, teaninom ali sve\u017ea adaptogena pesa imajo u\u010dinek kljub visokim tveganjem.<\/p>\n<p data-start=\"5876\" data-end=\"6062\"><a href=\"https:\/\/onderzoekschemicals.com\/sl\/shop\/okategoriserad\/benzocaine-powder\/\">benzokain v prahu<\/a><a href=\"https:\/\/onderzoekschemicals.com\/sl\/shop\/okategoriserad\/fentanyl-kopen\/\">kupiti fentanil<\/a><a href=\"https:\/\/onderzoekschemicals.com\/sl\/shop\/iboga-ibogaine\/iboga-root-bark\/\">lubje korenine iboge<\/a><a href=\"https:\/\/onderzoekschemicals.com\/sl\/shop\/iboga-ibogaine\/iboga-kopen\/\">kupiti ibogo<\/a><a href=\"https:\/\/onderzoekschemicals.com\/sl\/shop\/iboga-ibogaine\/buy-ibogaine-hcl-online\/\">kupiti ibogain HCl na spletu<\/a><\/p>","protected":false},"excerpt":{"rendered":"<p>Was ist Mephedron (4-MMC)? Mephedron, wissenschaftlich bekannt als 4-Methylmethcathinon (4-MMC), ist eine synthetische Substanz aus der Gruppe der Cathinone, die<\/p>","protected":false},"featured_media":27571,"comment_status":"open","ping_status":"closed","template":"","meta":[],"product_brand":[],"product_cat":[1085],"product_tag":[],"class_list":{"0":"post-27570","1":"product","2":"type-product","3":"status-publish","4":"has-post-thumbnail","6":"product_cat-okategoriserad","8":"first","9":"instock","10":"taxable","11":"shipping-taxable","12":"purchasable","13":"product-type-variable"},"_links":{"self":[{"href":"https:\/\/onderzoekschemicals.com\/sl\/wp-json\/wp\/v2\/product\/27570","targetHints":{"allow":["GET"]}}],"collection":[{"href":"https:\/\/onderzoekschemicals.com\/sl\/wp-json\/wp\/v2\/product"}],"about":[{"href":"https:\/\/onderzoekschemicals.com\/sl\/wp-json\/wp\/v2\/types\/product"}],"replies":[{"embeddable":true,"href":"https:\/\/onderzoekschemicals.com\/sl\/wp-json\/wp\/v2\/comments?post=27570"}],"version-history":[{"count":4,"href":"https:\/\/onderzoekschemicals.com\/sl\/wp-json\/wp\/v2\/product\/27570\/revisions"}],"predecessor-version":[{"id":27704,"href":"https:\/\/onderzoekschemicals.com\/sl\/wp-json\/wp\/v2\/product\/27570\/revisions\/27704"}],"wp:featuredmedia":[{"embeddable":true,"href":"https:\/\/onderzoekschemicals.com\/sl\/wp-json\/wp\/v2\/media\/27571"}],"wp:attachment":[{"href":"https:\/\/onderzoekschemicals.com\/sl\/wp-json\/wp\/v2\/media?parent=27570"}],"wp:term":[{"taxonomy":"product_brand","embeddable":true,"href":"https:\/\/onderzoekschemicals.com\/sl\/wp-json\/wp\/v2\/product_brand?post=27570"},{"taxonomy":"product_cat","embeddable":true,"href":"https:\/\/onderzoekschemicals.com\/sl\/wp-json\/wp\/v2\/product_cat?post=27570"},{"taxonomy":"product_tag","embeddable":true,"href":"https:\/\/onderzoekschemicals.com\/sl\/wp-json\/wp\/v2\/product_tag?post=27570"}],"curies":[{"name":"delovni list","href":"https:\/\/api.w.org\/{rel}","templated":true}]}}