{"id":26118,"date":"2025-10-20T01:31:17","date_gmt":"2025-10-20T01:31:17","guid":{"rendered":"https:\/\/onderzoekschemicals.com\/?post_type=product&#038;p=26118"},"modified":"2025-10-21T05:53:14","modified_gmt":"2025-10-21T05:53:14","slug":"iboga-seeds","status":"publish","type":"product","link":"https:\/\/onderzoekschemicals.com\/sl\/shop\/okategoriserad\/iboga-seeds\/","title":{"rendered":"Semena iboge"},"content":{"rendered":"<h2>kupite semena iboge<\/h2>\n<p>Kupite semena iboge. Tabernanthe iboga je \u010dlan dru\u017eine Apocynaceae, ki izvira iz vla\u017enih tropskih obmo\u010dij zahodno-osrednje Afrike, predvsem iz Konga in Gabona. Splo\u0161na imena vklju\u010dujejo Iboga, Eboka in Eboga. Tabernanthe je majhen rod, ki obsega le dve vrsti, T.<a href=\"https:\/\/caluanieoxidizeshop.com\" target=\"_blank\" rel=\"noopener\">.<\/a> iboga in T. elliptica (ta vrsta ima bodi\u010daste plodove, podobne Datura spp.). Zabele\u017eeno je, da se lahko obe vrsti kri\u017eno opra\u0161ujeta in ustvarita ploden hibrid (<em>Iboga in Ibogain, Nico Dauphin<\/em>). semena iboge, semena iboge tabernanthe, semena rastline iboga, kupite semena iboge<\/p>\n<p>Tabernanthe so lesnate rastline, ki so endemi\u010dne za vla\u017ene tropske gozdove. Grmi\u010devje Tabernanthe obi\u010dajno zraste do vi\u0161ine od pol metra do dveh metrov. Veje se pojavljajo v parih, dve vitki, pecljasti socvetji pa se pojavita v parih tik nad mesti razvejanja. Tabernanthe ima tudi \u010da\u0161i\u010dne liste in opazne brazgotine na listih. Kot mnogi drugi \u010dlani dru\u017eine Apocynaceae<a href=\"https:\/\/caluanieoxidizeshop.com\/product\/caluanie-muelear-oxidize-for-sale\/\" target=\"_blank\" rel=\"noopener\">,<\/a> Za tabernanthe je zna\u010dilen mle\u010dni sok in prisotnost \u0161tevilnih uporabnih alkaloidov v lubju, listih in korenini (Iboga in Ibogain, Nico Dauphin). <a href=\"https:\/\/onderzoekschemicals.com\/sl\/shop\/top-10-research-chemicals\/caluanie-muelear-oxidize\/\">Oksidiranje Caluanie Muelear<\/a><a href=\"https:\/\/onderzoekschemicals.com\/sl\/shop\/weegschalen\/digitale-cs-weegschaal\/\">Digitalna tehtnica CS \u2013 100 g x 0,01 g<\/a><a href=\"https:\/\/onderzoekschemicals.com\/sl\/shop\/top-10-research-chemicals\/pyrazolam-werking\/\">Pirazolamin 2,5 mg peleti<\/a><a href=\"https:\/\/onderzoekschemicals.com\/sl\/shop\/weegschalen\/digitale-tank-mini-weegschaal\/\">Digitalna mini tehtnica za rezervoarje \u2013 20 g x 0,001 g<\/a><a href=\"https:\/\/onderzoekschemicals.com\/sl\/shop\/weegschalen\/digitale-bio-mini-weegschaal\/\">Digitalna bio mini tehtnica \u2013 20 g x 0,001 g<\/a><\/p>","protected":false},"excerpt":{"rendered":"<p>$1 na sadje, minimalno naro\u010dilo = 100 sade\u017eev<\/p>","protected":false},"featured_media":26143,"comment_status":"closed","ping_status":"closed","template":"","meta":[],"product_brand":[],"product_cat":[1085],"product_tag":[912,911,909,910],"class_list":{"0":"post-26118","1":"product","2":"type-product","3":"status-publish","4":"has-post-thumbnail","6":"product_cat-okategoriserad","7":"product_tag-buy-iboga-seeds","8":"product_tag-iboga-plant-seeds","9":"product_tag-iboga-seeds","10":"product_tag-tabernanthe-iboga-seeds","12":"first","13":"instock","14":"taxable","15":"shipping-taxable","16":"purchasable","17":"product-type-simple"},"_links":{"self":[{"href":"https:\/\/onderzoekschemicals.com\/sl\/wp-json\/wp\/v2\/product\/26118","targetHints":{"allow":["GET"]}}],"collection":[{"href":"https:\/\/onderzoekschemicals.com\/sl\/wp-json\/wp\/v2\/product"}],"about":[{"href":"https:\/\/onderzoekschemicals.com\/sl\/wp-json\/wp\/v2\/types\/product"}],"replies":[{"embeddable":true,"href":"https:\/\/onderzoekschemicals.com\/sl\/wp-json\/wp\/v2\/comments?post=26118"}],"version-history":[{"count":4,"href":"https:\/\/onderzoekschemicals.com\/sl\/wp-json\/wp\/v2\/product\/26118\/revisions"}],"predecessor-version":[{"id":26155,"href":"https:\/\/onderzoekschemicals.com\/sl\/wp-json\/wp\/v2\/product\/26118\/revisions\/26155"}],"wp:featuredmedia":[{"embeddable":true,"href":"https:\/\/onderzoekschemicals.com\/sl\/wp-json\/wp\/v2\/media\/26143"}],"wp:attachment":[{"href":"https:\/\/onderzoekschemicals.com\/sl\/wp-json\/wp\/v2\/media?parent=26118"}],"wp:term":[{"taxonomy":"product_brand","embeddable":true,"href":"https:\/\/onderzoekschemicals.com\/sl\/wp-json\/wp\/v2\/product_brand?post=26118"},{"taxonomy":"product_cat","embeddable":true,"href":"https:\/\/onderzoekschemicals.com\/sl\/wp-json\/wp\/v2\/product_cat?post=26118"},{"taxonomy":"product_tag","embeddable":true,"href":"https:\/\/onderzoekschemicals.com\/sl\/wp-json\/wp\/v2\/product_tag?post=26118"}],"curies":[{"name":"delovni list","href":"https:\/\/api.w.org\/{rel}","templated":true}]}}