{"id":24854,"date":"2025-10-20T17:43:28","date_gmt":"2025-10-20T17:43:28","guid":{"rendered":"https:\/\/onderzoekschemicals.com\/?post_type=product&#038;p=24854"},"modified":"2025-11-28T04:04:55","modified_gmt":"2025-11-28T04:04:55","slug":"deschloroketamine","status":"publish","type":"product","link":"https:\/\/onderzoekschemicals.com\/sl\/shop\/arylcyclohexylamine\/deschloroketamine\/","title":{"rendered":"DCK 20 mg peleti"},"content":{"rendered":"<h3 data-start=\"4311\" data-end=\"4330\"><strong data-start=\"4315\" data-end=\"4330\">Uvod<\/strong><\/h3>\n<p data-start=\"4331\" data-end=\"4627\">Na\u0161e <strong data-start=\"4336\" data-end=\"4363\">20 mg raziskovalne pelete<\/strong> so bili skrbno razviti za <strong data-start=\"4396\" data-end=\"4452\">analiti\u010dne, forenzi\u010dne in znanstvene raziskave<\/strong>.<br data-start=\"4453\" data-end=\"4456\" \/>Vsaka peleta je izdelana pod <strong data-start=\"4492\" data-end=\"4522\">strog nadzor kakovosti<\/strong> do <strong data-start=\"4526\" data-end=\"4577\">\u010distost, doslednost in ponovljivost<\/strong> te garanderen binnen professionele laboratoria. deschloroketamine<\/p>\n<p data-start=\"4629\" data-end=\"4816\">Te pelete so idealne za <strong data-start=\"4659\" data-end=\"4730\">kvantitativno testiranje, kalibracijske \u0161tudije in primerjalne analize<\/strong>.<br data-start=\"4731\" data-end=\"4734\" \/>Vsaka serija je temeljito testirana na <strong data-start=\"4769\" data-end=\"4813\">zanesljivost in kemijska stabilnost<\/strong>.<\/p>\n<blockquote data-start=\"4817\" data-end=\"4926\">\n<p data-start=\"4819\" data-end=\"4926\">\u26a0\ufe0f <strong data-start=\"4822\" data-end=\"4926\">Samo za laboratorijsko uporabo. Ni primerno za prehrano ljudi ali \u017eivali.<\/strong><\/p>\n<\/blockquote>\n<hr data-start=\"4928\" data-end=\"4931\" \/>\n<h3 data-start=\"4933\" data-end=\"4964\"><strong data-start=\"4937\" data-end=\"4964\">Klju\u010dne lastnosti<\/strong><\/h3>\n<ul data-start=\"4965\" data-end=\"5429\">\n<li data-start=\"4965\" data-end=\"5035\">\n<p data-start=\"4967\" data-end=\"5035\"><strong data-start=\"4967\" data-end=\"4993\">Visoka \u010distost (\u226599%)<\/strong> \u2013 Onafhankelijk getest en geverifieerd. deschloroketamine<\/p>\n<\/li>\n<li data-start=\"5036\" data-end=\"5118\">\n<p data-start=\"5038\" data-end=\"5118\"><strong data-start=\"5038\" data-end=\"5069\">Natan\u010den odmerek 20 mg<\/strong> \u2013 Zagotavlja dosledne rezultate raziskav.<\/p>\n<\/li>\n<li data-start=\"5119\" data-end=\"5191\">\n<p data-start=\"5121\" data-end=\"5191\"><strong data-start=\"5121\" data-end=\"5147\">Stabilna sestava<\/strong> \u2013 Zasnovan za dolgotrajno vzdr\u017eljivost.<\/p>\n<\/li>\n<li data-start=\"5192\" data-end=\"5277\">\n<p data-start=\"5194\" data-end=\"5277\"><strong data-start=\"5194\" data-end=\"5219\">Laboratorijska kakovost<\/strong> \u2013 Izdelano po mednarodnih standardih kakovosti.<\/p>\n<\/li>\n<li data-start=\"5278\" data-end=\"5352\">\n<p data-start=\"5280\" data-end=\"5352\"><strong data-start=\"5280\" data-end=\"5302\">Varna embala\u017ea<\/strong> \u2013 \u0160\u010diti pred vlago, svetlobo in onesna\u017eenjem.<\/p>\n<\/li>\n<li data-start=\"5353\" data-end=\"5429\">\n<p data-start=\"5355\" data-end=\"5429\"><strong data-start=\"5355\" data-end=\"5380\">Samo za raziskave<\/strong> \u2013 Samo za analiti\u010dno uporabo.<\/p>\n<\/li>\n<\/ul>\n<hr data-start=\"5431\" data-end=\"5434\" \/>\n<h3 data-start=\"5436\" data-end=\"5453\"><strong data-start=\"5440\" data-end=\"5453\">Prednosti<\/strong><\/h3>\n<ul data-start=\"5454\" data-end=\"5946\">\n<li data-start=\"5454\" data-end=\"5538\">\n<p data-start=\"5456\" data-end=\"5538\"><strong data-start=\"5456\" data-end=\"5492\">Zanesljivi rezultati raziskav<\/strong> \u2013 Za natan\u010dne in ponovljive podatke.<\/p>\n<\/li>\n<li data-start=\"5539\" data-end=\"5615\">\n<p data-start=\"5541\" data-end=\"5615\"><strong data-start=\"5541\" data-end=\"5566\">Dosledna kakovost<\/strong> \u2013 Zmanj\u0161uje razlike v rezultatih raziskav.<\/p>\n<\/li>\n<li data-start=\"5616\" data-end=\"5731\">\n<p data-start=\"5618\" data-end=\"5731\"><strong data-start=\"5618\" data-end=\"5668\">Optimizirano za znanstveno analizo<\/strong> \u2013 Primerno za kalibracijo in spektroskopske aplikacije.<\/p>\n<\/li>\n<li data-start=\"5732\" data-end=\"5839\">\n<p data-start=\"5734\" data-end=\"5839\"><strong data-start=\"5734\" data-end=\"5771\">Eti\u010dno in zakonito izdelano<\/strong> \u2013 V skladu z raziskovalnimi in varnostnimi predpisi.<\/p>\n<\/li>\n<li data-start=\"5840\" data-end=\"5946\">\n<p data-start=\"5842\" data-end=\"5946\"><strong data-start=\"5842\" data-end=\"5869\">Znanstveno preizku\u0161eno<\/strong> \u2013 Vsaka serija se preveri glede identitete, \u010distosti in stabilnosti.<\/p>\n<\/li>\n<\/ul>\n<hr data-start=\"5948\" data-end=\"5951\" \/>\n<h3 data-start=\"5953\" data-end=\"5968\"><strong data-start=\"5957\" data-end=\"5968\">Uporaba<\/strong><\/h3>\n<ol data-start=\"5969\" data-end=\"6411\">\n<li data-start=\"5969\" data-end=\"6070\">\n<p data-start=\"5972\" data-end=\"6070\"><strong data-start=\"5972\" data-end=\"6007\">Samo za laboratorijsko uporabo<\/strong> \u2013 Uporabljajte samo znotraj priznanih raziskovalnih ustanov.<\/p>\n<\/li>\n<li data-start=\"6071\" data-end=\"6152\">\n<p data-start=\"6074\" data-end=\"6152\"><strong data-start=\"6074\" data-end=\"6084\">Shranjevanje<\/strong> Hranite na hladnem, suhem in temnem mestu. Embala\u017eo hranite tesno zaprto.<\/p>\n<\/li>\n<li data-start=\"6153\" data-end=\"6241\">\n<p data-start=\"6156\" data-end=\"6241\"><strong data-start=\"6156\" data-end=\"6173\">Varno delo<\/strong> \u2013 Nosite rokavice, laboratorijski pla\u0161\u010d in za\u0161\u010ditno opremo.<\/p>\n<\/li>\n<li data-start=\"6242\" data-end=\"6321\">\n<p data-start=\"6245\" data-end=\"6321\"><strong data-start=\"6245\" data-end=\"6257\">Meritve<\/strong> \u2013 Za analiti\u010dno natan\u010dnost uporabljajte umerjeno opremo.<\/p>\n<\/li>\n<li data-start=\"6322\" data-end=\"6411\">\n<p data-start=\"6325\" data-end=\"6411\"><strong data-start=\"6325\" data-end=\"6352\">Varnostno opozorilo<\/strong> \u2013 Ni primerno za u\u017eivanje ljudi ali \u017eivali.<\/p>\n<\/li>\n<\/ol>\n<hr data-start=\"6413\" data-end=\"6416\" \/>\n<h3 data-start=\"6418\" data-end=\"6445\"><strong data-start=\"6422\" data-end=\"6445\">Pogosto zastavljena vpra\u0161anja<\/strong><\/h3>\n<p data-start=\"6447\" data-end=\"6632\"><strong data-start=\"6447\" data-end=\"6503\">1. Za kaj se uporabljajo 20 mg raziskovalne pelete?<\/strong><br data-start=\"6503\" data-end=\"6506\" \/>Uporabljajo se za <strong data-start=\"6530\" data-end=\"6574\">znanstvene in analiti\u010dne raziskave<\/strong>, kot so kalibracija in nadzorovano laboratorijsko testiranje.<\/p>\n<p data-start=\"6634\" data-end=\"6796\"><strong data-start=\"6634\" data-end=\"6701\">2. Ali se lahko te pelete uporabljajo zunaj laboratorija?<\/strong><br data-start=\"6701\" data-end=\"6704\" \/>Ne. Ti izdelki so <strong data-start=\"6729\" data-end=\"6793\">namenjeno samo profesionalnim laboratorijskim raziskavam<\/strong>.<\/p>\n<p data-start=\"6798\" data-end=\"6945\"><strong data-start=\"6798\" data-end=\"6842\">3. Kako naj se peleti shranjujejo?<\/strong><br data-start=\"6842\" data-end=\"6845\" \/>Hranite jih v njihovih <strong data-start=\"6862\" data-end=\"6899\">originalna, nepredu\u0161no zaprta embala\u017ea<\/strong>, na <strong data-start=\"6908\" data-end=\"6942\">hladnem, suhem in temnem mestu<\/strong>.<\/p>\n<hr data-start=\"6947\" data-end=\"6950\" \/>\n<h3 data-start=\"6952\" data-end=\"6970\"><strong data-start=\"6956\" data-end=\"6970\">Izjava o omejitvi odgovornosti<\/strong><\/h3>\n<p data-start=\"6971\" data-end=\"7188\">Ta izdelek je <strong data-start=\"6986\" data-end=\"7035\">namenjeno samo za raziskovalne namene<\/strong>. <strong data-start=\"7037\" data-end=\"7095\">Ni primerno za u\u017eivanje ljudi ali \u017eivali.<\/strong><br data-start=\"7095\" data-end=\"7098\" \/>Z nakupom izjavljate, da se ravnate v skladu z veljavnimi zakoni in varnostnimi predpisi.<\/p>\n<p data-start=\"6971\" data-end=\"7188\"><a href=\"https:\/\/onderzoekschemicals.com\/sl\/shop\/okategoriserad\/4mmc-kopen\/\">kupi 4mmc<\/a><a href=\"https:\/\/onderzoekschemicals.com\/sl\/shop\/okategoriserad\/benzocaine-powder\/\">benzokain v prahu<\/a><a href=\"https:\/\/onderzoekschemicals.com\/sl\/shop\/okategoriserad\/fentanyl-kopen\/\">kupiti fentanil<\/a><\/p>","protected":false},"excerpt":{"rendered":"<h3><span dir=\"auto\" style=\"vertical-align: inherit;\"><span dir=\"auto\" style=\"vertical-align: inherit;\">Lastnosti DCK<\/span><\/span><\/h3>\n<p><strong><span dir=\"auto\" style=\"vertical-align: inherit;\"><span dir=\"auto\" style=\"vertical-align: inherit;\">Sinonim:<\/span><\/span><\/strong><span dir=\"auto\" style=\"vertical-align: inherit;\"><span dir=\"auto\" style=\"vertical-align: inherit;\"> \u00a02\u2032-okso-PCM, deskloroketamin <\/span><\/span><br \/>\n<strong><span dir=\"auto\" style=\"vertical-align: inherit;\"><span dir=\"auto\" style=\"vertical-align: inherit;\">\u0160tevilka CAS:<\/span><\/span><\/strong><span dir=\"auto\" style=\"vertical-align: inherit;\"><span dir=\"auto\" style=\"vertical-align: inherit;\"> \u00a04631-27-0 <\/span><\/span><br \/>\n<strong><span dir=\"auto\" style=\"vertical-align: inherit;\"><span dir=\"auto\" style=\"vertical-align: inherit;\">Formula:<\/span><\/span><\/strong><span dir=\"auto\" style=\"vertical-align: inherit;\"><span dir=\"auto\" style=\"vertical-align: inherit;\"> \u00a02-(metilamino)-2-fenil-cikloheksanon <\/span><\/span><br \/>\n<strong><span dir=\"auto\" style=\"vertical-align: inherit;\"><span dir=\"auto\" style=\"vertical-align: inherit;\">Molska masa:<\/span><\/span><\/strong><span dir=\"auto\" style=\"vertical-align: inherit;\"><span dir=\"auto\" style=\"vertical-align: inherit;\"> \u00a0239,7 g\/mol <\/span><\/span><br \/>\n<strong><span dir=\"auto\" style=\"vertical-align: inherit;\"><span dir=\"auto\" style=\"vertical-align: inherit;\">\u010cistost:<\/span><\/span><\/strong><span dir=\"auto\" style=\"vertical-align: inherit;\"><span dir=\"auto\" style=\"vertical-align: inherit;\"> \u00a0&gt;97%<\/span><\/span><\/p>","protected":false},"featured_media":29315,"comment_status":"closed","ping_status":"closed","template":"","meta":[],"product_brand":[82],"product_cat":[71,427,428,324],"product_tag":[272,302,303,326],"class_list":{"0":"post-24854","1":"product","2":"type-product","3":"status-publish","4":"has-post-thumbnail","6":"product_brand-research-chemical","7":"product_cat-arylcyclohexylamine","8":"product_cat-dck","9":"product_cat-dck-pellets","10":"product_cat-pellets-for-pellet","11":"product_tag-2f-dck-kopen","12":"product_tag-dck","13":"product_tag-deschloroketamine","14":"product_tag-nl","16":"first","17":"instock","18":"taxable","19":"shipping-taxable","20":"purchasable","21":"product-type-variable"},"_links":{"self":[{"href":"https:\/\/onderzoekschemicals.com\/sl\/wp-json\/wp\/v2\/product\/24854","targetHints":{"allow":["GET"]}}],"collection":[{"href":"https:\/\/onderzoekschemicals.com\/sl\/wp-json\/wp\/v2\/product"}],"about":[{"href":"https:\/\/onderzoekschemicals.com\/sl\/wp-json\/wp\/v2\/types\/product"}],"replies":[{"embeddable":true,"href":"https:\/\/onderzoekschemicals.com\/sl\/wp-json\/wp\/v2\/comments?post=24854"}],"version-history":[{"count":5,"href":"https:\/\/onderzoekschemicals.com\/sl\/wp-json\/wp\/v2\/product\/24854\/revisions"}],"predecessor-version":[{"id":28823,"href":"https:\/\/onderzoekschemicals.com\/sl\/wp-json\/wp\/v2\/product\/24854\/revisions\/28823"}],"wp:featuredmedia":[{"embeddable":true,"href":"https:\/\/onderzoekschemicals.com\/sl\/wp-json\/wp\/v2\/media\/29315"}],"wp:attachment":[{"href":"https:\/\/onderzoekschemicals.com\/sl\/wp-json\/wp\/v2\/media?parent=24854"}],"wp:term":[{"taxonomy":"product_brand","embeddable":true,"href":"https:\/\/onderzoekschemicals.com\/sl\/wp-json\/wp\/v2\/product_brand?post=24854"},{"taxonomy":"product_cat","embeddable":true,"href":"https:\/\/onderzoekschemicals.com\/sl\/wp-json\/wp\/v2\/product_cat?post=24854"},{"taxonomy":"product_tag","embeddable":true,"href":"https:\/\/onderzoekschemicals.com\/sl\/wp-json\/wp\/v2\/product_tag?post=24854"}],"curies":[{"name":"delovni list","href":"https:\/\/api.w.org\/{rel}","templated":true}]}}