{"id":24393,"date":"2025-04-13T17:41:37","date_gmt":"2025-04-13T17:41:37","guid":{"rendered":"https:\/\/onderzoekschemicals.com\/?post_type=product&#038;p=24393"},"modified":"2025-11-28T06:45:36","modified_gmt":"2025-11-28T06:45:36","slug":"ipph","status":"publish","type":"product","link":"https:\/\/onderzoekschemicals.com\/sl\/shop\/ipph\/ipph\/","title":{"rendered":"IPPH (izopropilfenidat)"},"content":{"rendered":"<h3 data-start=\"4087\" data-end=\"4108\"><strong data-start=\"4091\" data-end=\"4106\"><span dir=\"auto\" style=\"vertical-align: inherit;\"><span dir=\"auto\" style=\"vertical-align: inherit;\">Uvod<\/span><\/span><\/strong><\/h3>\n<p data-start=\"4109\" data-end=\"4475\"><strong data-start=\"4109\" data-end=\"4137\"><span dir=\"auto\" style=\"vertical-align: inherit;\"><span dir=\"auto\" style=\"vertical-align: inherit;\">IPPH (izopropilfenidat)<\/span><\/span><\/strong><span dir=\"auto\" style=\"vertical-align: inherit;\"><span dir=\"auto\" style=\"vertical-align: inherit;\"> je <\/span><\/span><strong data-start=\"4145\" data-end=\"4170\"><span dir=\"auto\" style=\"vertical-align: inherit;\"><span dir=\"auto\" style=\"vertical-align: inherit;\">piperidinska spojina<\/span><\/span><\/strong><span dir=\"auto\" style=\"vertical-align: inherit;\"><span dir=\"auto\" style=\"vertical-align: inherit;\"> v <\/span><\/span><strong data-start=\"4178\" data-end=\"4197\"><span dir=\"auto\" style=\"vertical-align: inherit;\"><span dir=\"auto\" style=\"vertical-align: inherit;\">dru\u017eina fenidatov<\/span><\/span><\/strong><span dir=\"auto\" style=\"vertical-align: inherit;\"><span dir=\"auto\" style=\"vertical-align: inherit;\"> , strukturno povezan z <\/span><\/span><strong data-start=\"4223\" data-end=\"4241\"><span dir=\"auto\" style=\"vertical-align: inherit;\"><span dir=\"auto\" style=\"vertical-align: inherit;\">metilfenidat<\/span><\/span><\/strong><span dir=\"auto\" style=\"vertical-align: inherit;\"><span dir=\"auto\" style=\"vertical-align: inherit;\"> in <\/span><\/span><strong data-start=\"4245\" data-end=\"4262\"><span dir=\"auto\" style=\"vertical-align: inherit;\"><span dir=\"auto\" style=\"vertical-align: inherit;\">etilfenidat<\/span><\/span><\/strong><span dir=\"auto\" style=\"vertical-align: inherit;\"><span dir=\"auto\" style=\"vertical-align: inherit;\"> . IPPH <\/span><\/span><br data-start=\"4263\" data-end=\"4266\" \/><span dir=\"auto\" style=\"vertical-align: inherit;\"><span dir=\"auto\" style=\"vertical-align: inherit;\">se uporablja v <\/span><\/span><strong data-start=\"4288\" data-end=\"4329\"><span dir=\"auto\" style=\"vertical-align: inherit;\"><span dir=\"auto\" style=\"vertical-align: inherit;\">neurochemical and analytical research<\/span><\/span><\/strong><span dir=\"auto\" style=\"vertical-align: inherit;\"><span dir=\"auto\" style=\"vertical-align: inherit;\"> do <\/span><span dir=\"auto\" style=\"vertical-align: inherit;\">\u0161tudij <\/span><\/span><strong data-start=\"4333\" data-end=\"4373\"><span dir=\"auto\" style=\"vertical-align: inherit;\"><span dir=\"auto\" style=\"vertical-align: inherit;\">dopamine and noradrenaline reuptake , as well as <\/span><\/span><\/strong><strong data-start=\"4397\" data-end=\"4439\"><span dir=\"auto\" style=\"vertical-align: inherit;\"><span dir=\"auto\" style=\"vertical-align: inherit;\">razmerja med strukturo in aktivnostjo (SAR)<\/span><\/span><\/strong><span dir=\"auto\" style=\"vertical-align: inherit;\"><span dir=\"auto\" style=\"vertical-align: inherit;\"> within stimulant compounds.<\/span><\/span><\/p>\n<p data-start=\"4477\" data-end=\"4735\"><span dir=\"auto\" style=\"vertical-align: inherit;\"><span dir=\"auto\" style=\"vertical-align: inherit;\">Izdelek se dobavlja kot <\/span><\/span><strong data-start=\"4512\" data-end=\"4564\"><span dir=\"auto\" style=\"vertical-align: inherit;\"><span dir=\"auto\" style=\"vertical-align: inherit;\">high-purity crystalline hydrochloride salt (\u2265 98%)<\/span><\/span><\/strong><span dir=\"auto\" style=\"vertical-align: inherit;\"><span dir=\"auto\" style=\"vertical-align: inherit;\"> , verified by <\/span><\/span><strong data-start=\"4583\" data-end=\"4607\"><span dir=\"auto\" style=\"vertical-align: inherit;\"><span dir=\"auto\" style=\"vertical-align: inherit;\">HPLC in NMR analiza<\/span><\/span><\/strong><span dir=\"auto\" style=\"vertical-align: inherit;\"><span dir=\"auto\" style=\"vertical-align: inherit;\"> . Each batch is produced under <\/span><\/span><strong data-start=\"4645\" data-end=\"4690\"><span dir=\"auto\" style=\"vertical-align: inherit;\"><span dir=\"auto\" style=\"vertical-align: inherit;\">controlled laboratory conditions<\/span><\/span><\/strong><span dir=\"auto\" style=\"vertical-align: inherit;\"><span dir=\"auto\" style=\"vertical-align: inherit;\"> for maximum stability and consistency.<\/span><\/span><\/p>\n<blockquote data-start=\"4737\" data-end=\"4876\">\n<p data-start=\"4739\" data-end=\"4876\">\u26a0\ufe0f <strong data-start=\"4742\" data-end=\"4753\"><span dir=\"auto\" style=\"vertical-align: inherit;\"><span dir=\"auto\" style=\"vertical-align: inherit;\">Prosimo, upo\u0161tevajte:<\/span><\/span><\/strong><span dir=\"auto\" style=\"vertical-align: inherit;\"><span dir=\"auto\" style=\"vertical-align: inherit;\"> IPPH is intended for <\/span><\/span><strong data-start=\"4787\" data-end=\"4822\"><span dir=\"auto\" style=\"vertical-align: inherit;\"><span dir=\"auto\" style=\"vertical-align: inherit;\">raziskovalna in analiti\u010dna uporaba<\/span><\/span><\/strong><span dir=\"auto\" style=\"vertical-align: inherit;\"><span dir=\"auto\" style=\"vertical-align: inherit;\"> samo \u2014 <\/span><\/span><strong data-start=\"4825\" data-end=\"4873\"><span dir=\"auto\" style=\"vertical-align: inherit;\"><span dir=\"auto\" style=\"vertical-align: inherit;\">ni za prehrano ljudi ali \u017eivali<\/span><\/span><\/strong><span dir=\"auto\" style=\"vertical-align: inherit;\"><span dir=\"auto\" style=\"vertical-align: inherit;\"> .<\/span><\/span><\/p>\n<\/blockquote>\n<hr data-start=\"4878\" data-end=\"4881\" \/>\n<h3 data-start=\"4883\" data-end=\"4914\"><strong data-start=\"4887\" data-end=\"4914\"><span dir=\"auto\" style=\"vertical-align: inherit;\"><span dir=\"auto\" style=\"vertical-align: inherit;\">Klju\u010dne lastnosti<\/span><\/span><\/strong><\/h3>\n<div class=\"_tableContainer_1rjym_1\">\n<div class=\"group _tableWrapper_1rjym_13 flex w-fit flex-col-reverse\" tabindex=\"-1\">\n<table class=\"w-fit min-w-(--thread-content-width)\" data-start=\"4916\" data-end=\"5493\">\n<thead data-start=\"4916\" data-end=\"4942\">\n<tr data-start=\"4916\" data-end=\"4942\">\n<th data-start=\"4916\" data-end=\"4926\" data-col-size=\"sm\"><span dir=\"auto\" style=\"vertical-align: inherit;\"><span dir=\"auto\" style=\"vertical-align: inherit;\">Funkcija<\/span><\/span><\/th>\n<th data-start=\"4926\" data-end=\"4942\" data-col-size=\"md\"><span dir=\"auto\" style=\"vertical-align: inherit;\"><span dir=\"auto\" style=\"vertical-align: inherit;\">Opis<\/span><\/span><\/th>\n<\/tr>\n<\/thead>\n<tbody data-start=\"4971\" data-end=\"5493\">\n<tr data-start=\"4971\" data-end=\"5027\">\n<td data-start=\"4971\" data-end=\"4992\" data-col-size=\"sm\"><strong data-start=\"4973\" data-end=\"4991\"><span dir=\"auto\" style=\"vertical-align: inherit;\"><span dir=\"auto\" style=\"vertical-align: inherit;\">Kemijsko ime<\/span><\/span><\/strong><\/td>\n<td data-start=\"4992\" data-end=\"5027\" data-col-size=\"md\"><span dir=\"auto\" style=\"vertical-align: inherit;\"><span dir=\"auto\" style=\"vertical-align: inherit;\">Isopropylphenidate Hydrochloride<\/span><\/span><\/td>\n<\/tr>\n<tr data-start=\"5028\" data-end=\"5061\">\n<td data-start=\"5028\" data-end=\"5053\" data-col-size=\"sm\"><strong data-start=\"5030\" data-end=\"5052\"><span dir=\"auto\" style=\"vertical-align: inherit;\"><span dir=\"auto\" style=\"vertical-align: inherit;\">Splo\u0161no ime<\/span><\/span><\/strong><\/td>\n<td data-start=\"5053\" data-end=\"5061\" data-col-size=\"md\"><span dir=\"auto\" style=\"vertical-align: inherit;\"><span dir=\"auto\" style=\"vertical-align: inherit;\">IPPH<\/span><\/span><\/td>\n<\/tr>\n<tr data-start=\"5062\" data-end=\"5103\">\n<td data-start=\"5062\" data-end=\"5086\" data-col-size=\"sm\"><strong data-start=\"5064\" data-end=\"5085\"><span dir=\"auto\" style=\"vertical-align: inherit;\"><span dir=\"auto\" style=\"vertical-align: inherit;\">Kemijska formula<\/span><\/span><\/strong><\/td>\n<td data-start=\"5086\" data-end=\"5103\" data-col-size=\"md\"><span dir=\"auto\" style=\"vertical-align: inherit;\"><span dir=\"auto\" style=\"vertical-align: inherit;\">C\u2081\u2085H\u2082\u2081NO\u2082\u00b7HCl<\/span><\/span><\/td>\n<\/tr>\n<tr data-start=\"5104\" data-end=\"5142\">\n<td data-start=\"5104\" data-end=\"5126\" data-col-size=\"sm\"><strong data-start=\"5106\" data-end=\"5125\"><span dir=\"auto\" style=\"vertical-align: inherit;\"><span dir=\"auto\" style=\"vertical-align: inherit;\">Molekulska masa<\/span><\/span><\/strong><\/td>\n<td data-start=\"5126\" data-end=\"5142\" data-col-size=\"md\"><span dir=\"auto\" style=\"vertical-align: inherit;\"><span dir=\"auto\" style=\"vertical-align: inherit;\">283,79 g\/mol<\/span><\/span><\/td>\n<\/tr>\n<tr data-start=\"5143\" data-end=\"5178\">\n<td data-start=\"5143\" data-end=\"5154\" data-col-size=\"sm\"><strong data-start=\"5145\" data-end=\"5153\"><span dir=\"auto\" style=\"vertical-align: inherit;\"><span dir=\"auto\" style=\"vertical-align: inherit;\">Obrazec<\/span><\/span><\/strong><\/td>\n<td data-start=\"5154\" data-end=\"5178\" data-col-size=\"md\"><span dir=\"auto\" style=\"vertical-align: inherit;\"><span dir=\"auto\" style=\"vertical-align: inherit;\">Kristalna HCl sol<\/span><\/span><\/td>\n<\/tr>\n<tr data-start=\"5179\" data-end=\"5230\">\n<td data-start=\"5179\" data-end=\"5196\" data-col-size=\"sm\"><strong data-start=\"5181\" data-end=\"5195\"><span dir=\"auto\" style=\"vertical-align: inherit;\"><span dir=\"auto\" style=\"vertical-align: inherit;\">\u010cistost<\/span><\/span><\/strong><\/td>\n<td data-start=\"5196\" data-end=\"5230\" data-col-size=\"md\"><span dir=\"auto\" style=\"vertical-align: inherit;\"><span dir=\"auto\" style=\"vertical-align: inherit;\">\u2265 98% (testirano s HPLC in NMR)<\/span><\/span><\/td>\n<\/tr>\n<tr data-start=\"5231\" data-end=\"5287\">\n<td data-start=\"5231\" data-end=\"5254\" data-col-size=\"sm\"><strong data-start=\"5233\" data-end=\"5253\"><span dir=\"auto\" style=\"vertical-align: inherit;\"><span dir=\"auto\" style=\"vertical-align: inherit;\">Kemijski razred<\/span><\/span><\/strong><\/td>\n<td data-start=\"5254\" data-end=\"5287\" data-col-size=\"md\"><span dir=\"auto\" style=\"vertical-align: inherit;\"><span dir=\"auto\" style=\"vertical-align: inherit;\">Piperidine\/Phenidate analogue<\/span><\/span><\/td>\n<\/tr>\n<tr data-start=\"5288\" data-end=\"5367\">\n<td data-start=\"5288\" data-end=\"5302\" data-col-size=\"sm\"><strong data-start=\"5290\" data-end=\"5301\"><span dir=\"auto\" style=\"vertical-align: inherit;\"><span dir=\"auto\" style=\"vertical-align: inherit;\">Uporaba<\/span><\/span><\/strong><\/td>\n<td data-start=\"5302\" data-end=\"5367\" data-col-size=\"md\"><span dir=\"auto\" style=\"vertical-align: inherit;\"><span dir=\"auto\" style=\"vertical-align: inherit;\">Samo za analiti\u010dne, forenzi\u010dne in nevrokemi\u010dne raziskave<\/span><\/span><\/td>\n<\/tr>\n<tr data-start=\"5368\" data-end=\"5435\">\n<td data-start=\"5368\" data-end=\"5385\" data-col-size=\"sm\"><strong data-start=\"5370\" data-end=\"5384\"><span dir=\"auto\" style=\"vertical-align: inherit;\"><span dir=\"auto\" style=\"vertical-align: inherit;\">Embala\u017ea<\/span><\/span><\/strong><\/td>\n<td data-start=\"5385\" data-end=\"5435\" data-col-size=\"md\"><span dir=\"auto\" style=\"vertical-align: inherit;\"><span dir=\"auto\" style=\"vertical-align: inherit;\">Laboratorijska vre\u010dka, ki jo je mogo\u010de ponovno zapreti in je odporna na vlago<\/span><\/span><\/td>\n<\/tr>\n<tr data-start=\"5436\" data-end=\"5493\">\n<td data-start=\"5436\" data-end=\"5454\" data-col-size=\"sm\"><strong data-start=\"5438\" data-end=\"5453\"><span dir=\"auto\" style=\"vertical-align: inherit;\"><span dir=\"auto\" style=\"vertical-align: inherit;\">Koli\u010dina<\/span><\/span><\/strong><\/td>\n<td data-start=\"5454\" data-end=\"5493\" data-col-size=\"md\"><span dir=\"auto\" style=\"vertical-align: inherit;\"><span dir=\"auto\" style=\"vertical-align: inherit;\">1 gram na vre\u010dko (odvisno od serije)<\/span><\/span><\/td>\n<\/tr>\n<\/tbody>\n<\/table>\n<\/div>\n<\/div>\n<hr data-start=\"5495\" data-end=\"5498\" \/>\n<h3 data-start=\"5500\" data-end=\"5517\"><strong data-start=\"5504\" data-end=\"5517\"><span dir=\"auto\" style=\"vertical-align: inherit;\"><span dir=\"auto\" style=\"vertical-align: inherit;\">Prednosti<\/span><\/span><\/strong><\/h3>\n<ul data-start=\"5519\" data-end=\"5950\">\n<li data-start=\"5519\" data-end=\"5611\">\n<p data-start=\"5521\" data-end=\"5611\"><strong data-start=\"5521\" data-end=\"5540\"><span dir=\"auto\" style=\"vertical-align: inherit;\"><span dir=\"auto\" style=\"vertical-align: inherit;\">Visoka \u010distost<\/span><\/span><\/strong><span dir=\"auto\" style=\"vertical-align: inherit;\"><span dir=\"auto\" style=\"vertical-align: inherit;\"> \u2013 \u2265 98% laboratorijska kakovost za zanesljive rezultate raziskav.<\/span><\/span><\/p>\n<\/li>\n<li data-start=\"5612\" data-end=\"5700\">\n<p data-start=\"5614\" data-end=\"5700\"><strong data-start=\"5614\" data-end=\"5635\"><span dir=\"auto\" style=\"vertical-align: inherit;\"><span dir=\"auto\" style=\"vertical-align: inherit;\">Stabilna oblika soli<\/span><\/span><\/strong><span dir=\"auto\" style=\"vertical-align: inherit;\"><span dir=\"auto\" style=\"vertical-align: inherit;\"> \u2013 HCl form provides improved solubility and stability.<\/span><\/span><\/p>\n<\/li>\n<li data-start=\"5701\" data-end=\"5779\">\n<p data-start=\"5703\" data-end=\"5779\"><strong data-start=\"5703\" data-end=\"5733\"><span dir=\"auto\" style=\"vertical-align: inherit;\"><span dir=\"auto\" style=\"vertical-align: inherit;\">\u0160iroka uporabnost raziskav<\/span><\/span><\/strong><span dir=\"auto\" style=\"vertical-align: inherit;\"><span dir=\"auto\" style=\"vertical-align: inherit;\"> \u2013 Suitable for GC\/MS, LC-MS, FTIR, and HPLC. ipph<\/span><\/span><\/p>\n<\/li>\n<li data-start=\"5780\" data-end=\"5863\">\n<p data-start=\"5782\" data-end=\"5863\"><strong data-start=\"5782\" data-end=\"5810\"><span dir=\"auto\" style=\"vertical-align: inherit;\"><span dir=\"auto\" style=\"vertical-align: inherit;\">Nadzorovana proizvodnja<\/span><\/span><\/strong><span dir=\"auto\" style=\"vertical-align: inherit;\"><span dir=\"auto\" style=\"vertical-align: inherit;\"> \u2013 Every batch tested for purity and consistency.<\/span><\/span><\/p>\n<\/li>\n<li data-start=\"5864\" data-end=\"5950\">\n<p data-start=\"5866\" data-end=\"5950\"><strong data-start=\"5866\" data-end=\"5884\"><span dir=\"auto\" style=\"vertical-align: inherit;\"><span dir=\"auto\" style=\"vertical-align: inherit;\">Safe Storage<\/span><\/span><\/strong><span dir=\"auto\" style=\"vertical-align: inherit;\"><span dir=\"auto\" style=\"vertical-align: inherit;\"> \u2013 Packed in moisture-proof, anti-static laboratory pouches.<\/span><\/span><\/p>\n<\/li>\n<\/ul>\n<hr data-start=\"5952\" data-end=\"5955\" \/>\n<h3 data-start=\"5957\" data-end=\"6009\"><strong data-start=\"5961\" data-end=\"6007\"><span dir=\"auto\" style=\"vertical-align: inherit;\"><span dir=\"auto\" style=\"vertical-align: inherit;\">Uporaba (samo za raziskovalne namene)<\/span><\/span><\/strong><\/h3>\n<ol data-start=\"6011\" data-end=\"6346\">\n<li data-start=\"6011\" data-end=\"6080\">\n<p data-start=\"6014\" data-end=\"6080\"><strong data-start=\"6014\" data-end=\"6029\"><span dir=\"auto\" style=\"vertical-align: inherit;\"><span dir=\"auto\" style=\"vertical-align: inherit;\">Ravnanje:<\/span><\/span><\/strong><span dir=\"auto\" style=\"vertical-align: inherit;\"><span dir=\"auto\" style=\"vertical-align: inherit;\"> Nosite rokavice, za\u0161\u010ditna o\u010dala in laboratorijski pla\u0161\u010d.<\/span><\/span><\/p>\n<\/li>\n<li data-start=\"6081\" data-end=\"6140\">\n<p data-start=\"6084\" data-end=\"6140\"><strong data-start=\"6084\" data-end=\"6097\"><span dir=\"auto\" style=\"vertical-align: inherit;\"><span dir=\"auto\" style=\"vertical-align: inherit;\">Meritve:<\/span><\/span><\/strong><span dir=\"auto\" style=\"vertical-align: inherit;\"><span dir=\"auto\" style=\"vertical-align: inherit;\"> Uporabljajte kalibrirane laboratorijske tehtnice.<\/span><\/span><\/p>\n<\/li>\n<li data-start=\"6141\" data-end=\"6195\">\n<p data-start=\"6144\" data-end=\"6195\"><strong data-start=\"6144\" data-end=\"6155\"><span dir=\"auto\" style=\"vertical-align: inherit;\"><span dir=\"auto\" style=\"vertical-align: inherit;\">Shranjevanje:<\/span><\/span><\/strong><span dir=\"auto\" style=\"vertical-align: inherit;\"><span dir=\"auto\" style=\"vertical-align: inherit;\"> Hranite v hladnem (2\u20138 \u00b0C), suhem in temnem prostoru.<\/span><\/span><\/p>\n<\/li>\n<li data-start=\"6196\" data-end=\"6272\">\n<p data-start=\"6199\" data-end=\"6272\"><strong data-start=\"6199\" data-end=\"6211\"><span dir=\"auto\" style=\"vertical-align: inherit;\"><span dir=\"auto\" style=\"vertical-align: inherit;\">Analiza:<\/span><\/span><\/strong><span dir=\"auto\" style=\"vertical-align: inherit;\"><span dir=\"auto\" style=\"vertical-align: inherit;\"> Suitable for chromatographic and spectroscopic examination.<\/span><\/span><\/p>\n<\/li>\n<li data-start=\"6273\" data-end=\"6346\">\n<p data-start=\"6276\" data-end=\"6346\"><strong data-start=\"6276\" data-end=\"6293\"><span dir=\"auto\" style=\"vertical-align: inherit;\"><span dir=\"auto\" style=\"vertical-align: inherit;\">Dokumentacija:<\/span><\/span><\/strong><span dir=\"auto\" style=\"vertical-align: inherit;\"><span dir=\"auto\" style=\"vertical-align: inherit;\"> Record batch number, purity, and analytical methods.<\/span><\/span><\/p>\n<\/li>\n<\/ol>\n<hr data-start=\"6348\" data-end=\"6351\" \/>\n<h3 data-start=\"6353\" data-end=\"6388\"><strong data-start=\"6357\" data-end=\"6386\"><span dir=\"auto\" style=\"vertical-align: inherit;\"><span dir=\"auto\" style=\"vertical-align: inherit;\">Pogosto zastavljena vpra\u0161anja (FAQ)<\/span><\/span><\/strong><\/h3>\n<p data-start=\"6390\" data-end=\"6585\"><strong data-start=\"6390\" data-end=\"6429\"><span dir=\"auto\" style=\"vertical-align: inherit;\"><span dir=\"auto\" style=\"vertical-align: inherit;\">1. What is IPPH (Isopropylphenidate)? <\/span><\/span><\/strong><br data-start=\"6429\" data-end=\"6432\" \/><strong data-start=\"6432\" data-end=\"6440\"><span dir=\"auto\" style=\"vertical-align: inherit;\"><span dir=\"auto\" style=\"vertical-align: inherit;\">IPPH<\/span><\/span><\/strong><span dir=\"auto\" style=\"vertical-align: inherit;\"><span dir=\"auto\" style=\"vertical-align: inherit;\"> je <\/span><\/span><strong data-start=\"6448\" data-end=\"6471\"><span dir=\"auto\" style=\"vertical-align: inherit;\"><span dir=\"auto\" style=\"vertical-align: inherit;\">piperidine derivative<\/span><\/span><\/strong><span dir=\"auto\" style=\"vertical-align: inherit;\"><span dir=\"auto\" style=\"vertical-align: inherit;\"> related to methylphenidate and is used in research on monoamine reuptake and neurochemical processes.<\/span><\/span><\/p>\n<p data-start=\"6587\" data-end=\"6703\"><strong data-start=\"6587\" data-end=\"6613\"><span dir=\"auto\" style=\"vertical-align: inherit;\"><span dir=\"auto\" style=\"vertical-align: inherit;\">2. How pure is IPPH?<\/span><\/span><\/strong><br data-start=\"6613\" data-end=\"6616\" \/><span dir=\"auto\" style=\"vertical-align: inherit;\"><span dir=\"auto\" style=\"vertical-align: inherit;\"> Vsaka serija ima <\/span><\/span><strong data-start=\"6637\" data-end=\"6661\"><span dir=\"auto\" style=\"vertical-align: inherit;\"><span dir=\"auto\" style=\"vertical-align: inherit;\">\u010distost \u2265 98%<\/span><\/span><\/strong><span dir=\"auto\" style=\"vertical-align: inherit;\"><span dir=\"auto\" style=\"vertical-align: inherit;\"> , verified by HPLC and NMR analysis.<\/span><\/span><\/p>\n<p data-start=\"6705\" data-end=\"6858\"><strong data-start=\"6705\" data-end=\"6743\"><span dir=\"auto\" style=\"vertical-align: inherit;\"><span dir=\"auto\" style=\"vertical-align: inherit;\">3. Is it legal to buy IPPH?<\/span><\/span><\/strong><br data-start=\"6743\" data-end=\"6746\" \/><span dir=\"auto\" style=\"vertical-align: inherit;\"><span dir=\"auto\" style=\"vertical-align: inherit;\"> The <\/span><\/span><strong data-start=\"6749\" data-end=\"6772\"><span dir=\"auto\" style=\"vertical-align: inherit;\"><span dir=\"auto\" style=\"vertical-align: inherit;\">legality of IPPH<\/span><\/span><\/strong><span dir=\"auto\" style=\"vertical-align: inherit;\"><span dir=\"auto\" style=\"vertical-align: inherit;\"> se razlikuje glede na dr\u017eavo. Pred uporabo vedno preverite lokalne predpise. <\/span><\/span><strong data-start=\"6841\" data-end=\"6855\"><span dir=\"auto\" style=\"vertical-align: inherit;\"><span dir=\"auto\" style=\"vertical-align: inherit;\">purchasing IPPH<\/span><\/span><\/strong><span dir=\"auto\" style=\"vertical-align: inherit;\"><span dir=\"auto\" style=\"vertical-align: inherit;\"> .<\/span><\/span><\/p>","protected":false},"excerpt":{"rendered":"<h3><span dir=\"auto\" style=\"vertical-align: inherit;\"><span dir=\"auto\" style=\"vertical-align: inherit;\">IPPH properties<\/span><\/span><\/h3>\n<p><strong><span dir=\"auto\" style=\"vertical-align: inherit;\"><span dir=\"auto\" style=\"vertical-align: inherit;\">Sinonim<\/span><\/span><\/strong><span dir=\"auto\" style=\"vertical-align: inherit;\"><span dir=\"auto\" style=\"vertical-align: inherit;\"> Izopropilhenidat <\/span><\/span><br \/>\n<strong><span dir=\"auto\" style=\"vertical-align: inherit;\"><span dir=\"auto\" style=\"vertical-align: inherit;\">\u0160tevilka CAS<\/span><\/span><\/strong><span dir=\"auto\" style=\"vertical-align: inherit;\"><span dir=\"auto\" style=\"vertical-align: inherit;\"> : 93148-46-0 <\/span><\/span><br \/>\n<strong><span dir=\"auto\" style=\"vertical-align: inherit;\"><span dir=\"auto\" style=\"vertical-align: inherit;\">Formula<\/span><\/span><\/strong><span dir=\"auto\" style=\"vertical-align: inherit;\"><span dir=\"auto\" style=\"vertical-align: inherit;\"> : <\/span><\/span><span title=\"Ogljik\"><span dir=\"auto\" style=\"vertical-align: inherit;\"><span dir=\"auto\" style=\"vertical-align: inherit;\">C <\/span><\/span><\/span><sub><span dir=\"auto\" style=\"vertical-align: inherit;\"><span dir=\"auto\" style=\"vertical-align: inherit;\">16 <\/span><\/span><\/sub><span title=\"Vodik\"><span dir=\"auto\" style=\"vertical-align: inherit;\"><span dir=\"auto\" style=\"vertical-align: inherit;\">H <\/span><\/span><\/span><sub><span dir=\"auto\" style=\"vertical-align: inherit;\"><span dir=\"auto\" style=\"vertical-align: inherit;\">23 <\/span><\/span><\/sub><span title=\"Du\u0161ik\"><span dir=\"auto\" style=\"vertical-align: inherit;\"><span dir=\"auto\" style=\"vertical-align: inherit;\">S <\/span><\/span><\/span><span title=\"Kisik\"><span dir=\"auto\" style=\"vertical-align: inherit;\"><span dir=\"auto\" style=\"vertical-align: inherit;\">O <\/span><\/span><\/span><sub><span dir=\"auto\" style=\"vertical-align: inherit;\"><span dir=\"auto\" style=\"vertical-align: inherit;\">2 <\/span><\/span><\/sub><br \/>\n<strong><span dir=\"auto\" style=\"vertical-align: inherit;\"><span dir=\"auto\" style=\"vertical-align: inherit;\">Molska masa<\/span><\/span><\/strong><span dir=\"auto\" style=\"vertical-align: inherit;\"><span dir=\"auto\" style=\"vertical-align: inherit;\"> : <\/span><\/span><span class=\"nowrap\"><span dir=\"auto\" style=\"vertical-align: inherit;\"><span dir=\"auto\" style=\"vertical-align: inherit;\">261.365<\/span><\/span><\/span><span dir=\"auto\" style=\"vertical-align: inherit;\"><span dir=\"auto\" style=\"vertical-align: inherit;\"> \u00a0g mol <\/span><\/span><sup><span dir=\"auto\" style=\"vertical-align: inherit;\"><span dir=\"auto\" style=\"vertical-align: inherit;\">-1 <\/span><\/span><\/sup><br \/>\n<strong><span dir=\"auto\" style=\"vertical-align: inherit;\"><span dir=\"auto\" style=\"vertical-align: inherit;\">\u010cistost<\/span><\/span><\/strong><span dir=\"auto\" style=\"vertical-align: inherit;\"><span dir=\"auto\" style=\"vertical-align: inherit;\"> : &gt;99%<\/span><\/span><\/p>","protected":false},"featured_media":29357,"comment_status":"closed","ping_status":"closed","template":"","meta":[],"product_brand":[82],"product_cat":[461,336,398],"product_tag":[596,928,595,326],"class_list":{"0":"post-24393","1":"product","2":"type-product","3":"status-publish","4":"has-post-thumbnail","6":"product_brand-research-chemical","7":"product_cat-ipph","8":"product_cat-overig","9":"product_cat-verkoop","10":"product_tag-ipph","11":"product_tag-ipph-kopen","12":"product_tag-isopropylphenidate","13":"product_tag-nl","15":"first","16":"instock","17":"sale","18":"taxable","19":"shipping-taxable","20":"purchasable","21":"product-type-variable"},"_links":{"self":[{"href":"https:\/\/onderzoekschemicals.com\/sl\/wp-json\/wp\/v2\/product\/24393","targetHints":{"allow":["GET"]}}],"collection":[{"href":"https:\/\/onderzoekschemicals.com\/sl\/wp-json\/wp\/v2\/product"}],"about":[{"href":"https:\/\/onderzoekschemicals.com\/sl\/wp-json\/wp\/v2\/types\/product"}],"replies":[{"embeddable":true,"href":"https:\/\/onderzoekschemicals.com\/sl\/wp-json\/wp\/v2\/comments?post=24393"}],"version-history":[{"count":6,"href":"https:\/\/onderzoekschemicals.com\/sl\/wp-json\/wp\/v2\/product\/24393\/revisions"}],"predecessor-version":[{"id":28684,"href":"https:\/\/onderzoekschemicals.com\/sl\/wp-json\/wp\/v2\/product\/24393\/revisions\/28684"}],"wp:featuredmedia":[{"embeddable":true,"href":"https:\/\/onderzoekschemicals.com\/sl\/wp-json\/wp\/v2\/media\/29357"}],"wp:attachment":[{"href":"https:\/\/onderzoekschemicals.com\/sl\/wp-json\/wp\/v2\/media?parent=24393"}],"wp:term":[{"taxonomy":"product_brand","embeddable":true,"href":"https:\/\/onderzoekschemicals.com\/sl\/wp-json\/wp\/v2\/product_brand?post=24393"},{"taxonomy":"product_cat","embeddable":true,"href":"https:\/\/onderzoekschemicals.com\/sl\/wp-json\/wp\/v2\/product_cat?post=24393"},{"taxonomy":"product_tag","embeddable":true,"href":"https:\/\/onderzoekschemicals.com\/sl\/wp-json\/wp\/v2\/product_tag?post=24393"}],"curies":[{"name":"delovni list","href":"https:\/\/api.w.org\/{rel}","templated":true}]}}