{"id":24271,"date":"2025-04-13T17:41:22","date_gmt":"2025-04-13T17:41:22","guid":{"rendered":"https:\/\/onderzoekschemicals.com\/?post_type=product&#038;p=24271"},"modified":"2025-11-28T06:53:32","modified_gmt":"2025-11-28T06:53:32","slug":"bromonordiazepam-25-mg-pelete","status":"publish","type":"product","link":"https:\/\/onderzoekschemicals.com\/sl\/trgovina\/benzodiazepini\/bromonordiazepam-25-mg-pelete\/","title":{"rendered":"Bromonordiazepam 2,5 mg pelete"},"content":{"rendered":"<h3 data-start=\"3959\" data-end=\"3980\"><strong data-start=\"3963\" data-end=\"3978\">Uvod<\/strong><\/h3>\n<p data-start=\"3981\" data-end=\"4362\"><strong data-start=\"3981\" data-end=\"4015\">Bromonordiazepam 2,5 mg pelete<\/strong> vsebujejo <strong data-start=\"4025\" data-end=\"4059\">2,5 miligrama bromonordiazepama<\/strong>, An <strong data-start=\"4065\" data-end=\"4106\">dolgodelujo\u010da benzodiazepinska spojina<\/strong> ki je strukturno povezan z <strong data-start=\"4138\" data-end=\"4153\">Nordiazepam<\/strong> in <strong data-start=\"4157\" data-end=\"4169\">Diazepam<\/strong>bromonordiazepam<br data-start=\"4170\" data-end=\"4173\" \/>Uporablja se v <strong data-start=\"4195\" data-end=\"4233\">forenzi\u010dne in analiti\u010dne raziskave<\/strong> Neprijetno <strong data-start=\"4239\" data-end=\"4265\">Vezava na receptor GABA-A<\/strong>, <strong data-start=\"4267\" data-end=\"4282\">metabolizem<\/strong> in <strong data-start=\"4286\" data-end=\"4328\">razmerja med strukturo in aktivnostjo (SAR)<\/strong> znotraj razreda benzodiazepinov.<\/p>\n<p data-start=\"4364\" data-end=\"4583\">Vsaka peleta je <strong data-start=\"4379\" data-end=\"4407\">laboratorijsko formulirano<\/strong> in preizku\u0161eno na <strong data-start=\"4425\" data-end=\"4449\">\u010distost \u2265 98%<\/strong> prek <strong data-start=\"4454\" data-end=\"4469\">HPLC in NMR<\/strong>.<br data-start=\"4470\" data-end=\"4473\" \/>The <strong data-start=\"4476\" data-end=\"4517\">standardizirani odmerek 2,5 mg<\/strong> zagotavlja ponovljive in zanesljive rezultate raziskav.<\/p>\n<blockquote data-start=\"4585\" data-end=\"4736\">\n<p data-start=\"4587\" data-end=\"4736\">\u26a0\ufe0f <strong data-start=\"4590\" data-end=\"4601\">Opomba:<\/strong> Bromonordiazepam je namenjen samo za <strong data-start=\"4647\" data-end=\"4682\">raziskovalna in analiti\u010dna uporaba<\/strong> \u2014 <strong data-start=\"4685\" data-end=\"4734\">ni za prehrano ljudi ali \u017eivali.<\/strong><\/p>\n<\/blockquote>\n<hr data-start=\"4738\" data-end=\"4741\" \/>\n<h3 data-start=\"4743\" data-end=\"4774\"><strong data-start=\"4747\" data-end=\"4774\">Klju\u010dne lastnosti<\/strong><\/h3>\n<div class=\"_tableContainer_1rjym_1\">\n<div class=\"group _tableWrapper_1rjym_13 flex w-fit flex-col-reverse\" tabindex=\"-1\">\n<table class=\"w-fit min-w-(--thread-content-width)\" data-start=\"4776\" data-end=\"5322\">\n<thead data-start=\"4776\" data-end=\"4802\">\n<tr data-start=\"4776\" data-end=\"4802\">\n<th data-start=\"4776\" data-end=\"4786\" data-col-size=\"sm\">Funkcija<\/th>\n<th data-start=\"4786\" data-end=\"4802\" data-col-size=\"md\">Opis<\/th>\n<\/tr>\n<\/thead>\n<tbody data-start=\"4831\" data-end=\"5322\">\n<tr data-start=\"4831\" data-end=\"4872\">\n<td data-start=\"4831\" data-end=\"4852\" data-col-size=\"sm\"><strong data-start=\"4833\" data-end=\"4851\">Kemijsko ime<\/strong><\/td>\n<td data-start=\"4852\" data-end=\"4872\" data-col-size=\"md\">Bromonordiazepam<\/td>\n<\/tr>\n<tr data-start=\"4873\" data-end=\"4914\">\n<td data-start=\"4873\" data-end=\"4897\" data-col-size=\"sm\"><strong data-start=\"4875\" data-end=\"4896\">Kemijska formula<\/strong><\/td>\n<td data-start=\"4897\" data-end=\"4914\" data-col-size=\"md\">C\u2081\u2085H\u2081\u2080BrClN\u2082O<\/td>\n<\/tr>\n<tr data-start=\"4915\" data-end=\"4953\">\n<td data-start=\"4915\" data-end=\"4937\" data-col-size=\"sm\"><strong data-start=\"4917\" data-end=\"4936\">Molekulska te\u017ea<\/strong><\/td>\n<td data-start=\"4937\" data-end=\"4953\" data-col-size=\"md\">365,61 g\/mol<\/td>\n<\/tr>\n<tr data-start=\"4954\" data-end=\"4989\">\n<td data-start=\"4954\" data-end=\"4969\" data-col-size=\"sm\"><strong data-start=\"4956\" data-end=\"4968\">Odmerjanje<\/strong><\/td>\n<td data-start=\"4969\" data-end=\"4989\" data-col-size=\"md\">2,5 mg na peleto<\/td>\n<\/tr>\n<tr data-start=\"4990\" data-end=\"5037\">\n<td data-start=\"4990\" data-end=\"5001\" data-col-size=\"sm\"><strong data-start=\"4992\" data-end=\"5000\">Obrazec<\/strong><\/td>\n<td data-start=\"5001\" data-end=\"5037\" data-col-size=\"md\">Trdna peleta (pretisni omot)<\/td>\n<\/tr>\n<tr data-start=\"5038\" data-end=\"5089\">\n<td data-start=\"5038\" data-end=\"5055\" data-col-size=\"sm\"><strong data-start=\"5040\" data-end=\"5054\">\u010cistost<\/strong><\/td>\n<td data-start=\"5055\" data-end=\"5089\" data-col-size=\"md\">\u2265 98% (testirano s HPLC in NMR)<\/td>\n<\/tr>\n<tr data-start=\"5090\" data-end=\"5140\">\n<td data-start=\"5090\" data-end=\"5113\" data-col-size=\"sm\"><strong data-start=\"5092\" data-end=\"5112\">Kemijski razred<\/strong><\/td>\n<td data-start=\"5113\" data-end=\"5140\" data-col-size=\"md\">Derivati benzodiazepina<\/td>\n<\/tr>\n<tr data-start=\"5141\" data-end=\"5221\">\n<td data-start=\"5141\" data-end=\"5155\" data-col-size=\"sm\"><strong data-start=\"5143\" data-end=\"5154\">Uporaba<\/strong><\/td>\n<td data-start=\"5155\" data-end=\"5221\" data-col-size=\"md\">Samo za analiti\u010dne, forenzi\u010dne in farmakolo\u0161ke raziskave<\/td>\n<\/tr>\n<tr data-start=\"5222\" data-end=\"5271\">\n<td data-start=\"5222\" data-end=\"5239\" data-col-size=\"sm\"><strong data-start=\"5224\" data-end=\"5238\">Embala\u017ea<\/strong><\/td>\n<td data-start=\"5239\" data-end=\"5271\" data-col-size=\"md\">Pretisni omot z za\u0161\u010ditnim pe\u010datom<\/td>\n<\/tr>\n<tr data-start=\"5272\" data-end=\"5322\">\n<td data-start=\"5272\" data-end=\"5290\" data-col-size=\"sm\"><strong data-start=\"5274\" data-end=\"5289\">Koli\u010dina<\/strong><\/td>\n<td data-start=\"5290\" data-end=\"5322\" data-col-size=\"md\">Ve\u010d peletov na pretisni omot<\/td>\n<\/tr>\n<\/tbody>\n<\/table>\n<\/div>\n<\/div>\n<hr data-start=\"5324\" data-end=\"5327\" \/>\n<h3 data-start=\"5329\" data-end=\"5346\"><strong data-start=\"5333\" data-end=\"5346\">Prednosti<\/strong><\/h3>\n<ul data-start=\"5348\" data-end=\"5732\">\n<li data-start=\"5348\" data-end=\"5432\">\n<p data-start=\"5350\" data-end=\"5432\"><strong data-start=\"5350\" data-end=\"5377\">Visoka \u010distost (\u2265 98%)<\/strong> \u2013 Laboratorijska kakovost za zanesljive rezultate. bromonordiazepam<\/p>\n<\/li>\n<li data-start=\"5433\" data-end=\"5515\">\n<p data-start=\"5435\" data-end=\"5515\"><strong data-start=\"5435\" data-end=\"5474\">Standardizirani odmerek (2,5 mg)<\/strong> \u2013 Zagotavlja ponovljive meritve.<\/p>\n<\/li>\n<li data-start=\"5516\" data-end=\"5583\">\n<p data-start=\"5518\" data-end=\"5583\"><strong data-start=\"5518\" data-end=\"5541\">Stabilna trdna oblika<\/strong> \u2013 Enostavno za rokovanje in shranjevanje.<\/p>\n<\/li>\n<li data-start=\"5584\" data-end=\"5664\">\n<p data-start=\"5586\" data-end=\"5664\"><strong data-start=\"5586\" data-end=\"5616\">\u0160iroko uporabno za raziskave<\/strong> \u2013 Primerno za GC\/MS, LC-MS in HPLC analize.<\/p>\n<\/li>\n<li data-start=\"5665\" data-end=\"5732\">\n<p data-start=\"5667\" data-end=\"5732\"><strong data-start=\"5667\" data-end=\"5692\">Sledljiva kakovost<\/strong> \u2013 Vsaka serija je preizku\u0161ena in registrirana.<\/p>\n<\/li>\n<\/ul>\n<hr data-start=\"5734\" data-end=\"5737\" \/>\n<h3 data-start=\"5739\" data-end=\"5791\"><strong data-start=\"5743\" data-end=\"5789\">Uporaba (samo za raziskovalne namene)<\/strong><\/h3>\n<ol data-start=\"5793\" data-end=\"6126\">\n<li data-start=\"5793\" data-end=\"5862\">\n<p data-start=\"5796\" data-end=\"5862\"><strong data-start=\"5796\" data-end=\"5811\">Ravnanje:<\/strong> Nosite rokavice, za\u0161\u010ditna o\u010dala in laboratorijski pla\u0161\u010d.<\/p>\n<\/li>\n<li data-start=\"5863\" data-end=\"5937\">\n<p data-start=\"5866\" data-end=\"5937\"><strong data-start=\"5866\" data-end=\"5879\">Meritve:<\/strong> Vsaka peleta vsebuje 2,5 mg \u00b1 0,1 mg; zabele\u017eite podatke o seriji.<\/p>\n<\/li>\n<li data-start=\"5938\" data-end=\"5992\">\n<p data-start=\"5941\" data-end=\"5992\"><strong data-start=\"5941\" data-end=\"5952\">Shranjevanje:<\/strong> Hranite v hladnem (2\u20138 \u00b0C), suhem in temnem prostoru.<\/p>\n<\/li>\n<li data-start=\"5993\" data-end=\"6061\">\n<p data-start=\"5996\" data-end=\"6061\"><strong data-start=\"5996\" data-end=\"6008\">Analiza:<\/strong> Primerno za kromatografijo in raziskave receptorjev.<\/p>\n<\/li>\n<li data-start=\"6062\" data-end=\"6126\">\n<p data-start=\"6065\" data-end=\"6126\"><strong data-start=\"6065\" data-end=\"6082\">Dokumentacija:<\/strong> Zapi\u0161ite rezultate in metode analize.<\/p>\n<\/li>\n<\/ol>\n<hr data-start=\"6128\" data-end=\"6131\" \/>\n<h3 data-start=\"6133\" data-end=\"6168\"><strong data-start=\"6137\" data-end=\"6166\">Pogosto zastavljena vpra\u0161anja (FAQ)<\/strong><\/h3>\n<p data-start=\"6170\" data-end=\"6308\"><strong data-start=\"6170\" data-end=\"6201\">1. Kaj je bromonordiazepam?<\/strong><br data-start=\"6201\" data-end=\"6204\" \/>A <strong data-start=\"6208\" data-end=\"6234\">analog benzodiazepina<\/strong> uporablja se za raziskave interakcij in metabolizma receptorjev GABA-A.<\/p>\n<p data-start=\"6310\" data-end=\"6439\"><strong data-start=\"6310\" data-end=\"6343\">2. Kako \u010dist je izdelek?<\/strong><br data-start=\"6343\" data-end=\"6346\" \/>Vsaka peleta vsebuje <strong data-start=\"6364\" data-end=\"6409\">2,5 mg bromonordiazepama (\u010distost \u2265 98%)<\/strong>, potrjeno s HPLC in NMR.<\/p>\n<p data-start=\"6441\" data-end=\"6630\"><strong data-start=\"6441\" data-end=\"6491\">3. Ali je zakonito kupiti bromonordiazepam?<\/strong><br data-start=\"6491\" data-end=\"6494\" \/>The <strong data-start=\"6497\" data-end=\"6532\">zakonitost bromonordiazepama<\/strong> razlikuje se glede na dr\u017eavo. Pred uporabo vedno preverite lokalne predpise. <strong data-start=\"6601\" data-end=\"6627\">Kupite bromonordiazepam<\/strong>. <a href=\"https:\/\/onderzoekschemicals.com\/sl\/trgovina\/okategoriserad\/kupi-4mmc\/\">kupi 4mmc<\/a><\/p>","protected":false},"excerpt":{"rendered":"<p>Uvod Pelete bromonordiazepama 2,5 mg vsebujejo 2,5 miligrama bromonordiazepama, dolgodelujo\u010de benzodiazepinske spojine, ki je strukturno sorodna nordiazepamu in diazepamu. bromonordiazepam<\/p>","protected":false},"featured_media":29442,"comment_status":"closed","ping_status":"closed","template":"","meta":[],"product_brand":[],"product_cat":[76,385,390,324],"product_tag":[185,326],"class_list":{"0":"post-24271","1":"product","2":"type-product","3":"status-publish","4":"has-post-thumbnail","6":"product_cat-benzodiazepinen","7":"product_cat-bromonordiazepam","8":"product_cat-bromonordiazepam-pellets","9":"product_cat-pellets-for-pellet","10":"product_tag-bromonordiazepam","11":"product_tag-nl","13":"first","14":"instock","15":"taxable","16":"shipping-taxable","17":"purchasable","18":"product-type-variable"},"_links":{"self":[{"href":"https:\/\/onderzoekschemicals.com\/sl\/wp-json\/wp\/v2\/product\/24271","targetHints":{"allow":["GET"]}}],"collection":[{"href":"https:\/\/onderzoekschemicals.com\/sl\/wp-json\/wp\/v2\/product"}],"about":[{"href":"https:\/\/onderzoekschemicals.com\/sl\/wp-json\/wp\/v2\/types\/product"}],"replies":[{"embeddable":true,"href":"https:\/\/onderzoekschemicals.com\/sl\/wp-json\/wp\/v2\/comments?post=24271"}],"version-history":[{"count":4,"href":"https:\/\/onderzoekschemicals.com\/sl\/wp-json\/wp\/v2\/product\/24271\/revisions"}],"predecessor-version":[{"id":27816,"href":"https:\/\/onderzoekschemicals.com\/sl\/wp-json\/wp\/v2\/product\/24271\/revisions\/27816"}],"wp:featuredmedia":[{"embeddable":true,"href":"https:\/\/onderzoekschemicals.com\/sl\/wp-json\/wp\/v2\/media\/29442"}],"wp:attachment":[{"href":"https:\/\/onderzoekschemicals.com\/sl\/wp-json\/wp\/v2\/media?parent=24271"}],"wp:term":[{"taxonomy":"product_brand","embeddable":true,"href":"https:\/\/onderzoekschemicals.com\/sl\/wp-json\/wp\/v2\/product_brand?post=24271"},{"taxonomy":"product_cat","embeddable":true,"href":"https:\/\/onderzoekschemicals.com\/sl\/wp-json\/wp\/v2\/product_cat?post=24271"},{"taxonomy":"product_tag","embeddable":true,"href":"https:\/\/onderzoekschemicals.com\/sl\/wp-json\/wp\/v2\/product_tag?post=24271"}],"curies":[{"name":"delovni list","href":"https:\/\/api.w.org\/{rel}","templated":true}]}}