{"id":24235,"date":"2025-04-13T17:41:18","date_gmt":"2025-04-13T17:41:18","guid":{"rendered":"https:\/\/onderzoekschemicals.com\/?post_type=product&#038;p=24235"},"modified":"2025-11-28T06:54:53","modified_gmt":"2025-11-28T06:54:53","slug":"n-methyl-cyclazodone","status":"publish","type":"product","link":"https:\/\/onderzoekschemicals.com\/sl\/shop\/n-methyl-cyclazodone\/n-methyl-cyclazodone\/","title":{"rendered":"N-metil-ciklazodon"},"content":{"rendered":"<h2 data-start=\"3787\" data-end=\"3813\"><strong data-start=\"3790\" data-end=\"3813\">Opis izdelka<\/strong><\/h2>\n<p data-start=\"3815\" data-end=\"4152\"><strong data-start=\"3815\" data-end=\"3839\">N-metil-ciklazodon<\/strong> je <strong data-start=\"3847\" data-end=\"3878\">sinteti\u010dna raziskovalna snov<\/strong>, povezano z <strong data-start=\"3892\" data-end=\"3907\">Ciklazodon<\/strong>, in spada v razred <strong data-start=\"3938\" data-end=\"3966\">nootropni stimulansi<\/strong>.<br data-start=\"3967\" data-end=\"3970\" \/>Uporablja se za <strong data-start=\"3994\" data-end=\"4036\">analiti\u010dne in farmakolo\u0161ke raziskave<\/strong> do <strong data-start=\"4040\" data-end=\"4094\">strukturne in receptorsko povezane lastnosti<\/strong> preu\u010devati v nadzorovanih laboratorijskih okoljih. n metil ciklazodon<\/p>\n<p data-start=\"4154\" data-end=\"4292\">Izdelek je dostavljen v <strong data-start=\"4184\" data-end=\"4210\">analitska \u010distost<\/strong>, primerno za <strong data-start=\"4226\" data-end=\"4291\">znanstvene, toksikolo\u0161ke in forenzi\u010dne aplikacije<\/strong>.<\/p>\n<p data-start=\"4294\" data-end=\"4441\">\u26a0\ufe0f <strong data-start=\"4297\" data-end=\"4308\">Opomba:<\/strong> <em data-start=\"4309\" data-end=\"4331\">N-metil-ciklazodon<\/em> je <strong data-start=\"4335\" data-end=\"4384\">namenjeno samo za raziskovalne namene<\/strong> in <strong data-start=\"4388\" data-end=\"4440\">ni primerno za uporabo pri ljudeh ali \u017eivalih<\/strong>.<\/p>\n<hr data-start=\"4443\" data-end=\"4446\" \/>\n<h2 data-start=\"4448\" data-end=\"4478\"><strong data-start=\"4451\" data-end=\"4478\">Klju\u010dne lastnosti<\/strong><\/h2>\n<ul data-start=\"4480\" data-end=\"4868\">\n<li data-start=\"4480\" data-end=\"4554\">\n<p data-start=\"4482\" data-end=\"4554\"><strong data-start=\"4482\" data-end=\"4501\">Visoka \u010distost<\/strong> \u2013 primerno za napredne laboratorijske raziskave.<\/p>\n<\/li>\n<li data-start=\"4555\" data-end=\"4633\">\n<p data-start=\"4557\" data-end=\"4633\"><strong data-start=\"4557\" data-end=\"4583\">Stabilno in zanesljivo<\/strong> \u2013 odporen proti razgradnji pri pravilnem skladi\u0161\u010denju.<\/p>\n<\/li>\n<li data-start=\"4634\" data-end=\"4706\">\n<p data-start=\"4636\" data-end=\"4706\"><strong data-start=\"4636\" data-end=\"4655\">Preizku\u0161eno natan\u010dnost<\/strong> \u2013 primerno za spektroskopijo in kromatografijo.<\/p>\n<\/li>\n<li data-start=\"4707\" data-end=\"4786\">\n<p data-start=\"4709\" data-end=\"4786\"><strong data-start=\"4709\" data-end=\"4731\">Varna embala\u017ea<\/strong> \u2013 nepredu\u0161no in zape\u010dateno za maksimalno celovitost.<\/p>\n<\/li>\n<li data-start=\"4787\" data-end=\"4868\">\n<p data-start=\"4789\" data-end=\"4868\"><strong data-start=\"4789\" data-end=\"4815\">V skladu s predpisi EU<\/strong> \u2013 izdelano v skladu z evropskimi varnostnimi standardi.<\/p>\n<\/li>\n<\/ul>\n<hr data-start=\"4870\" data-end=\"4873\" \/>\n<h2 data-start=\"4875\" data-end=\"4909\"><strong data-start=\"4878\" data-end=\"4909\">Koristi za raziskovalce<\/strong><\/h2>\n<ul data-start=\"4911\" data-end=\"5179\">\n<li data-start=\"4911\" data-end=\"4987\">\n<p data-start=\"4913\" data-end=\"4987\">Podpora <strong data-start=\"4925\" data-end=\"4967\">analiti\u010dne in farmakolo\u0161ke raziskave<\/strong> na stimulanse.<\/p>\n<\/li>\n<li data-start=\"4988\" data-end=\"5046\">\n<p data-start=\"4990\" data-end=\"5046\">Primerno za <strong data-start=\"5004\" data-end=\"5043\">toksikolo\u0161ke in referen\u010dne \u0161tudije<\/strong>.<\/p>\n<\/li>\n<li data-start=\"5047\" data-end=\"5112\">\n<p data-start=\"5049\" data-end=\"5112\">Pomaga pri <strong data-start=\"5059\" data-end=\"5109\">razvoj metod in kemijska identifikacija<\/strong>n-metil ciklazodon<\/p>\n<\/li>\n<li data-start=\"5113\" data-end=\"5179\">\n<p data-start=\"5115\" data-end=\"5179\">Ponudbe <strong data-start=\"5121\" data-end=\"5176\">zanesljivi in ponovljivi rezultati raziskav<\/strong>.<\/p>\n<\/li>\n<\/ul>\n<hr data-start=\"5181\" data-end=\"5184\" \/>\n<h2 data-start=\"5186\" data-end=\"5220\"><strong data-start=\"5189\" data-end=\"5220\">Uporaba (raziskovalni kontekst)<\/strong><\/h2>\n<ol data-start=\"5222\" data-end=\"5427\">\n<li data-start=\"5222\" data-end=\"5267\">\n<p data-start=\"5225\" data-end=\"5267\">Uporabljajte samo v akreditiranih laboratorijih.<\/p>\n<\/li>\n<li data-start=\"5268\" data-end=\"5328\">\n<p data-start=\"5271\" data-end=\"5328\">Nosite rokavice, za\u0161\u010ditna o\u010dala in laboratorijski pla\u0161\u010d.<\/p>\n<\/li>\n<li data-start=\"5329\" data-end=\"5376\">\n<p data-start=\"5332\" data-end=\"5376\">Hranite na hladnem, suhem in temnem mestu (pod 25 \u00b0C).<\/p>\n<\/li>\n<li data-start=\"5377\" data-end=\"5427\">\n<p data-start=\"5380\" data-end=\"5427\">Ostanke odstranite v skladu z lokalnimi okoljskimi predpisi.<\/p>\n<\/li>\n<\/ol>\n<blockquote data-start=\"5429\" data-end=\"5519\">\n<p data-start=\"5431\" data-end=\"5519\"><strong data-start=\"5431\" data-end=\"5442\">Opomba:<\/strong> <em data-start=\"5443\" data-end=\"5465\">N-metil-ciklazodon<\/em> je <strong data-start=\"5469\" data-end=\"5518\">namenjeno samo za raziskovalne namene<\/strong>.<\/p>\n<\/blockquote>\n<hr data-start=\"5521\" data-end=\"5524\" \/>\n<h2 data-start=\"5526\" data-end=\"5560\"><strong data-start=\"5529\" data-end=\"5560\">Pogosto zastavljena vpra\u0161anja (FAQs)<\/strong><\/h2>\n<p data-start=\"5562\" data-end=\"5731\"><strong data-start=\"5562\" data-end=\"5614\">1. Za kaj se uporablja N-metil-ciklazodon?<\/strong><br data-start=\"5614\" data-end=\"5617\" \/>Ta tkanina se uporablja za <strong data-start=\"5647\" data-end=\"5689\">analiti\u010dne in farmakolo\u0161ke raziskave<\/strong> na stimulanse in strukturne analoge.<\/p>\n<p data-start=\"5733\" data-end=\"5865\"><strong data-start=\"5733\" data-end=\"5794\">2. Ali je N-metil-ciklazodon varen za uporabo pri ljudeh?<\/strong><br data-start=\"5794\" data-end=\"5797\" \/>Ne, ta izdelek je <strong data-start=\"5817\" data-end=\"5864\">ni odobreno za prehrano ljudi<\/strong>.<\/p>\n<p data-start=\"5867\" data-end=\"6029\"><strong data-start=\"5867\" data-end=\"5909\">3. Kdo lahko kupi N-metil-ciklazodon?<\/strong><br data-start=\"5909\" data-end=\"5912\" \/>Samo <strong data-start=\"5919\" data-end=\"5968\">akreditirani laboratoriji in raziskovalne ustanove<\/strong> lahko to snov kupi za znanstvene raziskave.<\/p>","protected":false},"excerpt":{"rendered":"<h2>N-metil-ciklazodon<\/h2>\n<p>N-metil-ciklazodon hidroklorid je snov, ki jo prodajamo le za raziskovalne namene in zato ni namenjena za u\u017eivanje.<\/p>","protected":false},"featured_media":29385,"comment_status":"closed","ping_status":"closed","template":"","meta":[],"product_brand":[82],"product_cat":[478,336],"product_tag":[872,873,326],"class_list":{"0":"post-24235","1":"product","2":"type-product","3":"status-publish","4":"has-post-thumbnail","6":"product_brand-research-chemical","7":"product_cat-n-methyl-cyclazodone","8":"product_cat-overig","9":"product_tag-n-methyl-cyclazodone","10":"product_tag-n-methyl-cyclazodone-buy","11":"product_tag-nl","13":"first","14":"instock","15":"taxable","16":"shipping-taxable","17":"purchasable","18":"product-type-variable"},"_links":{"self":[{"href":"https:\/\/onderzoekschemicals.com\/sl\/wp-json\/wp\/v2\/product\/24235","targetHints":{"allow":["GET"]}}],"collection":[{"href":"https:\/\/onderzoekschemicals.com\/sl\/wp-json\/wp\/v2\/product"}],"about":[{"href":"https:\/\/onderzoekschemicals.com\/sl\/wp-json\/wp\/v2\/types\/product"}],"replies":[{"embeddable":true,"href":"https:\/\/onderzoekschemicals.com\/sl\/wp-json\/wp\/v2\/comments?post=24235"}],"version-history":[{"count":6,"href":"https:\/\/onderzoekschemicals.com\/sl\/wp-json\/wp\/v2\/product\/24235\/revisions"}],"predecessor-version":[{"id":27823,"href":"https:\/\/onderzoekschemicals.com\/sl\/wp-json\/wp\/v2\/product\/24235\/revisions\/27823"}],"wp:featuredmedia":[{"embeddable":true,"href":"https:\/\/onderzoekschemicals.com\/sl\/wp-json\/wp\/v2\/media\/29385"}],"wp:attachment":[{"href":"https:\/\/onderzoekschemicals.com\/sl\/wp-json\/wp\/v2\/media?parent=24235"}],"wp:term":[{"taxonomy":"product_brand","embeddable":true,"href":"https:\/\/onderzoekschemicals.com\/sl\/wp-json\/wp\/v2\/product_brand?post=24235"},{"taxonomy":"product_cat","embeddable":true,"href":"https:\/\/onderzoekschemicals.com\/sl\/wp-json\/wp\/v2\/product_cat?post=24235"},{"taxonomy":"product_tag","embeddable":true,"href":"https:\/\/onderzoekschemicals.com\/sl\/wp-json\/wp\/v2\/product_tag?post=24235"}],"curies":[{"name":"delovni list","href":"https:\/\/api.w.org\/{rel}","templated":true}]}}