{"id":24192,"date":"2025-04-13T17:41:13","date_gmt":"2025-04-13T17:41:13","guid":{"rendered":"https:\/\/onderzoekschemicals.com\/?post_type=product&#038;p=24192"},"modified":"2025-10-12T20:43:01","modified_gmt":"2025-10-12T20:43:01","slug":"3-fpm-kopen","status":"publish","type":"product","link":"https:\/\/onderzoekschemicals.com\/sl\/shop\/b2b\/3-fpm-kopen\/","title":{"rendered":"RC+ Fluor 3-FPM 50 mg \u0161katla"},"content":{"rendered":"<h3 data-start=\"4920\" data-end=\"4939\"><strong data-start=\"4924\" data-end=\"4939\">Uvod<\/strong><\/h3>\n<p data-start=\"4940\" data-end=\"5222\">The <strong data-start=\"4943\" data-end=\"4971\">RC+ Fluor 3-FPM 50 mg \u0161katla<\/strong> je <strong data-start=\"4979\" data-end=\"5009\">visoko \u010dista raziskovalna snov<\/strong> iz <strong data-start=\"5017\" data-end=\"5054\">fenetilamin in razred stimulansov<\/strong>Kemi\u010dno znano kot <strong data-start=\"5076\" data-end=\"5099\">3-fluorofenmetrazin<\/strong>, je to <strong data-start=\"5112\" data-end=\"5153\">fluorirana varianta fenmetrazina<\/strong>, razvit za <strong data-start=\"5171\" data-end=\"5219\">nevrokemi\u010dne in psihostimulativne raziskave<\/strong>Nakup 3 fpm<\/p>\n<p data-start=\"5224\" data-end=\"5556\">Zaradi strukture, u\u010dinek na <strong data-start=\"5263\" data-end=\"5302\">ponovni privzem dopamina in noradrenalina<\/strong> so obse\u017eno preu\u010devani. Zaradi tega je dragocen material za <strong data-start=\"5375\" data-end=\"5449\">vedenjska nevroznanost, farmakolo\u0161ke raziskave in analiti\u010dna kemija<\/strong>Vsaka 50 mg tableta je skrbno izdelana za maksimalno <strong data-start=\"5509\" data-end=\"5555\">natan\u010dnost, \u010distost in doslednost<\/strong>.<\/p>\n<hr data-start=\"5558\" data-end=\"5561\" \/>\n<h3 data-start=\"5563\" data-end=\"5594\"><strong data-start=\"5567\" data-end=\"5594\">Klju\u010dne lastnosti<\/strong><\/h3>\n<ul data-start=\"5595\" data-end=\"6109\">\n<li data-start=\"5595\" data-end=\"5680\">\n<p data-start=\"5597\" data-end=\"5680\"><strong data-start=\"5597\" data-end=\"5623\">Analitska kakovost:<\/strong> Vsebuje <strong data-start=\"5630\" data-end=\"5666\">50 mg 3-fluorofenmetrazina (3-FPM)<\/strong> na tableto.<\/p>\n<\/li>\n<li data-start=\"5681\" data-end=\"5763\">\n<p data-start=\"5683\" data-end=\"5763\"><strong data-start=\"5683\" data-end=\"5708\">\u010cistost raziskav:<\/strong> Preizku\u0161eno na <strong data-start=\"5719\" data-end=\"5760\">kemi\u010dna konsistenca in stabilnost<\/strong>.<\/p>\n<\/li>\n<li data-start=\"5764\" data-end=\"5889\">\n<p data-start=\"5766\" data-end=\"5889\"><strong data-start=\"5766\" data-end=\"5799\">Profesionalna RC+ embala\u017ea:<\/strong> Dostavljeno v <strong data-start=\"5812\" data-end=\"5849\">vlagoodporne, zaprte \u0161katle<\/strong> z jasnimi laboratorijskimi oznakami.<\/p>\n<\/li>\n<li data-start=\"5890\" data-end=\"5982\">\n<p data-start=\"5892\" data-end=\"5982\"><strong data-start=\"5892\" data-end=\"5924\">Sledljive informacije o seriji:<\/strong> Vsaka serija vsebuje <strong data-start=\"5942\" data-end=\"5979\">\u0161tevilke serij in potrdila o analizi<\/strong>.<\/p>\n<\/li>\n<li data-start=\"5983\" data-end=\"6109\">\n<p data-start=\"5985\" data-end=\"6109\"><strong data-start=\"5985\" data-end=\"6021\">Zanesljiva ponovljivost:<\/strong> Zasnovano za <strong data-start=\"6037\" data-end=\"6061\">dosledni rezultati<\/strong> v nadzorovanih laboratorijskih pogojih.<\/p>\n<\/li>\n<\/ul>\n<hr data-start=\"6111\" data-end=\"6114\" \/>\n<h3 data-start=\"6116\" data-end=\"6133\"><strong data-start=\"6120\" data-end=\"6133\">Prednosti<\/strong><\/h3>\n<ul data-start=\"6134\" data-end=\"6559\">\n<li data-start=\"6134\" data-end=\"6209\">\n<p data-start=\"6136\" data-end=\"6209\">Primerno za <strong data-start=\"6150\" data-end=\"6177\">nevrokemi\u010dni pregled<\/strong> k spodbudni dejavnosti.<\/p>\n<\/li>\n<li data-start=\"6210\" data-end=\"6299\">\n<p data-start=\"6212\" data-end=\"6299\">Podpora <strong data-start=\"6224\" data-end=\"6250\">primerjalne analize<\/strong> s fenmetrazinom in podobnimi spojinami.<\/p>\n<\/li>\n<li data-start=\"6300\" data-end=\"6380\">\n<p data-start=\"6302\" data-end=\"6380\">Velja v <strong data-start=\"6316\" data-end=\"6351\">vedenjske in kognitivne raziskave<\/strong> na stimulativne mehanizme.<\/p>\n<\/li>\n<li data-start=\"6381\" data-end=\"6455\">\n<p data-start=\"6383\" data-end=\"6455\">Ponudbe <strong data-start=\"6389\" data-end=\"6431\">stabilne farmakolo\u0161ke lastnosti<\/strong> za ponovljeno testiranje.<\/p>\n<\/li>\n<li data-start=\"6456\" data-end=\"6559\">\n<p data-start=\"6458\" data-end=\"6559\">Idealno za <strong data-start=\"6470\" data-end=\"6520\">akademske, forenzi\u010dne in analiti\u010dne raziskave<\/strong> namenjeno <strong data-start=\"6532\" data-end=\"6556\">dopaminergi\u010dni sistemi<\/strong>Nakup 3 fpm<\/p>\n<\/li>\n<\/ul>\n<hr data-start=\"6561\" data-end=\"6564\" \/>\n<h3 data-start=\"6566\" data-end=\"6581\"><strong data-start=\"6570\" data-end=\"6581\">Uporaba<\/strong><\/h3>\n<p data-start=\"6582\" data-end=\"6706\">The <strong data-start=\"6585\" data-end=\"6613\">RC+ Fluor 3-FPM 50 mg \u0161katla<\/strong> je namenjen izklju\u010dno za <strong data-start=\"6642\" data-end=\"6680\">raziskovalne in analiti\u010dne aplikacije<\/strong>.<br data-start=\"6681\" data-end=\"6684\" \/>Raziskovalci bi morali:<\/p>\n<ul data-start=\"6707\" data-end=\"6979\">\n<li data-start=\"6707\" data-end=\"6784\">\n<p data-start=\"6709\" data-end=\"6784\">Nosite za\u0161\u010ditna obla\u010dila (<strong data-start=\"6741\" data-end=\"6780\">rokavice, za\u0161\u010ditna o\u010dala, laboratorijski pla\u0161\u010d<\/strong>).<\/p>\n<\/li>\n<li data-start=\"6785\" data-end=\"6857\">\n<p data-start=\"6787\" data-end=\"6857\">Shranjevati pod <strong data-start=\"6804\" data-end=\"6812\">25\u00b0C<\/strong> na <strong data-start=\"6820\" data-end=\"6854\">hladnem, suhem in temnem mestu<\/strong>.<\/p>\n<\/li>\n<li data-start=\"6858\" data-end=\"6913\">\n<p data-start=\"6860\" data-end=\"6913\">Stik z <strong data-start=\"6872\" data-end=\"6897\">svetloba, zrak in vlaga<\/strong> izogniti se.<\/p>\n<\/li>\n<li data-start=\"6914\" data-end=\"6979\">\n<p data-start=\"6916\" data-end=\"6979\"><strong data-start=\"6916\" data-end=\"6950\">Kalibrirani merilni instrumenti<\/strong> za uporabo pri analizi.<\/p>\n<\/li>\n<\/ul>\n<hr data-start=\"6981\" data-end=\"6984\" \/>\n<h3 data-start=\"6986\" data-end=\"7015\"><strong data-start=\"6990\" data-end=\"7015\">Varnostne informacije<\/strong><\/h3>\n<ul data-start=\"7016\" data-end=\"7225\">\n<li data-start=\"7016\" data-end=\"7056\">\n<p data-start=\"7018\" data-end=\"7056\">Samo za <strong data-start=\"7030\" data-end=\"7053\">laboratorijska uporaba<\/strong>.<\/p>\n<\/li>\n<li data-start=\"7057\" data-end=\"7110\">\n<p data-start=\"7059\" data-end=\"7110\"><strong data-start=\"7059\" data-end=\"7107\">Ni za prehrano ljudi ali \u017eivali<\/strong>.<\/p>\n<\/li>\n<li data-start=\"7111\" data-end=\"7167\">\n<p data-start=\"7113\" data-end=\"7167\">Vedno sledite <strong data-start=\"7128\" data-end=\"7164\">standardne varnostne smernice<\/strong>.<\/p>\n<\/li>\n<li data-start=\"7168\" data-end=\"7225\">\n<p data-start=\"7170\" data-end=\"7225\">Izven dosega <strong data-start=\"7188\" data-end=\"7215\">otroci in nepoobla\u0161\u010dene osebe<\/strong> obdr\u017eati.<\/p>\n<\/li>\n<\/ul>\n<hr data-start=\"7227\" data-end=\"7230\" \/>\n<h3 data-start=\"7232\" data-end=\"7265\"><strong data-start=\"7236\" data-end=\"7265\">Pogosto zastavljena vpra\u0161anja (FAQ)<\/strong><\/h3>\n<p data-start=\"7267\" data-end=\"7465\"><strong data-start=\"7267\" data-end=\"7323\">1. Za kaj se uporablja \u0161katla RC+ Fluor 3-FPM 50 mg?<\/strong><br data-start=\"7323\" data-end=\"7326\" \/>Uporablja se za <strong data-start=\"7350\" data-end=\"7380\">znanstvene raziskave<\/strong> o u\u010dinku stimulansov na prena\u0161alce dopamina in noradrenalina.<\/p>\n<p data-start=\"7467\" data-end=\"7660\"><strong data-start=\"7467\" data-end=\"7523\">2. Kak\u0161na je razlika med 3-FPM in fenmetrazinom?<\/strong><br data-start=\"7523\" data-end=\"7526\" \/>3-FPM vsebuje <strong data-start=\"7542\" data-end=\"7568\">zamenjava atoma fluora<\/strong>, kar zagotavlja <strong data-start=\"7585\" data-end=\"7629\">spremenjene farmakolo\u0161ke lastnosti<\/strong> v primerjavi s fenmetrazinom.<\/p>\n<p data-start=\"7662\" data-end=\"7834\"><strong data-start=\"7662\" data-end=\"7697\">3. Kako naj se shranjuje?<\/strong><br data-start=\"7697\" data-end=\"7700\" \/>Prihranite pri <strong data-start=\"7714\" data-end=\"7748\">hladnem, suhem in temnem mestu<\/strong>, po mo\u017enosti v <strong data-start=\"7769\" data-end=\"7804\">originalno zaprto embala\u017eo<\/strong> za ohranjanje \u010distosti.<\/p>\n<hr data-start=\"7836\" data-end=\"7839\" \/>\n<h3 data-start=\"7841\" data-end=\"7858\"><strong data-start=\"7845\" data-end=\"7858\">Zaklju\u010dek<\/strong><\/h3>\n<p data-start=\"7859\" data-end=\"8185\">The <strong data-start=\"7862\" data-end=\"7890\">RC+ Fluor 3-FPM 50 mg \u0161katla<\/strong> je <strong data-start=\"7898\" data-end=\"7952\">zanesljiva izbira za laboratorije in raziskovalce<\/strong> ki se ukvarjajo z <strong data-start=\"7978\" data-end=\"8042\">spodbujanje raziskav farmakologije in nevroznanosti<\/strong>Zahvaljujo\u010d <strong data-start=\"8055\" data-end=\"8122\">visoka \u010distost, natan\u010dno odmerjanje in varna embala\u017ea RC+<\/strong> ponuja <strong data-start=\"8133\" data-end=\"8184\">dosledni, ponovljivi rezultati raziskav<\/strong>.<\/p>","protected":false},"excerpt":{"rendered":"<p>Uvod: RC+ Fluor 3-FPM 50mg Box je visoko \u010dista raziskovalna kemikalija iz razreda fenetilamina in stimulansov. Kemi\u010dno znana kot 3-fluorofenmetrazin,<\/p>","protected":false},"featured_media":20535,"comment_status":"closed","ping_status":"closed","template":"","meta":[],"product_brand":[82],"product_cat":[555],"product_tag":[881,606,601,605,326],"class_list":{"0":"post-24192","1":"product","2":"type-product","3":"status-publish","4":"has-post-thumbnail","6":"product_brand-research-chemical","7":"product_cat-b2b","8":"product_tag-3-fpm-kopen","9":"product_tag-3-fluorophenmetrazine","10":"product_tag-3-fpm","11":"product_tag-3fpm","12":"product_tag-nl","14":"first","15":"instock","16":"taxable","17":"shipping-taxable","18":"purchasable","19":"product-type-variable"},"_links":{"self":[{"href":"https:\/\/onderzoekschemicals.com\/sl\/wp-json\/wp\/v2\/product\/24192","targetHints":{"allow":["GET"]}}],"collection":[{"href":"https:\/\/onderzoekschemicals.com\/sl\/wp-json\/wp\/v2\/product"}],"about":[{"href":"https:\/\/onderzoekschemicals.com\/sl\/wp-json\/wp\/v2\/types\/product"}],"replies":[{"embeddable":true,"href":"https:\/\/onderzoekschemicals.com\/sl\/wp-json\/wp\/v2\/comments?post=24192"}],"version-history":[{"count":4,"href":"https:\/\/onderzoekschemicals.com\/sl\/wp-json\/wp\/v2\/product\/24192\/revisions"}],"predecessor-version":[{"id":27845,"href":"https:\/\/onderzoekschemicals.com\/sl\/wp-json\/wp\/v2\/product\/24192\/revisions\/27845"}],"wp:featuredmedia":[{"embeddable":true,"href":"https:\/\/onderzoekschemicals.com\/sl\/wp-json\/wp\/v2\/media\/20535"}],"wp:attachment":[{"href":"https:\/\/onderzoekschemicals.com\/sl\/wp-json\/wp\/v2\/media?parent=24192"}],"wp:term":[{"taxonomy":"product_brand","embeddable":true,"href":"https:\/\/onderzoekschemicals.com\/sl\/wp-json\/wp\/v2\/product_brand?post=24192"},{"taxonomy":"product_cat","embeddable":true,"href":"https:\/\/onderzoekschemicals.com\/sl\/wp-json\/wp\/v2\/product_cat?post=24192"},{"taxonomy":"product_tag","embeddable":true,"href":"https:\/\/onderzoekschemicals.com\/sl\/wp-json\/wp\/v2\/product_tag?post=24192"}],"curies":[{"name":"delovni list","href":"https:\/\/api.w.org\/{rel}","templated":true}]}}