{"id":24140,"date":"2025-04-13T17:41:08","date_gmt":"2025-04-13T17:41:08","guid":{"rendered":"https:\/\/onderzoekschemicals.com\/?post_type=product&#038;p=24140"},"modified":"2025-10-13T10:29:52","modified_gmt":"2025-10-13T10:29:52","slug":"chem-mist-4f-mph-10-spray","status":"publish","type":"product","link":"https:\/\/onderzoekschemicals.com\/sl\/shop\/b2b\/chem-mist-4f-mph-10-spray\/","title":{"rendered":"Kemi\u010dna meglica 4F-MPH 10% sprej"},"content":{"rendered":"<h3 data-start=\"688\" data-end=\"712\"><strong data-start=\"692\" data-end=\"712\">Pregled izdelka<\/strong><\/h3>\n<p data-start=\"713\" data-end=\"1201\">Chem-mist 4F-MPH 10% sprej je <strong data-start=\"747\" data-end=\"793\">natan\u010dno formulirana raziskovalna re\u0161itev<\/strong> od <strong data-start=\"798\" data-end=\"833\">4-fluorometilfenidat (4F-MPH)<\/strong> v koncentraciji 10%. Zasnovan za <strong data-start=\"878\" data-end=\"925\">znanstvene in analiti\u010dne namene<\/strong>, ponuja <strong data-start=\"941\" data-end=\"983\">nadzorovano in dosledno odmerjanje<\/strong> z enostavnim razpr\u0161ilom \u2013 idealno za laboratorije, ki izvajajo farmakolo\u0161ke, receptorske ali absorpcijske \u0161tudije. 4f mph<br data-start=\"1106\" data-end=\"1109\" \/><em data-start=\"1109\" data-end=\"1201\">(Samo za raziskovalne namene \u2013 ni namenjeno za uporabo pri ljudeh ali \u017eivalih.)<\/em><\/p>\n<hr data-start=\"1203\" data-end=\"1206\" \/>\n<h3 data-start=\"1208\" data-end=\"1239\"><strong data-start=\"1212\" data-end=\"1239\">Klju\u010dne lastnosti<\/strong><\/h3>\n<ul data-start=\"1240\" data-end=\"1675\">\n<li data-start=\"1240\" data-end=\"1319\">\n<p data-start=\"1242\" data-end=\"1319\"><strong data-start=\"1242\" data-end=\"1269\">Koncentracija 10% 4F-MPH<\/strong> za natan\u010dne in nadzorovane poskuse<\/p>\n<\/li>\n<li data-start=\"1320\" data-end=\"1382\">\n<p data-start=\"1322\" data-end=\"1382\"><strong data-start=\"1322\" data-end=\"1350\">Pribli\u017eno 14 mg na razpr\u0161ek<\/strong> (ve\u010d kot 70 razpr\u0161kov na stekleni\u010dko)<\/p>\n<\/li>\n<li data-start=\"1383\" data-end=\"1456\">\n<p data-start=\"1385\" data-end=\"1456\"><strong data-start=\"1385\" data-end=\"1417\">Aroma poprove mete \u00bbFresh Focus\u00ab<\/strong> za udobno uporabo v laboratoriju<\/p>\n<\/li>\n<li data-start=\"1457\" data-end=\"1525\">\n<p data-start=\"1459\" data-end=\"1525\"><strong data-start=\"1459\" data-end=\"1486\">Stabilizirana formula<\/strong> z E1520, NaCl in puferskimi komponentami<\/p>\n<\/li>\n<li data-start=\"1526\" data-end=\"1591\">\n<p data-start=\"1528\" data-end=\"1591\"><strong data-start=\"1528\" data-end=\"1554\">Visoka \u010distost (&gt;98%)<\/strong>, potrjeno s testiranjem dobavitelja<\/p>\n<\/li>\n<li data-start=\"1592\" data-end=\"1675\">\n<p data-start=\"1594\" data-end=\"1675\"><strong data-start=\"1594\" data-end=\"1627\">Samo za raziskovalno uporabo<\/strong> \u2013 jasno ozna\u010deno v skladu s predpisi<\/p>\n<\/li>\n<\/ul>\n<hr data-start=\"1677\" data-end=\"1680\" \/>\n<h3 data-start=\"1682\" data-end=\"1699\"><strong data-start=\"1686\" data-end=\"1699\">Prednosti<\/strong><\/h3>\n<p data-start=\"1700\" data-end=\"2020\">\u2705 <strong data-start=\"1702\" data-end=\"1723\">Natan\u010dno odmerjanje<\/strong> \u2013 Dosledna koli\u010dina pr\u0161enja za ponovljive rezultate<br data-start=\"1786\" data-end=\"1789\" \/>\u2705 <strong data-start=\"1791\" data-end=\"1819\">Varna in \u010dista uporaba<\/strong> \u2013 Brez izpostavljenosti prahu ali tveganja kontaminacije<br data-start=\"1868\" data-end=\"1871\" \/>\u2705 <strong data-start=\"1873\" data-end=\"1899\">Izbolj\u0161ana stabilnost<\/strong> \u2013 Dolga obstojnost (do 2 leti) ob pravilnem skladi\u0161\u010denju<br data-start=\"1953\" data-end=\"1956\" \/>\u2705 <strong data-start=\"1958\" data-end=\"1975\">Pripravljeno za uporabo<\/strong> \u2013 Skraj\u0161a \u010das priprave v laboratoriju<\/p>\n<hr data-start=\"2022\" data-end=\"2025\" \/>\n<h3 data-start=\"2027\" data-end=\"2072\"><strong data-start=\"2031\" data-end=\"2072\">Uporaba (samo za raziskovalne namene)<\/strong><\/h3>\n<blockquote data-start=\"2073\" data-end=\"2198\">\n<p data-start=\"2075\" data-end=\"2198\">\u26a0\ufe0f Samo za laboratorijsko uporabo. Ne vdihavajte ali zau\u017eijte. Vedno nosite osebno za\u0161\u010ditno opremo (OZO).<\/p>\n<\/blockquote>\n<ol data-start=\"2200\" data-end=\"2403\">\n<li data-start=\"2200\" data-end=\"2263\">\n<p data-start=\"2203\" data-end=\"2263\">Pred prvo uporabo ne\u017eno pretresite in pripravite pr\u0161ilo.<\/p>\n<\/li>\n<li data-start=\"2264\" data-end=\"2331\">\n<p data-start=\"2267\" data-end=\"2331\">Pr\u0161ite z dolo\u010dene razdalje v skladu z eksperimentalnim protokolom. 4f mph<\/p>\n<\/li>\n<li data-start=\"2332\" data-end=\"2403\">\n<p data-start=\"2335\" data-end=\"2403\">Dobro zaprite in shranite pokonci v <strong data-start=\"2375\" data-end=\"2400\">hladnem, temnem mestu<\/strong>.<\/p>\n<\/li>\n<\/ol>\n<hr data-start=\"2405\" data-end=\"2408\" \/>\n<h3 data-start=\"2410\" data-end=\"2443\"><strong data-start=\"2414\" data-end=\"2443\">Pogosto zastavljena vpra\u0161anja (FAQ)<\/strong><\/h3>\n<p data-start=\"2445\" data-end=\"2533\"><strong data-start=\"2445\" data-end=\"2484\">1. Koliko 4F-MPH vsebuje vsak razpr\u0161ek?<\/strong><br data-start=\"2484\" data-end=\"2487\" \/>Vsak razpr\u0161ek zadostuje za pribli\u017eno <strong data-start=\"2514\" data-end=\"2523\">14 mg<\/strong> 4F-MPH.<\/p>\n<p data-start=\"2535\" data-end=\"2719\"><strong data-start=\"2535\" data-end=\"2589\">2. Ali je ta izdelek primeren za \u010dlove\u0161ko uporabo?<\/strong><br data-start=\"2589\" data-end=\"2592\" \/>Ne \u2013 ta izdelek je <strong data-start=\"2613\" data-end=\"2660\">izklju\u010dno za znanstvene raziskave<\/strong> in ni namenjeno za prehrano ljudi ali \u017eivali.<\/p>\n<p data-start=\"2721\" data-end=\"2856\"><strong data-start=\"2721\" data-end=\"2764\">3. Kako naj se pr\u0161ilo shranjuje?<\/strong><br data-start=\"2764\" data-end=\"2767\" \/>Hranite tesno zaprto, pokonci in stran od neposredne son\u010dne svetlobe, v <strong data-start=\"2830\" data-end=\"2853\">hladnem in suhem mestu<\/strong>.<\/p>","protected":false},"excerpt":{"rendered":"<p>Pregled izdelka Chem-mist 4F-MPH 10% Spray je natan\u010dno formulirana raziskovalna raztopina, ki vsebuje 4-fluorometilfenidat (4F-MPH) v koncentraciji 10%. Zasnovana za znanstvene namene.<\/p>","protected":false},"featured_media":20679,"comment_status":"closed","ping_status":"closed","template":"","meta":[],"product_brand":[],"product_cat":[555],"product_tag":[571,326],"class_list":{"0":"post-24140","1":"product","2":"type-product","3":"status-publish","4":"has-post-thumbnail","6":"product_cat-b2b","7":"product_tag-4f-mph","8":"product_tag-nl","10":"first","11":"instock","12":"taxable","13":"shipping-taxable","14":"purchasable","15":"product-type-variable"},"_links":{"self":[{"href":"https:\/\/onderzoekschemicals.com\/sl\/wp-json\/wp\/v2\/product\/24140","targetHints":{"allow":["GET"]}}],"collection":[{"href":"https:\/\/onderzoekschemicals.com\/sl\/wp-json\/wp\/v2\/product"}],"about":[{"href":"https:\/\/onderzoekschemicals.com\/sl\/wp-json\/wp\/v2\/types\/product"}],"replies":[{"embeddable":true,"href":"https:\/\/onderzoekschemicals.com\/sl\/wp-json\/wp\/v2\/comments?post=24140"}],"version-history":[{"count":4,"href":"https:\/\/onderzoekschemicals.com\/sl\/wp-json\/wp\/v2\/product\/24140\/revisions"}],"predecessor-version":[{"id":27857,"href":"https:\/\/onderzoekschemicals.com\/sl\/wp-json\/wp\/v2\/product\/24140\/revisions\/27857"}],"wp:featuredmedia":[{"embeddable":true,"href":"https:\/\/onderzoekschemicals.com\/sl\/wp-json\/wp\/v2\/media\/20679"}],"wp:attachment":[{"href":"https:\/\/onderzoekschemicals.com\/sl\/wp-json\/wp\/v2\/media?parent=24140"}],"wp:term":[{"taxonomy":"product_brand","embeddable":true,"href":"https:\/\/onderzoekschemicals.com\/sl\/wp-json\/wp\/v2\/product_brand?post=24140"},{"taxonomy":"product_cat","embeddable":true,"href":"https:\/\/onderzoekschemicals.com\/sl\/wp-json\/wp\/v2\/product_cat?post=24140"},{"taxonomy":"product_tag","embeddable":true,"href":"https:\/\/onderzoekschemicals.com\/sl\/wp-json\/wp\/v2\/product_tag?post=24140"}],"curies":[{"name":"delovni list","href":"https:\/\/api.w.org\/{rel}","templated":true}]}}